{"id":1000263,"date":"2019-11-18T10:23:13","date_gmt":"2019-11-18T09:23:13","guid":{"rendered":"https:\/\/testdo.aimcontrollers.com\/?page_id=1000263"},"modified":"2022-11-28T10:27:35","modified_gmt":"2022-11-28T09:27:35","slug":"schick-deinen-xbox-one-controller","status":"publish","type":"page","link":"https:\/\/eu.aimcontrollers.com\/de\/schick-deinen-xbox-one-controller\/","title":{"rendered":"Schick deinen xbox one controller"},"content":{"rendered":"<p style=\"text-align: center;\">\u00a0<\/p>\n<p style=\"text-align: center;\">\u00a0<\/p>\n<p style=\"text-align: center;\">\u00a0<\/p>\n<p style=\"text-align: center;\">Sie haben den Bereich SEND-IN betreten.<br \/>Diese Option ist auf unserer Website nicht mehr verf\u00fcgbar, und wir werden die an uns gesendeten Controller nicht modifizieren.<br \/>Bitte beachten Sie, dass diese Option dauerhaft deaktiviert ist und alle Bestellungen nicht bearbeitet werden.<br \/>Wir entschuldigen uns f\u00fcr etwaige Unannehmlichkeiten, die dadurch entstehen k\u00f6nnen.<br \/>Wenn Sie eine Bestellung auf unserer Website aufgeben m\u00f6chten, schauen Sie sich bitte unseren Konfigurator an, mit dem Sie Ihr neues Controller vollst\u00e4ndig personalisieren k\u00f6nnen.<\/p>\n<p style=\"text-align: center;\"><strong><a href=\"https:\/\/eu.aimcontrollers.com\/de\/xbox-konfigurator\/\">So einfach ist das! Klicken Sie hier, um einen NEUEN &amp; vollst\u00e4ndig personalisierten AimController zu erstellen.<\/a><\/strong><\/p>\n<p style=\"text-align: center;\">\u00a0<\/p>\n<p style=\"text-align: center;\">\u00a0<\/p>\n<p style=\"text-align: center;\">\u00a0<\/p>\n","protected":false},"excerpt":{"rendered":"<p>\u00a0 \u00a0 \u00a0 Sie haben den Bereich SEND-IN betreten.Diese Option ist auf unserer Website nicht mehr verf\u00fcgbar, und wir werden die an uns gesendeten Controller nicht modifizieren.Bitte beachten Sie, dass diese Option dauerhaft deaktiviert ist und alle Bestellungen nicht bearbeitet werden.Wir entschuldigen uns f\u00fcr etwaige Unannehmlichkeiten, die dadurch entstehen k\u00f6nnen.Wenn Sie eine Bestellung auf unserer [&#8230;]\n","protected":false},"author":1,"featured_media":0,"parent":0,"menu_order":0,"comment_status":"closed","ping_status":"closed","template":"page-blank.php","meta":{"_acf_changed":false,"inline_featured_image":false,"footnotes":""},"misspellings":[],"class_list":["post-1000263","page","type-page","status-publish","hentry"],"acf":[],"yoast_head":"<!-- This site is optimized with the Yoast SEO Premium plugin v22.4 (Yoast SEO v27.2) - https:\/\/yoast.com\/product\/yoast-seo-premium-wordpress\/ -->\n<title>Schick Deinen Xbox Controller Ein - Modifikationen Eigener Xbox Controller - Aimcontrollers<\/title>\n<meta name=\"description\" content=\"Senden Sie Ihren eigenen Xbox Controller. Nutzen Sie unseren speziellen Konfigurator und erstellen Sie Ihr eigenes Design. Der Effekt wird spektakul\u00e4r sein.\" \/>\n<meta name=\"robots\" content=\"index, follow, max-snippet:-1, max-image-preview:large, max-video-preview:-1\" \/>\n<link rel=\"canonical\" href=\"https:\/\/eu.aimcontrollers.com\/de\/schick-deinen-xbox-one-controller\/\" \/>\n<meta property=\"og:locale\" content=\"de_DE\" \/>\n<meta property=\"og:type\" content=\"article\" \/>\n<meta property=\"og:title\" content=\"Schick deinen xbox one controller\" \/>\n<meta property=\"og:description\" content=\"Senden Sie Ihren eigenen Xbox Controller. Nutzen Sie unseren speziellen Konfigurator und erstellen Sie Ihr eigenes Design. Der Effekt wird spektakul\u00e4r sein.\" \/>\n<meta property=\"og:url\" content=\"https:\/\/eu.aimcontrollers.com\/de\/schick-deinen-xbox-one-controller\/\" \/>\n<meta property=\"og:site_name\" content=\"Aimcontrollers\" \/>\n<meta property=\"article:publisher\" content=\"http:\/\/www.facebook.com\/aimcontrollers\" \/>\n<meta property=\"article:modified_time\" content=\"2022-11-28T09:27:35+00:00\" \/>\n<meta name=\"twitter:card\" content=\"summary_large_image\" \/>\n<meta name=\"twitter:site\" content=\"@AimControllerss\" \/>\n<script type=\"application\/ld+json\" class=\"yoast-schema-graph\">{\"@context\":\"https:\/\/schema.org\",\"@graph\":[{\"@type\":\"WebPage\",\"@id\":\"https:\/\/eu.aimcontrollers.com\/de\/schick-deinen-xbox-one-controller\/\",\"url\":\"https:\/\/eu.aimcontrollers.com\/de\/schick-deinen-xbox-one-controller\/\",\"name\":\"Schick Deinen Xbox Controller Ein - Modifikationen Eigener Xbox Controller - Aimcontrollers\",\"isPartOf\":{\"@id\":\"https:\/\/eu.aimcontrollers.com\/de\/#website\"},\"datePublished\":\"2019-11-18T09:23:13+00:00\",\"dateModified\":\"2022-11-28T09:27:35+00:00\",\"description\":\"Senden Sie Ihren eigenen Xbox Controller. Nutzen Sie unseren speziellen Konfigurator und erstellen Sie Ihr eigenes Design. Der Effekt wird spektakul\u00e4r sein.\",\"breadcrumb\":{\"@id\":\"https:\/\/eu.aimcontrollers.com\/de\/schick-deinen-xbox-one-controller\/#breadcrumb\"},\"inLanguage\":\"de\",\"potentialAction\":[{\"@type\":\"ReadAction\",\"target\":[\"https:\/\/eu.aimcontrollers.com\/de\/schick-deinen-xbox-one-controller\/\"]}]},{\"@type\":\"BreadcrumbList\",\"@id\":\"https:\/\/eu.aimcontrollers.com\/de\/schick-deinen-xbox-one-controller\/#breadcrumb\",\"itemListElement\":[{\"@type\":\"ListItem\",\"position\":1,\"name\":\"Home\",\"item\":\"https:\/\/eu.aimcontrollers.com\/de\/\"},{\"@type\":\"ListItem\",\"position\":2,\"name\":\"Schick deinen xbox one controller\"}]},{\"@type\":\"WebSite\",\"@id\":\"https:\/\/eu.aimcontrollers.com\/de\/#website\",\"url\":\"https:\/\/eu.aimcontrollers.com\/de\/\",\"name\":\"AimControllers - The most affordable competitive controllers for Xbox, PlayStation and PC\",\"description\":\"Eine der gr\u00f6\u00dften Marken, die vollst\u00e4ndig anpassbare und originelle Controller anbietet.\",\"publisher\":{\"@id\":\"https:\/\/eu.aimcontrollers.com\/de\/#organization\"},\"potentialAction\":[{\"@type\":\"SearchAction\",\"target\":{\"@type\":\"EntryPoint\",\"urlTemplate\":\"https:\/\/eu.aimcontrollers.com\/de\/?s={search_term_string}\"},\"query-input\":{\"@type\":\"PropertyValueSpecification\",\"valueRequired\":true,\"valueName\":\"search_term_string\"}}],\"inLanguage\":\"de\"},{\"@type\":\"Organization\",\"@id\":\"https:\/\/eu.aimcontrollers.com\/de\/#organization\",\"name\":\"Aimcontrollers\",\"url\":\"https:\/\/eu.aimcontrollers.com\/de\/\",\"logo\":{\"@type\":\"ImageObject\",\"inLanguage\":\"de\",\"@id\":\"https:\/\/eu.aimcontrollers.com\/de\/#\/schema\/logo\/image\/\",\"url\":\"\",\"contentUrl\":\"\",\"caption\":\"Aimcontrollers\"},\"image\":{\"@id\":\"https:\/\/eu.aimcontrollers.com\/de\/#\/schema\/logo\/image\/\"},\"sameAs\":[\"http:\/\/www.facebook.com\/aimcontrollers\",\"https:\/\/x.com\/AimControllerss\",\"https:\/\/instagram.com\/aimcontrollers\/\",\"https:\/\/www.youtube.com\/user\/aimcontrollerspl\/videos\"]}]}<\/script>\n<!-- \/ Yoast SEO Premium plugin. -->","yoast_head_json":{"title":"Schick Deinen Xbox Controller Ein - Modifikationen Eigener Xbox Controller - Aimcontrollers","description":"Senden Sie Ihren eigenen Xbox Controller. Nutzen Sie unseren speziellen Konfigurator und erstellen Sie Ihr eigenes Design. Der Effekt wird spektakul\u00e4r sein.","robots":{"index":"index","follow":"follow","max-snippet":"max-snippet:-1","max-image-preview":"max-image-preview:large","max-video-preview":"max-video-preview:-1"},"canonical":"https:\/\/eu.aimcontrollers.com\/de\/schick-deinen-xbox-one-controller\/","og_locale":"de_DE","og_type":"article","og_title":"Schick deinen xbox one controller","og_description":"Senden Sie Ihren eigenen Xbox Controller. Nutzen Sie unseren speziellen Konfigurator und erstellen Sie Ihr eigenes Design. Der Effekt wird spektakul\u00e4r sein.","og_url":"https:\/\/eu.aimcontrollers.com\/de\/schick-deinen-xbox-one-controller\/","og_site_name":"Aimcontrollers","article_publisher":"http:\/\/www.facebook.com\/aimcontrollers","article_modified_time":"2022-11-28T09:27:35+00:00","twitter_card":"summary_large_image","twitter_site":"@AimControllerss","schema":{"@context":"https:\/\/schema.org","@graph":[{"@type":"WebPage","@id":"https:\/\/eu.aimcontrollers.com\/de\/schick-deinen-xbox-one-controller\/","url":"https:\/\/eu.aimcontrollers.com\/de\/schick-deinen-xbox-one-controller\/","name":"Schick Deinen Xbox Controller Ein - Modifikationen Eigener Xbox Controller - Aimcontrollers","isPartOf":{"@id":"https:\/\/eu.aimcontrollers.com\/de\/#website"},"datePublished":"2019-11-18T09:23:13+00:00","dateModified":"2022-11-28T09:27:35+00:00","description":"Senden Sie Ihren eigenen Xbox Controller. Nutzen Sie unseren speziellen Konfigurator und erstellen Sie Ihr eigenes Design. Der Effekt wird spektakul\u00e4r sein.","breadcrumb":{"@id":"https:\/\/eu.aimcontrollers.com\/de\/schick-deinen-xbox-one-controller\/#breadcrumb"},"inLanguage":"de","potentialAction":[{"@type":"ReadAction","target":["https:\/\/eu.aimcontrollers.com\/de\/schick-deinen-xbox-one-controller\/"]}]},{"@type":"BreadcrumbList","@id":"https:\/\/eu.aimcontrollers.com\/de\/schick-deinen-xbox-one-controller\/#breadcrumb","itemListElement":[{"@type":"ListItem","position":1,"name":"Home","item":"https:\/\/eu.aimcontrollers.com\/de\/"},{"@type":"ListItem","position":2,"name":"Schick deinen xbox one controller"}]},{"@type":"WebSite","@id":"https:\/\/eu.aimcontrollers.com\/de\/#website","url":"https:\/\/eu.aimcontrollers.com\/de\/","name":"AimControllers - The most affordable competitive controllers for Xbox, PlayStation and PC","description":"Eine der gr\u00f6\u00dften Marken, die vollst\u00e4ndig anpassbare und originelle Controller anbietet.","publisher":{"@id":"https:\/\/eu.aimcontrollers.com\/de\/#organization"},"potentialAction":[{"@type":"SearchAction","target":{"@type":"EntryPoint","urlTemplate":"https:\/\/eu.aimcontrollers.com\/de\/?s={search_term_string}"},"query-input":{"@type":"PropertyValueSpecification","valueRequired":true,"valueName":"search_term_string"}}],"inLanguage":"de"},{"@type":"Organization","@id":"https:\/\/eu.aimcontrollers.com\/de\/#organization","name":"Aimcontrollers","url":"https:\/\/eu.aimcontrollers.com\/de\/","logo":{"@type":"ImageObject","inLanguage":"de","@id":"https:\/\/eu.aimcontrollers.com\/de\/#\/schema\/logo\/image\/","url":"","contentUrl":"","caption":"Aimcontrollers"},"image":{"@id":"https:\/\/eu.aimcontrollers.com\/de\/#\/schema\/logo\/image\/"},"sameAs":["http:\/\/www.facebook.com\/aimcontrollers","https:\/\/x.com\/AimControllerss","https:\/\/instagram.com\/aimcontrollers\/","https:\/\/www.youtube.com\/user\/aimcontrollerspl\/videos"]}]}},"_links":{"self":[{"href":"https:\/\/eu.aimcontrollers.com\/de\/wp-json\/wp\/v2\/pages\/1000263","targetHints":{"allow":["GET"]}}],"collection":[{"href":"https:\/\/eu.aimcontrollers.com\/de\/wp-json\/wp\/v2\/pages"}],"about":[{"href":"https:\/\/eu.aimcontrollers.com\/de\/wp-json\/wp\/v2\/types\/page"}],"author":[{"embeddable":true,"href":"https:\/\/eu.aimcontrollers.com\/de\/wp-json\/wp\/v2\/users\/1"}],"replies":[{"embeddable":true,"href":"https:\/\/eu.aimcontrollers.com\/de\/wp-json\/wp\/v2\/comments?post=1000263"}],"version-history":[{"count":6,"href":"https:\/\/eu.aimcontrollers.com\/de\/wp-json\/wp\/v2\/pages\/1000263\/revisions"}],"predecessor-version":[{"id":1279852,"href":"https:\/\/eu.aimcontrollers.com\/de\/wp-json\/wp\/v2\/pages\/1000263\/revisions\/1279852"}],"wp:attachment":[{"href":"https:\/\/eu.aimcontrollers.com\/de\/wp-json\/wp\/v2\/media?parent=1000263"}],"wp:term":[{"taxonomy":"misspellings","embeddable":true,"href":"https:\/\/eu.aimcontrollers.com\/de\/wp-json\/wp\/v2\/misspellings?post=1000263"}],"curies":[{"name":"wp","href":"https:\/\/api.w.org\/{rel}","templated":true}]}}