{"id":1000287,"date":"2019-11-18T11:37:04","date_gmt":"2019-11-18T10:37:04","guid":{"rendered":"https:\/\/testdo.aimcontrollers.com\/?page_id=1000287"},"modified":"2026-04-10T08:38:38","modified_gmt":"2026-04-10T06:38:38","slug":"bestellen","status":"publish","type":"page","link":"https:\/\/eu.aimcontrollers.com\/de\/bestellen\/","title":{"rendered":"Bestellen"},"content":{"rendered":"\t<div class=\"img has-hover hide-for-small x md-x lg-x y md-y lg-y\" id=\"image_1588288226\">\n\t\t\t\t\t\t\t\t<div class=\"img-inner dark\" >\n\t\t\t<img loading=\"lazy\" decoding=\"async\" width=\"1920\" height=\"50\" src=\"https:\/\/eu.aimcontrollers.com\/wp-content\/uploads\/2026\/04\/Basket-Bar-EU.jpg\" class=\"attachment-original size-original\" alt=\"\" srcset=\"https:\/\/eu.aimcontrollers.com\/wp-content\/uploads\/2026\/04\/Basket-Bar-EU.jpg 1920w, https:\/\/eu.aimcontrollers.com\/wp-content\/uploads\/2026\/04\/Basket-Bar-EU-800x21.jpg 800w, https:\/\/eu.aimcontrollers.com\/wp-content\/uploads\/2026\/04\/Basket-Bar-EU-1400x36.jpg 1400w, https:\/\/eu.aimcontrollers.com\/wp-content\/uploads\/2026\/04\/Basket-Bar-EU-768x20.jpg 768w, https:\/\/eu.aimcontrollers.com\/wp-content\/uploads\/2026\/04\/Basket-Bar-EU-1536x40.jpg 1536w, https:\/\/eu.aimcontrollers.com\/wp-content\/uploads\/2026\/04\/Basket-Bar-EU-360x9.jpg 360w, https:\/\/eu.aimcontrollers.com\/wp-content\/uploads\/2026\/04\/Basket-Bar-EU-500x13.jpg 500w\" sizes=\"auto, (max-width: 1920px) 100vw, 1920px\" \/>\t\t\t\t\t\t\n\t\t\t\t\t<\/div>\n\t\t\t\t\t\t\t\t\n<style>\n#image_1588288226 {\n  width: 100%;\n}\n<\/style>\n\t<\/div>\n\t\r\n\t<div class=\"img has-hover show-for-small x md-x lg-x y md-y lg-y\" id=\"image_1074107822\">\n\t\t\t\t\t\t\t\t<div class=\"img-inner dark\" >\n\t\t\t<img loading=\"lazy\" decoding=\"async\" width=\"1080\" height=\"100\" src=\"https:\/\/eu.aimcontrollers.com\/wp-content\/uploads\/2026\/04\/Basket-Bar-mobile-EU.jpg\" class=\"attachment-original size-original\" alt=\"\" srcset=\"https:\/\/eu.aimcontrollers.com\/wp-content\/uploads\/2026\/04\/Basket-Bar-mobile-EU.jpg 1080w, https:\/\/eu.aimcontrollers.com\/wp-content\/uploads\/2026\/04\/Basket-Bar-mobile-EU-800x74.jpg 800w, https:\/\/eu.aimcontrollers.com\/wp-content\/uploads\/2026\/04\/Basket-Bar-mobile-EU-768x71.jpg 768w, https:\/\/eu.aimcontrollers.com\/wp-content\/uploads\/2026\/04\/Basket-Bar-mobile-EU-360x33.jpg 360w, https:\/\/eu.aimcontrollers.com\/wp-content\/uploads\/2026\/04\/Basket-Bar-mobile-EU-500x46.jpg 500w\" sizes=\"auto, (max-width: 1080px) 100vw, 1080px\" \/>\t\t\t\t\t\t\n\t\t\t\t\t<\/div>\n\t\t\t\t\t\t\t\t\n<style>\n#image_1074107822 {\n  width: 100%;\n}\n<\/style>\n\t<\/div>\n\t\r\n <style>\r\n.warranty-info-text {\r\n  font-weight: 500;\r\n}\r\n\r\ndiv.jquery-modal {\r\n  position: fixed !important; \/* Stay in place *\/\r\n  z-index: 1 !important; \/* Sit on top *\/\r\n  padding-top: 100px !important; \/* Location of the box *\/\r\n  left: 0 !important;\r\n  top: 0 !important;\r\n  width: 100% !important; \/* Full width *\/\r\n  height: 100% !important; \/* Full height *\/\r\n  overflow: auto !important; \/* Enable scroll if needed *\/\r\n  background-color: rgb(0,0,0) !important; \/* Fallback color *\/\r\n  background-color: rgba(0,0,0,0.4) !important; \/* Black w\/ opacity *\/\r\n}\r\n.modal{\r\ndisplay:none;\r\n}\r\n\r\n@media screen and (min-width: 768px) {\r\n  .modal {\r\n  max-width: 60%!important; \/* Default to 60% for larger devices *\/\r\n  }\r\n}\r\n\r\n@media screen and (max-width: 768px) {\r\n  .modal {\r\n    max-width: 90%; \/* 90% for screens smaller than 768px *\/\r\n  }\r\n#compare {\r\n  display: block;\r\n  overflow-x: auto;\r\n  white-space: nowrap;\r\n}\r\n}\r\n\r\n\r\n<\/style> \r\n<p>&nbsp;<\/p>\r\n<div class=\"woocommerce\"><\/div>\n<!-- Modal HTML embedded directly into document -->\r\n<div id=\"ex1\" class=\"modal\">\r\n<h1 style=\"text-align: center;\">Warum sollten Sie eine Extra-Garantie erwerben?<\/h1>\r\n<p><span style=\"font-weight: 400;\">Sind Sie bereit, Ihr Controller-Spiel aufzur\u00fcsten? Lassen Sie uns \u00fcber den Schutz Ihrer Ausr\u00fcstung sprechen, bevor Sie <\/span><span style=\"font-weight: 400;\">bevor Sie zur Tat schreiten. Extra-Garantien sind nicht nur zur Show &#8211; sie sind Ihre Geheimwaffe gegen <\/span><span style=\"font-weight: 400;\">unerwarteten Controller-Sch\u00e4den. <\/span><span style=\"font-weight: 400;\">Hier die wichtigsten Informationen zu unseren vier Garantieoptionen.<\/span><\/p>\r\n<div class=\"text-center\"><div class=\"is-divider divider clearfix\" style=\"max-width:1230px;\"><\/div><\/div> \r\n<table id=\"compare\" border=\"1\"><caption>\u00a0<\/caption>\r\n<thead>\r\n<tr>\r\n<th>Garantie Plan<\/th>\r\n<th>Dauer<\/th>\r\n<th>Produkt typ<\/th>\r\n<th>Preis<\/th>\r\n<th>Was ist abgedeckt?<\/th>\r\n<\/tr>\r\n<\/thead>\r\n<tbody>\r\n<tr>\r\n<td>Unfallgeschehen Versicherung (AimVersicherung)<\/td>\r\n<td>24 Monate<\/td>\r\n<td>PS5, PS4, Xbox Controller<\/td>\r\n<td><b>45\u20ac<\/b><\/td>\r\n<td>Unbeabsichtigte Sch\u00e4den eingeschlossen. <b>STICK DRIFT INBEGRIFFEN <\/b><\/td>\r\n<\/tr>\r\n<tr>\r\n<td>Unfallgeschehen Versicherung (AimVersicherung)<\/td>\r\n<td>60 Monate<\/td>\r\n<td>PS5, PS4, Xbox Controller<\/td>\r\n<td><b>65\u20ac<\/b><\/td>\r\n<td>Unbeabsichtigte Sch\u00e4den eingeschlossen. <strong>STICK DRIFT INBEGRIFFEN<\/strong><\/td>\r\n<\/tr>\r\n<\/tbody>\r\n<\/table>\r\n <div class=\"text-center\"><div class=\"is-divider divider clearfix\" style=\"max-width:1230px;\"><\/div><\/div>\r\n<h3>F\u00fcr welchen Plan sollten Sie sich entscheiden?<\/h3>\r\n<p>Hier kommt unser Scoop. Unsere <strong>AimVersicherung<\/strong> ist hier, um den Tag f\u00fcr alle PS5-Spieler da drau\u00dfen zu retten, die sich \u00fcber Analogstick-Drift und dergleichen Sorgen machen. Sie h\u00e4lt euch <strong>bis zu 36 Monate lang<\/strong> den R\u00fccken frei, wenn es um analoge Probleme geht. <br \/>Wenn du im Spiel und im echten Leben verr\u00fcckte Stunts vollf\u00fchrst, solltest du unsere <strong>AimVersicherung Pl\u00e4ne<\/strong> in Anspruch nehmen. Die AimVersicherung Pl\u00e4ne f\u00fcr <strong>PS5-, PS4- und Xbox-Controller<\/strong> decken alles ab, von versehentlichen Wassersch\u00e4den bis hin zu Momenten, in denen der Controller herunterf\u00e4llt. <br \/>Und was ist f\u00fcr den echten MVP? <strong>Der Unfallgeschehen Versicherung<\/strong> (AimVersicherung) Lebenslang Plan. Lebenslanger Versicherungsschutz f\u00fcr all die epischen Gaming-Sessions, die noch kommen werden.<\/p>\r\n<p><strong>HINWEIS:<\/strong> Vergiss nicht, dass die Uhr f\u00fcr deine Garantie zu ticken beginnt, wenn dein Bestellstatus &#8220;abgeschlossen&#8221; lautet. Und noch etwas: Jeder Plan ist ein einmaliges Angebot, also w\u00e4hle weise, Champion.<\/p>\r\n<\/div>","protected":false},"excerpt":{"rendered":"<p>&nbsp; Warum sollten Sie eine Extra-Garantie erwerben? Sind Sie bereit, Ihr Controller-Spiel aufzur\u00fcsten? Lassen Sie uns \u00fcber den Schutz Ihrer Ausr\u00fcstung sprechen, bevor Sie bevor Sie zur Tat schreiten. Extra-Garantien sind nicht nur zur Show &#8211; sie sind Ihre Geheimwaffe gegen unerwarteten Controller-Sch\u00e4den. Hier die wichtigsten Informationen zu unseren vier Garantieoptionen. F\u00fcr welchen Plan sollten [&#8230;]\n","protected":false},"author":1,"featured_media":0,"parent":0,"menu_order":0,"comment_status":"closed","ping_status":"closed","template":"","meta":{"_acf_changed":false,"inline_featured_image":false,"footnotes":""},"misspellings":[],"class_list":["post-1000287","page","type-page","status-publish","hentry"],"acf":[],"yoast_head":"<!-- This site is optimized with the Yoast SEO Premium plugin v22.4 (Yoast SEO v27.2) - https:\/\/yoast.com\/product\/yoast-seo-premium-wordpress\/ -->\n<title>Bestellen - Aimcontrollers<\/title>\n<meta name=\"robots\" content=\"index, follow, max-snippet:-1, max-image-preview:large, max-video-preview:-1\" \/>\n<link rel=\"canonical\" href=\"https:\/\/eu.aimcontrollers.com\/de\/bestellen\/\" \/>\n<meta property=\"og:locale\" content=\"de_DE\" \/>\n<meta property=\"og:type\" content=\"article\" \/>\n<meta property=\"og:title\" content=\"Bestellen\" \/>\n<meta property=\"og:description\" content=\"&nbsp; Warum sollten Sie eine Extra-Garantie erwerben? Sind Sie bereit, Ihr Controller-Spiel aufzur\u00fcsten? Lassen Sie uns \u00fcber den Schutz Ihrer Ausr\u00fcstung sprechen, bevor Sie bevor Sie zur Tat schreiten. Extra-Garantien sind nicht nur zur Show &#8211; sie sind Ihre Geheimwaffe gegen unerwarteten Controller-Sch\u00e4den. Hier die wichtigsten Informationen zu unseren vier Garantieoptionen. F\u00fcr welchen Plan sollten [...]\" \/>\n<meta property=\"og:url\" content=\"https:\/\/eu.aimcontrollers.com\/de\/bestellen\/\" \/>\n<meta property=\"og:site_name\" content=\"Aimcontrollers\" \/>\n<meta property=\"article:publisher\" content=\"http:\/\/www.facebook.com\/aimcontrollers\" \/>\n<meta property=\"article:modified_time\" content=\"2026-04-10T06:38:38+00:00\" \/>\n<meta name=\"twitter:card\" content=\"summary_large_image\" \/>\n<meta name=\"twitter:site\" content=\"@AimControllerss\" \/>\n<meta name=\"twitter:label1\" content=\"Gesch\u00e4tzte Lesezeit\" \/>\n\t<meta name=\"twitter:data1\" content=\"2\u00a0Minuten\" \/>\n<script type=\"application\/ld+json\" class=\"yoast-schema-graph\">{\"@context\":\"https:\/\/schema.org\",\"@graph\":[{\"@type\":\"WebPage\",\"@id\":\"https:\/\/eu.aimcontrollers.com\/de\/bestellen\/\",\"url\":\"https:\/\/eu.aimcontrollers.com\/de\/bestellen\/\",\"name\":\"Bestellen - Aimcontrollers\",\"isPartOf\":{\"@id\":\"https:\/\/eu.aimcontrollers.com\/de\/#website\"},\"datePublished\":\"2019-11-18T10:37:04+00:00\",\"dateModified\":\"2026-04-10T06:38:38+00:00\",\"breadcrumb\":{\"@id\":\"https:\/\/eu.aimcontrollers.com\/de\/bestellen\/#breadcrumb\"},\"inLanguage\":\"de\",\"potentialAction\":[{\"@type\":\"ReadAction\",\"target\":[\"https:\/\/eu.aimcontrollers.com\/de\/bestellen\/\"]}]},{\"@type\":\"BreadcrumbList\",\"@id\":\"https:\/\/eu.aimcontrollers.com\/de\/bestellen\/#breadcrumb\",\"itemListElement\":[{\"@type\":\"ListItem\",\"position\":1,\"name\":\"Home\",\"item\":\"https:\/\/eu.aimcontrollers.com\/de\/\"},{\"@type\":\"ListItem\",\"position\":2,\"name\":\"Bestellen\"}]},{\"@type\":\"WebSite\",\"@id\":\"https:\/\/eu.aimcontrollers.com\/de\/#website\",\"url\":\"https:\/\/eu.aimcontrollers.com\/de\/\",\"name\":\"AimControllers - The most affordable competitive controllers for Xbox, PlayStation and PC\",\"description\":\"Eine der gr\u00f6\u00dften Marken, die vollst\u00e4ndig anpassbare und originelle Controller anbietet.\",\"publisher\":{\"@id\":\"https:\/\/eu.aimcontrollers.com\/de\/#organization\"},\"potentialAction\":[{\"@type\":\"SearchAction\",\"target\":{\"@type\":\"EntryPoint\",\"urlTemplate\":\"https:\/\/eu.aimcontrollers.com\/de\/?s={search_term_string}\"},\"query-input\":{\"@type\":\"PropertyValueSpecification\",\"valueRequired\":true,\"valueName\":\"search_term_string\"}}],\"inLanguage\":\"de\"},{\"@type\":\"Organization\",\"@id\":\"https:\/\/eu.aimcontrollers.com\/de\/#organization\",\"name\":\"Aimcontrollers\",\"url\":\"https:\/\/eu.aimcontrollers.com\/de\/\",\"logo\":{\"@type\":\"ImageObject\",\"inLanguage\":\"de\",\"@id\":\"https:\/\/eu.aimcontrollers.com\/de\/#\/schema\/logo\/image\/\",\"url\":\"\",\"contentUrl\":\"\",\"caption\":\"Aimcontrollers\"},\"image\":{\"@id\":\"https:\/\/eu.aimcontrollers.com\/de\/#\/schema\/logo\/image\/\"},\"sameAs\":[\"http:\/\/www.facebook.com\/aimcontrollers\",\"https:\/\/x.com\/AimControllerss\",\"https:\/\/instagram.com\/aimcontrollers\/\",\"https:\/\/www.youtube.com\/user\/aimcontrollerspl\/videos\"]}]}<\/script>\n<!-- \/ Yoast SEO Premium plugin. -->","yoast_head_json":{"title":"Bestellen - Aimcontrollers","robots":{"index":"index","follow":"follow","max-snippet":"max-snippet:-1","max-image-preview":"max-image-preview:large","max-video-preview":"max-video-preview:-1"},"canonical":"https:\/\/eu.aimcontrollers.com\/de\/bestellen\/","og_locale":"de_DE","og_type":"article","og_title":"Bestellen","og_description":"&nbsp; Warum sollten Sie eine Extra-Garantie erwerben? Sind Sie bereit, Ihr Controller-Spiel aufzur\u00fcsten? Lassen Sie uns \u00fcber den Schutz Ihrer Ausr\u00fcstung sprechen, bevor Sie bevor Sie zur Tat schreiten. Extra-Garantien sind nicht nur zur Show &#8211; sie sind Ihre Geheimwaffe gegen unerwarteten Controller-Sch\u00e4den. Hier die wichtigsten Informationen zu unseren vier Garantieoptionen. F\u00fcr welchen Plan sollten [...]","og_url":"https:\/\/eu.aimcontrollers.com\/de\/bestellen\/","og_site_name":"Aimcontrollers","article_publisher":"http:\/\/www.facebook.com\/aimcontrollers","article_modified_time":"2026-04-10T06:38:38+00:00","twitter_card":"summary_large_image","twitter_site":"@AimControllerss","twitter_misc":{"Gesch\u00e4tzte Lesezeit":"2\u00a0Minuten"},"schema":{"@context":"https:\/\/schema.org","@graph":[{"@type":"WebPage","@id":"https:\/\/eu.aimcontrollers.com\/de\/bestellen\/","url":"https:\/\/eu.aimcontrollers.com\/de\/bestellen\/","name":"Bestellen - Aimcontrollers","isPartOf":{"@id":"https:\/\/eu.aimcontrollers.com\/de\/#website"},"datePublished":"2019-11-18T10:37:04+00:00","dateModified":"2026-04-10T06:38:38+00:00","breadcrumb":{"@id":"https:\/\/eu.aimcontrollers.com\/de\/bestellen\/#breadcrumb"},"inLanguage":"de","potentialAction":[{"@type":"ReadAction","target":["https:\/\/eu.aimcontrollers.com\/de\/bestellen\/"]}]},{"@type":"BreadcrumbList","@id":"https:\/\/eu.aimcontrollers.com\/de\/bestellen\/#breadcrumb","itemListElement":[{"@type":"ListItem","position":1,"name":"Home","item":"https:\/\/eu.aimcontrollers.com\/de\/"},{"@type":"ListItem","position":2,"name":"Bestellen"}]},{"@type":"WebSite","@id":"https:\/\/eu.aimcontrollers.com\/de\/#website","url":"https:\/\/eu.aimcontrollers.com\/de\/","name":"AimControllers - The most affordable competitive controllers for Xbox, PlayStation and PC","description":"Eine der gr\u00f6\u00dften Marken, die vollst\u00e4ndig anpassbare und originelle Controller anbietet.","publisher":{"@id":"https:\/\/eu.aimcontrollers.com\/de\/#organization"},"potentialAction":[{"@type":"SearchAction","target":{"@type":"EntryPoint","urlTemplate":"https:\/\/eu.aimcontrollers.com\/de\/?s={search_term_string}"},"query-input":{"@type":"PropertyValueSpecification","valueRequired":true,"valueName":"search_term_string"}}],"inLanguage":"de"},{"@type":"Organization","@id":"https:\/\/eu.aimcontrollers.com\/de\/#organization","name":"Aimcontrollers","url":"https:\/\/eu.aimcontrollers.com\/de\/","logo":{"@type":"ImageObject","inLanguage":"de","@id":"https:\/\/eu.aimcontrollers.com\/de\/#\/schema\/logo\/image\/","url":"","contentUrl":"","caption":"Aimcontrollers"},"image":{"@id":"https:\/\/eu.aimcontrollers.com\/de\/#\/schema\/logo\/image\/"},"sameAs":["http:\/\/www.facebook.com\/aimcontrollers","https:\/\/x.com\/AimControllerss","https:\/\/instagram.com\/aimcontrollers\/","https:\/\/www.youtube.com\/user\/aimcontrollerspl\/videos"]}]}},"_links":{"self":[{"href":"https:\/\/eu.aimcontrollers.com\/de\/wp-json\/wp\/v2\/pages\/1000287","targetHints":{"allow":["GET"]}}],"collection":[{"href":"https:\/\/eu.aimcontrollers.com\/de\/wp-json\/wp\/v2\/pages"}],"about":[{"href":"https:\/\/eu.aimcontrollers.com\/de\/wp-json\/wp\/v2\/types\/page"}],"author":[{"embeddable":true,"href":"https:\/\/eu.aimcontrollers.com\/de\/wp-json\/wp\/v2\/users\/1"}],"replies":[{"embeddable":true,"href":"https:\/\/eu.aimcontrollers.com\/de\/wp-json\/wp\/v2\/comments?post=1000287"}],"version-history":[{"count":18,"href":"https:\/\/eu.aimcontrollers.com\/de\/wp-json\/wp\/v2\/pages\/1000287\/revisions"}],"predecessor-version":[{"id":1436334,"href":"https:\/\/eu.aimcontrollers.com\/de\/wp-json\/wp\/v2\/pages\/1000287\/revisions\/1436334"}],"wp:attachment":[{"href":"https:\/\/eu.aimcontrollers.com\/de\/wp-json\/wp\/v2\/media?parent=1000287"}],"wp:term":[{"taxonomy":"misspellings","embeddable":true,"href":"https:\/\/eu.aimcontrollers.com\/de\/wp-json\/wp\/v2\/misspellings?post=1000287"}],"curies":[{"name":"wp","href":"https:\/\/api.w.org\/{rel}","templated":true}]}}