{"id":1120574,"date":"2020-05-26T17:56:43","date_gmt":"2020-05-26T15:56:43","guid":{"rendered":"https:\/\/testdo.aimcontrollers.com\/einkaufswagen\/"},"modified":"2026-04-10T08:38:34","modified_gmt":"2026-04-10T06:38:34","slug":"einkaufswagen","status":"publish","type":"page","link":"https:\/\/eu.aimcontrollers.com\/de\/einkaufswagen\/","title":{"rendered":"Einkaufswagen"},"content":{"rendered":"\t<div class=\"img has-hover hide-for-small x md-x lg-x y md-y lg-y\" id=\"image_1194440376\">\n\t\t\t\t\t\t\t\t<div class=\"img-inner dark\" >\n\t\t\t<img loading=\"lazy\" decoding=\"async\" width=\"1920\" height=\"50\" src=\"https:\/\/eu.aimcontrollers.com\/wp-content\/uploads\/2026\/04\/Basket-Bar-EU.jpg\" class=\"attachment-original size-original\" alt=\"\" srcset=\"https:\/\/eu.aimcontrollers.com\/wp-content\/uploads\/2026\/04\/Basket-Bar-EU.jpg 1920w, https:\/\/eu.aimcontrollers.com\/wp-content\/uploads\/2026\/04\/Basket-Bar-EU-800x21.jpg 800w, https:\/\/eu.aimcontrollers.com\/wp-content\/uploads\/2026\/04\/Basket-Bar-EU-1400x36.jpg 1400w, https:\/\/eu.aimcontrollers.com\/wp-content\/uploads\/2026\/04\/Basket-Bar-EU-768x20.jpg 768w, https:\/\/eu.aimcontrollers.com\/wp-content\/uploads\/2026\/04\/Basket-Bar-EU-1536x40.jpg 1536w, https:\/\/eu.aimcontrollers.com\/wp-content\/uploads\/2026\/04\/Basket-Bar-EU-360x9.jpg 360w, https:\/\/eu.aimcontrollers.com\/wp-content\/uploads\/2026\/04\/Basket-Bar-EU-500x13.jpg 500w\" sizes=\"auto, (max-width: 1920px) 100vw, 1920px\" \/>\t\t\t\t\t\t\n\t\t\t\t\t<\/div>\n\t\t\t\t\t\t\t\t\n<style>\n#image_1194440376 {\n  width: 100%;\n}\n<\/style>\n\t<\/div>\n\t\n\t<div class=\"img has-hover show-for-small x md-x lg-x y md-y lg-y\" id=\"image_678496694\">\n\t\t\t\t\t\t\t\t<div class=\"img-inner dark\" >\n\t\t\t<img loading=\"lazy\" decoding=\"async\" width=\"1080\" height=\"100\" src=\"https:\/\/eu.aimcontrollers.com\/wp-content\/uploads\/2026\/04\/Basket-Bar-mobile-EU.jpg\" class=\"attachment-original size-original\" alt=\"\" srcset=\"https:\/\/eu.aimcontrollers.com\/wp-content\/uploads\/2026\/04\/Basket-Bar-mobile-EU.jpg 1080w, https:\/\/eu.aimcontrollers.com\/wp-content\/uploads\/2026\/04\/Basket-Bar-mobile-EU-800x74.jpg 800w, https:\/\/eu.aimcontrollers.com\/wp-content\/uploads\/2026\/04\/Basket-Bar-mobile-EU-768x71.jpg 768w, https:\/\/eu.aimcontrollers.com\/wp-content\/uploads\/2026\/04\/Basket-Bar-mobile-EU-360x33.jpg 360w, https:\/\/eu.aimcontrollers.com\/wp-content\/uploads\/2026\/04\/Basket-Bar-mobile-EU-500x46.jpg 500w\" sizes=\"auto, (max-width: 1080px) 100vw, 1080px\" \/>\t\t\t\t\t\t\n\t\t\t\t\t<\/div>\n\t\t\t\t\t\t\t\t\n<style>\n#image_678496694 {\n  width: 100%;\n}\n<\/style>\n\t<\/div>\n\t\n\n","protected":false},"excerpt":{"rendered":"","protected":false},"author":59265,"featured_media":0,"parent":0,"menu_order":0,"comment_status":"closed","ping_status":"closed","template":"","meta":{"_acf_changed":false,"inline_featured_image":false,"footnotes":""},"misspellings":[],"class_list":["post-1120574","page","type-page","status-publish","hentry"],"acf":[],"yoast_head":"<!-- This site is optimized with the Yoast SEO Premium plugin v22.4 (Yoast SEO v27.4) - https:\/\/yoast.com\/product\/yoast-seo-premium-wordpress\/ -->\n<title>Einkaufswagen - Aimcontrollers<\/title>\n<meta name=\"robots\" content=\"index, follow, max-snippet:-1, max-image-preview:large, max-video-preview:-1\" \/>\n<link rel=\"canonical\" href=\"https:\/\/eu.aimcontrollers.com\/de\/einkaufswagen\/\" \/>\n<meta property=\"og:locale\" content=\"de_DE\" \/>\n<meta property=\"og:type\" content=\"article\" \/>\n<meta property=\"og:title\" content=\"Einkaufswagen\" \/>\n<meta property=\"og:url\" content=\"https:\/\/eu.aimcontrollers.com\/de\/einkaufswagen\/\" \/>\n<meta property=\"og:site_name\" content=\"Aimcontrollers\" \/>\n<meta property=\"article:publisher\" content=\"http:\/\/www.facebook.com\/aimcontrollers\" \/>\n<meta property=\"article:modified_time\" content=\"2026-04-10T06:38:34+00:00\" \/>\n<meta name=\"twitter:card\" content=\"summary_large_image\" \/>\n<meta name=\"twitter:site\" content=\"@AimControllerss\" \/>\n<meta name=\"twitter:label1\" content=\"Gesch\u00e4tzte Lesezeit\" \/>\n\t<meta name=\"twitter:data1\" content=\"1\u00a0Minute\" \/>\n<script type=\"application\/ld+json\" class=\"yoast-schema-graph\">{\"@context\":\"https:\\\/\\\/schema.org\",\"@graph\":[{\"@type\":\"WebPage\",\"@id\":\"https:\\\/\\\/eu.aimcontrollers.com\\\/de\\\/einkaufswagen\\\/\",\"url\":\"https:\\\/\\\/eu.aimcontrollers.com\\\/de\\\/einkaufswagen\\\/\",\"name\":\"Einkaufswagen - Aimcontrollers\",\"isPartOf\":{\"@id\":\"https:\\\/\\\/eu.aimcontrollers.com\\\/de\\\/#website\"},\"datePublished\":\"2020-05-26T15:56:43+00:00\",\"dateModified\":\"2026-04-10T06:38:34+00:00\",\"breadcrumb\":{\"@id\":\"https:\\\/\\\/eu.aimcontrollers.com\\\/de\\\/einkaufswagen\\\/#breadcrumb\"},\"inLanguage\":\"de\",\"potentialAction\":[{\"@type\":\"ReadAction\",\"target\":[\"https:\\\/\\\/eu.aimcontrollers.com\\\/de\\\/einkaufswagen\\\/\"]}]},{\"@type\":\"BreadcrumbList\",\"@id\":\"https:\\\/\\\/eu.aimcontrollers.com\\\/de\\\/einkaufswagen\\\/#breadcrumb\",\"itemListElement\":[{\"@type\":\"ListItem\",\"position\":1,\"name\":\"Home\",\"item\":\"https:\\\/\\\/eu.aimcontrollers.com\\\/de\\\/\"},{\"@type\":\"ListItem\",\"position\":2,\"name\":\"Einkaufswagen\"}]},{\"@type\":\"WebSite\",\"@id\":\"https:\\\/\\\/eu.aimcontrollers.com\\\/de\\\/#website\",\"url\":\"https:\\\/\\\/eu.aimcontrollers.com\\\/de\\\/\",\"name\":\"AimControllers - The most affordable competitive controllers for Xbox, PlayStation and PC\",\"description\":\"Eine der gr\u00f6\u00dften Marken, die vollst\u00e4ndig anpassbare und originelle Controller anbietet.\",\"publisher\":{\"@id\":\"https:\\\/\\\/eu.aimcontrollers.com\\\/de\\\/#organization\"},\"potentialAction\":[{\"@type\":\"SearchAction\",\"target\":{\"@type\":\"EntryPoint\",\"urlTemplate\":\"https:\\\/\\\/eu.aimcontrollers.com\\\/de\\\/?s={search_term_string}\"},\"query-input\":{\"@type\":\"PropertyValueSpecification\",\"valueRequired\":true,\"valueName\":\"search_term_string\"}}],\"inLanguage\":\"de\"},{\"@type\":\"Organization\",\"@id\":\"https:\\\/\\\/eu.aimcontrollers.com\\\/de\\\/#organization\",\"name\":\"Aimcontrollers\",\"url\":\"https:\\\/\\\/eu.aimcontrollers.com\\\/de\\\/\",\"logo\":{\"@type\":\"ImageObject\",\"inLanguage\":\"de\",\"@id\":\"https:\\\/\\\/eu.aimcontrollers.com\\\/de\\\/#\\\/schema\\\/logo\\\/image\\\/\",\"url\":\"\",\"contentUrl\":\"\",\"caption\":\"Aimcontrollers\"},\"image\":{\"@id\":\"https:\\\/\\\/eu.aimcontrollers.com\\\/de\\\/#\\\/schema\\\/logo\\\/image\\\/\"},\"sameAs\":[\"http:\\\/\\\/www.facebook.com\\\/aimcontrollers\",\"https:\\\/\\\/x.com\\\/AimControllerss\",\"https:\\\/\\\/instagram.com\\\/aimcontrollers\\\/\",\"https:\\\/\\\/www.youtube.com\\\/user\\\/aimcontrollerspl\\\/videos\"]}]}<\/script>\n<!-- \/ Yoast SEO Premium plugin. -->","yoast_head_json":{"title":"Einkaufswagen - Aimcontrollers","robots":{"index":"index","follow":"follow","max-snippet":"max-snippet:-1","max-image-preview":"max-image-preview:large","max-video-preview":"max-video-preview:-1"},"canonical":"https:\/\/eu.aimcontrollers.com\/de\/einkaufswagen\/","og_locale":"de_DE","og_type":"article","og_title":"Einkaufswagen","og_url":"https:\/\/eu.aimcontrollers.com\/de\/einkaufswagen\/","og_site_name":"Aimcontrollers","article_publisher":"http:\/\/www.facebook.com\/aimcontrollers","article_modified_time":"2026-04-10T06:38:34+00:00","twitter_card":"summary_large_image","twitter_site":"@AimControllerss","twitter_misc":{"Gesch\u00e4tzte Lesezeit":"1\u00a0Minute"},"schema":{"@context":"https:\/\/schema.org","@graph":[{"@type":"WebPage","@id":"https:\/\/eu.aimcontrollers.com\/de\/einkaufswagen\/","url":"https:\/\/eu.aimcontrollers.com\/de\/einkaufswagen\/","name":"Einkaufswagen - Aimcontrollers","isPartOf":{"@id":"https:\/\/eu.aimcontrollers.com\/de\/#website"},"datePublished":"2020-05-26T15:56:43+00:00","dateModified":"2026-04-10T06:38:34+00:00","breadcrumb":{"@id":"https:\/\/eu.aimcontrollers.com\/de\/einkaufswagen\/#breadcrumb"},"inLanguage":"de","potentialAction":[{"@type":"ReadAction","target":["https:\/\/eu.aimcontrollers.com\/de\/einkaufswagen\/"]}]},{"@type":"BreadcrumbList","@id":"https:\/\/eu.aimcontrollers.com\/de\/einkaufswagen\/#breadcrumb","itemListElement":[{"@type":"ListItem","position":1,"name":"Home","item":"https:\/\/eu.aimcontrollers.com\/de\/"},{"@type":"ListItem","position":2,"name":"Einkaufswagen"}]},{"@type":"WebSite","@id":"https:\/\/eu.aimcontrollers.com\/de\/#website","url":"https:\/\/eu.aimcontrollers.com\/de\/","name":"AimControllers - The most affordable competitive controllers for Xbox, PlayStation and PC","description":"Eine der gr\u00f6\u00dften Marken, die vollst\u00e4ndig anpassbare und originelle Controller anbietet.","publisher":{"@id":"https:\/\/eu.aimcontrollers.com\/de\/#organization"},"potentialAction":[{"@type":"SearchAction","target":{"@type":"EntryPoint","urlTemplate":"https:\/\/eu.aimcontrollers.com\/de\/?s={search_term_string}"},"query-input":{"@type":"PropertyValueSpecification","valueRequired":true,"valueName":"search_term_string"}}],"inLanguage":"de"},{"@type":"Organization","@id":"https:\/\/eu.aimcontrollers.com\/de\/#organization","name":"Aimcontrollers","url":"https:\/\/eu.aimcontrollers.com\/de\/","logo":{"@type":"ImageObject","inLanguage":"de","@id":"https:\/\/eu.aimcontrollers.com\/de\/#\/schema\/logo\/image\/","url":"","contentUrl":"","caption":"Aimcontrollers"},"image":{"@id":"https:\/\/eu.aimcontrollers.com\/de\/#\/schema\/logo\/image\/"},"sameAs":["http:\/\/www.facebook.com\/aimcontrollers","https:\/\/x.com\/AimControllerss","https:\/\/instagram.com\/aimcontrollers\/","https:\/\/www.youtube.com\/user\/aimcontrollerspl\/videos"]}]}},"_links":{"self":[{"href":"https:\/\/eu.aimcontrollers.com\/de\/wp-json\/wp\/v2\/pages\/1120574","targetHints":{"allow":["GET"]}}],"collection":[{"href":"https:\/\/eu.aimcontrollers.com\/de\/wp-json\/wp\/v2\/pages"}],"about":[{"href":"https:\/\/eu.aimcontrollers.com\/de\/wp-json\/wp\/v2\/types\/page"}],"author":[{"embeddable":true,"href":"https:\/\/eu.aimcontrollers.com\/de\/wp-json\/wp\/v2\/users\/59265"}],"replies":[{"embeddable":true,"href":"https:\/\/eu.aimcontrollers.com\/de\/wp-json\/wp\/v2\/comments?post=1120574"}],"version-history":[{"count":49,"href":"https:\/\/eu.aimcontrollers.com\/de\/wp-json\/wp\/v2\/pages\/1120574\/revisions"}],"predecessor-version":[{"id":1436332,"href":"https:\/\/eu.aimcontrollers.com\/de\/wp-json\/wp\/v2\/pages\/1120574\/revisions\/1436332"}],"wp:attachment":[{"href":"https:\/\/eu.aimcontrollers.com\/de\/wp-json\/wp\/v2\/media?parent=1120574"}],"wp:term":[{"taxonomy":"misspellings","embeddable":true,"href":"https:\/\/eu.aimcontrollers.com\/de\/wp-json\/wp\/v2\/misspellings?post=1120574"}],"curies":[{"name":"wp","href":"https:\/\/api.w.org\/{rel}","templated":true}]}}