{"id":1121601,"date":"2020-08-26T11:21:39","date_gmt":"2020-08-26T09:21:39","guid":{"rendered":"https:\/\/testdo.aimcontrollers.com\/?page_id=1021601"},"modified":"2020-08-26T11:21:39","modified_gmt":"2020-08-26T09:21:39","slug":"covid-19","status":"publish","type":"page","link":"https:\/\/eu.aimcontrollers.com\/de\/covid-19\/","title":{"rendered":"Covid-19"},"content":{"rendered":"<h2>Bez\u00fcglich der Sicherheitsma\u00dfnahmen zu COVID-19:<\/h2>\n<p>Dies ist wirklich eine einzigartige Zeit f\u00fcr uns. Die Coronavirus-Pandemie betrifft alle, von unseren Familien bis auf unsere Unternehmen. Sie beeinflusst den Zustand der Weltwirtschaft und die Art und Weise f\u00fcr unser t\u00e4gliches Leben. W\u00e4hrend wir die sich rasch entwickelnde Situation rund um den Coronavirus (COVID-19) weiterhin beobachten, denken wir vor allem an die Sicherheit und das Wohlergehen aller Menschen.\u2028\u00a0<strong>Sie k\u00f6nnen sich auf uns verlassen, dass wir auch weiterhin unser Bestes tun werden, um Ihnen zu helfen und Sie auf dem Laufenden zu halten. Wir m\u00f6chten bekannt geben, dass AimControllers f\u00fcr Sie da ist.\u00a0<\/strong>\u00a0Wir folgen der Anordnung \u201eStay Safe, Stay Home\u201c vom 23. M\u00e4rz. AimControllers wird nicht auf Hochtouren arbeiten, bis die Einschr\u00e4nkungen von den Vertretern der Regierung behoben werden. Unser Team wird jedoch weiterhin die Bestellungen aufbauen und erf\u00fcllen, solange die neuen Einschr\u00e4nkungen gelten.\u00a0\u00a0<strong>Zurzeit sind die folgenden Services verf\u00fcgbar:<\/strong><\/p>\n<ul>\n<li>*Akzeptieren neuer Bestellungen<\/li>\n<li>*Akzeptieren von Garantie- und Nicht-Garantiereparaturen<\/li>\n<li>*Akzeptieren der Bearbeitung der Bestellungen und Stornierungen nur per E-Mail<\/li>\n<\/ul>\n<p><strong>Unsere Priorit\u00e4t ist die Sicherheit unserer Kunden und unserer Mitarbeiter.\u00a0In diesem Fall haben wir Folgendes umgesetzt:<\/strong><\/p>\n<ul>\n<li>*Die Mitarbeiter k\u00f6nnen die Fernarbeit leisten<\/li>\n<li>*Der Kundendienst ist auf die Kommunikation per E-Mail und Telefon beschr\u00e4nkt.<\/li>\n<li>*Die Bestellungen k\u00f6nnen mit Telearbeit erf\u00fcllt werden. Wir versuchen, keinen der neuen Bestellungen zu verz\u00f6gern, wir bitten jedoch um Ihr Verst\u00e4ndnis, wenn die Verz\u00f6gerung eintritt.<\/li>\n<li>*Alle Controllers werden vor der Verpackung und dem Versand desinfiziert. Bitte beachten Sie, dass Sie nach der Lieferung 24 Stunden Zeit haben, bevor Sie das Paket \u00f6ffnen oder handeln Sie mit Handschuhen.<\/li>\n<li>*Wir haben unserem Team zus\u00e4tzliche Schritte empfohlen, um sich selbst und andere Personen zu sch\u00fctzen:<\/li>\n<li>\u00a0*Waschen Sie sich Ihre H\u00e4nde oft<\/li>\n<li>\u00a0*Nutzen Sie das Social Distancing<\/li>\n<li>\u00a0*Desinfizieren Sie jeden Tag und regelm\u00e4\u00dfig die ber\u00fchrten Oberfl\u00e4chen\/Objekte zu Hause\/Arbeitspl\u00e4tze.<\/li>\n<li>\u00a0*Bleiben Sie zu Hause, wenn Sie krank sind<\/li>\n<li>\u00a0*Sollen Sie husten oder niesen, bitte decken Sie sich ab<\/li>\n<\/ul>\n<p>W\u00e4hrend sich die Situation um den Coronavirus rasch \u00e4ndert, werden wir unsere Ma\u00dfnahmen ggf. anpassen. Sie k\u00f6nnen sich sicher sein, dass wir uns verpflichtet f\u00fchlen, \u00fcber die Sorge f\u00fcr unsere Kunden und Mitarbeiter zu sprechen. Unsere Aufgabe ist, in dieser Zeit niedrige Preise, Produkte mit hoher Qualit\u00e4t, ein gro\u00dfartiges Spielerlebnis und einen einzigartigen Service zu gew\u00e4hrleisten.<\/p>\n<p><strong>#StaySafeStayHome<\/strong><\/p>\n","protected":false},"excerpt":{"rendered":"<p>Bez\u00fcglich der Sicherheitsma\u00dfnahmen zu COVID-19: Dies ist wirklich eine einzigartige Zeit f\u00fcr uns. Die Coronavirus-Pandemie betrifft alle, von unseren Familien bis auf unsere Unternehmen. Sie beeinflusst den Zustand der Weltwirtschaft und die Art und Weise f\u00fcr unser t\u00e4gliches Leben. W\u00e4hrend wir die sich rasch entwickelnde Situation rund um den Coronavirus (COVID-19) weiterhin beobachten, denken wir [&#8230;]\n","protected":false},"author":59265,"featured_media":0,"parent":0,"menu_order":0,"comment_status":"closed","ping_status":"closed","template":"","meta":{"_acf_changed":false,"inline_featured_image":false,"footnotes":""},"misspellings":[],"class_list":["post-1121601","page","type-page","status-publish","hentry"],"acf":[],"yoast_head":"<!-- This site is optimized with the Yoast SEO Premium plugin v22.4 (Yoast SEO v27.2) - https:\/\/yoast.com\/product\/yoast-seo-premium-wordpress\/ -->\n<title>Covid-19 - Aimcontrollers<\/title>\n<meta name=\"robots\" content=\"index, follow, max-snippet:-1, max-image-preview:large, max-video-preview:-1\" \/>\n<link rel=\"canonical\" href=\"https:\/\/eu.aimcontrollers.com\/de\/covid-19\/\" \/>\n<meta property=\"og:locale\" content=\"de_DE\" \/>\n<meta property=\"og:type\" content=\"article\" \/>\n<meta property=\"og:title\" content=\"Covid-19\" \/>\n<meta property=\"og:description\" content=\"Bez\u00fcglich der Sicherheitsma\u00dfnahmen zu COVID-19: Dies ist wirklich eine einzigartige Zeit f\u00fcr uns. Die Coronavirus-Pandemie betrifft alle, von unseren Familien bis auf unsere Unternehmen. Sie beeinflusst den Zustand der Weltwirtschaft und die Art und Weise f\u00fcr unser t\u00e4gliches Leben. W\u00e4hrend wir die sich rasch entwickelnde Situation rund um den Coronavirus (COVID-19) weiterhin beobachten, denken wir [...]\" \/>\n<meta property=\"og:url\" content=\"https:\/\/eu.aimcontrollers.com\/de\/covid-19\/\" \/>\n<meta property=\"og:site_name\" content=\"Aimcontrollers\" \/>\n<meta property=\"article:publisher\" content=\"http:\/\/www.facebook.com\/aimcontrollers\" \/>\n<meta name=\"twitter:card\" content=\"summary_large_image\" \/>\n<meta name=\"twitter:site\" content=\"@AimControllerss\" \/>\n<meta name=\"twitter:label1\" content=\"Gesch\u00e4tzte Lesezeit\" \/>\n\t<meta name=\"twitter:data1\" content=\"2\u00a0Minuten\" \/>\n<script type=\"application\/ld+json\" class=\"yoast-schema-graph\">{\"@context\":\"https:\/\/schema.org\",\"@graph\":[{\"@type\":\"WebPage\",\"@id\":\"https:\/\/eu.aimcontrollers.com\/de\/covid-19\/\",\"url\":\"https:\/\/eu.aimcontrollers.com\/de\/covid-19\/\",\"name\":\"Covid-19 - Aimcontrollers\",\"isPartOf\":{\"@id\":\"https:\/\/eu.aimcontrollers.com\/de\/#website\"},\"datePublished\":\"2020-08-26T09:21:39+00:00\",\"breadcrumb\":{\"@id\":\"https:\/\/eu.aimcontrollers.com\/de\/covid-19\/#breadcrumb\"},\"inLanguage\":\"de\",\"potentialAction\":[{\"@type\":\"ReadAction\",\"target\":[\"https:\/\/eu.aimcontrollers.com\/de\/covid-19\/\"]}]},{\"@type\":\"BreadcrumbList\",\"@id\":\"https:\/\/eu.aimcontrollers.com\/de\/covid-19\/#breadcrumb\",\"itemListElement\":[{\"@type\":\"ListItem\",\"position\":1,\"name\":\"Home\",\"item\":\"https:\/\/eu.aimcontrollers.com\/de\/\"},{\"@type\":\"ListItem\",\"position\":2,\"name\":\"Covid-19\"}]},{\"@type\":\"WebSite\",\"@id\":\"https:\/\/eu.aimcontrollers.com\/de\/#website\",\"url\":\"https:\/\/eu.aimcontrollers.com\/de\/\",\"name\":\"AimControllers - The most affordable competitive controllers for Xbox, PlayStation and PC\",\"description\":\"Eine der gr\u00f6\u00dften Marken, die vollst\u00e4ndig anpassbare und originelle Controller anbietet.\",\"publisher\":{\"@id\":\"https:\/\/eu.aimcontrollers.com\/de\/#organization\"},\"potentialAction\":[{\"@type\":\"SearchAction\",\"target\":{\"@type\":\"EntryPoint\",\"urlTemplate\":\"https:\/\/eu.aimcontrollers.com\/de\/?s={search_term_string}\"},\"query-input\":{\"@type\":\"PropertyValueSpecification\",\"valueRequired\":true,\"valueName\":\"search_term_string\"}}],\"inLanguage\":\"de\"},{\"@type\":\"Organization\",\"@id\":\"https:\/\/eu.aimcontrollers.com\/de\/#organization\",\"name\":\"Aimcontrollers\",\"url\":\"https:\/\/eu.aimcontrollers.com\/de\/\",\"logo\":{\"@type\":\"ImageObject\",\"inLanguage\":\"de\",\"@id\":\"https:\/\/eu.aimcontrollers.com\/de\/#\/schema\/logo\/image\/\",\"url\":\"\",\"contentUrl\":\"\",\"caption\":\"Aimcontrollers\"},\"image\":{\"@id\":\"https:\/\/eu.aimcontrollers.com\/de\/#\/schema\/logo\/image\/\"},\"sameAs\":[\"http:\/\/www.facebook.com\/aimcontrollers\",\"https:\/\/x.com\/AimControllerss\",\"https:\/\/instagram.com\/aimcontrollers\/\",\"https:\/\/www.youtube.com\/user\/aimcontrollerspl\/videos\"]}]}<\/script>\n<!-- \/ Yoast SEO Premium plugin. -->","yoast_head_json":{"title":"Covid-19 - Aimcontrollers","robots":{"index":"index","follow":"follow","max-snippet":"max-snippet:-1","max-image-preview":"max-image-preview:large","max-video-preview":"max-video-preview:-1"},"canonical":"https:\/\/eu.aimcontrollers.com\/de\/covid-19\/","og_locale":"de_DE","og_type":"article","og_title":"Covid-19","og_description":"Bez\u00fcglich der Sicherheitsma\u00dfnahmen zu COVID-19: Dies ist wirklich eine einzigartige Zeit f\u00fcr uns. Die Coronavirus-Pandemie betrifft alle, von unseren Familien bis auf unsere Unternehmen. Sie beeinflusst den Zustand der Weltwirtschaft und die Art und Weise f\u00fcr unser t\u00e4gliches Leben. W\u00e4hrend wir die sich rasch entwickelnde Situation rund um den Coronavirus (COVID-19) weiterhin beobachten, denken wir [...]","og_url":"https:\/\/eu.aimcontrollers.com\/de\/covid-19\/","og_site_name":"Aimcontrollers","article_publisher":"http:\/\/www.facebook.com\/aimcontrollers","twitter_card":"summary_large_image","twitter_site":"@AimControllerss","twitter_misc":{"Gesch\u00e4tzte Lesezeit":"2\u00a0Minuten"},"schema":{"@context":"https:\/\/schema.org","@graph":[{"@type":"WebPage","@id":"https:\/\/eu.aimcontrollers.com\/de\/covid-19\/","url":"https:\/\/eu.aimcontrollers.com\/de\/covid-19\/","name":"Covid-19 - Aimcontrollers","isPartOf":{"@id":"https:\/\/eu.aimcontrollers.com\/de\/#website"},"datePublished":"2020-08-26T09:21:39+00:00","breadcrumb":{"@id":"https:\/\/eu.aimcontrollers.com\/de\/covid-19\/#breadcrumb"},"inLanguage":"de","potentialAction":[{"@type":"ReadAction","target":["https:\/\/eu.aimcontrollers.com\/de\/covid-19\/"]}]},{"@type":"BreadcrumbList","@id":"https:\/\/eu.aimcontrollers.com\/de\/covid-19\/#breadcrumb","itemListElement":[{"@type":"ListItem","position":1,"name":"Home","item":"https:\/\/eu.aimcontrollers.com\/de\/"},{"@type":"ListItem","position":2,"name":"Covid-19"}]},{"@type":"WebSite","@id":"https:\/\/eu.aimcontrollers.com\/de\/#website","url":"https:\/\/eu.aimcontrollers.com\/de\/","name":"AimControllers - The most affordable competitive controllers for Xbox, PlayStation and PC","description":"Eine der gr\u00f6\u00dften Marken, die vollst\u00e4ndig anpassbare und originelle Controller anbietet.","publisher":{"@id":"https:\/\/eu.aimcontrollers.com\/de\/#organization"},"potentialAction":[{"@type":"SearchAction","target":{"@type":"EntryPoint","urlTemplate":"https:\/\/eu.aimcontrollers.com\/de\/?s={search_term_string}"},"query-input":{"@type":"PropertyValueSpecification","valueRequired":true,"valueName":"search_term_string"}}],"inLanguage":"de"},{"@type":"Organization","@id":"https:\/\/eu.aimcontrollers.com\/de\/#organization","name":"Aimcontrollers","url":"https:\/\/eu.aimcontrollers.com\/de\/","logo":{"@type":"ImageObject","inLanguage":"de","@id":"https:\/\/eu.aimcontrollers.com\/de\/#\/schema\/logo\/image\/","url":"","contentUrl":"","caption":"Aimcontrollers"},"image":{"@id":"https:\/\/eu.aimcontrollers.com\/de\/#\/schema\/logo\/image\/"},"sameAs":["http:\/\/www.facebook.com\/aimcontrollers","https:\/\/x.com\/AimControllerss","https:\/\/instagram.com\/aimcontrollers\/","https:\/\/www.youtube.com\/user\/aimcontrollerspl\/videos"]}]}},"_links":{"self":[{"href":"https:\/\/eu.aimcontrollers.com\/de\/wp-json\/wp\/v2\/pages\/1121601","targetHints":{"allow":["GET"]}}],"collection":[{"href":"https:\/\/eu.aimcontrollers.com\/de\/wp-json\/wp\/v2\/pages"}],"about":[{"href":"https:\/\/eu.aimcontrollers.com\/de\/wp-json\/wp\/v2\/types\/page"}],"author":[{"embeddable":true,"href":"https:\/\/eu.aimcontrollers.com\/de\/wp-json\/wp\/v2\/users\/59265"}],"replies":[{"embeddable":true,"href":"https:\/\/eu.aimcontrollers.com\/de\/wp-json\/wp\/v2\/comments?post=1121601"}],"version-history":[{"count":0,"href":"https:\/\/eu.aimcontrollers.com\/de\/wp-json\/wp\/v2\/pages\/1121601\/revisions"}],"wp:attachment":[{"href":"https:\/\/eu.aimcontrollers.com\/de\/wp-json\/wp\/v2\/media?parent=1121601"}],"wp:term":[{"taxonomy":"misspellings","embeddable":true,"href":"https:\/\/eu.aimcontrollers.com\/de\/wp-json\/wp\/v2\/misspellings?post=1121601"}],"curies":[{"name":"wp","href":"https:\/\/api.w.org\/{rel}","templated":true}]}}