{"id":1000607,"date":"2019-11-15T19:31:05","date_gmt":"2019-11-15T18:31:05","guid":{"rendered":"https:\/\/testdo.aimcontrollers.com\/product\/green-medium-ps4-aim-stick\/"},"modified":"2022-06-22T10:45:52","modified_gmt":"2022-06-22T08:45:52","slug":"green-medium-ps4-aim-stick","status":"publish","type":"product","link":"https:\/\/eu.aimcontrollers.com\/de\/produkt\/green-medium-ps4-aim-stick\/","title":{"rendered":"Gr\u00fcner Aimstick von PS in Mittelgr\u00f6\u00dfe"},"content":{"rendered":"","protected":false},"excerpt":{"rendered":"<ul>\n<li style=\"font-weight: 400;\"><b>Gr\u00fcner Aimstick von PS in Mittelgr\u00f6\u00dfe<\/b><span style=\"font-weight: 400;\"> f\u00fcr ultimativen Komfort auch in Spielen, die eine sofortige Entscheidungsfindung und hohe Genauigkeit erfordern.\u00a0<\/span><\/li>\n<li style=\"font-weight: 400;\"><span style=\"font-weight: 400;\">Besch\u00e4digte oder abgenutzte Kn\u00f6pfe k\u00f6nnen sehr schnell ausgetauscht werden, ohne das urspr\u00fcngliche Aussehen des Ger\u00e4tes zu verlieren.<\/span><\/li>\n<li style=\"font-weight: 400;\"><span style=\"font-weight: 400;\">Die vom Hersteller empfohlene h\u00f6chste Qualit\u00e4t auf dem Markt und volle Kompatibilit\u00e4t mit XBOX und PS Controllern.<\/span><\/li>\n<\/ul>\n","protected":false},"featured_media":1000432,"template":"","meta":{"_acf_changed":false,"inline_featured_image":false},"product_brand":[],"product_cat":[1173],"product_tag":[177,146,166,189],"misspellings":[],"class_list":{"0":"post-1000607","1":"product","2":"type-product","3":"status-publish","4":"has-post-thumbnail","6":"product_cat-zubehor","7":"product_tag-aim-stick-de","8":"product_tag-gruen","9":"product_tag-mittel","10":"product_tag-ps4-de","12":"first","13":"instock","14":"taxable","15":"shipping-taxable","16":"purchasable","17":"product-type-simple"},"acf":[],"yoast_head":"<!-- This site is optimized with the Yoast SEO Premium plugin v22.4 (Yoast SEO v27.2) - https:\/\/yoast.com\/product\/yoast-seo-premium-wordpress\/ -->\n<title>Gr\u00fcner Aimstick von PS in Mittelgr\u00f6\u00dfe - Aimcontrollers<\/title>\n<meta name=\"description\" content=\"Gr\u00fcner Aimstick von PS4 in Mittelgr\u00f6\u00dfe f\u00fcr ultimativen Komfort auch in Spielen, die eine sofortige Entscheidungsfindung und hohe Genauigkeit erfordern.\" \/>\n<meta name=\"robots\" content=\"index, follow, max-snippet:-1, max-image-preview:large, max-video-preview:-1\" \/>\n<link rel=\"canonical\" href=\"https:\/\/eu.aimcontrollers.com\/de\/produkt\/green-medium-ps4-aim-stick\/\" \/>\n<meta property=\"og:locale\" content=\"de_DE\" \/>\n<meta property=\"og:type\" content=\"article\" \/>\n<meta property=\"og:title\" content=\"Gr\u00fcner Aimstick von PS in Mittelgr\u00f6\u00dfe\" \/>\n<meta property=\"og:description\" content=\"Gr\u00fcner Aimstick von PS4 in Mittelgr\u00f6\u00dfe f\u00fcr ultimativen Komfort auch in Spielen, die eine sofortige Entscheidungsfindung und hohe Genauigkeit erfordern.\" \/>\n<meta property=\"og:url\" content=\"https:\/\/eu.aimcontrollers.com\/de\/produkt\/green-medium-ps4-aim-stick\/\" \/>\n<meta property=\"og:site_name\" content=\"Aimcontrollers\" \/>\n<meta property=\"article:publisher\" content=\"http:\/\/www.facebook.com\/aimcontrollers\" \/>\n<meta property=\"article:modified_time\" content=\"2022-06-22T08:45:52+00:00\" \/>\n<meta property=\"og:image\" content=\"https:\/\/eu.aimcontrollers.com\/wp-content\/uploads\/2019\/11\/ps4-green-medium.jpg\" \/>\n\t<meta property=\"og:image:width\" content=\"1000\" \/>\n\t<meta property=\"og:image:height\" content=\"1000\" \/>\n\t<meta property=\"og:image:type\" content=\"image\/jpeg\" \/>\n<meta name=\"twitter:card\" content=\"summary_large_image\" \/>\n<meta name=\"twitter:site\" content=\"@AimControllerss\" \/>\n<script type=\"application\/ld+json\" class=\"yoast-schema-graph\">{\"@context\":\"https:\/\/schema.org\",\"@graph\":[{\"@type\":\"WebPage\",\"@id\":\"https:\/\/eu.aimcontrollers.com\/de\/produkt\/green-medium-ps4-aim-stick\/\",\"url\":\"https:\/\/eu.aimcontrollers.com\/de\/produkt\/green-medium-ps4-aim-stick\/\",\"name\":\"Gr\u00fcner Aimstick von PS in Mittelgr\u00f6\u00dfe - Aimcontrollers\",\"isPartOf\":{\"@id\":\"https:\/\/eu.aimcontrollers.com\/de\/#website\"},\"primaryImageOfPage\":{\"@id\":\"https:\/\/eu.aimcontrollers.com\/de\/produkt\/green-medium-ps4-aim-stick\/#primaryimage\"},\"image\":{\"@id\":\"https:\/\/eu.aimcontrollers.com\/de\/produkt\/green-medium-ps4-aim-stick\/#primaryimage\"},\"thumbnailUrl\":\"https:\/\/eu.aimcontrollers.com\/wp-content\/uploads\/2019\/11\/ps4-green-medium.jpg\",\"datePublished\":\"2019-11-15T18:31:05+00:00\",\"dateModified\":\"2022-06-22T08:45:52+00:00\",\"description\":\"Gr\u00fcner Aimstick von PS4 in Mittelgr\u00f6\u00dfe f\u00fcr ultimativen Komfort auch in Spielen, die eine sofortige Entscheidungsfindung und hohe Genauigkeit erfordern.\",\"breadcrumb\":{\"@id\":\"https:\/\/eu.aimcontrollers.com\/de\/produkt\/green-medium-ps4-aim-stick\/#breadcrumb\"},\"inLanguage\":\"de\",\"potentialAction\":[{\"@type\":\"ReadAction\",\"target\":[\"https:\/\/eu.aimcontrollers.com\/de\/produkt\/green-medium-ps4-aim-stick\/\"]}]},{\"@type\":\"ImageObject\",\"inLanguage\":\"de\",\"@id\":\"https:\/\/eu.aimcontrollers.com\/de\/produkt\/green-medium-ps4-aim-stick\/#primaryimage\",\"url\":\"https:\/\/eu.aimcontrollers.com\/wp-content\/uploads\/2019\/11\/ps4-green-medium.jpg\",\"contentUrl\":\"https:\/\/eu.aimcontrollers.com\/wp-content\/uploads\/2019\/11\/ps4-green-medium.jpg\",\"width\":1000,\"height\":1000,\"caption\":\"ps4 green medium stick\"},{\"@type\":\"BreadcrumbList\",\"@id\":\"https:\/\/eu.aimcontrollers.com\/de\/produkt\/green-medium-ps4-aim-stick\/#breadcrumb\",\"itemListElement\":[{\"@type\":\"ListItem\",\"position\":1,\"name\":\"Home\",\"item\":\"https:\/\/eu.aimcontrollers.com\/de\/\"},{\"@type\":\"ListItem\",\"position\":2,\"name\":\"Shop\",\"item\":\"https:\/\/eu.aimcontrollers.com\/shop\/\"},{\"@type\":\"ListItem\",\"position\":3,\"name\":\"Gr\u00fcner Aimstick von PS in Mittelgr\u00f6\u00dfe\"}]},{\"@type\":\"WebSite\",\"@id\":\"https:\/\/eu.aimcontrollers.com\/de\/#website\",\"url\":\"https:\/\/eu.aimcontrollers.com\/de\/\",\"name\":\"AimControllers - The most affordable competitive controllers for Xbox, PlayStation and PC\",\"description\":\"Eine der gr\u00f6\u00dften Marken, die vollst\u00e4ndig anpassbare und originelle Controller anbietet.\",\"publisher\":{\"@id\":\"https:\/\/eu.aimcontrollers.com\/de\/#organization\"},\"potentialAction\":[{\"@type\":\"SearchAction\",\"target\":{\"@type\":\"EntryPoint\",\"urlTemplate\":\"https:\/\/eu.aimcontrollers.com\/de\/?s={search_term_string}\"},\"query-input\":{\"@type\":\"PropertyValueSpecification\",\"valueRequired\":true,\"valueName\":\"search_term_string\"}}],\"inLanguage\":\"de\"},{\"@type\":\"Organization\",\"@id\":\"https:\/\/eu.aimcontrollers.com\/de\/#organization\",\"name\":\"Aimcontrollers\",\"url\":\"https:\/\/eu.aimcontrollers.com\/de\/\",\"logo\":{\"@type\":\"ImageObject\",\"inLanguage\":\"de\",\"@id\":\"https:\/\/eu.aimcontrollers.com\/de\/#\/schema\/logo\/image\/\",\"url\":\"\",\"contentUrl\":\"\",\"caption\":\"Aimcontrollers\"},\"image\":{\"@id\":\"https:\/\/eu.aimcontrollers.com\/de\/#\/schema\/logo\/image\/\"},\"sameAs\":[\"http:\/\/www.facebook.com\/aimcontrollers\",\"https:\/\/x.com\/AimControllerss\",\"https:\/\/instagram.com\/aimcontrollers\/\",\"https:\/\/www.youtube.com\/user\/aimcontrollerspl\/videos\"]}]}<\/script>\n<!-- \/ Yoast SEO Premium plugin. -->","yoast_head_json":{"title":"Gr\u00fcner Aimstick von PS in Mittelgr\u00f6\u00dfe - Aimcontrollers","description":"Gr\u00fcner Aimstick von PS4 in Mittelgr\u00f6\u00dfe f\u00fcr ultimativen Komfort auch in Spielen, die eine sofortige Entscheidungsfindung und hohe Genauigkeit erfordern.","robots":{"index":"index","follow":"follow","max-snippet":"max-snippet:-1","max-image-preview":"max-image-preview:large","max-video-preview":"max-video-preview:-1"},"canonical":"https:\/\/eu.aimcontrollers.com\/de\/produkt\/green-medium-ps4-aim-stick\/","og_locale":"de_DE","og_type":"article","og_title":"Gr\u00fcner Aimstick von PS in Mittelgr\u00f6\u00dfe","og_description":"Gr\u00fcner Aimstick von PS4 in Mittelgr\u00f6\u00dfe f\u00fcr ultimativen Komfort auch in Spielen, die eine sofortige Entscheidungsfindung und hohe Genauigkeit erfordern.","og_url":"https:\/\/eu.aimcontrollers.com\/de\/produkt\/green-medium-ps4-aim-stick\/","og_site_name":"Aimcontrollers","article_publisher":"http:\/\/www.facebook.com\/aimcontrollers","article_modified_time":"2022-06-22T08:45:52+00:00","og_image":[{"width":1000,"height":1000,"url":"https:\/\/eu.aimcontrollers.com\/wp-content\/uploads\/2019\/11\/ps4-green-medium.jpg","type":"image\/jpeg"}],"twitter_card":"summary_large_image","twitter_site":"@AimControllerss","schema":{"@context":"https:\/\/schema.org","@graph":[{"@type":"WebPage","@id":"https:\/\/eu.aimcontrollers.com\/de\/produkt\/green-medium-ps4-aim-stick\/","url":"https:\/\/eu.aimcontrollers.com\/de\/produkt\/green-medium-ps4-aim-stick\/","name":"Gr\u00fcner Aimstick von PS in Mittelgr\u00f6\u00dfe - Aimcontrollers","isPartOf":{"@id":"https:\/\/eu.aimcontrollers.com\/de\/#website"},"primaryImageOfPage":{"@id":"https:\/\/eu.aimcontrollers.com\/de\/produkt\/green-medium-ps4-aim-stick\/#primaryimage"},"image":{"@id":"https:\/\/eu.aimcontrollers.com\/de\/produkt\/green-medium-ps4-aim-stick\/#primaryimage"},"thumbnailUrl":"https:\/\/eu.aimcontrollers.com\/wp-content\/uploads\/2019\/11\/ps4-green-medium.jpg","datePublished":"2019-11-15T18:31:05+00:00","dateModified":"2022-06-22T08:45:52+00:00","description":"Gr\u00fcner Aimstick von PS4 in Mittelgr\u00f6\u00dfe f\u00fcr ultimativen Komfort auch in Spielen, die eine sofortige Entscheidungsfindung und hohe Genauigkeit erfordern.","breadcrumb":{"@id":"https:\/\/eu.aimcontrollers.com\/de\/produkt\/green-medium-ps4-aim-stick\/#breadcrumb"},"inLanguage":"de","potentialAction":[{"@type":"ReadAction","target":["https:\/\/eu.aimcontrollers.com\/de\/produkt\/green-medium-ps4-aim-stick\/"]}]},{"@type":"ImageObject","inLanguage":"de","@id":"https:\/\/eu.aimcontrollers.com\/de\/produkt\/green-medium-ps4-aim-stick\/#primaryimage","url":"https:\/\/eu.aimcontrollers.com\/wp-content\/uploads\/2019\/11\/ps4-green-medium.jpg","contentUrl":"https:\/\/eu.aimcontrollers.com\/wp-content\/uploads\/2019\/11\/ps4-green-medium.jpg","width":1000,"height":1000,"caption":"ps4 green medium stick"},{"@type":"BreadcrumbList","@id":"https:\/\/eu.aimcontrollers.com\/de\/produkt\/green-medium-ps4-aim-stick\/#breadcrumb","itemListElement":[{"@type":"ListItem","position":1,"name":"Home","item":"https:\/\/eu.aimcontrollers.com\/de\/"},{"@type":"ListItem","position":2,"name":"Shop","item":"https:\/\/eu.aimcontrollers.com\/shop\/"},{"@type":"ListItem","position":3,"name":"Gr\u00fcner Aimstick von PS in Mittelgr\u00f6\u00dfe"}]},{"@type":"WebSite","@id":"https:\/\/eu.aimcontrollers.com\/de\/#website","url":"https:\/\/eu.aimcontrollers.com\/de\/","name":"AimControllers - The most affordable competitive controllers for Xbox, PlayStation and PC","description":"Eine der gr\u00f6\u00dften Marken, die vollst\u00e4ndig anpassbare und originelle Controller anbietet.","publisher":{"@id":"https:\/\/eu.aimcontrollers.com\/de\/#organization"},"potentialAction":[{"@type":"SearchAction","target":{"@type":"EntryPoint","urlTemplate":"https:\/\/eu.aimcontrollers.com\/de\/?s={search_term_string}"},"query-input":{"@type":"PropertyValueSpecification","valueRequired":true,"valueName":"search_term_string"}}],"inLanguage":"de"},{"@type":"Organization","@id":"https:\/\/eu.aimcontrollers.com\/de\/#organization","name":"Aimcontrollers","url":"https:\/\/eu.aimcontrollers.com\/de\/","logo":{"@type":"ImageObject","inLanguage":"de","@id":"https:\/\/eu.aimcontrollers.com\/de\/#\/schema\/logo\/image\/","url":"","contentUrl":"","caption":"Aimcontrollers"},"image":{"@id":"https:\/\/eu.aimcontrollers.com\/de\/#\/schema\/logo\/image\/"},"sameAs":["http:\/\/www.facebook.com\/aimcontrollers","https:\/\/x.com\/AimControllerss","https:\/\/instagram.com\/aimcontrollers\/","https:\/\/www.youtube.com\/user\/aimcontrollerspl\/videos"]}]}},"_links":{"self":[{"href":"https:\/\/eu.aimcontrollers.com\/de\/wp-json\/wp\/v2\/product\/1000607","targetHints":{"allow":["GET"]}}],"collection":[{"href":"https:\/\/eu.aimcontrollers.com\/de\/wp-json\/wp\/v2\/product"}],"about":[{"href":"https:\/\/eu.aimcontrollers.com\/de\/wp-json\/wp\/v2\/types\/product"}],"wp:featuredmedia":[{"embeddable":true,"href":"https:\/\/eu.aimcontrollers.com\/de\/wp-json\/wp\/v2\/media\/1000432"}],"wp:attachment":[{"href":"https:\/\/eu.aimcontrollers.com\/de\/wp-json\/wp\/v2\/media?parent=1000607"}],"wp:term":[{"taxonomy":"product_brand","embeddable":true,"href":"https:\/\/eu.aimcontrollers.com\/de\/wp-json\/wp\/v2\/product_brand?post=1000607"},{"taxonomy":"product_cat","embeddable":true,"href":"https:\/\/eu.aimcontrollers.com\/de\/wp-json\/wp\/v2\/product_cat?post=1000607"},{"taxonomy":"product_tag","embeddable":true,"href":"https:\/\/eu.aimcontrollers.com\/de\/wp-json\/wp\/v2\/product_tag?post=1000607"},{"taxonomy":"misspellings","embeddable":true,"href":"https:\/\/eu.aimcontrollers.com\/de\/wp-json\/wp\/v2\/misspellings?post=1000607"}],"curies":[{"name":"wp","href":"https:\/\/api.w.org\/{rel}","templated":true}]}}