{"id":1001740,"date":"2019-11-16T12:29:46","date_gmt":"2019-11-16T11:29:46","guid":{"rendered":"https:\/\/testdo.aimcontrollers.com\/product\/build-your-own-xone-s\/"},"modified":"2021-05-10T15:15:15","modified_gmt":"2021-05-10T13:15:15","slug":"build-your-own-xone-s","status":"publish","type":"product","link":"https:\/\/eu.aimcontrollers.com\/de\/produkt\/build-your-own-xone-s\/","title":{"rendered":"Build Your Own Xbox Controller"},"content":{"rendered":"","protected":false},"excerpt":{"rendered":"<ul>\n<li>Die M\u00f6glichkeiten sind riesig, und was du verwendest, liegt an dir &#8211; schau dir an, wie unser Konfigurator funktioniert und erstelle deinen Traumcontroller!<\/li>\n<li><span style=\"font-weight: 400;\">Custom Controller von AimControllers ist nicht nur eine Modifikation des Aussehens. Du bekommst viele Optionen auch beim Regen selbst &#8211; du kannst eine der vielen L\u00f6sungen nutzen, die deinen Komfort und sogar&#8230;. die erzielten Ergebnisse verbessern. <\/span><\/li>\n<li><span style=\"font-weight: 400;\">Als eine der wenigen bieten wir <\/span><b>4 Paddles an, die auf der R\u00fcckseite des Controllers befestigt <\/b><span style=\"font-weight: 400;\">sind und als Tasten dienen. <\/span><\/li>\n<\/ul>\n","protected":false},"featured_media":1000790,"template":"","meta":{"_acf_changed":false,"inline_featured_image":false},"product_brand":[],"product_cat":[1178],"product_tag":[4953],"misspellings":[],"class_list":{"0":"post-1001740","1":"product","2":"type-product","3":"status-publish","4":"has-post-thumbnail","6":"product_cat-dein-eigener-controller","7":"product_tag-xbox-controller-de","9":"first","10":"instock","11":"taxable","12":"shipping-taxable","13":"purchasable","14":"product-type-simple"},"acf":[],"yoast_head":"<!-- This site is optimized with the Yoast SEO Premium plugin v22.4 (Yoast SEO v27.2) - https:\/\/yoast.com\/product\/yoast-seo-premium-wordpress\/ -->\n<title>Build Your Own Xbox Controller - Aimcontrollers<\/title>\n<meta name=\"description\" content=\"Die M\u00f6glichkeiten sind riesig, und was du verwendest, liegt an dir - schau dir an, wie unser Konfigurator funktioniert und erstelle deinen Traumcontroller!\" \/>\n<meta name=\"robots\" content=\"index, follow, max-snippet:-1, max-image-preview:large, max-video-preview:-1\" \/>\n<link rel=\"canonical\" href=\"https:\/\/eu.aimcontrollers.com\/de\/produkt\/build-your-own-xone-s\/\" \/>\n<meta property=\"og:locale\" content=\"de_DE\" \/>\n<meta property=\"og:type\" content=\"article\" \/>\n<meta property=\"og:title\" content=\"Build Your Own Xbox Controller\" \/>\n<meta property=\"og:description\" content=\"Die M\u00f6glichkeiten sind riesig, und was du verwendest, liegt an dir - schau dir an, wie unser Konfigurator funktioniert und erstelle deinen Traumcontroller!\" \/>\n<meta property=\"og:url\" content=\"https:\/\/eu.aimcontrollers.com\/de\/produkt\/build-your-own-xone-s\/\" \/>\n<meta property=\"og:site_name\" content=\"Aimcontrollers\" \/>\n<meta property=\"article:publisher\" content=\"http:\/\/www.facebook.com\/aimcontrollers\" \/>\n<meta property=\"article:modified_time\" content=\"2021-05-10T13:15:15+00:00\" \/>\n<meta property=\"og:image\" content=\"https:\/\/eu.aimcontrollers.com\/wp-content\/uploads\/2019\/11\/build-your-own-xbox.png\" \/>\n\t<meta property=\"og:image:width\" content=\"1000\" \/>\n\t<meta property=\"og:image:height\" content=\"1000\" \/>\n\t<meta property=\"og:image:type\" content=\"image\/png\" \/>\n<meta name=\"twitter:card\" content=\"summary_large_image\" \/>\n<meta name=\"twitter:site\" content=\"@AimControllerss\" \/>\n<script type=\"application\/ld+json\" class=\"yoast-schema-graph\">{\"@context\":\"https:\/\/schema.org\",\"@graph\":[{\"@type\":\"WebPage\",\"@id\":\"https:\/\/eu.aimcontrollers.com\/de\/produkt\/build-your-own-xone-s\/\",\"url\":\"https:\/\/eu.aimcontrollers.com\/de\/produkt\/build-your-own-xone-s\/\",\"name\":\"Build Your Own Xbox Controller - Aimcontrollers\",\"isPartOf\":{\"@id\":\"https:\/\/eu.aimcontrollers.com\/de\/#website\"},\"primaryImageOfPage\":{\"@id\":\"https:\/\/eu.aimcontrollers.com\/de\/produkt\/build-your-own-xone-s\/#primaryimage\"},\"image\":{\"@id\":\"https:\/\/eu.aimcontrollers.com\/de\/produkt\/build-your-own-xone-s\/#primaryimage\"},\"thumbnailUrl\":\"https:\/\/eu.aimcontrollers.com\/wp-content\/uploads\/2019\/11\/build-your-own-xbox.png\",\"datePublished\":\"2019-11-16T11:29:46+00:00\",\"dateModified\":\"2021-05-10T13:15:15+00:00\",\"description\":\"Die M\u00f6glichkeiten sind riesig, und was du verwendest, liegt an dir - schau dir an, wie unser Konfigurator funktioniert und erstelle deinen Traumcontroller!\",\"breadcrumb\":{\"@id\":\"https:\/\/eu.aimcontrollers.com\/de\/produkt\/build-your-own-xone-s\/#breadcrumb\"},\"inLanguage\":\"de\",\"potentialAction\":[{\"@type\":\"ReadAction\",\"target\":[\"https:\/\/eu.aimcontrollers.com\/de\/produkt\/build-your-own-xone-s\/\"]}]},{\"@type\":\"ImageObject\",\"inLanguage\":\"de\",\"@id\":\"https:\/\/eu.aimcontrollers.com\/de\/produkt\/build-your-own-xone-s\/#primaryimage\",\"url\":\"https:\/\/eu.aimcontrollers.com\/wp-content\/uploads\/2019\/11\/build-your-own-xbox.png\",\"contentUrl\":\"https:\/\/eu.aimcontrollers.com\/wp-content\/uploads\/2019\/11\/build-your-own-xbox.png\",\"width\":1000,\"height\":1000},{\"@type\":\"BreadcrumbList\",\"@id\":\"https:\/\/eu.aimcontrollers.com\/de\/produkt\/build-your-own-xone-s\/#breadcrumb\",\"itemListElement\":[{\"@type\":\"ListItem\",\"position\":1,\"name\":\"Home\",\"item\":\"https:\/\/eu.aimcontrollers.com\/de\/\"},{\"@type\":\"ListItem\",\"position\":2,\"name\":\"Shop\",\"item\":\"https:\/\/eu.aimcontrollers.com\/shop\/\"},{\"@type\":\"ListItem\",\"position\":3,\"name\":\"Build Your Own Xbox Controller\"}]},{\"@type\":\"WebSite\",\"@id\":\"https:\/\/eu.aimcontrollers.com\/de\/#website\",\"url\":\"https:\/\/eu.aimcontrollers.com\/de\/\",\"name\":\"AimControllers - The most affordable competitive controllers for Xbox, PlayStation and PC\",\"description\":\"Eine der gr\u00f6\u00dften Marken, die vollst\u00e4ndig anpassbare und originelle Controller anbietet.\",\"publisher\":{\"@id\":\"https:\/\/eu.aimcontrollers.com\/de\/#organization\"},\"potentialAction\":[{\"@type\":\"SearchAction\",\"target\":{\"@type\":\"EntryPoint\",\"urlTemplate\":\"https:\/\/eu.aimcontrollers.com\/de\/?s={search_term_string}\"},\"query-input\":{\"@type\":\"PropertyValueSpecification\",\"valueRequired\":true,\"valueName\":\"search_term_string\"}}],\"inLanguage\":\"de\"},{\"@type\":\"Organization\",\"@id\":\"https:\/\/eu.aimcontrollers.com\/de\/#organization\",\"name\":\"Aimcontrollers\",\"url\":\"https:\/\/eu.aimcontrollers.com\/de\/\",\"logo\":{\"@type\":\"ImageObject\",\"inLanguage\":\"de\",\"@id\":\"https:\/\/eu.aimcontrollers.com\/de\/#\/schema\/logo\/image\/\",\"url\":\"\",\"contentUrl\":\"\",\"caption\":\"Aimcontrollers\"},\"image\":{\"@id\":\"https:\/\/eu.aimcontrollers.com\/de\/#\/schema\/logo\/image\/\"},\"sameAs\":[\"http:\/\/www.facebook.com\/aimcontrollers\",\"https:\/\/x.com\/AimControllerss\",\"https:\/\/instagram.com\/aimcontrollers\/\",\"https:\/\/www.youtube.com\/user\/aimcontrollerspl\/videos\"]}]}<\/script>\n<!-- \/ Yoast SEO Premium plugin. -->","yoast_head_json":{"title":"Build Your Own Xbox Controller - Aimcontrollers","description":"Die M\u00f6glichkeiten sind riesig, und was du verwendest, liegt an dir - schau dir an, wie unser Konfigurator funktioniert und erstelle deinen Traumcontroller!","robots":{"index":"index","follow":"follow","max-snippet":"max-snippet:-1","max-image-preview":"max-image-preview:large","max-video-preview":"max-video-preview:-1"},"canonical":"https:\/\/eu.aimcontrollers.com\/de\/produkt\/build-your-own-xone-s\/","og_locale":"de_DE","og_type":"article","og_title":"Build Your Own Xbox Controller","og_description":"Die M\u00f6glichkeiten sind riesig, und was du verwendest, liegt an dir - schau dir an, wie unser Konfigurator funktioniert und erstelle deinen Traumcontroller!","og_url":"https:\/\/eu.aimcontrollers.com\/de\/produkt\/build-your-own-xone-s\/","og_site_name":"Aimcontrollers","article_publisher":"http:\/\/www.facebook.com\/aimcontrollers","article_modified_time":"2021-05-10T13:15:15+00:00","og_image":[{"width":1000,"height":1000,"url":"https:\/\/eu.aimcontrollers.com\/wp-content\/uploads\/2019\/11\/build-your-own-xbox.png","type":"image\/png"}],"twitter_card":"summary_large_image","twitter_site":"@AimControllerss","schema":{"@context":"https:\/\/schema.org","@graph":[{"@type":"WebPage","@id":"https:\/\/eu.aimcontrollers.com\/de\/produkt\/build-your-own-xone-s\/","url":"https:\/\/eu.aimcontrollers.com\/de\/produkt\/build-your-own-xone-s\/","name":"Build Your Own Xbox Controller - Aimcontrollers","isPartOf":{"@id":"https:\/\/eu.aimcontrollers.com\/de\/#website"},"primaryImageOfPage":{"@id":"https:\/\/eu.aimcontrollers.com\/de\/produkt\/build-your-own-xone-s\/#primaryimage"},"image":{"@id":"https:\/\/eu.aimcontrollers.com\/de\/produkt\/build-your-own-xone-s\/#primaryimage"},"thumbnailUrl":"https:\/\/eu.aimcontrollers.com\/wp-content\/uploads\/2019\/11\/build-your-own-xbox.png","datePublished":"2019-11-16T11:29:46+00:00","dateModified":"2021-05-10T13:15:15+00:00","description":"Die M\u00f6glichkeiten sind riesig, und was du verwendest, liegt an dir - schau dir an, wie unser Konfigurator funktioniert und erstelle deinen Traumcontroller!","breadcrumb":{"@id":"https:\/\/eu.aimcontrollers.com\/de\/produkt\/build-your-own-xone-s\/#breadcrumb"},"inLanguage":"de","potentialAction":[{"@type":"ReadAction","target":["https:\/\/eu.aimcontrollers.com\/de\/produkt\/build-your-own-xone-s\/"]}]},{"@type":"ImageObject","inLanguage":"de","@id":"https:\/\/eu.aimcontrollers.com\/de\/produkt\/build-your-own-xone-s\/#primaryimage","url":"https:\/\/eu.aimcontrollers.com\/wp-content\/uploads\/2019\/11\/build-your-own-xbox.png","contentUrl":"https:\/\/eu.aimcontrollers.com\/wp-content\/uploads\/2019\/11\/build-your-own-xbox.png","width":1000,"height":1000},{"@type":"BreadcrumbList","@id":"https:\/\/eu.aimcontrollers.com\/de\/produkt\/build-your-own-xone-s\/#breadcrumb","itemListElement":[{"@type":"ListItem","position":1,"name":"Home","item":"https:\/\/eu.aimcontrollers.com\/de\/"},{"@type":"ListItem","position":2,"name":"Shop","item":"https:\/\/eu.aimcontrollers.com\/shop\/"},{"@type":"ListItem","position":3,"name":"Build Your Own Xbox Controller"}]},{"@type":"WebSite","@id":"https:\/\/eu.aimcontrollers.com\/de\/#website","url":"https:\/\/eu.aimcontrollers.com\/de\/","name":"AimControllers - The most affordable competitive controllers for Xbox, PlayStation and PC","description":"Eine der gr\u00f6\u00dften Marken, die vollst\u00e4ndig anpassbare und originelle Controller anbietet.","publisher":{"@id":"https:\/\/eu.aimcontrollers.com\/de\/#organization"},"potentialAction":[{"@type":"SearchAction","target":{"@type":"EntryPoint","urlTemplate":"https:\/\/eu.aimcontrollers.com\/de\/?s={search_term_string}"},"query-input":{"@type":"PropertyValueSpecification","valueRequired":true,"valueName":"search_term_string"}}],"inLanguage":"de"},{"@type":"Organization","@id":"https:\/\/eu.aimcontrollers.com\/de\/#organization","name":"Aimcontrollers","url":"https:\/\/eu.aimcontrollers.com\/de\/","logo":{"@type":"ImageObject","inLanguage":"de","@id":"https:\/\/eu.aimcontrollers.com\/de\/#\/schema\/logo\/image\/","url":"","contentUrl":"","caption":"Aimcontrollers"},"image":{"@id":"https:\/\/eu.aimcontrollers.com\/de\/#\/schema\/logo\/image\/"},"sameAs":["http:\/\/www.facebook.com\/aimcontrollers","https:\/\/x.com\/AimControllerss","https:\/\/instagram.com\/aimcontrollers\/","https:\/\/www.youtube.com\/user\/aimcontrollerspl\/videos"]}]}},"_links":{"self":[{"href":"https:\/\/eu.aimcontrollers.com\/de\/wp-json\/wp\/v2\/product\/1001740","targetHints":{"allow":["GET"]}}],"collection":[{"href":"https:\/\/eu.aimcontrollers.com\/de\/wp-json\/wp\/v2\/product"}],"about":[{"href":"https:\/\/eu.aimcontrollers.com\/de\/wp-json\/wp\/v2\/types\/product"}],"wp:featuredmedia":[{"embeddable":true,"href":"https:\/\/eu.aimcontrollers.com\/de\/wp-json\/wp\/v2\/media\/1000790"}],"wp:attachment":[{"href":"https:\/\/eu.aimcontrollers.com\/de\/wp-json\/wp\/v2\/media?parent=1001740"}],"wp:term":[{"taxonomy":"product_brand","embeddable":true,"href":"https:\/\/eu.aimcontrollers.com\/de\/wp-json\/wp\/v2\/product_brand?post=1001740"},{"taxonomy":"product_cat","embeddable":true,"href":"https:\/\/eu.aimcontrollers.com\/de\/wp-json\/wp\/v2\/product_cat?post=1001740"},{"taxonomy":"product_tag","embeddable":true,"href":"https:\/\/eu.aimcontrollers.com\/de\/wp-json\/wp\/v2\/product_tag?post=1001740"},{"taxonomy":"misspellings","embeddable":true,"href":"https:\/\/eu.aimcontrollers.com\/de\/wp-json\/wp\/v2\/misspellings?post=1001740"}],"curies":[{"name":"wp","href":"https:\/\/api.w.org\/{rel}","templated":true}]}}