{"id":1001742,"date":"2019-11-16T12:39:00","date_gmt":"2019-11-16T11:39:00","guid":{"rendered":"https:\/\/testdo.aimcontrollers.com\/product\/send-in-xbox-one\/"},"modified":"2022-11-28T10:28:43","modified_gmt":"2022-11-28T09:28:43","slug":"send-in-xbox-one","status":"publish","type":"product","link":"https:\/\/eu.aimcontrollers.com\/de\/produkt\/send-in-xbox-one\/","title":{"rendered":"Send in Xbox ONE"},"content":{"rendered":"","protected":false},"excerpt":{"rendered":"<p style=\"text-align: left;\">Sie haben den Bereich SEND-IN betreten.<br \/>\nDiese Option ist auf unserer Website nicht mehr verf\u00fcgbar, und wir werden die an uns gesendeten Controller nicht modifizieren.<br \/>\nBitte beachten Sie, dass diese Option dauerhaft deaktiviert ist und alle Bestellungen nicht bearbeitet werden.<br \/>\nWir entschuldigen uns f\u00fcr etwaige Unannehmlichkeiten, die dadurch entstehen k\u00f6nnen.<br \/>\nWenn Sie eine Bestellung auf unserer Website aufgeben m\u00f6chten, schauen Sie sich bitte unseren Konfigurator an, mit dem Sie Ihr neues Controller vollst\u00e4ndig personalisieren k\u00f6nnen.<\/p>\n<p style=\"text-align: left;\"><strong><a href=\"\/?page_id=1000679\">So einfach ist das! Klicken Sie hier, um einen NEUEN &amp; vollst\u00e4ndig personalisierten AimController zu erstellen.<\/a><\/strong><\/p>\n","protected":false},"featured_media":1000482,"template":"","meta":{"_acf_changed":false,"inline_featured_image":false},"product_brand":[],"product_cat":[1177],"product_tag":[],"misspellings":[],"class_list":{"0":"post-1001742","1":"product","2":"type-product","3":"status-publish","4":"has-post-thumbnail","6":"product_cat-schick-controller","8":"first","9":"outofstock","10":"taxable","11":"shipping-taxable","12":"purchasable","13":"product-type-simple"},"acf":[],"yoast_head":"<!-- This site is optimized with the Yoast SEO Premium plugin v22.4 (Yoast SEO v27.2) - https:\/\/yoast.com\/product\/yoast-seo-premium-wordpress\/ -->\n<title>Send in Xbox ONE - Aimcontrollers<\/title>\n<meta name=\"description\" content=\"Die M\u00f6glichkeiten sind riesig, und was du verwendest, liegt an dir - schau dir an, wie unser Konfigurator funktioniert und erstelle deinen Traumcontroller!\" \/>\n<meta name=\"robots\" content=\"index, follow, max-snippet:-1, max-image-preview:large, max-video-preview:-1\" \/>\n<link rel=\"canonical\" href=\"https:\/\/eu.aimcontrollers.com\/de\/produkt\/send-in-xbox-one\/\" \/>\n<meta property=\"og:locale\" content=\"de_DE\" \/>\n<meta property=\"og:type\" content=\"article\" \/>\n<meta property=\"og:title\" content=\"Send in Xbox ONE\" \/>\n<meta property=\"og:description\" content=\"Die M\u00f6glichkeiten sind riesig, und was du verwendest, liegt an dir - schau dir an, wie unser Konfigurator funktioniert und erstelle deinen Traumcontroller!\" \/>\n<meta property=\"og:url\" content=\"https:\/\/eu.aimcontrollers.com\/de\/produkt\/send-in-xbox-one\/\" \/>\n<meta property=\"og:site_name\" content=\"Aimcontrollers\" \/>\n<meta property=\"article:publisher\" content=\"http:\/\/www.facebook.com\/aimcontrollers\" \/>\n<meta property=\"article:modified_time\" content=\"2022-11-28T09:28:43+00:00\" \/>\n<meta property=\"og:image\" content=\"https:\/\/eu.aimcontrollers.com\/wp-content\/uploads\/2019\/11\/send-in-your-own-xbox1.png\" \/>\n\t<meta property=\"og:image:width\" content=\"1000\" \/>\n\t<meta property=\"og:image:height\" content=\"1000\" \/>\n\t<meta property=\"og:image:type\" content=\"image\/png\" \/>\n<meta name=\"twitter:card\" content=\"summary_large_image\" \/>\n<meta name=\"twitter:site\" content=\"@AimControllerss\" \/>\n<script type=\"application\/ld+json\" class=\"yoast-schema-graph\">{\"@context\":\"https:\/\/schema.org\",\"@graph\":[{\"@type\":\"WebPage\",\"@id\":\"https:\/\/eu.aimcontrollers.com\/de\/produkt\/send-in-xbox-one\/\",\"url\":\"https:\/\/eu.aimcontrollers.com\/de\/produkt\/send-in-xbox-one\/\",\"name\":\"Send in Xbox ONE - Aimcontrollers\",\"isPartOf\":{\"@id\":\"https:\/\/eu.aimcontrollers.com\/de\/#website\"},\"primaryImageOfPage\":{\"@id\":\"https:\/\/eu.aimcontrollers.com\/de\/produkt\/send-in-xbox-one\/#primaryimage\"},\"image\":{\"@id\":\"https:\/\/eu.aimcontrollers.com\/de\/produkt\/send-in-xbox-one\/#primaryimage\"},\"thumbnailUrl\":\"https:\/\/eu.aimcontrollers.com\/wp-content\/uploads\/2019\/11\/send-in-your-own-xbox1.png\",\"datePublished\":\"2019-11-16T11:39:00+00:00\",\"dateModified\":\"2022-11-28T09:28:43+00:00\",\"description\":\"Die M\u00f6glichkeiten sind riesig, und was du verwendest, liegt an dir - schau dir an, wie unser Konfigurator funktioniert und erstelle deinen Traumcontroller!\",\"breadcrumb\":{\"@id\":\"https:\/\/eu.aimcontrollers.com\/de\/produkt\/send-in-xbox-one\/#breadcrumb\"},\"inLanguage\":\"de\",\"potentialAction\":[{\"@type\":\"ReadAction\",\"target\":[\"https:\/\/eu.aimcontrollers.com\/de\/produkt\/send-in-xbox-one\/\"]}]},{\"@type\":\"ImageObject\",\"inLanguage\":\"de\",\"@id\":\"https:\/\/eu.aimcontrollers.com\/de\/produkt\/send-in-xbox-one\/#primaryimage\",\"url\":\"https:\/\/eu.aimcontrollers.com\/wp-content\/uploads\/2019\/11\/send-in-your-own-xbox1.png\",\"contentUrl\":\"https:\/\/eu.aimcontrollers.com\/wp-content\/uploads\/2019\/11\/send-in-your-own-xbox1.png\",\"width\":1000,\"height\":1000,\"caption\":\"send in your own xbox one controller\"},{\"@type\":\"BreadcrumbList\",\"@id\":\"https:\/\/eu.aimcontrollers.com\/de\/produkt\/send-in-xbox-one\/#breadcrumb\",\"itemListElement\":[{\"@type\":\"ListItem\",\"position\":1,\"name\":\"Home\",\"item\":\"https:\/\/eu.aimcontrollers.com\/de\/\"},{\"@type\":\"ListItem\",\"position\":2,\"name\":\"Shop\",\"item\":\"https:\/\/eu.aimcontrollers.com\/shop\/\"},{\"@type\":\"ListItem\",\"position\":3,\"name\":\"Send in Xbox ONE\"}]},{\"@type\":\"WebSite\",\"@id\":\"https:\/\/eu.aimcontrollers.com\/de\/#website\",\"url\":\"https:\/\/eu.aimcontrollers.com\/de\/\",\"name\":\"AimControllers - The most affordable competitive controllers for Xbox, PlayStation and PC\",\"description\":\"Eine der gr\u00f6\u00dften Marken, die vollst\u00e4ndig anpassbare und originelle Controller anbietet.\",\"publisher\":{\"@id\":\"https:\/\/eu.aimcontrollers.com\/de\/#organization\"},\"potentialAction\":[{\"@type\":\"SearchAction\",\"target\":{\"@type\":\"EntryPoint\",\"urlTemplate\":\"https:\/\/eu.aimcontrollers.com\/de\/?s={search_term_string}\"},\"query-input\":{\"@type\":\"PropertyValueSpecification\",\"valueRequired\":true,\"valueName\":\"search_term_string\"}}],\"inLanguage\":\"de\"},{\"@type\":\"Organization\",\"@id\":\"https:\/\/eu.aimcontrollers.com\/de\/#organization\",\"name\":\"Aimcontrollers\",\"url\":\"https:\/\/eu.aimcontrollers.com\/de\/\",\"logo\":{\"@type\":\"ImageObject\",\"inLanguage\":\"de\",\"@id\":\"https:\/\/eu.aimcontrollers.com\/de\/#\/schema\/logo\/image\/\",\"url\":\"\",\"contentUrl\":\"\",\"caption\":\"Aimcontrollers\"},\"image\":{\"@id\":\"https:\/\/eu.aimcontrollers.com\/de\/#\/schema\/logo\/image\/\"},\"sameAs\":[\"http:\/\/www.facebook.com\/aimcontrollers\",\"https:\/\/x.com\/AimControllerss\",\"https:\/\/instagram.com\/aimcontrollers\/\",\"https:\/\/www.youtube.com\/user\/aimcontrollerspl\/videos\"]}]}<\/script>\n<!-- \/ Yoast SEO Premium plugin. -->","yoast_head_json":{"title":"Send in Xbox ONE - Aimcontrollers","description":"Die M\u00f6glichkeiten sind riesig, und was du verwendest, liegt an dir - schau dir an, wie unser Konfigurator funktioniert und erstelle deinen Traumcontroller!","robots":{"index":"index","follow":"follow","max-snippet":"max-snippet:-1","max-image-preview":"max-image-preview:large","max-video-preview":"max-video-preview:-1"},"canonical":"https:\/\/eu.aimcontrollers.com\/de\/produkt\/send-in-xbox-one\/","og_locale":"de_DE","og_type":"article","og_title":"Send in Xbox ONE","og_description":"Die M\u00f6glichkeiten sind riesig, und was du verwendest, liegt an dir - schau dir an, wie unser Konfigurator funktioniert und erstelle deinen Traumcontroller!","og_url":"https:\/\/eu.aimcontrollers.com\/de\/produkt\/send-in-xbox-one\/","og_site_name":"Aimcontrollers","article_publisher":"http:\/\/www.facebook.com\/aimcontrollers","article_modified_time":"2022-11-28T09:28:43+00:00","og_image":[{"width":1000,"height":1000,"url":"https:\/\/eu.aimcontrollers.com\/wp-content\/uploads\/2019\/11\/send-in-your-own-xbox1.png","type":"image\/png"}],"twitter_card":"summary_large_image","twitter_site":"@AimControllerss","schema":{"@context":"https:\/\/schema.org","@graph":[{"@type":"WebPage","@id":"https:\/\/eu.aimcontrollers.com\/de\/produkt\/send-in-xbox-one\/","url":"https:\/\/eu.aimcontrollers.com\/de\/produkt\/send-in-xbox-one\/","name":"Send in Xbox ONE - Aimcontrollers","isPartOf":{"@id":"https:\/\/eu.aimcontrollers.com\/de\/#website"},"primaryImageOfPage":{"@id":"https:\/\/eu.aimcontrollers.com\/de\/produkt\/send-in-xbox-one\/#primaryimage"},"image":{"@id":"https:\/\/eu.aimcontrollers.com\/de\/produkt\/send-in-xbox-one\/#primaryimage"},"thumbnailUrl":"https:\/\/eu.aimcontrollers.com\/wp-content\/uploads\/2019\/11\/send-in-your-own-xbox1.png","datePublished":"2019-11-16T11:39:00+00:00","dateModified":"2022-11-28T09:28:43+00:00","description":"Die M\u00f6glichkeiten sind riesig, und was du verwendest, liegt an dir - schau dir an, wie unser Konfigurator funktioniert und erstelle deinen Traumcontroller!","breadcrumb":{"@id":"https:\/\/eu.aimcontrollers.com\/de\/produkt\/send-in-xbox-one\/#breadcrumb"},"inLanguage":"de","potentialAction":[{"@type":"ReadAction","target":["https:\/\/eu.aimcontrollers.com\/de\/produkt\/send-in-xbox-one\/"]}]},{"@type":"ImageObject","inLanguage":"de","@id":"https:\/\/eu.aimcontrollers.com\/de\/produkt\/send-in-xbox-one\/#primaryimage","url":"https:\/\/eu.aimcontrollers.com\/wp-content\/uploads\/2019\/11\/send-in-your-own-xbox1.png","contentUrl":"https:\/\/eu.aimcontrollers.com\/wp-content\/uploads\/2019\/11\/send-in-your-own-xbox1.png","width":1000,"height":1000,"caption":"send in your own xbox one controller"},{"@type":"BreadcrumbList","@id":"https:\/\/eu.aimcontrollers.com\/de\/produkt\/send-in-xbox-one\/#breadcrumb","itemListElement":[{"@type":"ListItem","position":1,"name":"Home","item":"https:\/\/eu.aimcontrollers.com\/de\/"},{"@type":"ListItem","position":2,"name":"Shop","item":"https:\/\/eu.aimcontrollers.com\/shop\/"},{"@type":"ListItem","position":3,"name":"Send in Xbox ONE"}]},{"@type":"WebSite","@id":"https:\/\/eu.aimcontrollers.com\/de\/#website","url":"https:\/\/eu.aimcontrollers.com\/de\/","name":"AimControllers - The most affordable competitive controllers for Xbox, PlayStation and PC","description":"Eine der gr\u00f6\u00dften Marken, die vollst\u00e4ndig anpassbare und originelle Controller anbietet.","publisher":{"@id":"https:\/\/eu.aimcontrollers.com\/de\/#organization"},"potentialAction":[{"@type":"SearchAction","target":{"@type":"EntryPoint","urlTemplate":"https:\/\/eu.aimcontrollers.com\/de\/?s={search_term_string}"},"query-input":{"@type":"PropertyValueSpecification","valueRequired":true,"valueName":"search_term_string"}}],"inLanguage":"de"},{"@type":"Organization","@id":"https:\/\/eu.aimcontrollers.com\/de\/#organization","name":"Aimcontrollers","url":"https:\/\/eu.aimcontrollers.com\/de\/","logo":{"@type":"ImageObject","inLanguage":"de","@id":"https:\/\/eu.aimcontrollers.com\/de\/#\/schema\/logo\/image\/","url":"","contentUrl":"","caption":"Aimcontrollers"},"image":{"@id":"https:\/\/eu.aimcontrollers.com\/de\/#\/schema\/logo\/image\/"},"sameAs":["http:\/\/www.facebook.com\/aimcontrollers","https:\/\/x.com\/AimControllerss","https:\/\/instagram.com\/aimcontrollers\/","https:\/\/www.youtube.com\/user\/aimcontrollerspl\/videos"]}]}},"_links":{"self":[{"href":"https:\/\/eu.aimcontrollers.com\/de\/wp-json\/wp\/v2\/product\/1001742","targetHints":{"allow":["GET"]}}],"collection":[{"href":"https:\/\/eu.aimcontrollers.com\/de\/wp-json\/wp\/v2\/product"}],"about":[{"href":"https:\/\/eu.aimcontrollers.com\/de\/wp-json\/wp\/v2\/types\/product"}],"wp:featuredmedia":[{"embeddable":true,"href":"https:\/\/eu.aimcontrollers.com\/de\/wp-json\/wp\/v2\/media\/1000482"}],"wp:attachment":[{"href":"https:\/\/eu.aimcontrollers.com\/de\/wp-json\/wp\/v2\/media?parent=1001742"}],"wp:term":[{"taxonomy":"product_brand","embeddable":true,"href":"https:\/\/eu.aimcontrollers.com\/de\/wp-json\/wp\/v2\/product_brand?post=1001742"},{"taxonomy":"product_cat","embeddable":true,"href":"https:\/\/eu.aimcontrollers.com\/de\/wp-json\/wp\/v2\/product_cat?post=1001742"},{"taxonomy":"product_tag","embeddable":true,"href":"https:\/\/eu.aimcontrollers.com\/de\/wp-json\/wp\/v2\/product_tag?post=1001742"},{"taxonomy":"misspellings","embeddable":true,"href":"https:\/\/eu.aimcontrollers.com\/de\/wp-json\/wp\/v2\/misspellings?post=1001742"}],"curies":[{"name":"wp","href":"https:\/\/api.w.org\/{rel}","templated":true}]}}