{"id":1044913,"date":"2020-06-29T09:09:24","date_gmt":"2020-06-29T07:15:42","guid":{"rendered":"https:\/\/eu.aimcontrollers.com\/?post_type=product&#038;p=1044913"},"modified":"2025-02-04T13:59:24","modified_gmt":"2025-02-04T12:59:24","slug":"aim-diamond-ps4","status":"publish","type":"product","link":"https:\/\/eu.aimcontrollers.com\/de\/produkt\/aim-diamond-ps4\/","title":{"rendered":"Aim Diamond PS4"},"content":{"rendered":"","protected":false},"excerpt":{"rendered":"<p><span style=\"font-weight: 400;\"><strong>Diamond Aimcontroller PS4<\/strong> ist die perfekte Wahl f\u00fcr die Personen, f\u00fcr die das einzigartige und moderne Design wichtig ist.\u00a0<\/span><\/p>\n<p><span style=\"font-weight: 400;\">Der Controller wurde mit einer Schicht beschichtet, die dazu f\u00fchrt, dass er Controller den Diamant-Glanz scheint und er bekommt einen unterschiedlichen Farbton je nach Lichtst\u00e4rke, was die unglaublichen und blitzartigen Effekte bringt.\u00a0<\/span><\/p>\n<p><span style=\"font-weight: 400;\">Sie k\u00f6nnen den Controller beliebig modifizieren, wodurch er Ihrem Bedarf v\u00f6llig angepasst sein wird.<\/span><\/p>\n<p>&nbsp;<\/p>\n<ul>\n<li><strong>Lebenslange Garantie<\/strong><\/li>\n<li>Basierend auf dem Originalprodukt von Sony \u2013 PlayStation DualShock v2<\/li>\n<li>Entworfen und hergestellt in Europa<\/li>\n<li>Kompatibel mit PS4 und PC<\/li>\n<li>Vollst\u00e4ndig personalisiert<\/li>\n<\/ul>\n<p><span style=\"font-weight: 400;\">\u00a0<\/span><\/p>\n","protected":false},"featured_media":0,"template":"","meta":{"_acf_changed":false,"inline_featured_image":false},"product_brand":[],"product_cat":[1175],"product_tag":[],"misspellings":[],"class_list":{"0":"post-1044913","1":"product","2":"type-product","3":"status-publish","5":"product_cat-ps4-controllers-de","7":"first","8":"instock","9":"taxable","10":"shipping-taxable","11":"purchasable","12":"product-type-simple"},"acf":[],"yoast_head":"<!-- This site is optimized with the Yoast SEO Premium plugin v22.4 (Yoast SEO v27.4) - https:\/\/yoast.com\/product\/yoast-seo-premium-wordpress\/ -->\n<title>Aim Diamond PS4 - Aimcontrollers<\/title>\n<meta name=\"description\" content=\"Diamond Aimcontroller PS4 ist die perfekte Wahl f\u00fcr die Personen, f\u00fcr die das einzigartige und moderne Design wichtig ist.\u00a0\" \/>\n<meta name=\"robots\" content=\"index, follow, max-snippet:-1, max-image-preview:large, max-video-preview:-1\" \/>\n<link rel=\"canonical\" href=\"https:\/\/eu.aimcontrollers.com\/de\/produkt\/aim-diamond-ps4\/\" \/>\n<meta property=\"og:locale\" content=\"de_DE\" \/>\n<meta property=\"og:type\" content=\"article\" \/>\n<meta property=\"og:title\" content=\"Aim Diamond PS4\" \/>\n<meta property=\"og:description\" content=\"Diamond Aimcontroller PS4 ist die perfekte Wahl f\u00fcr die Personen, f\u00fcr die das einzigartige und moderne Design wichtig ist.\u00a0\" \/>\n<meta property=\"og:url\" content=\"https:\/\/eu.aimcontrollers.com\/de\/produkt\/aim-diamond-ps4\/\" \/>\n<meta property=\"og:site_name\" content=\"Aimcontrollers\" \/>\n<meta property=\"article:publisher\" content=\"http:\/\/www.facebook.com\/aimcontrollers\" \/>\n<meta property=\"article:modified_time\" content=\"2025-02-04T12:59:24+00:00\" \/>\n<meta name=\"twitter:card\" content=\"summary_large_image\" \/>\n<meta name=\"twitter:site\" content=\"@AimControllerss\" \/>\n<script type=\"application\/ld+json\" class=\"yoast-schema-graph\">{\"@context\":\"https:\\\/\\\/schema.org\",\"@graph\":[{\"@type\":\"WebPage\",\"@id\":\"https:\\\/\\\/eu.aimcontrollers.com\\\/de\\\/produkt\\\/aim-diamond-ps4\\\/\",\"url\":\"https:\\\/\\\/eu.aimcontrollers.com\\\/de\\\/produkt\\\/aim-diamond-ps4\\\/\",\"name\":\"Aim Diamond PS4 - Aimcontrollers\",\"isPartOf\":{\"@id\":\"https:\\\/\\\/eu.aimcontrollers.com\\\/de\\\/#website\"},\"datePublished\":\"2020-06-29T07:15:42+00:00\",\"dateModified\":\"2025-02-04T12:59:24+00:00\",\"description\":\"Diamond Aimcontroller PS4 ist die perfekte Wahl f\u00fcr die Personen, f\u00fcr die das einzigartige und moderne Design wichtig ist.\u00a0\",\"breadcrumb\":{\"@id\":\"https:\\\/\\\/eu.aimcontrollers.com\\\/de\\\/produkt\\\/aim-diamond-ps4\\\/#breadcrumb\"},\"inLanguage\":\"de\",\"potentialAction\":[{\"@type\":\"ReadAction\",\"target\":[\"https:\\\/\\\/eu.aimcontrollers.com\\\/de\\\/produkt\\\/aim-diamond-ps4\\\/\"]}]},{\"@type\":\"BreadcrumbList\",\"@id\":\"https:\\\/\\\/eu.aimcontrollers.com\\\/de\\\/produkt\\\/aim-diamond-ps4\\\/#breadcrumb\",\"itemListElement\":[{\"@type\":\"ListItem\",\"position\":1,\"name\":\"Home\",\"item\":\"https:\\\/\\\/eu.aimcontrollers.com\\\/de\\\/\"},{\"@type\":\"ListItem\",\"position\":2,\"name\":\"Shop\",\"item\":\"https:\\\/\\\/eu.aimcontrollers.com\\\/shop\\\/\"},{\"@type\":\"ListItem\",\"position\":3,\"name\":\"Aim Diamond PS4\"}]},{\"@type\":\"WebSite\",\"@id\":\"https:\\\/\\\/eu.aimcontrollers.com\\\/de\\\/#website\",\"url\":\"https:\\\/\\\/eu.aimcontrollers.com\\\/de\\\/\",\"name\":\"AimControllers - The most affordable competitive controllers for Xbox, PlayStation and PC\",\"description\":\"Eine der gr\u00f6\u00dften Marken, die vollst\u00e4ndig anpassbare und originelle Controller anbietet.\",\"publisher\":{\"@id\":\"https:\\\/\\\/eu.aimcontrollers.com\\\/de\\\/#organization\"},\"potentialAction\":[{\"@type\":\"SearchAction\",\"target\":{\"@type\":\"EntryPoint\",\"urlTemplate\":\"https:\\\/\\\/eu.aimcontrollers.com\\\/de\\\/?s={search_term_string}\"},\"query-input\":{\"@type\":\"PropertyValueSpecification\",\"valueRequired\":true,\"valueName\":\"search_term_string\"}}],\"inLanguage\":\"de\"},{\"@type\":\"Organization\",\"@id\":\"https:\\\/\\\/eu.aimcontrollers.com\\\/de\\\/#organization\",\"name\":\"Aimcontrollers\",\"url\":\"https:\\\/\\\/eu.aimcontrollers.com\\\/de\\\/\",\"logo\":{\"@type\":\"ImageObject\",\"inLanguage\":\"de\",\"@id\":\"https:\\\/\\\/eu.aimcontrollers.com\\\/de\\\/#\\\/schema\\\/logo\\\/image\\\/\",\"url\":\"\",\"contentUrl\":\"\",\"caption\":\"Aimcontrollers\"},\"image\":{\"@id\":\"https:\\\/\\\/eu.aimcontrollers.com\\\/de\\\/#\\\/schema\\\/logo\\\/image\\\/\"},\"sameAs\":[\"http:\\\/\\\/www.facebook.com\\\/aimcontrollers\",\"https:\\\/\\\/x.com\\\/AimControllerss\",\"https:\\\/\\\/instagram.com\\\/aimcontrollers\\\/\",\"https:\\\/\\\/www.youtube.com\\\/user\\\/aimcontrollerspl\\\/videos\"]}]}<\/script>\n<!-- \/ Yoast SEO Premium plugin. -->","yoast_head_json":{"title":"Aim Diamond PS4 - Aimcontrollers","description":"Diamond Aimcontroller PS4 ist die perfekte Wahl f\u00fcr die Personen, f\u00fcr die das einzigartige und moderne Design wichtig ist.\u00a0","robots":{"index":"index","follow":"follow","max-snippet":"max-snippet:-1","max-image-preview":"max-image-preview:large","max-video-preview":"max-video-preview:-1"},"canonical":"https:\/\/eu.aimcontrollers.com\/de\/produkt\/aim-diamond-ps4\/","og_locale":"de_DE","og_type":"article","og_title":"Aim Diamond PS4","og_description":"Diamond Aimcontroller PS4 ist die perfekte Wahl f\u00fcr die Personen, f\u00fcr die das einzigartige und moderne Design wichtig ist.\u00a0","og_url":"https:\/\/eu.aimcontrollers.com\/de\/produkt\/aim-diamond-ps4\/","og_site_name":"Aimcontrollers","article_publisher":"http:\/\/www.facebook.com\/aimcontrollers","article_modified_time":"2025-02-04T12:59:24+00:00","twitter_card":"summary_large_image","twitter_site":"@AimControllerss","schema":{"@context":"https:\/\/schema.org","@graph":[{"@type":"WebPage","@id":"https:\/\/eu.aimcontrollers.com\/de\/produkt\/aim-diamond-ps4\/","url":"https:\/\/eu.aimcontrollers.com\/de\/produkt\/aim-diamond-ps4\/","name":"Aim Diamond PS4 - Aimcontrollers","isPartOf":{"@id":"https:\/\/eu.aimcontrollers.com\/de\/#website"},"datePublished":"2020-06-29T07:15:42+00:00","dateModified":"2025-02-04T12:59:24+00:00","description":"Diamond Aimcontroller PS4 ist die perfekte Wahl f\u00fcr die Personen, f\u00fcr die das einzigartige und moderne Design wichtig ist.\u00a0","breadcrumb":{"@id":"https:\/\/eu.aimcontrollers.com\/de\/produkt\/aim-diamond-ps4\/#breadcrumb"},"inLanguage":"de","potentialAction":[{"@type":"ReadAction","target":["https:\/\/eu.aimcontrollers.com\/de\/produkt\/aim-diamond-ps4\/"]}]},{"@type":"BreadcrumbList","@id":"https:\/\/eu.aimcontrollers.com\/de\/produkt\/aim-diamond-ps4\/#breadcrumb","itemListElement":[{"@type":"ListItem","position":1,"name":"Home","item":"https:\/\/eu.aimcontrollers.com\/de\/"},{"@type":"ListItem","position":2,"name":"Shop","item":"https:\/\/eu.aimcontrollers.com\/shop\/"},{"@type":"ListItem","position":3,"name":"Aim Diamond PS4"}]},{"@type":"WebSite","@id":"https:\/\/eu.aimcontrollers.com\/de\/#website","url":"https:\/\/eu.aimcontrollers.com\/de\/","name":"AimControllers - The most affordable competitive controllers for Xbox, PlayStation and PC","description":"Eine der gr\u00f6\u00dften Marken, die vollst\u00e4ndig anpassbare und originelle Controller anbietet.","publisher":{"@id":"https:\/\/eu.aimcontrollers.com\/de\/#organization"},"potentialAction":[{"@type":"SearchAction","target":{"@type":"EntryPoint","urlTemplate":"https:\/\/eu.aimcontrollers.com\/de\/?s={search_term_string}"},"query-input":{"@type":"PropertyValueSpecification","valueRequired":true,"valueName":"search_term_string"}}],"inLanguage":"de"},{"@type":"Organization","@id":"https:\/\/eu.aimcontrollers.com\/de\/#organization","name":"Aimcontrollers","url":"https:\/\/eu.aimcontrollers.com\/de\/","logo":{"@type":"ImageObject","inLanguage":"de","@id":"https:\/\/eu.aimcontrollers.com\/de\/#\/schema\/logo\/image\/","url":"","contentUrl":"","caption":"Aimcontrollers"},"image":{"@id":"https:\/\/eu.aimcontrollers.com\/de\/#\/schema\/logo\/image\/"},"sameAs":["http:\/\/www.facebook.com\/aimcontrollers","https:\/\/x.com\/AimControllerss","https:\/\/instagram.com\/aimcontrollers\/","https:\/\/www.youtube.com\/user\/aimcontrollerspl\/videos"]}]}},"_links":{"self":[{"href":"https:\/\/eu.aimcontrollers.com\/de\/wp-json\/wp\/v2\/product\/1044913","targetHints":{"allow":["GET"]}}],"collection":[{"href":"https:\/\/eu.aimcontrollers.com\/de\/wp-json\/wp\/v2\/product"}],"about":[{"href":"https:\/\/eu.aimcontrollers.com\/de\/wp-json\/wp\/v2\/types\/product"}],"wp:attachment":[{"href":"https:\/\/eu.aimcontrollers.com\/de\/wp-json\/wp\/v2\/media?parent=1044913"}],"wp:term":[{"taxonomy":"product_brand","embeddable":true,"href":"https:\/\/eu.aimcontrollers.com\/de\/wp-json\/wp\/v2\/product_brand?post=1044913"},{"taxonomy":"product_cat","embeddable":true,"href":"https:\/\/eu.aimcontrollers.com\/de\/wp-json\/wp\/v2\/product_cat?post=1044913"},{"taxonomy":"product_tag","embeddable":true,"href":"https:\/\/eu.aimcontrollers.com\/de\/wp-json\/wp\/v2\/product_tag?post=1044913"},{"taxonomy":"misspellings","embeddable":true,"href":"https:\/\/eu.aimcontrollers.com\/de\/wp-json\/wp\/v2\/misspellings?post=1044913"}],"curies":[{"name":"wp","href":"https:\/\/api.w.org\/{rel}","templated":true}]}}