{"id":1122563,"date":"2020-09-02T11:07:55","date_gmt":"2020-09-07T09:09:32","guid":{"rendered":"https:\/\/testdo.aimcontrollers.com\/?post_type=product&#038;p=1022563"},"modified":"2022-10-13T12:14:15","modified_gmt":"2022-10-13T10:14:15","slug":"aimcontrollers-rgb-mechanische-tastatur","status":"publish","type":"product","link":"https:\/\/eu.aimcontrollers.com\/de\/produkt\/aimcontrollers-rgb-mechanische-tastatur\/","title":{"rendered":"AimControllers RGB Mechanische Tastatur"},"content":{"rendered":"<p>&nbsp;<\/p>\n\n\t<section class=\"section\" id=\"section_1615500923\">\n\t\t<div class=\"section-bg fill\" >\n\t\t\t\t\t\t\t\t\t\n\t\t\t\n\n\t\t<\/div>\n\n\t\t\n\n\t\t<div class=\"section-content relative\">\n\t\t\t\n<div class=\"row\"  id=\"row-1318925538\">\n\n\t<div id=\"col-1180276767\" class=\"col small-12 large-12\"  >\n\t\t\t\t<div class=\"col-inner\" style=\"background-color:rgb(255,255,255);\" >\n\t\t\t\n\t\t\t\n<div class=\"text-center\"><div class=\"is-divider divider clearfix\" style=\"margin-top:10px;margin-bottom:10px;background-color:rgba(0, 0, 0, 0.16);\"><\/div><\/div>\n<div class=\"row align-center\"  id=\"row-2096055176\">\n\n\t<div id=\"col-700881451\" class=\"col medium-9 small-12 large-7\"  >\n\t\t\t\t<div class=\"col-inner text-center\"  >\n\t\t\t\n\t\t\t\n<h2>AimControllers RGB Mechanische Tastatur<\/h2>\n<p>Wir erf\u00fcllen die Erwartungen der Spieler und haben eine Tastatur hergestellt, die durch ihre Haltbarkeit und das moderne Aussehen die Erwartungen der anspruchsvollsten Spieler erf\u00fcllt. Sie sieht am Schreibtisch eines jeden Gamers zauberhaft und professionell aus. Z\u00f6gern Sie nicht und verschaffen Sie sich schon jetzt den Wettbewerbsvorteil durch die AimControllers RGB Mechanische Tastatur<\/p>\n\t\t<\/div>\n\t\t\t\t\n<style>\n#col-700881451 > .col-inner {\n  margin: 10px 0px 0px 0px;\n}\n@media (min-width:550px) {\n  #col-700881451 > .col-inner {\n    margin: 20px 0px 20px 0px;\n  }\n}\n<\/style>\n\t<\/div>\n\n\t\n<\/div>\n<div class=\"row row-full-width align-center\"  id=\"row-913839314\">\n\n\t<div id=\"col-1620647427\" class=\"col medium-11 small-12 large-10\"  >\n\t\t\t\t<div class=\"col-inner\"  >\n\t\t\t\n\t\t\t\n\t<div class=\"img has-hover x md-x lg-x y md-y lg-y\" id=\"image_428636591\">\n\t\t\t\t\t\t\t\t<div class=\"img-inner dark\" >\n\t\t\t<img loading=\"lazy\" decoding=\"async\" width=\"1020\" height=\"264\" src=\"https:\/\/eu.aimcontrollers.com\/wp-content\/uploads\/2020\/09\/keyboard_aimcontrollers_2.png\" class=\"attachment-large size-large\" alt=\"\" srcset=\"https:\/\/eu.aimcontrollers.com\/wp-content\/uploads\/2020\/09\/keyboard_aimcontrollers_2.png 1350w, https:\/\/eu.aimcontrollers.com\/wp-content\/uploads\/2020\/09\/keyboard_aimcontrollers_2-500x129.png 500w, https:\/\/eu.aimcontrollers.com\/wp-content\/uploads\/2020\/09\/keyboard_aimcontrollers_2-800x207.png 800w, https:\/\/eu.aimcontrollers.com\/wp-content\/uploads\/2020\/09\/keyboard_aimcontrollers_2-768x199.png 768w\" sizes=\"auto, (max-width: 1020px) 100vw, 1020px\" \/>\t\t\t\t\t\t\n\t\t\t\t\t<\/div>\n\t\t\t\t\t\t\t\t\n<style>\n#image_428636591 {\n  width: 100%;\n}\n@media (min-width:550px) {\n  #image_428636591 {\n    width: 100%;\n  }\n}\n<\/style>\n\t<\/div>\n\t\n\t<div id=\"gap-595174518\" class=\"gap-element clearfix\" style=\"display:block; height:auto;\">\n\t\t\n<style>\n#gap-595174518 {\n  padding-top: 30px;\n}\n<\/style>\n\t<\/div>\n\t\n\t\t<\/div>\n\t\t\t\t\n<style>\n#col-1620647427 > .col-inner {\n  margin: 0px 0px -150px 0px;\n}\n@media (min-width:550px) {\n  #col-1620647427 > .col-inner {\n    margin: 0px 0px -160px 0px;\n  }\n}\n<\/style>\n\t<\/div>\n\n\t\n<\/div>\n\t\t<\/div>\n\t\t\t\t\n<style>\n#col-1180276767 > .col-inner {\n  padding: 50px 0px 0px 0px;\n  margin: -70px 0px 0px 0px;\n}\n<\/style>\n\t<\/div>\n\n\t\n<\/div>\n\t\t<\/div>\n\n\t\t\n<style>\n#section_1615500923 {\n  padding-top: 30px;\n  padding-bottom: 30px;\n}\n<\/style>\n\t<\/section>\n\t\n\n\t<section class=\"section\" id=\"section_2021652150\">\n\t\t<div class=\"section-bg fill\" >\n\t\t\t\t\t\t\t\t\t\n\t\t\t\n\n\t\t<\/div>\n\n\t\t\n\n\t\t<div class=\"section-content relative\">\n\t\t\t\n<div class=\"row align-center\"  id=\"row-1684491614\">\n\n\t<div id=\"col-1487191233\" class=\"col medium-11 small-12 large-10\"  >\n\t\t\t\t<div class=\"col-inner text-center\"  >\n\t\t\t\n\t\t\t\n<h2>Mechanische Tastatur<\/h2>\n<p>Die wesentlich gr\u00f6\u00dfere Haltbarkeit und die 10-Male l\u00e4ngere Lebensdauer im Vergleich zu den klassischen Tastaturen und ein solides Metallgeh\u00e4use sorgen f\u00fcr unseren noch gr\u00f6\u00dferen Komfort aus dem Spielen w\u00e4hrend langer Stunden der Gaming-Sitzungen.<\/p>\n<ul>\n<li style=\"display: inline-block;\"><img decoding=\"async\" src=\"\/wp-content\/themes\/flatsome-child\/img\/ikony\/check-black.svg\" width=\"22px\" height=\"22px\" \/> Mechanische Tastatur in voller Gr\u00f6\u00dfe<\/li>\n<li style=\"display: inline-block;\"><img decoding=\"async\" src=\"\/wp-content\/themes\/flatsome-child\/img\/ikony\/check-black.svg\" width=\"22px\" height=\"22px\" \/> Volle RGB-Beleuchtung<\/li>\n<li style=\"display: inline-block;\"><img decoding=\"async\" src=\"\/wp-content\/themes\/flatsome-child\/img\/ikony\/check-black.svg\" width=\"22px\" height=\"22px\" \/> Mechanische Blaue Schalter<\/li>\n<li style=\"display: inline-block;\"><img decoding=\"async\" src=\"\/wp-content\/themes\/flatsome-child\/img\/ikony\/check-black.svg\" width=\"22px\" height=\"22px\" \/> Multimedia-Funktionstasten<\/li>\n<\/ul>\n\t<div id=\"gap-2019927447\" class=\"gap-element clearfix\" style=\"display:block; height:auto;\">\n\t\t\n<style>\n#gap-2019927447 {\n  padding-top: 30px;\n}\n<\/style>\n\t<\/div>\n\t\n\t\t<\/div>\n\t\t\t\t\t<\/div>\n\n\t\n\n<style>\n#row-1684491614 > .col > .col-inner {\n  padding: 50px 0px 20px 0px;\n}\n@media (min-width:550px) {\n  #row-1684491614 > .col > .col-inner {\n    padding: 100px 0px 50px 0px;\n  }\n}\n<\/style>\n<\/div>\n\t\t<\/div>\n\n\t\t\n<style>\n#section_2021652150 {\n  padding-top: 0px;\n  padding-bottom: 0px;\n}\n<\/style>\n\t<\/section>\n\t\n<div class=\"row row-collapse row-full-width align-equal\"  id=\"row-955899852\">\n\n\t<div id=\"col-1461787017\" class=\"col medium-6 small-12 large-6\"  >\n\t\t\t\t<div class=\"col-inner\"  >\n\t\t\t\n\t\t\t\n\t<div class=\"img has-hover x md-x lg-x y md-y lg-y\" id=\"image_1884400523\">\n\t\t\t\t\t\t\t\t<div class=\"img-inner dark\" >\n\t\t\t<img loading=\"lazy\" decoding=\"async\" width=\"800\" height=\"800\" src=\"https:\/\/eu.aimcontrollers.com\/wp-content\/uploads\/2020\/09\/rgb-back-800x800.jpg\" class=\"attachment-large size-large\" alt=\"rgb backlight\" srcset=\"https:\/\/eu.aimcontrollers.com\/wp-content\/uploads\/2020\/09\/rgb-back-800x800.jpg 800w, https:\/\/eu.aimcontrollers.com\/wp-content\/uploads\/2020\/09\/rgb-back-500x500.jpg 500w, https:\/\/eu.aimcontrollers.com\/wp-content\/uploads\/2020\/09\/rgb-back-100x100.jpg 100w, https:\/\/eu.aimcontrollers.com\/wp-content\/uploads\/2020\/09\/rgb-back-400x400.jpg 400w, https:\/\/eu.aimcontrollers.com\/wp-content\/uploads\/2020\/09\/rgb-back-280x280.jpg 280w, https:\/\/eu.aimcontrollers.com\/wp-content\/uploads\/2020\/09\/rgb-back-768x768.jpg 768w, https:\/\/eu.aimcontrollers.com\/wp-content\/uploads\/2020\/09\/rgb-back.jpg 1000w\" sizes=\"auto, (max-width: 800px) 100vw, 800px\" \/>\t\t\t\t\t\t\n\t\t\t\t\t<\/div>\n\t\t\t\t\t\t\t\t\n<style>\n#image_1884400523 {\n  width: 100%;\n}\n<\/style>\n\t<\/div>\n\t\n\t\t<\/div>\n\t\t\t\t\t<\/div>\n\n\t\n\n\t<div id=\"col-603517108\" class=\"col medium-6 small-12 large-6\"  >\n\t\t\t\t<div class=\"col-inner text-left\"  >\n\t\t\t\n\t\t\t\n<h3>RGB<\/h3>\n<p>Die gehighlightete Tastatur lockt mit dem einzigartigen Design an und stellt eine bequeme L\u00f6sung f\u00fcr die Nachteulen dar. Bis 13 M\u00f6glichkeiten der Farbeinstellungen und Arten der Tastaturhighlights. Die breite Auswahl l\u00e4sst sie unseren Pr\u00e4ferenzen anpassen.<\/p>\n<p>Mit der RGB-Beleuchtung der Tastatur k\u00f6nnen Sie jetzt zusehen, wie Ihre Tastatur zum Leben erweckt wird.<\/p>\n\t\t<\/div>\n\t\t\t\t\n<style>\n#col-603517108 > .col-inner {\n  padding: 26px 15px 0px 15px;\n}\n@media (min-width:550px) {\n  #col-603517108 > .col-inner {\n    padding: 60px 30px 0px 30px;\n  }\n}\n@media (min-width:850px) {\n  #col-603517108 > .col-inner {\n    padding: 250px 30px 0px 30px;\n  }\n}\n<\/style>\n\t<\/div>\n\n\t\n<\/div>\n<div class=\"row row-collapse row-full-width align-equal\"  id=\"row-605708766\">\n\n\t<div id=\"col-288249174\" class=\"col medium-6 small-12 large-6\"  >\n\t\t\t\t<div class=\"col-inner text-left\"  >\n\t\t\t\n\t\t\t\n<h3>Zugeh\u00f6rige Software<\/h3>\n<p>Die Funktion f\u00fcr die Erstellung eines Makros, die die Tastenanordnung einer Taste zuordnen l\u00e4sst, was Ihnen viele M\u00f6glichkeiten bietet und Ihnen den Wettbewerbsvorteil verschaffen l\u00e4sst.<\/p>\n<p>Installieren Sie die Software und w\u00e4hlen Sie eines der Profile, Profil 1, Profil 2 oder Profil 3. Sie sind f\u00fcr 3 verschiedene Spiele. Jetzt sind Sie bereit zum Handeln!<\/p>\n<a href=\"\/download\/\" class=\"button primary is-outline is-larger\"  >\n\t\t<span>Software herunterladen<\/span>\n\t<i class=\"icon-angle-down\" aria-hidden=\"true\" ><\/i><\/a>\n\n\t\t<\/div>\n\t\t\t\t\n<style>\n#col-288249174 > .col-inner {\n  padding: 26px 15px 0px 15px;\n}\n@media (min-width:550px) {\n  #col-288249174 > .col-inner {\n    padding: 60px 30px 0px 30px;\n  }\n}\n@media (min-width:850px) {\n  #col-288249174 > .col-inner {\n    padding: 250px 30px 0px 30px;\n  }\n}\n<\/style>\n\t<\/div>\n\n\t\n\n\t<div id=\"col-799369147\" class=\"col medium-6 small-12 large-6 small-col-first\"  >\n\t\t\t\t<div class=\"col-inner\"  >\n\t\t\t\n\t\t\t\n\t<div class=\"img has-hover x md-x lg-x y md-y lg-y\" id=\"image_655407808\">\n\t\t\t\t\t\t\t\t<div class=\"img-inner dark\" >\n\t\t\t<img loading=\"lazy\" decoding=\"async\" width=\"800\" height=\"800\" src=\"https:\/\/eu.aimcontrollers.com\/wp-content\/uploads\/2020\/09\/dedicated-soft-1-800x800.jpg\" class=\"attachment-large size-large\" alt=\"\" srcset=\"https:\/\/eu.aimcontrollers.com\/wp-content\/uploads\/2020\/09\/dedicated-soft-1-800x800.jpg 800w, https:\/\/eu.aimcontrollers.com\/wp-content\/uploads\/2020\/09\/dedicated-soft-1-500x500.jpg 500w, https:\/\/eu.aimcontrollers.com\/wp-content\/uploads\/2020\/09\/dedicated-soft-1-100x100.jpg 100w, https:\/\/eu.aimcontrollers.com\/wp-content\/uploads\/2020\/09\/dedicated-soft-1-400x400.jpg 400w, https:\/\/eu.aimcontrollers.com\/wp-content\/uploads\/2020\/09\/dedicated-soft-1-280x280.jpg 280w, https:\/\/eu.aimcontrollers.com\/wp-content\/uploads\/2020\/09\/dedicated-soft-1-768x768.jpg 768w, https:\/\/eu.aimcontrollers.com\/wp-content\/uploads\/2020\/09\/dedicated-soft-1.jpg 1000w\" sizes=\"auto, (max-width: 800px) 100vw, 800px\" \/>\t\t\t\t\t\t\n\t\t\t\t\t<\/div>\n\t\t\t\t\t\t\t\t\n<style>\n#image_655407808 {\n  width: 100%;\n}\n<\/style>\n\t<\/div>\n\t\n\t\t<\/div>\n\t\t\t\t\t<\/div>\n\n\t\n<\/div>\n<div class=\"row row-collapse row-full-width\"  id=\"row-180294321\">\n\n\t<div id=\"col-109664988\" class=\"col mboxbg small-12 large-12\"  >\n\t\t\t\t<div class=\"col-inner\" style=\"background-color:rgb(247, 247, 247);\" >\n\t\t\t\n\t\t\t\n<div class=\"row row-collapse align-middle\"  id=\"row-1064419236\">\n\n\t<div id=\"col-481707557\" class=\"col medium-6 small-12 large-6\"  >\n\t\t\t\t<div class=\"col-inner\"  >\n\t\t\t\n\t\t\t\n<h2 style=\"font-size: 200%;\">SPEZIFIKATION<\/h2>\n<ul>\n<li>Kabelgebundene mechanische Tastatur in voller Gr\u00f6\u00dfe<\/li>\n<li>RGB-Lichtbeleuchtung (13 Kundeneinstellungen)<\/li>\n<li>Software mit Makrotastenfunktion<\/li>\n<li>Multimedia- und Funktionstasten<\/li>\n<li>Mechanische Blaue Schalter<\/li>\n<li>Metalldeckel, 104 Schl\u00fcssel,<\/li>\n<li>Plug &amp; Play USB-Kabel<\/li>\n<li>Unterst\u00fctztes Betriebssystem Windows 10\/8\/7\/Vista\/XP<\/li>\n<\/ul>\n\t\t<\/div>\n\t\t\t\t\t<\/div>\n\n\t\n\n\t<div id=\"col-2091149720\" class=\"col hide-for-medium medium-6 small-12 large-6\"  >\n\t\t\t\t<div class=\"col-inner text-center\"  >\n\t\t\t\n\t\t\t\n\t<div class=\"img has-hover x md-x lg-x y md-y lg-y\" id=\"image_1611908860\">\n\t\t\t\t\t\t\t\t<div class=\"img-inner dark\" >\n\t\t\t<img loading=\"lazy\" decoding=\"async\" width=\"800\" height=\"800\" src=\"https:\/\/eu.aimcontrollers.com\/wp-content\/uploads\/2020\/09\/keyboard_aimcontrollers-2a-800x800.png\" class=\"attachment-large size-large\" alt=\"keyboard aimcontrollers 2a\" srcset=\"https:\/\/eu.aimcontrollers.com\/wp-content\/uploads\/2020\/09\/keyboard_aimcontrollers-2a-800x800.png 800w, https:\/\/eu.aimcontrollers.com\/wp-content\/uploads\/2020\/09\/keyboard_aimcontrollers-2a-500x500.png 500w, https:\/\/eu.aimcontrollers.com\/wp-content\/uploads\/2020\/09\/keyboard_aimcontrollers-2a-100x100.png 100w, https:\/\/eu.aimcontrollers.com\/wp-content\/uploads\/2020\/09\/keyboard_aimcontrollers-2a-400x400.png 400w, https:\/\/eu.aimcontrollers.com\/wp-content\/uploads\/2020\/09\/keyboard_aimcontrollers-2a-280x280.png 280w, https:\/\/eu.aimcontrollers.com\/wp-content\/uploads\/2020\/09\/keyboard_aimcontrollers-2a-768x768.png 768w, https:\/\/eu.aimcontrollers.com\/wp-content\/uploads\/2020\/09\/keyboard_aimcontrollers-2a.png 1000w\" sizes=\"auto, (max-width: 800px) 100vw, 800px\" \/>\t\t\t\t\t\t\n\t\t\t\t\t<\/div>\n\t\t\t\t\t\t\t\t\n<style>\n#image_1611908860 {\n  width: 100%;\n}\n@media (min-width:550px) {\n  #image_1611908860 {\n    width: 100%;\n  }\n}\n<\/style>\n\t<\/div>\n\t\n\t\t<\/div>\n\t\t\t\t\t<\/div>\n\n\t\n<\/div>\n\t\t<\/div>\n\t\t\t\t\n<style>\n#col-109664988 > .col-inner {\n  margin: 25px 0px 0px 0px;\n}\n@media (min-width:550px) {\n  #col-109664988 > .col-inner {\n    margin: 50px 0px 0px 0px;\n  }\n}\n<\/style>\n\t<\/div>\n\n\t\n\n<style>\n#row-180294321 > .col > .col-inner {\n  padding: 40px 40px 40px 40px;\n}\n@media (min-width:550px) {\n  #row-180294321 > .col > .col-inner {\n    padding: 50px 50px 50px 50px;\n  }\n}\n@media (min-width:850px) {\n  #row-180294321 > .col > .col-inner {\n    padding: 20px 100px 20px 100px;\n  }\n}\n<\/style>\n<\/div>\n","protected":false},"excerpt":{"rendered":"<p>Moderne mechanische Tastatur f\u00fcr alle! Hier ist die erstklassige AimControllers RGB Mechanische Tastatur<\/p>\n","protected":false},"featured_media":1121848,"template":"","meta":{"_acf_changed":false,"inline_featured_image":false},"product_brand":[],"product_cat":[3920],"product_tag":[],"misspellings":[],"class_list":{"0":"post-1122563","1":"product","2":"type-product","3":"status-publish","4":"has-post-thumbnail","6":"product_cat-tastaturen","8":"first","9":"instock","10":"taxable","11":"shipping-taxable","12":"purchasable","13":"product-type-simple"},"acf":[],"yoast_head":"<!-- This site is optimized with the Yoast SEO Premium plugin v22.4 (Yoast SEO v27.5) - https:\/\/yoast.com\/product\/yoast-seo-premium-wordpress\/ -->\n<title>RGB Mechanische Tastatur - Hochwertige Tastatur f\u00fcr Spielers - Aimcontrollers<\/title>\n<meta name=\"robots\" content=\"index, follow, max-snippet:-1, max-image-preview:large, max-video-preview:-1\" \/>\n<link rel=\"canonical\" href=\"https:\/\/eu.aimcontrollers.com\/de\/produkt\/aimcontrollers-rgb-mechanische-tastatur\/\" \/>\n<meta property=\"og:locale\" content=\"de_DE\" \/>\n<meta property=\"og:type\" content=\"article\" \/>\n<meta property=\"og:title\" content=\"AimControllers RGB Mechanische Tastatur\" \/>\n<meta property=\"og:description\" content=\"Moderne mechanische Tastatur f\u00fcr alle! Hier ist die erstklassige AimControllers RGB Mechanische Tastatur\" \/>\n<meta property=\"og:url\" content=\"https:\/\/eu.aimcontrollers.com\/de\/produkt\/aimcontrollers-rgb-mechanische-tastatur\/\" \/>\n<meta property=\"og:site_name\" content=\"Aimcontrollers\" \/>\n<meta property=\"article:publisher\" content=\"http:\/\/www.facebook.com\/aimcontrollers\" \/>\n<meta property=\"article:modified_time\" content=\"2022-10-13T10:14:15+00:00\" \/>\n<meta property=\"og:image\" content=\"https:\/\/eu.aimcontrollers.com\/wp-content\/uploads\/2020\/09\/keyboard_aimcontrollers.png\" \/>\n\t<meta property=\"og:image:width\" content=\"1000\" \/>\n\t<meta property=\"og:image:height\" content=\"1000\" \/>\n\t<meta property=\"og:image:type\" content=\"image\/png\" \/>\n<meta name=\"twitter:card\" content=\"summary_large_image\" \/>\n<meta name=\"twitter:site\" content=\"@AimControllerss\" \/>\n<meta name=\"twitter:label1\" content=\"Gesch\u00e4tzte Lesezeit\" \/>\n\t<meta name=\"twitter:data1\" content=\"3\u00a0Minuten\" \/>\n<script type=\"application\/ld+json\" class=\"yoast-schema-graph\">{\"@context\":\"https:\\\/\\\/schema.org\",\"@graph\":[{\"@type\":\"WebPage\",\"@id\":\"https:\\\/\\\/eu.aimcontrollers.com\\\/de\\\/produkt\\\/aimcontrollers-rgb-mechanische-tastatur\\\/\",\"url\":\"https:\\\/\\\/eu.aimcontrollers.com\\\/de\\\/produkt\\\/aimcontrollers-rgb-mechanische-tastatur\\\/\",\"name\":\"RGB Mechanische Tastatur - Hochwertige Tastatur f\u00fcr Spielers - Aimcontrollers\",\"isPartOf\":{\"@id\":\"https:\\\/\\\/eu.aimcontrollers.com\\\/de\\\/#website\"},\"primaryImageOfPage\":{\"@id\":\"https:\\\/\\\/eu.aimcontrollers.com\\\/de\\\/produkt\\\/aimcontrollers-rgb-mechanische-tastatur\\\/#primaryimage\"},\"image\":{\"@id\":\"https:\\\/\\\/eu.aimcontrollers.com\\\/de\\\/produkt\\\/aimcontrollers-rgb-mechanische-tastatur\\\/#primaryimage\"},\"thumbnailUrl\":\"https:\\\/\\\/eu.aimcontrollers.com\\\/wp-content\\\/uploads\\\/2020\\\/09\\\/keyboard_aimcontrollers.png\",\"datePublished\":\"2020-09-07T09:09:32+00:00\",\"dateModified\":\"2022-10-13T10:14:15+00:00\",\"breadcrumb\":{\"@id\":\"https:\\\/\\\/eu.aimcontrollers.com\\\/de\\\/produkt\\\/aimcontrollers-rgb-mechanische-tastatur\\\/#breadcrumb\"},\"inLanguage\":\"de\",\"potentialAction\":[{\"@type\":\"ReadAction\",\"target\":[\"https:\\\/\\\/eu.aimcontrollers.com\\\/de\\\/produkt\\\/aimcontrollers-rgb-mechanische-tastatur\\\/\"]}]},{\"@type\":\"ImageObject\",\"inLanguage\":\"de\",\"@id\":\"https:\\\/\\\/eu.aimcontrollers.com\\\/de\\\/produkt\\\/aimcontrollers-rgb-mechanische-tastatur\\\/#primaryimage\",\"url\":\"https:\\\/\\\/eu.aimcontrollers.com\\\/wp-content\\\/uploads\\\/2020\\\/09\\\/keyboard_aimcontrollers.png\",\"contentUrl\":\"https:\\\/\\\/eu.aimcontrollers.com\\\/wp-content\\\/uploads\\\/2020\\\/09\\\/keyboard_aimcontrollers.png\",\"width\":1000,\"height\":1000,\"caption\":\"keyboard aimcontrollers\"},{\"@type\":\"BreadcrumbList\",\"@id\":\"https:\\\/\\\/eu.aimcontrollers.com\\\/de\\\/produkt\\\/aimcontrollers-rgb-mechanische-tastatur\\\/#breadcrumb\",\"itemListElement\":[{\"@type\":\"ListItem\",\"position\":1,\"name\":\"Home\",\"item\":\"https:\\\/\\\/eu.aimcontrollers.com\\\/de\\\/\"},{\"@type\":\"ListItem\",\"position\":2,\"name\":\"Shop\",\"item\":\"https:\\\/\\\/eu.aimcontrollers.com\\\/shop\\\/\"},{\"@type\":\"ListItem\",\"position\":3,\"name\":\"AimControllers RGB Mechanische Tastatur\"}]},{\"@type\":\"WebSite\",\"@id\":\"https:\\\/\\\/eu.aimcontrollers.com\\\/de\\\/#website\",\"url\":\"https:\\\/\\\/eu.aimcontrollers.com\\\/de\\\/\",\"name\":\"AimControllers - The most affordable competitive controllers for Xbox, PlayStation and PC\",\"description\":\"Eine der gr\u00f6\u00dften Marken, die vollst\u00e4ndig anpassbare und originelle Controller anbietet.\",\"publisher\":{\"@id\":\"https:\\\/\\\/eu.aimcontrollers.com\\\/de\\\/#organization\"},\"potentialAction\":[{\"@type\":\"SearchAction\",\"target\":{\"@type\":\"EntryPoint\",\"urlTemplate\":\"https:\\\/\\\/eu.aimcontrollers.com\\\/de\\\/?s={search_term_string}\"},\"query-input\":{\"@type\":\"PropertyValueSpecification\",\"valueRequired\":true,\"valueName\":\"search_term_string\"}}],\"inLanguage\":\"de\"},{\"@type\":\"Organization\",\"@id\":\"https:\\\/\\\/eu.aimcontrollers.com\\\/de\\\/#organization\",\"name\":\"Aimcontrollers\",\"url\":\"https:\\\/\\\/eu.aimcontrollers.com\\\/de\\\/\",\"logo\":{\"@type\":\"ImageObject\",\"inLanguage\":\"de\",\"@id\":\"https:\\\/\\\/eu.aimcontrollers.com\\\/de\\\/#\\\/schema\\\/logo\\\/image\\\/\",\"url\":\"\",\"contentUrl\":\"\",\"caption\":\"Aimcontrollers\"},\"image\":{\"@id\":\"https:\\\/\\\/eu.aimcontrollers.com\\\/de\\\/#\\\/schema\\\/logo\\\/image\\\/\"},\"sameAs\":[\"http:\\\/\\\/www.facebook.com\\\/aimcontrollers\",\"https:\\\/\\\/x.com\\\/AimControllerss\",\"https:\\\/\\\/instagram.com\\\/aimcontrollers\\\/\",\"https:\\\/\\\/www.youtube.com\\\/user\\\/aimcontrollerspl\\\/videos\"]}]}<\/script>\n<!-- \/ Yoast SEO Premium plugin. -->","yoast_head_json":{"title":"RGB Mechanische Tastatur - Hochwertige Tastatur f\u00fcr Spielers - Aimcontrollers","robots":{"index":"index","follow":"follow","max-snippet":"max-snippet:-1","max-image-preview":"max-image-preview:large","max-video-preview":"max-video-preview:-1"},"canonical":"https:\/\/eu.aimcontrollers.com\/de\/produkt\/aimcontrollers-rgb-mechanische-tastatur\/","og_locale":"de_DE","og_type":"article","og_title":"AimControllers RGB Mechanische Tastatur","og_description":"Moderne mechanische Tastatur f\u00fcr alle! Hier ist die erstklassige AimControllers RGB Mechanische Tastatur","og_url":"https:\/\/eu.aimcontrollers.com\/de\/produkt\/aimcontrollers-rgb-mechanische-tastatur\/","og_site_name":"Aimcontrollers","article_publisher":"http:\/\/www.facebook.com\/aimcontrollers","article_modified_time":"2022-10-13T10:14:15+00:00","og_image":[{"width":1000,"height":1000,"url":"https:\/\/eu.aimcontrollers.com\/wp-content\/uploads\/2020\/09\/keyboard_aimcontrollers.png","type":"image\/png"}],"twitter_card":"summary_large_image","twitter_site":"@AimControllerss","twitter_misc":{"Gesch\u00e4tzte Lesezeit":"3\u00a0Minuten"},"schema":{"@context":"https:\/\/schema.org","@graph":[{"@type":"WebPage","@id":"https:\/\/eu.aimcontrollers.com\/de\/produkt\/aimcontrollers-rgb-mechanische-tastatur\/","url":"https:\/\/eu.aimcontrollers.com\/de\/produkt\/aimcontrollers-rgb-mechanische-tastatur\/","name":"RGB Mechanische Tastatur - Hochwertige Tastatur f\u00fcr Spielers - Aimcontrollers","isPartOf":{"@id":"https:\/\/eu.aimcontrollers.com\/de\/#website"},"primaryImageOfPage":{"@id":"https:\/\/eu.aimcontrollers.com\/de\/produkt\/aimcontrollers-rgb-mechanische-tastatur\/#primaryimage"},"image":{"@id":"https:\/\/eu.aimcontrollers.com\/de\/produkt\/aimcontrollers-rgb-mechanische-tastatur\/#primaryimage"},"thumbnailUrl":"https:\/\/eu.aimcontrollers.com\/wp-content\/uploads\/2020\/09\/keyboard_aimcontrollers.png","datePublished":"2020-09-07T09:09:32+00:00","dateModified":"2022-10-13T10:14:15+00:00","breadcrumb":{"@id":"https:\/\/eu.aimcontrollers.com\/de\/produkt\/aimcontrollers-rgb-mechanische-tastatur\/#breadcrumb"},"inLanguage":"de","potentialAction":[{"@type":"ReadAction","target":["https:\/\/eu.aimcontrollers.com\/de\/produkt\/aimcontrollers-rgb-mechanische-tastatur\/"]}]},{"@type":"ImageObject","inLanguage":"de","@id":"https:\/\/eu.aimcontrollers.com\/de\/produkt\/aimcontrollers-rgb-mechanische-tastatur\/#primaryimage","url":"https:\/\/eu.aimcontrollers.com\/wp-content\/uploads\/2020\/09\/keyboard_aimcontrollers.png","contentUrl":"https:\/\/eu.aimcontrollers.com\/wp-content\/uploads\/2020\/09\/keyboard_aimcontrollers.png","width":1000,"height":1000,"caption":"keyboard aimcontrollers"},{"@type":"BreadcrumbList","@id":"https:\/\/eu.aimcontrollers.com\/de\/produkt\/aimcontrollers-rgb-mechanische-tastatur\/#breadcrumb","itemListElement":[{"@type":"ListItem","position":1,"name":"Home","item":"https:\/\/eu.aimcontrollers.com\/de\/"},{"@type":"ListItem","position":2,"name":"Shop","item":"https:\/\/eu.aimcontrollers.com\/shop\/"},{"@type":"ListItem","position":3,"name":"AimControllers RGB Mechanische Tastatur"}]},{"@type":"WebSite","@id":"https:\/\/eu.aimcontrollers.com\/de\/#website","url":"https:\/\/eu.aimcontrollers.com\/de\/","name":"AimControllers - The most affordable competitive controllers for Xbox, PlayStation and PC","description":"Eine der gr\u00f6\u00dften Marken, die vollst\u00e4ndig anpassbare und originelle Controller anbietet.","publisher":{"@id":"https:\/\/eu.aimcontrollers.com\/de\/#organization"},"potentialAction":[{"@type":"SearchAction","target":{"@type":"EntryPoint","urlTemplate":"https:\/\/eu.aimcontrollers.com\/de\/?s={search_term_string}"},"query-input":{"@type":"PropertyValueSpecification","valueRequired":true,"valueName":"search_term_string"}}],"inLanguage":"de"},{"@type":"Organization","@id":"https:\/\/eu.aimcontrollers.com\/de\/#organization","name":"Aimcontrollers","url":"https:\/\/eu.aimcontrollers.com\/de\/","logo":{"@type":"ImageObject","inLanguage":"de","@id":"https:\/\/eu.aimcontrollers.com\/de\/#\/schema\/logo\/image\/","url":"","contentUrl":"","caption":"Aimcontrollers"},"image":{"@id":"https:\/\/eu.aimcontrollers.com\/de\/#\/schema\/logo\/image\/"},"sameAs":["http:\/\/www.facebook.com\/aimcontrollers","https:\/\/x.com\/AimControllerss","https:\/\/instagram.com\/aimcontrollers\/","https:\/\/www.youtube.com\/user\/aimcontrollerspl\/videos"]}]}},"_links":{"self":[{"href":"https:\/\/eu.aimcontrollers.com\/de\/wp-json\/wp\/v2\/product\/1122563","targetHints":{"allow":["GET"]}}],"collection":[{"href":"https:\/\/eu.aimcontrollers.com\/de\/wp-json\/wp\/v2\/product"}],"about":[{"href":"https:\/\/eu.aimcontrollers.com\/de\/wp-json\/wp\/v2\/types\/product"}],"wp:featuredmedia":[{"embeddable":true,"href":"https:\/\/eu.aimcontrollers.com\/de\/wp-json\/wp\/v2\/media\/1121848"}],"wp:attachment":[{"href":"https:\/\/eu.aimcontrollers.com\/de\/wp-json\/wp\/v2\/media?parent=1122563"}],"wp:term":[{"taxonomy":"product_brand","embeddable":true,"href":"https:\/\/eu.aimcontrollers.com\/de\/wp-json\/wp\/v2\/product_brand?post=1122563"},{"taxonomy":"product_cat","embeddable":true,"href":"https:\/\/eu.aimcontrollers.com\/de\/wp-json\/wp\/v2\/product_cat?post=1122563"},{"taxonomy":"product_tag","embeddable":true,"href":"https:\/\/eu.aimcontrollers.com\/de\/wp-json\/wp\/v2\/product_tag?post=1122563"},{"taxonomy":"misspellings","embeddable":true,"href":"https:\/\/eu.aimcontrollers.com\/de\/wp-json\/wp\/v2\/misspellings?post=1122563"}],"curies":[{"name":"wp","href":"https:\/\/api.w.org\/{rel}","templated":true}]}}