{"id":1122670,"date":"2020-09-08T17:37:29","date_gmt":"2020-09-09T07:04:46","guid":{"rendered":"https:\/\/testdo.aimcontrollers.com\/?post_type=product&#038;p=1022670"},"modified":"2022-10-13T12:14:15","modified_gmt":"2022-10-13T10:14:15","slug":"aimcontrollers-mausmatte-xl","status":"publish","type":"product","link":"https:\/\/eu.aimcontrollers.com\/de\/produkt\/aimcontrollers-mausmatte-xl\/","title":{"rendered":"AimControllers Mausmatte XL"},"content":{"rendered":"\n\t<section class=\"section mbg\" id=\"section_1315217383\">\n\t\t<div class=\"section-bg fill\" >\n\t\t\t\t\t\t\t\t\t\n\t\t\t\n\n\t\t<\/div>\n\n\t\t\n\n\t\t<div class=\"section-content relative\">\n\t\t\t\n<div class=\"row row-collapse row-full-width align-middle\"  id=\"row-470469080\">\n\n\t<div id=\"col-1448399629\" class=\"col medium-6 small-12 large-6\"  >\n\t\t\t\t<div class=\"col-inner text-left\"  >\n\t\t\t\n\t\t\t\n<p>Die mit gr\u00f6\u00dfter Sorgfalt hergestellte Mausmatte sorgt f\u00fcr den gr\u00f6\u00dften Nutzungskomfort f\u00fcr eine Maus, indem sie die Kontrolle \u00fcber die Mausfunktion vergr\u00f6\u00dfert, was die \u00dcberlegenheit \u00fcber die anderen Personen in jedem Spielbereich vergr\u00f6\u00dfert.<br \/>\nAusgestattet mit stabilem unteren Teil, erf\u00fcllt die Erwartungen aller Benutzer. Die gehighlighteten Kanten machen einen gro\u00dfen Eindruck und lassen die Matte professionell aussehen. Z\u00f6gern Sie nicht und verschaffen Sie sich schon jetzt den Wettbewerbsvorteil durch die AimControllers Mausmatte XL<\/p>\n<h3><img decoding=\"async\" src=\"\/wp-content\/themes\/flatsome-child\/img\/ikony\/check-black.svg\" width=\"22px\" height=\"22px\" \/> Highlightmodus<\/h3>\n<p>Es sind bis 9 Modi zur Auswahl, die den eigenen Pr\u00e4ferenzen angepasst werden k\u00f6nnen.<\/p>\n<h3><strong><img decoding=\"async\" src=\"\/wp-content\/themes\/flatsome-child\/img\/ikony\/check-black.svg\" width=\"22px\" height=\"22px\" \/><\/strong>Ausf\u00fchrung<\/h3>\n<p>Der stabile untere Teil der Matte vergr\u00f6\u00dfert ihre Haltbarkeit, wodurch sie f\u00fcr die mechanischen Besch\u00e4digungen best\u00e4ndiger ist. Die Ausf\u00fchrung von hoher Qualit\u00e4t sorgt f\u00fcr unseren Nutzungskomfort.<\/p>\n<h3><img decoding=\"async\" src=\"\/wp-content\/themes\/flatsome-child\/img\/ikony\/check-black.svg\" width=\"22px\" height=\"22px\" \/> Gr\u00f6\u00dfe<\/h3>\n<p>Es ist die perfekte Matte f\u00fcr jeden, der \u00fcber wenig Platz auf seinem Schreibtisch verf\u00fcgt. Trotz der kleinen Ma\u00dfe erf\u00fcllt sie ihre Aufgaben ausgezeichnet.<\/p>\n<p><strong>L\u00e4nge 362 mm, Breite 264 mm, St\u00e4rke 4 mm.<\/strong><\/p>\n\t\t<\/div>\n\t\t\t\t\n<style>\n#col-1448399629 > .col-inner {\n  padding: 10% 10% 10% 10%;\n  max-width: 520px;\n}\n<\/style>\n\t<\/div>\n\n\t\n\n\t<div id=\"col-834965659\" class=\"col medium-6 small-12 large-6 small-col-first\"  >\n\t\t\t\t<div class=\"col-inner\"  >\n\t\t\t\n\t\t\t\n\t<div class=\"img has-hover x md-x lg-x y md-y lg-y\" id=\"image_432672706\">\n\t\t\t\t\t\t\t\t<div class=\"img-inner dark\" >\n\t\t\t<img loading=\"lazy\" decoding=\"async\" width=\"800\" height=\"800\" src=\"https:\/\/eu.aimcontrollers.com\/wp-content\/uploads\/2020\/09\/mousepad_small_1000px-800x800.png\" class=\"attachment-large size-large\" alt=\"AimControllers Mousepad\" srcset=\"https:\/\/eu.aimcontrollers.com\/wp-content\/uploads\/2020\/09\/mousepad_small_1000px-800x800.png 800w, https:\/\/eu.aimcontrollers.com\/wp-content\/uploads\/2020\/09\/mousepad_small_1000px-500x500.png 500w, https:\/\/eu.aimcontrollers.com\/wp-content\/uploads\/2020\/09\/mousepad_small_1000px-100x100.png 100w, https:\/\/eu.aimcontrollers.com\/wp-content\/uploads\/2020\/09\/mousepad_small_1000px-400x400.png 400w, https:\/\/eu.aimcontrollers.com\/wp-content\/uploads\/2020\/09\/mousepad_small_1000px-280x280.png 280w, https:\/\/eu.aimcontrollers.com\/wp-content\/uploads\/2020\/09\/mousepad_small_1000px-768x768.png 768w, https:\/\/eu.aimcontrollers.com\/wp-content\/uploads\/2020\/09\/mousepad_small_1000px.png 1000w\" sizes=\"auto, (max-width: 800px) 100vw, 800px\" \/>\t\t\t\t\t\t\n\t\t\t\t\t<\/div>\n\t\t\t\t\t\t\t\t\n<style>\n#image_432672706 {\n  width: 100%;\n}\n<\/style>\n\t<\/div>\n\t\n\t\t<\/div>\n\t\t\t\t\t<\/div>\n\n\t\n<\/div>\n\t\t<\/div>\n\n\t\t\n<style>\n#section_1315217383 {\n  padding-top: 0px;\n  padding-bottom: 0px;\n  background-color: rgb(244, 244, 244);\n}\n<\/style>\n\t<\/section>\n\t\n","protected":false},"excerpt":{"rendered":"<p>Gehighlightete Mausmatte mit Gleitschutz Hier ist die AimControllers Mausmatte XL von hoher Qualit\u00e4t.<\/p>\n","protected":false},"featured_media":1122648,"template":"","meta":{"_acf_changed":false,"inline_featured_image":false},"product_brand":[],"product_cat":[4060],"product_tag":[],"misspellings":[],"class_list":{"0":"post-1122670","1":"product","2":"type-product","3":"status-publish","4":"has-post-thumbnail","6":"product_cat-mausmatte","8":"first","9":"outofstock","10":"taxable","11":"shipping-taxable","12":"purchasable","13":"product-type-simple"},"acf":[],"yoast_head":"<!-- This site is optimized with the Yoast SEO Premium plugin v22.4 (Yoast SEO v27.2) - https:\/\/yoast.com\/product\/yoast-seo-premium-wordpress\/ -->\n<title>AimControllers Mausmatte XL - Aimcontrollers<\/title>\n<meta name=\"robots\" content=\"index, follow, max-snippet:-1, max-image-preview:large, max-video-preview:-1\" \/>\n<link rel=\"canonical\" href=\"https:\/\/eu.aimcontrollers.com\/de\/produkt\/aimcontrollers-mausmatte-xl\/\" \/>\n<meta property=\"og:locale\" content=\"de_DE\" \/>\n<meta property=\"og:type\" content=\"article\" \/>\n<meta property=\"og:title\" content=\"AimControllers Mausmatte XL\" \/>\n<meta property=\"og:description\" content=\"Gehighlightete Mausmatte mit Gleitschutz Hier ist die AimControllers Mausmatte XL von hoher Qualit\u00e4t.\" \/>\n<meta property=\"og:url\" content=\"https:\/\/eu.aimcontrollers.com\/de\/produkt\/aimcontrollers-mausmatte-xl\/\" \/>\n<meta property=\"og:site_name\" content=\"Aimcontrollers\" \/>\n<meta property=\"article:publisher\" content=\"http:\/\/www.facebook.com\/aimcontrollers\" \/>\n<meta property=\"article:modified_time\" content=\"2022-10-13T10:14:15+00:00\" \/>\n<meta property=\"og:image\" content=\"https:\/\/eu.aimcontrollers.com\/wp-content\/uploads\/2020\/09\/mousepad_small_1000px.png\" \/>\n\t<meta property=\"og:image:width\" content=\"1000\" \/>\n\t<meta property=\"og:image:height\" content=\"1000\" \/>\n\t<meta property=\"og:image:type\" content=\"image\/png\" \/>\n<meta name=\"twitter:card\" content=\"summary_large_image\" \/>\n<meta name=\"twitter:site\" content=\"@AimControllerss\" \/>\n<meta name=\"twitter:label1\" content=\"Gesch\u00e4tzte Lesezeit\" \/>\n\t<meta name=\"twitter:data1\" content=\"1\u00a0Minute\" \/>\n<script type=\"application\/ld+json\" class=\"yoast-schema-graph\">{\"@context\":\"https:\/\/schema.org\",\"@graph\":[{\"@type\":\"WebPage\",\"@id\":\"https:\/\/eu.aimcontrollers.com\/de\/produkt\/aimcontrollers-mausmatte-xl\/\",\"url\":\"https:\/\/eu.aimcontrollers.com\/de\/produkt\/aimcontrollers-mausmatte-xl\/\",\"name\":\"AimControllers Mausmatte XL - Aimcontrollers\",\"isPartOf\":{\"@id\":\"https:\/\/eu.aimcontrollers.com\/de\/#website\"},\"primaryImageOfPage\":{\"@id\":\"https:\/\/eu.aimcontrollers.com\/de\/produkt\/aimcontrollers-mausmatte-xl\/#primaryimage\"},\"image\":{\"@id\":\"https:\/\/eu.aimcontrollers.com\/de\/produkt\/aimcontrollers-mausmatte-xl\/#primaryimage\"},\"thumbnailUrl\":\"https:\/\/eu.aimcontrollers.com\/wp-content\/uploads\/2020\/09\/mousepad_small_1000px.png\",\"datePublished\":\"2020-09-09T07:04:46+00:00\",\"dateModified\":\"2022-10-13T10:14:15+00:00\",\"breadcrumb\":{\"@id\":\"https:\/\/eu.aimcontrollers.com\/de\/produkt\/aimcontrollers-mausmatte-xl\/#breadcrumb\"},\"inLanguage\":\"de\",\"potentialAction\":[{\"@type\":\"ReadAction\",\"target\":[\"https:\/\/eu.aimcontrollers.com\/de\/produkt\/aimcontrollers-mausmatte-xl\/\"]}]},{\"@type\":\"ImageObject\",\"inLanguage\":\"de\",\"@id\":\"https:\/\/eu.aimcontrollers.com\/de\/produkt\/aimcontrollers-mausmatte-xl\/#primaryimage\",\"url\":\"https:\/\/eu.aimcontrollers.com\/wp-content\/uploads\/2020\/09\/mousepad_small_1000px.png\",\"contentUrl\":\"https:\/\/eu.aimcontrollers.com\/wp-content\/uploads\/2020\/09\/mousepad_small_1000px.png\",\"width\":1000,\"height\":1000,\"caption\":\"AimControllers Mousepad\"},{\"@type\":\"BreadcrumbList\",\"@id\":\"https:\/\/eu.aimcontrollers.com\/de\/produkt\/aimcontrollers-mausmatte-xl\/#breadcrumb\",\"itemListElement\":[{\"@type\":\"ListItem\",\"position\":1,\"name\":\"Home\",\"item\":\"https:\/\/eu.aimcontrollers.com\/de\/\"},{\"@type\":\"ListItem\",\"position\":2,\"name\":\"Shop\",\"item\":\"https:\/\/eu.aimcontrollers.com\/shop\/\"},{\"@type\":\"ListItem\",\"position\":3,\"name\":\"AimControllers Mausmatte XL\"}]},{\"@type\":\"WebSite\",\"@id\":\"https:\/\/eu.aimcontrollers.com\/de\/#website\",\"url\":\"https:\/\/eu.aimcontrollers.com\/de\/\",\"name\":\"AimControllers - The most affordable competitive controllers for Xbox, PlayStation and PC\",\"description\":\"Eine der gr\u00f6\u00dften Marken, die vollst\u00e4ndig anpassbare und originelle Controller anbietet.\",\"publisher\":{\"@id\":\"https:\/\/eu.aimcontrollers.com\/de\/#organization\"},\"potentialAction\":[{\"@type\":\"SearchAction\",\"target\":{\"@type\":\"EntryPoint\",\"urlTemplate\":\"https:\/\/eu.aimcontrollers.com\/de\/?s={search_term_string}\"},\"query-input\":{\"@type\":\"PropertyValueSpecification\",\"valueRequired\":true,\"valueName\":\"search_term_string\"}}],\"inLanguage\":\"de\"},{\"@type\":\"Organization\",\"@id\":\"https:\/\/eu.aimcontrollers.com\/de\/#organization\",\"name\":\"Aimcontrollers\",\"url\":\"https:\/\/eu.aimcontrollers.com\/de\/\",\"logo\":{\"@type\":\"ImageObject\",\"inLanguage\":\"de\",\"@id\":\"https:\/\/eu.aimcontrollers.com\/de\/#\/schema\/logo\/image\/\",\"url\":\"\",\"contentUrl\":\"\",\"caption\":\"Aimcontrollers\"},\"image\":{\"@id\":\"https:\/\/eu.aimcontrollers.com\/de\/#\/schema\/logo\/image\/\"},\"sameAs\":[\"http:\/\/www.facebook.com\/aimcontrollers\",\"https:\/\/x.com\/AimControllerss\",\"https:\/\/instagram.com\/aimcontrollers\/\",\"https:\/\/www.youtube.com\/user\/aimcontrollerspl\/videos\"]}]}<\/script>\n<!-- \/ Yoast SEO Premium plugin. -->","yoast_head_json":{"title":"AimControllers Mausmatte XL - Aimcontrollers","robots":{"index":"index","follow":"follow","max-snippet":"max-snippet:-1","max-image-preview":"max-image-preview:large","max-video-preview":"max-video-preview:-1"},"canonical":"https:\/\/eu.aimcontrollers.com\/de\/produkt\/aimcontrollers-mausmatte-xl\/","og_locale":"de_DE","og_type":"article","og_title":"AimControllers Mausmatte XL","og_description":"Gehighlightete Mausmatte mit Gleitschutz Hier ist die AimControllers Mausmatte XL von hoher Qualit\u00e4t.","og_url":"https:\/\/eu.aimcontrollers.com\/de\/produkt\/aimcontrollers-mausmatte-xl\/","og_site_name":"Aimcontrollers","article_publisher":"http:\/\/www.facebook.com\/aimcontrollers","article_modified_time":"2022-10-13T10:14:15+00:00","og_image":[{"width":1000,"height":1000,"url":"https:\/\/eu.aimcontrollers.com\/wp-content\/uploads\/2020\/09\/mousepad_small_1000px.png","type":"image\/png"}],"twitter_card":"summary_large_image","twitter_site":"@AimControllerss","twitter_misc":{"Gesch\u00e4tzte Lesezeit":"1\u00a0Minute"},"schema":{"@context":"https:\/\/schema.org","@graph":[{"@type":"WebPage","@id":"https:\/\/eu.aimcontrollers.com\/de\/produkt\/aimcontrollers-mausmatte-xl\/","url":"https:\/\/eu.aimcontrollers.com\/de\/produkt\/aimcontrollers-mausmatte-xl\/","name":"AimControllers Mausmatte XL - Aimcontrollers","isPartOf":{"@id":"https:\/\/eu.aimcontrollers.com\/de\/#website"},"primaryImageOfPage":{"@id":"https:\/\/eu.aimcontrollers.com\/de\/produkt\/aimcontrollers-mausmatte-xl\/#primaryimage"},"image":{"@id":"https:\/\/eu.aimcontrollers.com\/de\/produkt\/aimcontrollers-mausmatte-xl\/#primaryimage"},"thumbnailUrl":"https:\/\/eu.aimcontrollers.com\/wp-content\/uploads\/2020\/09\/mousepad_small_1000px.png","datePublished":"2020-09-09T07:04:46+00:00","dateModified":"2022-10-13T10:14:15+00:00","breadcrumb":{"@id":"https:\/\/eu.aimcontrollers.com\/de\/produkt\/aimcontrollers-mausmatte-xl\/#breadcrumb"},"inLanguage":"de","potentialAction":[{"@type":"ReadAction","target":["https:\/\/eu.aimcontrollers.com\/de\/produkt\/aimcontrollers-mausmatte-xl\/"]}]},{"@type":"ImageObject","inLanguage":"de","@id":"https:\/\/eu.aimcontrollers.com\/de\/produkt\/aimcontrollers-mausmatte-xl\/#primaryimage","url":"https:\/\/eu.aimcontrollers.com\/wp-content\/uploads\/2020\/09\/mousepad_small_1000px.png","contentUrl":"https:\/\/eu.aimcontrollers.com\/wp-content\/uploads\/2020\/09\/mousepad_small_1000px.png","width":1000,"height":1000,"caption":"AimControllers Mousepad"},{"@type":"BreadcrumbList","@id":"https:\/\/eu.aimcontrollers.com\/de\/produkt\/aimcontrollers-mausmatte-xl\/#breadcrumb","itemListElement":[{"@type":"ListItem","position":1,"name":"Home","item":"https:\/\/eu.aimcontrollers.com\/de\/"},{"@type":"ListItem","position":2,"name":"Shop","item":"https:\/\/eu.aimcontrollers.com\/shop\/"},{"@type":"ListItem","position":3,"name":"AimControllers Mausmatte XL"}]},{"@type":"WebSite","@id":"https:\/\/eu.aimcontrollers.com\/de\/#website","url":"https:\/\/eu.aimcontrollers.com\/de\/","name":"AimControllers - The most affordable competitive controllers for Xbox, PlayStation and PC","description":"Eine der gr\u00f6\u00dften Marken, die vollst\u00e4ndig anpassbare und originelle Controller anbietet.","publisher":{"@id":"https:\/\/eu.aimcontrollers.com\/de\/#organization"},"potentialAction":[{"@type":"SearchAction","target":{"@type":"EntryPoint","urlTemplate":"https:\/\/eu.aimcontrollers.com\/de\/?s={search_term_string}"},"query-input":{"@type":"PropertyValueSpecification","valueRequired":true,"valueName":"search_term_string"}}],"inLanguage":"de"},{"@type":"Organization","@id":"https:\/\/eu.aimcontrollers.com\/de\/#organization","name":"Aimcontrollers","url":"https:\/\/eu.aimcontrollers.com\/de\/","logo":{"@type":"ImageObject","inLanguage":"de","@id":"https:\/\/eu.aimcontrollers.com\/de\/#\/schema\/logo\/image\/","url":"","contentUrl":"","caption":"Aimcontrollers"},"image":{"@id":"https:\/\/eu.aimcontrollers.com\/de\/#\/schema\/logo\/image\/"},"sameAs":["http:\/\/www.facebook.com\/aimcontrollers","https:\/\/x.com\/AimControllerss","https:\/\/instagram.com\/aimcontrollers\/","https:\/\/www.youtube.com\/user\/aimcontrollerspl\/videos"]}]}},"_links":{"self":[{"href":"https:\/\/eu.aimcontrollers.com\/de\/wp-json\/wp\/v2\/product\/1122670","targetHints":{"allow":["GET"]}}],"collection":[{"href":"https:\/\/eu.aimcontrollers.com\/de\/wp-json\/wp\/v2\/product"}],"about":[{"href":"https:\/\/eu.aimcontrollers.com\/de\/wp-json\/wp\/v2\/types\/product"}],"wp:featuredmedia":[{"embeddable":true,"href":"https:\/\/eu.aimcontrollers.com\/de\/wp-json\/wp\/v2\/media\/1122648"}],"wp:attachment":[{"href":"https:\/\/eu.aimcontrollers.com\/de\/wp-json\/wp\/v2\/media?parent=1122670"}],"wp:term":[{"taxonomy":"product_brand","embeddable":true,"href":"https:\/\/eu.aimcontrollers.com\/de\/wp-json\/wp\/v2\/product_brand?post=1122670"},{"taxonomy":"product_cat","embeddable":true,"href":"https:\/\/eu.aimcontrollers.com\/de\/wp-json\/wp\/v2\/product_cat?post=1122670"},{"taxonomy":"product_tag","embeddable":true,"href":"https:\/\/eu.aimcontrollers.com\/de\/wp-json\/wp\/v2\/product_tag?post=1122670"},{"taxonomy":"misspellings","embeddable":true,"href":"https:\/\/eu.aimcontrollers.com\/de\/wp-json\/wp\/v2\/misspellings?post=1122670"}],"curies":[{"name":"wp","href":"https:\/\/api.w.org\/{rel}","templated":true}]}}