{"id":1338640,"date":"2024-01-15T14:35:45","date_gmt":"2024-01-15T13:35:45","guid":{"rendered":"https:\/\/eu.aimcontrollers.com\/?post_type=product&#038;p=1338640"},"modified":"2025-12-10T11:38:58","modified_gmt":"2025-12-10T10:38:58","slug":"aim-grid-joker-gold-series-x-controller","status":"publish","type":"product","link":"https:\/\/eu.aimcontrollers.com\/de\/produkt\/aim-grid-joker-gold-series-x-controller\/","title":{"rendered":"Aim Grid Joker Gold Series X Controller"},"content":{"rendered":"","protected":false},"excerpt":{"rendered":"<p>Mit unserem individuellen Xbox-Controller, auf dem der kultige Satz &#8220;WHY SO SERIOUS?&#8221; in fetten wei\u00dfen Buchstaben auf einem mattschwarzen Hintergrund zu lesen ist, kannst du dich mit einem Hauch von schwarzem Humor in deine Spielewelt st\u00fcrzen. Akzentuiert wird das Thema durch chaotische, gekritzelte Linien in einer auff\u00e4lligen Goldfarbe, die an die anarchische Energie eines ber\u00fcchtigten Comic-B\u00f6sewichts erinnert. Dieser Controller ist die perfekte Erg\u00e4nzung f\u00fcr Spieler, die eine Mischung aus Bedrohung und Heiterkeit in ihren Spielesessions lieben.<\/p>\n","protected":false},"featured_media":1338383,"template":"","meta":{"_acf_changed":false,"inline_featured_image":false},"product_brand":[],"product_cat":[1176],"product_tag":[188,4953,5282],"misspellings":[],"class_list":{"0":"post-1338640","1":"product","2":"type-product","3":"status-publish","4":"has-post-thumbnail","6":"product_cat-xbox-one-controllers-de","7":"product_tag-xbox-de","8":"product_tag-xbox-controller-de","9":"product_tag-xboxmatte-de","11":"first","12":"instock","13":"taxable","14":"shipping-taxable","15":"purchasable","16":"product-type-variable","17":"has-default-attributes"},"acf":[],"yoast_head":"<!-- This site is optimized with the Yoast SEO Premium plugin v22.4 (Yoast SEO v27.2) - https:\/\/yoast.com\/product\/yoast-seo-premium-wordpress\/ -->\n<title>Aim Grid Joker Gold Series X Controller - Aimcontrollers<\/title>\n<meta name=\"robots\" content=\"index, follow, max-snippet:-1, max-image-preview:large, max-video-preview:-1\" \/>\n<link rel=\"canonical\" href=\"https:\/\/eu.aimcontrollers.com\/de\/produkt\/aim-grid-joker-gold-series-x-controller\/\" \/>\n<meta property=\"og:locale\" content=\"de_DE\" \/>\n<meta property=\"og:type\" content=\"article\" \/>\n<meta property=\"og:title\" content=\"Aim Grid Joker Gold Series X Controller\" \/>\n<meta property=\"og:description\" content=\"Mit unserem individuellen Xbox-Controller, auf dem der kultige Satz &quot;WHY SO SERIOUS?&quot; in fetten wei\u00dfen Buchstaben auf einem mattschwarzen Hintergrund zu lesen ist, kannst du dich mit einem Hauch von schwarzem Humor in deine Spielewelt st\u00fcrzen. Akzentuiert wird das Thema durch chaotische, gekritzelte Linien in einer auff\u00e4lligen Goldfarbe, die an die anarchische Energie eines ber\u00fcchtigten Comic-B\u00f6sewichts erinnert. Dieser Controller ist die perfekte Erg\u00e4nzung f\u00fcr Spieler, die eine Mischung aus Bedrohung und Heiterkeit in ihren Spielesessions lieben.\" \/>\n<meta property=\"og:url\" content=\"https:\/\/eu.aimcontrollers.com\/de\/produkt\/aim-grid-joker-gold-series-x-controller\/\" \/>\n<meta property=\"og:site_name\" content=\"Aimcontrollers\" \/>\n<meta property=\"article:publisher\" content=\"http:\/\/www.facebook.com\/aimcontrollers\" \/>\n<meta property=\"article:modified_time\" content=\"2025-12-10T10:38:58+00:00\" \/>\n<meta property=\"og:image\" content=\"https:\/\/eu.aimcontrollers.com\/wp-content\/uploads\/2024\/01\/XBOX_PREDESIGN_PRO_DOUBLE__JOKER_GOLD.png\" \/>\n\t<meta property=\"og:image:width\" content=\"1000\" \/>\n\t<meta property=\"og:image:height\" content=\"1000\" \/>\n\t<meta property=\"og:image:type\" content=\"image\/png\" \/>\n<meta name=\"twitter:card\" content=\"summary_large_image\" \/>\n<meta name=\"twitter:site\" content=\"@AimControllerss\" \/>\n<meta name=\"twitter:label1\" content=\"Gesch\u00e4tzte Lesezeit\" \/>\n\t<meta name=\"twitter:data1\" content=\"1\u00a0Minute\" \/>\n<script type=\"application\/ld+json\" class=\"yoast-schema-graph\">{\"@context\":\"https:\/\/schema.org\",\"@graph\":[{\"@type\":\"WebPage\",\"@id\":\"https:\/\/eu.aimcontrollers.com\/de\/produkt\/aim-grid-joker-gold-series-x-controller\/\",\"url\":\"https:\/\/eu.aimcontrollers.com\/de\/produkt\/aim-grid-joker-gold-series-x-controller\/\",\"name\":\"Aim Grid Joker Gold Series X Controller - Aimcontrollers\",\"isPartOf\":{\"@id\":\"https:\/\/eu.aimcontrollers.com\/de\/#website\"},\"primaryImageOfPage\":{\"@id\":\"https:\/\/eu.aimcontrollers.com\/de\/produkt\/aim-grid-joker-gold-series-x-controller\/#primaryimage\"},\"image\":{\"@id\":\"https:\/\/eu.aimcontrollers.com\/de\/produkt\/aim-grid-joker-gold-series-x-controller\/#primaryimage\"},\"thumbnailUrl\":\"https:\/\/eu.aimcontrollers.com\/wp-content\/uploads\/2024\/01\/XBOX_PREDESIGN_PRO_DOUBLE__JOKER_GOLD.png\",\"datePublished\":\"2024-01-15T13:35:45+00:00\",\"dateModified\":\"2025-12-10T10:38:58+00:00\",\"breadcrumb\":{\"@id\":\"https:\/\/eu.aimcontrollers.com\/de\/produkt\/aim-grid-joker-gold-series-x-controller\/#breadcrumb\"},\"inLanguage\":\"de\",\"potentialAction\":[{\"@type\":\"ReadAction\",\"target\":[\"https:\/\/eu.aimcontrollers.com\/de\/produkt\/aim-grid-joker-gold-series-x-controller\/\"]}]},{\"@type\":\"ImageObject\",\"inLanguage\":\"de\",\"@id\":\"https:\/\/eu.aimcontrollers.com\/de\/produkt\/aim-grid-joker-gold-series-x-controller\/#primaryimage\",\"url\":\"https:\/\/eu.aimcontrollers.com\/wp-content\/uploads\/2024\/01\/XBOX_PREDESIGN_PRO_DOUBLE__JOKER_GOLD.png\",\"contentUrl\":\"https:\/\/eu.aimcontrollers.com\/wp-content\/uploads\/2024\/01\/XBOX_PREDESIGN_PRO_DOUBLE__JOKER_GOLD.png\",\"width\":1000,\"height\":1000},{\"@type\":\"BreadcrumbList\",\"@id\":\"https:\/\/eu.aimcontrollers.com\/de\/produkt\/aim-grid-joker-gold-series-x-controller\/#breadcrumb\",\"itemListElement\":[{\"@type\":\"ListItem\",\"position\":1,\"name\":\"Home\",\"item\":\"https:\/\/eu.aimcontrollers.com\/de\/\"},{\"@type\":\"ListItem\",\"position\":2,\"name\":\"Shop\",\"item\":\"https:\/\/eu.aimcontrollers.com\/shop\/\"},{\"@type\":\"ListItem\",\"position\":3,\"name\":\"Aim Grid Joker Gold Series X Controller\"}]},{\"@type\":\"WebSite\",\"@id\":\"https:\/\/eu.aimcontrollers.com\/de\/#website\",\"url\":\"https:\/\/eu.aimcontrollers.com\/de\/\",\"name\":\"AimControllers - The most affordable competitive controllers for Xbox, PlayStation and PC\",\"description\":\"Eine der gr\u00f6\u00dften Marken, die vollst\u00e4ndig anpassbare und originelle Controller anbietet.\",\"publisher\":{\"@id\":\"https:\/\/eu.aimcontrollers.com\/de\/#organization\"},\"potentialAction\":[{\"@type\":\"SearchAction\",\"target\":{\"@type\":\"EntryPoint\",\"urlTemplate\":\"https:\/\/eu.aimcontrollers.com\/de\/?s={search_term_string}\"},\"query-input\":{\"@type\":\"PropertyValueSpecification\",\"valueRequired\":true,\"valueName\":\"search_term_string\"}}],\"inLanguage\":\"de\"},{\"@type\":\"Organization\",\"@id\":\"https:\/\/eu.aimcontrollers.com\/de\/#organization\",\"name\":\"Aimcontrollers\",\"url\":\"https:\/\/eu.aimcontrollers.com\/de\/\",\"logo\":{\"@type\":\"ImageObject\",\"inLanguage\":\"de\",\"@id\":\"https:\/\/eu.aimcontrollers.com\/de\/#\/schema\/logo\/image\/\",\"url\":\"\",\"contentUrl\":\"\",\"caption\":\"Aimcontrollers\"},\"image\":{\"@id\":\"https:\/\/eu.aimcontrollers.com\/de\/#\/schema\/logo\/image\/\"},\"sameAs\":[\"http:\/\/www.facebook.com\/aimcontrollers\",\"https:\/\/x.com\/AimControllerss\",\"https:\/\/instagram.com\/aimcontrollers\/\",\"https:\/\/www.youtube.com\/user\/aimcontrollerspl\/videos\"]}]}<\/script>\n<!-- \/ Yoast SEO Premium plugin. -->","yoast_head_json":{"title":"Aim Grid Joker Gold Series X Controller - Aimcontrollers","robots":{"index":"index","follow":"follow","max-snippet":"max-snippet:-1","max-image-preview":"max-image-preview:large","max-video-preview":"max-video-preview:-1"},"canonical":"https:\/\/eu.aimcontrollers.com\/de\/produkt\/aim-grid-joker-gold-series-x-controller\/","og_locale":"de_DE","og_type":"article","og_title":"Aim Grid Joker Gold Series X Controller","og_description":"Mit unserem individuellen Xbox-Controller, auf dem der kultige Satz \"WHY SO SERIOUS?\" in fetten wei\u00dfen Buchstaben auf einem mattschwarzen Hintergrund zu lesen ist, kannst du dich mit einem Hauch von schwarzem Humor in deine Spielewelt st\u00fcrzen. Akzentuiert wird das Thema durch chaotische, gekritzelte Linien in einer auff\u00e4lligen Goldfarbe, die an die anarchische Energie eines ber\u00fcchtigten Comic-B\u00f6sewichts erinnert. Dieser Controller ist die perfekte Erg\u00e4nzung f\u00fcr Spieler, die eine Mischung aus Bedrohung und Heiterkeit in ihren Spielesessions lieben.","og_url":"https:\/\/eu.aimcontrollers.com\/de\/produkt\/aim-grid-joker-gold-series-x-controller\/","og_site_name":"Aimcontrollers","article_publisher":"http:\/\/www.facebook.com\/aimcontrollers","article_modified_time":"2025-12-10T10:38:58+00:00","og_image":[{"width":1000,"height":1000,"url":"https:\/\/eu.aimcontrollers.com\/wp-content\/uploads\/2024\/01\/XBOX_PREDESIGN_PRO_DOUBLE__JOKER_GOLD.png","type":"image\/png"}],"twitter_card":"summary_large_image","twitter_site":"@AimControllerss","twitter_misc":{"Gesch\u00e4tzte Lesezeit":"1\u00a0Minute"},"schema":{"@context":"https:\/\/schema.org","@graph":[{"@type":"WebPage","@id":"https:\/\/eu.aimcontrollers.com\/de\/produkt\/aim-grid-joker-gold-series-x-controller\/","url":"https:\/\/eu.aimcontrollers.com\/de\/produkt\/aim-grid-joker-gold-series-x-controller\/","name":"Aim Grid Joker Gold Series X Controller - Aimcontrollers","isPartOf":{"@id":"https:\/\/eu.aimcontrollers.com\/de\/#website"},"primaryImageOfPage":{"@id":"https:\/\/eu.aimcontrollers.com\/de\/produkt\/aim-grid-joker-gold-series-x-controller\/#primaryimage"},"image":{"@id":"https:\/\/eu.aimcontrollers.com\/de\/produkt\/aim-grid-joker-gold-series-x-controller\/#primaryimage"},"thumbnailUrl":"https:\/\/eu.aimcontrollers.com\/wp-content\/uploads\/2024\/01\/XBOX_PREDESIGN_PRO_DOUBLE__JOKER_GOLD.png","datePublished":"2024-01-15T13:35:45+00:00","dateModified":"2025-12-10T10:38:58+00:00","breadcrumb":{"@id":"https:\/\/eu.aimcontrollers.com\/de\/produkt\/aim-grid-joker-gold-series-x-controller\/#breadcrumb"},"inLanguage":"de","potentialAction":[{"@type":"ReadAction","target":["https:\/\/eu.aimcontrollers.com\/de\/produkt\/aim-grid-joker-gold-series-x-controller\/"]}]},{"@type":"ImageObject","inLanguage":"de","@id":"https:\/\/eu.aimcontrollers.com\/de\/produkt\/aim-grid-joker-gold-series-x-controller\/#primaryimage","url":"https:\/\/eu.aimcontrollers.com\/wp-content\/uploads\/2024\/01\/XBOX_PREDESIGN_PRO_DOUBLE__JOKER_GOLD.png","contentUrl":"https:\/\/eu.aimcontrollers.com\/wp-content\/uploads\/2024\/01\/XBOX_PREDESIGN_PRO_DOUBLE__JOKER_GOLD.png","width":1000,"height":1000},{"@type":"BreadcrumbList","@id":"https:\/\/eu.aimcontrollers.com\/de\/produkt\/aim-grid-joker-gold-series-x-controller\/#breadcrumb","itemListElement":[{"@type":"ListItem","position":1,"name":"Home","item":"https:\/\/eu.aimcontrollers.com\/de\/"},{"@type":"ListItem","position":2,"name":"Shop","item":"https:\/\/eu.aimcontrollers.com\/shop\/"},{"@type":"ListItem","position":3,"name":"Aim Grid Joker Gold Series X Controller"}]},{"@type":"WebSite","@id":"https:\/\/eu.aimcontrollers.com\/de\/#website","url":"https:\/\/eu.aimcontrollers.com\/de\/","name":"AimControllers - The most affordable competitive controllers for Xbox, PlayStation and PC","description":"Eine der gr\u00f6\u00dften Marken, die vollst\u00e4ndig anpassbare und originelle Controller anbietet.","publisher":{"@id":"https:\/\/eu.aimcontrollers.com\/de\/#organization"},"potentialAction":[{"@type":"SearchAction","target":{"@type":"EntryPoint","urlTemplate":"https:\/\/eu.aimcontrollers.com\/de\/?s={search_term_string}"},"query-input":{"@type":"PropertyValueSpecification","valueRequired":true,"valueName":"search_term_string"}}],"inLanguage":"de"},{"@type":"Organization","@id":"https:\/\/eu.aimcontrollers.com\/de\/#organization","name":"Aimcontrollers","url":"https:\/\/eu.aimcontrollers.com\/de\/","logo":{"@type":"ImageObject","inLanguage":"de","@id":"https:\/\/eu.aimcontrollers.com\/de\/#\/schema\/logo\/image\/","url":"","contentUrl":"","caption":"Aimcontrollers"},"image":{"@id":"https:\/\/eu.aimcontrollers.com\/de\/#\/schema\/logo\/image\/"},"sameAs":["http:\/\/www.facebook.com\/aimcontrollers","https:\/\/x.com\/AimControllerss","https:\/\/instagram.com\/aimcontrollers\/","https:\/\/www.youtube.com\/user\/aimcontrollerspl\/videos"]}]}},"_links":{"self":[{"href":"https:\/\/eu.aimcontrollers.com\/de\/wp-json\/wp\/v2\/product\/1338640","targetHints":{"allow":["GET"]}}],"collection":[{"href":"https:\/\/eu.aimcontrollers.com\/de\/wp-json\/wp\/v2\/product"}],"about":[{"href":"https:\/\/eu.aimcontrollers.com\/de\/wp-json\/wp\/v2\/types\/product"}],"wp:featuredmedia":[{"embeddable":true,"href":"https:\/\/eu.aimcontrollers.com\/de\/wp-json\/wp\/v2\/media\/1338383"}],"wp:attachment":[{"href":"https:\/\/eu.aimcontrollers.com\/de\/wp-json\/wp\/v2\/media?parent=1338640"}],"wp:term":[{"taxonomy":"product_brand","embeddable":true,"href":"https:\/\/eu.aimcontrollers.com\/de\/wp-json\/wp\/v2\/product_brand?post=1338640"},{"taxonomy":"product_cat","embeddable":true,"href":"https:\/\/eu.aimcontrollers.com\/de\/wp-json\/wp\/v2\/product_cat?post=1338640"},{"taxonomy":"product_tag","embeddable":true,"href":"https:\/\/eu.aimcontrollers.com\/de\/wp-json\/wp\/v2\/product_tag?post=1338640"},{"taxonomy":"misspellings","embeddable":true,"href":"https:\/\/eu.aimcontrollers.com\/de\/wp-json\/wp\/v2\/misspellings?post=1338640"}],"curies":[{"name":"wp","href":"https:\/\/api.w.org\/{rel}","templated":true}]}}