{"id":1361736,"date":"2024-08-12T11:57:44","date_gmt":"2024-08-12T09:57:44","guid":{"rendered":"https:\/\/eu.aimcontrollers.com\/product\/orion-ps5-aim-controller\/"},"modified":"2026-02-27T08:42:37","modified_gmt":"2026-02-27T07:42:37","slug":"orion-ps5-aim-controller","status":"publish","type":"product","link":"https:\/\/eu.aimcontrollers.com\/de\/produkt\/orion-ps5-aim-controller\/","title":{"rendered":"Orion PS5 Aim Controller"},"content":{"rendered":"","protected":false},"excerpt":{"rendered":"<p>Der neue AimController verf\u00fcgt \u00fcber ein atemberaubendes galaktisches Design mit leuchtenden Farbt\u00f6nen in tiefem Blau, Lila und Rosa, die an die Weiten des Kosmos erinnern.<br \/>\nDie schlichten schwarzen Elemente bilden einen starken Kontrast zum kosmischen Hintergrund und bieten sowohl Stil als auch Funktionalit\u00e4t. Dieser Controller bietet nicht nur ein visuell \u00fcberzeugendes Erlebnis an, sondern stellt auch den Gipfel der personalisierten Gaming-Hardware dar und ist somit ein Muss f\u00fcr jeden ernsthaften Gamer.<\/p>\n","protected":false},"featured_media":1361463,"template":"","meta":{"_acf_changed":false,"inline_featured_image":false},"product_brand":[],"product_cat":[5114],"product_tag":[4945,5350,5085],"misspellings":[],"class_list":{"0":"post-1361736","1":"product","2":"type-product","3":"status-publish","4":"has-post-thumbnail","6":"product_cat-ps5-controllers-v2-de","7":"product_tag-ps5-controller","8":"product_tag-ps5glanzend","9":"product_tag-ps5prodesign-de","11":"first","12":"instock","13":"taxable","14":"shipping-taxable","15":"purchasable","16":"product-type-variable","17":"has-default-attributes"},"acf":[],"yoast_head":"<!-- This site is optimized with the Yoast SEO Premium plugin v22.4 (Yoast SEO v27.2) - https:\/\/yoast.com\/product\/yoast-seo-premium-wordpress\/ -->\n<title>Orion PS5 Aim Controller - Aimcontrollers<\/title>\n<meta name=\"robots\" content=\"index, follow, max-snippet:-1, max-image-preview:large, max-video-preview:-1\" \/>\n<link rel=\"canonical\" href=\"https:\/\/eu.aimcontrollers.com\/de\/produkt\/orion-ps5-aim-controller\/\" \/>\n<meta property=\"og:locale\" content=\"de_DE\" \/>\n<meta property=\"og:type\" content=\"article\" \/>\n<meta property=\"og:title\" content=\"Orion PS5 Aim Controller\" \/>\n<meta property=\"og:description\" content=\"Der neue AimController verf\u00fcgt \u00fcber ein atemberaubendes galaktisches Design mit leuchtenden Farbt\u00f6nen in tiefem Blau, Lila und Rosa, die an die Weiten des Kosmos erinnern. Die schlichten schwarzen Elemente bilden einen starken Kontrast zum kosmischen Hintergrund und bieten sowohl Stil als auch Funktionalit\u00e4t. Dieser Controller bietet nicht nur ein visuell \u00fcberzeugendes Erlebnis an, sondern stellt auch den Gipfel der personalisierten Gaming-Hardware dar und ist somit ein Muss f\u00fcr jeden ernsthaften Gamer.\" \/>\n<meta property=\"og:url\" content=\"https:\/\/eu.aimcontrollers.com\/de\/produkt\/orion-ps5-aim-controller\/\" \/>\n<meta property=\"og:site_name\" content=\"Aimcontrollers\" \/>\n<meta property=\"article:publisher\" content=\"http:\/\/www.facebook.com\/aimcontrollers\" \/>\n<meta property=\"article:modified_time\" content=\"2026-02-27T07:42:37+00:00\" \/>\n<meta property=\"og:image\" content=\"https:\/\/eu.aimcontrollers.com\/wp-content\/uploads\/2024\/08\/PRO_4_ORION.png\" \/>\n\t<meta property=\"og:image:width\" content=\"1000\" \/>\n\t<meta property=\"og:image:height\" content=\"1000\" \/>\n\t<meta property=\"og:image:type\" content=\"image\/png\" \/>\n<meta name=\"twitter:card\" content=\"summary_large_image\" \/>\n<meta name=\"twitter:site\" content=\"@AimControllerss\" \/>\n<meta name=\"twitter:label1\" content=\"Gesch\u00e4tzte Lesezeit\" \/>\n\t<meta name=\"twitter:data1\" content=\"1\u00a0Minute\" \/>\n<script type=\"application\/ld+json\" class=\"yoast-schema-graph\">{\"@context\":\"https:\/\/schema.org\",\"@graph\":[{\"@type\":\"WebPage\",\"@id\":\"https:\/\/eu.aimcontrollers.com\/de\/produkt\/orion-ps5-aim-controller\/\",\"url\":\"https:\/\/eu.aimcontrollers.com\/de\/produkt\/orion-ps5-aim-controller\/\",\"name\":\"Orion PS5 Aim Controller - Aimcontrollers\",\"isPartOf\":{\"@id\":\"https:\/\/eu.aimcontrollers.com\/de\/#website\"},\"primaryImageOfPage\":{\"@id\":\"https:\/\/eu.aimcontrollers.com\/de\/produkt\/orion-ps5-aim-controller\/#primaryimage\"},\"image\":{\"@id\":\"https:\/\/eu.aimcontrollers.com\/de\/produkt\/orion-ps5-aim-controller\/#primaryimage\"},\"thumbnailUrl\":\"https:\/\/eu.aimcontrollers.com\/wp-content\/uploads\/2024\/08\/PRO_4_ORION.png\",\"datePublished\":\"2024-08-12T09:57:44+00:00\",\"dateModified\":\"2026-02-27T07:42:37+00:00\",\"breadcrumb\":{\"@id\":\"https:\/\/eu.aimcontrollers.com\/de\/produkt\/orion-ps5-aim-controller\/#breadcrumb\"},\"inLanguage\":\"de\",\"potentialAction\":[{\"@type\":\"ReadAction\",\"target\":[\"https:\/\/eu.aimcontrollers.com\/de\/produkt\/orion-ps5-aim-controller\/\"]}]},{\"@type\":\"ImageObject\",\"inLanguage\":\"de\",\"@id\":\"https:\/\/eu.aimcontrollers.com\/de\/produkt\/orion-ps5-aim-controller\/#primaryimage\",\"url\":\"https:\/\/eu.aimcontrollers.com\/wp-content\/uploads\/2024\/08\/PRO_4_ORION.png\",\"contentUrl\":\"https:\/\/eu.aimcontrollers.com\/wp-content\/uploads\/2024\/08\/PRO_4_ORION.png\",\"width\":1000,\"height\":1000},{\"@type\":\"BreadcrumbList\",\"@id\":\"https:\/\/eu.aimcontrollers.com\/de\/produkt\/orion-ps5-aim-controller\/#breadcrumb\",\"itemListElement\":[{\"@type\":\"ListItem\",\"position\":1,\"name\":\"Home\",\"item\":\"https:\/\/eu.aimcontrollers.com\/de\/\"},{\"@type\":\"ListItem\",\"position\":2,\"name\":\"Shop\",\"item\":\"https:\/\/eu.aimcontrollers.com\/shop\/\"},{\"@type\":\"ListItem\",\"position\":3,\"name\":\"Orion PS5 Aim Controller\"}]},{\"@type\":\"WebSite\",\"@id\":\"https:\/\/eu.aimcontrollers.com\/de\/#website\",\"url\":\"https:\/\/eu.aimcontrollers.com\/de\/\",\"name\":\"AimControllers - The most affordable competitive controllers for Xbox, PlayStation and PC\",\"description\":\"Eine der gr\u00f6\u00dften Marken, die vollst\u00e4ndig anpassbare und originelle Controller anbietet.\",\"publisher\":{\"@id\":\"https:\/\/eu.aimcontrollers.com\/de\/#organization\"},\"potentialAction\":[{\"@type\":\"SearchAction\",\"target\":{\"@type\":\"EntryPoint\",\"urlTemplate\":\"https:\/\/eu.aimcontrollers.com\/de\/?s={search_term_string}\"},\"query-input\":{\"@type\":\"PropertyValueSpecification\",\"valueRequired\":true,\"valueName\":\"search_term_string\"}}],\"inLanguage\":\"de\"},{\"@type\":\"Organization\",\"@id\":\"https:\/\/eu.aimcontrollers.com\/de\/#organization\",\"name\":\"Aimcontrollers\",\"url\":\"https:\/\/eu.aimcontrollers.com\/de\/\",\"logo\":{\"@type\":\"ImageObject\",\"inLanguage\":\"de\",\"@id\":\"https:\/\/eu.aimcontrollers.com\/de\/#\/schema\/logo\/image\/\",\"url\":\"\",\"contentUrl\":\"\",\"caption\":\"Aimcontrollers\"},\"image\":{\"@id\":\"https:\/\/eu.aimcontrollers.com\/de\/#\/schema\/logo\/image\/\"},\"sameAs\":[\"http:\/\/www.facebook.com\/aimcontrollers\",\"https:\/\/x.com\/AimControllerss\",\"https:\/\/instagram.com\/aimcontrollers\/\",\"https:\/\/www.youtube.com\/user\/aimcontrollerspl\/videos\"]}]}<\/script>\n<!-- \/ Yoast SEO Premium plugin. -->","yoast_head_json":{"title":"Orion PS5 Aim Controller - Aimcontrollers","robots":{"index":"index","follow":"follow","max-snippet":"max-snippet:-1","max-image-preview":"max-image-preview:large","max-video-preview":"max-video-preview:-1"},"canonical":"https:\/\/eu.aimcontrollers.com\/de\/produkt\/orion-ps5-aim-controller\/","og_locale":"de_DE","og_type":"article","og_title":"Orion PS5 Aim Controller","og_description":"Der neue AimController verf\u00fcgt \u00fcber ein atemberaubendes galaktisches Design mit leuchtenden Farbt\u00f6nen in tiefem Blau, Lila und Rosa, die an die Weiten des Kosmos erinnern. Die schlichten schwarzen Elemente bilden einen starken Kontrast zum kosmischen Hintergrund und bieten sowohl Stil als auch Funktionalit\u00e4t. Dieser Controller bietet nicht nur ein visuell \u00fcberzeugendes Erlebnis an, sondern stellt auch den Gipfel der personalisierten Gaming-Hardware dar und ist somit ein Muss f\u00fcr jeden ernsthaften Gamer.","og_url":"https:\/\/eu.aimcontrollers.com\/de\/produkt\/orion-ps5-aim-controller\/","og_site_name":"Aimcontrollers","article_publisher":"http:\/\/www.facebook.com\/aimcontrollers","article_modified_time":"2026-02-27T07:42:37+00:00","og_image":[{"width":1000,"height":1000,"url":"https:\/\/eu.aimcontrollers.com\/wp-content\/uploads\/2024\/08\/PRO_4_ORION.png","type":"image\/png"}],"twitter_card":"summary_large_image","twitter_site":"@AimControllerss","twitter_misc":{"Gesch\u00e4tzte Lesezeit":"1\u00a0Minute"},"schema":{"@context":"https:\/\/schema.org","@graph":[{"@type":"WebPage","@id":"https:\/\/eu.aimcontrollers.com\/de\/produkt\/orion-ps5-aim-controller\/","url":"https:\/\/eu.aimcontrollers.com\/de\/produkt\/orion-ps5-aim-controller\/","name":"Orion PS5 Aim Controller - Aimcontrollers","isPartOf":{"@id":"https:\/\/eu.aimcontrollers.com\/de\/#website"},"primaryImageOfPage":{"@id":"https:\/\/eu.aimcontrollers.com\/de\/produkt\/orion-ps5-aim-controller\/#primaryimage"},"image":{"@id":"https:\/\/eu.aimcontrollers.com\/de\/produkt\/orion-ps5-aim-controller\/#primaryimage"},"thumbnailUrl":"https:\/\/eu.aimcontrollers.com\/wp-content\/uploads\/2024\/08\/PRO_4_ORION.png","datePublished":"2024-08-12T09:57:44+00:00","dateModified":"2026-02-27T07:42:37+00:00","breadcrumb":{"@id":"https:\/\/eu.aimcontrollers.com\/de\/produkt\/orion-ps5-aim-controller\/#breadcrumb"},"inLanguage":"de","potentialAction":[{"@type":"ReadAction","target":["https:\/\/eu.aimcontrollers.com\/de\/produkt\/orion-ps5-aim-controller\/"]}]},{"@type":"ImageObject","inLanguage":"de","@id":"https:\/\/eu.aimcontrollers.com\/de\/produkt\/orion-ps5-aim-controller\/#primaryimage","url":"https:\/\/eu.aimcontrollers.com\/wp-content\/uploads\/2024\/08\/PRO_4_ORION.png","contentUrl":"https:\/\/eu.aimcontrollers.com\/wp-content\/uploads\/2024\/08\/PRO_4_ORION.png","width":1000,"height":1000},{"@type":"BreadcrumbList","@id":"https:\/\/eu.aimcontrollers.com\/de\/produkt\/orion-ps5-aim-controller\/#breadcrumb","itemListElement":[{"@type":"ListItem","position":1,"name":"Home","item":"https:\/\/eu.aimcontrollers.com\/de\/"},{"@type":"ListItem","position":2,"name":"Shop","item":"https:\/\/eu.aimcontrollers.com\/shop\/"},{"@type":"ListItem","position":3,"name":"Orion PS5 Aim Controller"}]},{"@type":"WebSite","@id":"https:\/\/eu.aimcontrollers.com\/de\/#website","url":"https:\/\/eu.aimcontrollers.com\/de\/","name":"AimControllers - The most affordable competitive controllers for Xbox, PlayStation and PC","description":"Eine der gr\u00f6\u00dften Marken, die vollst\u00e4ndig anpassbare und originelle Controller anbietet.","publisher":{"@id":"https:\/\/eu.aimcontrollers.com\/de\/#organization"},"potentialAction":[{"@type":"SearchAction","target":{"@type":"EntryPoint","urlTemplate":"https:\/\/eu.aimcontrollers.com\/de\/?s={search_term_string}"},"query-input":{"@type":"PropertyValueSpecification","valueRequired":true,"valueName":"search_term_string"}}],"inLanguage":"de"},{"@type":"Organization","@id":"https:\/\/eu.aimcontrollers.com\/de\/#organization","name":"Aimcontrollers","url":"https:\/\/eu.aimcontrollers.com\/de\/","logo":{"@type":"ImageObject","inLanguage":"de","@id":"https:\/\/eu.aimcontrollers.com\/de\/#\/schema\/logo\/image\/","url":"","contentUrl":"","caption":"Aimcontrollers"},"image":{"@id":"https:\/\/eu.aimcontrollers.com\/de\/#\/schema\/logo\/image\/"},"sameAs":["http:\/\/www.facebook.com\/aimcontrollers","https:\/\/x.com\/AimControllerss","https:\/\/instagram.com\/aimcontrollers\/","https:\/\/www.youtube.com\/user\/aimcontrollerspl\/videos"]}]}},"_links":{"self":[{"href":"https:\/\/eu.aimcontrollers.com\/de\/wp-json\/wp\/v2\/product\/1361736","targetHints":{"allow":["GET"]}}],"collection":[{"href":"https:\/\/eu.aimcontrollers.com\/de\/wp-json\/wp\/v2\/product"}],"about":[{"href":"https:\/\/eu.aimcontrollers.com\/de\/wp-json\/wp\/v2\/types\/product"}],"wp:featuredmedia":[{"embeddable":true,"href":"https:\/\/eu.aimcontrollers.com\/de\/wp-json\/wp\/v2\/media\/1361463"}],"wp:attachment":[{"href":"https:\/\/eu.aimcontrollers.com\/de\/wp-json\/wp\/v2\/media?parent=1361736"}],"wp:term":[{"taxonomy":"product_brand","embeddable":true,"href":"https:\/\/eu.aimcontrollers.com\/de\/wp-json\/wp\/v2\/product_brand?post=1361736"},{"taxonomy":"product_cat","embeddable":true,"href":"https:\/\/eu.aimcontrollers.com\/de\/wp-json\/wp\/v2\/product_cat?post=1361736"},{"taxonomy":"product_tag","embeddable":true,"href":"https:\/\/eu.aimcontrollers.com\/de\/wp-json\/wp\/v2\/product_tag?post=1361736"},{"taxonomy":"misspellings","embeddable":true,"href":"https:\/\/eu.aimcontrollers.com\/de\/wp-json\/wp\/v2\/misspellings?post=1361736"}],"curies":[{"name":"wp","href":"https:\/\/api.w.org\/{rel}","templated":true}]}}