{"id":1418050,"date":"2025-11-21T17:05:12","date_gmt":"2025-11-21T16:05:12","guid":{"rendered":"https:\/\/eu.aimcontrollers.com\/product\/ps5-v4-aim-back-pro-paddles\/"},"modified":"2025-12-01T09:34:18","modified_gmt":"2025-12-01T08:34:18","slug":"ps5-v4-aim-back-pro-paddles","status":"publish","type":"product","link":"https:\/\/eu.aimcontrollers.com\/de\/produkt\/ps5-v4-aim-back-pro-paddles\/","title":{"rendered":"PS5 V4 AIM Back Pro Paddles"},"content":{"rendered":"\n\t<section class=\"section\" id=\"section_2062478016\">\n\t\t<div class=\"section-bg fill\" >\n\t\t\t\t\t\t\t\t\t\n\t\t\t\n\t<div class=\"is-border\"\n\t\tstyle=\"border-color:rgb(235, 235, 235);border-width:1px 0px 0px 0px;\">\n\t<\/div>\n\n\t\t<\/div>\n\n\t\t\n\n\t\t<div class=\"section-content relative\">\n\t\t\t\n<div class=\"row\"  id=\"row-59193725\">\n\n\t<div id=\"col-1275329036\" class=\"col small-12 large-12\"  >\n\t\t\t\t<div class=\"col-inner\"  >\n\t\t\t\n\t\t\t\n<h2 class=\"uppercase\">WIE KANN ICH DIE SPIDER PADDLES AUSTAUSCHEN?<\/h2>\n<p>Wir stellen Ihnen eine kurze Anleitung zur Verf\u00fcgung, die es Ihnen sicherlich erleichtert, die AIMPaddles von Ihrem Controller zu entfernen.<\/p>\n<div class=\"video video-fit mb\" style=\"padding-top:56.25%;\"><p><iframe loading=\"lazy\" title=\"How to remove AIMPaddles | AIMControllers paddles removing tutorial\" width=\"1020\" height=\"574\" src=\"https:\/\/www.youtube.com\/embed\/gMn4UF-2jJk?feature=oembed&#038;enablejsapi=1&#038;origin=https:\/\/eu.aimcontrollers.com\" frameborder=\"0\" allow=\"accelerometer; autoplay; clipboard-write; encrypted-media; gyroscope; picture-in-picture; web-share\" referrerpolicy=\"strict-origin-when-cross-origin\" allowfullscreen><\/iframe><\/p>\n<\/div>\n\t\t<\/div>\n\t\t\t\t\t<\/div>\n\n\t\n<\/div>\n\t\t<\/div>\n\n\t\t\n<style>\n#section_2062478016 {\n  padding-top: 32px;\n  padding-bottom: 32px;\n  min-height: 300px;\n  background-color: rgb(245, 245, 245);\n}\n<\/style>\n\t<\/section>\n\t\n","protected":false},"excerpt":{"rendered":"<p>Die neuen V4 AimControllers Paddles wurden f\u00fcr Spieler entwickelt, die ihr Equipment bis an die Grenze ausreizen. Sie bieten erh\u00f6hte Flexibilit\u00e4t, eine verst\u00e4rkte Fiberglaskonstruktion und verbesserte Haltbarkeit f\u00fcr ein fl\u00fcssigeres und zuverl\u00e4ssigeres Gameplay unter Druck.<\/p>\n<ul>\n<li>Die V4 paddles sind nur mit Aim Back Pro Modellen kompatibel.<\/li>\n<li>Entwickelt als direkter Ersatz f\u00fcr die V3 paddles.<\/li>\n<li>Dieses Produkt ist ein Zubeh\u00f6rteil und funktioniert nur mit offiziellen AimControllers.<\/li>\n<\/ul>\n","protected":false},"featured_media":1419223,"template":"","meta":{"_acf_changed":false,"inline_featured_image":false},"product_brand":[],"product_cat":[1173],"product_tag":[],"misspellings":[],"class_list":{"0":"post-1418050","1":"product","2":"type-product","3":"status-publish","4":"has-post-thumbnail","6":"product_cat-zubehor","8":"first","9":"instock","10":"taxable","11":"shipping-taxable","12":"purchasable","13":"product-type-variable"},"acf":[],"yoast_head":"<!-- This site is optimized with the Yoast SEO Premium plugin v22.4 (Yoast SEO v27.2) - https:\/\/yoast.com\/product\/yoast-seo-premium-wordpress\/ -->\n<title>PS5 V4 AIM Back Pro Paddles - Aimcontrollers<\/title>\n<meta name=\"robots\" content=\"index, follow, max-snippet:-1, max-image-preview:large, max-video-preview:-1\" \/>\n<link rel=\"canonical\" href=\"https:\/\/eu.aimcontrollers.com\/de\/produkt\/ps5-v4-aim-back-pro-paddles\/\" \/>\n<meta property=\"og:locale\" content=\"de_DE\" \/>\n<meta property=\"og:type\" content=\"article\" \/>\n<meta property=\"og:title\" content=\"PS5 V4 AIM Back Pro Paddles\" \/>\n<meta property=\"og:description\" content=\"Die neuen V4 AimControllers Paddles wurden f\u00fcr Spieler entwickelt, die ihr Equipment bis an die Grenze ausreizen. Sie bieten erh\u00f6hte Flexibilit\u00e4t, eine verst\u00e4rkte Fiberglaskonstruktion und verbesserte Haltbarkeit f\u00fcr ein fl\u00fcssigeres und zuverl\u00e4ssigeres Gameplay unter Druck.  Die V4 paddles sind nur mit Aim Back Pro Modellen kompatibel. Entwickelt als direkter Ersatz f\u00fcr die V3 paddles. Dieses Produkt ist ein Zubeh\u00f6rteil und funktioniert nur mit offiziellen AimControllers.\" \/>\n<meta property=\"og:url\" content=\"https:\/\/eu.aimcontrollers.com\/de\/produkt\/ps5-v4-aim-back-pro-paddles\/\" \/>\n<meta property=\"og:site_name\" content=\"Aimcontrollers\" \/>\n<meta property=\"article:publisher\" content=\"http:\/\/www.facebook.com\/aimcontrollers\" \/>\n<meta property=\"article:modified_time\" content=\"2025-12-01T08:34:18+00:00\" \/>\n<meta property=\"og:image\" content=\"https:\/\/eu.aimcontrollers.com\/wp-content\/uploads\/2025\/11\/produktowe-poaddles-v4-2.jpg\" \/>\n\t<meta property=\"og:image:width\" content=\"1000\" \/>\n\t<meta property=\"og:image:height\" content=\"1000\" \/>\n\t<meta property=\"og:image:type\" content=\"image\/jpeg\" \/>\n<meta name=\"twitter:card\" content=\"summary_large_image\" \/>\n<meta name=\"twitter:site\" content=\"@AimControllerss\" \/>\n<script type=\"application\/ld+json\" class=\"yoast-schema-graph\">{\"@context\":\"https:\/\/schema.org\",\"@graph\":[{\"@type\":\"WebPage\",\"@id\":\"https:\/\/eu.aimcontrollers.com\/de\/produkt\/ps5-v4-aim-back-pro-paddles\/\",\"url\":\"https:\/\/eu.aimcontrollers.com\/de\/produkt\/ps5-v4-aim-back-pro-paddles\/\",\"name\":\"PS5 V4 AIM Back Pro Paddles - Aimcontrollers\",\"isPartOf\":{\"@id\":\"https:\/\/eu.aimcontrollers.com\/de\/#website\"},\"primaryImageOfPage\":{\"@id\":\"https:\/\/eu.aimcontrollers.com\/de\/produkt\/ps5-v4-aim-back-pro-paddles\/#primaryimage\"},\"image\":{\"@id\":\"https:\/\/eu.aimcontrollers.com\/de\/produkt\/ps5-v4-aim-back-pro-paddles\/#primaryimage\"},\"thumbnailUrl\":\"https:\/\/eu.aimcontrollers.com\/wp-content\/uploads\/2025\/11\/produktowe-poaddles-v4-2.jpg\",\"datePublished\":\"2025-11-21T16:05:12+00:00\",\"dateModified\":\"2025-12-01T08:34:18+00:00\",\"breadcrumb\":{\"@id\":\"https:\/\/eu.aimcontrollers.com\/de\/produkt\/ps5-v4-aim-back-pro-paddles\/#breadcrumb\"},\"inLanguage\":\"de\",\"potentialAction\":[{\"@type\":\"ReadAction\",\"target\":[\"https:\/\/eu.aimcontrollers.com\/de\/produkt\/ps5-v4-aim-back-pro-paddles\/\"]}]},{\"@type\":\"ImageObject\",\"inLanguage\":\"de\",\"@id\":\"https:\/\/eu.aimcontrollers.com\/de\/produkt\/ps5-v4-aim-back-pro-paddles\/#primaryimage\",\"url\":\"https:\/\/eu.aimcontrollers.com\/wp-content\/uploads\/2025\/11\/produktowe-poaddles-v4-2.jpg\",\"contentUrl\":\"https:\/\/eu.aimcontrollers.com\/wp-content\/uploads\/2025\/11\/produktowe-poaddles-v4-2.jpg\",\"width\":1000,\"height\":1000},{\"@type\":\"BreadcrumbList\",\"@id\":\"https:\/\/eu.aimcontrollers.com\/de\/produkt\/ps5-v4-aim-back-pro-paddles\/#breadcrumb\",\"itemListElement\":[{\"@type\":\"ListItem\",\"position\":1,\"name\":\"Home\",\"item\":\"https:\/\/eu.aimcontrollers.com\/de\/\"},{\"@type\":\"ListItem\",\"position\":2,\"name\":\"Shop\",\"item\":\"https:\/\/eu.aimcontrollers.com\/shop\/\"},{\"@type\":\"ListItem\",\"position\":3,\"name\":\"PS5 V4 AIM Back Pro Paddles\"}]},{\"@type\":\"WebSite\",\"@id\":\"https:\/\/eu.aimcontrollers.com\/de\/#website\",\"url\":\"https:\/\/eu.aimcontrollers.com\/de\/\",\"name\":\"AimControllers - The most affordable competitive controllers for Xbox, PlayStation and PC\",\"description\":\"Eine der gr\u00f6\u00dften Marken, die vollst\u00e4ndig anpassbare und originelle Controller anbietet.\",\"publisher\":{\"@id\":\"https:\/\/eu.aimcontrollers.com\/de\/#organization\"},\"potentialAction\":[{\"@type\":\"SearchAction\",\"target\":{\"@type\":\"EntryPoint\",\"urlTemplate\":\"https:\/\/eu.aimcontrollers.com\/de\/?s={search_term_string}\"},\"query-input\":{\"@type\":\"PropertyValueSpecification\",\"valueRequired\":true,\"valueName\":\"search_term_string\"}}],\"inLanguage\":\"de\"},{\"@type\":\"Organization\",\"@id\":\"https:\/\/eu.aimcontrollers.com\/de\/#organization\",\"name\":\"Aimcontrollers\",\"url\":\"https:\/\/eu.aimcontrollers.com\/de\/\",\"logo\":{\"@type\":\"ImageObject\",\"inLanguage\":\"de\",\"@id\":\"https:\/\/eu.aimcontrollers.com\/de\/#\/schema\/logo\/image\/\",\"url\":\"\",\"contentUrl\":\"\",\"caption\":\"Aimcontrollers\"},\"image\":{\"@id\":\"https:\/\/eu.aimcontrollers.com\/de\/#\/schema\/logo\/image\/\"},\"sameAs\":[\"http:\/\/www.facebook.com\/aimcontrollers\",\"https:\/\/x.com\/AimControllerss\",\"https:\/\/instagram.com\/aimcontrollers\/\",\"https:\/\/www.youtube.com\/user\/aimcontrollerspl\/videos\"]}]}<\/script>\n<!-- \/ Yoast SEO Premium plugin. -->","yoast_head_json":{"title":"PS5 V4 AIM Back Pro Paddles - Aimcontrollers","robots":{"index":"index","follow":"follow","max-snippet":"max-snippet:-1","max-image-preview":"max-image-preview:large","max-video-preview":"max-video-preview:-1"},"canonical":"https:\/\/eu.aimcontrollers.com\/de\/produkt\/ps5-v4-aim-back-pro-paddles\/","og_locale":"de_DE","og_type":"article","og_title":"PS5 V4 AIM Back Pro Paddles","og_description":"Die neuen V4 AimControllers Paddles wurden f\u00fcr Spieler entwickelt, die ihr Equipment bis an die Grenze ausreizen. Sie bieten erh\u00f6hte Flexibilit\u00e4t, eine verst\u00e4rkte Fiberglaskonstruktion und verbesserte Haltbarkeit f\u00fcr ein fl\u00fcssigeres und zuverl\u00e4ssigeres Gameplay unter Druck.  Die V4 paddles sind nur mit Aim Back Pro Modellen kompatibel. Entwickelt als direkter Ersatz f\u00fcr die V3 paddles. Dieses Produkt ist ein Zubeh\u00f6rteil und funktioniert nur mit offiziellen AimControllers.","og_url":"https:\/\/eu.aimcontrollers.com\/de\/produkt\/ps5-v4-aim-back-pro-paddles\/","og_site_name":"Aimcontrollers","article_publisher":"http:\/\/www.facebook.com\/aimcontrollers","article_modified_time":"2025-12-01T08:34:18+00:00","og_image":[{"width":1000,"height":1000,"url":"https:\/\/eu.aimcontrollers.com\/wp-content\/uploads\/2025\/11\/produktowe-poaddles-v4-2.jpg","type":"image\/jpeg"}],"twitter_card":"summary_large_image","twitter_site":"@AimControllerss","schema":{"@context":"https:\/\/schema.org","@graph":[{"@type":"WebPage","@id":"https:\/\/eu.aimcontrollers.com\/de\/produkt\/ps5-v4-aim-back-pro-paddles\/","url":"https:\/\/eu.aimcontrollers.com\/de\/produkt\/ps5-v4-aim-back-pro-paddles\/","name":"PS5 V4 AIM Back Pro Paddles - Aimcontrollers","isPartOf":{"@id":"https:\/\/eu.aimcontrollers.com\/de\/#website"},"primaryImageOfPage":{"@id":"https:\/\/eu.aimcontrollers.com\/de\/produkt\/ps5-v4-aim-back-pro-paddles\/#primaryimage"},"image":{"@id":"https:\/\/eu.aimcontrollers.com\/de\/produkt\/ps5-v4-aim-back-pro-paddles\/#primaryimage"},"thumbnailUrl":"https:\/\/eu.aimcontrollers.com\/wp-content\/uploads\/2025\/11\/produktowe-poaddles-v4-2.jpg","datePublished":"2025-11-21T16:05:12+00:00","dateModified":"2025-12-01T08:34:18+00:00","breadcrumb":{"@id":"https:\/\/eu.aimcontrollers.com\/de\/produkt\/ps5-v4-aim-back-pro-paddles\/#breadcrumb"},"inLanguage":"de","potentialAction":[{"@type":"ReadAction","target":["https:\/\/eu.aimcontrollers.com\/de\/produkt\/ps5-v4-aim-back-pro-paddles\/"]}]},{"@type":"ImageObject","inLanguage":"de","@id":"https:\/\/eu.aimcontrollers.com\/de\/produkt\/ps5-v4-aim-back-pro-paddles\/#primaryimage","url":"https:\/\/eu.aimcontrollers.com\/wp-content\/uploads\/2025\/11\/produktowe-poaddles-v4-2.jpg","contentUrl":"https:\/\/eu.aimcontrollers.com\/wp-content\/uploads\/2025\/11\/produktowe-poaddles-v4-2.jpg","width":1000,"height":1000},{"@type":"BreadcrumbList","@id":"https:\/\/eu.aimcontrollers.com\/de\/produkt\/ps5-v4-aim-back-pro-paddles\/#breadcrumb","itemListElement":[{"@type":"ListItem","position":1,"name":"Home","item":"https:\/\/eu.aimcontrollers.com\/de\/"},{"@type":"ListItem","position":2,"name":"Shop","item":"https:\/\/eu.aimcontrollers.com\/shop\/"},{"@type":"ListItem","position":3,"name":"PS5 V4 AIM Back Pro Paddles"}]},{"@type":"WebSite","@id":"https:\/\/eu.aimcontrollers.com\/de\/#website","url":"https:\/\/eu.aimcontrollers.com\/de\/","name":"AimControllers - The most affordable competitive controllers for Xbox, PlayStation and PC","description":"Eine der gr\u00f6\u00dften Marken, die vollst\u00e4ndig anpassbare und originelle Controller anbietet.","publisher":{"@id":"https:\/\/eu.aimcontrollers.com\/de\/#organization"},"potentialAction":[{"@type":"SearchAction","target":{"@type":"EntryPoint","urlTemplate":"https:\/\/eu.aimcontrollers.com\/de\/?s={search_term_string}"},"query-input":{"@type":"PropertyValueSpecification","valueRequired":true,"valueName":"search_term_string"}}],"inLanguage":"de"},{"@type":"Organization","@id":"https:\/\/eu.aimcontrollers.com\/de\/#organization","name":"Aimcontrollers","url":"https:\/\/eu.aimcontrollers.com\/de\/","logo":{"@type":"ImageObject","inLanguage":"de","@id":"https:\/\/eu.aimcontrollers.com\/de\/#\/schema\/logo\/image\/","url":"","contentUrl":"","caption":"Aimcontrollers"},"image":{"@id":"https:\/\/eu.aimcontrollers.com\/de\/#\/schema\/logo\/image\/"},"sameAs":["http:\/\/www.facebook.com\/aimcontrollers","https:\/\/x.com\/AimControllerss","https:\/\/instagram.com\/aimcontrollers\/","https:\/\/www.youtube.com\/user\/aimcontrollerspl\/videos"]}]}},"_links":{"self":[{"href":"https:\/\/eu.aimcontrollers.com\/de\/wp-json\/wp\/v2\/product\/1418050","targetHints":{"allow":["GET"]}}],"collection":[{"href":"https:\/\/eu.aimcontrollers.com\/de\/wp-json\/wp\/v2\/product"}],"about":[{"href":"https:\/\/eu.aimcontrollers.com\/de\/wp-json\/wp\/v2\/types\/product"}],"wp:featuredmedia":[{"embeddable":true,"href":"https:\/\/eu.aimcontrollers.com\/de\/wp-json\/wp\/v2\/media\/1419223"}],"wp:attachment":[{"href":"https:\/\/eu.aimcontrollers.com\/de\/wp-json\/wp\/v2\/media?parent=1418050"}],"wp:term":[{"taxonomy":"product_brand","embeddable":true,"href":"https:\/\/eu.aimcontrollers.com\/de\/wp-json\/wp\/v2\/product_brand?post=1418050"},{"taxonomy":"product_cat","embeddable":true,"href":"https:\/\/eu.aimcontrollers.com\/de\/wp-json\/wp\/v2\/product_cat?post=1418050"},{"taxonomy":"product_tag","embeddable":true,"href":"https:\/\/eu.aimcontrollers.com\/de\/wp-json\/wp\/v2\/product_tag?post=1418050"},{"taxonomy":"misspellings","embeddable":true,"href":"https:\/\/eu.aimcontrollers.com\/de\/wp-json\/wp\/v2\/misspellings?post=1418050"}],"curies":[{"name":"wp","href":"https:\/\/api.w.org\/{rel}","templated":true}]}}