{"id":1440800,"date":"2026-05-08T11:57:36","date_gmt":"2026-05-08T09:57:36","guid":{"rendered":"https:\/\/eu.aimcontrollers.com\/product\/vector-grau-ps5-fps\/"},"modified":"2026-05-08T12:22:13","modified_gmt":"2026-05-08T10:22:13","slug":"vector-grau-ps5-fps","status":"publish","type":"product","link":"https:\/\/eu.aimcontrollers.com\/de\/produkt\/vector-grau-ps5-fps\/","title":{"rendered":"Vector Grau PS5 FPS"},"content":{"rendered":"","protected":false},"excerpt":{"rendered":"<p>Aufger\u00e4umtes Setup. Wettbewerbsorientierter Ansatz.<\/p>\n<p>Die Vector Grau wurde f\u00fcr Spieler entwickelt, die einen modernen, kompetitiven Look mit fl\u00fcssigem, reaktionsschnelle Gameplay kombinieren m\u00f6chten. Entwickelt mit Fokus auf Leistung, bietet sie ein ablenkungsfreies Erlebnis, damit du dich voll konzentrieren kannst, wenn jede Reaktion z\u00e4hlt.<\/p>\n<p><strong>Enthaltene Funktionen:<\/strong><\/p>\n<ul>\n<li>Remapping Paddles<\/li>\n<li>TMR Analogen<\/li>\n<li>Aktive Trigger<\/li>\n<li>Smart Bumper<\/li>\n<li>Keine Vibrationsmotoren (Fokusmodus)<\/li>\n<li>Einzigartiges Design<\/li>\n<li>Austauschbare AIM-Sticks<\/li>\n<\/ul>\n","protected":false},"featured_media":1440782,"template":"","meta":{"_acf_changed":false,"inline_featured_image":false},"product_brand":[],"product_cat":[5114],"product_tag":[4945,5430,5085],"misspellings":[],"class_list":{"0":"post-1440800","1":"product","2":"type-product","3":"status-publish","4":"has-post-thumbnail","6":"product_cat-ps5-controllers-v2-de","7":"product_tag-ps5-controller","8":"product_tag-de-ps5fps","9":"product_tag-ps5prodesign-de","11":"first","12":"instock","13":"taxable","14":"shipping-taxable","15":"purchasable","16":"product-type-simple"},"acf":[],"yoast_head":"<!-- This site is optimized with the Yoast SEO Premium plugin v22.4 (Yoast SEO v27.5) - https:\/\/yoast.com\/product\/yoast-seo-premium-wordpress\/ -->\n<title>Vector Grau PS5 FPS - Aimcontrollers<\/title>\n<meta name=\"robots\" content=\"index, follow, max-snippet:-1, max-image-preview:large, max-video-preview:-1\" \/>\n<link rel=\"canonical\" href=\"https:\/\/eu.aimcontrollers.com\/de\/produkt\/vector-grau-ps5-fps\/\" \/>\n<meta property=\"og:locale\" content=\"de_DE\" \/>\n<meta property=\"og:type\" content=\"article\" \/>\n<meta property=\"og:title\" content=\"Vector Grau PS5 FPS\" \/>\n<meta property=\"og:description\" content=\"Aufger\u00e4umtes Setup. Wettbewerbsorientierter Ansatz.  Die Vector Grau wurde f\u00fcr Spieler entwickelt, die einen modernen, kompetitiven Look mit fl\u00fcssigem, reaktionsschnelle Gameplay kombinieren m\u00f6chten. Entwickelt mit Fokus auf Leistung, bietet sie ein ablenkungsfreies Erlebnis, damit du dich voll konzentrieren kannst, wenn jede Reaktion z\u00e4hlt.  Enthaltene Funktionen:   Remapping Paddles  TMR Analogen  Aktive Trigger  Smart Bumper  Keine Vibrationsmotoren (Fokusmodus)  Einzigartiges Design  Austauschbare AIM-Sticks\" \/>\n<meta property=\"og:url\" content=\"https:\/\/eu.aimcontrollers.com\/de\/produkt\/vector-grau-ps5-fps\/\" \/>\n<meta property=\"og:site_name\" content=\"Aimcontrollers\" \/>\n<meta property=\"article:publisher\" content=\"http:\/\/www.facebook.com\/aimcontrollers\" \/>\n<meta property=\"article:modified_time\" content=\"2026-05-08T10:22:13+00:00\" \/>\n<meta property=\"og:image\" content=\"https:\/\/eu.aimcontrollers.com\/wp-content\/uploads\/2026\/05\/5_PRO_Playstation_5_FPS_Controller_Vector_Grey.jpg\" \/>\n\t<meta property=\"og:image:width\" content=\"750\" \/>\n\t<meta property=\"og:image:height\" content=\"750\" \/>\n\t<meta property=\"og:image:type\" content=\"image\/jpeg\" \/>\n<meta name=\"twitter:card\" content=\"summary_large_image\" \/>\n<meta name=\"twitter:site\" content=\"@AimControllerss\" \/>\n<meta name=\"twitter:label1\" content=\"Gesch\u00e4tzte Lesezeit\" \/>\n\t<meta name=\"twitter:data1\" content=\"1\u00a0Minute\" \/>\n<script type=\"application\/ld+json\" class=\"yoast-schema-graph\">{\"@context\":\"https:\\\/\\\/schema.org\",\"@graph\":[{\"@type\":\"WebPage\",\"@id\":\"https:\\\/\\\/eu.aimcontrollers.com\\\/de\\\/produkt\\\/vector-grau-ps5-fps\\\/\",\"url\":\"https:\\\/\\\/eu.aimcontrollers.com\\\/de\\\/produkt\\\/vector-grau-ps5-fps\\\/\",\"name\":\"Vector Grau PS5 FPS - Aimcontrollers\",\"isPartOf\":{\"@id\":\"https:\\\/\\\/eu.aimcontrollers.com\\\/de\\\/#website\"},\"primaryImageOfPage\":{\"@id\":\"https:\\\/\\\/eu.aimcontrollers.com\\\/de\\\/produkt\\\/vector-grau-ps5-fps\\\/#primaryimage\"},\"image\":{\"@id\":\"https:\\\/\\\/eu.aimcontrollers.com\\\/de\\\/produkt\\\/vector-grau-ps5-fps\\\/#primaryimage\"},\"thumbnailUrl\":\"https:\\\/\\\/eu.aimcontrollers.com\\\/wp-content\\\/uploads\\\/2026\\\/05\\\/5_PRO_Playstation_5_FPS_Controller_Vector_Grey.jpg\",\"datePublished\":\"2026-05-08T09:57:36+00:00\",\"dateModified\":\"2026-05-08T10:22:13+00:00\",\"breadcrumb\":{\"@id\":\"https:\\\/\\\/eu.aimcontrollers.com\\\/de\\\/produkt\\\/vector-grau-ps5-fps\\\/#breadcrumb\"},\"inLanguage\":\"de\",\"potentialAction\":[{\"@type\":\"ReadAction\",\"target\":[\"https:\\\/\\\/eu.aimcontrollers.com\\\/de\\\/produkt\\\/vector-grau-ps5-fps\\\/\"]}]},{\"@type\":\"ImageObject\",\"inLanguage\":\"de\",\"@id\":\"https:\\\/\\\/eu.aimcontrollers.com\\\/de\\\/produkt\\\/vector-grau-ps5-fps\\\/#primaryimage\",\"url\":\"https:\\\/\\\/eu.aimcontrollers.com\\\/wp-content\\\/uploads\\\/2026\\\/05\\\/5_PRO_Playstation_5_FPS_Controller_Vector_Grey.jpg\",\"contentUrl\":\"https:\\\/\\\/eu.aimcontrollers.com\\\/wp-content\\\/uploads\\\/2026\\\/05\\\/5_PRO_Playstation_5_FPS_Controller_Vector_Grey.jpg\",\"width\":750,\"height\":750},{\"@type\":\"BreadcrumbList\",\"@id\":\"https:\\\/\\\/eu.aimcontrollers.com\\\/de\\\/produkt\\\/vector-grau-ps5-fps\\\/#breadcrumb\",\"itemListElement\":[{\"@type\":\"ListItem\",\"position\":1,\"name\":\"Home\",\"item\":\"https:\\\/\\\/eu.aimcontrollers.com\\\/de\\\/\"},{\"@type\":\"ListItem\",\"position\":2,\"name\":\"Shop\",\"item\":\"https:\\\/\\\/eu.aimcontrollers.com\\\/shop\\\/\"},{\"@type\":\"ListItem\",\"position\":3,\"name\":\"Vector Grau PS5 FPS\"}]},{\"@type\":\"WebSite\",\"@id\":\"https:\\\/\\\/eu.aimcontrollers.com\\\/de\\\/#website\",\"url\":\"https:\\\/\\\/eu.aimcontrollers.com\\\/de\\\/\",\"name\":\"AimControllers - The most affordable competitive controllers for Xbox, PlayStation and PC\",\"description\":\"Eine der gr\u00f6\u00dften Marken, die vollst\u00e4ndig anpassbare und originelle Controller anbietet.\",\"publisher\":{\"@id\":\"https:\\\/\\\/eu.aimcontrollers.com\\\/de\\\/#organization\"},\"potentialAction\":[{\"@type\":\"SearchAction\",\"target\":{\"@type\":\"EntryPoint\",\"urlTemplate\":\"https:\\\/\\\/eu.aimcontrollers.com\\\/de\\\/?s={search_term_string}\"},\"query-input\":{\"@type\":\"PropertyValueSpecification\",\"valueRequired\":true,\"valueName\":\"search_term_string\"}}],\"inLanguage\":\"de\"},{\"@type\":\"Organization\",\"@id\":\"https:\\\/\\\/eu.aimcontrollers.com\\\/de\\\/#organization\",\"name\":\"Aimcontrollers\",\"url\":\"https:\\\/\\\/eu.aimcontrollers.com\\\/de\\\/\",\"logo\":{\"@type\":\"ImageObject\",\"inLanguage\":\"de\",\"@id\":\"https:\\\/\\\/eu.aimcontrollers.com\\\/de\\\/#\\\/schema\\\/logo\\\/image\\\/\",\"url\":\"\",\"contentUrl\":\"\",\"caption\":\"Aimcontrollers\"},\"image\":{\"@id\":\"https:\\\/\\\/eu.aimcontrollers.com\\\/de\\\/#\\\/schema\\\/logo\\\/image\\\/\"},\"sameAs\":[\"http:\\\/\\\/www.facebook.com\\\/aimcontrollers\",\"https:\\\/\\\/x.com\\\/AimControllerss\",\"https:\\\/\\\/instagram.com\\\/aimcontrollers\\\/\",\"https:\\\/\\\/www.youtube.com\\\/user\\\/aimcontrollerspl\\\/videos\"]}]}<\/script>\n<!-- \/ Yoast SEO Premium plugin. -->","yoast_head_json":{"title":"Vector Grau PS5 FPS - Aimcontrollers","robots":{"index":"index","follow":"follow","max-snippet":"max-snippet:-1","max-image-preview":"max-image-preview:large","max-video-preview":"max-video-preview:-1"},"canonical":"https:\/\/eu.aimcontrollers.com\/de\/produkt\/vector-grau-ps5-fps\/","og_locale":"de_DE","og_type":"article","og_title":"Vector Grau PS5 FPS","og_description":"Aufger\u00e4umtes Setup. Wettbewerbsorientierter Ansatz.  Die Vector Grau wurde f\u00fcr Spieler entwickelt, die einen modernen, kompetitiven Look mit fl\u00fcssigem, reaktionsschnelle Gameplay kombinieren m\u00f6chten. Entwickelt mit Fokus auf Leistung, bietet sie ein ablenkungsfreies Erlebnis, damit du dich voll konzentrieren kannst, wenn jede Reaktion z\u00e4hlt.  Enthaltene Funktionen:   Remapping Paddles  TMR Analogen  Aktive Trigger  Smart Bumper  Keine Vibrationsmotoren (Fokusmodus)  Einzigartiges Design  Austauschbare AIM-Sticks","og_url":"https:\/\/eu.aimcontrollers.com\/de\/produkt\/vector-grau-ps5-fps\/","og_site_name":"Aimcontrollers","article_publisher":"http:\/\/www.facebook.com\/aimcontrollers","article_modified_time":"2026-05-08T10:22:13+00:00","og_image":[{"width":750,"height":750,"url":"https:\/\/eu.aimcontrollers.com\/wp-content\/uploads\/2026\/05\/5_PRO_Playstation_5_FPS_Controller_Vector_Grey.jpg","type":"image\/jpeg"}],"twitter_card":"summary_large_image","twitter_site":"@AimControllerss","twitter_misc":{"Gesch\u00e4tzte Lesezeit":"1\u00a0Minute"},"schema":{"@context":"https:\/\/schema.org","@graph":[{"@type":"WebPage","@id":"https:\/\/eu.aimcontrollers.com\/de\/produkt\/vector-grau-ps5-fps\/","url":"https:\/\/eu.aimcontrollers.com\/de\/produkt\/vector-grau-ps5-fps\/","name":"Vector Grau PS5 FPS - Aimcontrollers","isPartOf":{"@id":"https:\/\/eu.aimcontrollers.com\/de\/#website"},"primaryImageOfPage":{"@id":"https:\/\/eu.aimcontrollers.com\/de\/produkt\/vector-grau-ps5-fps\/#primaryimage"},"image":{"@id":"https:\/\/eu.aimcontrollers.com\/de\/produkt\/vector-grau-ps5-fps\/#primaryimage"},"thumbnailUrl":"https:\/\/eu.aimcontrollers.com\/wp-content\/uploads\/2026\/05\/5_PRO_Playstation_5_FPS_Controller_Vector_Grey.jpg","datePublished":"2026-05-08T09:57:36+00:00","dateModified":"2026-05-08T10:22:13+00:00","breadcrumb":{"@id":"https:\/\/eu.aimcontrollers.com\/de\/produkt\/vector-grau-ps5-fps\/#breadcrumb"},"inLanguage":"de","potentialAction":[{"@type":"ReadAction","target":["https:\/\/eu.aimcontrollers.com\/de\/produkt\/vector-grau-ps5-fps\/"]}]},{"@type":"ImageObject","inLanguage":"de","@id":"https:\/\/eu.aimcontrollers.com\/de\/produkt\/vector-grau-ps5-fps\/#primaryimage","url":"https:\/\/eu.aimcontrollers.com\/wp-content\/uploads\/2026\/05\/5_PRO_Playstation_5_FPS_Controller_Vector_Grey.jpg","contentUrl":"https:\/\/eu.aimcontrollers.com\/wp-content\/uploads\/2026\/05\/5_PRO_Playstation_5_FPS_Controller_Vector_Grey.jpg","width":750,"height":750},{"@type":"BreadcrumbList","@id":"https:\/\/eu.aimcontrollers.com\/de\/produkt\/vector-grau-ps5-fps\/#breadcrumb","itemListElement":[{"@type":"ListItem","position":1,"name":"Home","item":"https:\/\/eu.aimcontrollers.com\/de\/"},{"@type":"ListItem","position":2,"name":"Shop","item":"https:\/\/eu.aimcontrollers.com\/shop\/"},{"@type":"ListItem","position":3,"name":"Vector Grau PS5 FPS"}]},{"@type":"WebSite","@id":"https:\/\/eu.aimcontrollers.com\/de\/#website","url":"https:\/\/eu.aimcontrollers.com\/de\/","name":"AimControllers - The most affordable competitive controllers for Xbox, PlayStation and PC","description":"Eine der gr\u00f6\u00dften Marken, die vollst\u00e4ndig anpassbare und originelle Controller anbietet.","publisher":{"@id":"https:\/\/eu.aimcontrollers.com\/de\/#organization"},"potentialAction":[{"@type":"SearchAction","target":{"@type":"EntryPoint","urlTemplate":"https:\/\/eu.aimcontrollers.com\/de\/?s={search_term_string}"},"query-input":{"@type":"PropertyValueSpecification","valueRequired":true,"valueName":"search_term_string"}}],"inLanguage":"de"},{"@type":"Organization","@id":"https:\/\/eu.aimcontrollers.com\/de\/#organization","name":"Aimcontrollers","url":"https:\/\/eu.aimcontrollers.com\/de\/","logo":{"@type":"ImageObject","inLanguage":"de","@id":"https:\/\/eu.aimcontrollers.com\/de\/#\/schema\/logo\/image\/","url":"","contentUrl":"","caption":"Aimcontrollers"},"image":{"@id":"https:\/\/eu.aimcontrollers.com\/de\/#\/schema\/logo\/image\/"},"sameAs":["http:\/\/www.facebook.com\/aimcontrollers","https:\/\/x.com\/AimControllerss","https:\/\/instagram.com\/aimcontrollers\/","https:\/\/www.youtube.com\/user\/aimcontrollerspl\/videos"]}]}},"_links":{"self":[{"href":"https:\/\/eu.aimcontrollers.com\/de\/wp-json\/wp\/v2\/product\/1440800","targetHints":{"allow":["GET"]}}],"collection":[{"href":"https:\/\/eu.aimcontrollers.com\/de\/wp-json\/wp\/v2\/product"}],"about":[{"href":"https:\/\/eu.aimcontrollers.com\/de\/wp-json\/wp\/v2\/types\/product"}],"wp:featuredmedia":[{"embeddable":true,"href":"https:\/\/eu.aimcontrollers.com\/de\/wp-json\/wp\/v2\/media\/1440782"}],"wp:attachment":[{"href":"https:\/\/eu.aimcontrollers.com\/de\/wp-json\/wp\/v2\/media?parent=1440800"}],"wp:term":[{"taxonomy":"product_brand","embeddable":true,"href":"https:\/\/eu.aimcontrollers.com\/de\/wp-json\/wp\/v2\/product_brand?post=1440800"},{"taxonomy":"product_cat","embeddable":true,"href":"https:\/\/eu.aimcontrollers.com\/de\/wp-json\/wp\/v2\/product_cat?post=1440800"},{"taxonomy":"product_tag","embeddable":true,"href":"https:\/\/eu.aimcontrollers.com\/de\/wp-json\/wp\/v2\/product_tag?post=1440800"},{"taxonomy":"misspellings","embeddable":true,"href":"https:\/\/eu.aimcontrollers.com\/de\/wp-json\/wp\/v2\/misspellings?post=1440800"}],"curies":[{"name":"wp","href":"https:\/\/api.w.org\/{rel}","templated":true}]}}