{"id":1121603,"date":"2020-08-26T11:22:28","date_gmt":"2020-08-26T09:22:28","guid":{"rendered":"https:\/\/testdo.aimcontrollers.com\/?page_id=1021603"},"modified":"2020-08-26T11:23:15","modified_gmt":"2020-08-26T09:23:15","slug":"covid-19","status":"publish","type":"page","link":"https:\/\/eu.aimcontrollers.com\/es\/covid-19\/","title":{"rendered":"Covid-19"},"content":{"rendered":"<h1>Precauciones de seguridad para COVID-19<\/h1>\n<p>Este es un momento verdaderamente \u00fanico para nosotros. La pandemia de coronavirus est\u00e1 afectando a todos, desde nuestras familias hasta nuestros negocios. Afecta la salud de la econom\u00eda global y la forma en que vivimos nuestra vida diaria.\u00a0A medida que continuamos monitoreando la r\u00e1pida evoluci\u00f3n de la situaci\u00f3n alrededor del coronavirus (COVID-19), nuestro primer pensamiento es para la seguridad y el bienestar de todas las personas.\u00a0<strong>Puede contar con nosotros para continuar haciendo nuestro mejor servicio y mantenerlo informado. Queremos que sepa que AImControllers est\u00e1 aqu\u00ed para usted.<\/strong>\u00a0Al seguir la orden \u00abStay Safe, Stay Home\u00bb del 23 de marzo. AimControllers no funcionar\u00e1 a plena capacidad hasta que los funcionarios del gobierno eliminen las restricciones.\u00a0Sin embargo, nuestro equipo continuar\u00e1 compilando y cumpliendo los pedidos siempre que se apliquen nuevas restricciones.\u00a0<strong>Estos servicios est\u00e1n disponibles en este momento:<\/strong><\/p>\n<ul>\n<li>* Aceptar nuevos pedidos<\/li>\n<li>* Aceptando reparaciones con garant\u00eda y sin garant\u00eda<\/li>\n<li>* Aceptar revisiones y cancelaciones de pedidos solo por correo electr\u00f3nico<\/li>\n<\/ul>\n<p><strong>Nuestra prioridad es la seguridad de nuestros clientes y nuestros empleados.<\/strong>\u00a0<strong>En este caso hemos implementado:<\/strong><\/p>\n<ul>\n<li>* Los empleados pueden trabajar de forma remota<\/li>\n<li>* El servicio de asistencia se limita a la comunicaci\u00f3n por correo electr\u00f3nico y tel\u00e9fono.<\/li>\n<li>* Los pedidos se pueden cumplir con trabajo remoto. Estamos tratando de no retrasar ninguno de los nuevos pedidos, sin embargo, comprenda si ocurre el tiempo de construcci\u00f3n retrasado.<\/li>\n<li>* Todos los controladores se desinfectan antes de empacarlos y enviarlos. Tenga en cuenta que una vez entregado, espere 24 horas antes de abrir el paquete o manip\u00falelo con guantes.<\/li>\n<li>* Hemos asesorado a nuestro equipo sobre los pasos adicionales para protegerse y proteger a los dem\u00e1s:<\/li>\n<li>* L\u00e1vese las manos con frecuencia<\/li>\n<li>* Practica el distanciamiento social<\/li>\n<li>* Desinfecte diariamente las superficies \/ objetos tocados en el hogar \/ trabajo.<\/li>\n<li>*Qu\u00e9date en casa si est\u00e1s enfermo<\/li>\n<li>* C\u00fabrete al toser o estornudar<\/li>\n<\/ul>\n<p>Si bien la situaci\u00f3n en torno al coronavirus cambia r\u00e1pidamente, modificaremos nuestras operaciones seg\u00fan sea necesario. Tenga la seguridad de que estamos comprometidos a cuidar a nuestros clientes y empleados. Nuestra misi\u00f3n es proporcionar precios bajos, productos de alta calidad, una gran experiencia de juego y un servicio excepcional durante este tiempo.<\/p>\n<p><strong>#StaySafeStayHome<\/strong><\/p>\n","protected":false},"excerpt":{"rendered":"<p>Precauciones de seguridad para COVID-19 Este es un momento verdaderamente \u00fanico para nosotros. La pandemia de coronavirus est\u00e1 afectando a todos, desde nuestras familias hasta nuestros negocios. Afecta la salud de la econom\u00eda global y la forma en que vivimos nuestra vida diaria.\u00a0A medida que continuamos monitoreando la r\u00e1pida evoluci\u00f3n de la situaci\u00f3n alrededor del [&#8230;]\n","protected":false},"author":59265,"featured_media":0,"parent":0,"menu_order":0,"comment_status":"closed","ping_status":"closed","template":"","meta":{"_acf_changed":false,"inline_featured_image":false,"footnotes":""},"misspellings":[],"class_list":["post-1121603","page","type-page","status-publish","hentry"],"acf":[],"yoast_head":"<!-- This site is optimized with the Yoast SEO Premium plugin v22.4 (Yoast SEO v27.2) - https:\/\/yoast.com\/product\/yoast-seo-premium-wordpress\/ -->\n<title>Covid-19 - Aimcontrollers<\/title>\n<meta name=\"robots\" content=\"index, follow, max-snippet:-1, max-image-preview:large, max-video-preview:-1\" \/>\n<link rel=\"canonical\" href=\"https:\/\/eu.aimcontrollers.com\/es\/covid-19\/\" \/>\n<meta property=\"og:locale\" content=\"es_ES\" \/>\n<meta property=\"og:type\" content=\"article\" \/>\n<meta property=\"og:title\" content=\"Covid-19\" \/>\n<meta property=\"og:description\" content=\"Precauciones de seguridad para COVID-19 Este es un momento verdaderamente \u00fanico para nosotros. La pandemia de coronavirus est\u00e1 afectando a todos, desde nuestras familias hasta nuestros negocios. Afecta la salud de la econom\u00eda global y la forma en que vivimos nuestra vida diaria.\u00a0A medida que continuamos monitoreando la r\u00e1pida evoluci\u00f3n de la situaci\u00f3n alrededor del [...]\" \/>\n<meta property=\"og:url\" content=\"https:\/\/eu.aimcontrollers.com\/es\/covid-19\/\" \/>\n<meta property=\"og:site_name\" content=\"Aimcontrollers\" \/>\n<meta property=\"article:publisher\" content=\"http:\/\/www.facebook.com\/aimcontrollers\" \/>\n<meta property=\"article:modified_time\" content=\"2020-08-26T09:23:15+00:00\" \/>\n<meta name=\"twitter:card\" content=\"summary_large_image\" \/>\n<meta name=\"twitter:site\" content=\"@AimControllerss\" \/>\n<meta name=\"twitter:label1\" content=\"Tiempo de lectura\" \/>\n\t<meta name=\"twitter:data1\" content=\"2 minutos\" \/>\n<script type=\"application\/ld+json\" class=\"yoast-schema-graph\">{\"@context\":\"https:\/\/schema.org\",\"@graph\":[{\"@type\":\"WebPage\",\"@id\":\"https:\/\/eu.aimcontrollers.com\/es\/covid-19\/\",\"url\":\"https:\/\/eu.aimcontrollers.com\/es\/covid-19\/\",\"name\":\"Covid-19 - Aimcontrollers\",\"isPartOf\":{\"@id\":\"https:\/\/eu.aimcontrollers.com\/es\/#website\"},\"datePublished\":\"2020-08-26T09:22:28+00:00\",\"dateModified\":\"2020-08-26T09:23:15+00:00\",\"breadcrumb\":{\"@id\":\"https:\/\/eu.aimcontrollers.com\/es\/covid-19\/#breadcrumb\"},\"inLanguage\":\"es\",\"potentialAction\":[{\"@type\":\"ReadAction\",\"target\":[\"https:\/\/eu.aimcontrollers.com\/es\/covid-19\/\"]}]},{\"@type\":\"BreadcrumbList\",\"@id\":\"https:\/\/eu.aimcontrollers.com\/es\/covid-19\/#breadcrumb\",\"itemListElement\":[{\"@type\":\"ListItem\",\"position\":1,\"name\":\"Home\",\"item\":\"https:\/\/eu.aimcontrollers.com\/es\/\"},{\"@type\":\"ListItem\",\"position\":2,\"name\":\"Covid-19\"}]},{\"@type\":\"WebSite\",\"@id\":\"https:\/\/eu.aimcontrollers.com\/es\/#website\",\"url\":\"https:\/\/eu.aimcontrollers.com\/es\/\",\"name\":\"AimControllers - The most affordable competitive controllers for Xbox, PlayStation and PC\",\"description\":\"Una de las marcas m\u00e1s importantes que ofrece controladores originales y totalmente personalizables.\",\"publisher\":{\"@id\":\"https:\/\/eu.aimcontrollers.com\/es\/#organization\"},\"potentialAction\":[{\"@type\":\"SearchAction\",\"target\":{\"@type\":\"EntryPoint\",\"urlTemplate\":\"https:\/\/eu.aimcontrollers.com\/es\/?s={search_term_string}\"},\"query-input\":{\"@type\":\"PropertyValueSpecification\",\"valueRequired\":true,\"valueName\":\"search_term_string\"}}],\"inLanguage\":\"es\"},{\"@type\":\"Organization\",\"@id\":\"https:\/\/eu.aimcontrollers.com\/es\/#organization\",\"name\":\"Aimcontrollers\",\"url\":\"https:\/\/eu.aimcontrollers.com\/es\/\",\"logo\":{\"@type\":\"ImageObject\",\"inLanguage\":\"es\",\"@id\":\"https:\/\/eu.aimcontrollers.com\/es\/#\/schema\/logo\/image\/\",\"url\":\"\",\"contentUrl\":\"\",\"caption\":\"Aimcontrollers\"},\"image\":{\"@id\":\"https:\/\/eu.aimcontrollers.com\/es\/#\/schema\/logo\/image\/\"},\"sameAs\":[\"http:\/\/www.facebook.com\/aimcontrollers\",\"https:\/\/x.com\/AimControllerss\",\"https:\/\/instagram.com\/aimcontrollers\/\",\"https:\/\/www.youtube.com\/user\/aimcontrollerspl\/videos\"]}]}<\/script>\n<!-- \/ Yoast SEO Premium plugin. -->","yoast_head_json":{"title":"Covid-19 - Aimcontrollers","robots":{"index":"index","follow":"follow","max-snippet":"max-snippet:-1","max-image-preview":"max-image-preview:large","max-video-preview":"max-video-preview:-1"},"canonical":"https:\/\/eu.aimcontrollers.com\/es\/covid-19\/","og_locale":"es_ES","og_type":"article","og_title":"Covid-19","og_description":"Precauciones de seguridad para COVID-19 Este es un momento verdaderamente \u00fanico para nosotros. La pandemia de coronavirus est\u00e1 afectando a todos, desde nuestras familias hasta nuestros negocios. Afecta la salud de la econom\u00eda global y la forma en que vivimos nuestra vida diaria.\u00a0A medida que continuamos monitoreando la r\u00e1pida evoluci\u00f3n de la situaci\u00f3n alrededor del [...]","og_url":"https:\/\/eu.aimcontrollers.com\/es\/covid-19\/","og_site_name":"Aimcontrollers","article_publisher":"http:\/\/www.facebook.com\/aimcontrollers","article_modified_time":"2020-08-26T09:23:15+00:00","twitter_card":"summary_large_image","twitter_site":"@AimControllerss","twitter_misc":{"Tiempo de lectura":"2 minutos"},"schema":{"@context":"https:\/\/schema.org","@graph":[{"@type":"WebPage","@id":"https:\/\/eu.aimcontrollers.com\/es\/covid-19\/","url":"https:\/\/eu.aimcontrollers.com\/es\/covid-19\/","name":"Covid-19 - Aimcontrollers","isPartOf":{"@id":"https:\/\/eu.aimcontrollers.com\/es\/#website"},"datePublished":"2020-08-26T09:22:28+00:00","dateModified":"2020-08-26T09:23:15+00:00","breadcrumb":{"@id":"https:\/\/eu.aimcontrollers.com\/es\/covid-19\/#breadcrumb"},"inLanguage":"es","potentialAction":[{"@type":"ReadAction","target":["https:\/\/eu.aimcontrollers.com\/es\/covid-19\/"]}]},{"@type":"BreadcrumbList","@id":"https:\/\/eu.aimcontrollers.com\/es\/covid-19\/#breadcrumb","itemListElement":[{"@type":"ListItem","position":1,"name":"Home","item":"https:\/\/eu.aimcontrollers.com\/es\/"},{"@type":"ListItem","position":2,"name":"Covid-19"}]},{"@type":"WebSite","@id":"https:\/\/eu.aimcontrollers.com\/es\/#website","url":"https:\/\/eu.aimcontrollers.com\/es\/","name":"AimControllers - The most affordable competitive controllers for Xbox, PlayStation and PC","description":"Una de las marcas m\u00e1s importantes que ofrece controladores originales y totalmente personalizables.","publisher":{"@id":"https:\/\/eu.aimcontrollers.com\/es\/#organization"},"potentialAction":[{"@type":"SearchAction","target":{"@type":"EntryPoint","urlTemplate":"https:\/\/eu.aimcontrollers.com\/es\/?s={search_term_string}"},"query-input":{"@type":"PropertyValueSpecification","valueRequired":true,"valueName":"search_term_string"}}],"inLanguage":"es"},{"@type":"Organization","@id":"https:\/\/eu.aimcontrollers.com\/es\/#organization","name":"Aimcontrollers","url":"https:\/\/eu.aimcontrollers.com\/es\/","logo":{"@type":"ImageObject","inLanguage":"es","@id":"https:\/\/eu.aimcontrollers.com\/es\/#\/schema\/logo\/image\/","url":"","contentUrl":"","caption":"Aimcontrollers"},"image":{"@id":"https:\/\/eu.aimcontrollers.com\/es\/#\/schema\/logo\/image\/"},"sameAs":["http:\/\/www.facebook.com\/aimcontrollers","https:\/\/x.com\/AimControllerss","https:\/\/instagram.com\/aimcontrollers\/","https:\/\/www.youtube.com\/user\/aimcontrollerspl\/videos"]}]}},"_links":{"self":[{"href":"https:\/\/eu.aimcontrollers.com\/es\/wp-json\/wp\/v2\/pages\/1121603","targetHints":{"allow":["GET"]}}],"collection":[{"href":"https:\/\/eu.aimcontrollers.com\/es\/wp-json\/wp\/v2\/pages"}],"about":[{"href":"https:\/\/eu.aimcontrollers.com\/es\/wp-json\/wp\/v2\/types\/page"}],"author":[{"embeddable":true,"href":"https:\/\/eu.aimcontrollers.com\/es\/wp-json\/wp\/v2\/users\/59265"}],"replies":[{"embeddable":true,"href":"https:\/\/eu.aimcontrollers.com\/es\/wp-json\/wp\/v2\/comments?post=1121603"}],"version-history":[{"count":0,"href":"https:\/\/eu.aimcontrollers.com\/es\/wp-json\/wp\/v2\/pages\/1121603\/revisions"}],"wp:attachment":[{"href":"https:\/\/eu.aimcontrollers.com\/es\/wp-json\/wp\/v2\/media?parent=1121603"}],"wp:term":[{"taxonomy":"misspellings","embeddable":true,"href":"https:\/\/eu.aimcontrollers.com\/es\/wp-json\/wp\/v2\/misspellings?post=1121603"}],"curies":[{"name":"wp","href":"https:\/\/api.w.org\/{rel}","templated":true}]}}