{"id":1203418,"date":"2021-05-28T10:19:32","date_gmt":"2021-05-28T08:19:32","guid":{"rendered":"https:\/\/eu.aimcontrollers.com\/?page_id=1203418"},"modified":"2023-06-07T14:15:09","modified_gmt":"2023-06-07T12:15:09","slug":"edicion-limitada-de-mandos-de-ps5","status":"publish","type":"page","link":"https:\/\/eu.aimcontrollers.com\/es\/ps5-controllers\/edicion-limitada-de-mandos-de-ps5\/","title":{"rendered":"Edici\u00f3n Limitada De Mandos de PS5"},"content":{"rendered":"\n\t<section class=\"section limited-hero\" id=\"section_1447964606\">\n\t\t<div class=\"section-bg fill\" >\n\t\t\t\t\t\t\t\t\t<div class=\"section-bg-overlay absolute fill\"><\/div>\n\t\t\t\n\n\t\t<\/div>\n\n\t\t\n\n\t\t<div class=\"section-content relative\">\n\t\t\t\n<div class=\"row\"  id=\"row-221817501\">\n\n\t<div id=\"col-348542867\" class=\"col small-12 large-12\"  >\n\t\t\t\t<div class=\"col-inner text-center\"  >\n\t\t\t\n\t\t\t\n\t<div id=\"gap-1813532289\" class=\"gap-element clearfix\" style=\"display:block; height:auto;\">\n\t\t\n<style>\n#gap-1813532289 {\n  padding-top: 60px;\n}\n<\/style>\n\t<\/div>\n\t\n<h2 style=\"font-size: 300%; text-align: center; color: white;\">Edici\u00f3n Limitada De Mandos de PS5<\/h2>\n\t\t<\/div>\n\t\t\t\t\t<\/div>\n\n\t\n<\/div>\n\t\t<\/div>\n\n\t\t\n<style>\n#section_1447964606 {\n  padding-top: 0px;\n  padding-bottom: 0px;\n  min-height: 120px;\n  background-color: rgb(0,0,0);\n}\n#section_1447964606 .section-bg-overlay {\n  background-color: rgba(0, 0, 0, 0.919);\n}\n<\/style>\n\t<\/section>\n\t\n\n\t<section class=\"section spring-hero dark has-mask mask-angled\" id=\"section_1891134819\">\n\t\t<div class=\"section-bg fill\" >\n\t\t\t\t\t\t\t<div class=\"video-overlay no-click fill hide-for-small\"><\/div>\n\t<video class=\"video-bg fill hide-for-small\" preload playsinline autoplay muted loop>\n\t\t<source src=\"https:\/\/eu.aimcontrollers.com\/wp-content\/uploads\/2023\/06\/fluo_animation_v2.mp4\" type=\"video\/mp4\">\t<\/video>\n\t\t\t<div class=\"section-bg-overlay absolute fill\"><\/div>\n\t\t\t\n\n\t\t<\/div>\n\n\t\t\n\n\t\t<div class=\"section-content relative\">\n\t\t\t\n<div class=\"row row-large align-middle\"  id=\"row-1617194670\">\n\n\t<div id=\"col-1741991493\" class=\"col medium-12 small-12 large-4\"  >\n\t\t\t\t<div class=\"col-inner text-center text-shadow-2\"  >\n\t\t\t\n\t\t\t\n\t<div id=\"gap-1067389900\" class=\"gap-element clearfix\" style=\"display:block; height:auto;\">\n\t\t\n<style>\n#gap-1067389900 {\n  padding-top: 30px;\n}\n<\/style>\n\t<\/div>\n\t\n\t<div id=\"text-4034774504\" class=\"text\">\n\t\t\n<h2 class=\"uppercase\" style=\"font-size: 220%;\">PS5 Fluo Collection<\/h2>\n\t\t\n<style>\n#text-4034774504 {\n  font-size: 1rem;\n  text-align: left;\n}\n<\/style>\n\t<\/div>\n\t\n\t<div id=\"text-1070469134\" class=\"text\">\n\t\t\n<ul>\n<li>Mandos personalizados con dise\u00f1o de panel frontal que brilla en la oscuridad.<\/li>\n<li>The Mesmerizing Glow of Our Latest Innovation, where gaming meets luminescent magic!<\/li>\n<li>Designed to take your gaming experience to a whole new level, this controller combines functionality with a visual effect.<\/li>\n<li>Tanto si se enfrenta en intensas partidas multijugador como si explora mundos virtuales, \u00a1seguro que el dise\u00f1o resplandeciente le a\u00f1ade un extra de emoci\u00f3n!<\/li>\n<\/ul>\n\t\t\n<style>\n#text-1070469134 {\n  font-size: 1rem;\n  text-align: left;\n}\n<\/style>\n\t<\/div>\n\t\n\t<div id=\"gap-1722838861\" class=\"gap-element clearfix\" style=\"display:block; height:auto;\">\n\t\t\n<style>\n#gap-1722838861 {\n  padding-top: 30px;\n}\n<\/style>\n\t<\/div>\n\t\n\t\t<\/div>\n\t\t\t\t\t<\/div>\n\n\t\n<\/div>\n\t\t<\/div>\n\n\t\t\n<style>\n#section_1891134819 {\n  padding-top: 45px;\n  padding-bottom: 45px;\n  background-color: rgb(0,0,0);\n}\n#section_1891134819 .section-bg-overlay {\n  background-color: rgba(0, 0, 0, 0.605);\n}\n<\/style>\n\t<\/section>\n\t\n\n\t<section class=\"section has-mask mask-angled\" id=\"section_923304282\">\n\t\t<div class=\"section-bg fill\" >\n\t\t\t\t\t\t\t\t\t\n\t\t\t\n\n\t\t<\/div>\n\n\t\t\n\n\t\t<div class=\"section-content relative\">\n\t\t\t\n<div class=\"row\"  id=\"row-2052590304\">\n\n\t<div id=\"col-1243284908\" class=\"col small-12 large-12\"  >\n\t\t\t\t<div class=\"col-inner\"  >\n\t\t\t\n\t\t\t\n\t\n  \n    <div class=\"row large-columns-5 medium-columns-2 small-columns-2 row-small\" >\n  <\/div>\n\t\t<\/div>\n\t\t\t\t\t<\/div>\n\n\t\n<\/div>\n\t\t<\/div>\n\n\t\t\n<style>\n#section_923304282 {\n  padding-top: 30px;\n  padding-bottom: 30px;\n  background-color: rgb(255,255,255);\n}\n<\/style>\n\t<\/section>\n\t\n","protected":false},"excerpt":{"rendered":"","protected":false},"author":1,"featured_media":0,"parent":1182507,"menu_order":0,"comment_status":"closed","ping_status":"closed","template":"page-blank.php","meta":{"_acf_changed":false,"inline_featured_image":false,"footnotes":""},"misspellings":[],"class_list":["post-1203418","page","type-page","status-publish","hentry"],"acf":[],"yoast_head":"<!-- This site is optimized with the Yoast SEO Premium plugin v22.4 (Yoast SEO v27.2) - https:\/\/yoast.com\/product\/yoast-seo-premium-wordpress\/ -->\n<title>Edici\u00f3n Limitada De Mandos de PS5 - Aimcontrollers<\/title>\n<meta name=\"robots\" content=\"index, follow, max-snippet:-1, max-image-preview:large, max-video-preview:-1\" \/>\n<link rel=\"canonical\" href=\"https:\/\/eu.aimcontrollers.com\/es\/ps5-controllers\/edicion-limitada-de-mandos-de-ps5\/\" \/>\n<meta property=\"og:locale\" content=\"es_ES\" \/>\n<meta property=\"og:type\" content=\"article\" \/>\n<meta property=\"og:title\" content=\"Edici\u00f3n Limitada De Mandos de PS5\" \/>\n<meta property=\"og:url\" content=\"https:\/\/eu.aimcontrollers.com\/es\/ps5-controllers\/edicion-limitada-de-mandos-de-ps5\/\" \/>\n<meta property=\"og:site_name\" content=\"Aimcontrollers\" \/>\n<meta property=\"article:publisher\" content=\"http:\/\/www.facebook.com\/aimcontrollers\" \/>\n<meta property=\"article:modified_time\" content=\"2023-06-07T12:15:09+00:00\" \/>\n<meta name=\"twitter:card\" content=\"summary_large_image\" \/>\n<meta name=\"twitter:site\" content=\"@AimControllerss\" \/>\n<meta name=\"twitter:label1\" content=\"Tiempo de lectura\" \/>\n\t<meta name=\"twitter:data1\" content=\"1 minuto\" \/>\n<script type=\"application\/ld+json\" class=\"yoast-schema-graph\">{\"@context\":\"https:\/\/schema.org\",\"@graph\":[{\"@type\":\"WebPage\",\"@id\":\"https:\/\/eu.aimcontrollers.com\/es\/ps5-controllers\/edicion-limitada-de-mandos-de-ps5\/\",\"url\":\"https:\/\/eu.aimcontrollers.com\/es\/ps5-controllers\/edicion-limitada-de-mandos-de-ps5\/\",\"name\":\"Edici\u00f3n Limitada De Mandos de PS5 - Aimcontrollers\",\"isPartOf\":{\"@id\":\"https:\/\/eu.aimcontrollers.com\/es\/#website\"},\"datePublished\":\"2021-05-28T08:19:32+00:00\",\"dateModified\":\"2023-06-07T12:15:09+00:00\",\"breadcrumb\":{\"@id\":\"https:\/\/eu.aimcontrollers.com\/es\/ps5-controllers\/edicion-limitada-de-mandos-de-ps5\/#breadcrumb\"},\"inLanguage\":\"es\",\"potentialAction\":[{\"@type\":\"ReadAction\",\"target\":[\"https:\/\/eu.aimcontrollers.com\/es\/ps5-controllers\/edicion-limitada-de-mandos-de-ps5\/\"]}]},{\"@type\":\"BreadcrumbList\",\"@id\":\"https:\/\/eu.aimcontrollers.com\/es\/ps5-controllers\/edicion-limitada-de-mandos-de-ps5\/#breadcrumb\",\"itemListElement\":[{\"@type\":\"ListItem\",\"position\":1,\"name\":\"Home\",\"item\":\"https:\/\/eu.aimcontrollers.com\/es\/\"},{\"@type\":\"ListItem\",\"position\":2,\"name\":\"PS5 Controllers\",\"item\":\"https:\/\/eu.aimcontrollers.com\/es\/ps5-controllers\/\"},{\"@type\":\"ListItem\",\"position\":3,\"name\":\"Edici\u00f3n Limitada De Mandos de PS5\"}]},{\"@type\":\"WebSite\",\"@id\":\"https:\/\/eu.aimcontrollers.com\/es\/#website\",\"url\":\"https:\/\/eu.aimcontrollers.com\/es\/\",\"name\":\"AimControllers - The most affordable competitive controllers for Xbox, PlayStation and PC\",\"description\":\"Una de las marcas m\u00e1s importantes que ofrece controladores originales y totalmente personalizables.\",\"publisher\":{\"@id\":\"https:\/\/eu.aimcontrollers.com\/es\/#organization\"},\"potentialAction\":[{\"@type\":\"SearchAction\",\"target\":{\"@type\":\"EntryPoint\",\"urlTemplate\":\"https:\/\/eu.aimcontrollers.com\/es\/?s={search_term_string}\"},\"query-input\":{\"@type\":\"PropertyValueSpecification\",\"valueRequired\":true,\"valueName\":\"search_term_string\"}}],\"inLanguage\":\"es\"},{\"@type\":\"Organization\",\"@id\":\"https:\/\/eu.aimcontrollers.com\/es\/#organization\",\"name\":\"Aimcontrollers\",\"url\":\"https:\/\/eu.aimcontrollers.com\/es\/\",\"logo\":{\"@type\":\"ImageObject\",\"inLanguage\":\"es\",\"@id\":\"https:\/\/eu.aimcontrollers.com\/es\/#\/schema\/logo\/image\/\",\"url\":\"\",\"contentUrl\":\"\",\"caption\":\"Aimcontrollers\"},\"image\":{\"@id\":\"https:\/\/eu.aimcontrollers.com\/es\/#\/schema\/logo\/image\/\"},\"sameAs\":[\"http:\/\/www.facebook.com\/aimcontrollers\",\"https:\/\/x.com\/AimControllerss\",\"https:\/\/instagram.com\/aimcontrollers\/\",\"https:\/\/www.youtube.com\/user\/aimcontrollerspl\/videos\"]}]}<\/script>\n<!-- \/ Yoast SEO Premium plugin. -->","yoast_head_json":{"title":"Edici\u00f3n Limitada De Mandos de PS5 - Aimcontrollers","robots":{"index":"index","follow":"follow","max-snippet":"max-snippet:-1","max-image-preview":"max-image-preview:large","max-video-preview":"max-video-preview:-1"},"canonical":"https:\/\/eu.aimcontrollers.com\/es\/ps5-controllers\/edicion-limitada-de-mandos-de-ps5\/","og_locale":"es_ES","og_type":"article","og_title":"Edici\u00f3n Limitada De Mandos de PS5","og_url":"https:\/\/eu.aimcontrollers.com\/es\/ps5-controllers\/edicion-limitada-de-mandos-de-ps5\/","og_site_name":"Aimcontrollers","article_publisher":"http:\/\/www.facebook.com\/aimcontrollers","article_modified_time":"2023-06-07T12:15:09+00:00","twitter_card":"summary_large_image","twitter_site":"@AimControllerss","twitter_misc":{"Tiempo de lectura":"1 minuto"},"schema":{"@context":"https:\/\/schema.org","@graph":[{"@type":"WebPage","@id":"https:\/\/eu.aimcontrollers.com\/es\/ps5-controllers\/edicion-limitada-de-mandos-de-ps5\/","url":"https:\/\/eu.aimcontrollers.com\/es\/ps5-controllers\/edicion-limitada-de-mandos-de-ps5\/","name":"Edici\u00f3n Limitada De Mandos de PS5 - Aimcontrollers","isPartOf":{"@id":"https:\/\/eu.aimcontrollers.com\/es\/#website"},"datePublished":"2021-05-28T08:19:32+00:00","dateModified":"2023-06-07T12:15:09+00:00","breadcrumb":{"@id":"https:\/\/eu.aimcontrollers.com\/es\/ps5-controllers\/edicion-limitada-de-mandos-de-ps5\/#breadcrumb"},"inLanguage":"es","potentialAction":[{"@type":"ReadAction","target":["https:\/\/eu.aimcontrollers.com\/es\/ps5-controllers\/edicion-limitada-de-mandos-de-ps5\/"]}]},{"@type":"BreadcrumbList","@id":"https:\/\/eu.aimcontrollers.com\/es\/ps5-controllers\/edicion-limitada-de-mandos-de-ps5\/#breadcrumb","itemListElement":[{"@type":"ListItem","position":1,"name":"Home","item":"https:\/\/eu.aimcontrollers.com\/es\/"},{"@type":"ListItem","position":2,"name":"PS5 Controllers","item":"https:\/\/eu.aimcontrollers.com\/es\/ps5-controllers\/"},{"@type":"ListItem","position":3,"name":"Edici\u00f3n Limitada De Mandos de PS5"}]},{"@type":"WebSite","@id":"https:\/\/eu.aimcontrollers.com\/es\/#website","url":"https:\/\/eu.aimcontrollers.com\/es\/","name":"AimControllers - The most affordable competitive controllers for Xbox, PlayStation and PC","description":"Una de las marcas m\u00e1s importantes que ofrece controladores originales y totalmente personalizables.","publisher":{"@id":"https:\/\/eu.aimcontrollers.com\/es\/#organization"},"potentialAction":[{"@type":"SearchAction","target":{"@type":"EntryPoint","urlTemplate":"https:\/\/eu.aimcontrollers.com\/es\/?s={search_term_string}"},"query-input":{"@type":"PropertyValueSpecification","valueRequired":true,"valueName":"search_term_string"}}],"inLanguage":"es"},{"@type":"Organization","@id":"https:\/\/eu.aimcontrollers.com\/es\/#organization","name":"Aimcontrollers","url":"https:\/\/eu.aimcontrollers.com\/es\/","logo":{"@type":"ImageObject","inLanguage":"es","@id":"https:\/\/eu.aimcontrollers.com\/es\/#\/schema\/logo\/image\/","url":"","contentUrl":"","caption":"Aimcontrollers"},"image":{"@id":"https:\/\/eu.aimcontrollers.com\/es\/#\/schema\/logo\/image\/"},"sameAs":["http:\/\/www.facebook.com\/aimcontrollers","https:\/\/x.com\/AimControllerss","https:\/\/instagram.com\/aimcontrollers\/","https:\/\/www.youtube.com\/user\/aimcontrollerspl\/videos"]}]}},"_links":{"self":[{"href":"https:\/\/eu.aimcontrollers.com\/es\/wp-json\/wp\/v2\/pages\/1203418","targetHints":{"allow":["GET"]}}],"collection":[{"href":"https:\/\/eu.aimcontrollers.com\/es\/wp-json\/wp\/v2\/pages"}],"about":[{"href":"https:\/\/eu.aimcontrollers.com\/es\/wp-json\/wp\/v2\/types\/page"}],"author":[{"embeddable":true,"href":"https:\/\/eu.aimcontrollers.com\/es\/wp-json\/wp\/v2\/users\/1"}],"replies":[{"embeddable":true,"href":"https:\/\/eu.aimcontrollers.com\/es\/wp-json\/wp\/v2\/comments?post=1203418"}],"version-history":[{"count":9,"href":"https:\/\/eu.aimcontrollers.com\/es\/wp-json\/wp\/v2\/pages\/1203418\/revisions"}],"predecessor-version":[{"id":1302064,"href":"https:\/\/eu.aimcontrollers.com\/es\/wp-json\/wp\/v2\/pages\/1203418\/revisions\/1302064"}],"up":[{"embeddable":true,"href":"https:\/\/eu.aimcontrollers.com\/es\/wp-json\/wp\/v2\/pages\/1182507"}],"wp:attachment":[{"href":"https:\/\/eu.aimcontrollers.com\/es\/wp-json\/wp\/v2\/media?parent=1203418"}],"wp:term":[{"taxonomy":"misspellings","embeddable":true,"href":"https:\/\/eu.aimcontrollers.com\/es\/wp-json\/wp\/v2\/misspellings?post=1203418"}],"curies":[{"name":"wp","href":"https:\/\/api.w.org\/{rel}","templated":true}]}}