{"id":1273929,"date":"2022-11-14T18:02:35","date_gmt":"2022-11-14T17:02:35","guid":{"rendered":"https:\/\/eu.aimcontrollers.com\/kickstarter\/"},"modified":"2022-11-15T11:27:02","modified_gmt":"2022-11-15T10:27:02","slug":"kickstarter","status":"publish","type":"page","link":"https:\/\/eu.aimcontrollers.com\/es\/kickstarter\/","title":{"rendered":"Kickstarter"},"content":{"rendered":"\t<div class=\"img has-hover hide-for-small x md-x lg-x y md-y lg-y\" id=\"image_1865907921\">\n\t\t\t\t\t\t\t\t<div class=\"img-inner dark\" >\n\t\t\t<img loading=\"lazy\" decoding=\"async\" width=\"1920\" height=\"630\" src=\"https:\/\/eu.aimcontrollers.com\/wp-content\/uploads\/2022\/11\/baner-kickstarterv3.jpg\" class=\"attachment-original size-original\" alt=\"\" srcset=\"https:\/\/eu.aimcontrollers.com\/wp-content\/uploads\/2022\/11\/baner-kickstarterv3.jpg 1920w, https:\/\/eu.aimcontrollers.com\/wp-content\/uploads\/2022\/11\/baner-kickstarterv3-500x164.jpg 500w, https:\/\/eu.aimcontrollers.com\/wp-content\/uploads\/2022\/11\/baner-kickstarterv3-800x263.jpg 800w, https:\/\/eu.aimcontrollers.com\/wp-content\/uploads\/2022\/11\/baner-kickstarterv3-1400x459.jpg 1400w, https:\/\/eu.aimcontrollers.com\/wp-content\/uploads\/2022\/11\/baner-kickstarterv3-768x252.jpg 768w, https:\/\/eu.aimcontrollers.com\/wp-content\/uploads\/2022\/11\/baner-kickstarterv3-1536x504.jpg 1536w\" sizes=\"auto, (max-width: 1920px) 100vw, 1920px\" \/>\t\t\t\t\t\t\n\t\t\t\t\t<\/div>\n\t\t\t\t\t\t\t\t\n<style>\n#image_1865907921 {\n  width: 100%;\n}\n<\/style>\n\t<\/div>\n\t\n\t<div class=\"img has-hover show-for-small x md-x lg-x y md-y lg-y\" id=\"image_995462225\">\n\t\t\t\t\t\t\t\t<div class=\"img-inner dark\" >\n\t\t\t<img loading=\"lazy\" decoding=\"async\" width=\"450\" height=\"580\" src=\"https:\/\/eu.aimcontrollers.com\/wp-content\/uploads\/2022\/11\/baner-kickstarterv3-mobile.jpg\" class=\"attachment-original size-original\" alt=\"\" srcset=\"https:\/\/eu.aimcontrollers.com\/wp-content\/uploads\/2022\/11\/baner-kickstarterv3-mobile.jpg 450w, https:\/\/eu.aimcontrollers.com\/wp-content\/uploads\/2022\/11\/baner-kickstarterv3-mobile-310x400.jpg 310w\" sizes=\"auto, (max-width: 450px) 100vw, 450px\" \/>\t\t\t\t\t\t\n\t\t\t\t\t<\/div>\n\t\t\t\t\t\t\t\t\n<style>\n#image_995462225 {\n  width: 100%;\n}\n<\/style>\n\t<\/div>\n\t\n\n\t<section class=\"section dark\" id=\"section_1107217572\">\n\t\t<div class=\"section-bg fill\" >\n\t\t\t\t\t\t\t\t\t\n\t\t\t\n\n\t\t<\/div>\n\n\t\t\n\n\t\t<div class=\"section-content relative\">\n\t\t\t\n\n<style>\n#frm_checkbox_20-0 > label{\n color:white;\n}\n#form_kickstarter-signup2 > div > fieldset > div > div.frm_submit > button{\n background-color: #9d44d2 !important;\n}\n<\/style>\n\n<div class=\"row align-center\"  id=\"row-1839103342\">\n\n\t<div id=\"col-953218249\" class=\"col medium-12 small-12 large-10\"  >\n\t\t\t\t<div class=\"col-inner text-center\"  >\n\t\t\t\n\t\t\t\n<div class=\"container section-title-container\" ><h2 class=\"section-title section-title-center\"><b><\/b><span class=\"section-title-main\" style=\"font-size:200%;color:rgb(157, 68, 210);\">Inscr\u00edbase para saber m\u00e1s<\/span><b><\/b><\/h2><\/div>\n\t<div id=\"text-524943265\" class=\"text\">\n\t\t\n<p>Al enviar su direcci\u00f3n de correo electr\u00f3nico, acepta recibir noticias y actualizaciones sobre los proyectos de AimControllers.<br \/>\n\t\t\n<style>\n#text-524943265 {\n  font-size: 1.1rem;\n}\n<\/style>\n\t<\/div>\n\t\n\t<div id=\"gap-1558354435\" class=\"gap-element clearfix\" style=\"display:block; height:auto;\">\n\t\t\n<style>\n#gap-1558354435 {\n  padding-top: 10px;\n}\n<\/style>\n\t<\/div>\n\t\n<div class=\"frm_forms  with_frm_style frm_center_submit frm_style_formidable-style\" id=\"frm_form_6_container\" >\n<form enctype=\"multipart\/form-data\" method=\"post\" class=\"frm-show-form  frm_js_validate  frm_ajax_submit  frm_pro_form \" id=\"form_kickstarter-signup2\" >\n<div class=\"frm_form_fields \">\n<fieldset>\n<legend class=\"frm_screen_reader\">Kickstarter Signup<\/legend>\r\n\r\n<div class=\"frm_fields_container\">\n<input type=\"hidden\" name=\"frm_action\" value=\"create\" \/>\n<input type=\"hidden\" name=\"form_id\" value=\"6\" \/>\n<input type=\"hidden\" name=\"frm_hide_fields_6\" id=\"frm_hide_fields_6\" value=\"\" \/>\n<input type=\"hidden\" name=\"form_key\" value=\"kickstarter-signup2\" \/>\n<input type=\"hidden\" name=\"item_meta[0]\" value=\"\" \/>\n<input type=\"hidden\" id=\"frm_submit_entry_6\" name=\"frm_submit_entry_6\" value=\"10b54a8f70\" \/><input type=\"hidden\" name=\"_wp_http_referer\" value=\"\/es\/wp-json\/wp\/v2\/pages\/1273929\" \/><div id=\"frm_field_18_container\" class=\"frm_form_field form-field  frm_required_field frm_top_container\">\r\n    <label for=\"field_701dk2\" id=\"field_701dk2_label\" class=\"frm_primary_label\">\r\n        <span class=\"frm_required\"><\/span>\r\n    <\/label>\r\n    <input type=\"email\" id=\"field_701dk2\" name=\"item_meta[18]\" value=\"\"  style=\"width:120%\" placeholder=\"Enter your email address\" data-reqmsg=\"Este campo no puede estar en blanco.\t\" aria-required=\"true\" data-invmsg=\"La direcci\u00f3n de correo electr\u00f3nico es incorrecta\t\" class=\"auto_width\" aria-invalid=\"false\"  \/>\r\n    \r\n    \r\n<\/div>\n<input type=\"hidden\" name=\"item_meta[19]\" id=\"field_o34d\" value=\"es\"  data-frmval=\"es\"   \/>\n<div id=\"frm_field_20_container\" class=\"frm_form_field form-field  frm_required_field frm_top_container vertical_radio\">\r\n    <div  id=\"field_28zys2_label\" class=\"frm_primary_label\">\r\n        <span class=\"frm_required\" aria-hidden=\"true\"><\/span>\r\n    <\/div>\r\n    <div class=\"frm_opt_container\" aria-labelledby=\"field_28zys2_label\" role=\"group\">\t\t<div class=\"frm_checkbox\" id=\"frm_checkbox_20-0\">\t\t\t<label  for=\"field_28zys2-0\">\n\t\t\t<input type=\"checkbox\" name=\"item_meta[20][]\" id=\"field_28zys2-0\" value=\"Consent\"  data-reqmsg=\"Este campo es obligatorio.\" data-invmsg=\"Este campo no es v\u00e1lido\"   aria-required=\"true\"  \/> Acepto <a href=\"https:\/\/eu.aimcontrollers.com\/es\/politica-de-privacidad\/\">t\u00e9rminos del bolet\u00edn de noticias<\/a><\/label><\/div>\n<\/div>\r\n    \r\n    \r\n<\/div>\n\t<input type=\"hidden\" name=\"item_key\" value=\"\" \/>\n\t\t\t<div id=\"frm_field_132_container\">\n\t\t\t<label for=\"field_55boz\" >\n\t\t\t\tSi eres humano, deja este campo en blanco.\t\t\t<\/label>\n\t\t\t<input  id=\"field_55boz\" type=\"text\" class=\"frm_form_field form-field frm_verify\" name=\"item_meta[132]\" value=\"\"  \/>\n\t\t<\/div>\n\t\t<input name=\"frm_state\" type=\"hidden\" value=\"4MP1LvtaZtnMqYrKrQEEP6MTQ4v\/\/J\/T8Nfv3pSi+MBhspX5VDs8YRU5oaNqR2mv\" \/><div class=\"frm_submit\">\r\n\r\n<button class=\"frm_button_submit frm_final_submit\" type=\"submit\"   formnovalidate=\"formnovalidate\">Reg\u00edstrate<\/button>\r\n\r\n<\/div><\/div>\n<\/fieldset>\n<\/div>\n\n<\/form>\n<\/div>\n\n\t\t<\/div>\n\t\t\t\t\t<\/div>\n\n\t\n<\/div>\n\t\t<\/div>\n\n\t\t\n<style>\n#section_1107217572 {\n  padding-top: 60px;\n  padding-bottom: 60px;\n  background-color: rgb(0,0,0);\n}\n<\/style>\n\t<\/section>\n\t\n\n\t<section class=\"section dark\" id=\"section_941067433\">\n\t\t<div class=\"section-bg fill\" >\n\t\t\t\t\t\t\t\t\t\n\t\t\t\n\n\t\t<\/div>\n\n\t\t\n\n\t\t<div class=\"section-content relative\">\n\t\t\t\n<div class=\"row align-center\"  id=\"row-1977379019\">\n\n\t<div id=\"col-1574061670\" class=\"col medium-12 small-12 large-10\"  >\n\t\t\t\t<div class=\"col-inner text-center\"  >\n\t\t\t\n\t\t\t\n<div class=\"container section-title-container\" ><h2 class=\"section-title section-title-center\"><b><\/b><span class=\"section-title-main\" style=\"font-size:201%;color:rgb(157, 68, 210);\">sobre el proyecto<\/span><b><\/b><\/h2><\/div>\n\t<div id=\"text-961357583\" class=\"text\">\n\t\t\n<h2>\u00a1La revoluci\u00f3n comienza pronto!<\/h2>\n\t\t\n<style>\n#text-961357583 {\n  font-size: 1.1rem;\n  text-align: center;\n}\n<\/style>\n\t<\/div>\n\t\n\t<div id=\"text-3541746407\" class=\"text\">\n\t\t\n<p>A la hora de la verdad, usted quiere el ajuste <strong>perfecto para sus necesidades<\/strong>. Una construcci\u00f3n robusta y duradera que tenga en cuenta su m\u00e1xima comodidad, algo que le permita ajustarse a cualquier reto sobre la marcha sin perder un solo precioso segundo extra de su tiempo. Algo en lo que pueda confiar y aprovechar para elevarse a alturas antes inalcanzables. Ya casi est\u00e1 aqu\u00ed: las mejores ideas y las nuevas posibilidades se mezclan para crear un verdadero &#8220;<strong>game changer<\/strong>&#8220;.<\/p>\n<p>Sin compromisos y sin excusas &#8211; pronto tendr\u00e1s la oportunidad de empezar a jugar a un nivel m\u00e1s alto que nunca con una asombrosa libertad de elecci\u00f3n &#8211; ning\u00fan pico estar\u00e1 fuera de tu alcance.<\/p>\n<p>Abr\u00f3chate los cinturones y prep\u00e1rate para el viaje de tu vida.<\/p>\n<p>Se acerca el &#8220;<strong>Game changer<\/strong>&#8220;.<br \/>\n\t\t\n<style>\n#text-3541746407 {\n  font-size: 1.1rem;\n}\n<\/style>\n\t<\/div>\n\t\n\t\t<\/div>\n\t\t\t\t\t<\/div>\n\n\t\n<\/div>\n\t\t<\/div>\n\n\t\t\n<style>\n#section_941067433 {\n  padding-top: 30px;\n  padding-bottom: 30px;\n  background-color: rgb(0,0,0);\n}\n<\/style>\n\t<\/section>\n\t\n\n\t<section class=\"section dark\" id=\"section_1018452386\">\n\t\t<div class=\"section-bg fill\" >\n\t\t\t\t\t\t\t\t\t\n\t\t\t\n\t<div class=\"is-border\"\n\t\tstyle=\"border-color:rgb(235, 235, 235);border-width:1px 0px 0px 0px;\">\n\t<\/div>\n\n\t\t<\/div>\n\n\t\t\n\n\t\t<div class=\"section-content relative\">\n\t\t\t\n<div class=\"row\"  id=\"row-1473347595\">\n\n\t<div id=\"col-1259790833\" class=\"col small-12 large-12\"  >\n\t\t\t\t<div class=\"col-inner text-center\"  >\n\t\t\t\n\t\t\t\n<div class=\"container section-title-container\" ><h2 class=\"section-title section-title-center\"><b><\/b><span class=\"section-title-main\" style=\"font-size:200%;color:rgb(157, 68, 210);\">Comparte esta noticia con tus amigos<\/span><b><\/b><\/h2><\/div>\n\t\t<\/div>\n\t\t\t\t\t<\/div>\n\n\t\n\n\t<div id=\"col-1637224729\" class=\"col small-12 large-12\"  >\n\t\t\t\t<div class=\"col-inner\"  >\n\t\t\t\n\t\t\t\n<div class=\"social-icons share-icons share-row relative icon-style-fill\" style=\"font-size:130%\"><a href=\"whatsapp:\/\/send?text=Kickstarter - https:\/\/eu.aimcontrollers.com\/es\/kickstarter\/\" data-action=\"share\/whatsapp\/share\" class=\"icon primary button circle tooltip whatsapp show-for-medium\" title=\"Compartir en WhatsApp\" aria-label=\"Compartir en WhatsApp\" ><i class=\"icon-whatsapp\" ><\/i><\/a><a href=\"https:\/\/www.facebook.com\/sharer.php?u=https:\/\/eu.aimcontrollers.com\/es\/kickstarter\/\" data-label=\"Facebook\" onclick=\"window.open(this.href,this.title,'width=500,height=500,top=300px,left=300px'); return false;\" target=\"_blank\" class=\"icon primary button circle tooltip facebook\" title=\"Compartir en Facebook\" aria-label=\"Compartir en Facebook\" rel=\"noopener nofollow\" ><i class=\"icon-facebook\" ><\/i><\/a><a href=\"https:\/\/twitter.com\/share?url=https:\/\/eu.aimcontrollers.com\/es\/kickstarter\/\" onclick=\"window.open(this.href,this.title,'width=500,height=500,top=300px,left=300px'); return false;\" target=\"_blank\" class=\"icon primary button circle tooltip twitter\" title=\"Compartir en Twitter\" aria-label=\"Compartir en Twitter\" rel=\"noopener nofollow\" ><i class=\"icon-twitter\" ><\/i><\/a><a href=\"mailto:?subject=Kickstarter&body=Check%20this%20out%3A%20https%3A%2F%2Feu.aimcontrollers.com%2Fes%2Fkickstarter%2F\" class=\"icon primary button circle tooltip email\" title=\"Env\u00eda por email\" aria-label=\"Env\u00eda por email\" rel=\"nofollow\" ><i class=\"icon-envelop\" ><\/i><\/a><a href=\"https:\/\/pinterest.com\/pin\/create\/button?url=https:\/\/eu.aimcontrollers.com\/es\/kickstarter\/&media&description=Kickstarter\" onclick=\"window.open(this.href,this.title,'width=500,height=500,top=300px,left=300px'); return false;\" target=\"_blank\" class=\"icon primary button circle tooltip pinterest\" title=\"Pinear en Pinterest\" aria-label=\"Pinear en Pinterest\" rel=\"noopener nofollow\" ><i class=\"icon-pinterest\" ><\/i><\/a><a href=\"https:\/\/www.linkedin.com\/shareArticle?mini=true&url=https:\/\/eu.aimcontrollers.com\/es\/kickstarter\/&title=Kickstarter\" onclick=\"window.open(this.href,this.title,'width=500,height=500,top=300px,left=300px'); return false;\" target=\"_blank\" class=\"icon primary button circle tooltip linkedin\" title=\"Compartir en LinkedIn\" aria-label=\"Compartir en LinkedIn\" rel=\"noopener nofollow\" ><i class=\"icon-linkedin\" ><\/i><\/a><\/div>\n\t\t<\/div>\n\t\t\t\t\t<\/div>\n\n\t\n<\/div>\n\t\t<\/div>\n\n\t\t\n<style>\n#section_1018452386 {\n  padding-top: 60px;\n  padding-bottom: 60px;\n  background-color: rgb(0,0,0);\n}\n<\/style>\n\t<\/section>\n\t\n","protected":false},"excerpt":{"rendered":"","protected":false},"author":1,"featured_media":0,"parent":0,"menu_order":0,"comment_status":"closed","ping_status":"closed","template":"page-blank.php","meta":{"_acf_changed":false,"inline_featured_image":false,"footnotes":""},"misspellings":[],"class_list":["post-1273929","page","type-page","status-publish","hentry"],"acf":[],"yoast_head":"<!-- This site is optimized with the Yoast SEO Premium plugin v22.4 (Yoast SEO v27.2) - https:\/\/yoast.com\/product\/yoast-seo-premium-wordpress\/ -->\n<title>Kickstarter - Aimcontrollers<\/title>\n<meta name=\"robots\" content=\"index, follow, max-snippet:-1, max-image-preview:large, max-video-preview:-1\" \/>\n<link rel=\"canonical\" href=\"https:\/\/eu.aimcontrollers.com\/es\/kickstarter\/\" \/>\n<meta property=\"og:locale\" content=\"es_ES\" \/>\n<meta property=\"og:type\" content=\"article\" \/>\n<meta property=\"og:title\" content=\"Kickstarter\" \/>\n<meta property=\"og:url\" content=\"https:\/\/eu.aimcontrollers.com\/es\/kickstarter\/\" \/>\n<meta property=\"og:site_name\" content=\"Aimcontrollers\" \/>\n<meta property=\"article:publisher\" content=\"http:\/\/www.facebook.com\/aimcontrollers\" \/>\n<meta property=\"article:modified_time\" content=\"2022-11-15T10:27:02+00:00\" \/>\n<meta name=\"twitter:card\" content=\"summary_large_image\" \/>\n<meta name=\"twitter:site\" content=\"@AimControllerss\" \/>\n<meta name=\"twitter:label1\" content=\"Tiempo de lectura\" \/>\n\t<meta name=\"twitter:data1\" content=\"2 minutos\" \/>\n<script type=\"application\/ld+json\" class=\"yoast-schema-graph\">{\"@context\":\"https:\/\/schema.org\",\"@graph\":[{\"@type\":\"WebPage\",\"@id\":\"https:\/\/eu.aimcontrollers.com\/es\/kickstarter\/\",\"url\":\"https:\/\/eu.aimcontrollers.com\/es\/kickstarter\/\",\"name\":\"Kickstarter - Aimcontrollers\",\"isPartOf\":{\"@id\":\"https:\/\/eu.aimcontrollers.com\/es\/#website\"},\"datePublished\":\"2022-11-14T17:02:35+00:00\",\"dateModified\":\"2022-11-15T10:27:02+00:00\",\"breadcrumb\":{\"@id\":\"https:\/\/eu.aimcontrollers.com\/es\/kickstarter\/#breadcrumb\"},\"inLanguage\":\"es\",\"potentialAction\":[{\"@type\":\"ReadAction\",\"target\":[\"https:\/\/eu.aimcontrollers.com\/es\/kickstarter\/\"]}]},{\"@type\":\"BreadcrumbList\",\"@id\":\"https:\/\/eu.aimcontrollers.com\/es\/kickstarter\/#breadcrumb\",\"itemListElement\":[{\"@type\":\"ListItem\",\"position\":1,\"name\":\"Home\",\"item\":\"https:\/\/eu.aimcontrollers.com\/es\/\"},{\"@type\":\"ListItem\",\"position\":2,\"name\":\"Kickstarter\"}]},{\"@type\":\"WebSite\",\"@id\":\"https:\/\/eu.aimcontrollers.com\/es\/#website\",\"url\":\"https:\/\/eu.aimcontrollers.com\/es\/\",\"name\":\"AimControllers - The most affordable competitive controllers for Xbox, PlayStation and PC\",\"description\":\"Una de las marcas m\u00e1s importantes que ofrece controladores originales y totalmente personalizables.\",\"publisher\":{\"@id\":\"https:\/\/eu.aimcontrollers.com\/es\/#organization\"},\"potentialAction\":[{\"@type\":\"SearchAction\",\"target\":{\"@type\":\"EntryPoint\",\"urlTemplate\":\"https:\/\/eu.aimcontrollers.com\/es\/?s={search_term_string}\"},\"query-input\":{\"@type\":\"PropertyValueSpecification\",\"valueRequired\":true,\"valueName\":\"search_term_string\"}}],\"inLanguage\":\"es\"},{\"@type\":\"Organization\",\"@id\":\"https:\/\/eu.aimcontrollers.com\/es\/#organization\",\"name\":\"Aimcontrollers\",\"url\":\"https:\/\/eu.aimcontrollers.com\/es\/\",\"logo\":{\"@type\":\"ImageObject\",\"inLanguage\":\"es\",\"@id\":\"https:\/\/eu.aimcontrollers.com\/es\/#\/schema\/logo\/image\/\",\"url\":\"\",\"contentUrl\":\"\",\"caption\":\"Aimcontrollers\"},\"image\":{\"@id\":\"https:\/\/eu.aimcontrollers.com\/es\/#\/schema\/logo\/image\/\"},\"sameAs\":[\"http:\/\/www.facebook.com\/aimcontrollers\",\"https:\/\/x.com\/AimControllerss\",\"https:\/\/instagram.com\/aimcontrollers\/\",\"https:\/\/www.youtube.com\/user\/aimcontrollerspl\/videos\"]}]}<\/script>\n<!-- \/ Yoast SEO Premium plugin. -->","yoast_head_json":{"title":"Kickstarter - Aimcontrollers","robots":{"index":"index","follow":"follow","max-snippet":"max-snippet:-1","max-image-preview":"max-image-preview:large","max-video-preview":"max-video-preview:-1"},"canonical":"https:\/\/eu.aimcontrollers.com\/es\/kickstarter\/","og_locale":"es_ES","og_type":"article","og_title":"Kickstarter","og_url":"https:\/\/eu.aimcontrollers.com\/es\/kickstarter\/","og_site_name":"Aimcontrollers","article_publisher":"http:\/\/www.facebook.com\/aimcontrollers","article_modified_time":"2022-11-15T10:27:02+00:00","twitter_card":"summary_large_image","twitter_site":"@AimControllerss","twitter_misc":{"Tiempo de lectura":"2 minutos"},"schema":{"@context":"https:\/\/schema.org","@graph":[{"@type":"WebPage","@id":"https:\/\/eu.aimcontrollers.com\/es\/kickstarter\/","url":"https:\/\/eu.aimcontrollers.com\/es\/kickstarter\/","name":"Kickstarter - Aimcontrollers","isPartOf":{"@id":"https:\/\/eu.aimcontrollers.com\/es\/#website"},"datePublished":"2022-11-14T17:02:35+00:00","dateModified":"2022-11-15T10:27:02+00:00","breadcrumb":{"@id":"https:\/\/eu.aimcontrollers.com\/es\/kickstarter\/#breadcrumb"},"inLanguage":"es","potentialAction":[{"@type":"ReadAction","target":["https:\/\/eu.aimcontrollers.com\/es\/kickstarter\/"]}]},{"@type":"BreadcrumbList","@id":"https:\/\/eu.aimcontrollers.com\/es\/kickstarter\/#breadcrumb","itemListElement":[{"@type":"ListItem","position":1,"name":"Home","item":"https:\/\/eu.aimcontrollers.com\/es\/"},{"@type":"ListItem","position":2,"name":"Kickstarter"}]},{"@type":"WebSite","@id":"https:\/\/eu.aimcontrollers.com\/es\/#website","url":"https:\/\/eu.aimcontrollers.com\/es\/","name":"AimControllers - The most affordable competitive controllers for Xbox, PlayStation and PC","description":"Una de las marcas m\u00e1s importantes que ofrece controladores originales y totalmente personalizables.","publisher":{"@id":"https:\/\/eu.aimcontrollers.com\/es\/#organization"},"potentialAction":[{"@type":"SearchAction","target":{"@type":"EntryPoint","urlTemplate":"https:\/\/eu.aimcontrollers.com\/es\/?s={search_term_string}"},"query-input":{"@type":"PropertyValueSpecification","valueRequired":true,"valueName":"search_term_string"}}],"inLanguage":"es"},{"@type":"Organization","@id":"https:\/\/eu.aimcontrollers.com\/es\/#organization","name":"Aimcontrollers","url":"https:\/\/eu.aimcontrollers.com\/es\/","logo":{"@type":"ImageObject","inLanguage":"es","@id":"https:\/\/eu.aimcontrollers.com\/es\/#\/schema\/logo\/image\/","url":"","contentUrl":"","caption":"Aimcontrollers"},"image":{"@id":"https:\/\/eu.aimcontrollers.com\/es\/#\/schema\/logo\/image\/"},"sameAs":["http:\/\/www.facebook.com\/aimcontrollers","https:\/\/x.com\/AimControllerss","https:\/\/instagram.com\/aimcontrollers\/","https:\/\/www.youtube.com\/user\/aimcontrollerspl\/videos"]}]}},"_links":{"self":[{"href":"https:\/\/eu.aimcontrollers.com\/es\/wp-json\/wp\/v2\/pages\/1273929","targetHints":{"allow":["GET"]}}],"collection":[{"href":"https:\/\/eu.aimcontrollers.com\/es\/wp-json\/wp\/v2\/pages"}],"about":[{"href":"https:\/\/eu.aimcontrollers.com\/es\/wp-json\/wp\/v2\/types\/page"}],"author":[{"embeddable":true,"href":"https:\/\/eu.aimcontrollers.com\/es\/wp-json\/wp\/v2\/users\/1"}],"replies":[{"embeddable":true,"href":"https:\/\/eu.aimcontrollers.com\/es\/wp-json\/wp\/v2\/comments?post=1273929"}],"version-history":[{"count":8,"href":"https:\/\/eu.aimcontrollers.com\/es\/wp-json\/wp\/v2\/pages\/1273929\/revisions"}],"predecessor-version":[{"id":1274175,"href":"https:\/\/eu.aimcontrollers.com\/es\/wp-json\/wp\/v2\/pages\/1273929\/revisions\/1274175"}],"wp:attachment":[{"href":"https:\/\/eu.aimcontrollers.com\/es\/wp-json\/wp\/v2\/media?parent=1273929"}],"wp:term":[{"taxonomy":"misspellings","embeddable":true,"href":"https:\/\/eu.aimcontrollers.com\/es\/wp-json\/wp\/v2\/misspellings?post=1273929"}],"curies":[{"name":"wp","href":"https:\/\/api.w.org\/{rel}","templated":true}]}}