{"id":1044915,"date":"2020-06-29T09:09:24","date_gmt":"2020-06-29T07:16:06","guid":{"rendered":"https:\/\/eu.aimcontrollers.com\/?post_type=product&#038;p=1044915"},"modified":"2025-02-04T13:59:24","modified_gmt":"2025-02-04T12:59:24","slug":"mando-ps4-diamond-ps4-controller-aimcontrollers","status":"publish","type":"product","link":"https:\/\/eu.aimcontrollers.com\/es\/producto\/mando-ps4-diamond-ps4-controller-aimcontrollers\/","title":{"rendered":"Mando PS4 Diamond &#8211; PS4 Controller &#8211; AimControllers"},"content":{"rendered":"","protected":false},"excerpt":{"rendered":"<p><span style=\"font-weight: 400\"><strong>Diamond Aimcontroller PS4<\/strong> &#8211; el dise\u00f1o de este Aimcontroller para PS4 ser\u00eda perfecto para las personas que valoran no solo la originalidad, sino tambi\u00e9n el dise\u00f1o moderno y moderno.<\/span><\/p>\n<p><span style=\"font-weight: 400\">El controlador est\u00e1 cubierto de diamantes, por lo que se abrir\u00e1 camino hacia una victoria, sin importar d\u00f3nde se encuentre.<\/span><\/p>\n<p><span style=\"font-weight: 400\">El controlador es totalmente personalizable, por lo que puede crear algo que se adapte a\u00fan mejor a sus necesidades.<\/span><\/p>\n<p>&nbsp;<\/p>\n<ul>\n<li><strong>Garant\u00eda de por vida<\/strong><\/li>\n<li>Basado en el producto original de Sony \u2013 PlayStation DualShock v2<\/li>\n<li>Dise\u00f1ado y fabricado en Europa.<\/li>\n<li>Compatible con PS4 y PC<\/li>\n<li>Totalmente personalizable<\/li>\n<\/ul>\n<p><span style=\"font-weight: 400\">\u00a0<\/span><\/p>\n","protected":false},"featured_media":0,"template":"","meta":{"_acf_changed":false,"inline_featured_image":false},"product_brand":[],"product_cat":[1181],"product_tag":[],"misspellings":[],"class_list":{"0":"post-1044915","1":"product","2":"type-product","3":"status-publish","5":"product_cat-ps4-controllers-es","7":"first","8":"instock","9":"taxable","10":"shipping-taxable","11":"purchasable","12":"product-type-simple"},"acf":[],"yoast_head":"<!-- This site is optimized with the Yoast SEO Premium plugin v22.4 (Yoast SEO v27.4) - https:\/\/yoast.com\/product\/yoast-seo-premium-wordpress\/ -->\n<title>Mando PS4 Diamond - PS4 Controller - AimControllers - Aimcontrollers<\/title>\n<meta name=\"description\" content=\"Diamond Aimcontroller PS4 - el dise\u00f1o de este Aimcontroller para PS4 ser\u00eda perfecto para las personas que valoran no solo la originalidad, sino tambi\u00e9n el dise\u00f1o moderno y moderno.\" \/>\n<meta name=\"robots\" content=\"index, follow, max-snippet:-1, max-image-preview:large, max-video-preview:-1\" \/>\n<link rel=\"canonical\" href=\"https:\/\/eu.aimcontrollers.com\/es\/producto\/mando-ps4-diamond-ps4-controller-aimcontrollers\/\" \/>\n<meta property=\"og:locale\" content=\"es_ES\" \/>\n<meta property=\"og:type\" content=\"article\" \/>\n<meta property=\"og:title\" content=\"Mando PS4 Diamond - PS4 Controller - AimControllers\" \/>\n<meta property=\"og:description\" content=\"Diamond Aimcontroller PS4 - el dise\u00f1o de este Aimcontroller para PS4 ser\u00eda perfecto para las personas que valoran no solo la originalidad, sino tambi\u00e9n el dise\u00f1o moderno y moderno.\" \/>\n<meta property=\"og:url\" content=\"https:\/\/eu.aimcontrollers.com\/es\/producto\/mando-ps4-diamond-ps4-controller-aimcontrollers\/\" \/>\n<meta property=\"og:site_name\" content=\"Aimcontrollers\" \/>\n<meta property=\"article:publisher\" content=\"http:\/\/www.facebook.com\/aimcontrollers\" \/>\n<meta property=\"article:modified_time\" content=\"2025-02-04T12:59:24+00:00\" \/>\n<meta name=\"twitter:card\" content=\"summary_large_image\" \/>\n<meta name=\"twitter:site\" content=\"@AimControllerss\" \/>\n<script type=\"application\/ld+json\" class=\"yoast-schema-graph\">{\"@context\":\"https:\\\/\\\/schema.org\",\"@graph\":[{\"@type\":\"WebPage\",\"@id\":\"https:\\\/\\\/eu.aimcontrollers.com\\\/es\\\/producto\\\/mando-ps4-diamond-ps4-controller-aimcontrollers\\\/\",\"url\":\"https:\\\/\\\/eu.aimcontrollers.com\\\/es\\\/producto\\\/mando-ps4-diamond-ps4-controller-aimcontrollers\\\/\",\"name\":\"Mando PS4 Diamond - PS4 Controller - AimControllers - Aimcontrollers\",\"isPartOf\":{\"@id\":\"https:\\\/\\\/eu.aimcontrollers.com\\\/es\\\/#website\"},\"datePublished\":\"2020-06-29T07:16:06+00:00\",\"dateModified\":\"2025-02-04T12:59:24+00:00\",\"description\":\"Diamond Aimcontroller PS4 - el dise\u00f1o de este Aimcontroller para PS4 ser\u00eda perfecto para las personas que valoran no solo la originalidad, sino tambi\u00e9n el dise\u00f1o moderno y moderno.\",\"breadcrumb\":{\"@id\":\"https:\\\/\\\/eu.aimcontrollers.com\\\/es\\\/producto\\\/mando-ps4-diamond-ps4-controller-aimcontrollers\\\/#breadcrumb\"},\"inLanguage\":\"es\",\"potentialAction\":[{\"@type\":\"ReadAction\",\"target\":[\"https:\\\/\\\/eu.aimcontrollers.com\\\/es\\\/producto\\\/mando-ps4-diamond-ps4-controller-aimcontrollers\\\/\"]}]},{\"@type\":\"BreadcrumbList\",\"@id\":\"https:\\\/\\\/eu.aimcontrollers.com\\\/es\\\/producto\\\/mando-ps4-diamond-ps4-controller-aimcontrollers\\\/#breadcrumb\",\"itemListElement\":[{\"@type\":\"ListItem\",\"position\":1,\"name\":\"Home\",\"item\":\"https:\\\/\\\/eu.aimcontrollers.com\\\/es\\\/\"},{\"@type\":\"ListItem\",\"position\":2,\"name\":\"Shop\",\"item\":\"https:\\\/\\\/eu.aimcontrollers.com\\\/shop\\\/\"},{\"@type\":\"ListItem\",\"position\":3,\"name\":\"Mando PS4 Diamond &#8211; PS4 Controller &#8211; AimControllers\"}]},{\"@type\":\"WebSite\",\"@id\":\"https:\\\/\\\/eu.aimcontrollers.com\\\/es\\\/#website\",\"url\":\"https:\\\/\\\/eu.aimcontrollers.com\\\/es\\\/\",\"name\":\"AimControllers - The most affordable competitive controllers for Xbox, PlayStation and PC\",\"description\":\"Una de las marcas m\u00e1s importantes que ofrece controladores originales y totalmente personalizables.\",\"publisher\":{\"@id\":\"https:\\\/\\\/eu.aimcontrollers.com\\\/es\\\/#organization\"},\"potentialAction\":[{\"@type\":\"SearchAction\",\"target\":{\"@type\":\"EntryPoint\",\"urlTemplate\":\"https:\\\/\\\/eu.aimcontrollers.com\\\/es\\\/?s={search_term_string}\"},\"query-input\":{\"@type\":\"PropertyValueSpecification\",\"valueRequired\":true,\"valueName\":\"search_term_string\"}}],\"inLanguage\":\"es\"},{\"@type\":\"Organization\",\"@id\":\"https:\\\/\\\/eu.aimcontrollers.com\\\/es\\\/#organization\",\"name\":\"Aimcontrollers\",\"url\":\"https:\\\/\\\/eu.aimcontrollers.com\\\/es\\\/\",\"logo\":{\"@type\":\"ImageObject\",\"inLanguage\":\"es\",\"@id\":\"https:\\\/\\\/eu.aimcontrollers.com\\\/es\\\/#\\\/schema\\\/logo\\\/image\\\/\",\"url\":\"\",\"contentUrl\":\"\",\"caption\":\"Aimcontrollers\"},\"image\":{\"@id\":\"https:\\\/\\\/eu.aimcontrollers.com\\\/es\\\/#\\\/schema\\\/logo\\\/image\\\/\"},\"sameAs\":[\"http:\\\/\\\/www.facebook.com\\\/aimcontrollers\",\"https:\\\/\\\/x.com\\\/AimControllerss\",\"https:\\\/\\\/instagram.com\\\/aimcontrollers\\\/\",\"https:\\\/\\\/www.youtube.com\\\/user\\\/aimcontrollerspl\\\/videos\"]}]}<\/script>\n<!-- \/ Yoast SEO Premium plugin. -->","yoast_head_json":{"title":"Mando PS4 Diamond - PS4 Controller - AimControllers - Aimcontrollers","description":"Diamond Aimcontroller PS4 - el dise\u00f1o de este Aimcontroller para PS4 ser\u00eda perfecto para las personas que valoran no solo la originalidad, sino tambi\u00e9n el dise\u00f1o moderno y moderno.","robots":{"index":"index","follow":"follow","max-snippet":"max-snippet:-1","max-image-preview":"max-image-preview:large","max-video-preview":"max-video-preview:-1"},"canonical":"https:\/\/eu.aimcontrollers.com\/es\/producto\/mando-ps4-diamond-ps4-controller-aimcontrollers\/","og_locale":"es_ES","og_type":"article","og_title":"Mando PS4 Diamond - PS4 Controller - AimControllers","og_description":"Diamond Aimcontroller PS4 - el dise\u00f1o de este Aimcontroller para PS4 ser\u00eda perfecto para las personas que valoran no solo la originalidad, sino tambi\u00e9n el dise\u00f1o moderno y moderno.","og_url":"https:\/\/eu.aimcontrollers.com\/es\/producto\/mando-ps4-diamond-ps4-controller-aimcontrollers\/","og_site_name":"Aimcontrollers","article_publisher":"http:\/\/www.facebook.com\/aimcontrollers","article_modified_time":"2025-02-04T12:59:24+00:00","twitter_card":"summary_large_image","twitter_site":"@AimControllerss","schema":{"@context":"https:\/\/schema.org","@graph":[{"@type":"WebPage","@id":"https:\/\/eu.aimcontrollers.com\/es\/producto\/mando-ps4-diamond-ps4-controller-aimcontrollers\/","url":"https:\/\/eu.aimcontrollers.com\/es\/producto\/mando-ps4-diamond-ps4-controller-aimcontrollers\/","name":"Mando PS4 Diamond - PS4 Controller - AimControllers - Aimcontrollers","isPartOf":{"@id":"https:\/\/eu.aimcontrollers.com\/es\/#website"},"datePublished":"2020-06-29T07:16:06+00:00","dateModified":"2025-02-04T12:59:24+00:00","description":"Diamond Aimcontroller PS4 - el dise\u00f1o de este Aimcontroller para PS4 ser\u00eda perfecto para las personas que valoran no solo la originalidad, sino tambi\u00e9n el dise\u00f1o moderno y moderno.","breadcrumb":{"@id":"https:\/\/eu.aimcontrollers.com\/es\/producto\/mando-ps4-diamond-ps4-controller-aimcontrollers\/#breadcrumb"},"inLanguage":"es","potentialAction":[{"@type":"ReadAction","target":["https:\/\/eu.aimcontrollers.com\/es\/producto\/mando-ps4-diamond-ps4-controller-aimcontrollers\/"]}]},{"@type":"BreadcrumbList","@id":"https:\/\/eu.aimcontrollers.com\/es\/producto\/mando-ps4-diamond-ps4-controller-aimcontrollers\/#breadcrumb","itemListElement":[{"@type":"ListItem","position":1,"name":"Home","item":"https:\/\/eu.aimcontrollers.com\/es\/"},{"@type":"ListItem","position":2,"name":"Shop","item":"https:\/\/eu.aimcontrollers.com\/shop\/"},{"@type":"ListItem","position":3,"name":"Mando PS4 Diamond &#8211; PS4 Controller &#8211; AimControllers"}]},{"@type":"WebSite","@id":"https:\/\/eu.aimcontrollers.com\/es\/#website","url":"https:\/\/eu.aimcontrollers.com\/es\/","name":"AimControllers - The most affordable competitive controllers for Xbox, PlayStation and PC","description":"Una de las marcas m\u00e1s importantes que ofrece controladores originales y totalmente personalizables.","publisher":{"@id":"https:\/\/eu.aimcontrollers.com\/es\/#organization"},"potentialAction":[{"@type":"SearchAction","target":{"@type":"EntryPoint","urlTemplate":"https:\/\/eu.aimcontrollers.com\/es\/?s={search_term_string}"},"query-input":{"@type":"PropertyValueSpecification","valueRequired":true,"valueName":"search_term_string"}}],"inLanguage":"es"},{"@type":"Organization","@id":"https:\/\/eu.aimcontrollers.com\/es\/#organization","name":"Aimcontrollers","url":"https:\/\/eu.aimcontrollers.com\/es\/","logo":{"@type":"ImageObject","inLanguage":"es","@id":"https:\/\/eu.aimcontrollers.com\/es\/#\/schema\/logo\/image\/","url":"","contentUrl":"","caption":"Aimcontrollers"},"image":{"@id":"https:\/\/eu.aimcontrollers.com\/es\/#\/schema\/logo\/image\/"},"sameAs":["http:\/\/www.facebook.com\/aimcontrollers","https:\/\/x.com\/AimControllerss","https:\/\/instagram.com\/aimcontrollers\/","https:\/\/www.youtube.com\/user\/aimcontrollerspl\/videos"]}]}},"_links":{"self":[{"href":"https:\/\/eu.aimcontrollers.com\/es\/wp-json\/wp\/v2\/product\/1044915","targetHints":{"allow":["GET"]}}],"collection":[{"href":"https:\/\/eu.aimcontrollers.com\/es\/wp-json\/wp\/v2\/product"}],"about":[{"href":"https:\/\/eu.aimcontrollers.com\/es\/wp-json\/wp\/v2\/types\/product"}],"wp:attachment":[{"href":"https:\/\/eu.aimcontrollers.com\/es\/wp-json\/wp\/v2\/media?parent=1044915"}],"wp:term":[{"taxonomy":"product_brand","embeddable":true,"href":"https:\/\/eu.aimcontrollers.com\/es\/wp-json\/wp\/v2\/product_brand?post=1044915"},{"taxonomy":"product_cat","embeddable":true,"href":"https:\/\/eu.aimcontrollers.com\/es\/wp-json\/wp\/v2\/product_cat?post=1044915"},{"taxonomy":"product_tag","embeddable":true,"href":"https:\/\/eu.aimcontrollers.com\/es\/wp-json\/wp\/v2\/product_tag?post=1044915"},{"taxonomy":"misspellings","embeddable":true,"href":"https:\/\/eu.aimcontrollers.com\/es\/wp-json\/wp\/v2\/misspellings?post=1044915"}],"curies":[{"name":"wp","href":"https:\/\/api.w.org\/{rel}","templated":true}]}}