{"id":1122565,"date":"2020-09-02T11:07:55","date_gmt":"2020-09-07T09:45:45","guid":{"rendered":"https:\/\/testdo.aimcontrollers.com\/?post_type=product&#038;p=1022565"},"modified":"2021-03-19T17:31:08","modified_gmt":"2021-03-19T16:31:08","slug":"teclado-mecanico-aimcontrollers-rgb","status":"publish","type":"product","link":"https:\/\/eu.aimcontrollers.com\/es\/producto\/teclado-mecanico-aimcontrollers-rgb\/","title":{"rendered":"Teclado Mec\u00e1nico AimControllers RGB"},"content":{"rendered":"<p>&nbsp;<\/p>\n\n\t<section class=\"section\" id=\"section_1519807347\">\n\t\t<div class=\"section-bg fill\" >\n\t\t\t\t\t\t\t\t\t\n\t\t\t\n\n\t\t<\/div>\n\n\t\t\n\n\t\t<div class=\"section-content relative\">\n\t\t\t\n<div class=\"row\"  id=\"row-1196193702\">\n\n\t<div id=\"col-1715250337\" class=\"col small-12 large-12\"  >\n\t\t\t\t<div class=\"col-inner\" style=\"background-color:rgb(255,255,255);\" >\n\t\t\t\n\t\t\t\n<div class=\"text-center\"><div class=\"is-divider divider clearfix\" style=\"margin-top:10px;margin-bottom:10px;background-color:rgba(0, 0, 0, 0.16);\"><\/div><\/div>\n<div class=\"row align-center\"  id=\"row-937219166\">\n\n\t<div id=\"col-1544444609\" class=\"col medium-9 small-12 large-7\"  >\n\t\t\t\t<div class=\"col-inner text-center\"  >\n\t\t\t\n\t\t\t\n<h2>Teclado Mec\u00e1nico AimControllers RGB<\/h2>\n<p>Respondiendo a las expectativas de los jugadores, hemos creado un teclado que, gracias a su durabilidad y dise\u00f1o moderno, cumple con las expectativas incluso de los jugadores m\u00e1s exigentes. Queda genial y muy profesional en el escritorio de cada jugador. \u00a1No tardes y date una ventaja con Teclado Mec\u00e1nico AimControllers RGB<\/p>\n\t\t<\/div>\n\t\t\t\t\n<style>\n#col-1544444609 > .col-inner {\n  margin: 10px 0px 0px 0px;\n}\n@media (min-width:550px) {\n  #col-1544444609 > .col-inner {\n    margin: 20px 0px 20px 0px;\n  }\n}\n<\/style>\n\t<\/div>\n\n\t\n<\/div>\n<div class=\"row row-full-width align-center\"  id=\"row-847423113\">\n\n\t<div id=\"col-720209999\" class=\"col medium-11 small-12 large-10\"  >\n\t\t\t\t<div class=\"col-inner\"  >\n\t\t\t\n\t\t\t\n\t<div class=\"img has-hover x md-x lg-x y md-y lg-y\" id=\"image_1846431998\">\n\t\t\t\t\t\t\t\t<div class=\"img-inner dark\" >\n\t\t\t<img loading=\"lazy\" decoding=\"async\" width=\"1020\" height=\"264\" src=\"https:\/\/eu.aimcontrollers.com\/wp-content\/uploads\/2020\/09\/keyboard_aimcontrollers_2.png\" class=\"attachment-large size-large\" alt=\"\" srcset=\"https:\/\/eu.aimcontrollers.com\/wp-content\/uploads\/2020\/09\/keyboard_aimcontrollers_2.png 1350w, https:\/\/eu.aimcontrollers.com\/wp-content\/uploads\/2020\/09\/keyboard_aimcontrollers_2-500x129.png 500w, https:\/\/eu.aimcontrollers.com\/wp-content\/uploads\/2020\/09\/keyboard_aimcontrollers_2-800x207.png 800w, https:\/\/eu.aimcontrollers.com\/wp-content\/uploads\/2020\/09\/keyboard_aimcontrollers_2-768x199.png 768w\" sizes=\"auto, (max-width: 1020px) 100vw, 1020px\" \/>\t\t\t\t\t\t\n\t\t\t\t\t<\/div>\n\t\t\t\t\t\t\t\t\n<style>\n#image_1846431998 {\n  width: 100%;\n}\n@media (min-width:550px) {\n  #image_1846431998 {\n    width: 100%;\n  }\n}\n<\/style>\n\t<\/div>\n\t\n\t<div id=\"gap-25811171\" class=\"gap-element clearfix\" style=\"display:block; height:auto;\">\n\t\t\n<style>\n#gap-25811171 {\n  padding-top: 30px;\n}\n<\/style>\n\t<\/div>\n\t\n\t\t<\/div>\n\t\t\t\t\n<style>\n#col-720209999 > .col-inner {\n  margin: 0px 0px -150px 0px;\n}\n@media (min-width:550px) {\n  #col-720209999 > .col-inner {\n    margin: 0px 0px -160px 0px;\n  }\n}\n<\/style>\n\t<\/div>\n\n\t\n<\/div>\n\t\t<\/div>\n\t\t\t\t\n<style>\n#col-1715250337 > .col-inner {\n  padding: 50px 0px 0px 0px;\n  margin: -70px 0px 0px 0px;\n}\n<\/style>\n\t<\/div>\n\n\t\n<\/div>\n\t\t<\/div>\n\n\t\t\n<style>\n#section_1519807347 {\n  padding-top: 30px;\n  padding-bottom: 30px;\n}\n<\/style>\n\t<\/section>\n\t\n\n\t<section class=\"section\" id=\"section_1425930120\">\n\t\t<div class=\"section-bg fill\" >\n\t\t\t\t\t\t\t\t\t\n\t\t\t\n\n\t\t<\/div>\n\n\t\t\n\n\t\t<div class=\"section-content relative\">\n\t\t\t\n<div class=\"row align-center\"  id=\"row-1631274967\">\n\n\t<div id=\"col-1218242624\" class=\"col medium-11 small-12 large-10\"  >\n\t\t\t\t<div class=\"col-inner text-center\"  >\n\t\t\t\n\t\t\t\n<h2>Teclado Mec\u00e1nico<\/h2>\n<p>Mucha durabilidad y una vida \u00fatil 10 veces m\u00e1s larga en comparaci\u00f3n con los teclados cl\u00e1sicos. Adem\u00e1s, una carcasa s\u00f3lida de metal nos proporciona una comodidad a\u00fan mayor  durante muchas horas de sesiones de juego.<\/p>\n<ul>\n<li style=\"display: inline-block;\"><img decoding=\"async\" src=\"\/wp-content\/themes\/flatsome-child\/img\/ikony\/check-black.svg\" width=\"22px\" height=\"22px\" \/> Teclado mec\u00e1nico de tama\u00f1o completo<\/li>\n<li style=\"display: inline-block;\"><img decoding=\"async\" src=\"\/wp-content\/themes\/flatsome-child\/img\/ikony\/check-black.svg\" width=\"22px\" height=\"22px\" \/> Iluminaci\u00f3n RGB completa<\/li>\n<li style=\"display: inline-block;\"><img decoding=\"async\" src=\"\/wp-content\/themes\/flatsome-child\/img\/ikony\/check-black.svg\" width=\"22px\" height=\"22px\" \/> Interruptores azules mec\u00e1nicos<\/li>\n<li style=\"display: inline-block;\"><img decoding=\"async\" src=\"\/wp-content\/themes\/flatsome-child\/img\/ikony\/check-black.svg\" width=\"22px\" height=\"22px\" \/> Teclas de funci\u00f3n multimedia<\/li>\n<\/ul>\n\t<div id=\"gap-1041821688\" class=\"gap-element clearfix\" style=\"display:block; height:auto;\">\n\t\t\n<style>\n#gap-1041821688 {\n  padding-top: 30px;\n}\n<\/style>\n\t<\/div>\n\t\n\t\t<\/div>\n\t\t\t\t\t<\/div>\n\n\t\n\n<style>\n#row-1631274967 > .col > .col-inner {\n  padding: 50px 0px 20px 0px;\n}\n@media (min-width:550px) {\n  #row-1631274967 > .col > .col-inner {\n    padding: 100px 0px 50px 0px;\n  }\n}\n<\/style>\n<\/div>\n\t\t<\/div>\n\n\t\t\n<style>\n#section_1425930120 {\n  padding-top: 0px;\n  padding-bottom: 0px;\n}\n<\/style>\n\t<\/section>\n\t\n<div class=\"row row-collapse row-full-width align-equal\"  id=\"row-637795120\">\n\n\t<div id=\"col-2079380374\" class=\"col medium-6 small-12 large-6\"  >\n\t\t\t\t<div class=\"col-inner\"  >\n\t\t\t\n\t\t\t\n\t<div class=\"img has-hover x md-x lg-x y md-y lg-y\" id=\"image_1521498657\">\n\t\t\t\t\t\t\t\t<div class=\"img-inner dark\" >\n\t\t\t<img loading=\"lazy\" decoding=\"async\" width=\"800\" height=\"800\" src=\"https:\/\/eu.aimcontrollers.com\/wp-content\/uploads\/2020\/09\/rgb-back-800x800.jpg\" class=\"attachment-large size-large\" alt=\"rgb backlight\" srcset=\"https:\/\/eu.aimcontrollers.com\/wp-content\/uploads\/2020\/09\/rgb-back-800x800.jpg 800w, https:\/\/eu.aimcontrollers.com\/wp-content\/uploads\/2020\/09\/rgb-back-500x500.jpg 500w, https:\/\/eu.aimcontrollers.com\/wp-content\/uploads\/2020\/09\/rgb-back-100x100.jpg 100w, https:\/\/eu.aimcontrollers.com\/wp-content\/uploads\/2020\/09\/rgb-back-400x400.jpg 400w, https:\/\/eu.aimcontrollers.com\/wp-content\/uploads\/2020\/09\/rgb-back-280x280.jpg 280w, https:\/\/eu.aimcontrollers.com\/wp-content\/uploads\/2020\/09\/rgb-back-768x768.jpg 768w, https:\/\/eu.aimcontrollers.com\/wp-content\/uploads\/2020\/09\/rgb-back.jpg 1000w\" sizes=\"auto, (max-width: 800px) 100vw, 800px\" \/>\t\t\t\t\t\t\n\t\t\t\t\t<\/div>\n\t\t\t\t\t\t\t\t\n<style>\n#image_1521498657 {\n  width: 100%;\n}\n<\/style>\n\t<\/div>\n\t\n\t\t<\/div>\n\t\t\t\t\t<\/div>\n\n\t\n\n\t<div id=\"col-2082549146\" class=\"col medium-6 small-12 large-6\"  >\n\t\t\t\t<div class=\"col-inner text-left\"  >\n\t\t\t\n\t\t\t\n<h3>RGB<\/h3>\n<p>Teclado iluminado con su gran dise\u00f1o llama la atenci\u00f3n y es una soluci\u00f3n perfecta para los noct\u00e1mbulos. Hasta 13 opciones de colores diferentes e iluminaci\u00f3n. Una amplia selecci\u00f3n permite adaptarlos a las preferencias individuales.<\/p>\n<p>Ahora, con la iluminaci\u00f3n RGB del teclado, tiene a\u00fan m\u00e1s formas de iluminar su juego y ver c\u00f3mo su teclado cobra vida.<\/p>\n\t\t<\/div>\n\t\t\t\t\n<style>\n#col-2082549146 > .col-inner {\n  padding: 26px 15px 0px 15px;\n}\n@media (min-width:550px) {\n  #col-2082549146 > .col-inner {\n    padding: 60px 30px 0px 30px;\n  }\n}\n@media (min-width:850px) {\n  #col-2082549146 > .col-inner {\n    padding: 250px 30px 0px 30px;\n  }\n}\n<\/style>\n\t<\/div>\n\n\t\n<\/div>\n<div class=\"row row-collapse row-full-width align-equal\"  id=\"row-2137713920\">\n\n\t<div id=\"col-1317852507\" class=\"col medium-6 small-12 large-6\"  >\n\t\t\t\t<div class=\"col-inner text-left\"  >\n\t\t\t\n\t\t\t\n<h3>Software dedicado<\/h3>\n<p>Funci\u00f3n de la macro que permite asignar una secuencia de teclas a una de ellas, lo que te abre muchas posibilidades y aumenta tu ventaja sobre los dem\u00e1s.<\/p>\n<p>Instale el software y elija cualquiera de los perfiles, perfil 1, perfil 2 o perfil 3. Son para 3 juegos diferentes. \u00a1Ahora est\u00e1s listo para la acci\u00f3n!<\/p>\n<a href=\"\/download\/\" class=\"button primary is-outline is-larger\"  >\n\t\t<span>Descargar software<\/span>\n\t<i class=\"icon-angle-down\" aria-hidden=\"true\" ><\/i><\/a>\n\n\t\t<\/div>\n\t\t\t\t\n<style>\n#col-1317852507 > .col-inner {\n  padding: 26px 15px 0px 15px;\n}\n@media (min-width:550px) {\n  #col-1317852507 > .col-inner {\n    padding: 60px 30px 0px 30px;\n  }\n}\n@media (min-width:850px) {\n  #col-1317852507 > .col-inner {\n    padding: 250px 30px 0px 30px;\n  }\n}\n<\/style>\n\t<\/div>\n\n\t\n\n\t<div id=\"col-2048222240\" class=\"col medium-6 small-12 large-6 small-col-first\"  >\n\t\t\t\t<div class=\"col-inner\"  >\n\t\t\t\n\t\t\t\n\t<div class=\"img has-hover x md-x lg-x y md-y lg-y\" id=\"image_1613552660\">\n\t\t\t\t\t\t\t\t<div class=\"img-inner dark\" >\n\t\t\t<img loading=\"lazy\" decoding=\"async\" width=\"800\" height=\"800\" src=\"https:\/\/eu.aimcontrollers.com\/wp-content\/uploads\/2020\/09\/dedicated-soft-1-800x800.jpg\" class=\"attachment-large size-large\" alt=\"\" srcset=\"https:\/\/eu.aimcontrollers.com\/wp-content\/uploads\/2020\/09\/dedicated-soft-1-800x800.jpg 800w, https:\/\/eu.aimcontrollers.com\/wp-content\/uploads\/2020\/09\/dedicated-soft-1-500x500.jpg 500w, https:\/\/eu.aimcontrollers.com\/wp-content\/uploads\/2020\/09\/dedicated-soft-1-100x100.jpg 100w, https:\/\/eu.aimcontrollers.com\/wp-content\/uploads\/2020\/09\/dedicated-soft-1-400x400.jpg 400w, https:\/\/eu.aimcontrollers.com\/wp-content\/uploads\/2020\/09\/dedicated-soft-1-280x280.jpg 280w, https:\/\/eu.aimcontrollers.com\/wp-content\/uploads\/2020\/09\/dedicated-soft-1-768x768.jpg 768w, https:\/\/eu.aimcontrollers.com\/wp-content\/uploads\/2020\/09\/dedicated-soft-1.jpg 1000w\" sizes=\"auto, (max-width: 800px) 100vw, 800px\" \/>\t\t\t\t\t\t\n\t\t\t\t\t<\/div>\n\t\t\t\t\t\t\t\t\n<style>\n#image_1613552660 {\n  width: 100%;\n}\n<\/style>\n\t<\/div>\n\t\n\t\t<\/div>\n\t\t\t\t\t<\/div>\n\n\t\n<\/div>\n<div class=\"row row-collapse row-full-width\"  id=\"row-432411093\">\n\n\t<div id=\"col-1492918906\" class=\"col mboxbg small-12 large-12\"  >\n\t\t\t\t<div class=\"col-inner\" style=\"background-color:rgb(247, 247, 247);\" >\n\t\t\t\n\t\t\t\n<div class=\"row row-collapse align-middle\"  id=\"row-1268617134\">\n\n\t<div id=\"col-634496465\" class=\"col medium-6 small-12 large-6\"  >\n\t\t\t\t<div class=\"col-inner\"  >\n\t\t\t\n\t\t\t\n<h2 style=\"font-size: 200%;\">ESPECIFICACI\u00d3N<\/h2>\n<ul>\n<li>Teclado mec\u00e1nico de tama\u00f1o completo con cable<\/li>\n<li>Iluminaci\u00f3n de luz RGB (13 ajustes de cliente)<\/li>\n<li>Funci\u00f3n de teclas macro de programa a medida<\/li>\n<li>Teclas de funci\u00f3n y multimedia<\/li>\n<li>Interruptores azules mec\u00e1nicos<\/li>\n<li>Tapa superior de metal, 104 teclas, teclas de doble inyecci\u00f3n<\/li>\n<li>Plug &#038; Play USB Cable<\/li>\n<li>Sistema operativo compatible system Windows 10\/8\/7\/Vista\/XP<\/li>\n<\/ul>\n\t\t<\/div>\n\t\t\t\t\t<\/div>\n\n\t\n\n\t<div id=\"col-19072257\" class=\"col hide-for-medium medium-6 small-12 large-6\"  >\n\t\t\t\t<div class=\"col-inner text-center\"  >\n\t\t\t\n\t\t\t\n\t<div class=\"img has-hover x md-x lg-x y md-y lg-y\" id=\"image_874608634\">\n\t\t\t\t\t\t\t\t<div class=\"img-inner dark\" >\n\t\t\t<img loading=\"lazy\" decoding=\"async\" width=\"800\" height=\"800\" src=\"https:\/\/eu.aimcontrollers.com\/wp-content\/uploads\/2020\/09\/keyboard_aimcontrollers-2a-800x800.png\" class=\"attachment-large size-large\" alt=\"keyboard aimcontrollers 2a\" srcset=\"https:\/\/eu.aimcontrollers.com\/wp-content\/uploads\/2020\/09\/keyboard_aimcontrollers-2a-800x800.png 800w, https:\/\/eu.aimcontrollers.com\/wp-content\/uploads\/2020\/09\/keyboard_aimcontrollers-2a-500x500.png 500w, https:\/\/eu.aimcontrollers.com\/wp-content\/uploads\/2020\/09\/keyboard_aimcontrollers-2a-100x100.png 100w, https:\/\/eu.aimcontrollers.com\/wp-content\/uploads\/2020\/09\/keyboard_aimcontrollers-2a-400x400.png 400w, https:\/\/eu.aimcontrollers.com\/wp-content\/uploads\/2020\/09\/keyboard_aimcontrollers-2a-280x280.png 280w, https:\/\/eu.aimcontrollers.com\/wp-content\/uploads\/2020\/09\/keyboard_aimcontrollers-2a-768x768.png 768w, https:\/\/eu.aimcontrollers.com\/wp-content\/uploads\/2020\/09\/keyboard_aimcontrollers-2a.png 1000w\" sizes=\"auto, (max-width: 800px) 100vw, 800px\" \/>\t\t\t\t\t\t\n\t\t\t\t\t<\/div>\n\t\t\t\t\t\t\t\t\n<style>\n#image_874608634 {\n  width: 100%;\n}\n@media (min-width:550px) {\n  #image_874608634 {\n    width: 100%;\n  }\n}\n<\/style>\n\t<\/div>\n\t\n\t\t<\/div>\n\t\t\t\t\t<\/div>\n\n\t\n<\/div>\n\t\t<\/div>\n\t\t\t\t\n<style>\n#col-1492918906 > .col-inner {\n  margin: 25px 0px 0px 0px;\n}\n@media (min-width:550px) {\n  #col-1492918906 > .col-inner {\n    margin: 50px 0px 0px 0px;\n  }\n}\n<\/style>\n\t<\/div>\n\n\t\n\n<style>\n#row-432411093 > .col > .col-inner {\n  padding: 40px 40px 40px 40px;\n}\n@media (min-width:550px) {\n  #row-432411093 > .col > .col-inner {\n    padding: 50px 50px 50px 50px;\n  }\n}\n@media (min-width:850px) {\n  #row-432411093 > .col > .col-inner {\n    padding: 20px 100px 20px 100px;\n  }\n}\n<\/style>\n<\/div>\n","protected":false},"excerpt":{"rendered":"<p>\u00a1Un teclado mec\u00e1nico moderno para todos! Aqu\u00ed est\u00e1 el de la mejor clase Teclado Mec\u00e1nico AimControllers RGB<\/p>\n","protected":false},"featured_media":1121850,"template":"","meta":{"_acf_changed":false,"inline_featured_image":false},"product_brand":[],"product_cat":[3959],"product_tag":[],"misspellings":[],"class_list":{"0":"post-1122565","1":"product","2":"type-product","3":"status-publish","4":"has-post-thumbnail","6":"product_cat-teclados","8":"first","9":"instock","10":"taxable","11":"shipping-taxable","12":"purchasable","13":"product-type-simple"},"acf":[],"yoast_head":"<!-- This site is optimized with the Yoast SEO Premium plugin v22.4 (Yoast SEO v27.4) - https:\/\/yoast.com\/product\/yoast-seo-premium-wordpress\/ -->\n<title>Teclado Mec\u00e1nico AimControllers RGB - Aimcontrollers<\/title>\n<meta name=\"robots\" content=\"index, follow, max-snippet:-1, max-image-preview:large, max-video-preview:-1\" \/>\n<link rel=\"canonical\" href=\"https:\/\/eu.aimcontrollers.com\/es\/producto\/teclado-mecanico-aimcontrollers-rgb\/\" \/>\n<meta property=\"og:locale\" content=\"es_ES\" \/>\n<meta property=\"og:type\" content=\"article\" \/>\n<meta property=\"og:title\" content=\"Teclado Mec\u00e1nico AimControllers RGB\" \/>\n<meta property=\"og:description\" content=\"\u00a1Un teclado mec\u00e1nico moderno para todos! Aqu\u00ed est\u00e1 el de la mejor clase Teclado Mec\u00e1nico AimControllers RGB\" \/>\n<meta property=\"og:url\" content=\"https:\/\/eu.aimcontrollers.com\/es\/producto\/teclado-mecanico-aimcontrollers-rgb\/\" \/>\n<meta property=\"og:site_name\" content=\"Aimcontrollers\" \/>\n<meta property=\"article:publisher\" content=\"http:\/\/www.facebook.com\/aimcontrollers\" \/>\n<meta property=\"article:modified_time\" content=\"2021-03-19T16:31:08+00:00\" \/>\n<meta property=\"og:image\" content=\"https:\/\/eu.aimcontrollers.com\/wp-content\/uploads\/2020\/09\/keyboard_aimcontrollers.png\" \/>\n\t<meta property=\"og:image:width\" content=\"1000\" \/>\n\t<meta property=\"og:image:height\" content=\"1000\" \/>\n\t<meta property=\"og:image:type\" content=\"image\/png\" \/>\n<meta name=\"twitter:card\" content=\"summary_large_image\" \/>\n<meta name=\"twitter:site\" content=\"@AimControllerss\" \/>\n<meta name=\"twitter:label1\" content=\"Tiempo de lectura\" \/>\n\t<meta name=\"twitter:data1\" content=\"3 minutos\" \/>\n<script type=\"application\/ld+json\" class=\"yoast-schema-graph\">{\"@context\":\"https:\\\/\\\/schema.org\",\"@graph\":[{\"@type\":\"WebPage\",\"@id\":\"https:\\\/\\\/eu.aimcontrollers.com\\\/es\\\/producto\\\/teclado-mecanico-aimcontrollers-rgb\\\/\",\"url\":\"https:\\\/\\\/eu.aimcontrollers.com\\\/es\\\/producto\\\/teclado-mecanico-aimcontrollers-rgb\\\/\",\"name\":\"Teclado Mec\u00e1nico AimControllers RGB - Aimcontrollers\",\"isPartOf\":{\"@id\":\"https:\\\/\\\/eu.aimcontrollers.com\\\/es\\\/#website\"},\"primaryImageOfPage\":{\"@id\":\"https:\\\/\\\/eu.aimcontrollers.com\\\/es\\\/producto\\\/teclado-mecanico-aimcontrollers-rgb\\\/#primaryimage\"},\"image\":{\"@id\":\"https:\\\/\\\/eu.aimcontrollers.com\\\/es\\\/producto\\\/teclado-mecanico-aimcontrollers-rgb\\\/#primaryimage\"},\"thumbnailUrl\":\"https:\\\/\\\/eu.aimcontrollers.com\\\/wp-content\\\/uploads\\\/2020\\\/09\\\/keyboard_aimcontrollers.png\",\"datePublished\":\"2020-09-07T09:45:45+00:00\",\"dateModified\":\"2021-03-19T16:31:08+00:00\",\"breadcrumb\":{\"@id\":\"https:\\\/\\\/eu.aimcontrollers.com\\\/es\\\/producto\\\/teclado-mecanico-aimcontrollers-rgb\\\/#breadcrumb\"},\"inLanguage\":\"es\",\"potentialAction\":[{\"@type\":\"ReadAction\",\"target\":[\"https:\\\/\\\/eu.aimcontrollers.com\\\/es\\\/producto\\\/teclado-mecanico-aimcontrollers-rgb\\\/\"]}]},{\"@type\":\"ImageObject\",\"inLanguage\":\"es\",\"@id\":\"https:\\\/\\\/eu.aimcontrollers.com\\\/es\\\/producto\\\/teclado-mecanico-aimcontrollers-rgb\\\/#primaryimage\",\"url\":\"https:\\\/\\\/eu.aimcontrollers.com\\\/wp-content\\\/uploads\\\/2020\\\/09\\\/keyboard_aimcontrollers.png\",\"contentUrl\":\"https:\\\/\\\/eu.aimcontrollers.com\\\/wp-content\\\/uploads\\\/2020\\\/09\\\/keyboard_aimcontrollers.png\",\"width\":1000,\"height\":1000,\"caption\":\"keyboard aimcontrollers\"},{\"@type\":\"BreadcrumbList\",\"@id\":\"https:\\\/\\\/eu.aimcontrollers.com\\\/es\\\/producto\\\/teclado-mecanico-aimcontrollers-rgb\\\/#breadcrumb\",\"itemListElement\":[{\"@type\":\"ListItem\",\"position\":1,\"name\":\"Home\",\"item\":\"https:\\\/\\\/eu.aimcontrollers.com\\\/es\\\/\"},{\"@type\":\"ListItem\",\"position\":2,\"name\":\"Shop\",\"item\":\"https:\\\/\\\/eu.aimcontrollers.com\\\/shop\\\/\"},{\"@type\":\"ListItem\",\"position\":3,\"name\":\"Teclado Mec\u00e1nico AimControllers RGB\"}]},{\"@type\":\"WebSite\",\"@id\":\"https:\\\/\\\/eu.aimcontrollers.com\\\/es\\\/#website\",\"url\":\"https:\\\/\\\/eu.aimcontrollers.com\\\/es\\\/\",\"name\":\"AimControllers - The most affordable competitive controllers for Xbox, PlayStation and PC\",\"description\":\"Una de las marcas m\u00e1s importantes que ofrece controladores originales y totalmente personalizables.\",\"publisher\":{\"@id\":\"https:\\\/\\\/eu.aimcontrollers.com\\\/es\\\/#organization\"},\"potentialAction\":[{\"@type\":\"SearchAction\",\"target\":{\"@type\":\"EntryPoint\",\"urlTemplate\":\"https:\\\/\\\/eu.aimcontrollers.com\\\/es\\\/?s={search_term_string}\"},\"query-input\":{\"@type\":\"PropertyValueSpecification\",\"valueRequired\":true,\"valueName\":\"search_term_string\"}}],\"inLanguage\":\"es\"},{\"@type\":\"Organization\",\"@id\":\"https:\\\/\\\/eu.aimcontrollers.com\\\/es\\\/#organization\",\"name\":\"Aimcontrollers\",\"url\":\"https:\\\/\\\/eu.aimcontrollers.com\\\/es\\\/\",\"logo\":{\"@type\":\"ImageObject\",\"inLanguage\":\"es\",\"@id\":\"https:\\\/\\\/eu.aimcontrollers.com\\\/es\\\/#\\\/schema\\\/logo\\\/image\\\/\",\"url\":\"\",\"contentUrl\":\"\",\"caption\":\"Aimcontrollers\"},\"image\":{\"@id\":\"https:\\\/\\\/eu.aimcontrollers.com\\\/es\\\/#\\\/schema\\\/logo\\\/image\\\/\"},\"sameAs\":[\"http:\\\/\\\/www.facebook.com\\\/aimcontrollers\",\"https:\\\/\\\/x.com\\\/AimControllerss\",\"https:\\\/\\\/instagram.com\\\/aimcontrollers\\\/\",\"https:\\\/\\\/www.youtube.com\\\/user\\\/aimcontrollerspl\\\/videos\"]}]}<\/script>\n<!-- \/ Yoast SEO Premium plugin. -->","yoast_head_json":{"title":"Teclado Mec\u00e1nico AimControllers RGB - Aimcontrollers","robots":{"index":"index","follow":"follow","max-snippet":"max-snippet:-1","max-image-preview":"max-image-preview:large","max-video-preview":"max-video-preview:-1"},"canonical":"https:\/\/eu.aimcontrollers.com\/es\/producto\/teclado-mecanico-aimcontrollers-rgb\/","og_locale":"es_ES","og_type":"article","og_title":"Teclado Mec\u00e1nico AimControllers RGB","og_description":"\u00a1Un teclado mec\u00e1nico moderno para todos! Aqu\u00ed est\u00e1 el de la mejor clase Teclado Mec\u00e1nico AimControllers RGB","og_url":"https:\/\/eu.aimcontrollers.com\/es\/producto\/teclado-mecanico-aimcontrollers-rgb\/","og_site_name":"Aimcontrollers","article_publisher":"http:\/\/www.facebook.com\/aimcontrollers","article_modified_time":"2021-03-19T16:31:08+00:00","og_image":[{"width":1000,"height":1000,"url":"https:\/\/eu.aimcontrollers.com\/wp-content\/uploads\/2020\/09\/keyboard_aimcontrollers.png","type":"image\/png"}],"twitter_card":"summary_large_image","twitter_site":"@AimControllerss","twitter_misc":{"Tiempo de lectura":"3 minutos"},"schema":{"@context":"https:\/\/schema.org","@graph":[{"@type":"WebPage","@id":"https:\/\/eu.aimcontrollers.com\/es\/producto\/teclado-mecanico-aimcontrollers-rgb\/","url":"https:\/\/eu.aimcontrollers.com\/es\/producto\/teclado-mecanico-aimcontrollers-rgb\/","name":"Teclado Mec\u00e1nico AimControllers RGB - Aimcontrollers","isPartOf":{"@id":"https:\/\/eu.aimcontrollers.com\/es\/#website"},"primaryImageOfPage":{"@id":"https:\/\/eu.aimcontrollers.com\/es\/producto\/teclado-mecanico-aimcontrollers-rgb\/#primaryimage"},"image":{"@id":"https:\/\/eu.aimcontrollers.com\/es\/producto\/teclado-mecanico-aimcontrollers-rgb\/#primaryimage"},"thumbnailUrl":"https:\/\/eu.aimcontrollers.com\/wp-content\/uploads\/2020\/09\/keyboard_aimcontrollers.png","datePublished":"2020-09-07T09:45:45+00:00","dateModified":"2021-03-19T16:31:08+00:00","breadcrumb":{"@id":"https:\/\/eu.aimcontrollers.com\/es\/producto\/teclado-mecanico-aimcontrollers-rgb\/#breadcrumb"},"inLanguage":"es","potentialAction":[{"@type":"ReadAction","target":["https:\/\/eu.aimcontrollers.com\/es\/producto\/teclado-mecanico-aimcontrollers-rgb\/"]}]},{"@type":"ImageObject","inLanguage":"es","@id":"https:\/\/eu.aimcontrollers.com\/es\/producto\/teclado-mecanico-aimcontrollers-rgb\/#primaryimage","url":"https:\/\/eu.aimcontrollers.com\/wp-content\/uploads\/2020\/09\/keyboard_aimcontrollers.png","contentUrl":"https:\/\/eu.aimcontrollers.com\/wp-content\/uploads\/2020\/09\/keyboard_aimcontrollers.png","width":1000,"height":1000,"caption":"keyboard aimcontrollers"},{"@type":"BreadcrumbList","@id":"https:\/\/eu.aimcontrollers.com\/es\/producto\/teclado-mecanico-aimcontrollers-rgb\/#breadcrumb","itemListElement":[{"@type":"ListItem","position":1,"name":"Home","item":"https:\/\/eu.aimcontrollers.com\/es\/"},{"@type":"ListItem","position":2,"name":"Shop","item":"https:\/\/eu.aimcontrollers.com\/shop\/"},{"@type":"ListItem","position":3,"name":"Teclado Mec\u00e1nico AimControllers RGB"}]},{"@type":"WebSite","@id":"https:\/\/eu.aimcontrollers.com\/es\/#website","url":"https:\/\/eu.aimcontrollers.com\/es\/","name":"AimControllers - The most affordable competitive controllers for Xbox, PlayStation and PC","description":"Una de las marcas m\u00e1s importantes que ofrece controladores originales y totalmente personalizables.","publisher":{"@id":"https:\/\/eu.aimcontrollers.com\/es\/#organization"},"potentialAction":[{"@type":"SearchAction","target":{"@type":"EntryPoint","urlTemplate":"https:\/\/eu.aimcontrollers.com\/es\/?s={search_term_string}"},"query-input":{"@type":"PropertyValueSpecification","valueRequired":true,"valueName":"search_term_string"}}],"inLanguage":"es"},{"@type":"Organization","@id":"https:\/\/eu.aimcontrollers.com\/es\/#organization","name":"Aimcontrollers","url":"https:\/\/eu.aimcontrollers.com\/es\/","logo":{"@type":"ImageObject","inLanguage":"es","@id":"https:\/\/eu.aimcontrollers.com\/es\/#\/schema\/logo\/image\/","url":"","contentUrl":"","caption":"Aimcontrollers"},"image":{"@id":"https:\/\/eu.aimcontrollers.com\/es\/#\/schema\/logo\/image\/"},"sameAs":["http:\/\/www.facebook.com\/aimcontrollers","https:\/\/x.com\/AimControllerss","https:\/\/instagram.com\/aimcontrollers\/","https:\/\/www.youtube.com\/user\/aimcontrollerspl\/videos"]}]}},"_links":{"self":[{"href":"https:\/\/eu.aimcontrollers.com\/es\/wp-json\/wp\/v2\/product\/1122565","targetHints":{"allow":["GET"]}}],"collection":[{"href":"https:\/\/eu.aimcontrollers.com\/es\/wp-json\/wp\/v2\/product"}],"about":[{"href":"https:\/\/eu.aimcontrollers.com\/es\/wp-json\/wp\/v2\/types\/product"}],"wp:featuredmedia":[{"embeddable":true,"href":"https:\/\/eu.aimcontrollers.com\/es\/wp-json\/wp\/v2\/media\/1121850"}],"wp:attachment":[{"href":"https:\/\/eu.aimcontrollers.com\/es\/wp-json\/wp\/v2\/media?parent=1122565"}],"wp:term":[{"taxonomy":"product_brand","embeddable":true,"href":"https:\/\/eu.aimcontrollers.com\/es\/wp-json\/wp\/v2\/product_brand?post=1122565"},{"taxonomy":"product_cat","embeddable":true,"href":"https:\/\/eu.aimcontrollers.com\/es\/wp-json\/wp\/v2\/product_cat?post=1122565"},{"taxonomy":"product_tag","embeddable":true,"href":"https:\/\/eu.aimcontrollers.com\/es\/wp-json\/wp\/v2\/product_tag?post=1122565"},{"taxonomy":"misspellings","embeddable":true,"href":"https:\/\/eu.aimcontrollers.com\/es\/wp-json\/wp\/v2\/misspellings?post=1122565"}],"curies":[{"name":"wp","href":"https:\/\/api.w.org\/{rel}","templated":true}]}}