{"id":1122675,"date":"2020-09-08T18:00:32","date_gmt":"2020-09-09T07:40:31","guid":{"rendered":"https:\/\/testdo.aimcontrollers.com\/?post_type=product&#038;p=1022675"},"modified":"2023-05-16T14:47:31","modified_gmt":"2023-05-16T12:47:31","slug":"alfombrilla-de-raton-aimcontrollers-xxl","status":"publish","type":"product","link":"https:\/\/eu.aimcontrollers.com\/es\/producto\/alfombrilla-de-raton-aimcontrollers-xxl\/","title":{"rendered":"Alfombrilla de rat\u00f3n AimControllers XXL"},"content":{"rendered":"\n\t<section class=\"section mbg\" id=\"section_358382657\">\n\t\t<div class=\"section-bg fill\" >\n\t\t\t\t\t\t\t\t\t\n\t\t\t\n\n\t\t<\/div>\n\n\t\t\n\n\t\t<div class=\"section-content relative\">\n\t\t\t\n<div class=\"row row-collapse row-full-width align-middle\"  id=\"row-1667360568\">\n\n\t<div id=\"col-763583921\" class=\"col medium-6 small-12 large-6\"  >\n\t\t\t\t<div class=\"col-inner text-left\"  >\n\t\t\t\n\t\t\t\n<p>En los gadgets esenciales de cada jugador no puede faltar alfombrilla de rat\u00f3n de buena calidad. Es una soluci\u00f3n c\u00f3moda y \u00fatil a la hora de jugar, ya que mejora significativamente la fluidez y el control sobre el rat\u00f3n. Todo esto permite obtener una ventaja significativa sobre los oponentes. Los bordes iluminados quedan en el escritorio muy modernos y profesionales. El tipo y la frecuencia de la luz se pueden cambiar de acuerdo con nuestras necesidades. La alfombrilla antideslizante est\u00e1 puesta sobre una base estable, lo que mejora su durabilidad y comodidad de uso. No tardes y date una ventaja con AimControllers XXL<\/p>\n<h3><img decoding=\"async\" src=\"\/wp-content\/themes\/flatsome-child\/img\/ikony\/check-black.svg\" width=\"22px\" height=\"22px\" \/> Modo de luz de fondo<\/h3>\n<p>Nueve modos de luz de fondo de la alfombrilla, adaptados a las preferencias del cliente. Posibilidad de cambiar el modo con un bot\u00f3n.<\/p>\n<h3><strong><img decoding=\"async\" src=\"\/wp-content\/themes\/flatsome-child\/img\/ikony\/check-black.svg\" width=\"22px\" height=\"22px\" \/><\/strong> Dise\u00f1o de alta calidad<\/h3>\n<p>La alfombrilla est\u00e1 puesta sobre una base fuerte, gracias a la cual es resistente al da\u00f1o mec\u00e1nico. El dise\u00f1o s\u00f3lido ofrece una gran durabilidad.<\/p>\n<h3><img decoding=\"async\" src=\"\/wp-content\/themes\/flatsome-child\/img\/ikony\/check-black.svg\" width=\"22px\" height=\"22px\" \/> Tama\u00f1o<\/h3>\n<p>Es una almohadilla muy grande que funcionar\u00e1 perfectamente en su papel.<\/p>\n<p><strong>795 mm de largo, 302 mm de ancjo, 4 mm de espesor<\/strong><\/p>\n\t\t<\/div>\n\t\t\t\t\n<style>\n#col-763583921 > .col-inner {\n  padding: 10% 10% 10% 10%;\n  max-width: 520px;\n}\n<\/style>\n\t<\/div>\n\n\t\n\n\t<div id=\"col-81358837\" class=\"col medium-6 small-12 large-6 small-col-first\"  >\n\t\t\t\t<div class=\"col-inner\"  >\n\t\t\t\n\t\t\t\n\t<div class=\"img has-hover x md-x lg-x y md-y lg-y\" id=\"image_1496282467\">\n\t\t\t\t\t\t\t\t<div class=\"img-inner dark\" >\n\t\t\t<img loading=\"lazy\" decoding=\"async\" width=\"800\" height=\"800\" src=\"https:\/\/eu.aimcontrollers.com\/wp-content\/uploads\/2020\/09\/mousepad_xxl_1000px-800x800.png\" class=\"attachment-large size-large\" alt=\"AimControllers Mousepad XXL\" srcset=\"https:\/\/eu.aimcontrollers.com\/wp-content\/uploads\/2020\/09\/mousepad_xxl_1000px-800x800.png 800w, https:\/\/eu.aimcontrollers.com\/wp-content\/uploads\/2020\/09\/mousepad_xxl_1000px-500x500.png 500w, https:\/\/eu.aimcontrollers.com\/wp-content\/uploads\/2020\/09\/mousepad_xxl_1000px-100x100.png 100w, https:\/\/eu.aimcontrollers.com\/wp-content\/uploads\/2020\/09\/mousepad_xxl_1000px-400x400.png 400w, https:\/\/eu.aimcontrollers.com\/wp-content\/uploads\/2020\/09\/mousepad_xxl_1000px-280x280.png 280w, https:\/\/eu.aimcontrollers.com\/wp-content\/uploads\/2020\/09\/mousepad_xxl_1000px-768x768.png 768w, https:\/\/eu.aimcontrollers.com\/wp-content\/uploads\/2020\/09\/mousepad_xxl_1000px.png 1000w\" sizes=\"auto, (max-width: 800px) 100vw, 800px\" \/>\t\t\t\t\t\t\n\t\t\t\t\t<\/div>\n\t\t\t\t\t\t\t\t\n<style>\n#image_1496282467 {\n  width: 100%;\n}\n<\/style>\n\t<\/div>\n\t\n\t\t<\/div>\n\t\t\t\t\t<\/div>\n\n\t\n<\/div>\n\t\t<\/div>\n\n\t\t\n<style>\n#section_358382657 {\n  padding-top: 0px;\n  padding-bottom: 0px;\n  background-color: rgb(244, 244, 244);\n}\n<\/style>\n\t<\/section>\n\t\n","protected":false},"excerpt":{"rendered":"<p>Alfombrilla de rat\u00f3n muy grande e iluminada. Aqu\u00ed est\u00e1 la de la mejor clase AimControllers XXL : comodidad y fiabilidad.<\/p>\n","protected":false},"featured_media":1122656,"template":"","meta":{"_acf_changed":false,"inline_featured_image":false},"product_brand":[],"product_cat":[4067],"product_tag":[],"misspellings":[],"class_list":{"0":"post-1122675","1":"product","2":"type-product","3":"status-publish","4":"has-post-thumbnail","6":"product_cat-alfombrilla-de-raton","8":"first","9":"outofstock","10":"taxable","11":"shipping-taxable","12":"purchasable","13":"product-type-simple"},"acf":[],"yoast_head":"<!-- This site is optimized with the Yoast SEO Premium plugin v22.4 (Yoast SEO v27.2) - https:\/\/yoast.com\/product\/yoast-seo-premium-wordpress\/ -->\n<title>Alfombrilla de rat\u00f3n AimControllers XXL - Aimcontrollers<\/title>\n<meta name=\"robots\" content=\"index, follow, max-snippet:-1, max-image-preview:large, max-video-preview:-1\" \/>\n<link rel=\"canonical\" href=\"https:\/\/eu.aimcontrollers.com\/es\/producto\/alfombrilla-de-raton-aimcontrollers-xxl\/\" \/>\n<meta property=\"og:locale\" content=\"es_ES\" \/>\n<meta property=\"og:type\" content=\"article\" \/>\n<meta property=\"og:title\" content=\"Alfombrilla de rat\u00f3n AimControllers XXL\" \/>\n<meta property=\"og:description\" content=\"Alfombrilla de rat\u00f3n muy grande e iluminada. Aqu\u00ed est\u00e1 la de la mejor clase AimControllers XXL : comodidad y fiabilidad.\" \/>\n<meta property=\"og:url\" content=\"https:\/\/eu.aimcontrollers.com\/es\/producto\/alfombrilla-de-raton-aimcontrollers-xxl\/\" \/>\n<meta property=\"og:site_name\" content=\"Aimcontrollers\" \/>\n<meta property=\"article:publisher\" content=\"http:\/\/www.facebook.com\/aimcontrollers\" \/>\n<meta property=\"article:modified_time\" content=\"2023-05-16T12:47:31+00:00\" \/>\n<meta property=\"og:image\" content=\"https:\/\/eu.aimcontrollers.com\/wp-content\/uploads\/2020\/09\/mousepad_xxl_1000px.png\" \/>\n\t<meta property=\"og:image:width\" content=\"1000\" \/>\n\t<meta property=\"og:image:height\" content=\"1000\" \/>\n\t<meta property=\"og:image:type\" content=\"image\/png\" \/>\n<meta name=\"twitter:card\" content=\"summary_large_image\" \/>\n<meta name=\"twitter:site\" content=\"@AimControllerss\" \/>\n<meta name=\"twitter:label1\" content=\"Tiempo de lectura\" \/>\n\t<meta name=\"twitter:data1\" content=\"1 minuto\" \/>\n<script type=\"application\/ld+json\" class=\"yoast-schema-graph\">{\"@context\":\"https:\/\/schema.org\",\"@graph\":[{\"@type\":\"WebPage\",\"@id\":\"https:\/\/eu.aimcontrollers.com\/es\/producto\/alfombrilla-de-raton-aimcontrollers-xxl\/\",\"url\":\"https:\/\/eu.aimcontrollers.com\/es\/producto\/alfombrilla-de-raton-aimcontrollers-xxl\/\",\"name\":\"Alfombrilla de rat\u00f3n AimControllers XXL - Aimcontrollers\",\"isPartOf\":{\"@id\":\"https:\/\/eu.aimcontrollers.com\/es\/#website\"},\"primaryImageOfPage\":{\"@id\":\"https:\/\/eu.aimcontrollers.com\/es\/producto\/alfombrilla-de-raton-aimcontrollers-xxl\/#primaryimage\"},\"image\":{\"@id\":\"https:\/\/eu.aimcontrollers.com\/es\/producto\/alfombrilla-de-raton-aimcontrollers-xxl\/#primaryimage\"},\"thumbnailUrl\":\"https:\/\/eu.aimcontrollers.com\/wp-content\/uploads\/2020\/09\/mousepad_xxl_1000px.png\",\"datePublished\":\"2020-09-09T07:40:31+00:00\",\"dateModified\":\"2023-05-16T12:47:31+00:00\",\"breadcrumb\":{\"@id\":\"https:\/\/eu.aimcontrollers.com\/es\/producto\/alfombrilla-de-raton-aimcontrollers-xxl\/#breadcrumb\"},\"inLanguage\":\"es\",\"potentialAction\":[{\"@type\":\"ReadAction\",\"target\":[\"https:\/\/eu.aimcontrollers.com\/es\/producto\/alfombrilla-de-raton-aimcontrollers-xxl\/\"]}]},{\"@type\":\"ImageObject\",\"inLanguage\":\"es\",\"@id\":\"https:\/\/eu.aimcontrollers.com\/es\/producto\/alfombrilla-de-raton-aimcontrollers-xxl\/#primaryimage\",\"url\":\"https:\/\/eu.aimcontrollers.com\/wp-content\/uploads\/2020\/09\/mousepad_xxl_1000px.png\",\"contentUrl\":\"https:\/\/eu.aimcontrollers.com\/wp-content\/uploads\/2020\/09\/mousepad_xxl_1000px.png\",\"width\":1000,\"height\":1000,\"caption\":\"AimControllers Mousepad XXL\"},{\"@type\":\"BreadcrumbList\",\"@id\":\"https:\/\/eu.aimcontrollers.com\/es\/producto\/alfombrilla-de-raton-aimcontrollers-xxl\/#breadcrumb\",\"itemListElement\":[{\"@type\":\"ListItem\",\"position\":1,\"name\":\"Home\",\"item\":\"https:\/\/eu.aimcontrollers.com\/es\/\"},{\"@type\":\"ListItem\",\"position\":2,\"name\":\"Shop\",\"item\":\"https:\/\/eu.aimcontrollers.com\/shop\/\"},{\"@type\":\"ListItem\",\"position\":3,\"name\":\"Alfombrilla de rat\u00f3n AimControllers XXL\"}]},{\"@type\":\"WebSite\",\"@id\":\"https:\/\/eu.aimcontrollers.com\/es\/#website\",\"url\":\"https:\/\/eu.aimcontrollers.com\/es\/\",\"name\":\"AimControllers - The most affordable competitive controllers for Xbox, PlayStation and PC\",\"description\":\"Una de las marcas m\u00e1s importantes que ofrece controladores originales y totalmente personalizables.\",\"publisher\":{\"@id\":\"https:\/\/eu.aimcontrollers.com\/es\/#organization\"},\"potentialAction\":[{\"@type\":\"SearchAction\",\"target\":{\"@type\":\"EntryPoint\",\"urlTemplate\":\"https:\/\/eu.aimcontrollers.com\/es\/?s={search_term_string}\"},\"query-input\":{\"@type\":\"PropertyValueSpecification\",\"valueRequired\":true,\"valueName\":\"search_term_string\"}}],\"inLanguage\":\"es\"},{\"@type\":\"Organization\",\"@id\":\"https:\/\/eu.aimcontrollers.com\/es\/#organization\",\"name\":\"Aimcontrollers\",\"url\":\"https:\/\/eu.aimcontrollers.com\/es\/\",\"logo\":{\"@type\":\"ImageObject\",\"inLanguage\":\"es\",\"@id\":\"https:\/\/eu.aimcontrollers.com\/es\/#\/schema\/logo\/image\/\",\"url\":\"\",\"contentUrl\":\"\",\"caption\":\"Aimcontrollers\"},\"image\":{\"@id\":\"https:\/\/eu.aimcontrollers.com\/es\/#\/schema\/logo\/image\/\"},\"sameAs\":[\"http:\/\/www.facebook.com\/aimcontrollers\",\"https:\/\/x.com\/AimControllerss\",\"https:\/\/instagram.com\/aimcontrollers\/\",\"https:\/\/www.youtube.com\/user\/aimcontrollerspl\/videos\"]}]}<\/script>\n<!-- \/ Yoast SEO Premium plugin. -->","yoast_head_json":{"title":"Alfombrilla de rat\u00f3n AimControllers XXL - Aimcontrollers","robots":{"index":"index","follow":"follow","max-snippet":"max-snippet:-1","max-image-preview":"max-image-preview:large","max-video-preview":"max-video-preview:-1"},"canonical":"https:\/\/eu.aimcontrollers.com\/es\/producto\/alfombrilla-de-raton-aimcontrollers-xxl\/","og_locale":"es_ES","og_type":"article","og_title":"Alfombrilla de rat\u00f3n AimControllers XXL","og_description":"Alfombrilla de rat\u00f3n muy grande e iluminada. Aqu\u00ed est\u00e1 la de la mejor clase AimControllers XXL : comodidad y fiabilidad.","og_url":"https:\/\/eu.aimcontrollers.com\/es\/producto\/alfombrilla-de-raton-aimcontrollers-xxl\/","og_site_name":"Aimcontrollers","article_publisher":"http:\/\/www.facebook.com\/aimcontrollers","article_modified_time":"2023-05-16T12:47:31+00:00","og_image":[{"width":1000,"height":1000,"url":"https:\/\/eu.aimcontrollers.com\/wp-content\/uploads\/2020\/09\/mousepad_xxl_1000px.png","type":"image\/png"}],"twitter_card":"summary_large_image","twitter_site":"@AimControllerss","twitter_misc":{"Tiempo de lectura":"1 minuto"},"schema":{"@context":"https:\/\/schema.org","@graph":[{"@type":"WebPage","@id":"https:\/\/eu.aimcontrollers.com\/es\/producto\/alfombrilla-de-raton-aimcontrollers-xxl\/","url":"https:\/\/eu.aimcontrollers.com\/es\/producto\/alfombrilla-de-raton-aimcontrollers-xxl\/","name":"Alfombrilla de rat\u00f3n AimControllers XXL - Aimcontrollers","isPartOf":{"@id":"https:\/\/eu.aimcontrollers.com\/es\/#website"},"primaryImageOfPage":{"@id":"https:\/\/eu.aimcontrollers.com\/es\/producto\/alfombrilla-de-raton-aimcontrollers-xxl\/#primaryimage"},"image":{"@id":"https:\/\/eu.aimcontrollers.com\/es\/producto\/alfombrilla-de-raton-aimcontrollers-xxl\/#primaryimage"},"thumbnailUrl":"https:\/\/eu.aimcontrollers.com\/wp-content\/uploads\/2020\/09\/mousepad_xxl_1000px.png","datePublished":"2020-09-09T07:40:31+00:00","dateModified":"2023-05-16T12:47:31+00:00","breadcrumb":{"@id":"https:\/\/eu.aimcontrollers.com\/es\/producto\/alfombrilla-de-raton-aimcontrollers-xxl\/#breadcrumb"},"inLanguage":"es","potentialAction":[{"@type":"ReadAction","target":["https:\/\/eu.aimcontrollers.com\/es\/producto\/alfombrilla-de-raton-aimcontrollers-xxl\/"]}]},{"@type":"ImageObject","inLanguage":"es","@id":"https:\/\/eu.aimcontrollers.com\/es\/producto\/alfombrilla-de-raton-aimcontrollers-xxl\/#primaryimage","url":"https:\/\/eu.aimcontrollers.com\/wp-content\/uploads\/2020\/09\/mousepad_xxl_1000px.png","contentUrl":"https:\/\/eu.aimcontrollers.com\/wp-content\/uploads\/2020\/09\/mousepad_xxl_1000px.png","width":1000,"height":1000,"caption":"AimControllers Mousepad XXL"},{"@type":"BreadcrumbList","@id":"https:\/\/eu.aimcontrollers.com\/es\/producto\/alfombrilla-de-raton-aimcontrollers-xxl\/#breadcrumb","itemListElement":[{"@type":"ListItem","position":1,"name":"Home","item":"https:\/\/eu.aimcontrollers.com\/es\/"},{"@type":"ListItem","position":2,"name":"Shop","item":"https:\/\/eu.aimcontrollers.com\/shop\/"},{"@type":"ListItem","position":3,"name":"Alfombrilla de rat\u00f3n AimControllers XXL"}]},{"@type":"WebSite","@id":"https:\/\/eu.aimcontrollers.com\/es\/#website","url":"https:\/\/eu.aimcontrollers.com\/es\/","name":"AimControllers - The most affordable competitive controllers for Xbox, PlayStation and PC","description":"Una de las marcas m\u00e1s importantes que ofrece controladores originales y totalmente personalizables.","publisher":{"@id":"https:\/\/eu.aimcontrollers.com\/es\/#organization"},"potentialAction":[{"@type":"SearchAction","target":{"@type":"EntryPoint","urlTemplate":"https:\/\/eu.aimcontrollers.com\/es\/?s={search_term_string}"},"query-input":{"@type":"PropertyValueSpecification","valueRequired":true,"valueName":"search_term_string"}}],"inLanguage":"es"},{"@type":"Organization","@id":"https:\/\/eu.aimcontrollers.com\/es\/#organization","name":"Aimcontrollers","url":"https:\/\/eu.aimcontrollers.com\/es\/","logo":{"@type":"ImageObject","inLanguage":"es","@id":"https:\/\/eu.aimcontrollers.com\/es\/#\/schema\/logo\/image\/","url":"","contentUrl":"","caption":"Aimcontrollers"},"image":{"@id":"https:\/\/eu.aimcontrollers.com\/es\/#\/schema\/logo\/image\/"},"sameAs":["http:\/\/www.facebook.com\/aimcontrollers","https:\/\/x.com\/AimControllerss","https:\/\/instagram.com\/aimcontrollers\/","https:\/\/www.youtube.com\/user\/aimcontrollerspl\/videos"]}]}},"_links":{"self":[{"href":"https:\/\/eu.aimcontrollers.com\/es\/wp-json\/wp\/v2\/product\/1122675","targetHints":{"allow":["GET"]}}],"collection":[{"href":"https:\/\/eu.aimcontrollers.com\/es\/wp-json\/wp\/v2\/product"}],"about":[{"href":"https:\/\/eu.aimcontrollers.com\/es\/wp-json\/wp\/v2\/types\/product"}],"wp:featuredmedia":[{"embeddable":true,"href":"https:\/\/eu.aimcontrollers.com\/es\/wp-json\/wp\/v2\/media\/1122656"}],"wp:attachment":[{"href":"https:\/\/eu.aimcontrollers.com\/es\/wp-json\/wp\/v2\/media?parent=1122675"}],"wp:term":[{"taxonomy":"product_brand","embeddable":true,"href":"https:\/\/eu.aimcontrollers.com\/es\/wp-json\/wp\/v2\/product_brand?post=1122675"},{"taxonomy":"product_cat","embeddable":true,"href":"https:\/\/eu.aimcontrollers.com\/es\/wp-json\/wp\/v2\/product_cat?post=1122675"},{"taxonomy":"product_tag","embeddable":true,"href":"https:\/\/eu.aimcontrollers.com\/es\/wp-json\/wp\/v2\/product_tag?post=1122675"},{"taxonomy":"misspellings","embeddable":true,"href":"https:\/\/eu.aimcontrollers.com\/es\/wp-json\/wp\/v2\/misspellings?post=1122675"}],"curies":[{"name":"wp","href":"https:\/\/api.w.org\/{rel}","templated":true}]}}