{"id":1221340,"date":"2021-11-24T13:05:21","date_gmt":"2021-11-26T14:50:55","guid":{"rendered":"https:\/\/eu.aimcontrollers.com\/?post_type=product&#038;p=1221340"},"modified":"2021-11-26T15:50:56","modified_gmt":"2021-11-26T14:50:56","slug":"aim-x-rl9-ps5-higher","status":"publish","type":"product","link":"https:\/\/eu.aimcontrollers.com\/es\/producto\/aim-x-rl9-ps5-higher\/","title":{"rendered":"AIM x RL9 PS5 HIGHER"},"content":{"rendered":"\n\t<section class=\"section pbg\" id=\"section_945770418\">\n\t\t<div class=\"section-bg fill\" >\n\t\t\t\t\t\t\t\t\t\n\t\t\t\n\n\t\t<\/div>\n\n\t\t\n\n\t\t<div class=\"section-content relative\">\n\t\t\t\n<div class=\"row row-collapse row-full-width align-middle\"  id=\"row-656780193\">\n\n\t<div id=\"col-1851981065\" class=\"col medium-6 small-12 large-6\"  >\n\t\t\t\t<div class=\"col-inner text-center\"  >\n\t\t\t\n\t\t\t\n<h2>Controlador oficial de Robert Lewandowski AIM x RL9 PS5 HIGHER<\/h2>\n<p>Dedicado a los jugadores m\u00e1s demandados.<\/p>\n<p><strong>#AIMHIGHER<\/strong><\/p>\n\t\t<\/div>\n\t\t\t\t\n<style>\n#col-1851981065 > .col-inner {\n  padding: 10% 10% 10% 10%;\n  max-width: 520px;\n}\n<\/style>\n\t<\/div>\n\n\t\n\n\t<div id=\"col-985184714\" class=\"col medium-4 small-12 large-4\"  >\n\t\t\t\t<div class=\"col-inner\"  >\n\t\t\t\n\t\t\t\n\t<div class=\"img has-hover x md-x lg-x y md-y lg-y\" id=\"image_1308866151\">\n\t\t\t\t\t\t\t\t<div class=\"img-inner dark\" >\n\t\t\t<img loading=\"lazy\" decoding=\"async\" width=\"800\" height=\"800\" src=\"https:\/\/eu.aimcontrollers.com\/wp-content\/uploads\/2021\/11\/prod_ps5_pro_front_higher-800x800.png\" class=\"attachment-large size-large\" alt=\"\" srcset=\"https:\/\/eu.aimcontrollers.com\/wp-content\/uploads\/2021\/11\/prod_ps5_pro_front_higher-800x800.png 800w, https:\/\/eu.aimcontrollers.com\/wp-content\/uploads\/2021\/11\/prod_ps5_pro_front_higher-500x500.png 500w, https:\/\/eu.aimcontrollers.com\/wp-content\/uploads\/2021\/11\/prod_ps5_pro_front_higher-100x100.png 100w, https:\/\/eu.aimcontrollers.com\/wp-content\/uploads\/2021\/11\/prod_ps5_pro_front_higher-400x400.png 400w, https:\/\/eu.aimcontrollers.com\/wp-content\/uploads\/2021\/11\/prod_ps5_pro_front_higher-280x280.png 280w, https:\/\/eu.aimcontrollers.com\/wp-content\/uploads\/2021\/11\/prod_ps5_pro_front_higher-768x768.png 768w, https:\/\/eu.aimcontrollers.com\/wp-content\/uploads\/2021\/11\/prod_ps5_pro_front_higher.png 1000w\" sizes=\"auto, (max-width: 800px) 100vw, 800px\" \/>\t\t\t\t\t\t\n\t\t\t\t\t<\/div>\n\t\t\t\t\t\t\t\t\n<style>\n#image_1308866151 {\n  width: 100%;\n}\n<\/style>\n\t<\/div>\n\t\n\t\t<\/div>\n\t\t\t\t\t<\/div>\n\n\t\n<\/div>\n<div class=\"row\"  id=\"row-925674701\">\n\n\t<div id=\"col-1839930149\" class=\"col small-12 large-12\"  >\n\t\t\t\t<div class=\"col-inner text-center\"  >\n\t\t\t\n\t\t\t\n\t<div class=\"img has-hover x md-x lg-x y md-y lg-y\" id=\"image_1401946856\">\n\t\t\t\t\t\t\t\t<div class=\"img-inner dark\" >\n\t\t\t<img loading=\"lazy\" decoding=\"async\" width=\"974\" height=\"238\" src=\"https:\/\/eu.aimcontrollers.com\/wp-content\/uploads\/2021\/11\/aim_x_rl9_black.png\" class=\"attachment-large size-large\" alt=\"\" srcset=\"https:\/\/eu.aimcontrollers.com\/wp-content\/uploads\/2021\/11\/aim_x_rl9_black.png 974w, https:\/\/eu.aimcontrollers.com\/wp-content\/uploads\/2021\/11\/aim_x_rl9_black-500x122.png 500w, https:\/\/eu.aimcontrollers.com\/wp-content\/uploads\/2021\/11\/aim_x_rl9_black-800x195.png 800w, https:\/\/eu.aimcontrollers.com\/wp-content\/uploads\/2021\/11\/aim_x_rl9_black-768x188.png 768w\" sizes=\"auto, (max-width: 974px) 100vw, 974px\" \/>\t\t\t\t\t\t\n\t\t\t\t\t<\/div>\n\t\t\t\t\t\t\t\t\n<style>\n#image_1401946856 {\n  width: 70%;\n}\n<\/style>\n\t<\/div>\n\t\n\t\t<\/div>\n\t\t\t\t\t<\/div>\n\n\t\n<\/div>\n\t\t<\/div>\n\n\t\t\n<style>\n#section_945770418 {\n  padding-top: 36px;\n  padding-bottom: 36px;\n  background-color: rgb(244, 244, 244);\n}\n<\/style>\n\t<\/section>\n\t\n\n\t<section class=\"section\" id=\"section_486975922\">\n\t\t<div class=\"section-bg fill\" >\n\t\t\t\t\t\t\t\t\t\n\t\t\t\n\n\t\t<\/div>\n\n\t\t\n\n\t\t<div class=\"section-content relative\">\n\t\t\t\n<div class=\"row align-center\"  id=\"row-536820705\">\n\n\t<div id=\"col-167659245\" class=\"col medium-5 small-12 large-5\"  >\n\t\t\t\t<div class=\"col-inner\"  >\n\t\t\t\n\t\t\t\n<div class=\"row\"  id=\"row-698441255\">\n\n\t<div id=\"col-636631593\" class=\"col small-12 large-12\"  >\n\t\t\t\t<div class=\"col-inner text-center\"  >\n\t\t\t\n\t\t\t\n\t<div id=\"gap-715866695\" class=\"gap-element clearfix\" style=\"display:block; height:auto;\">\n\t\t\n<style>\n#gap-715866695 {\n  padding-top: 0px;\n}\n<\/style>\n\t<\/div>\n\t\n<h2><span style=\"font-size: 140%;\">Modificaciones de la serie PS5 HIGHER<\/span><\/h2>\n\t\t<\/div>\n\t\t\t\t\n<style>\n#col-636631593 > .col-inner {\n  padding: 0px 0px 0px 0px;\n  margin: 0px 0px -37px 0px;\n}\n<\/style>\n\t<\/div>\n\n\t\n<\/div>\n\t\t<\/div>\n\t\t\t\t\t<\/div>\n\n\t\n\n<style>\n#row-536820705 > .col > .col-inner {\n  padding: 20px 0px 0px 0px;\n}\n<\/style>\n<\/div>\n<div class=\"row row-collapse align-middle align-center\"  id=\"row-995297482\">\n\n\t<div id=\"col-1841715133\" class=\"col medium-6 small-12 large-6\"  >\n\t\t\t\t<div class=\"col-inner\"  >\n\t\t\t\n\t\t\t\n\t<div id=\"text-3505707075\" class=\"text\">\n\t\t\n<h4 style=\"font-size: 150%; color: black;\">AimSticks reemplazables<\/h4>\n<p style=\"color: black;\">Utiliza los AimSticks f\u00e1ciles de sustituir para lograr una perfecta libertad de movimiento. Los Short AimStick garantizan unas reacciones m\u00e1s r\u00e1pidas, mientras que los High AimStick mejoran la precisi\u00f3n. Cambia los AimStick para adaptar el controlador a tus juegos preferidos.<\/p>\n\t\t\n<style>\n#text-3505707075 {\n  font-size: 1rem;\n}\n<\/style>\n\t<\/div>\n\t\n\t\t<\/div>\n\t\t\t\t\t<\/div>\n\n\t\n\n\t<div id=\"col-56549098\" class=\"col medium-6 small-12 large-6 small-col-first\"  >\n\t\t\t\t<div class=\"col-inner text-center\"  >\n\t\t\t\n\t\t\t\n\t<div class=\"img has-hover x md-x lg-x y md-y lg-y\" id=\"image_204090864\">\n\t\t\t\t\t\t\t\t<div class=\"img-inner dark\" >\n\t\t\t<img loading=\"lazy\" decoding=\"async\" width=\"799\" height=\"800\" src=\"https:\/\/eu.aimcontrollers.com\/wp-content\/uploads\/2021\/11\/ps5_higher_sticks-799x800.png\" class=\"attachment-large size-large\" alt=\"\" srcset=\"https:\/\/eu.aimcontrollers.com\/wp-content\/uploads\/2021\/11\/ps5_higher_sticks-799x800.png 799w, https:\/\/eu.aimcontrollers.com\/wp-content\/uploads\/2021\/11\/ps5_higher_sticks-500x500.png 500w, https:\/\/eu.aimcontrollers.com\/wp-content\/uploads\/2021\/11\/ps5_higher_sticks-100x100.png 100w, https:\/\/eu.aimcontrollers.com\/wp-content\/uploads\/2021\/11\/ps5_higher_sticks-800x801.png 800w, https:\/\/eu.aimcontrollers.com\/wp-content\/uploads\/2021\/11\/ps5_higher_sticks-400x400.png 400w, https:\/\/eu.aimcontrollers.com\/wp-content\/uploads\/2021\/11\/ps5_higher_sticks-280x280.png 280w, https:\/\/eu.aimcontrollers.com\/wp-content\/uploads\/2021\/11\/ps5_higher_sticks-768x769.png 768w, https:\/\/eu.aimcontrollers.com\/wp-content\/uploads\/2021\/11\/ps5_higher_sticks.png 1079w\" sizes=\"auto, (max-width: 799px) 100vw, 799px\" \/>\t\t\t\t\t\t\n\t\t\t\t\t<\/div>\n\t\t\t\t\t\t\t\t\n<style>\n#image_204090864 {\n  width: 100%;\n}\n@media (min-width:550px) {\n  #image_204090864 {\n    width: 60%;\n  }\n}\n@media (min-width:850px) {\n  #image_204090864 {\n    width: 50%;\n  }\n}\n<\/style>\n\t<\/div>\n\t\n\t\t<\/div>\n\t\t\t\t\t<\/div>\n\n\t\n<\/div>\n<div class=\"row row-collapse align-middle align-center\"  id=\"row-58267473\">\n\n\t<div id=\"col-1913523100\" class=\"col medium-6 small-12 large-6\"  >\n\t\t\t\t<div class=\"col-inner text-center\"  >\n\t\t\t\n\t\t\t\n\t<div class=\"img has-hover x md-x lg-x y md-y lg-y\" id=\"image_957519440\">\n\t\t\t\t\t\t\t\t<div class=\"img-inner dark\" >\n\t\t\t<img loading=\"lazy\" decoding=\"async\" width=\"799\" height=\"800\" src=\"https:\/\/eu.aimcontrollers.com\/wp-content\/uploads\/2021\/11\/higher-ps5-grip-no-paddles-799x800.png\" class=\"attachment-large size-large\" alt=\"\" srcset=\"https:\/\/eu.aimcontrollers.com\/wp-content\/uploads\/2021\/11\/higher-ps5-grip-no-paddles-799x800.png 799w, https:\/\/eu.aimcontrollers.com\/wp-content\/uploads\/2021\/11\/higher-ps5-grip-no-paddles-500x500.png 500w, https:\/\/eu.aimcontrollers.com\/wp-content\/uploads\/2021\/11\/higher-ps5-grip-no-paddles-100x100.png 100w, https:\/\/eu.aimcontrollers.com\/wp-content\/uploads\/2021\/11\/higher-ps5-grip-no-paddles-800x801.png 800w, https:\/\/eu.aimcontrollers.com\/wp-content\/uploads\/2021\/11\/higher-ps5-grip-no-paddles-400x400.png 400w, https:\/\/eu.aimcontrollers.com\/wp-content\/uploads\/2021\/11\/higher-ps5-grip-no-paddles-280x280.png 280w, https:\/\/eu.aimcontrollers.com\/wp-content\/uploads\/2021\/11\/higher-ps5-grip-no-paddles-768x769.png 768w, https:\/\/eu.aimcontrollers.com\/wp-content\/uploads\/2021\/11\/higher-ps5-grip-no-paddles.png 1079w\" sizes=\"auto, (max-width: 799px) 100vw, 799px\" \/>\t\t\t\t\t\t\n\t\t\t\t\t<\/div>\n\t\t\t\t\t\t\t\t\n<style>\n#image_957519440 {\n  width: 100%;\n}\n@media (min-width:550px) {\n  #image_957519440 {\n    width: 60%;\n  }\n}\n@media (min-width:850px) {\n  #image_957519440 {\n    width: 50%;\n  }\n}\n<\/style>\n\t<\/div>\n\t\n\t\t<\/div>\n\t\t\t\t\t<\/div>\n\n\t\n\n\t<div id=\"col-972336632\" class=\"col medium-6 small-12 large-6\"  >\n\t\t\t\t<div class=\"col-inner\"  >\n\t\t\t\n\t\t\t\n\t<div id=\"text-2787180926\" class=\"text\">\n\t\t\n<h4 style=\"font-size: 150%; color: black;\">Aim Grip<\/h4>\n<p style=\"color: black;\">El recubrimiento ergon\u00f3mico especial de caucho mejora el confort durante muchas horas del juego. Los elementos perfilados de la estructura y el sistema antideslizante facilitan el manejo del controlador.<\/p>\n\t\t\n<style>\n#text-2787180926 {\n  font-size: 1rem;\n}\n<\/style>\n\t<\/div>\n\t\n\t\t<\/div>\n\t\t\t\t\t<\/div>\n\n\t\n<\/div>\n<div class=\"row row-collapse align-middle align-center\"  id=\"row-503973762\">\n\n\t<div id=\"col-480804994\" class=\"col medium-6 small-12 large-6\"  >\n\t\t\t\t<div class=\"col-inner\"  >\n\t\t\t\n\t\t\t\n\t<div id=\"text-571614135\" class=\"text\">\n\t\t\n<h4 style=\"font-size: 150%; color: black;\">Garant\u00eda de por vida<\/h4>\n<p style=\"color: black;\">Al elegir el controlador personalizado de AIM x RL9, recibir\u00e1s una garant\u00eda de por vida con respecto a todas las modificaciones ofrecidas.<\/p>\n\t\t\n<style>\n#text-571614135 {\n  font-size: 1rem;\n}\n<\/style>\n\t<\/div>\n\t\n\t\t<\/div>\n\t\t\t\t\t<\/div>\n\n\t\n\n\t<div id=\"col-1783616527\" class=\"col medium-6 small-12 large-6 small-col-first\"  >\n\t\t\t\t<div class=\"col-inner text-center\"  >\n\t\t\t\n\t\t\t\n\t<div class=\"img has-hover x md-x lg-x y md-y lg-y\" id=\"image_1157317800\">\n\t\t\t\t\t\t\t\t<div class=\"img-inner dark\" >\n\t\t\t<img loading=\"lazy\" decoding=\"async\" width=\"799\" height=\"800\" src=\"https:\/\/eu.aimcontrollers.com\/wp-content\/uploads\/2021\/11\/front-life-time-799x800.png\" class=\"attachment-large size-large\" alt=\"\" srcset=\"https:\/\/eu.aimcontrollers.com\/wp-content\/uploads\/2021\/11\/front-life-time-799x800.png 799w, https:\/\/eu.aimcontrollers.com\/wp-content\/uploads\/2021\/11\/front-life-time-500x500.png 500w, https:\/\/eu.aimcontrollers.com\/wp-content\/uploads\/2021\/11\/front-life-time-100x100.png 100w, https:\/\/eu.aimcontrollers.com\/wp-content\/uploads\/2021\/11\/front-life-time-800x801.png 800w, https:\/\/eu.aimcontrollers.com\/wp-content\/uploads\/2021\/11\/front-life-time-400x400.png 400w, https:\/\/eu.aimcontrollers.com\/wp-content\/uploads\/2021\/11\/front-life-time-280x280.png 280w, https:\/\/eu.aimcontrollers.com\/wp-content\/uploads\/2021\/11\/front-life-time-768x769.png 768w, https:\/\/eu.aimcontrollers.com\/wp-content\/uploads\/2021\/11\/front-life-time.png 1079w\" sizes=\"auto, (max-width: 799px) 100vw, 799px\" \/>\t\t\t\t\t\t\n\t\t\t\t\t<\/div>\n\t\t\t\t\t\t\t\t\n<style>\n#image_1157317800 {\n  width: 100%;\n}\n@media (min-width:550px) {\n  #image_1157317800 {\n    width: 60%;\n  }\n}\n@media (min-width:850px) {\n  #image_1157317800 {\n    width: 50%;\n  }\n}\n<\/style>\n\t<\/div>\n\t\n\t\t<\/div>\n\t\t\t\t\t<\/div>\n\n\t\n<\/div>\n\t\t<\/div>\n\n\t\t\n<style>\n#section_486975922 {\n  padding-top: 15px;\n  padding-bottom: 15px;\n}\n@media (min-width:550px) {\n  #section_486975922 {\n    padding-top: 50px;\n    padding-bottom: 50px;\n  }\n}\n<\/style>\n\t<\/section>\n\t\n\n\t<section class=\"section\" id=\"section_1137899797\">\n\t\t<div class=\"section-bg fill\" >\n\t\t\t\t\t\t\t\t\t\n\t\t\t\n\n\t\t<\/div>\n\n\t\t\n\n\t\t<div class=\"section-content relative\">\n\t\t\t\n<div class=\"row align-center\"  id=\"row-908662043\">\n\n\t<div id=\"col-1666392560\" class=\"col medium-8 small-12 large-8\"  >\n\t\t\t\t<div class=\"col-inner text-center\"  >\n\t\t\t\n\t\t\t\n<div class=\"is-divider divider clearfix\" style=\"margin-top:40px;margin-bottom:40px;max-width:100%;height:1px;\"><\/div>\n<h2>Acerca de Aimcontrollers<\/h2>\n<p>Todos nuestros controladores personalizados son genuinos Sony\/Miscrosoft Despu\u00e9s del proceso de personalizaci\u00f3n, cada controlador se prueba rigurosamente para garantizar la calidad.<\/p>\n<ul>\n<li style=\"display: inline-block;\"><img decoding=\"async\" src=\"\/wp-content\/themes\/flatsome-child\/img\/ikony\/check-black.svg\" width=\"22px\" height=\"22px\" \/> Garant\u00eda de por vida<\/li>\n<li style=\"display: inline-block;\"><img decoding=\"async\" src=\"\/wp-content\/themes\/flatsome-child\/img\/ikony\/check-black.svg\" width=\"22px\" height=\"22px\" \/> Dise\u00f1ado y fabricado en Europa<\/li>\n<li style=\"display: inline-block;\"><img decoding=\"async\" src=\"\/wp-content\/themes\/flatsome-child\/img\/ikony\/check-black.svg\" width=\"22px\" height=\"22px\" \/> Recomendado Por Jugadores Pro<\/li>\n<\/ul>\n<div class=\"is-divider divider clearfix\" style=\"margin-top:40px;margin-bottom:40px;max-width:100%;height:1px;\"><\/div>\n\t\t<\/div>\n\t\t\t\t\t<\/div>\n\n\t\n<\/div>\n\t\t<\/div>\n\n\t\t\n<style>\n#section_1137899797 {\n  padding-top: 0px;\n  padding-bottom: 0px;\n}\n<\/style>\n\t<\/section>\n\t\n<div class=\"row\"  id=\"row-1130222967\">\n\n\t<div id=\"col-1581201771\" class=\"col small-12 large-12\"  >\n\t\t\t\t<div class=\"col-inner dark\" style=\"background-color:rgb(30, 30, 30);\" >\n\t\t\t\n\t\t\t\n<div class=\"row row-collapse align-middle\"  id=\"row-1488774781\">\n\n\t<div id=\"col-1622132601\" class=\"col medium-6 small-12 large-6\"  >\n\t\t\t\t<div class=\"col-inner\"  >\n\t\t\t\n\t\t\t\n<h2 style=\"font-size: 200%;\">\u00bfQu\u00e9 hay dentro de la caja?<\/h2>\n<p>Vea lo que obtiene en su paquete:<\/p>\n<ul>\n<li>AimController personalizado original (con GARANT\u00cdA DE POR VIDA)<\/li>\n<li>AimControllers Volantes<\/li>\n<\/ul>\n\t\t<\/div>\n\t\t\t\t\t<\/div>\n\n\t\n\n\t<div id=\"col-1542548485\" class=\"col medium-6 small-12 large-6\"  >\n\t\t\t\t<div class=\"col-inner\"  >\n\t\t\t\n\t\t\t\n\t<div class=\"img has-hover x md-x lg-x y md-y lg-y\" id=\"image_1558950772\">\n\t\t\t\t\t\t\t\t<div class=\"img-inner dark\" >\n\t\t\t<img loading=\"lazy\" decoding=\"async\" width=\"1020\" height=\"709\" src=\"https:\/\/eu.aimcontrollers.com\/wp-content\/uploads\/2021\/11\/rl9_box.png\" class=\"attachment-large size-large\" alt=\"\" srcset=\"https:\/\/eu.aimcontrollers.com\/wp-content\/uploads\/2021\/11\/rl9_box.png 1151w, https:\/\/eu.aimcontrollers.com\/wp-content\/uploads\/2021\/11\/rl9_box-500x348.png 500w, https:\/\/eu.aimcontrollers.com\/wp-content\/uploads\/2021\/11\/rl9_box-800x556.png 800w, https:\/\/eu.aimcontrollers.com\/wp-content\/uploads\/2021\/11\/rl9_box-576x400.png 576w, https:\/\/eu.aimcontrollers.com\/wp-content\/uploads\/2021\/11\/rl9_box-768x534.png 768w\" sizes=\"auto, (max-width: 1020px) 100vw, 1020px\" \/>\t\t\t\t\t\t\n\t\t\t\t\t<\/div>\n\t\t\t\t\t\t\t\t\n<style>\n#image_1558950772 {\n  width: 100%;\n}\n<\/style>\n\t<\/div>\n\t\n\t\t<\/div>\n\t\t\t\t\t<\/div>\n\n\t\n<\/div>\n\t\t<\/div>\n\t\t\t\t\t<\/div>\n\n\t\n\n<style>\n#row-1130222967 > .col > .col-inner {\n  padding: 40px 40px 40px 40px;\n}\n@media (min-width:550px) {\n  #row-1130222967 > .col > .col-inner {\n    padding: 50px 50px 50px 50px;\n  }\n}\n@media (min-width:850px) {\n  #row-1130222967 > .col > .col-inner {\n    padding: 20px 100px 20px 100px;\n  }\n}\n<\/style>\n<\/div>\n","protected":false},"excerpt":{"rendered":"","protected":false},"featured_media":1221041,"template":"","meta":{"_acf_changed":false,"inline_featured_image":false},"product_brand":[],"product_cat":[4941],"product_tag":[],"misspellings":[],"class_list":{"0":"post-1221340","1":"product","2":"type-product","3":"status-publish","4":"has-post-thumbnail","6":"product_cat-controladores-de-robert-lewandowski","8":"first","9":"outofstock","10":"taxable","11":"shipping-taxable","12":"purchasable","13":"product-type-simple"},"acf":[],"yoast_head":"<!-- This site is optimized with the Yoast SEO Premium plugin v22.4 (Yoast SEO v27.2) - https:\/\/yoast.com\/product\/yoast-seo-premium-wordpress\/ -->\n<title>AIM x RL9 PS5 HIGHER - Aimcontrollers<\/title>\n<meta name=\"robots\" content=\"index, follow, max-snippet:-1, max-image-preview:large, max-video-preview:-1\" \/>\n<link rel=\"canonical\" href=\"https:\/\/eu.aimcontrollers.com\/es\/producto\/aim-x-rl9-ps5-higher\/\" \/>\n<meta property=\"og:locale\" content=\"es_ES\" \/>\n<meta property=\"og:type\" content=\"article\" \/>\n<meta property=\"og:title\" content=\"AIM x RL9 PS5 HIGHER\" \/>\n<meta property=\"og:url\" content=\"https:\/\/eu.aimcontrollers.com\/es\/producto\/aim-x-rl9-ps5-higher\/\" \/>\n<meta property=\"og:site_name\" content=\"Aimcontrollers\" \/>\n<meta property=\"article:publisher\" content=\"http:\/\/www.facebook.com\/aimcontrollers\" \/>\n<meta property=\"article:modified_time\" content=\"2021-11-26T14:50:56+00:00\" \/>\n<meta property=\"og:image\" content=\"https:\/\/eu.aimcontrollers.com\/wp-content\/uploads\/2021\/11\/prod_ps5_pro_front_higher.png\" \/>\n\t<meta property=\"og:image:width\" content=\"1000\" \/>\n\t<meta property=\"og:image:height\" content=\"1000\" \/>\n\t<meta property=\"og:image:type\" content=\"image\/png\" \/>\n<meta name=\"twitter:card\" content=\"summary_large_image\" \/>\n<meta name=\"twitter:site\" content=\"@AimControllerss\" \/>\n<meta name=\"twitter:label1\" content=\"Tiempo de lectura\" \/>\n\t<meta name=\"twitter:data1\" content=\"3 minutos\" \/>\n<script type=\"application\/ld+json\" class=\"yoast-schema-graph\">{\"@context\":\"https:\/\/schema.org\",\"@graph\":[{\"@type\":\"WebPage\",\"@id\":\"https:\/\/eu.aimcontrollers.com\/es\/producto\/aim-x-rl9-ps5-higher\/\",\"url\":\"https:\/\/eu.aimcontrollers.com\/es\/producto\/aim-x-rl9-ps5-higher\/\",\"name\":\"AIM x RL9 PS5 HIGHER - Aimcontrollers\",\"isPartOf\":{\"@id\":\"https:\/\/eu.aimcontrollers.com\/es\/#website\"},\"primaryImageOfPage\":{\"@id\":\"https:\/\/eu.aimcontrollers.com\/es\/producto\/aim-x-rl9-ps5-higher\/#primaryimage\"},\"image\":{\"@id\":\"https:\/\/eu.aimcontrollers.com\/es\/producto\/aim-x-rl9-ps5-higher\/#primaryimage\"},\"thumbnailUrl\":\"https:\/\/eu.aimcontrollers.com\/wp-content\/uploads\/2021\/11\/prod_ps5_pro_front_higher.png\",\"datePublished\":\"2021-11-26T14:50:55+00:00\",\"dateModified\":\"2021-11-26T14:50:56+00:00\",\"breadcrumb\":{\"@id\":\"https:\/\/eu.aimcontrollers.com\/es\/producto\/aim-x-rl9-ps5-higher\/#breadcrumb\"},\"inLanguage\":\"es\",\"potentialAction\":[{\"@type\":\"ReadAction\",\"target\":[\"https:\/\/eu.aimcontrollers.com\/es\/producto\/aim-x-rl9-ps5-higher\/\"]}]},{\"@type\":\"ImageObject\",\"inLanguage\":\"es\",\"@id\":\"https:\/\/eu.aimcontrollers.com\/es\/producto\/aim-x-rl9-ps5-higher\/#primaryimage\",\"url\":\"https:\/\/eu.aimcontrollers.com\/wp-content\/uploads\/2021\/11\/prod_ps5_pro_front_higher.png\",\"contentUrl\":\"https:\/\/eu.aimcontrollers.com\/wp-content\/uploads\/2021\/11\/prod_ps5_pro_front_higher.png\",\"width\":1000,\"height\":1000},{\"@type\":\"BreadcrumbList\",\"@id\":\"https:\/\/eu.aimcontrollers.com\/es\/producto\/aim-x-rl9-ps5-higher\/#breadcrumb\",\"itemListElement\":[{\"@type\":\"ListItem\",\"position\":1,\"name\":\"Home\",\"item\":\"https:\/\/eu.aimcontrollers.com\/es\/\"},{\"@type\":\"ListItem\",\"position\":2,\"name\":\"Shop\",\"item\":\"https:\/\/eu.aimcontrollers.com\/shop\/\"},{\"@type\":\"ListItem\",\"position\":3,\"name\":\"AIM x RL9 PS5 HIGHER\"}]},{\"@type\":\"WebSite\",\"@id\":\"https:\/\/eu.aimcontrollers.com\/es\/#website\",\"url\":\"https:\/\/eu.aimcontrollers.com\/es\/\",\"name\":\"AimControllers - The most affordable competitive controllers for Xbox, PlayStation and PC\",\"description\":\"Una de las marcas m\u00e1s importantes que ofrece controladores originales y totalmente personalizables.\",\"publisher\":{\"@id\":\"https:\/\/eu.aimcontrollers.com\/es\/#organization\"},\"potentialAction\":[{\"@type\":\"SearchAction\",\"target\":{\"@type\":\"EntryPoint\",\"urlTemplate\":\"https:\/\/eu.aimcontrollers.com\/es\/?s={search_term_string}\"},\"query-input\":{\"@type\":\"PropertyValueSpecification\",\"valueRequired\":true,\"valueName\":\"search_term_string\"}}],\"inLanguage\":\"es\"},{\"@type\":\"Organization\",\"@id\":\"https:\/\/eu.aimcontrollers.com\/es\/#organization\",\"name\":\"Aimcontrollers\",\"url\":\"https:\/\/eu.aimcontrollers.com\/es\/\",\"logo\":{\"@type\":\"ImageObject\",\"inLanguage\":\"es\",\"@id\":\"https:\/\/eu.aimcontrollers.com\/es\/#\/schema\/logo\/image\/\",\"url\":\"\",\"contentUrl\":\"\",\"caption\":\"Aimcontrollers\"},\"image\":{\"@id\":\"https:\/\/eu.aimcontrollers.com\/es\/#\/schema\/logo\/image\/\"},\"sameAs\":[\"http:\/\/www.facebook.com\/aimcontrollers\",\"https:\/\/x.com\/AimControllerss\",\"https:\/\/instagram.com\/aimcontrollers\/\",\"https:\/\/www.youtube.com\/user\/aimcontrollerspl\/videos\"]}]}<\/script>\n<!-- \/ Yoast SEO Premium plugin. -->","yoast_head_json":{"title":"AIM x RL9 PS5 HIGHER - Aimcontrollers","robots":{"index":"index","follow":"follow","max-snippet":"max-snippet:-1","max-image-preview":"max-image-preview:large","max-video-preview":"max-video-preview:-1"},"canonical":"https:\/\/eu.aimcontrollers.com\/es\/producto\/aim-x-rl9-ps5-higher\/","og_locale":"es_ES","og_type":"article","og_title":"AIM x RL9 PS5 HIGHER","og_url":"https:\/\/eu.aimcontrollers.com\/es\/producto\/aim-x-rl9-ps5-higher\/","og_site_name":"Aimcontrollers","article_publisher":"http:\/\/www.facebook.com\/aimcontrollers","article_modified_time":"2021-11-26T14:50:56+00:00","og_image":[{"width":1000,"height":1000,"url":"https:\/\/eu.aimcontrollers.com\/wp-content\/uploads\/2021\/11\/prod_ps5_pro_front_higher.png","type":"image\/png"}],"twitter_card":"summary_large_image","twitter_site":"@AimControllerss","twitter_misc":{"Tiempo de lectura":"3 minutos"},"schema":{"@context":"https:\/\/schema.org","@graph":[{"@type":"WebPage","@id":"https:\/\/eu.aimcontrollers.com\/es\/producto\/aim-x-rl9-ps5-higher\/","url":"https:\/\/eu.aimcontrollers.com\/es\/producto\/aim-x-rl9-ps5-higher\/","name":"AIM x RL9 PS5 HIGHER - Aimcontrollers","isPartOf":{"@id":"https:\/\/eu.aimcontrollers.com\/es\/#website"},"primaryImageOfPage":{"@id":"https:\/\/eu.aimcontrollers.com\/es\/producto\/aim-x-rl9-ps5-higher\/#primaryimage"},"image":{"@id":"https:\/\/eu.aimcontrollers.com\/es\/producto\/aim-x-rl9-ps5-higher\/#primaryimage"},"thumbnailUrl":"https:\/\/eu.aimcontrollers.com\/wp-content\/uploads\/2021\/11\/prod_ps5_pro_front_higher.png","datePublished":"2021-11-26T14:50:55+00:00","dateModified":"2021-11-26T14:50:56+00:00","breadcrumb":{"@id":"https:\/\/eu.aimcontrollers.com\/es\/producto\/aim-x-rl9-ps5-higher\/#breadcrumb"},"inLanguage":"es","potentialAction":[{"@type":"ReadAction","target":["https:\/\/eu.aimcontrollers.com\/es\/producto\/aim-x-rl9-ps5-higher\/"]}]},{"@type":"ImageObject","inLanguage":"es","@id":"https:\/\/eu.aimcontrollers.com\/es\/producto\/aim-x-rl9-ps5-higher\/#primaryimage","url":"https:\/\/eu.aimcontrollers.com\/wp-content\/uploads\/2021\/11\/prod_ps5_pro_front_higher.png","contentUrl":"https:\/\/eu.aimcontrollers.com\/wp-content\/uploads\/2021\/11\/prod_ps5_pro_front_higher.png","width":1000,"height":1000},{"@type":"BreadcrumbList","@id":"https:\/\/eu.aimcontrollers.com\/es\/producto\/aim-x-rl9-ps5-higher\/#breadcrumb","itemListElement":[{"@type":"ListItem","position":1,"name":"Home","item":"https:\/\/eu.aimcontrollers.com\/es\/"},{"@type":"ListItem","position":2,"name":"Shop","item":"https:\/\/eu.aimcontrollers.com\/shop\/"},{"@type":"ListItem","position":3,"name":"AIM x RL9 PS5 HIGHER"}]},{"@type":"WebSite","@id":"https:\/\/eu.aimcontrollers.com\/es\/#website","url":"https:\/\/eu.aimcontrollers.com\/es\/","name":"AimControllers - The most affordable competitive controllers for Xbox, PlayStation and PC","description":"Una de las marcas m\u00e1s importantes que ofrece controladores originales y totalmente personalizables.","publisher":{"@id":"https:\/\/eu.aimcontrollers.com\/es\/#organization"},"potentialAction":[{"@type":"SearchAction","target":{"@type":"EntryPoint","urlTemplate":"https:\/\/eu.aimcontrollers.com\/es\/?s={search_term_string}"},"query-input":{"@type":"PropertyValueSpecification","valueRequired":true,"valueName":"search_term_string"}}],"inLanguage":"es"},{"@type":"Organization","@id":"https:\/\/eu.aimcontrollers.com\/es\/#organization","name":"Aimcontrollers","url":"https:\/\/eu.aimcontrollers.com\/es\/","logo":{"@type":"ImageObject","inLanguage":"es","@id":"https:\/\/eu.aimcontrollers.com\/es\/#\/schema\/logo\/image\/","url":"","contentUrl":"","caption":"Aimcontrollers"},"image":{"@id":"https:\/\/eu.aimcontrollers.com\/es\/#\/schema\/logo\/image\/"},"sameAs":["http:\/\/www.facebook.com\/aimcontrollers","https:\/\/x.com\/AimControllerss","https:\/\/instagram.com\/aimcontrollers\/","https:\/\/www.youtube.com\/user\/aimcontrollerspl\/videos"]}]}},"_links":{"self":[{"href":"https:\/\/eu.aimcontrollers.com\/es\/wp-json\/wp\/v2\/product\/1221340","targetHints":{"allow":["GET"]}}],"collection":[{"href":"https:\/\/eu.aimcontrollers.com\/es\/wp-json\/wp\/v2\/product"}],"about":[{"href":"https:\/\/eu.aimcontrollers.com\/es\/wp-json\/wp\/v2\/types\/product"}],"wp:featuredmedia":[{"embeddable":true,"href":"https:\/\/eu.aimcontrollers.com\/es\/wp-json\/wp\/v2\/media\/1221041"}],"wp:attachment":[{"href":"https:\/\/eu.aimcontrollers.com\/es\/wp-json\/wp\/v2\/media?parent=1221340"}],"wp:term":[{"taxonomy":"product_brand","embeddable":true,"href":"https:\/\/eu.aimcontrollers.com\/es\/wp-json\/wp\/v2\/product_brand?post=1221340"},{"taxonomy":"product_cat","embeddable":true,"href":"https:\/\/eu.aimcontrollers.com\/es\/wp-json\/wp\/v2\/product_cat?post=1221340"},{"taxonomy":"product_tag","embeddable":true,"href":"https:\/\/eu.aimcontrollers.com\/es\/wp-json\/wp\/v2\/product_tag?post=1221340"},{"taxonomy":"misspellings","embeddable":true,"href":"https:\/\/eu.aimcontrollers.com\/es\/wp-json\/wp\/v2\/misspellings?post=1221340"}],"curies":[{"name":"wp","href":"https:\/\/api.w.org\/{rel}","templated":true}]}}