{"id":1245588,"date":"2022-01-13T12:36:03","date_gmt":"2022-01-13T11:36:03","guid":{"rendered":"https:\/\/eu.aimcontrollers.com\/product\/aim-charging-station\/"},"modified":"2022-01-13T12:36:03","modified_gmt":"2022-01-13T11:36:03","slug":"aim-charging-station","status":"publish","type":"product","link":"https:\/\/eu.aimcontrollers.com\/es\/producto\/aim-charging-station\/","title":{"rendered":"AiM Charging Station"},"content":{"rendered":"<p class=\"p1\"><span class=\"s1\"><strong>La estaci\u00f3n de carga AiM<\/strong> est\u00e1 dise\u00f1ada para los mandos de la serie DualSense y Xbox X, que se cargan simult\u00e1neamente en unas 2 horas. Este cargador de mandos para PS5 y Xbox X proporciona una forma f\u00e1cil y r\u00e1pida de cargar y guardar tus mandos. Simplemente coloca el mando en la base de carga para cargarlo y qu\u00edtalo cuando lo est\u00e9s utilizando. El cobre mejorado garantiza una carga r\u00e1pida. La base de carga doble garantiza que nunca te quedar\u00e1s sin bater\u00eda cuando est\u00e9s a punto de marcar el punto ganador.<\/span><\/p>\n<p class=\"p1\"><span class=\"s1\">El indicador de luz LED de dos colores distintos muestra el estado de la carga. La luz roja indica que el mando se est\u00e1 cargando, la luz verde indica que el mando se ha cargado completamente o est\u00e1 en espera.<\/span><\/p>\n<p class=\"p1\"><span class=\"s1\">Los chips inteligentes incorporados y los componentes de alta calidad evitan que los mandos y sus dispositivos est\u00e9n protegidos contra la sobrecorriente, la sobretensi\u00f3n o los cortocircuitos. Nunca sobrecargar\u00e1 su controlador incluso carg\u00e1ndolo durante la noche. El cable de alimentaci\u00f3n de 1 metro de largo lo mantiene conectado en cualquier entorno de trabajo. Es una soluci\u00f3n perfecta para jugadores profesionales. Es muy \u00fatil si eres de los que juega en la misma consola a juegos multijugador con amigos o familiares.<br \/>\n<img loading=\"lazy\" decoding=\"async\" class=\"size-full wp-image-1245543 aligncenter\" src=\"https:\/\/eu.aimcontrollers.com\/wp-content\/uploads\/2022\/01\/AiM-Charging-Station_post3.png\" alt=\"\" width=\"1000\" height=\"1000\" srcset=\"https:\/\/eu.aimcontrollers.com\/wp-content\/uploads\/2022\/01\/AiM-Charging-Station_post3.png 1000w, https:\/\/eu.aimcontrollers.com\/wp-content\/uploads\/2022\/01\/AiM-Charging-Station_post3-500x500.png 500w, https:\/\/eu.aimcontrollers.com\/wp-content\/uploads\/2022\/01\/AiM-Charging-Station_post3-100x100.png 100w, https:\/\/eu.aimcontrollers.com\/wp-content\/uploads\/2022\/01\/AiM-Charging-Station_post3-800x800.png 800w, https:\/\/eu.aimcontrollers.com\/wp-content\/uploads\/2022\/01\/AiM-Charging-Station_post3-400x400.png 400w, https:\/\/eu.aimcontrollers.com\/wp-content\/uploads\/2022\/01\/AiM-Charging-Station_post3-280x280.png 280w, https:\/\/eu.aimcontrollers.com\/wp-content\/uploads\/2022\/01\/AiM-Charging-Station_post3-768x768.png 768w\" sizes=\"auto, (max-width: 1000px) 100vw, 1000px\" \/> <img loading=\"lazy\" decoding=\"async\" class=\"size-full wp-image-1245538 aligncenter\" src=\"https:\/\/eu.aimcontrollers.com\/wp-content\/uploads\/2022\/01\/AiM-Charging-Station_post2.png\" alt=\"\" width=\"1000\" height=\"1000\" srcset=\"https:\/\/eu.aimcontrollers.com\/wp-content\/uploads\/2022\/01\/AiM-Charging-Station_post2.png 1000w, https:\/\/eu.aimcontrollers.com\/wp-content\/uploads\/2022\/01\/AiM-Charging-Station_post2-500x500.png 500w, https:\/\/eu.aimcontrollers.com\/wp-content\/uploads\/2022\/01\/AiM-Charging-Station_post2-100x100.png 100w, https:\/\/eu.aimcontrollers.com\/wp-content\/uploads\/2022\/01\/AiM-Charging-Station_post2-800x800.png 800w, https:\/\/eu.aimcontrollers.com\/wp-content\/uploads\/2022\/01\/AiM-Charging-Station_post2-400x400.png 400w, https:\/\/eu.aimcontrollers.com\/wp-content\/uploads\/2022\/01\/AiM-Charging-Station_post2-280x280.png 280w, https:\/\/eu.aimcontrollers.com\/wp-content\/uploads\/2022\/01\/AiM-Charging-Station_post2-768x768.png 768w\" sizes=\"auto, (max-width: 1000px) 100vw, 1000px\" \/> <img loading=\"lazy\" decoding=\"async\" class=\"size-full wp-image-1245533 aligncenter\" src=\"https:\/\/eu.aimcontrollers.com\/wp-content\/uploads\/2022\/01\/AiM-Charging-Station_post.png\" alt=\"\" width=\"1000\" height=\"1000\" srcset=\"https:\/\/eu.aimcontrollers.com\/wp-content\/uploads\/2022\/01\/AiM-Charging-Station_post.png 1000w, https:\/\/eu.aimcontrollers.com\/wp-content\/uploads\/2022\/01\/AiM-Charging-Station_post-500x500.png 500w, https:\/\/eu.aimcontrollers.com\/wp-content\/uploads\/2022\/01\/AiM-Charging-Station_post-100x100.png 100w, https:\/\/eu.aimcontrollers.com\/wp-content\/uploads\/2022\/01\/AiM-Charging-Station_post-800x800.png 800w, https:\/\/eu.aimcontrollers.com\/wp-content\/uploads\/2022\/01\/AiM-Charging-Station_post-400x400.png 400w, https:\/\/eu.aimcontrollers.com\/wp-content\/uploads\/2022\/01\/AiM-Charging-Station_post-280x280.png 280w, https:\/\/eu.aimcontrollers.com\/wp-content\/uploads\/2022\/01\/AiM-Charging-Station_post-768x768.png 768w\" sizes=\"auto, (max-width: 1000px) 100vw, 1000px\" \/><br \/>\n<\/span><\/p>\n","protected":false},"excerpt":{"rendered":"<p><span class=\"s1\"><strong>La estaci\u00f3n de carga AiM<\/strong> est\u00e1 dise\u00f1ada para los mandos de la serie DualSense y Xbox X, que se cargan simult\u00e1neamente en unas 2 horas. Este cargador de mandos para PS5 y Xbox X proporciona una forma f\u00e1cil y r\u00e1pida de cargar y guardar tus mandos. Simplemente coloca el mando en la base de carga para cargarlo y qu\u00edtalo cuando lo est\u00e9s utilizando. El cobre mejorado garantiza una carga r\u00e1pida. La base de carga doble garantiza que nunca te quedar\u00e1s sin bater\u00eda cuando est\u00e9s a punto de marcar el punto ganador.<\/span><\/p>\n","protected":false},"featured_media":1245579,"template":"","meta":{"_acf_changed":false,"inline_featured_image":false},"product_brand":[],"product_cat":[1183],"product_tag":[],"misspellings":[],"class_list":{"0":"post-1245588","1":"product","2":"type-product","3":"status-publish","4":"has-post-thumbnail","6":"product_cat-accesorios","8":"first","9":"outofstock","10":"taxable","11":"shipping-taxable","12":"purchasable","13":"product-type-simple"},"acf":[],"yoast_head":"<!-- This site is optimized with the Yoast SEO Premium plugin v22.4 (Yoast SEO v27.2) - https:\/\/yoast.com\/product\/yoast-seo-premium-wordpress\/ -->\n<title>AiM Charging Station - Aimcontrollers<\/title>\n<meta name=\"robots\" content=\"index, follow, max-snippet:-1, max-image-preview:large, max-video-preview:-1\" \/>\n<link rel=\"canonical\" href=\"https:\/\/eu.aimcontrollers.com\/es\/producto\/aim-charging-station\/\" \/>\n<meta property=\"og:locale\" content=\"es_ES\" \/>\n<meta property=\"og:type\" content=\"article\" \/>\n<meta property=\"og:title\" content=\"AiM Charging Station\" \/>\n<meta property=\"og:description\" content=\"La estaci\u00f3n de carga AiM est\u00e1 dise\u00f1ada para los mandos de la serie DualSense y Xbox X, que se cargan simult\u00e1neamente en unas 2 horas. Este cargador de mandos para PS5 y Xbox X proporciona una forma f\u00e1cil y r\u00e1pida de cargar y guardar tus mandos. Simplemente coloca el mando en la base de carga para cargarlo y qu\u00edtalo cuando lo est\u00e9s utilizando. El cobre mejorado garantiza una carga r\u00e1pida. La base de carga doble garantiza que nunca te quedar\u00e1s sin bater\u00eda cuando est\u00e9s a punto de marcar el punto ganador.\" \/>\n<meta property=\"og:url\" content=\"https:\/\/eu.aimcontrollers.com\/es\/producto\/aim-charging-station\/\" \/>\n<meta property=\"og:site_name\" content=\"Aimcontrollers\" \/>\n<meta property=\"article:publisher\" content=\"http:\/\/www.facebook.com\/aimcontrollers\" \/>\n<meta property=\"og:image\" content=\"https:\/\/eu.aimcontrollers.com\/wp-content\/uploads\/2022\/01\/AiM-Charging-Station1-3.png\" \/>\n\t<meta property=\"og:image:width\" content=\"1000\" \/>\n\t<meta property=\"og:image:height\" content=\"1000\" \/>\n\t<meta property=\"og:image:type\" content=\"image\/png\" \/>\n<meta name=\"twitter:card\" content=\"summary_large_image\" \/>\n<meta name=\"twitter:site\" content=\"@AimControllerss\" \/>\n<meta name=\"twitter:label1\" content=\"Tiempo de lectura\" \/>\n\t<meta name=\"twitter:data1\" content=\"1 minuto\" \/>\n<script type=\"application\/ld+json\" class=\"yoast-schema-graph\">{\"@context\":\"https:\/\/schema.org\",\"@graph\":[{\"@type\":\"WebPage\",\"@id\":\"https:\/\/eu.aimcontrollers.com\/es\/producto\/aim-charging-station\/\",\"url\":\"https:\/\/eu.aimcontrollers.com\/es\/producto\/aim-charging-station\/\",\"name\":\"AiM Charging Station - Aimcontrollers\",\"isPartOf\":{\"@id\":\"https:\/\/eu.aimcontrollers.com\/es\/#website\"},\"primaryImageOfPage\":{\"@id\":\"https:\/\/eu.aimcontrollers.com\/es\/producto\/aim-charging-station\/#primaryimage\"},\"image\":{\"@id\":\"https:\/\/eu.aimcontrollers.com\/es\/producto\/aim-charging-station\/#primaryimage\"},\"thumbnailUrl\":\"https:\/\/eu.aimcontrollers.com\/wp-content\/uploads\/2022\/01\/AiM-Charging-Station1-3.png\",\"datePublished\":\"2022-01-13T11:36:03+00:00\",\"breadcrumb\":{\"@id\":\"https:\/\/eu.aimcontrollers.com\/es\/producto\/aim-charging-station\/#breadcrumb\"},\"inLanguage\":\"es\",\"potentialAction\":[{\"@type\":\"ReadAction\",\"target\":[\"https:\/\/eu.aimcontrollers.com\/es\/producto\/aim-charging-station\/\"]}]},{\"@type\":\"ImageObject\",\"inLanguage\":\"es\",\"@id\":\"https:\/\/eu.aimcontrollers.com\/es\/producto\/aim-charging-station\/#primaryimage\",\"url\":\"https:\/\/eu.aimcontrollers.com\/wp-content\/uploads\/2022\/01\/AiM-Charging-Station1-3.png\",\"contentUrl\":\"https:\/\/eu.aimcontrollers.com\/wp-content\/uploads\/2022\/01\/AiM-Charging-Station1-3.png\",\"width\":1000,\"height\":1000},{\"@type\":\"BreadcrumbList\",\"@id\":\"https:\/\/eu.aimcontrollers.com\/es\/producto\/aim-charging-station\/#breadcrumb\",\"itemListElement\":[{\"@type\":\"ListItem\",\"position\":1,\"name\":\"Home\",\"item\":\"https:\/\/eu.aimcontrollers.com\/es\/\"},{\"@type\":\"ListItem\",\"position\":2,\"name\":\"Shop\",\"item\":\"https:\/\/eu.aimcontrollers.com\/shop\/\"},{\"@type\":\"ListItem\",\"position\":3,\"name\":\"AiM Charging Station\"}]},{\"@type\":\"WebSite\",\"@id\":\"https:\/\/eu.aimcontrollers.com\/es\/#website\",\"url\":\"https:\/\/eu.aimcontrollers.com\/es\/\",\"name\":\"AimControllers - The most affordable competitive controllers for Xbox, PlayStation and PC\",\"description\":\"Una de las marcas m\u00e1s importantes que ofrece controladores originales y totalmente personalizables.\",\"publisher\":{\"@id\":\"https:\/\/eu.aimcontrollers.com\/es\/#organization\"},\"potentialAction\":[{\"@type\":\"SearchAction\",\"target\":{\"@type\":\"EntryPoint\",\"urlTemplate\":\"https:\/\/eu.aimcontrollers.com\/es\/?s={search_term_string}\"},\"query-input\":{\"@type\":\"PropertyValueSpecification\",\"valueRequired\":true,\"valueName\":\"search_term_string\"}}],\"inLanguage\":\"es\"},{\"@type\":\"Organization\",\"@id\":\"https:\/\/eu.aimcontrollers.com\/es\/#organization\",\"name\":\"Aimcontrollers\",\"url\":\"https:\/\/eu.aimcontrollers.com\/es\/\",\"logo\":{\"@type\":\"ImageObject\",\"inLanguage\":\"es\",\"@id\":\"https:\/\/eu.aimcontrollers.com\/es\/#\/schema\/logo\/image\/\",\"url\":\"\",\"contentUrl\":\"\",\"caption\":\"Aimcontrollers\"},\"image\":{\"@id\":\"https:\/\/eu.aimcontrollers.com\/es\/#\/schema\/logo\/image\/\"},\"sameAs\":[\"http:\/\/www.facebook.com\/aimcontrollers\",\"https:\/\/x.com\/AimControllerss\",\"https:\/\/instagram.com\/aimcontrollers\/\",\"https:\/\/www.youtube.com\/user\/aimcontrollerspl\/videos\"]}]}<\/script>\n<!-- \/ Yoast SEO Premium plugin. -->","yoast_head_json":{"title":"AiM Charging Station - Aimcontrollers","robots":{"index":"index","follow":"follow","max-snippet":"max-snippet:-1","max-image-preview":"max-image-preview:large","max-video-preview":"max-video-preview:-1"},"canonical":"https:\/\/eu.aimcontrollers.com\/es\/producto\/aim-charging-station\/","og_locale":"es_ES","og_type":"article","og_title":"AiM Charging Station","og_description":"La estaci\u00f3n de carga AiM est\u00e1 dise\u00f1ada para los mandos de la serie DualSense y Xbox X, que se cargan simult\u00e1neamente en unas 2 horas. Este cargador de mandos para PS5 y Xbox X proporciona una forma f\u00e1cil y r\u00e1pida de cargar y guardar tus mandos. Simplemente coloca el mando en la base de carga para cargarlo y qu\u00edtalo cuando lo est\u00e9s utilizando. El cobre mejorado garantiza una carga r\u00e1pida. La base de carga doble garantiza que nunca te quedar\u00e1s sin bater\u00eda cuando est\u00e9s a punto de marcar el punto ganador.","og_url":"https:\/\/eu.aimcontrollers.com\/es\/producto\/aim-charging-station\/","og_site_name":"Aimcontrollers","article_publisher":"http:\/\/www.facebook.com\/aimcontrollers","og_image":[{"width":1000,"height":1000,"url":"https:\/\/eu.aimcontrollers.com\/wp-content\/uploads\/2022\/01\/AiM-Charging-Station1-3.png","type":"image\/png"}],"twitter_card":"summary_large_image","twitter_site":"@AimControllerss","twitter_misc":{"Tiempo de lectura":"1 minuto"},"schema":{"@context":"https:\/\/schema.org","@graph":[{"@type":"WebPage","@id":"https:\/\/eu.aimcontrollers.com\/es\/producto\/aim-charging-station\/","url":"https:\/\/eu.aimcontrollers.com\/es\/producto\/aim-charging-station\/","name":"AiM Charging Station - Aimcontrollers","isPartOf":{"@id":"https:\/\/eu.aimcontrollers.com\/es\/#website"},"primaryImageOfPage":{"@id":"https:\/\/eu.aimcontrollers.com\/es\/producto\/aim-charging-station\/#primaryimage"},"image":{"@id":"https:\/\/eu.aimcontrollers.com\/es\/producto\/aim-charging-station\/#primaryimage"},"thumbnailUrl":"https:\/\/eu.aimcontrollers.com\/wp-content\/uploads\/2022\/01\/AiM-Charging-Station1-3.png","datePublished":"2022-01-13T11:36:03+00:00","breadcrumb":{"@id":"https:\/\/eu.aimcontrollers.com\/es\/producto\/aim-charging-station\/#breadcrumb"},"inLanguage":"es","potentialAction":[{"@type":"ReadAction","target":["https:\/\/eu.aimcontrollers.com\/es\/producto\/aim-charging-station\/"]}]},{"@type":"ImageObject","inLanguage":"es","@id":"https:\/\/eu.aimcontrollers.com\/es\/producto\/aim-charging-station\/#primaryimage","url":"https:\/\/eu.aimcontrollers.com\/wp-content\/uploads\/2022\/01\/AiM-Charging-Station1-3.png","contentUrl":"https:\/\/eu.aimcontrollers.com\/wp-content\/uploads\/2022\/01\/AiM-Charging-Station1-3.png","width":1000,"height":1000},{"@type":"BreadcrumbList","@id":"https:\/\/eu.aimcontrollers.com\/es\/producto\/aim-charging-station\/#breadcrumb","itemListElement":[{"@type":"ListItem","position":1,"name":"Home","item":"https:\/\/eu.aimcontrollers.com\/es\/"},{"@type":"ListItem","position":2,"name":"Shop","item":"https:\/\/eu.aimcontrollers.com\/shop\/"},{"@type":"ListItem","position":3,"name":"AiM Charging Station"}]},{"@type":"WebSite","@id":"https:\/\/eu.aimcontrollers.com\/es\/#website","url":"https:\/\/eu.aimcontrollers.com\/es\/","name":"AimControllers - The most affordable competitive controllers for Xbox, PlayStation and PC","description":"Una de las marcas m\u00e1s importantes que ofrece controladores originales y totalmente personalizables.","publisher":{"@id":"https:\/\/eu.aimcontrollers.com\/es\/#organization"},"potentialAction":[{"@type":"SearchAction","target":{"@type":"EntryPoint","urlTemplate":"https:\/\/eu.aimcontrollers.com\/es\/?s={search_term_string}"},"query-input":{"@type":"PropertyValueSpecification","valueRequired":true,"valueName":"search_term_string"}}],"inLanguage":"es"},{"@type":"Organization","@id":"https:\/\/eu.aimcontrollers.com\/es\/#organization","name":"Aimcontrollers","url":"https:\/\/eu.aimcontrollers.com\/es\/","logo":{"@type":"ImageObject","inLanguage":"es","@id":"https:\/\/eu.aimcontrollers.com\/es\/#\/schema\/logo\/image\/","url":"","contentUrl":"","caption":"Aimcontrollers"},"image":{"@id":"https:\/\/eu.aimcontrollers.com\/es\/#\/schema\/logo\/image\/"},"sameAs":["http:\/\/www.facebook.com\/aimcontrollers","https:\/\/x.com\/AimControllerss","https:\/\/instagram.com\/aimcontrollers\/","https:\/\/www.youtube.com\/user\/aimcontrollerspl\/videos"]}]}},"_links":{"self":[{"href":"https:\/\/eu.aimcontrollers.com\/es\/wp-json\/wp\/v2\/product\/1245588","targetHints":{"allow":["GET"]}}],"collection":[{"href":"https:\/\/eu.aimcontrollers.com\/es\/wp-json\/wp\/v2\/product"}],"about":[{"href":"https:\/\/eu.aimcontrollers.com\/es\/wp-json\/wp\/v2\/types\/product"}],"wp:featuredmedia":[{"embeddable":true,"href":"https:\/\/eu.aimcontrollers.com\/es\/wp-json\/wp\/v2\/media\/1245579"}],"wp:attachment":[{"href":"https:\/\/eu.aimcontrollers.com\/es\/wp-json\/wp\/v2\/media?parent=1245588"}],"wp:term":[{"taxonomy":"product_brand","embeddable":true,"href":"https:\/\/eu.aimcontrollers.com\/es\/wp-json\/wp\/v2\/product_brand?post=1245588"},{"taxonomy":"product_cat","embeddable":true,"href":"https:\/\/eu.aimcontrollers.com\/es\/wp-json\/wp\/v2\/product_cat?post=1245588"},{"taxonomy":"product_tag","embeddable":true,"href":"https:\/\/eu.aimcontrollers.com\/es\/wp-json\/wp\/v2\/product_tag?post=1245588"},{"taxonomy":"misspellings","embeddable":true,"href":"https:\/\/eu.aimcontrollers.com\/es\/wp-json\/wp\/v2\/misspellings?post=1245588"}],"curies":[{"name":"wp","href":"https:\/\/api.w.org\/{rel}","templated":true}]}}