{"id":1314978,"date":"2023-09-22T15:22:23","date_gmt":"2023-09-22T13:27:51","guid":{"rendered":"https:\/\/eu.aimcontrollers.com\/?post_type=product&#038;p=1314978"},"modified":"2023-11-28T18:12:59","modified_gmt":"2023-11-28T17:12:59","slug":"ps5-navy-blue-snap-panel","status":"publish","type":"product","link":"https:\/\/eu.aimcontrollers.com\/es\/producto\/ps5-navy-blue-snap-panel\/","title":{"rendered":"PS5 Navy Blue Snap Panel"},"content":{"rendered":"<p>Experimenta una elegante actualizaci\u00f3n est\u00e9tica con nuestro Snap Panel en Azul Marino para los controladores PS5. Esta carcasa intercambiable cuenta con un conector magn\u00e9tico para una personalizaci\u00f3n sin esfuerzo, mejorando tu estilo y comodidad de juego. El dise\u00f1o en Azul Marino transmite una elegancia audaz pero sutil, perfecta para los jugadores que aprecian tanto el estilo como la funcionalidad.<\/p>\n","protected":false},"excerpt":{"rendered":"<p>Experimenta una elegante actualizaci\u00f3n est\u00e9tica con nuestro Snap Panel en Azul Marino para los controladores PS5. Esta carcasa intercambiable cuenta con un conector magn\u00e9tico para una personalizaci\u00f3n sin esfuerzo, mejorando tu estilo y comodidad de juego. El dise\u00f1o en Azul Marino transmite una elegancia audaz pero sutil, perfecta para los jugadores que aprecian tanto el estilo como la funcionalidad.<\/p>\n","protected":false},"featured_media":1314594,"template":"","meta":{"_acf_changed":false,"inline_featured_image":false},"product_brand":[],"product_cat":[5205],"product_tag":[],"misspellings":[],"class_list":{"0":"post-1314978","1":"product","2":"type-product","3":"status-publish","4":"has-post-thumbnail","6":"product_cat-snap-panels-es","8":"first","9":"instock","10":"taxable","11":"shipping-taxable","12":"purchasable","13":"product-type-simple"},"acf":[],"yoast_head":"<!-- This site is optimized with the Yoast SEO Premium plugin v22.4 (Yoast SEO v27.2) - https:\/\/yoast.com\/product\/yoast-seo-premium-wordpress\/ -->\n<title>PS5 Navy Blue Snap Panel - Aimcontrollers<\/title>\n<meta name=\"robots\" content=\"index, follow, max-snippet:-1, max-image-preview:large, max-video-preview:-1\" \/>\n<link rel=\"canonical\" href=\"https:\/\/eu.aimcontrollers.com\/es\/producto\/ps5-navy-blue-snap-panel\/\" \/>\n<meta property=\"og:locale\" content=\"es_ES\" \/>\n<meta property=\"og:type\" content=\"article\" \/>\n<meta property=\"og:title\" content=\"PS5 Navy Blue Snap Panel\" \/>\n<meta property=\"og:description\" content=\"Experimenta una elegante actualizaci\u00f3n est\u00e9tica con nuestro Snap Panel en Azul Marino para los controladores PS5. Esta carcasa intercambiable cuenta con un conector magn\u00e9tico para una personalizaci\u00f3n sin esfuerzo, mejorando tu estilo y comodidad de juego. El dise\u00f1o en Azul Marino transmite una elegancia audaz pero sutil, perfecta para los jugadores que aprecian tanto el estilo como la funcionalidad.\" \/>\n<meta property=\"og:url\" content=\"https:\/\/eu.aimcontrollers.com\/es\/producto\/ps5-navy-blue-snap-panel\/\" \/>\n<meta property=\"og:site_name\" content=\"Aimcontrollers\" \/>\n<meta property=\"article:publisher\" content=\"http:\/\/www.facebook.com\/aimcontrollers\" \/>\n<meta property=\"article:modified_time\" content=\"2023-11-28T17:12:59+00:00\" \/>\n<meta property=\"og:image\" content=\"https:\/\/eu.aimcontrollers.com\/wp-content\/uploads\/2023\/09\/navy_blue_1.png\" \/>\n\t<meta property=\"og:image:width\" content=\"1000\" \/>\n\t<meta property=\"og:image:height\" content=\"1000\" \/>\n\t<meta property=\"og:image:type\" content=\"image\/png\" \/>\n<meta name=\"twitter:card\" content=\"summary_large_image\" \/>\n<meta name=\"twitter:site\" content=\"@AimControllerss\" \/>\n<script type=\"application\/ld+json\" class=\"yoast-schema-graph\">{\"@context\":\"https:\/\/schema.org\",\"@graph\":[{\"@type\":\"WebPage\",\"@id\":\"https:\/\/eu.aimcontrollers.com\/es\/producto\/ps5-navy-blue-snap-panel\/\",\"url\":\"https:\/\/eu.aimcontrollers.com\/es\/producto\/ps5-navy-blue-snap-panel\/\",\"name\":\"PS5 Navy Blue Snap Panel - Aimcontrollers\",\"isPartOf\":{\"@id\":\"https:\/\/eu.aimcontrollers.com\/es\/#website\"},\"primaryImageOfPage\":{\"@id\":\"https:\/\/eu.aimcontrollers.com\/es\/producto\/ps5-navy-blue-snap-panel\/#primaryimage\"},\"image\":{\"@id\":\"https:\/\/eu.aimcontrollers.com\/es\/producto\/ps5-navy-blue-snap-panel\/#primaryimage\"},\"thumbnailUrl\":\"https:\/\/eu.aimcontrollers.com\/wp-content\/uploads\/2023\/09\/navy_blue_1.png\",\"datePublished\":\"2023-09-22T13:27:51+00:00\",\"dateModified\":\"2023-11-28T17:12:59+00:00\",\"breadcrumb\":{\"@id\":\"https:\/\/eu.aimcontrollers.com\/es\/producto\/ps5-navy-blue-snap-panel\/#breadcrumb\"},\"inLanguage\":\"es\",\"potentialAction\":[{\"@type\":\"ReadAction\",\"target\":[\"https:\/\/eu.aimcontrollers.com\/es\/producto\/ps5-navy-blue-snap-panel\/\"]}]},{\"@type\":\"ImageObject\",\"inLanguage\":\"es\",\"@id\":\"https:\/\/eu.aimcontrollers.com\/es\/producto\/ps5-navy-blue-snap-panel\/#primaryimage\",\"url\":\"https:\/\/eu.aimcontrollers.com\/wp-content\/uploads\/2023\/09\/navy_blue_1.png\",\"contentUrl\":\"https:\/\/eu.aimcontrollers.com\/wp-content\/uploads\/2023\/09\/navy_blue_1.png\",\"width\":1000,\"height\":1000},{\"@type\":\"BreadcrumbList\",\"@id\":\"https:\/\/eu.aimcontrollers.com\/es\/producto\/ps5-navy-blue-snap-panel\/#breadcrumb\",\"itemListElement\":[{\"@type\":\"ListItem\",\"position\":1,\"name\":\"Home\",\"item\":\"https:\/\/eu.aimcontrollers.com\/es\/\"},{\"@type\":\"ListItem\",\"position\":2,\"name\":\"Shop\",\"item\":\"https:\/\/eu.aimcontrollers.com\/shop\/\"},{\"@type\":\"ListItem\",\"position\":3,\"name\":\"PS5 Navy Blue Snap Panel\"}]},{\"@type\":\"WebSite\",\"@id\":\"https:\/\/eu.aimcontrollers.com\/es\/#website\",\"url\":\"https:\/\/eu.aimcontrollers.com\/es\/\",\"name\":\"AimControllers - The most affordable competitive controllers for Xbox, PlayStation and PC\",\"description\":\"Una de las marcas m\u00e1s importantes que ofrece controladores originales y totalmente personalizables.\",\"publisher\":{\"@id\":\"https:\/\/eu.aimcontrollers.com\/es\/#organization\"},\"potentialAction\":[{\"@type\":\"SearchAction\",\"target\":{\"@type\":\"EntryPoint\",\"urlTemplate\":\"https:\/\/eu.aimcontrollers.com\/es\/?s={search_term_string}\"},\"query-input\":{\"@type\":\"PropertyValueSpecification\",\"valueRequired\":true,\"valueName\":\"search_term_string\"}}],\"inLanguage\":\"es\"},{\"@type\":\"Organization\",\"@id\":\"https:\/\/eu.aimcontrollers.com\/es\/#organization\",\"name\":\"Aimcontrollers\",\"url\":\"https:\/\/eu.aimcontrollers.com\/es\/\",\"logo\":{\"@type\":\"ImageObject\",\"inLanguage\":\"es\",\"@id\":\"https:\/\/eu.aimcontrollers.com\/es\/#\/schema\/logo\/image\/\",\"url\":\"\",\"contentUrl\":\"\",\"caption\":\"Aimcontrollers\"},\"image\":{\"@id\":\"https:\/\/eu.aimcontrollers.com\/es\/#\/schema\/logo\/image\/\"},\"sameAs\":[\"http:\/\/www.facebook.com\/aimcontrollers\",\"https:\/\/x.com\/AimControllerss\",\"https:\/\/instagram.com\/aimcontrollers\/\",\"https:\/\/www.youtube.com\/user\/aimcontrollerspl\/videos\"]}]}<\/script>\n<!-- \/ Yoast SEO Premium plugin. -->","yoast_head_json":{"title":"PS5 Navy Blue Snap Panel - Aimcontrollers","robots":{"index":"index","follow":"follow","max-snippet":"max-snippet:-1","max-image-preview":"max-image-preview:large","max-video-preview":"max-video-preview:-1"},"canonical":"https:\/\/eu.aimcontrollers.com\/es\/producto\/ps5-navy-blue-snap-panel\/","og_locale":"es_ES","og_type":"article","og_title":"PS5 Navy Blue Snap Panel","og_description":"Experimenta una elegante actualizaci\u00f3n est\u00e9tica con nuestro Snap Panel en Azul Marino para los controladores PS5. Esta carcasa intercambiable cuenta con un conector magn\u00e9tico para una personalizaci\u00f3n sin esfuerzo, mejorando tu estilo y comodidad de juego. El dise\u00f1o en Azul Marino transmite una elegancia audaz pero sutil, perfecta para los jugadores que aprecian tanto el estilo como la funcionalidad.","og_url":"https:\/\/eu.aimcontrollers.com\/es\/producto\/ps5-navy-blue-snap-panel\/","og_site_name":"Aimcontrollers","article_publisher":"http:\/\/www.facebook.com\/aimcontrollers","article_modified_time":"2023-11-28T17:12:59+00:00","og_image":[{"width":1000,"height":1000,"url":"https:\/\/eu.aimcontrollers.com\/wp-content\/uploads\/2023\/09\/navy_blue_1.png","type":"image\/png"}],"twitter_card":"summary_large_image","twitter_site":"@AimControllerss","schema":{"@context":"https:\/\/schema.org","@graph":[{"@type":"WebPage","@id":"https:\/\/eu.aimcontrollers.com\/es\/producto\/ps5-navy-blue-snap-panel\/","url":"https:\/\/eu.aimcontrollers.com\/es\/producto\/ps5-navy-blue-snap-panel\/","name":"PS5 Navy Blue Snap Panel - Aimcontrollers","isPartOf":{"@id":"https:\/\/eu.aimcontrollers.com\/es\/#website"},"primaryImageOfPage":{"@id":"https:\/\/eu.aimcontrollers.com\/es\/producto\/ps5-navy-blue-snap-panel\/#primaryimage"},"image":{"@id":"https:\/\/eu.aimcontrollers.com\/es\/producto\/ps5-navy-blue-snap-panel\/#primaryimage"},"thumbnailUrl":"https:\/\/eu.aimcontrollers.com\/wp-content\/uploads\/2023\/09\/navy_blue_1.png","datePublished":"2023-09-22T13:27:51+00:00","dateModified":"2023-11-28T17:12:59+00:00","breadcrumb":{"@id":"https:\/\/eu.aimcontrollers.com\/es\/producto\/ps5-navy-blue-snap-panel\/#breadcrumb"},"inLanguage":"es","potentialAction":[{"@type":"ReadAction","target":["https:\/\/eu.aimcontrollers.com\/es\/producto\/ps5-navy-blue-snap-panel\/"]}]},{"@type":"ImageObject","inLanguage":"es","@id":"https:\/\/eu.aimcontrollers.com\/es\/producto\/ps5-navy-blue-snap-panel\/#primaryimage","url":"https:\/\/eu.aimcontrollers.com\/wp-content\/uploads\/2023\/09\/navy_blue_1.png","contentUrl":"https:\/\/eu.aimcontrollers.com\/wp-content\/uploads\/2023\/09\/navy_blue_1.png","width":1000,"height":1000},{"@type":"BreadcrumbList","@id":"https:\/\/eu.aimcontrollers.com\/es\/producto\/ps5-navy-blue-snap-panel\/#breadcrumb","itemListElement":[{"@type":"ListItem","position":1,"name":"Home","item":"https:\/\/eu.aimcontrollers.com\/es\/"},{"@type":"ListItem","position":2,"name":"Shop","item":"https:\/\/eu.aimcontrollers.com\/shop\/"},{"@type":"ListItem","position":3,"name":"PS5 Navy Blue Snap Panel"}]},{"@type":"WebSite","@id":"https:\/\/eu.aimcontrollers.com\/es\/#website","url":"https:\/\/eu.aimcontrollers.com\/es\/","name":"AimControllers - The most affordable competitive controllers for Xbox, PlayStation and PC","description":"Una de las marcas m\u00e1s importantes que ofrece controladores originales y totalmente personalizables.","publisher":{"@id":"https:\/\/eu.aimcontrollers.com\/es\/#organization"},"potentialAction":[{"@type":"SearchAction","target":{"@type":"EntryPoint","urlTemplate":"https:\/\/eu.aimcontrollers.com\/es\/?s={search_term_string}"},"query-input":{"@type":"PropertyValueSpecification","valueRequired":true,"valueName":"search_term_string"}}],"inLanguage":"es"},{"@type":"Organization","@id":"https:\/\/eu.aimcontrollers.com\/es\/#organization","name":"Aimcontrollers","url":"https:\/\/eu.aimcontrollers.com\/es\/","logo":{"@type":"ImageObject","inLanguage":"es","@id":"https:\/\/eu.aimcontrollers.com\/es\/#\/schema\/logo\/image\/","url":"","contentUrl":"","caption":"Aimcontrollers"},"image":{"@id":"https:\/\/eu.aimcontrollers.com\/es\/#\/schema\/logo\/image\/"},"sameAs":["http:\/\/www.facebook.com\/aimcontrollers","https:\/\/x.com\/AimControllerss","https:\/\/instagram.com\/aimcontrollers\/","https:\/\/www.youtube.com\/user\/aimcontrollerspl\/videos"]}]}},"_links":{"self":[{"href":"https:\/\/eu.aimcontrollers.com\/es\/wp-json\/wp\/v2\/product\/1314978","targetHints":{"allow":["GET"]}}],"collection":[{"href":"https:\/\/eu.aimcontrollers.com\/es\/wp-json\/wp\/v2\/product"}],"about":[{"href":"https:\/\/eu.aimcontrollers.com\/es\/wp-json\/wp\/v2\/types\/product"}],"wp:featuredmedia":[{"embeddable":true,"href":"https:\/\/eu.aimcontrollers.com\/es\/wp-json\/wp\/v2\/media\/1314594"}],"wp:attachment":[{"href":"https:\/\/eu.aimcontrollers.com\/es\/wp-json\/wp\/v2\/media?parent=1314978"}],"wp:term":[{"taxonomy":"product_brand","embeddable":true,"href":"https:\/\/eu.aimcontrollers.com\/es\/wp-json\/wp\/v2\/product_brand?post=1314978"},{"taxonomy":"product_cat","embeddable":true,"href":"https:\/\/eu.aimcontrollers.com\/es\/wp-json\/wp\/v2\/product_cat?post=1314978"},{"taxonomy":"product_tag","embeddable":true,"href":"https:\/\/eu.aimcontrollers.com\/es\/wp-json\/wp\/v2\/product_tag?post=1314978"},{"taxonomy":"misspellings","embeddable":true,"href":"https:\/\/eu.aimcontrollers.com\/es\/wp-json\/wp\/v2\/misspellings?post=1314978"}],"curies":[{"name":"wp","href":"https:\/\/api.w.org\/{rel}","templated":true}]}}