{"id":1366766,"date":"2024-10-17T11:44:08","date_gmt":"2024-10-17T09:44:08","guid":{"rendered":"https:\/\/eu.aimcontrollers.com\/product\/mando-ps5-bo6\/"},"modified":"2026-02-25T14:18:08","modified_gmt":"2026-02-25T13:18:08","slug":"mando-ps5-bo6-ps5-controller-aimcontrollers","status":"publish","type":"product","link":"https:\/\/eu.aimcontrollers.com\/es\/producto\/mando-ps5-bo6-ps5-controller-aimcontrollers\/","title":{"rendered":"Mando PS5 BO6 &#8211; PS5 Controller &#8211; AimControllers"},"content":{"rendered":"","protected":false},"excerpt":{"rendered":"<p>El nuevo dise\u00f1o de AimController presenta una atrevida combinaci\u00f3n de colores en negro y naranja, con gr\u00e1ficos futuristas elegantes que evocan elementos t\u00e1cticos. Este audaz dise\u00f1o inspirado en escenarios de combate no solo se ve poderoso, sino que tambi\u00e9n mejora el impacto visual del controlador, haci\u00e9ndolo perfecto para experiencias de juego competitivas e inmersivas.<\/p>\n","protected":false},"featured_media":1366745,"template":"","meta":{"_acf_changed":false,"inline_featured_image":false},"product_brand":[],"product_cat":[5117],"product_tag":[4948,5348,5097],"misspellings":[],"class_list":{"0":"post-1366766","1":"product","2":"type-product","3":"status-publish","4":"has-post-thumbnail","6":"product_cat-ps5-controllers-v2-es","7":"product_tag-ps5-controller-es","8":"product_tag-ps5linea-metalica-es","9":"product_tag-ps5prodesign-es","11":"first","12":"instock","13":"taxable","14":"shipping-taxable","15":"purchasable","16":"product-type-variable","17":"has-default-attributes"},"acf":[],"yoast_head":"<!-- This site is optimized with the Yoast SEO Premium plugin v22.4 (Yoast SEO v27.2) - https:\/\/yoast.com\/product\/yoast-seo-premium-wordpress\/ -->\n<title>Mando PS5 BO6 - PS5 Controller - AimControllers - Aimcontrollers<\/title>\n<meta name=\"robots\" content=\"index, follow, max-snippet:-1, max-image-preview:large, max-video-preview:-1\" \/>\n<link rel=\"canonical\" href=\"https:\/\/eu.aimcontrollers.com\/es\/producto\/mando-ps5-bo6-ps5-controller-aimcontrollers\/\" \/>\n<meta property=\"og:locale\" content=\"es_ES\" \/>\n<meta property=\"og:type\" content=\"article\" \/>\n<meta property=\"og:title\" content=\"Mando PS5 BO6 - PS5 Controller - AimControllers\" \/>\n<meta property=\"og:description\" content=\"El nuevo dise\u00f1o de AimController presenta una atrevida combinaci\u00f3n de colores en negro y naranja, con gr\u00e1ficos futuristas elegantes que evocan elementos t\u00e1cticos. Este audaz dise\u00f1o inspirado en escenarios de combate no solo se ve poderoso, sino que tambi\u00e9n mejora el impacto visual del controlador, haci\u00e9ndolo perfecto para experiencias de juego competitivas e inmersivas.\" \/>\n<meta property=\"og:url\" content=\"https:\/\/eu.aimcontrollers.com\/es\/producto\/mando-ps5-bo6-ps5-controller-aimcontrollers\/\" \/>\n<meta property=\"og:site_name\" content=\"Aimcontrollers\" \/>\n<meta property=\"article:publisher\" content=\"http:\/\/www.facebook.com\/aimcontrollers\" \/>\n<meta property=\"article:modified_time\" content=\"2026-02-25T13:18:08+00:00\" \/>\n<meta property=\"og:image\" content=\"https:\/\/eu.aimcontrollers.com\/wp-content\/uploads\/2024\/10\/PRO_4_BO6_.png\" \/>\n\t<meta property=\"og:image:width\" content=\"1000\" \/>\n\t<meta property=\"og:image:height\" content=\"1000\" \/>\n\t<meta property=\"og:image:type\" content=\"image\/png\" \/>\n<meta name=\"twitter:card\" content=\"summary_large_image\" \/>\n<meta name=\"twitter:site\" content=\"@AimControllerss\" \/>\n<meta name=\"twitter:label1\" content=\"Tiempo de lectura\" \/>\n\t<meta name=\"twitter:data1\" content=\"1 minuto\" \/>\n<script type=\"application\/ld+json\" class=\"yoast-schema-graph\">{\"@context\":\"https:\/\/schema.org\",\"@graph\":[{\"@type\":\"WebPage\",\"@id\":\"https:\/\/eu.aimcontrollers.com\/es\/producto\/mando-ps5-bo6-ps5-controller-aimcontrollers\/\",\"url\":\"https:\/\/eu.aimcontrollers.com\/es\/producto\/mando-ps5-bo6-ps5-controller-aimcontrollers\/\",\"name\":\"Mando PS5 BO6 - PS5 Controller - AimControllers - Aimcontrollers\",\"isPartOf\":{\"@id\":\"https:\/\/eu.aimcontrollers.com\/es\/#website\"},\"primaryImageOfPage\":{\"@id\":\"https:\/\/eu.aimcontrollers.com\/es\/producto\/mando-ps5-bo6-ps5-controller-aimcontrollers\/#primaryimage\"},\"image\":{\"@id\":\"https:\/\/eu.aimcontrollers.com\/es\/producto\/mando-ps5-bo6-ps5-controller-aimcontrollers\/#primaryimage\"},\"thumbnailUrl\":\"https:\/\/eu.aimcontrollers.com\/wp-content\/uploads\/2024\/10\/PRO_4_BO6_.png\",\"datePublished\":\"2024-10-17T09:44:08+00:00\",\"dateModified\":\"2026-02-25T13:18:08+00:00\",\"breadcrumb\":{\"@id\":\"https:\/\/eu.aimcontrollers.com\/es\/producto\/mando-ps5-bo6-ps5-controller-aimcontrollers\/#breadcrumb\"},\"inLanguage\":\"es\",\"potentialAction\":[{\"@type\":\"ReadAction\",\"target\":[\"https:\/\/eu.aimcontrollers.com\/es\/producto\/mando-ps5-bo6-ps5-controller-aimcontrollers\/\"]}]},{\"@type\":\"ImageObject\",\"inLanguage\":\"es\",\"@id\":\"https:\/\/eu.aimcontrollers.com\/es\/producto\/mando-ps5-bo6-ps5-controller-aimcontrollers\/#primaryimage\",\"url\":\"https:\/\/eu.aimcontrollers.com\/wp-content\/uploads\/2024\/10\/PRO_4_BO6_.png\",\"contentUrl\":\"https:\/\/eu.aimcontrollers.com\/wp-content\/uploads\/2024\/10\/PRO_4_BO6_.png\",\"width\":1000,\"height\":1000},{\"@type\":\"BreadcrumbList\",\"@id\":\"https:\/\/eu.aimcontrollers.com\/es\/producto\/mando-ps5-bo6-ps5-controller-aimcontrollers\/#breadcrumb\",\"itemListElement\":[{\"@type\":\"ListItem\",\"position\":1,\"name\":\"Home\",\"item\":\"https:\/\/eu.aimcontrollers.com\/es\/\"},{\"@type\":\"ListItem\",\"position\":2,\"name\":\"Shop\",\"item\":\"https:\/\/eu.aimcontrollers.com\/shop\/\"},{\"@type\":\"ListItem\",\"position\":3,\"name\":\"Mando PS5 BO6 &#8211; PS5 Controller &#8211; AimControllers\"}]},{\"@type\":\"WebSite\",\"@id\":\"https:\/\/eu.aimcontrollers.com\/es\/#website\",\"url\":\"https:\/\/eu.aimcontrollers.com\/es\/\",\"name\":\"AimControllers - The most affordable competitive controllers for Xbox, PlayStation and PC\",\"description\":\"Una de las marcas m\u00e1s importantes que ofrece controladores originales y totalmente personalizables.\",\"publisher\":{\"@id\":\"https:\/\/eu.aimcontrollers.com\/es\/#organization\"},\"potentialAction\":[{\"@type\":\"SearchAction\",\"target\":{\"@type\":\"EntryPoint\",\"urlTemplate\":\"https:\/\/eu.aimcontrollers.com\/es\/?s={search_term_string}\"},\"query-input\":{\"@type\":\"PropertyValueSpecification\",\"valueRequired\":true,\"valueName\":\"search_term_string\"}}],\"inLanguage\":\"es\"},{\"@type\":\"Organization\",\"@id\":\"https:\/\/eu.aimcontrollers.com\/es\/#organization\",\"name\":\"Aimcontrollers\",\"url\":\"https:\/\/eu.aimcontrollers.com\/es\/\",\"logo\":{\"@type\":\"ImageObject\",\"inLanguage\":\"es\",\"@id\":\"https:\/\/eu.aimcontrollers.com\/es\/#\/schema\/logo\/image\/\",\"url\":\"\",\"contentUrl\":\"\",\"caption\":\"Aimcontrollers\"},\"image\":{\"@id\":\"https:\/\/eu.aimcontrollers.com\/es\/#\/schema\/logo\/image\/\"},\"sameAs\":[\"http:\/\/www.facebook.com\/aimcontrollers\",\"https:\/\/x.com\/AimControllerss\",\"https:\/\/instagram.com\/aimcontrollers\/\",\"https:\/\/www.youtube.com\/user\/aimcontrollerspl\/videos\"]}]}<\/script>\n<!-- \/ Yoast SEO Premium plugin. -->","yoast_head_json":{"title":"Mando PS5 BO6 - PS5 Controller - AimControllers - Aimcontrollers","robots":{"index":"index","follow":"follow","max-snippet":"max-snippet:-1","max-image-preview":"max-image-preview:large","max-video-preview":"max-video-preview:-1"},"canonical":"https:\/\/eu.aimcontrollers.com\/es\/producto\/mando-ps5-bo6-ps5-controller-aimcontrollers\/","og_locale":"es_ES","og_type":"article","og_title":"Mando PS5 BO6 - PS5 Controller - AimControllers","og_description":"El nuevo dise\u00f1o de AimController presenta una atrevida combinaci\u00f3n de colores en negro y naranja, con gr\u00e1ficos futuristas elegantes que evocan elementos t\u00e1cticos. Este audaz dise\u00f1o inspirado en escenarios de combate no solo se ve poderoso, sino que tambi\u00e9n mejora el impacto visual del controlador, haci\u00e9ndolo perfecto para experiencias de juego competitivas e inmersivas.","og_url":"https:\/\/eu.aimcontrollers.com\/es\/producto\/mando-ps5-bo6-ps5-controller-aimcontrollers\/","og_site_name":"Aimcontrollers","article_publisher":"http:\/\/www.facebook.com\/aimcontrollers","article_modified_time":"2026-02-25T13:18:08+00:00","og_image":[{"width":1000,"height":1000,"url":"https:\/\/eu.aimcontrollers.com\/wp-content\/uploads\/2024\/10\/PRO_4_BO6_.png","type":"image\/png"}],"twitter_card":"summary_large_image","twitter_site":"@AimControllerss","twitter_misc":{"Tiempo de lectura":"1 minuto"},"schema":{"@context":"https:\/\/schema.org","@graph":[{"@type":"WebPage","@id":"https:\/\/eu.aimcontrollers.com\/es\/producto\/mando-ps5-bo6-ps5-controller-aimcontrollers\/","url":"https:\/\/eu.aimcontrollers.com\/es\/producto\/mando-ps5-bo6-ps5-controller-aimcontrollers\/","name":"Mando PS5 BO6 - PS5 Controller - AimControllers - Aimcontrollers","isPartOf":{"@id":"https:\/\/eu.aimcontrollers.com\/es\/#website"},"primaryImageOfPage":{"@id":"https:\/\/eu.aimcontrollers.com\/es\/producto\/mando-ps5-bo6-ps5-controller-aimcontrollers\/#primaryimage"},"image":{"@id":"https:\/\/eu.aimcontrollers.com\/es\/producto\/mando-ps5-bo6-ps5-controller-aimcontrollers\/#primaryimage"},"thumbnailUrl":"https:\/\/eu.aimcontrollers.com\/wp-content\/uploads\/2024\/10\/PRO_4_BO6_.png","datePublished":"2024-10-17T09:44:08+00:00","dateModified":"2026-02-25T13:18:08+00:00","breadcrumb":{"@id":"https:\/\/eu.aimcontrollers.com\/es\/producto\/mando-ps5-bo6-ps5-controller-aimcontrollers\/#breadcrumb"},"inLanguage":"es","potentialAction":[{"@type":"ReadAction","target":["https:\/\/eu.aimcontrollers.com\/es\/producto\/mando-ps5-bo6-ps5-controller-aimcontrollers\/"]}]},{"@type":"ImageObject","inLanguage":"es","@id":"https:\/\/eu.aimcontrollers.com\/es\/producto\/mando-ps5-bo6-ps5-controller-aimcontrollers\/#primaryimage","url":"https:\/\/eu.aimcontrollers.com\/wp-content\/uploads\/2024\/10\/PRO_4_BO6_.png","contentUrl":"https:\/\/eu.aimcontrollers.com\/wp-content\/uploads\/2024\/10\/PRO_4_BO6_.png","width":1000,"height":1000},{"@type":"BreadcrumbList","@id":"https:\/\/eu.aimcontrollers.com\/es\/producto\/mando-ps5-bo6-ps5-controller-aimcontrollers\/#breadcrumb","itemListElement":[{"@type":"ListItem","position":1,"name":"Home","item":"https:\/\/eu.aimcontrollers.com\/es\/"},{"@type":"ListItem","position":2,"name":"Shop","item":"https:\/\/eu.aimcontrollers.com\/shop\/"},{"@type":"ListItem","position":3,"name":"Mando PS5 BO6 &#8211; PS5 Controller &#8211; AimControllers"}]},{"@type":"WebSite","@id":"https:\/\/eu.aimcontrollers.com\/es\/#website","url":"https:\/\/eu.aimcontrollers.com\/es\/","name":"AimControllers - The most affordable competitive controllers for Xbox, PlayStation and PC","description":"Una de las marcas m\u00e1s importantes que ofrece controladores originales y totalmente personalizables.","publisher":{"@id":"https:\/\/eu.aimcontrollers.com\/es\/#organization"},"potentialAction":[{"@type":"SearchAction","target":{"@type":"EntryPoint","urlTemplate":"https:\/\/eu.aimcontrollers.com\/es\/?s={search_term_string}"},"query-input":{"@type":"PropertyValueSpecification","valueRequired":true,"valueName":"search_term_string"}}],"inLanguage":"es"},{"@type":"Organization","@id":"https:\/\/eu.aimcontrollers.com\/es\/#organization","name":"Aimcontrollers","url":"https:\/\/eu.aimcontrollers.com\/es\/","logo":{"@type":"ImageObject","inLanguage":"es","@id":"https:\/\/eu.aimcontrollers.com\/es\/#\/schema\/logo\/image\/","url":"","contentUrl":"","caption":"Aimcontrollers"},"image":{"@id":"https:\/\/eu.aimcontrollers.com\/es\/#\/schema\/logo\/image\/"},"sameAs":["http:\/\/www.facebook.com\/aimcontrollers","https:\/\/x.com\/AimControllerss","https:\/\/instagram.com\/aimcontrollers\/","https:\/\/www.youtube.com\/user\/aimcontrollerspl\/videos"]}]}},"_links":{"self":[{"href":"https:\/\/eu.aimcontrollers.com\/es\/wp-json\/wp\/v2\/product\/1366766","targetHints":{"allow":["GET"]}}],"collection":[{"href":"https:\/\/eu.aimcontrollers.com\/es\/wp-json\/wp\/v2\/product"}],"about":[{"href":"https:\/\/eu.aimcontrollers.com\/es\/wp-json\/wp\/v2\/types\/product"}],"wp:featuredmedia":[{"embeddable":true,"href":"https:\/\/eu.aimcontrollers.com\/es\/wp-json\/wp\/v2\/media\/1366745"}],"wp:attachment":[{"href":"https:\/\/eu.aimcontrollers.com\/es\/wp-json\/wp\/v2\/media?parent=1366766"}],"wp:term":[{"taxonomy":"product_brand","embeddable":true,"href":"https:\/\/eu.aimcontrollers.com\/es\/wp-json\/wp\/v2\/product_brand?post=1366766"},{"taxonomy":"product_cat","embeddable":true,"href":"https:\/\/eu.aimcontrollers.com\/es\/wp-json\/wp\/v2\/product_cat?post=1366766"},{"taxonomy":"product_tag","embeddable":true,"href":"https:\/\/eu.aimcontrollers.com\/es\/wp-json\/wp\/v2\/product_tag?post=1366766"},{"taxonomy":"misspellings","embeddable":true,"href":"https:\/\/eu.aimcontrollers.com\/es\/wp-json\/wp\/v2\/misspellings?post=1366766"}],"curies":[{"name":"wp","href":"https:\/\/api.w.org\/{rel}","templated":true}]}}