{"id":1381351,"date":"2025-02-13T17:29:14","date_gmt":"2025-02-13T16:29:14","guid":{"rendered":"https:\/\/eu.aimcontrollers.com\/product\/base-de-carga-aimcontrollers-ps5\/"},"modified":"2025-12-19T12:49:14","modified_gmt":"2025-12-19T11:49:14","slug":"base-de-carga-aimcontrollers-ps5","status":"publish","type":"product","link":"https:\/\/eu.aimcontrollers.com\/es\/producto\/base-de-carga-aimcontrollers-ps5\/","title":{"rendered":"Base de carga AimControllers"},"content":{"rendered":"","protected":false},"excerpt":{"rendered":"<p>Sigue jugando con la base de carga AimControllers para. Esta base elegante y duradera permite cargar dos mandos simult\u00e1neamente para que siempre est\u00e9n listos para la acci\u00f3n. Dise\u00f1ado para un ajuste perfecto, incluso con mandos modificados, es la soluci\u00f3n de carga definitiva para todos los jugadores.<\/p>\n","protected":false},"featured_media":1425042,"template":"","meta":{"_acf_changed":false,"inline_featured_image":false},"product_brand":[],"product_cat":[1183],"product_tag":[],"misspellings":[],"class_list":{"0":"post-1381351","1":"product","2":"type-product","3":"status-publish","4":"has-post-thumbnail","6":"product_cat-accesorios","8":"first","9":"instock","10":"taxable","11":"shipping-taxable","12":"purchasable","13":"product-type-simple"},"acf":[],"yoast_head":"<!-- This site is optimized with the Yoast SEO Premium plugin v22.4 (Yoast SEO v27.4) - https:\/\/yoast.com\/product\/yoast-seo-premium-wordpress\/ -->\n<title>Base de carga AimControllers - Aimcontrollers<\/title>\n<meta name=\"robots\" content=\"index, follow, max-snippet:-1, max-image-preview:large, max-video-preview:-1\" \/>\n<link rel=\"canonical\" href=\"https:\/\/eu.aimcontrollers.com\/es\/producto\/base-de-carga-aimcontrollers-ps5\/\" \/>\n<meta property=\"og:locale\" content=\"es_ES\" \/>\n<meta property=\"og:type\" content=\"article\" \/>\n<meta property=\"og:title\" content=\"Base de carga AimControllers\" \/>\n<meta property=\"og:description\" content=\"Sigue jugando con la base de carga AimControllers para. Esta base elegante y duradera permite cargar dos mandos simult\u00e1neamente para que siempre est\u00e9n listos para la acci\u00f3n. Dise\u00f1ado para un ajuste perfecto, incluso con mandos modificados, es la soluci\u00f3n de carga definitiva para todos los jugadores.\" \/>\n<meta property=\"og:url\" content=\"https:\/\/eu.aimcontrollers.com\/es\/producto\/base-de-carga-aimcontrollers-ps5\/\" \/>\n<meta property=\"og:site_name\" content=\"Aimcontrollers\" \/>\n<meta property=\"article:publisher\" content=\"http:\/\/www.facebook.com\/aimcontrollers\" \/>\n<meta property=\"article:modified_time\" content=\"2025-12-19T11:49:14+00:00\" \/>\n<meta property=\"og:image\" content=\"https:\/\/eu.aimcontrollers.com\/wp-content\/uploads\/2025\/02\/produktowe.jpg\" \/>\n\t<meta property=\"og:image:width\" content=\"1000\" \/>\n\t<meta property=\"og:image:height\" content=\"1000\" \/>\n\t<meta property=\"og:image:type\" content=\"image\/jpeg\" \/>\n<meta name=\"twitter:card\" content=\"summary_large_image\" \/>\n<meta name=\"twitter:site\" content=\"@AimControllerss\" \/>\n<script type=\"application\/ld+json\" class=\"yoast-schema-graph\">{\"@context\":\"https:\\\/\\\/schema.org\",\"@graph\":[{\"@type\":\"WebPage\",\"@id\":\"https:\\\/\\\/eu.aimcontrollers.com\\\/es\\\/producto\\\/base-de-carga-aimcontrollers-ps5\\\/\",\"url\":\"https:\\\/\\\/eu.aimcontrollers.com\\\/es\\\/producto\\\/base-de-carga-aimcontrollers-ps5\\\/\",\"name\":\"Base de carga AimControllers - Aimcontrollers\",\"isPartOf\":{\"@id\":\"https:\\\/\\\/eu.aimcontrollers.com\\\/es\\\/#website\"},\"primaryImageOfPage\":{\"@id\":\"https:\\\/\\\/eu.aimcontrollers.com\\\/es\\\/producto\\\/base-de-carga-aimcontrollers-ps5\\\/#primaryimage\"},\"image\":{\"@id\":\"https:\\\/\\\/eu.aimcontrollers.com\\\/es\\\/producto\\\/base-de-carga-aimcontrollers-ps5\\\/#primaryimage\"},\"thumbnailUrl\":\"https:\\\/\\\/eu.aimcontrollers.com\\\/wp-content\\\/uploads\\\/2025\\\/02\\\/produktowe.jpg\",\"datePublished\":\"2025-02-13T16:29:14+00:00\",\"dateModified\":\"2025-12-19T11:49:14+00:00\",\"breadcrumb\":{\"@id\":\"https:\\\/\\\/eu.aimcontrollers.com\\\/es\\\/producto\\\/base-de-carga-aimcontrollers-ps5\\\/#breadcrumb\"},\"inLanguage\":\"es\",\"potentialAction\":[{\"@type\":\"ReadAction\",\"target\":[\"https:\\\/\\\/eu.aimcontrollers.com\\\/es\\\/producto\\\/base-de-carga-aimcontrollers-ps5\\\/\"]}]},{\"@type\":\"ImageObject\",\"inLanguage\":\"es\",\"@id\":\"https:\\\/\\\/eu.aimcontrollers.com\\\/es\\\/producto\\\/base-de-carga-aimcontrollers-ps5\\\/#primaryimage\",\"url\":\"https:\\\/\\\/eu.aimcontrollers.com\\\/wp-content\\\/uploads\\\/2025\\\/02\\\/produktowe.jpg\",\"contentUrl\":\"https:\\\/\\\/eu.aimcontrollers.com\\\/wp-content\\\/uploads\\\/2025\\\/02\\\/produktowe.jpg\",\"width\":1000,\"height\":1000},{\"@type\":\"BreadcrumbList\",\"@id\":\"https:\\\/\\\/eu.aimcontrollers.com\\\/es\\\/producto\\\/base-de-carga-aimcontrollers-ps5\\\/#breadcrumb\",\"itemListElement\":[{\"@type\":\"ListItem\",\"position\":1,\"name\":\"Home\",\"item\":\"https:\\\/\\\/eu.aimcontrollers.com\\\/es\\\/\"},{\"@type\":\"ListItem\",\"position\":2,\"name\":\"Shop\",\"item\":\"https:\\\/\\\/eu.aimcontrollers.com\\\/shop\\\/\"},{\"@type\":\"ListItem\",\"position\":3,\"name\":\"Base de carga AimControllers\"}]},{\"@type\":\"WebSite\",\"@id\":\"https:\\\/\\\/eu.aimcontrollers.com\\\/es\\\/#website\",\"url\":\"https:\\\/\\\/eu.aimcontrollers.com\\\/es\\\/\",\"name\":\"AimControllers - The most affordable competitive controllers for Xbox, PlayStation and PC\",\"description\":\"Una de las marcas m\u00e1s importantes que ofrece controladores originales y totalmente personalizables.\",\"publisher\":{\"@id\":\"https:\\\/\\\/eu.aimcontrollers.com\\\/es\\\/#organization\"},\"potentialAction\":[{\"@type\":\"SearchAction\",\"target\":{\"@type\":\"EntryPoint\",\"urlTemplate\":\"https:\\\/\\\/eu.aimcontrollers.com\\\/es\\\/?s={search_term_string}\"},\"query-input\":{\"@type\":\"PropertyValueSpecification\",\"valueRequired\":true,\"valueName\":\"search_term_string\"}}],\"inLanguage\":\"es\"},{\"@type\":\"Organization\",\"@id\":\"https:\\\/\\\/eu.aimcontrollers.com\\\/es\\\/#organization\",\"name\":\"Aimcontrollers\",\"url\":\"https:\\\/\\\/eu.aimcontrollers.com\\\/es\\\/\",\"logo\":{\"@type\":\"ImageObject\",\"inLanguage\":\"es\",\"@id\":\"https:\\\/\\\/eu.aimcontrollers.com\\\/es\\\/#\\\/schema\\\/logo\\\/image\\\/\",\"url\":\"\",\"contentUrl\":\"\",\"caption\":\"Aimcontrollers\"},\"image\":{\"@id\":\"https:\\\/\\\/eu.aimcontrollers.com\\\/es\\\/#\\\/schema\\\/logo\\\/image\\\/\"},\"sameAs\":[\"http:\\\/\\\/www.facebook.com\\\/aimcontrollers\",\"https:\\\/\\\/x.com\\\/AimControllerss\",\"https:\\\/\\\/instagram.com\\\/aimcontrollers\\\/\",\"https:\\\/\\\/www.youtube.com\\\/user\\\/aimcontrollerspl\\\/videos\"]}]}<\/script>\n<!-- \/ Yoast SEO Premium plugin. -->","yoast_head_json":{"title":"Base de carga AimControllers - Aimcontrollers","robots":{"index":"index","follow":"follow","max-snippet":"max-snippet:-1","max-image-preview":"max-image-preview:large","max-video-preview":"max-video-preview:-1"},"canonical":"https:\/\/eu.aimcontrollers.com\/es\/producto\/base-de-carga-aimcontrollers-ps5\/","og_locale":"es_ES","og_type":"article","og_title":"Base de carga AimControllers","og_description":"Sigue jugando con la base de carga AimControllers para. Esta base elegante y duradera permite cargar dos mandos simult\u00e1neamente para que siempre est\u00e9n listos para la acci\u00f3n. Dise\u00f1ado para un ajuste perfecto, incluso con mandos modificados, es la soluci\u00f3n de carga definitiva para todos los jugadores.","og_url":"https:\/\/eu.aimcontrollers.com\/es\/producto\/base-de-carga-aimcontrollers-ps5\/","og_site_name":"Aimcontrollers","article_publisher":"http:\/\/www.facebook.com\/aimcontrollers","article_modified_time":"2025-12-19T11:49:14+00:00","og_image":[{"width":1000,"height":1000,"url":"https:\/\/eu.aimcontrollers.com\/wp-content\/uploads\/2025\/02\/produktowe.jpg","type":"image\/jpeg"}],"twitter_card":"summary_large_image","twitter_site":"@AimControllerss","schema":{"@context":"https:\/\/schema.org","@graph":[{"@type":"WebPage","@id":"https:\/\/eu.aimcontrollers.com\/es\/producto\/base-de-carga-aimcontrollers-ps5\/","url":"https:\/\/eu.aimcontrollers.com\/es\/producto\/base-de-carga-aimcontrollers-ps5\/","name":"Base de carga AimControllers - Aimcontrollers","isPartOf":{"@id":"https:\/\/eu.aimcontrollers.com\/es\/#website"},"primaryImageOfPage":{"@id":"https:\/\/eu.aimcontrollers.com\/es\/producto\/base-de-carga-aimcontrollers-ps5\/#primaryimage"},"image":{"@id":"https:\/\/eu.aimcontrollers.com\/es\/producto\/base-de-carga-aimcontrollers-ps5\/#primaryimage"},"thumbnailUrl":"https:\/\/eu.aimcontrollers.com\/wp-content\/uploads\/2025\/02\/produktowe.jpg","datePublished":"2025-02-13T16:29:14+00:00","dateModified":"2025-12-19T11:49:14+00:00","breadcrumb":{"@id":"https:\/\/eu.aimcontrollers.com\/es\/producto\/base-de-carga-aimcontrollers-ps5\/#breadcrumb"},"inLanguage":"es","potentialAction":[{"@type":"ReadAction","target":["https:\/\/eu.aimcontrollers.com\/es\/producto\/base-de-carga-aimcontrollers-ps5\/"]}]},{"@type":"ImageObject","inLanguage":"es","@id":"https:\/\/eu.aimcontrollers.com\/es\/producto\/base-de-carga-aimcontrollers-ps5\/#primaryimage","url":"https:\/\/eu.aimcontrollers.com\/wp-content\/uploads\/2025\/02\/produktowe.jpg","contentUrl":"https:\/\/eu.aimcontrollers.com\/wp-content\/uploads\/2025\/02\/produktowe.jpg","width":1000,"height":1000},{"@type":"BreadcrumbList","@id":"https:\/\/eu.aimcontrollers.com\/es\/producto\/base-de-carga-aimcontrollers-ps5\/#breadcrumb","itemListElement":[{"@type":"ListItem","position":1,"name":"Home","item":"https:\/\/eu.aimcontrollers.com\/es\/"},{"@type":"ListItem","position":2,"name":"Shop","item":"https:\/\/eu.aimcontrollers.com\/shop\/"},{"@type":"ListItem","position":3,"name":"Base de carga AimControllers"}]},{"@type":"WebSite","@id":"https:\/\/eu.aimcontrollers.com\/es\/#website","url":"https:\/\/eu.aimcontrollers.com\/es\/","name":"AimControllers - The most affordable competitive controllers for Xbox, PlayStation and PC","description":"Una de las marcas m\u00e1s importantes que ofrece controladores originales y totalmente personalizables.","publisher":{"@id":"https:\/\/eu.aimcontrollers.com\/es\/#organization"},"potentialAction":[{"@type":"SearchAction","target":{"@type":"EntryPoint","urlTemplate":"https:\/\/eu.aimcontrollers.com\/es\/?s={search_term_string}"},"query-input":{"@type":"PropertyValueSpecification","valueRequired":true,"valueName":"search_term_string"}}],"inLanguage":"es"},{"@type":"Organization","@id":"https:\/\/eu.aimcontrollers.com\/es\/#organization","name":"Aimcontrollers","url":"https:\/\/eu.aimcontrollers.com\/es\/","logo":{"@type":"ImageObject","inLanguage":"es","@id":"https:\/\/eu.aimcontrollers.com\/es\/#\/schema\/logo\/image\/","url":"","contentUrl":"","caption":"Aimcontrollers"},"image":{"@id":"https:\/\/eu.aimcontrollers.com\/es\/#\/schema\/logo\/image\/"},"sameAs":["http:\/\/www.facebook.com\/aimcontrollers","https:\/\/x.com\/AimControllerss","https:\/\/instagram.com\/aimcontrollers\/","https:\/\/www.youtube.com\/user\/aimcontrollerspl\/videos"]}]}},"_links":{"self":[{"href":"https:\/\/eu.aimcontrollers.com\/es\/wp-json\/wp\/v2\/product\/1381351","targetHints":{"allow":["GET"]}}],"collection":[{"href":"https:\/\/eu.aimcontrollers.com\/es\/wp-json\/wp\/v2\/product"}],"about":[{"href":"https:\/\/eu.aimcontrollers.com\/es\/wp-json\/wp\/v2\/types\/product"}],"wp:featuredmedia":[{"embeddable":true,"href":"https:\/\/eu.aimcontrollers.com\/es\/wp-json\/wp\/v2\/media\/1425042"}],"wp:attachment":[{"href":"https:\/\/eu.aimcontrollers.com\/es\/wp-json\/wp\/v2\/media?parent=1381351"}],"wp:term":[{"taxonomy":"product_brand","embeddable":true,"href":"https:\/\/eu.aimcontrollers.com\/es\/wp-json\/wp\/v2\/product_brand?post=1381351"},{"taxonomy":"product_cat","embeddable":true,"href":"https:\/\/eu.aimcontrollers.com\/es\/wp-json\/wp\/v2\/product_cat?post=1381351"},{"taxonomy":"product_tag","embeddable":true,"href":"https:\/\/eu.aimcontrollers.com\/es\/wp-json\/wp\/v2\/product_tag?post=1381351"},{"taxonomy":"misspellings","embeddable":true,"href":"https:\/\/eu.aimcontrollers.com\/es\/wp-json\/wp\/v2\/misspellings?post=1381351"}],"curies":[{"name":"wp","href":"https:\/\/api.w.org\/{rel}","templated":true}]}}