{"id":1428480,"date":"2026-01-21T11:23:39","date_gmt":"2026-01-21T10:23:39","guid":{"rendered":"https:\/\/eu.aimcontrollers.com\/product\/ps4-nightfall-carbon-edition\/"},"modified":"2026-01-21T16:25:34","modified_gmt":"2026-01-21T15:25:34","slug":"ps4-nightfall-carbon-edition","status":"publish","type":"product","link":"https:\/\/eu.aimcontrollers.com\/es\/producto\/ps4-nightfall-carbon-edition\/","title":{"rendered":"PS4 Nightfall Carbon Edition"},"content":{"rendered":"","protected":false},"excerpt":{"rendered":"<p>La era de la PS4 est\u00e1 llegando lentamente a su fin, al igual que la oportunidad de hacerte con uno de estos mandos ic\u00f3nicos. Su elegante acabado en estilo carbono, recubierto de goma suave al tacto, garantiza la m\u00e1xima comodidad de uso. Este modelo ofrece un rendimiento profesional y, al mismo tiempo, simboliza el cierre de un cap\u00edtulo legendario en la historia de los videojuegos.<br \/>\nNo te pierdas la oportunidad de hacerte con un pedazo de la historia de la PS4: cuando desaparezca, no habr\u00e1 segunda oportunidad.\n<\/p>\n<p>Caracter\u00edsticas:<\/p>\n<ul>\n<li>Dise\u00f1o \u00fanico<\/li>\n<li>AIMSticks intercambiables<\/li>\n<li>Remap de las paletas traseras<\/li>\n<li>Smart Triggers<\/li>\n<\/ul>\n","protected":false},"featured_media":1428442,"template":"","meta":{"_acf_changed":false,"inline_featured_image":false},"product_brand":[],"product_cat":[5219],"product_tag":[193,5385],"misspellings":[],"class_list":{"0":"post-1428480","1":"product","2":"type-product","3":"status-publish","4":"has-post-thumbnail","6":"product_cat-outlet-es","7":"product_tag-ps4-es","8":"product_tag-specialoffers","10":"first","11":"instock","12":"taxable","13":"shipping-taxable","14":"purchasable","15":"product-type-simple"},"acf":[],"yoast_head":"<!-- This site is optimized with the Yoast SEO Premium plugin v22.4 (Yoast SEO v27.2) - https:\/\/yoast.com\/product\/yoast-seo-premium-wordpress\/ -->\n<title>PS4 Nightfall Carbon Edition - Aimcontrollers<\/title>\n<meta name=\"robots\" content=\"index, follow, max-snippet:-1, max-image-preview:large, max-video-preview:-1\" \/>\n<link rel=\"canonical\" href=\"https:\/\/eu.aimcontrollers.com\/es\/producto\/ps4-nightfall-carbon-edition\/\" \/>\n<meta property=\"og:locale\" content=\"es_ES\" \/>\n<meta property=\"og:type\" content=\"article\" \/>\n<meta property=\"og:title\" content=\"PS4 Nightfall Carbon Edition\" \/>\n<meta property=\"og:description\" content=\"La era de la PS4 est\u00e1 llegando lentamente a su fin, al igual que la oportunidad de hacerte con uno de estos mandos ic\u00f3nicos. Su elegante acabado en estilo carbono, recubierto de goma suave al tacto, garantiza la m\u00e1xima comodidad de uso. Este modelo ofrece un rendimiento profesional y, al mismo tiempo, simboliza el cierre de un cap\u00edtulo legendario en la historia de los videojuegos. No te pierdas la oportunidad de hacerte con un pedazo de la historia de la PS4: cuando desaparezca, no habr\u00e1 segunda oportunidad.  Caracter\u00edsticas:  Dise\u00f1o \u00fanico AIMSticks intercambiables Remap de las paletas traseras Smart Triggers\" \/>\n<meta property=\"og:url\" content=\"https:\/\/eu.aimcontrollers.com\/es\/producto\/ps4-nightfall-carbon-edition\/\" \/>\n<meta property=\"og:site_name\" content=\"Aimcontrollers\" \/>\n<meta property=\"article:publisher\" content=\"http:\/\/www.facebook.com\/aimcontrollers\" \/>\n<meta property=\"article:modified_time\" content=\"2026-01-21T15:25:34+00:00\" \/>\n<meta property=\"og:image\" content=\"https:\/\/eu.aimcontrollers.com\/wp-content\/uploads\/2026\/01\/1-1.jpg\" \/>\n\t<meta property=\"og:image:width\" content=\"1000\" \/>\n\t<meta property=\"og:image:height\" content=\"1000\" \/>\n\t<meta property=\"og:image:type\" content=\"image\/jpeg\" \/>\n<meta name=\"twitter:card\" content=\"summary_large_image\" \/>\n<meta name=\"twitter:site\" content=\"@AimControllerss\" \/>\n<meta name=\"twitter:label1\" content=\"Tiempo de lectura\" \/>\n\t<meta name=\"twitter:data1\" content=\"1 minuto\" \/>\n<script type=\"application\/ld+json\" class=\"yoast-schema-graph\">{\"@context\":\"https:\/\/schema.org\",\"@graph\":[{\"@type\":\"WebPage\",\"@id\":\"https:\/\/eu.aimcontrollers.com\/es\/producto\/ps4-nightfall-carbon-edition\/\",\"url\":\"https:\/\/eu.aimcontrollers.com\/es\/producto\/ps4-nightfall-carbon-edition\/\",\"name\":\"PS4 Nightfall Carbon Edition - Aimcontrollers\",\"isPartOf\":{\"@id\":\"https:\/\/eu.aimcontrollers.com\/es\/#website\"},\"primaryImageOfPage\":{\"@id\":\"https:\/\/eu.aimcontrollers.com\/es\/producto\/ps4-nightfall-carbon-edition\/#primaryimage\"},\"image\":{\"@id\":\"https:\/\/eu.aimcontrollers.com\/es\/producto\/ps4-nightfall-carbon-edition\/#primaryimage\"},\"thumbnailUrl\":\"https:\/\/eu.aimcontrollers.com\/wp-content\/uploads\/2026\/01\/1-1.jpg\",\"datePublished\":\"2026-01-21T10:23:39+00:00\",\"dateModified\":\"2026-01-21T15:25:34+00:00\",\"breadcrumb\":{\"@id\":\"https:\/\/eu.aimcontrollers.com\/es\/producto\/ps4-nightfall-carbon-edition\/#breadcrumb\"},\"inLanguage\":\"es\",\"potentialAction\":[{\"@type\":\"ReadAction\",\"target\":[\"https:\/\/eu.aimcontrollers.com\/es\/producto\/ps4-nightfall-carbon-edition\/\"]}]},{\"@type\":\"ImageObject\",\"inLanguage\":\"es\",\"@id\":\"https:\/\/eu.aimcontrollers.com\/es\/producto\/ps4-nightfall-carbon-edition\/#primaryimage\",\"url\":\"https:\/\/eu.aimcontrollers.com\/wp-content\/uploads\/2026\/01\/1-1.jpg\",\"contentUrl\":\"https:\/\/eu.aimcontrollers.com\/wp-content\/uploads\/2026\/01\/1-1.jpg\",\"width\":1000,\"height\":1000},{\"@type\":\"BreadcrumbList\",\"@id\":\"https:\/\/eu.aimcontrollers.com\/es\/producto\/ps4-nightfall-carbon-edition\/#breadcrumb\",\"itemListElement\":[{\"@type\":\"ListItem\",\"position\":1,\"name\":\"Home\",\"item\":\"https:\/\/eu.aimcontrollers.com\/es\/\"},{\"@type\":\"ListItem\",\"position\":2,\"name\":\"Shop\",\"item\":\"https:\/\/eu.aimcontrollers.com\/shop\/\"},{\"@type\":\"ListItem\",\"position\":3,\"name\":\"PS4 Nightfall Carbon Edition\"}]},{\"@type\":\"WebSite\",\"@id\":\"https:\/\/eu.aimcontrollers.com\/es\/#website\",\"url\":\"https:\/\/eu.aimcontrollers.com\/es\/\",\"name\":\"AimControllers - The most affordable competitive controllers for Xbox, PlayStation and PC\",\"description\":\"Una de las marcas m\u00e1s importantes que ofrece controladores originales y totalmente personalizables.\",\"publisher\":{\"@id\":\"https:\/\/eu.aimcontrollers.com\/es\/#organization\"},\"potentialAction\":[{\"@type\":\"SearchAction\",\"target\":{\"@type\":\"EntryPoint\",\"urlTemplate\":\"https:\/\/eu.aimcontrollers.com\/es\/?s={search_term_string}\"},\"query-input\":{\"@type\":\"PropertyValueSpecification\",\"valueRequired\":true,\"valueName\":\"search_term_string\"}}],\"inLanguage\":\"es\"},{\"@type\":\"Organization\",\"@id\":\"https:\/\/eu.aimcontrollers.com\/es\/#organization\",\"name\":\"Aimcontrollers\",\"url\":\"https:\/\/eu.aimcontrollers.com\/es\/\",\"logo\":{\"@type\":\"ImageObject\",\"inLanguage\":\"es\",\"@id\":\"https:\/\/eu.aimcontrollers.com\/es\/#\/schema\/logo\/image\/\",\"url\":\"\",\"contentUrl\":\"\",\"caption\":\"Aimcontrollers\"},\"image\":{\"@id\":\"https:\/\/eu.aimcontrollers.com\/es\/#\/schema\/logo\/image\/\"},\"sameAs\":[\"http:\/\/www.facebook.com\/aimcontrollers\",\"https:\/\/x.com\/AimControllerss\",\"https:\/\/instagram.com\/aimcontrollers\/\",\"https:\/\/www.youtube.com\/user\/aimcontrollerspl\/videos\"]}]}<\/script>\n<!-- \/ Yoast SEO Premium plugin. -->","yoast_head_json":{"title":"PS4 Nightfall Carbon Edition - Aimcontrollers","robots":{"index":"index","follow":"follow","max-snippet":"max-snippet:-1","max-image-preview":"max-image-preview:large","max-video-preview":"max-video-preview:-1"},"canonical":"https:\/\/eu.aimcontrollers.com\/es\/producto\/ps4-nightfall-carbon-edition\/","og_locale":"es_ES","og_type":"article","og_title":"PS4 Nightfall Carbon Edition","og_description":"La era de la PS4 est\u00e1 llegando lentamente a su fin, al igual que la oportunidad de hacerte con uno de estos mandos ic\u00f3nicos. Su elegante acabado en estilo carbono, recubierto de goma suave al tacto, garantiza la m\u00e1xima comodidad de uso. Este modelo ofrece un rendimiento profesional y, al mismo tiempo, simboliza el cierre de un cap\u00edtulo legendario en la historia de los videojuegos. No te pierdas la oportunidad de hacerte con un pedazo de la historia de la PS4: cuando desaparezca, no habr\u00e1 segunda oportunidad.  Caracter\u00edsticas:  Dise\u00f1o \u00fanico AIMSticks intercambiables Remap de las paletas traseras Smart Triggers","og_url":"https:\/\/eu.aimcontrollers.com\/es\/producto\/ps4-nightfall-carbon-edition\/","og_site_name":"Aimcontrollers","article_publisher":"http:\/\/www.facebook.com\/aimcontrollers","article_modified_time":"2026-01-21T15:25:34+00:00","og_image":[{"width":1000,"height":1000,"url":"https:\/\/eu.aimcontrollers.com\/wp-content\/uploads\/2026\/01\/1-1.jpg","type":"image\/jpeg"}],"twitter_card":"summary_large_image","twitter_site":"@AimControllerss","twitter_misc":{"Tiempo de lectura":"1 minuto"},"schema":{"@context":"https:\/\/schema.org","@graph":[{"@type":"WebPage","@id":"https:\/\/eu.aimcontrollers.com\/es\/producto\/ps4-nightfall-carbon-edition\/","url":"https:\/\/eu.aimcontrollers.com\/es\/producto\/ps4-nightfall-carbon-edition\/","name":"PS4 Nightfall Carbon Edition - Aimcontrollers","isPartOf":{"@id":"https:\/\/eu.aimcontrollers.com\/es\/#website"},"primaryImageOfPage":{"@id":"https:\/\/eu.aimcontrollers.com\/es\/producto\/ps4-nightfall-carbon-edition\/#primaryimage"},"image":{"@id":"https:\/\/eu.aimcontrollers.com\/es\/producto\/ps4-nightfall-carbon-edition\/#primaryimage"},"thumbnailUrl":"https:\/\/eu.aimcontrollers.com\/wp-content\/uploads\/2026\/01\/1-1.jpg","datePublished":"2026-01-21T10:23:39+00:00","dateModified":"2026-01-21T15:25:34+00:00","breadcrumb":{"@id":"https:\/\/eu.aimcontrollers.com\/es\/producto\/ps4-nightfall-carbon-edition\/#breadcrumb"},"inLanguage":"es","potentialAction":[{"@type":"ReadAction","target":["https:\/\/eu.aimcontrollers.com\/es\/producto\/ps4-nightfall-carbon-edition\/"]}]},{"@type":"ImageObject","inLanguage":"es","@id":"https:\/\/eu.aimcontrollers.com\/es\/producto\/ps4-nightfall-carbon-edition\/#primaryimage","url":"https:\/\/eu.aimcontrollers.com\/wp-content\/uploads\/2026\/01\/1-1.jpg","contentUrl":"https:\/\/eu.aimcontrollers.com\/wp-content\/uploads\/2026\/01\/1-1.jpg","width":1000,"height":1000},{"@type":"BreadcrumbList","@id":"https:\/\/eu.aimcontrollers.com\/es\/producto\/ps4-nightfall-carbon-edition\/#breadcrumb","itemListElement":[{"@type":"ListItem","position":1,"name":"Home","item":"https:\/\/eu.aimcontrollers.com\/es\/"},{"@type":"ListItem","position":2,"name":"Shop","item":"https:\/\/eu.aimcontrollers.com\/shop\/"},{"@type":"ListItem","position":3,"name":"PS4 Nightfall Carbon Edition"}]},{"@type":"WebSite","@id":"https:\/\/eu.aimcontrollers.com\/es\/#website","url":"https:\/\/eu.aimcontrollers.com\/es\/","name":"AimControllers - The most affordable competitive controllers for Xbox, PlayStation and PC","description":"Una de las marcas m\u00e1s importantes que ofrece controladores originales y totalmente personalizables.","publisher":{"@id":"https:\/\/eu.aimcontrollers.com\/es\/#organization"},"potentialAction":[{"@type":"SearchAction","target":{"@type":"EntryPoint","urlTemplate":"https:\/\/eu.aimcontrollers.com\/es\/?s={search_term_string}"},"query-input":{"@type":"PropertyValueSpecification","valueRequired":true,"valueName":"search_term_string"}}],"inLanguage":"es"},{"@type":"Organization","@id":"https:\/\/eu.aimcontrollers.com\/es\/#organization","name":"Aimcontrollers","url":"https:\/\/eu.aimcontrollers.com\/es\/","logo":{"@type":"ImageObject","inLanguage":"es","@id":"https:\/\/eu.aimcontrollers.com\/es\/#\/schema\/logo\/image\/","url":"","contentUrl":"","caption":"Aimcontrollers"},"image":{"@id":"https:\/\/eu.aimcontrollers.com\/es\/#\/schema\/logo\/image\/"},"sameAs":["http:\/\/www.facebook.com\/aimcontrollers","https:\/\/x.com\/AimControllerss","https:\/\/instagram.com\/aimcontrollers\/","https:\/\/www.youtube.com\/user\/aimcontrollerspl\/videos"]}]}},"_links":{"self":[{"href":"https:\/\/eu.aimcontrollers.com\/es\/wp-json\/wp\/v2\/product\/1428480","targetHints":{"allow":["GET"]}}],"collection":[{"href":"https:\/\/eu.aimcontrollers.com\/es\/wp-json\/wp\/v2\/product"}],"about":[{"href":"https:\/\/eu.aimcontrollers.com\/es\/wp-json\/wp\/v2\/types\/product"}],"wp:featuredmedia":[{"embeddable":true,"href":"https:\/\/eu.aimcontrollers.com\/es\/wp-json\/wp\/v2\/media\/1428442"}],"wp:attachment":[{"href":"https:\/\/eu.aimcontrollers.com\/es\/wp-json\/wp\/v2\/media?parent=1428480"}],"wp:term":[{"taxonomy":"product_brand","embeddable":true,"href":"https:\/\/eu.aimcontrollers.com\/es\/wp-json\/wp\/v2\/product_brand?post=1428480"},{"taxonomy":"product_cat","embeddable":true,"href":"https:\/\/eu.aimcontrollers.com\/es\/wp-json\/wp\/v2\/product_cat?post=1428480"},{"taxonomy":"product_tag","embeddable":true,"href":"https:\/\/eu.aimcontrollers.com\/es\/wp-json\/wp\/v2\/product_tag?post=1428480"},{"taxonomy":"misspellings","embeddable":true,"href":"https:\/\/eu.aimcontrollers.com\/es\/wp-json\/wp\/v2\/misspellings?post=1428480"}],"curies":[{"name":"wp","href":"https:\/\/api.w.org\/{rel}","templated":true}]}}