{"id":1440810,"date":"2026-05-08T11:57:36","date_gmt":"2026-05-08T09:57:36","guid":{"rendered":"https:\/\/eu.aimcontrollers.com\/product\/vector-gris-ps5-fps\/"},"modified":"2026-05-08T12:25:33","modified_gmt":"2026-05-08T10:25:33","slug":"vector-gris-ps5-fps","status":"publish","type":"product","link":"https:\/\/eu.aimcontrollers.com\/es\/producto\/vector-gris-ps5-fps\/","title":{"rendered":"Vector Gris PS5 FPS"},"content":{"rendered":"","protected":false},"excerpt":{"rendered":"<p>Configuraci\u00f3n impecable. Mentalidad competitiva.<\/p>\n<p>El Vector Gris fue creado para jugadores que buscan una est\u00e9tica competitiva moderna combinada con una jugabilidad fluida y con gran capacidad de respuesta. Dise\u00f1ado pensando en el rendimiento, ofrece una experiencia sin distracciones, dise\u00f1ada para mantenerte concentrado cuando cada reacci\u00f3n cuenta.<\/p>\n<p><strong>Caracter\u00edsticas incluidas:<\/strong><\/p>\n<ul>\n<li>Reconfiguraci\u00f3n de botones traseros<\/li>\n<li>Palancas de precisi\u00f3n TMR<\/li>\n<li>Gatillos activos<\/li>\n<li>Botones superiores inteligentes<\/li>\n<li>Desactivaci\u00f3n de la vibraci\u00f3n (Modo Enfoque)<\/li>\n<li>Dise\u00f1o exclusivo<\/li>\n<li>Palancas intercambiables<\/li>\n<\/ul>\n","protected":false},"featured_media":1440785,"template":"","meta":{"_acf_changed":false,"inline_featured_image":false},"product_brand":[],"product_cat":[5117],"product_tag":[4948,5433,5097],"misspellings":[],"class_list":{"0":"post-1440810","1":"product","2":"type-product","3":"status-publish","4":"has-post-thumbnail","6":"product_cat-ps5-controllers-v2-es","7":"product_tag-ps5-controller-es","8":"product_tag-es-ps5fps","9":"product_tag-ps5prodesign-es","11":"first","12":"instock","13":"taxable","14":"shipping-taxable","15":"purchasable","16":"product-type-simple"},"acf":[],"yoast_head":"<!-- This site is optimized with the Yoast SEO Premium plugin v22.4 (Yoast SEO v27.5) - https:\/\/yoast.com\/product\/yoast-seo-premium-wordpress\/ -->\n<title>Vector Gris PS5 FPS - Aimcontrollers<\/title>\n<meta name=\"robots\" content=\"index, follow, max-snippet:-1, max-image-preview:large, max-video-preview:-1\" \/>\n<link rel=\"canonical\" href=\"https:\/\/eu.aimcontrollers.com\/es\/producto\/vector-gris-ps5-fps\/\" \/>\n<meta property=\"og:locale\" content=\"es_ES\" \/>\n<meta property=\"og:type\" content=\"article\" \/>\n<meta property=\"og:title\" content=\"Vector Gris PS5 FPS\" \/>\n<meta property=\"og:description\" content=\"Configuraci\u00f3n impecable. Mentalidad competitiva.  El Vector Gris fue creado para jugadores que buscan una est\u00e9tica competitiva moderna combinada con una jugabilidad fluida y con gran capacidad de respuesta. Dise\u00f1ado pensando en el rendimiento, ofrece una experiencia sin distracciones, dise\u00f1ada para mantenerte concentrado cuando cada reacci\u00f3n cuenta.  Caracter\u00edsticas incluidas:   Reconfiguraci\u00f3n de botones traseros  Palancas de precisi\u00f3n TMR  Gatillos activos  Botones superiores inteligentes  Desactivaci\u00f3n de la vibraci\u00f3n (Modo Enfoque)  Dise\u00f1o exclusivo  Palancas intercambiables\" \/>\n<meta property=\"og:url\" content=\"https:\/\/eu.aimcontrollers.com\/es\/producto\/vector-gris-ps5-fps\/\" \/>\n<meta property=\"og:site_name\" content=\"Aimcontrollers\" \/>\n<meta property=\"article:publisher\" content=\"http:\/\/www.facebook.com\/aimcontrollers\" \/>\n<meta property=\"article:modified_time\" content=\"2026-05-08T10:25:33+00:00\" \/>\n<meta property=\"og:image\" content=\"https:\/\/eu.aimcontrollers.com\/wp-content\/uploads\/2026\/05\/5_PRO_Playstation_5_FPS_Controller_Vector_Grey.jpg\" \/>\n\t<meta property=\"og:image:width\" content=\"750\" \/>\n\t<meta property=\"og:image:height\" content=\"750\" \/>\n\t<meta property=\"og:image:type\" content=\"image\/jpeg\" \/>\n<meta name=\"twitter:card\" content=\"summary_large_image\" \/>\n<meta name=\"twitter:site\" content=\"@AimControllerss\" \/>\n<meta name=\"twitter:label1\" content=\"Tiempo de lectura\" \/>\n\t<meta name=\"twitter:data1\" content=\"1 minuto\" \/>\n<script type=\"application\/ld+json\" class=\"yoast-schema-graph\">{\"@context\":\"https:\\\/\\\/schema.org\",\"@graph\":[{\"@type\":\"WebPage\",\"@id\":\"https:\\\/\\\/eu.aimcontrollers.com\\\/es\\\/producto\\\/vector-gris-ps5-fps\\\/\",\"url\":\"https:\\\/\\\/eu.aimcontrollers.com\\\/es\\\/producto\\\/vector-gris-ps5-fps\\\/\",\"name\":\"Vector Gris PS5 FPS - Aimcontrollers\",\"isPartOf\":{\"@id\":\"https:\\\/\\\/eu.aimcontrollers.com\\\/es\\\/#website\"},\"primaryImageOfPage\":{\"@id\":\"https:\\\/\\\/eu.aimcontrollers.com\\\/es\\\/producto\\\/vector-gris-ps5-fps\\\/#primaryimage\"},\"image\":{\"@id\":\"https:\\\/\\\/eu.aimcontrollers.com\\\/es\\\/producto\\\/vector-gris-ps5-fps\\\/#primaryimage\"},\"thumbnailUrl\":\"https:\\\/\\\/eu.aimcontrollers.com\\\/wp-content\\\/uploads\\\/2026\\\/05\\\/5_PRO_Playstation_5_FPS_Controller_Vector_Grey.jpg\",\"datePublished\":\"2026-05-08T09:57:36+00:00\",\"dateModified\":\"2026-05-08T10:25:33+00:00\",\"breadcrumb\":{\"@id\":\"https:\\\/\\\/eu.aimcontrollers.com\\\/es\\\/producto\\\/vector-gris-ps5-fps\\\/#breadcrumb\"},\"inLanguage\":\"es\",\"potentialAction\":[{\"@type\":\"ReadAction\",\"target\":[\"https:\\\/\\\/eu.aimcontrollers.com\\\/es\\\/producto\\\/vector-gris-ps5-fps\\\/\"]}]},{\"@type\":\"ImageObject\",\"inLanguage\":\"es\",\"@id\":\"https:\\\/\\\/eu.aimcontrollers.com\\\/es\\\/producto\\\/vector-gris-ps5-fps\\\/#primaryimage\",\"url\":\"https:\\\/\\\/eu.aimcontrollers.com\\\/wp-content\\\/uploads\\\/2026\\\/05\\\/5_PRO_Playstation_5_FPS_Controller_Vector_Grey.jpg\",\"contentUrl\":\"https:\\\/\\\/eu.aimcontrollers.com\\\/wp-content\\\/uploads\\\/2026\\\/05\\\/5_PRO_Playstation_5_FPS_Controller_Vector_Grey.jpg\",\"width\":750,\"height\":750},{\"@type\":\"BreadcrumbList\",\"@id\":\"https:\\\/\\\/eu.aimcontrollers.com\\\/es\\\/producto\\\/vector-gris-ps5-fps\\\/#breadcrumb\",\"itemListElement\":[{\"@type\":\"ListItem\",\"position\":1,\"name\":\"Home\",\"item\":\"https:\\\/\\\/eu.aimcontrollers.com\\\/es\\\/\"},{\"@type\":\"ListItem\",\"position\":2,\"name\":\"Shop\",\"item\":\"https:\\\/\\\/eu.aimcontrollers.com\\\/shop\\\/\"},{\"@type\":\"ListItem\",\"position\":3,\"name\":\"Vector Gris PS5 FPS\"}]},{\"@type\":\"WebSite\",\"@id\":\"https:\\\/\\\/eu.aimcontrollers.com\\\/es\\\/#website\",\"url\":\"https:\\\/\\\/eu.aimcontrollers.com\\\/es\\\/\",\"name\":\"AimControllers - The most affordable competitive controllers for Xbox, PlayStation and PC\",\"description\":\"Una de las marcas m\u00e1s importantes que ofrece controladores originales y totalmente personalizables.\",\"publisher\":{\"@id\":\"https:\\\/\\\/eu.aimcontrollers.com\\\/es\\\/#organization\"},\"potentialAction\":[{\"@type\":\"SearchAction\",\"target\":{\"@type\":\"EntryPoint\",\"urlTemplate\":\"https:\\\/\\\/eu.aimcontrollers.com\\\/es\\\/?s={search_term_string}\"},\"query-input\":{\"@type\":\"PropertyValueSpecification\",\"valueRequired\":true,\"valueName\":\"search_term_string\"}}],\"inLanguage\":\"es\"},{\"@type\":\"Organization\",\"@id\":\"https:\\\/\\\/eu.aimcontrollers.com\\\/es\\\/#organization\",\"name\":\"Aimcontrollers\",\"url\":\"https:\\\/\\\/eu.aimcontrollers.com\\\/es\\\/\",\"logo\":{\"@type\":\"ImageObject\",\"inLanguage\":\"es\",\"@id\":\"https:\\\/\\\/eu.aimcontrollers.com\\\/es\\\/#\\\/schema\\\/logo\\\/image\\\/\",\"url\":\"\",\"contentUrl\":\"\",\"caption\":\"Aimcontrollers\"},\"image\":{\"@id\":\"https:\\\/\\\/eu.aimcontrollers.com\\\/es\\\/#\\\/schema\\\/logo\\\/image\\\/\"},\"sameAs\":[\"http:\\\/\\\/www.facebook.com\\\/aimcontrollers\",\"https:\\\/\\\/x.com\\\/AimControllerss\",\"https:\\\/\\\/instagram.com\\\/aimcontrollers\\\/\",\"https:\\\/\\\/www.youtube.com\\\/user\\\/aimcontrollerspl\\\/videos\"]}]}<\/script>\n<!-- \/ Yoast SEO Premium plugin. -->","yoast_head_json":{"title":"Vector Gris PS5 FPS - Aimcontrollers","robots":{"index":"index","follow":"follow","max-snippet":"max-snippet:-1","max-image-preview":"max-image-preview:large","max-video-preview":"max-video-preview:-1"},"canonical":"https:\/\/eu.aimcontrollers.com\/es\/producto\/vector-gris-ps5-fps\/","og_locale":"es_ES","og_type":"article","og_title":"Vector Gris PS5 FPS","og_description":"Configuraci\u00f3n impecable. Mentalidad competitiva.  El Vector Gris fue creado para jugadores que buscan una est\u00e9tica competitiva moderna combinada con una jugabilidad fluida y con gran capacidad de respuesta. Dise\u00f1ado pensando en el rendimiento, ofrece una experiencia sin distracciones, dise\u00f1ada para mantenerte concentrado cuando cada reacci\u00f3n cuenta.  Caracter\u00edsticas incluidas:   Reconfiguraci\u00f3n de botones traseros  Palancas de precisi\u00f3n TMR  Gatillos activos  Botones superiores inteligentes  Desactivaci\u00f3n de la vibraci\u00f3n (Modo Enfoque)  Dise\u00f1o exclusivo  Palancas intercambiables","og_url":"https:\/\/eu.aimcontrollers.com\/es\/producto\/vector-gris-ps5-fps\/","og_site_name":"Aimcontrollers","article_publisher":"http:\/\/www.facebook.com\/aimcontrollers","article_modified_time":"2026-05-08T10:25:33+00:00","og_image":[{"width":750,"height":750,"url":"https:\/\/eu.aimcontrollers.com\/wp-content\/uploads\/2026\/05\/5_PRO_Playstation_5_FPS_Controller_Vector_Grey.jpg","type":"image\/jpeg"}],"twitter_card":"summary_large_image","twitter_site":"@AimControllerss","twitter_misc":{"Tiempo de lectura":"1 minuto"},"schema":{"@context":"https:\/\/schema.org","@graph":[{"@type":"WebPage","@id":"https:\/\/eu.aimcontrollers.com\/es\/producto\/vector-gris-ps5-fps\/","url":"https:\/\/eu.aimcontrollers.com\/es\/producto\/vector-gris-ps5-fps\/","name":"Vector Gris PS5 FPS - Aimcontrollers","isPartOf":{"@id":"https:\/\/eu.aimcontrollers.com\/es\/#website"},"primaryImageOfPage":{"@id":"https:\/\/eu.aimcontrollers.com\/es\/producto\/vector-gris-ps5-fps\/#primaryimage"},"image":{"@id":"https:\/\/eu.aimcontrollers.com\/es\/producto\/vector-gris-ps5-fps\/#primaryimage"},"thumbnailUrl":"https:\/\/eu.aimcontrollers.com\/wp-content\/uploads\/2026\/05\/5_PRO_Playstation_5_FPS_Controller_Vector_Grey.jpg","datePublished":"2026-05-08T09:57:36+00:00","dateModified":"2026-05-08T10:25:33+00:00","breadcrumb":{"@id":"https:\/\/eu.aimcontrollers.com\/es\/producto\/vector-gris-ps5-fps\/#breadcrumb"},"inLanguage":"es","potentialAction":[{"@type":"ReadAction","target":["https:\/\/eu.aimcontrollers.com\/es\/producto\/vector-gris-ps5-fps\/"]}]},{"@type":"ImageObject","inLanguage":"es","@id":"https:\/\/eu.aimcontrollers.com\/es\/producto\/vector-gris-ps5-fps\/#primaryimage","url":"https:\/\/eu.aimcontrollers.com\/wp-content\/uploads\/2026\/05\/5_PRO_Playstation_5_FPS_Controller_Vector_Grey.jpg","contentUrl":"https:\/\/eu.aimcontrollers.com\/wp-content\/uploads\/2026\/05\/5_PRO_Playstation_5_FPS_Controller_Vector_Grey.jpg","width":750,"height":750},{"@type":"BreadcrumbList","@id":"https:\/\/eu.aimcontrollers.com\/es\/producto\/vector-gris-ps5-fps\/#breadcrumb","itemListElement":[{"@type":"ListItem","position":1,"name":"Home","item":"https:\/\/eu.aimcontrollers.com\/es\/"},{"@type":"ListItem","position":2,"name":"Shop","item":"https:\/\/eu.aimcontrollers.com\/shop\/"},{"@type":"ListItem","position":3,"name":"Vector Gris PS5 FPS"}]},{"@type":"WebSite","@id":"https:\/\/eu.aimcontrollers.com\/es\/#website","url":"https:\/\/eu.aimcontrollers.com\/es\/","name":"AimControllers - The most affordable competitive controllers for Xbox, PlayStation and PC","description":"Una de las marcas m\u00e1s importantes que ofrece controladores originales y totalmente personalizables.","publisher":{"@id":"https:\/\/eu.aimcontrollers.com\/es\/#organization"},"potentialAction":[{"@type":"SearchAction","target":{"@type":"EntryPoint","urlTemplate":"https:\/\/eu.aimcontrollers.com\/es\/?s={search_term_string}"},"query-input":{"@type":"PropertyValueSpecification","valueRequired":true,"valueName":"search_term_string"}}],"inLanguage":"es"},{"@type":"Organization","@id":"https:\/\/eu.aimcontrollers.com\/es\/#organization","name":"Aimcontrollers","url":"https:\/\/eu.aimcontrollers.com\/es\/","logo":{"@type":"ImageObject","inLanguage":"es","@id":"https:\/\/eu.aimcontrollers.com\/es\/#\/schema\/logo\/image\/","url":"","contentUrl":"","caption":"Aimcontrollers"},"image":{"@id":"https:\/\/eu.aimcontrollers.com\/es\/#\/schema\/logo\/image\/"},"sameAs":["http:\/\/www.facebook.com\/aimcontrollers","https:\/\/x.com\/AimControllerss","https:\/\/instagram.com\/aimcontrollers\/","https:\/\/www.youtube.com\/user\/aimcontrollerspl\/videos"]}]}},"_links":{"self":[{"href":"https:\/\/eu.aimcontrollers.com\/es\/wp-json\/wp\/v2\/product\/1440810","targetHints":{"allow":["GET"]}}],"collection":[{"href":"https:\/\/eu.aimcontrollers.com\/es\/wp-json\/wp\/v2\/product"}],"about":[{"href":"https:\/\/eu.aimcontrollers.com\/es\/wp-json\/wp\/v2\/types\/product"}],"wp:featuredmedia":[{"embeddable":true,"href":"https:\/\/eu.aimcontrollers.com\/es\/wp-json\/wp\/v2\/media\/1440785"}],"wp:attachment":[{"href":"https:\/\/eu.aimcontrollers.com\/es\/wp-json\/wp\/v2\/media?parent=1440810"}],"wp:term":[{"taxonomy":"product_brand","embeddable":true,"href":"https:\/\/eu.aimcontrollers.com\/es\/wp-json\/wp\/v2\/product_brand?post=1440810"},{"taxonomy":"product_cat","embeddable":true,"href":"https:\/\/eu.aimcontrollers.com\/es\/wp-json\/wp\/v2\/product_cat?post=1440810"},{"taxonomy":"product_tag","embeddable":true,"href":"https:\/\/eu.aimcontrollers.com\/es\/wp-json\/wp\/v2\/product_tag?post=1440810"},{"taxonomy":"misspellings","embeddable":true,"href":"https:\/\/eu.aimcontrollers.com\/es\/wp-json\/wp\/v2\/misspellings?post=1440810"}],"curies":[{"name":"wp","href":"https:\/\/api.w.org\/{rel}","templated":true}]}}