{"id":1273937,"date":"2022-11-14T18:11:38","date_gmt":"2022-11-14T17:11:38","guid":{"rendered":"https:\/\/eu.aimcontrollers.com\/kickstarter\/"},"modified":"2022-11-15T11:25:53","modified_gmt":"2022-11-15T10:25:53","slug":"kickstarter","status":"publish","type":"page","link":"https:\/\/eu.aimcontrollers.com\/fr\/kickstarter\/","title":{"rendered":"Kickstarter"},"content":{"rendered":"\t<div class=\"img has-hover hide-for-small x md-x lg-x y md-y lg-y\" id=\"image_739339242\">\n\t\t\t\t\t\t\t\t<div class=\"img-inner dark\" >\n\t\t\t<img loading=\"lazy\" decoding=\"async\" width=\"1920\" height=\"630\" src=\"https:\/\/eu.aimcontrollers.com\/wp-content\/uploads\/2022\/11\/baner-kickstarterv3.jpg\" class=\"attachment-original size-original\" alt=\"\" srcset=\"https:\/\/eu.aimcontrollers.com\/wp-content\/uploads\/2022\/11\/baner-kickstarterv3.jpg 1920w, https:\/\/eu.aimcontrollers.com\/wp-content\/uploads\/2022\/11\/baner-kickstarterv3-500x164.jpg 500w, https:\/\/eu.aimcontrollers.com\/wp-content\/uploads\/2022\/11\/baner-kickstarterv3-800x263.jpg 800w, https:\/\/eu.aimcontrollers.com\/wp-content\/uploads\/2022\/11\/baner-kickstarterv3-1400x459.jpg 1400w, https:\/\/eu.aimcontrollers.com\/wp-content\/uploads\/2022\/11\/baner-kickstarterv3-768x252.jpg 768w, https:\/\/eu.aimcontrollers.com\/wp-content\/uploads\/2022\/11\/baner-kickstarterv3-1536x504.jpg 1536w\" sizes=\"auto, (max-width: 1920px) 100vw, 1920px\" \/>\t\t\t\t\t\t\n\t\t\t\t\t<\/div>\n\t\t\t\t\t\t\t\t\n<style>\n#image_739339242 {\n  width: 100%;\n}\n<\/style>\n\t<\/div>\n\t\n\t<div class=\"img has-hover show-for-small x md-x lg-x y md-y lg-y\" id=\"image_344671968\">\n\t\t\t\t\t\t\t\t<div class=\"img-inner dark\" >\n\t\t\t<img loading=\"lazy\" decoding=\"async\" width=\"450\" height=\"580\" src=\"https:\/\/eu.aimcontrollers.com\/wp-content\/uploads\/2022\/11\/baner-kickstarterv3-mobile.jpg\" class=\"attachment-original size-original\" alt=\"\" srcset=\"https:\/\/eu.aimcontrollers.com\/wp-content\/uploads\/2022\/11\/baner-kickstarterv3-mobile.jpg 450w, https:\/\/eu.aimcontrollers.com\/wp-content\/uploads\/2022\/11\/baner-kickstarterv3-mobile-310x400.jpg 310w\" sizes=\"auto, (max-width: 450px) 100vw, 450px\" \/>\t\t\t\t\t\t\n\t\t\t\t\t<\/div>\n\t\t\t\t\t\t\t\t\n<style>\n#image_344671968 {\n  width: 100%;\n}\n<\/style>\n\t<\/div>\n\t\n\n\t<section class=\"section dark\" id=\"section_1148253453\">\n\t\t<div class=\"section-bg fill\" >\n\t\t\t\t\t\t\t\t\t\n\t\t\t\n\n\t\t<\/div>\n\n\t\t\n\n\t\t<div class=\"section-content relative\">\n\t\t\t\n\n<style>\n#frm_checkbox_20-0 > label{\n color:white;\n}\n#form_kickstarter-signup2 > div > fieldset > div > div.frm_submit > button{\n background-color: #9d44d2 !important;\n}\n<\/style>\n\n<div class=\"row align-center\"  id=\"row-488376486\">\n\n\t<div id=\"col-77157029\" class=\"col medium-12 small-12 large-10\"  >\n\t\t\t\t<div class=\"col-inner text-center\"  >\n\t\t\t\n\t\t\t\n<div class=\"container section-title-container\" ><h2 class=\"section-title section-title-center\"><b><\/b><span class=\"section-title-main\" style=\"font-size:180%;color:rgb(157, 68, 210);\">C'EST PRESQUE L\u00c0 - INSCRIVEZ-VOUS POUR RESTER CONNECT\u00c9<\/span><b><\/b><\/h2><\/div>\n\t<div id=\"text-3839914639\" class=\"text\">\n\t\t\n<p>Soyez les premiers \u00e0 \u00eatre inform\u00e9s du lancement de notre prochaine campagne Kickstarter. Soumettez votre adresse e-mail ci-dessous et nous nous assurerons que vous serez inform\u00e9 de son lancement !<\/p>\n\t\t\n<style>\n#text-3839914639 {\n  font-size: 1.1rem;\n}\n<\/style>\n\t<\/div>\n\t\n\t<div id=\"gap-1059327958\" class=\"gap-element clearfix\" style=\"display:block; height:auto;\">\n\t\t\n<style>\n#gap-1059327958 {\n  padding-top: 10px;\n}\n<\/style>\n\t<\/div>\n\t\n<div class=\"frm_forms  with_frm_style frm_center_submit frm_style_formidable-style\" id=\"frm_form_6_container\" >\n<form enctype=\"multipart\/form-data\" method=\"post\" class=\"frm-show-form  frm_js_validate  frm_ajax_submit  frm_pro_form \" id=\"form_kickstarter-signup2\" >\n<div class=\"frm_form_fields \">\n<fieldset>\n<legend class=\"frm_screen_reader\">Kickstarter Signup<\/legend>\r\n\r\n<div class=\"frm_fields_container\">\n<input type=\"hidden\" name=\"frm_action\" value=\"create\" \/>\n<input type=\"hidden\" name=\"form_id\" value=\"6\" \/>\n<input type=\"hidden\" name=\"frm_hide_fields_6\" id=\"frm_hide_fields_6\" value=\"\" \/>\n<input type=\"hidden\" name=\"form_key\" value=\"kickstarter-signup2\" \/>\n<input type=\"hidden\" name=\"item_meta[0]\" value=\"\" \/>\n<input type=\"hidden\" id=\"frm_submit_entry_6\" name=\"frm_submit_entry_6\" value=\"09ccdf5473\" \/><input type=\"hidden\" name=\"_wp_http_referer\" value=\"\/fr\/wp-json\/wp\/v2\/pages\/1273937\" \/><div id=\"frm_field_18_container\" class=\"frm_form_field form-field  frm_required_field frm_top_container\">\r\n    <label for=\"field_701dk2\" id=\"field_701dk2_label\" class=\"frm_primary_label\">\r\n        <span class=\"frm_required\"><\/span>\r\n    <\/label>\r\n    <input type=\"email\" id=\"field_701dk2\" name=\"item_meta[18]\" value=\"\"  style=\"width:120%\" placeholder=\"Enter your email address\" data-reqmsg=\"This field cannot be blank.\" aria-required=\"true\" data-invmsg=\"Email is invalid\" class=\"auto_width\" aria-invalid=\"false\"  \/>\r\n    \r\n    \r\n<\/div>\n<input type=\"hidden\" name=\"item_meta[19]\" id=\"field_o34d\" value=\"fr\"  data-frmval=\"fr\"   \/>\n<div id=\"frm_field_20_container\" class=\"frm_form_field form-field  frm_required_field frm_top_container vertical_radio\">\r\n    <div  id=\"field_28zys2_label\" class=\"frm_primary_label\">\r\n        <span class=\"frm_required\" aria-hidden=\"true\"><\/span>\r\n    <\/div>\r\n    <div class=\"frm_opt_container\" aria-labelledby=\"field_28zys2_label\" role=\"group\">\t\t<div class=\"frm_checkbox\" id=\"frm_checkbox_20-0\">\t\t\t<label  for=\"field_28zys2-0\">\n\t\t\t<input type=\"checkbox\" name=\"item_meta[20][]\" id=\"field_28zys2-0\" value=\"Consent\"  data-reqmsg=\"This field is required.\" data-invmsg=\"Ce champ est non valide\"   aria-required=\"true\"  \/> I accept <a href=\"https:\/\/eu.aimcontrollers.com\/privacy-policy\/\">newsletter terms<\/a><\/label><\/div>\n<\/div>\r\n    \r\n    \r\n<\/div>\n\t<input type=\"hidden\" name=\"item_key\" value=\"\" \/>\n\t\t\t<div id=\"frm_field_132_container\">\n\t\t\t<label for=\"field_vhikx\" >\n\t\t\t\tSi vous \u00eates un humain, ne remplissez pas ce champ.\t\t\t<\/label>\n\t\t\t<input  id=\"field_vhikx\" type=\"text\" class=\"frm_form_field form-field frm_verify\" name=\"item_meta[132]\" value=\"\"  \/>\n\t\t<\/div>\n\t\t<input name=\"frm_state\" type=\"hidden\" value=\"4MP1LvtaZtnMqYrKrQEEP24traF1i3i2fw9enJUO0r6dz3iYTP9VQBTEm\/Lt\/fdr\" \/><div class=\"frm_submit\">\r\n\r\n<button class=\"frm_button_submit frm_final_submit\" type=\"submit\"   formnovalidate=\"formnovalidate\">Sign up<\/button>\r\n\r\n<\/div><\/div>\n<\/fieldset>\n<\/div>\n\n<\/form>\n<\/div>\n\n\t\t<\/div>\n\t\t\t\t\t<\/div>\n\n\t\n<\/div>\n\t\t<\/div>\n\n\t\t\n<style>\n#section_1148253453 {\n  padding-top: 60px;\n  padding-bottom: 60px;\n  background-color: rgb(0,0,0);\n}\n<\/style>\n\t<\/section>\n\t\n\n\t<section class=\"section dark\" id=\"section_1696181249\">\n\t\t<div class=\"section-bg fill\" >\n\t\t\t\t\t\t\t\t\t\n\t\t\t\n\n\t\t<\/div>\n\n\t\t\n\n\t\t<div class=\"section-content relative\">\n\t\t\t\n<div class=\"row align-center\"  id=\"row-1442676240\">\n\n\t<div id=\"col-1086737471\" class=\"col medium-12 small-12 large-10\"  >\n\t\t\t\t<div class=\"col-inner text-center\"  >\n\t\t\t\n\t\t\t\n<div class=\"container section-title-container\" ><h2 class=\"section-title section-title-center\"><b><\/b><span class=\"section-title-main\" style=\"font-size:180%;color:rgb(157, 68, 210);\">sur le projet<\/span><b><\/b><\/h2><\/div>\n\t<div id=\"text-836343194\" class=\"text\">\n\t\t\n<h2>La r\u00e9volution commence bient\u00f4t !<\/h2>\n\t\t\n<style>\n#text-836343194 {\n  font-size: 1.1rem;\n  text-align: center;\n}\n<\/style>\n\t<\/div>\n\t\n\t<div id=\"text-1140225479\" class=\"text\">\n\t\t\n<p>Quand les choses se g\u00e2tent, vous voulez la solution parfaite pour vos besoins. Une construction solide, durable, avec votre plus grand confort \u00e0 l&#8217;esprit, quelque chose qui vous permettra de vous adapter \u00e0 n&#8217;importe quel d\u00e9fi \u00e0 la vol\u00e9e sans perdre une seule pr\u00e9cieuse seconde de votre temps. Quelque chose sur lequel vous pouvez compter et dont vous pouvez profiter pour vous \u00e9lever \u00e0 des hauteurs inaccessibles auparavant. Nous y sommes presque : les meilleures id\u00e9es et les nouvelles possibilit\u00e9s se m\u00e9langent pour cr\u00e9er un v\u00e9ritable &#8220;game changer&#8221;.<\/p>\n<p>Pas de compromis et pas d&#8217;excuses &#8211; bient\u00f4t vous aurez la chance de commencer \u00e0 jouer \u00e0 un niveau plus \u00e9lev\u00e9 que jamais auparavant avec une libert\u00e9 de choix stup\u00e9fiante &#8211; aucun sommet ne sera hors de votre port\u00e9e.<\/p>\n<p>Attachez vos ceintures et pr\u00e9parez-vous \u00e0 vivre le voyage de votre vie.<\/p>\n<p><strong>Le &#8220;Game changer&#8221; arrive.<\/strong><br \/>\n\t\t\n<style>\n#text-1140225479 {\n  font-size: 1.1rem;\n}\n<\/style>\n\t<\/div>\n\t\n\t\t<\/div>\n\t\t\t\t\t<\/div>\n\n\t\n<\/div>\n\t\t<\/div>\n\n\t\t\n<style>\n#section_1696181249 {\n  padding-top: 30px;\n  padding-bottom: 30px;\n  background-color: rgb(0,0,0);\n}\n<\/style>\n\t<\/section>\n\t\n\n\t<section class=\"section dark\" id=\"section_712674189\">\n\t\t<div class=\"section-bg fill\" >\n\t\t\t\t\t\t\t\t\t\n\t\t\t\n\t<div class=\"is-border\"\n\t\tstyle=\"border-color:rgb(235, 235, 235);border-width:1px 0px 0px 0px;\">\n\t<\/div>\n\n\t\t<\/div>\n\n\t\t\n\n\t\t<div class=\"section-content relative\">\n\t\t\t\n<div class=\"row\"  id=\"row-2088629520\">\n\n\t<div id=\"col-302411621\" class=\"col small-12 large-12\"  >\n\t\t\t\t<div class=\"col-inner text-center\"  >\n\t\t\t\n\t\t\t\n<div class=\"container section-title-container\" ><h2 class=\"section-title section-title-center\"><b><\/b><span class=\"section-title-main\" style=\"font-size:180%;color:rgb(157, 68, 210);\">Partagez cette nouvelle avec vos amis<\/span><b><\/b><\/h2><\/div>\n\t\t<\/div>\n\t\t\t\t\t<\/div>\n\n\t\n\n\t<div id=\"col-512575757\" class=\"col small-12 large-12\"  >\n\t\t\t\t<div class=\"col-inner\"  >\n\t\t\t\n\t\t\t\n<div class=\"social-icons share-icons share-row relative icon-style-fill\" style=\"font-size:130%\"><a href=\"whatsapp:\/\/send?text=Kickstarter - https:\/\/eu.aimcontrollers.com\/fr\/kickstarter\/\" data-action=\"share\/whatsapp\/share\" class=\"icon primary button circle tooltip whatsapp show-for-medium\" title=\"Partager sur WhatsApp\" aria-label=\"Partager sur WhatsApp\" ><i class=\"icon-whatsapp\" ><\/i><\/a><a href=\"https:\/\/www.facebook.com\/sharer.php?u=https:\/\/eu.aimcontrollers.com\/fr\/kickstarter\/\" data-label=\"Facebook\" onclick=\"window.open(this.href,this.title,'width=500,height=500,top=300px,left=300px'); return false;\" target=\"_blank\" class=\"icon primary button circle tooltip facebook\" title=\"Partager sur Facebook\" aria-label=\"Partager sur Facebook\" rel=\"noopener nofollow\" ><i class=\"icon-facebook\" ><\/i><\/a><a href=\"https:\/\/twitter.com\/share?url=https:\/\/eu.aimcontrollers.com\/fr\/kickstarter\/\" onclick=\"window.open(this.href,this.title,'width=500,height=500,top=300px,left=300px'); return false;\" target=\"_blank\" class=\"icon primary button circle tooltip twitter\" title=\"Partager sur Twitter\" aria-label=\"Partager sur Twitter\" rel=\"noopener nofollow\" ><i class=\"icon-twitter\" ><\/i><\/a><a href=\"mailto:?subject=Kickstarter&body=Regarde%20%C3%A7a%3A%20https%3A%2F%2Feu.aimcontrollers.com%2Ffr%2Fkickstarter%2F\" class=\"icon primary button circle tooltip email\" title=\"Envoyer par mail\" aria-label=\"Envoyer par mail\" rel=\"nofollow\" ><i class=\"icon-envelop\" ><\/i><\/a><a href=\"https:\/\/pinterest.com\/pin\/create\/button?url=https:\/\/eu.aimcontrollers.com\/fr\/kickstarter\/&media&description=Kickstarter\" onclick=\"window.open(this.href,this.title,'width=500,height=500,top=300px,left=300px'); return false;\" target=\"_blank\" class=\"icon primary button circle tooltip pinterest\" title=\"Epingler sur Pinterest\" aria-label=\"Epingler sur Pinterest\" rel=\"noopener nofollow\" ><i class=\"icon-pinterest\" ><\/i><\/a><a href=\"https:\/\/www.linkedin.com\/shareArticle?mini=true&url=https:\/\/eu.aimcontrollers.com\/fr\/kickstarter\/&title=Kickstarter\" onclick=\"window.open(this.href,this.title,'width=500,height=500,top=300px,left=300px'); return false;\" target=\"_blank\" class=\"icon primary button circle tooltip linkedin\" title=\"Partager sur LinkedIn\" aria-label=\"Partager sur LinkedIn\" rel=\"noopener nofollow\" ><i class=\"icon-linkedin\" ><\/i><\/a><\/div>\n\t\t<\/div>\n\t\t\t\t\t<\/div>\n\n\t\n<\/div>\n\t\t<\/div>\n\n\t\t\n<style>\n#section_712674189 {\n  padding-top: 60px;\n  padding-bottom: 60px;\n  background-color: rgb(0,0,0);\n}\n<\/style>\n\t<\/section>\n\t\n","protected":false},"excerpt":{"rendered":"","protected":false},"author":1,"featured_media":0,"parent":0,"menu_order":0,"comment_status":"closed","ping_status":"closed","template":"page-blank.php","meta":{"_acf_changed":false,"inline_featured_image":false,"footnotes":""},"misspellings":[],"class_list":["post-1273937","page","type-page","status-publish","hentry"],"acf":[],"yoast_head":"<!-- This site is optimized with the Yoast SEO Premium plugin v22.4 (Yoast SEO v27.2) - https:\/\/yoast.com\/product\/yoast-seo-premium-wordpress\/ -->\n<title>Kickstarter - Aimcontrollers<\/title>\n<meta name=\"robots\" content=\"index, follow, max-snippet:-1, max-image-preview:large, max-video-preview:-1\" \/>\n<link rel=\"canonical\" href=\"https:\/\/eu.aimcontrollers.com\/fr\/kickstarter\/\" \/>\n<meta property=\"og:locale\" content=\"fr_FR\" \/>\n<meta property=\"og:type\" content=\"article\" \/>\n<meta property=\"og:title\" content=\"Kickstarter\" \/>\n<meta property=\"og:url\" content=\"https:\/\/eu.aimcontrollers.com\/fr\/kickstarter\/\" \/>\n<meta property=\"og:site_name\" content=\"Aimcontrollers\" \/>\n<meta property=\"article:publisher\" content=\"http:\/\/www.facebook.com\/aimcontrollers\" \/>\n<meta property=\"article:modified_time\" content=\"2022-11-15T10:25:53+00:00\" \/>\n<meta name=\"twitter:card\" content=\"summary_large_image\" \/>\n<meta name=\"twitter:site\" content=\"@AimControllerss\" \/>\n<meta name=\"twitter:label1\" content=\"Dur\u00e9e de lecture estim\u00e9e\" \/>\n\t<meta name=\"twitter:data1\" content=\"2 minutes\" \/>\n<script type=\"application\/ld+json\" class=\"yoast-schema-graph\">{\"@context\":\"https:\/\/schema.org\",\"@graph\":[{\"@type\":\"WebPage\",\"@id\":\"https:\/\/eu.aimcontrollers.com\/fr\/kickstarter\/\",\"url\":\"https:\/\/eu.aimcontrollers.com\/fr\/kickstarter\/\",\"name\":\"Kickstarter - Aimcontrollers\",\"isPartOf\":{\"@id\":\"https:\/\/eu.aimcontrollers.com\/fr\/#website\"},\"datePublished\":\"2022-11-14T17:11:38+00:00\",\"dateModified\":\"2022-11-15T10:25:53+00:00\",\"breadcrumb\":{\"@id\":\"https:\/\/eu.aimcontrollers.com\/fr\/kickstarter\/#breadcrumb\"},\"inLanguage\":\"fr-FR\",\"potentialAction\":[{\"@type\":\"ReadAction\",\"target\":[\"https:\/\/eu.aimcontrollers.com\/fr\/kickstarter\/\"]}]},{\"@type\":\"BreadcrumbList\",\"@id\":\"https:\/\/eu.aimcontrollers.com\/fr\/kickstarter\/#breadcrumb\",\"itemListElement\":[{\"@type\":\"ListItem\",\"position\":1,\"name\":\"Home\",\"item\":\"https:\/\/eu.aimcontrollers.com\/fr\/\"},{\"@type\":\"ListItem\",\"position\":2,\"name\":\"Kickstarter\"}]},{\"@type\":\"WebSite\",\"@id\":\"https:\/\/eu.aimcontrollers.com\/fr\/#website\",\"url\":\"https:\/\/eu.aimcontrollers.com\/fr\/\",\"name\":\"AimControllers - The most affordable competitive controllers for Xbox, PlayStation and PC\",\"description\":\"Jedna z najwi\u0119kszych marek dostarczaj\u0105cych w pe\u0142ni modyfikowalne i oryginalne kontrolery.\",\"publisher\":{\"@id\":\"https:\/\/eu.aimcontrollers.com\/fr\/#organization\"},\"potentialAction\":[{\"@type\":\"SearchAction\",\"target\":{\"@type\":\"EntryPoint\",\"urlTemplate\":\"https:\/\/eu.aimcontrollers.com\/fr\/?s={search_term_string}\"},\"query-input\":{\"@type\":\"PropertyValueSpecification\",\"valueRequired\":true,\"valueName\":\"search_term_string\"}}],\"inLanguage\":\"fr-FR\"},{\"@type\":\"Organization\",\"@id\":\"https:\/\/eu.aimcontrollers.com\/fr\/#organization\",\"name\":\"Aimcontrollers\",\"url\":\"https:\/\/eu.aimcontrollers.com\/fr\/\",\"logo\":{\"@type\":\"ImageObject\",\"inLanguage\":\"fr-FR\",\"@id\":\"https:\/\/eu.aimcontrollers.com\/fr\/#\/schema\/logo\/image\/\",\"url\":\"\",\"contentUrl\":\"\",\"caption\":\"Aimcontrollers\"},\"image\":{\"@id\":\"https:\/\/eu.aimcontrollers.com\/fr\/#\/schema\/logo\/image\/\"},\"sameAs\":[\"http:\/\/www.facebook.com\/aimcontrollers\",\"https:\/\/x.com\/AimControllerss\",\"https:\/\/instagram.com\/aimcontrollers\/\",\"https:\/\/www.youtube.com\/user\/aimcontrollerspl\/videos\"]}]}<\/script>\n<!-- \/ Yoast SEO Premium plugin. -->","yoast_head_json":{"title":"Kickstarter - Aimcontrollers","robots":{"index":"index","follow":"follow","max-snippet":"max-snippet:-1","max-image-preview":"max-image-preview:large","max-video-preview":"max-video-preview:-1"},"canonical":"https:\/\/eu.aimcontrollers.com\/fr\/kickstarter\/","og_locale":"fr_FR","og_type":"article","og_title":"Kickstarter","og_url":"https:\/\/eu.aimcontrollers.com\/fr\/kickstarter\/","og_site_name":"Aimcontrollers","article_publisher":"http:\/\/www.facebook.com\/aimcontrollers","article_modified_time":"2022-11-15T10:25:53+00:00","twitter_card":"summary_large_image","twitter_site":"@AimControllerss","twitter_misc":{"Dur\u00e9e de lecture estim\u00e9e":"2 minutes"},"schema":{"@context":"https:\/\/schema.org","@graph":[{"@type":"WebPage","@id":"https:\/\/eu.aimcontrollers.com\/fr\/kickstarter\/","url":"https:\/\/eu.aimcontrollers.com\/fr\/kickstarter\/","name":"Kickstarter - Aimcontrollers","isPartOf":{"@id":"https:\/\/eu.aimcontrollers.com\/fr\/#website"},"datePublished":"2022-11-14T17:11:38+00:00","dateModified":"2022-11-15T10:25:53+00:00","breadcrumb":{"@id":"https:\/\/eu.aimcontrollers.com\/fr\/kickstarter\/#breadcrumb"},"inLanguage":"fr-FR","potentialAction":[{"@type":"ReadAction","target":["https:\/\/eu.aimcontrollers.com\/fr\/kickstarter\/"]}]},{"@type":"BreadcrumbList","@id":"https:\/\/eu.aimcontrollers.com\/fr\/kickstarter\/#breadcrumb","itemListElement":[{"@type":"ListItem","position":1,"name":"Home","item":"https:\/\/eu.aimcontrollers.com\/fr\/"},{"@type":"ListItem","position":2,"name":"Kickstarter"}]},{"@type":"WebSite","@id":"https:\/\/eu.aimcontrollers.com\/fr\/#website","url":"https:\/\/eu.aimcontrollers.com\/fr\/","name":"AimControllers - The most affordable competitive controllers for Xbox, PlayStation and PC","description":"Jedna z najwi\u0119kszych marek dostarczaj\u0105cych w pe\u0142ni modyfikowalne i oryginalne kontrolery.","publisher":{"@id":"https:\/\/eu.aimcontrollers.com\/fr\/#organization"},"potentialAction":[{"@type":"SearchAction","target":{"@type":"EntryPoint","urlTemplate":"https:\/\/eu.aimcontrollers.com\/fr\/?s={search_term_string}"},"query-input":{"@type":"PropertyValueSpecification","valueRequired":true,"valueName":"search_term_string"}}],"inLanguage":"fr-FR"},{"@type":"Organization","@id":"https:\/\/eu.aimcontrollers.com\/fr\/#organization","name":"Aimcontrollers","url":"https:\/\/eu.aimcontrollers.com\/fr\/","logo":{"@type":"ImageObject","inLanguage":"fr-FR","@id":"https:\/\/eu.aimcontrollers.com\/fr\/#\/schema\/logo\/image\/","url":"","contentUrl":"","caption":"Aimcontrollers"},"image":{"@id":"https:\/\/eu.aimcontrollers.com\/fr\/#\/schema\/logo\/image\/"},"sameAs":["http:\/\/www.facebook.com\/aimcontrollers","https:\/\/x.com\/AimControllerss","https:\/\/instagram.com\/aimcontrollers\/","https:\/\/www.youtube.com\/user\/aimcontrollerspl\/videos"]}]}},"_links":{"self":[{"href":"https:\/\/eu.aimcontrollers.com\/fr\/wp-json\/wp\/v2\/pages\/1273937","targetHints":{"allow":["GET"]}}],"collection":[{"href":"https:\/\/eu.aimcontrollers.com\/fr\/wp-json\/wp\/v2\/pages"}],"about":[{"href":"https:\/\/eu.aimcontrollers.com\/fr\/wp-json\/wp\/v2\/types\/page"}],"author":[{"embeddable":true,"href":"https:\/\/eu.aimcontrollers.com\/fr\/wp-json\/wp\/v2\/users\/1"}],"replies":[{"embeddable":true,"href":"https:\/\/eu.aimcontrollers.com\/fr\/wp-json\/wp\/v2\/comments?post=1273937"}],"version-history":[{"count":9,"href":"https:\/\/eu.aimcontrollers.com\/fr\/wp-json\/wp\/v2\/pages\/1273937\/revisions"}],"predecessor-version":[{"id":1274171,"href":"https:\/\/eu.aimcontrollers.com\/fr\/wp-json\/wp\/v2\/pages\/1273937\/revisions\/1274171"}],"wp:attachment":[{"href":"https:\/\/eu.aimcontrollers.com\/fr\/wp-json\/wp\/v2\/media?parent=1273937"}],"wp:term":[{"taxonomy":"misspellings","embeddable":true,"href":"https:\/\/eu.aimcontrollers.com\/fr\/wp-json\/wp\/v2\/misspellings?post=1273937"}],"curies":[{"name":"wp","href":"https:\/\/api.w.org\/{rel}","templated":true}]}}