{"id":1275979,"date":"2022-11-23T19:12:27","date_gmt":"2022-11-23T18:12:27","guid":{"rendered":"https:\/\/eu.aimcontrollers.com\/?page_id=1275979"},"modified":"2022-11-23T19:17:07","modified_gmt":"2022-11-23T18:17:07","slug":"questions-frequemment-posees","status":"publish","type":"page","link":"https:\/\/eu.aimcontrollers.com\/fr\/questions-frequemment-posees\/","title":{"rendered":"Questions fr\u00e9quemment pos\u00e9es"},"content":{"rendered":"<h3 class=\"accordion_title\">FAQ<\/h3><div class=\"accordion\">\n\t<div id=\"accordion-2716863145\" class=\"accordion-item\">\n\t\t<a id=\"accordion-2716863145-label\" class=\"accordion-title plain\" href=\"#accordion-item-combien-de-temps-faut-il-pour-recevoir-ma-commande-?\" aria-expanded=\"false\" aria-controls=\"accordion-2716863145-content\" >\n\t\t\t<button class=\"toggle\" aria-label=\"Basculer\"><i class=\"icon-angle-down\"><\/i><\/button>\n\t\t\t<span>Combien de temps faut-il pour recevoir ma commande ?<\/span>\n\t\t<\/a>\n\t\t<div id=\"accordion-2716863145-content\" class=\"accordion-inner\" aria-labelledby=\"accordion-2716863145-label\" >\n\t\t\t\n<p>Pour les manettes, le d\u00e9lai de traitement estim\u00e9 est de 4 \u00e0 7 semaines, la commande est ensuite envoy\u00e9e. Cependant, lorsque, par exemple, l&#8217;un des composants n&#8217;est pas disponible (par exemple,  coque avant indisponible ou nombre de commandes important) Aimcontrollers se r\u00e9serve le droit de prolonger ce d\u00e9lai.  Dans ce cas, le client doit \u00eatre inform\u00e9 du retard possible et avoir la possibilit\u00e9 de modifier la configuration. Les autres commandes (sticks, c\u00e2bles, accessoires) sont trait\u00e9es dans les 5 jours ouvrables + d\u00e9lai de livraison.<\/p>\n\t\t<\/div>\n\t<\/div>\n\t\n\t<div id=\"accordion-2964728243\" class=\"accordion-item\">\n\t\t<a id=\"accordion-2964728243-label\" class=\"accordion-title plain\" href=\"#accordion-item-les-produits-sont-ils-couverts-par-la-garantie-?\" aria-expanded=\"false\" aria-controls=\"accordion-2964728243-content\" >\n\t\t\t<button class=\"toggle\" aria-label=\"Basculer\"><i class=\"icon-angle-down\"><\/i><\/button>\n\t\t\t<span>Les produits sont-ils couverts par la garantie ?<\/span>\n\t\t<\/a>\n\t\t<div id=\"accordion-2964728243-content\" class=\"accordion-inner\" aria-labelledby=\"accordion-2964728243-label\" >\n\t\t\t\n<p><strong>Chacune de nos manettes est livr\u00e9e avec une garantie \u00e0 vie.<\/strong><\/p>\n<p>La garantie couvre les \u00e9l\u00e9ments suivants: vernis (motif) appliqu\u00e9 sur la manette, les boutons, les smart triggers, les smart bumpers, les palettes AIM<\/p>\n<p><strong>la garantie ne couvre pas :<\/strong><br \/>les dommages dus \u00e0 une mauvaise utilisation (casse, inondations)<br \/>la manette qui a \u00e9t\u00e9 ouverte (c&#8217;est \u00e0 dire que le sceau de garantie a \u00e9t\u00e9 rompu)<\/p>\n<p><strong>Quelque chose a cess\u00e9 de fonctionner dans ma manette \u2013 que dois-je faire ?<\/strong> Pour effectuer une r\u00e9clamation il faut : remplir le formulaire de r\u00e9clamation qui se trouve sous ce lien. Si tu ne peux pas imprimer le formulaire, tu dois renvoyer la manette \u00e0 l&#8217;adresse suivante, en joignant au colis: une copie de la facture re\u00e7ue par mail apr\u00e8s avoir pass\u00e9 la commande et une description d\u00e9taill\u00e9e du probl\u00e9me.<\/p>\n<p><strong>LES MANETTES ENVOY\u00c9ES SANS AUCUNE INFORMATION DE TYPE: NUM\u00c9RO DE FACTURE \/ ADRESSE\/E-MAIL, NE SERONT PAS R\u00c9PAR\u00c9ES !<\/strong><\/p>\n<p>Envoyer la manette \u00e0 notre adresse,<br \/>Aimcontrollers<br \/>18-500 Kolno<br \/>Zabiele 184<br \/>Pologne<\/p>\n<p>La p\u00e9riode d&#8217;examen de la garantie est d&#8217;au maximum 14 jours, ensuite il faut compter un maximum de 14 jours suppl\u00e9mentaires de r\u00e9paration\u00a0 Apr\u00e8s r\u00e9paration, la manette sera renvoy\u00e9e \u00e0 l&#8217;adresse de facturation. En cas de changement d&#8217;adresse, tu dois inclure des informations \u00e0 ce sujet de fa\u00e7on visible dans le colis.<\/p>\n\t\t<\/div>\n\t<\/div>\n\t\n\t<div id=\"accordion-3794474576\" class=\"accordion-item\">\n\t\t<a id=\"accordion-3794474576-label\" class=\"accordion-title plain\" href=\"#accordion-item-le-contr\u00f4leur-a-cess\u00e9-de-me-plaire-\u2013-puis-je-le-retourner-?\" aria-expanded=\"false\" aria-controls=\"accordion-3794474576-content\" >\n\t\t\t<button class=\"toggle\" aria-label=\"Basculer\"><i class=\"icon-angle-down\"><\/i><\/button>\n\t\t\t<span>Le contr\u00f4leur a cess\u00e9 de me plaire \u2013 puis-je le retourner ?<\/span>\n\t\t<\/a>\n\t\t<div id=\"accordion-3794474576-content\" class=\"accordion-inner\" aria-labelledby=\"accordion-3794474576-label\" >\n\t\t\t\n<p><strong>Malheureusement, cela n&#8217;est pas possible.<\/strong> Chaque manette est con\u00e7ue pour des commandes individuelles, il n&#8217;y a donc aucune possibilit\u00e9 de retourner le produit achet\u00e9.<\/p>\n\t\t<\/div>\n\t<\/div>\n\t\n\t<div id=\"accordion-2212012941\" class=\"accordion-item\">\n\t\t<a id=\"accordion-2212012941-label\" class=\"accordion-title plain\" href=\"#accordion-item-pourquoi-le-motif-sur-mon-contr\u00f4leur-est-il-diff\u00e9rent-du-mod\u00e8le-sur-le-site-?\" aria-expanded=\"false\" aria-controls=\"accordion-2212012941-content\" >\n\t\t\t<button class=\"toggle\" aria-label=\"Basculer\"><i class=\"icon-angle-down\"><\/i><\/button>\n\t\t\t<span>Pourquoi le motif sur mon contr\u00f4leur est-il diff\u00e9rent du mod\u00e8le sur le site ?<\/span>\n\t\t<\/a>\n\t\t<div id=\"accordion-2212012941-content\" class=\"accordion-inner\" aria-labelledby=\"accordion-2212012941-label\" >\n\t\t\t\n<p><strong>Les conceptions peuvent diff\u00e9rer l\u00e9g\u00e8rement de celles de la page<\/strong> \u2013 cela est d\u00fb au fait qu&#8217;elles sont fabriqu\u00e9es avec une technique hydrographique. Dans ce cas, le motif d\u00e9pend de la mani\u00e8re dont le film sera appliqu\u00e9 sur la manette. Pour les coques qui ont des couleurs unies \u2013 la teinte peut \u00eatre l\u00e9g\u00e8rement diff\u00e9rente de celle du site internet.<\/p>\n\t\t<\/div>\n\t<\/div>\n\t\n\t<div id=\"accordion-893022380\" class=\"accordion-item\">\n\t\t<a id=\"accordion-893022380-label\" class=\"accordion-title plain\" href=\"#accordion-item-je-voudrais-annuler-la-commande-\u2013-comment-faire-?\" aria-expanded=\"false\" aria-controls=\"accordion-893022380-content\" >\n\t\t\t<button class=\"toggle\" aria-label=\"Basculer\"><i class=\"icon-angle-down\"><\/i><\/button>\n\t\t\t<span>Je voudrais annuler la commande \u2013 comment faire ?<\/span>\n\t\t<\/a>\n\t\t<div id=\"accordion-893022380-content\" class=\"accordion-inner\" aria-labelledby=\"accordion-893022380-label\" >\n\t\t\t\n<p><strong>L&#8217;annulation est possible jusqu&#8217;\u00e0 maximum 24 heures apr\u00e8s avoir pass\u00e9 la commande<\/strong>, apr\u00e8s cette p\u00e9riode, il n&#8217;est plus possible d&#8217;annuler la commande. Ce d\u00e9lai est compt\u00e9 \u00e0 partir du moment o\u00f9 tu passes la commande jusqu&#8217;\u00e0 la r\u00e9ception de l&#8217;e-mail de notification d&#8217;annulation.<\/p>\n\t\t<\/div>\n\t<\/div>\n\t\n\t<div id=\"accordion-1001445933\" class=\"accordion-item\">\n\t\t<a id=\"accordion-1001445933-label\" class=\"accordion-title plain\" href=\"#accordion-item-en-quoi-les-palettes-spider-action-diff\u00e8rent-elles-des-spider-remapping-action-?\" aria-expanded=\"false\" aria-controls=\"accordion-1001445933-content\" >\n\t\t\t<button class=\"toggle\" aria-label=\"Basculer\"><i class=\"icon-angle-down\"><\/i><\/button>\n\t\t\t<span>En quoi les palettes Spider Action diff\u00e8rent-elles des Spider Remapping Action ?<\/span>\n\t\t<\/a>\n\t\t<div id=\"accordion-1001445933-content\" class=\"accordion-inner\" aria-labelledby=\"accordion-1001445933-label\" >\n\t\t\t\n<p>Le concept de &#8220;remapping&#8221; signifie que les palettes sont programmables. Pour les Spider Action V1 classiques, les boutons de palettes sont assign\u00e9s pour toujours. Dans le cas de Spider Remapping Action v1, tu peux \u00e0 tout moment attribuer toi-m\u00eame des boutons aux palettes. L&#8217;ensemble du processus ne prend pas plus de 2 minutes.<\/p>\n\t\t<\/div>\n\t<\/div>\n\t\n\t<div id=\"accordion-3548218697\" class=\"accordion-item\">\n\t\t<a id=\"accordion-3548218697-label\" class=\"accordion-title plain\" href=\"#accordion-item-qu&#039;est-ce-que-smart-trigger\/smart-bumper-et-en-quoi-diff\u00e8rent-ils-des-boutons-normaux-?\" aria-expanded=\"false\" aria-controls=\"accordion-3548218697-content\" >\n\t\t\t<button class=\"toggle\" aria-label=\"Basculer\"><i class=\"icon-angle-down\"><\/i><\/button>\n\t\t\t<span>Qu'est-ce que Smart Trigger\/Smart Bumper et en quoi diff\u00e8rent-ils des boutons normaux ?<\/span>\n\t\t<\/a>\n\t\t<div id=\"accordion-3548218697-content\" class=\"accordion-inner\" aria-labelledby=\"accordion-3548218697-label\" >\n\t\t\t\n<p>Dans le cas de Smart Triggers et Smart Bumpers, l&#8217;ensemble du fonctionnement d&#8217;un bouton passe de l&#8217;analogique au num\u00e9rique. Cela signifie que ces boutons fonctionnent sur le principe d&#8217;un clic rapide et court (similaire au clic d&#8217;une souris d&#8217;ordinateur). Ces boutons sont caract\u00e9ris\u00e9s par un clic court et un son caract\u00e9ristique. Ils am\u00e9liorent notre temps de r\u00e9ponse, donc ils sont parfaits pour les jeux de tirs. Dans les jeux de voiture, en revanche, cette solution n&#8217;est pas recommand\u00e9e car elle fonctionne \u00e0 plein r\u00e9gime ou pas du tout.<\/p>\n\t\t<\/div>\n\t<\/div>\n\t\n\t<div id=\"accordion-966649899\" class=\"accordion-item\">\n\t\t<a id=\"accordion-966649899-label\" class=\"accordion-title plain\" href=\"#accordion-item-qu&#039;est-ce-que-speedy-aim-et-en-quoi-est-il-diff\u00e9rent-d&#039;ups-express-?\" aria-expanded=\"false\" aria-controls=\"accordion-966649899-content\" >\n\t\t\t<button class=\"toggle\" aria-label=\"Basculer\"><i class=\"icon-angle-down\"><\/i><\/button>\n\t\t\t<span>Qu'est-ce que Speedy Aim et en quoi est-il diff\u00e9rent d'UPS Express ?<\/span>\n\t\t<\/a>\n\t\t<div id=\"accordion-966649899-content\" class=\"accordion-inner\" aria-labelledby=\"accordion-966649899-label\" >\n\t\t\t\n<p>L&#8217;option Speedy Aim signifie que la commande est trait\u00e9e en priorit\u00e9. Temps d&#8217;assemblage de la manette est de maximum 3 jours ouvrables, apr\u00e8s ce d\u00e9lai, la commande est exp\u00e9di\u00e9e. Aux 3 jours ouvrables, il faut ajouter le d\u00e9lai de livraison (2-7 jours ouvrables).<br \/>UPS Express signifie que la commande sera exp\u00e9di\u00e9e par avion au lieu de la voiture.<br \/>UPS Express ne signifie pas une ex\u00e9cution plus rapide de la commande, il s&#8217;agit seulement d&#8217;une option d&#8217;exp\u00e9dition plus rapide !<\/p>\n\t\t<\/div>\n\t<\/div>\n\t\n\t<div id=\"accordion-2840319682\" class=\"accordion-item\">\n\t\t<a id=\"accordion-2840319682-label\" class=\"accordion-title plain\" href=\"#accordion-item-je-ne-peux-pas-payer-la-commande-\/-ma-carte-est-refus\u00e9e-\/-je-n&#039;ai-pas-de-compte-paypal-\/-compte-bancaire-\u2013-existe-t-il-d&#039;autres-moyens-de-payer-la-commande-?\" aria-expanded=\"false\" aria-controls=\"accordion-2840319682-content\" >\n\t\t\t<button class=\"toggle\" aria-label=\"Basculer\"><i class=\"icon-angle-down\"><\/i><\/button>\n\t\t\t<span>Je ne peux pas payer la commande \/ ma carte est refus\u00e9e \/ je n'ai pas de compte PayPal \/ compte bancaire \u2013 existe-t-il d'autres moyens de payer la commande ?<\/span>\n\t\t<\/a>\n\t\t<div id=\"accordion-2840319682-content\" class=\"accordion-inner\" aria-labelledby=\"accordion-2840319682-label\" >\n\t\t\t\n<p>Dans le cas o\u00f9 le paiement a \u00e9t\u00e9 refus\u00e9, il est possible de faire un virement bancaire. Cependant, nous recommandons d&#8217;utiliser les paiements rapides disponibles sur notre site, car ces commandes sont ex\u00e9cut\u00e9es beaucoup plus rapidement.<br \/>Si cela n&#8217;est pas possible, passe d&#8217;abord la commande, puis effectue un virement sur le compte suivant, en fonction de la devise dans laquelle la commande a \u00e9t\u00e9 pass\u00e9e:<br \/><strong>Donn\u00e9es pour tous les comptes:<\/strong><br \/>AimLimitles Sp. z o.o.<br \/>SWIFT: BPKOPLPW<br \/>Titre du virement : num\u00e9ro de la commande<br \/><strong>Commandes en euros:<\/strong><br \/>PL78 1020 1332 0000 1702 1304 0292<\/p>\n<p><strong>Commandes en PLN:<\/strong><br \/>PL43 1020 1332 0000 1602 1159 5768<\/p>\n<p><strong>Commandes en USD:<\/strong><br \/>PL21 1020 1332 0000 1602 1304 0300<\/p>\n<p><strong>Apr\u00e8s avoir effectu\u00e9 le virement, envoie un courriel \u00e0 eusupport@aimcontrollers.com avec la preuve de paiement.<\/strong><\/p>\n\t\t<\/div>\n\t<\/div>\n\t\n<\/div>\n","protected":false},"excerpt":{"rendered":"","protected":false},"author":1,"featured_media":0,"parent":0,"menu_order":0,"comment_status":"closed","ping_status":"closed","template":"","meta":{"_acf_changed":false,"inline_featured_image":false,"footnotes":""},"misspellings":[],"class_list":["post-1275979","page","type-page","status-publish","hentry"],"acf":[],"yoast_head":"<!-- This site is optimized with the Yoast SEO Premium plugin v22.4 (Yoast SEO v27.2) - https:\/\/yoast.com\/product\/yoast-seo-premium-wordpress\/ -->\n<title>Questions fr\u00e9quemment pos\u00e9es - Aimcontrollers<\/title>\n<meta name=\"robots\" content=\"index, follow, max-snippet:-1, max-image-preview:large, max-video-preview:-1\" \/>\n<link rel=\"canonical\" href=\"https:\/\/eu.aimcontrollers.com\/fr\/questions-frequemment-posees\/\" \/>\n<meta property=\"og:locale\" content=\"fr_FR\" \/>\n<meta property=\"og:type\" content=\"article\" \/>\n<meta property=\"og:title\" content=\"Questions fr\u00e9quemment pos\u00e9es\" \/>\n<meta property=\"og:url\" content=\"https:\/\/eu.aimcontrollers.com\/fr\/questions-frequemment-posees\/\" \/>\n<meta property=\"og:site_name\" content=\"Aimcontrollers\" \/>\n<meta property=\"article:publisher\" content=\"http:\/\/www.facebook.com\/aimcontrollers\" \/>\n<meta property=\"article:modified_time\" content=\"2022-11-23T18:17:07+00:00\" \/>\n<meta name=\"twitter:card\" content=\"summary_large_image\" \/>\n<meta name=\"twitter:site\" content=\"@AimControllerss\" \/>\n<meta name=\"twitter:label1\" content=\"Dur\u00e9e de lecture estim\u00e9e\" \/>\n\t<meta name=\"twitter:data1\" content=\"5 minutes\" \/>\n<script type=\"application\/ld+json\" class=\"yoast-schema-graph\">{\"@context\":\"https:\/\/schema.org\",\"@graph\":[{\"@type\":\"WebPage\",\"@id\":\"https:\/\/eu.aimcontrollers.com\/fr\/questions-frequemment-posees\/\",\"url\":\"https:\/\/eu.aimcontrollers.com\/fr\/questions-frequemment-posees\/\",\"name\":\"Questions fr\u00e9quemment pos\u00e9es - Aimcontrollers\",\"isPartOf\":{\"@id\":\"https:\/\/eu.aimcontrollers.com\/fr\/#website\"},\"datePublished\":\"2022-11-23T18:12:27+00:00\",\"dateModified\":\"2022-11-23T18:17:07+00:00\",\"breadcrumb\":{\"@id\":\"https:\/\/eu.aimcontrollers.com\/fr\/questions-frequemment-posees\/#breadcrumb\"},\"inLanguage\":\"fr-FR\",\"potentialAction\":[{\"@type\":\"ReadAction\",\"target\":[\"https:\/\/eu.aimcontrollers.com\/fr\/questions-frequemment-posees\/\"]}]},{\"@type\":\"BreadcrumbList\",\"@id\":\"https:\/\/eu.aimcontrollers.com\/fr\/questions-frequemment-posees\/#breadcrumb\",\"itemListElement\":[{\"@type\":\"ListItem\",\"position\":1,\"name\":\"Home\",\"item\":\"https:\/\/eu.aimcontrollers.com\/fr\/\"},{\"@type\":\"ListItem\",\"position\":2,\"name\":\"Questions fr\u00e9quemment pos\u00e9es\"}]},{\"@type\":\"WebSite\",\"@id\":\"https:\/\/eu.aimcontrollers.com\/fr\/#website\",\"url\":\"https:\/\/eu.aimcontrollers.com\/fr\/\",\"name\":\"AimControllers - The most affordable competitive controllers for Xbox, PlayStation and PC\",\"description\":\"Jedna z najwi\u0119kszych marek dostarczaj\u0105cych w pe\u0142ni modyfikowalne i oryginalne kontrolery.\",\"publisher\":{\"@id\":\"https:\/\/eu.aimcontrollers.com\/fr\/#organization\"},\"potentialAction\":[{\"@type\":\"SearchAction\",\"target\":{\"@type\":\"EntryPoint\",\"urlTemplate\":\"https:\/\/eu.aimcontrollers.com\/fr\/?s={search_term_string}\"},\"query-input\":{\"@type\":\"PropertyValueSpecification\",\"valueRequired\":true,\"valueName\":\"search_term_string\"}}],\"inLanguage\":\"fr-FR\"},{\"@type\":\"Organization\",\"@id\":\"https:\/\/eu.aimcontrollers.com\/fr\/#organization\",\"name\":\"Aimcontrollers\",\"url\":\"https:\/\/eu.aimcontrollers.com\/fr\/\",\"logo\":{\"@type\":\"ImageObject\",\"inLanguage\":\"fr-FR\",\"@id\":\"https:\/\/eu.aimcontrollers.com\/fr\/#\/schema\/logo\/image\/\",\"url\":\"\",\"contentUrl\":\"\",\"caption\":\"Aimcontrollers\"},\"image\":{\"@id\":\"https:\/\/eu.aimcontrollers.com\/fr\/#\/schema\/logo\/image\/\"},\"sameAs\":[\"http:\/\/www.facebook.com\/aimcontrollers\",\"https:\/\/x.com\/AimControllerss\",\"https:\/\/instagram.com\/aimcontrollers\/\",\"https:\/\/www.youtube.com\/user\/aimcontrollerspl\/videos\"]}]}<\/script>\n<!-- \/ Yoast SEO Premium plugin. -->","yoast_head_json":{"title":"Questions fr\u00e9quemment pos\u00e9es - Aimcontrollers","robots":{"index":"index","follow":"follow","max-snippet":"max-snippet:-1","max-image-preview":"max-image-preview:large","max-video-preview":"max-video-preview:-1"},"canonical":"https:\/\/eu.aimcontrollers.com\/fr\/questions-frequemment-posees\/","og_locale":"fr_FR","og_type":"article","og_title":"Questions fr\u00e9quemment pos\u00e9es","og_url":"https:\/\/eu.aimcontrollers.com\/fr\/questions-frequemment-posees\/","og_site_name":"Aimcontrollers","article_publisher":"http:\/\/www.facebook.com\/aimcontrollers","article_modified_time":"2022-11-23T18:17:07+00:00","twitter_card":"summary_large_image","twitter_site":"@AimControllerss","twitter_misc":{"Dur\u00e9e de lecture estim\u00e9e":"5 minutes"},"schema":{"@context":"https:\/\/schema.org","@graph":[{"@type":"WebPage","@id":"https:\/\/eu.aimcontrollers.com\/fr\/questions-frequemment-posees\/","url":"https:\/\/eu.aimcontrollers.com\/fr\/questions-frequemment-posees\/","name":"Questions fr\u00e9quemment pos\u00e9es - Aimcontrollers","isPartOf":{"@id":"https:\/\/eu.aimcontrollers.com\/fr\/#website"},"datePublished":"2022-11-23T18:12:27+00:00","dateModified":"2022-11-23T18:17:07+00:00","breadcrumb":{"@id":"https:\/\/eu.aimcontrollers.com\/fr\/questions-frequemment-posees\/#breadcrumb"},"inLanguage":"fr-FR","potentialAction":[{"@type":"ReadAction","target":["https:\/\/eu.aimcontrollers.com\/fr\/questions-frequemment-posees\/"]}]},{"@type":"BreadcrumbList","@id":"https:\/\/eu.aimcontrollers.com\/fr\/questions-frequemment-posees\/#breadcrumb","itemListElement":[{"@type":"ListItem","position":1,"name":"Home","item":"https:\/\/eu.aimcontrollers.com\/fr\/"},{"@type":"ListItem","position":2,"name":"Questions fr\u00e9quemment pos\u00e9es"}]},{"@type":"WebSite","@id":"https:\/\/eu.aimcontrollers.com\/fr\/#website","url":"https:\/\/eu.aimcontrollers.com\/fr\/","name":"AimControllers - The most affordable competitive controllers for Xbox, PlayStation and PC","description":"Jedna z najwi\u0119kszych marek dostarczaj\u0105cych w pe\u0142ni modyfikowalne i oryginalne kontrolery.","publisher":{"@id":"https:\/\/eu.aimcontrollers.com\/fr\/#organization"},"potentialAction":[{"@type":"SearchAction","target":{"@type":"EntryPoint","urlTemplate":"https:\/\/eu.aimcontrollers.com\/fr\/?s={search_term_string}"},"query-input":{"@type":"PropertyValueSpecification","valueRequired":true,"valueName":"search_term_string"}}],"inLanguage":"fr-FR"},{"@type":"Organization","@id":"https:\/\/eu.aimcontrollers.com\/fr\/#organization","name":"Aimcontrollers","url":"https:\/\/eu.aimcontrollers.com\/fr\/","logo":{"@type":"ImageObject","inLanguage":"fr-FR","@id":"https:\/\/eu.aimcontrollers.com\/fr\/#\/schema\/logo\/image\/","url":"","contentUrl":"","caption":"Aimcontrollers"},"image":{"@id":"https:\/\/eu.aimcontrollers.com\/fr\/#\/schema\/logo\/image\/"},"sameAs":["http:\/\/www.facebook.com\/aimcontrollers","https:\/\/x.com\/AimControllerss","https:\/\/instagram.com\/aimcontrollers\/","https:\/\/www.youtube.com\/user\/aimcontrollerspl\/videos"]}]}},"_links":{"self":[{"href":"https:\/\/eu.aimcontrollers.com\/fr\/wp-json\/wp\/v2\/pages\/1275979","targetHints":{"allow":["GET"]}}],"collection":[{"href":"https:\/\/eu.aimcontrollers.com\/fr\/wp-json\/wp\/v2\/pages"}],"about":[{"href":"https:\/\/eu.aimcontrollers.com\/fr\/wp-json\/wp\/v2\/types\/page"}],"author":[{"embeddable":true,"href":"https:\/\/eu.aimcontrollers.com\/fr\/wp-json\/wp\/v2\/users\/1"}],"replies":[{"embeddable":true,"href":"https:\/\/eu.aimcontrollers.com\/fr\/wp-json\/wp\/v2\/comments?post=1275979"}],"version-history":[{"count":2,"href":"https:\/\/eu.aimcontrollers.com\/fr\/wp-json\/wp\/v2\/pages\/1275979\/revisions"}],"predecessor-version":[{"id":1275987,"href":"https:\/\/eu.aimcontrollers.com\/fr\/wp-json\/wp\/v2\/pages\/1275979\/revisions\/1275987"}],"wp:attachment":[{"href":"https:\/\/eu.aimcontrollers.com\/fr\/wp-json\/wp\/v2\/media?parent=1275979"}],"wp:term":[{"taxonomy":"misspellings","embeddable":true,"href":"https:\/\/eu.aimcontrollers.com\/fr\/wp-json\/wp\/v2\/misspellings?post=1275979"}],"curies":[{"name":"wp","href":"https:\/\/api.w.org\/{rel}","templated":true}]}}