{"id":1299052,"date":"2023-04-20T14:37:33","date_gmt":"2023-04-20T12:37:33","guid":{"rendered":"https:\/\/eu.aimcontrollers.com\/?page_id=1299052"},"modified":"2023-06-07T14:39:56","modified_gmt":"2023-06-07T12:39:56","slug":"edition-limitee-de-controleurs-ps5","status":"publish","type":"page","link":"https:\/\/eu.aimcontrollers.com\/fr\/manettes-ps5\/edition-limitee-de-controleurs-ps5\/","title":{"rendered":"Edition limit\u00e9e de Contr\u00f4leurs PS5"},"content":{"rendered":"\n\t<section class=\"section limited-hero\" id=\"section_399506733\">\n\t\t<div class=\"section-bg fill\" >\n\t\t\t\t\t\t\t\t\t<div class=\"section-bg-overlay absolute fill\"><\/div>\n\t\t\t\n\n\t\t<\/div>\n\n\t\t\n\n\t\t<div class=\"section-content relative\">\n\t\t\t\n<div class=\"row\"  id=\"row-897882935\">\n\n\t<div id=\"col-1257477838\" class=\"col small-12 large-12\"  >\n\t\t\t\t<div class=\"col-inner text-center\"  >\n\t\t\t\n\t\t\t\n\t<div id=\"gap-235492648\" class=\"gap-element clearfix\" style=\"display:block; height:auto;\">\n\t\t\n<style>\n#gap-235492648 {\n  padding-top: 60px;\n}\n<\/style>\n\t<\/div>\n\t\n<h2 style=\"font-size: 300%; text-align: center; color:white;\">Edition limit\u00e9e de Contr\u00f4leurs PS5<\/b><\/h2>\n\t\t<\/div>\n\t\t\t\t\t<\/div>\n\n\t\n<\/div>\n\t\t<\/div>\n\n\t\t\n<style>\n#section_399506733 {\n  padding-top: 0px;\n  padding-bottom: 0px;\n  min-height: 120px;\n  background-color: rgb(0,0,0);\n}\n#section_399506733 .section-bg-overlay {\n  background-color: rgba(0, 0, 0, 0.919);\n}\n<\/style>\n\t<\/section>\n\t\n\n\t<section class=\"section spring-hero dark has-mask mask-angled\" id=\"section_1549899829\">\n\t\t<div class=\"section-bg fill\" >\n\t\t\t\t\t\t\t<div class=\"video-overlay no-click fill hide-for-small\"><\/div>\n\t<video class=\"video-bg fill hide-for-small\" preload playsinline autoplay muted loop>\n\t\t<source src=\"https:\/\/eu.aimcontrollers.com\/wp-content\/uploads\/2023\/06\/fluo_animation_v2.mp4\" type=\"video\/mp4\">\t<\/video>\n\t\t\t<div class=\"section-bg-overlay absolute fill\"><\/div>\n\t\t\t\n\n\t\t<\/div>\n\n\t\t\n\n\t\t<div class=\"section-content relative\">\n\t\t\t\n<div class=\"row row-large align-middle\"  id=\"row-1314587581\">\n\n\t<div id=\"col-342033822\" class=\"col medium-12 small-12 large-4\"  >\n\t\t\t\t<div class=\"col-inner text-center text-shadow-2\"  >\n\t\t\t\n\t\t\t\n\t<div id=\"gap-842973697\" class=\"gap-element clearfix\" style=\"display:block; height:auto;\">\n\t\t\n<style>\n#gap-842973697 {\n  padding-top: 30px;\n}\n<\/style>\n\t<\/div>\n\t\n\t<div id=\"text-924268059\" class=\"text\">\n\t\t\n<h2 class=\"uppercase\" style=\"font-size: 220%;\">PS5 Fluo Collection<\/h2>\n\t\t\n<style>\n#text-924268059 {\n  font-size: 1rem;\n  text-align: left;\n}\n<\/style>\n\t<\/div>\n\t\n\t<div id=\"text-3585217625\" class=\"text\">\n\t\t\n<ul>\n<li>Contr\u00f4leurs personnalis\u00e9s avec panneau frontal phosphorescent<\/li>\n<li>L&#8217;\u00e9clat hypnotique de notre derni\u00e8re innovation, o\u00f9 le jeu rencontre la magie luminescente! Con\u00e7ue pour porter votre exp\u00e9rience de jeu \u00e0 un tout autre niveau, cette manette allie fonctionnalit\u00e9 et effet visuel.<\/li>\n<li>Que vous vous battiez dans des matchs multijoueurs intenses ou que vous exploriez des mondes virtuels, le design lumineux ajoutera certainement une couche suppl\u00e9mentaire d&#8217;excitation!<\/li>\n<\/ul>\n\t\t\n<style>\n#text-3585217625 {\n  font-size: 1rem;\n  text-align: left;\n}\n<\/style>\n\t<\/div>\n\t\n\t<div id=\"gap-1768709017\" class=\"gap-element clearfix\" style=\"display:block; height:auto;\">\n\t\t\n<style>\n#gap-1768709017 {\n  padding-top: 30px;\n}\n<\/style>\n\t<\/div>\n\t\n\t\t<\/div>\n\t\t\t\t\t<\/div>\n\n\t\n<\/div>\n\t\t<\/div>\n\n\t\t\n<style>\n#section_1549899829 {\n  padding-top: 45px;\n  padding-bottom: 45px;\n  background-color: rgb(0,0,0);\n}\n#section_1549899829 .section-bg-overlay {\n  background-color: rgba(0, 0, 0, 0.605);\n}\n<\/style>\n\t<\/section>\n\t\n\n\t<section class=\"section has-mask mask-angled\" id=\"section_216392555\">\n\t\t<div class=\"section-bg fill\" >\n\t\t\t\t\t\t\t\t\t\n\t\t\t\n\n\t\t<\/div>\n\n\t\t\n\n\t\t<div class=\"section-content relative\">\n\t\t\t\n<div class=\"row\"  id=\"row-705550410\">\n\n\t<div id=\"col-767523839\" class=\"col small-12 large-12\"  >\n\t\t\t\t<div class=\"col-inner\"  >\n\t\t\t\n\t\t\t\n\t\n  \n    <div class=\"row large-columns-5 medium-columns-2 small-columns-2 row-small\" >\n  <\/div>\n\t\t<\/div>\n\t\t\t\t\t<\/div>\n\n\t\n<\/div>\n\t\t<\/div>\n\n\t\t\n<style>\n#section_216392555 {\n  padding-top: 30px;\n  padding-bottom: 30px;\n  background-color: rgb(255,255,255);\n}\n<\/style>\n\t<\/section>\n\t\n","protected":false},"excerpt":{"rendered":"","protected":false},"author":1,"featured_media":0,"parent":1273637,"menu_order":0,"comment_status":"closed","ping_status":"closed","template":"page-blank.php","meta":{"_acf_changed":false,"inline_featured_image":false,"footnotes":""},"misspellings":[],"class_list":["post-1299052","page","type-page","status-publish","hentry"],"acf":[],"yoast_head":"<!-- This site is optimized with the Yoast SEO Premium plugin v22.4 (Yoast SEO v27.2) - https:\/\/yoast.com\/product\/yoast-seo-premium-wordpress\/ -->\n<title>Edition limit\u00e9e de Contr\u00f4leurs PS5 - Aimcontrollers<\/title>\n<meta name=\"robots\" content=\"index, follow, max-snippet:-1, max-image-preview:large, max-video-preview:-1\" \/>\n<link rel=\"canonical\" href=\"https:\/\/eu.aimcontrollers.com\/fr\/manettes-ps5\/edition-limitee-de-controleurs-ps5\/\" \/>\n<meta property=\"og:locale\" content=\"fr_FR\" \/>\n<meta property=\"og:type\" content=\"article\" \/>\n<meta property=\"og:title\" content=\"Edition limit\u00e9e de Contr\u00f4leurs PS5\" \/>\n<meta property=\"og:url\" content=\"https:\/\/eu.aimcontrollers.com\/fr\/manettes-ps5\/edition-limitee-de-controleurs-ps5\/\" \/>\n<meta property=\"og:site_name\" content=\"Aimcontrollers\" \/>\n<meta property=\"article:publisher\" content=\"http:\/\/www.facebook.com\/aimcontrollers\" \/>\n<meta property=\"article:modified_time\" content=\"2023-06-07T12:39:56+00:00\" \/>\n<meta name=\"twitter:card\" content=\"summary_large_image\" \/>\n<meta name=\"twitter:site\" content=\"@AimControllerss\" \/>\n<meta name=\"twitter:label1\" content=\"Dur\u00e9e de lecture estim\u00e9e\" \/>\n\t<meta name=\"twitter:data1\" content=\"1 minute\" \/>\n<script type=\"application\/ld+json\" class=\"yoast-schema-graph\">{\"@context\":\"https:\/\/schema.org\",\"@graph\":[{\"@type\":\"WebPage\",\"@id\":\"https:\/\/eu.aimcontrollers.com\/fr\/manettes-ps5\/edition-limitee-de-controleurs-ps5\/\",\"url\":\"https:\/\/eu.aimcontrollers.com\/fr\/manettes-ps5\/edition-limitee-de-controleurs-ps5\/\",\"name\":\"Edition limit\u00e9e de Contr\u00f4leurs PS5 - Aimcontrollers\",\"isPartOf\":{\"@id\":\"https:\/\/eu.aimcontrollers.com\/fr\/#website\"},\"datePublished\":\"2023-04-20T12:37:33+00:00\",\"dateModified\":\"2023-06-07T12:39:56+00:00\",\"breadcrumb\":{\"@id\":\"https:\/\/eu.aimcontrollers.com\/fr\/manettes-ps5\/edition-limitee-de-controleurs-ps5\/#breadcrumb\"},\"inLanguage\":\"fr-FR\",\"potentialAction\":[{\"@type\":\"ReadAction\",\"target\":[\"https:\/\/eu.aimcontrollers.com\/fr\/manettes-ps5\/edition-limitee-de-controleurs-ps5\/\"]}]},{\"@type\":\"BreadcrumbList\",\"@id\":\"https:\/\/eu.aimcontrollers.com\/fr\/manettes-ps5\/edition-limitee-de-controleurs-ps5\/#breadcrumb\",\"itemListElement\":[{\"@type\":\"ListItem\",\"position\":1,\"name\":\"Home\",\"item\":\"https:\/\/eu.aimcontrollers.com\/fr\/\"},{\"@type\":\"ListItem\",\"position\":2,\"name\":\"Manettes PS5\",\"item\":\"https:\/\/eu.aimcontrollers.com\/fr\/manettes-ps5\/\"},{\"@type\":\"ListItem\",\"position\":3,\"name\":\"Edition limit\u00e9e de Contr\u00f4leurs PS5\"}]},{\"@type\":\"WebSite\",\"@id\":\"https:\/\/eu.aimcontrollers.com\/fr\/#website\",\"url\":\"https:\/\/eu.aimcontrollers.com\/fr\/\",\"name\":\"AimControllers - The most affordable competitive controllers for Xbox, PlayStation and PC\",\"description\":\"Jedna z najwi\u0119kszych marek dostarczaj\u0105cych w pe\u0142ni modyfikowalne i oryginalne kontrolery.\",\"publisher\":{\"@id\":\"https:\/\/eu.aimcontrollers.com\/fr\/#organization\"},\"potentialAction\":[{\"@type\":\"SearchAction\",\"target\":{\"@type\":\"EntryPoint\",\"urlTemplate\":\"https:\/\/eu.aimcontrollers.com\/fr\/?s={search_term_string}\"},\"query-input\":{\"@type\":\"PropertyValueSpecification\",\"valueRequired\":true,\"valueName\":\"search_term_string\"}}],\"inLanguage\":\"fr-FR\"},{\"@type\":\"Organization\",\"@id\":\"https:\/\/eu.aimcontrollers.com\/fr\/#organization\",\"name\":\"Aimcontrollers\",\"url\":\"https:\/\/eu.aimcontrollers.com\/fr\/\",\"logo\":{\"@type\":\"ImageObject\",\"inLanguage\":\"fr-FR\",\"@id\":\"https:\/\/eu.aimcontrollers.com\/fr\/#\/schema\/logo\/image\/\",\"url\":\"\",\"contentUrl\":\"\",\"caption\":\"Aimcontrollers\"},\"image\":{\"@id\":\"https:\/\/eu.aimcontrollers.com\/fr\/#\/schema\/logo\/image\/\"},\"sameAs\":[\"http:\/\/www.facebook.com\/aimcontrollers\",\"https:\/\/x.com\/AimControllerss\",\"https:\/\/instagram.com\/aimcontrollers\/\",\"https:\/\/www.youtube.com\/user\/aimcontrollerspl\/videos\"]}]}<\/script>\n<!-- \/ Yoast SEO Premium plugin. -->","yoast_head_json":{"title":"Edition limit\u00e9e de Contr\u00f4leurs PS5 - Aimcontrollers","robots":{"index":"index","follow":"follow","max-snippet":"max-snippet:-1","max-image-preview":"max-image-preview:large","max-video-preview":"max-video-preview:-1"},"canonical":"https:\/\/eu.aimcontrollers.com\/fr\/manettes-ps5\/edition-limitee-de-controleurs-ps5\/","og_locale":"fr_FR","og_type":"article","og_title":"Edition limit\u00e9e de Contr\u00f4leurs PS5","og_url":"https:\/\/eu.aimcontrollers.com\/fr\/manettes-ps5\/edition-limitee-de-controleurs-ps5\/","og_site_name":"Aimcontrollers","article_publisher":"http:\/\/www.facebook.com\/aimcontrollers","article_modified_time":"2023-06-07T12:39:56+00:00","twitter_card":"summary_large_image","twitter_site":"@AimControllerss","twitter_misc":{"Dur\u00e9e de lecture estim\u00e9e":"1 minute"},"schema":{"@context":"https:\/\/schema.org","@graph":[{"@type":"WebPage","@id":"https:\/\/eu.aimcontrollers.com\/fr\/manettes-ps5\/edition-limitee-de-controleurs-ps5\/","url":"https:\/\/eu.aimcontrollers.com\/fr\/manettes-ps5\/edition-limitee-de-controleurs-ps5\/","name":"Edition limit\u00e9e de Contr\u00f4leurs PS5 - Aimcontrollers","isPartOf":{"@id":"https:\/\/eu.aimcontrollers.com\/fr\/#website"},"datePublished":"2023-04-20T12:37:33+00:00","dateModified":"2023-06-07T12:39:56+00:00","breadcrumb":{"@id":"https:\/\/eu.aimcontrollers.com\/fr\/manettes-ps5\/edition-limitee-de-controleurs-ps5\/#breadcrumb"},"inLanguage":"fr-FR","potentialAction":[{"@type":"ReadAction","target":["https:\/\/eu.aimcontrollers.com\/fr\/manettes-ps5\/edition-limitee-de-controleurs-ps5\/"]}]},{"@type":"BreadcrumbList","@id":"https:\/\/eu.aimcontrollers.com\/fr\/manettes-ps5\/edition-limitee-de-controleurs-ps5\/#breadcrumb","itemListElement":[{"@type":"ListItem","position":1,"name":"Home","item":"https:\/\/eu.aimcontrollers.com\/fr\/"},{"@type":"ListItem","position":2,"name":"Manettes PS5","item":"https:\/\/eu.aimcontrollers.com\/fr\/manettes-ps5\/"},{"@type":"ListItem","position":3,"name":"Edition limit\u00e9e de Contr\u00f4leurs PS5"}]},{"@type":"WebSite","@id":"https:\/\/eu.aimcontrollers.com\/fr\/#website","url":"https:\/\/eu.aimcontrollers.com\/fr\/","name":"AimControllers - The most affordable competitive controllers for Xbox, PlayStation and PC","description":"Jedna z najwi\u0119kszych marek dostarczaj\u0105cych w pe\u0142ni modyfikowalne i oryginalne kontrolery.","publisher":{"@id":"https:\/\/eu.aimcontrollers.com\/fr\/#organization"},"potentialAction":[{"@type":"SearchAction","target":{"@type":"EntryPoint","urlTemplate":"https:\/\/eu.aimcontrollers.com\/fr\/?s={search_term_string}"},"query-input":{"@type":"PropertyValueSpecification","valueRequired":true,"valueName":"search_term_string"}}],"inLanguage":"fr-FR"},{"@type":"Organization","@id":"https:\/\/eu.aimcontrollers.com\/fr\/#organization","name":"Aimcontrollers","url":"https:\/\/eu.aimcontrollers.com\/fr\/","logo":{"@type":"ImageObject","inLanguage":"fr-FR","@id":"https:\/\/eu.aimcontrollers.com\/fr\/#\/schema\/logo\/image\/","url":"","contentUrl":"","caption":"Aimcontrollers"},"image":{"@id":"https:\/\/eu.aimcontrollers.com\/fr\/#\/schema\/logo\/image\/"},"sameAs":["http:\/\/www.facebook.com\/aimcontrollers","https:\/\/x.com\/AimControllerss","https:\/\/instagram.com\/aimcontrollers\/","https:\/\/www.youtube.com\/user\/aimcontrollerspl\/videos"]}]}},"_links":{"self":[{"href":"https:\/\/eu.aimcontrollers.com\/fr\/wp-json\/wp\/v2\/pages\/1299052","targetHints":{"allow":["GET"]}}],"collection":[{"href":"https:\/\/eu.aimcontrollers.com\/fr\/wp-json\/wp\/v2\/pages"}],"about":[{"href":"https:\/\/eu.aimcontrollers.com\/fr\/wp-json\/wp\/v2\/types\/page"}],"author":[{"embeddable":true,"href":"https:\/\/eu.aimcontrollers.com\/fr\/wp-json\/wp\/v2\/users\/1"}],"replies":[{"embeddable":true,"href":"https:\/\/eu.aimcontrollers.com\/fr\/wp-json\/wp\/v2\/comments?post=1299052"}],"version-history":[{"count":12,"href":"https:\/\/eu.aimcontrollers.com\/fr\/wp-json\/wp\/v2\/pages\/1299052\/revisions"}],"predecessor-version":[{"id":1302071,"href":"https:\/\/eu.aimcontrollers.com\/fr\/wp-json\/wp\/v2\/pages\/1299052\/revisions\/1302071"}],"up":[{"embeddable":true,"href":"https:\/\/eu.aimcontrollers.com\/fr\/wp-json\/wp\/v2\/pages\/1273637"}],"wp:attachment":[{"href":"https:\/\/eu.aimcontrollers.com\/fr\/wp-json\/wp\/v2\/media?parent=1299052"}],"wp:term":[{"taxonomy":"misspellings","embeddable":true,"href":"https:\/\/eu.aimcontrollers.com\/fr\/wp-json\/wp\/v2\/misspellings?post=1299052"}],"curies":[{"name":"wp","href":"https:\/\/api.w.org\/{rel}","templated":true}]}}