{"id":1381347,"date":"2025-02-13T17:29:14","date_gmt":"2025-02-13T16:29:14","guid":{"rendered":"https:\/\/eu.aimcontrollers.com\/product\/aimcontrollers-station-daccueil-pour-ps5\/"},"modified":"2025-12-19T12:50:55","modified_gmt":"2025-12-19T11:50:55","slug":"aimcontrollers-station-daccueil-pour-ps5","status":"publish","type":"product","link":"https:\/\/eu.aimcontrollers.com\/fr\/produit\/aimcontrollers-station-daccueil-pour-ps5\/","title":{"rendered":"AimControllers Station d&#8217;accueil"},"content":{"rendered":"","protected":false},"excerpt":{"rendered":"<p>Gardez votre jeu en marche avec la station de charge AimControllers! Cette station \u00e9l\u00e9gante et robuste vous permet de recharger deux manettes simultan\u00e9ment, garantissant qu&#8217;elles soient toujours pr\u00eates pour l&#8217;action. Con\u00e7ue pour un ajustement parfait, m\u00eame avec des manettes modifi\u00e9es, c&#8217;est la solution de charge ultime pour chaque joueur.<\/p>\n","protected":false},"featured_media":1425038,"template":"","meta":{"_acf_changed":false,"inline_featured_image":false},"product_brand":[],"product_cat":[5054],"product_tag":[],"misspellings":[],"class_list":{"0":"post-1381347","1":"product","2":"type-product","3":"status-publish","4":"has-post-thumbnail","6":"product_cat-accessories-fr","8":"first","9":"instock","10":"taxable","11":"shipping-taxable","12":"purchasable","13":"product-type-simple"},"acf":[],"yoast_head":"<!-- This site is optimized with the Yoast SEO Premium plugin v22.4 (Yoast SEO v27.2) - https:\/\/yoast.com\/product\/yoast-seo-premium-wordpress\/ -->\n<title>AimControllers Station d&#039;accueil - Aimcontrollers<\/title>\n<meta name=\"robots\" content=\"index, follow, max-snippet:-1, max-image-preview:large, max-video-preview:-1\" \/>\n<link rel=\"canonical\" href=\"https:\/\/eu.aimcontrollers.com\/fr\/produit\/aimcontrollers-station-daccueil-pour-ps5\/\" \/>\n<meta property=\"og:locale\" content=\"fr_FR\" \/>\n<meta property=\"og:type\" content=\"article\" \/>\n<meta property=\"og:title\" content=\"AimControllers Station d&#039;accueil\" \/>\n<meta property=\"og:description\" content=\"Gardez votre jeu en marche avec la station de charge AimControllers! Cette station \u00e9l\u00e9gante et robuste vous permet de recharger deux manettes simultan\u00e9ment, garantissant qu&#039;elles soient toujours pr\u00eates pour l&#039;action. Con\u00e7ue pour un ajustement parfait, m\u00eame avec des manettes modifi\u00e9es, c&#039;est la solution de charge ultime pour chaque joueur.\" \/>\n<meta property=\"og:url\" content=\"https:\/\/eu.aimcontrollers.com\/fr\/produit\/aimcontrollers-station-daccueil-pour-ps5\/\" \/>\n<meta property=\"og:site_name\" content=\"Aimcontrollers\" \/>\n<meta property=\"article:publisher\" content=\"http:\/\/www.facebook.com\/aimcontrollers\" \/>\n<meta property=\"article:modified_time\" content=\"2025-12-19T11:50:55+00:00\" \/>\n<meta property=\"og:image\" content=\"https:\/\/eu.aimcontrollers.com\/wp-content\/uploads\/2025\/02\/produktowe.jpg\" \/>\n\t<meta property=\"og:image:width\" content=\"1000\" \/>\n\t<meta property=\"og:image:height\" content=\"1000\" \/>\n\t<meta property=\"og:image:type\" content=\"image\/jpeg\" \/>\n<meta name=\"twitter:card\" content=\"summary_large_image\" \/>\n<meta name=\"twitter:site\" content=\"@AimControllerss\" \/>\n<script type=\"application\/ld+json\" class=\"yoast-schema-graph\">{\"@context\":\"https:\/\/schema.org\",\"@graph\":[{\"@type\":\"WebPage\",\"@id\":\"https:\/\/eu.aimcontrollers.com\/fr\/produit\/aimcontrollers-station-daccueil-pour-ps5\/\",\"url\":\"https:\/\/eu.aimcontrollers.com\/fr\/produit\/aimcontrollers-station-daccueil-pour-ps5\/\",\"name\":\"AimControllers Station d'accueil - Aimcontrollers\",\"isPartOf\":{\"@id\":\"https:\/\/eu.aimcontrollers.com\/fr\/#website\"},\"primaryImageOfPage\":{\"@id\":\"https:\/\/eu.aimcontrollers.com\/fr\/produit\/aimcontrollers-station-daccueil-pour-ps5\/#primaryimage\"},\"image\":{\"@id\":\"https:\/\/eu.aimcontrollers.com\/fr\/produit\/aimcontrollers-station-daccueil-pour-ps5\/#primaryimage\"},\"thumbnailUrl\":\"https:\/\/eu.aimcontrollers.com\/wp-content\/uploads\/2025\/02\/produktowe.jpg\",\"datePublished\":\"2025-02-13T16:29:14+00:00\",\"dateModified\":\"2025-12-19T11:50:55+00:00\",\"breadcrumb\":{\"@id\":\"https:\/\/eu.aimcontrollers.com\/fr\/produit\/aimcontrollers-station-daccueil-pour-ps5\/#breadcrumb\"},\"inLanguage\":\"fr-FR\",\"potentialAction\":[{\"@type\":\"ReadAction\",\"target\":[\"https:\/\/eu.aimcontrollers.com\/fr\/produit\/aimcontrollers-station-daccueil-pour-ps5\/\"]}]},{\"@type\":\"ImageObject\",\"inLanguage\":\"fr-FR\",\"@id\":\"https:\/\/eu.aimcontrollers.com\/fr\/produit\/aimcontrollers-station-daccueil-pour-ps5\/#primaryimage\",\"url\":\"https:\/\/eu.aimcontrollers.com\/wp-content\/uploads\/2025\/02\/produktowe.jpg\",\"contentUrl\":\"https:\/\/eu.aimcontrollers.com\/wp-content\/uploads\/2025\/02\/produktowe.jpg\",\"width\":1000,\"height\":1000},{\"@type\":\"BreadcrumbList\",\"@id\":\"https:\/\/eu.aimcontrollers.com\/fr\/produit\/aimcontrollers-station-daccueil-pour-ps5\/#breadcrumb\",\"itemListElement\":[{\"@type\":\"ListItem\",\"position\":1,\"name\":\"Home\",\"item\":\"https:\/\/eu.aimcontrollers.com\/fr\/\"},{\"@type\":\"ListItem\",\"position\":2,\"name\":\"Shop\",\"item\":\"https:\/\/eu.aimcontrollers.com\/shop\/\"},{\"@type\":\"ListItem\",\"position\":3,\"name\":\"AimControllers Station d&#8217;accueil\"}]},{\"@type\":\"WebSite\",\"@id\":\"https:\/\/eu.aimcontrollers.com\/fr\/#website\",\"url\":\"https:\/\/eu.aimcontrollers.com\/fr\/\",\"name\":\"AimControllers - The most affordable competitive controllers for Xbox, PlayStation and PC\",\"description\":\"Jedna z najwi\u0119kszych marek dostarczaj\u0105cych w pe\u0142ni modyfikowalne i oryginalne kontrolery.\",\"publisher\":{\"@id\":\"https:\/\/eu.aimcontrollers.com\/fr\/#organization\"},\"potentialAction\":[{\"@type\":\"SearchAction\",\"target\":{\"@type\":\"EntryPoint\",\"urlTemplate\":\"https:\/\/eu.aimcontrollers.com\/fr\/?s={search_term_string}\"},\"query-input\":{\"@type\":\"PropertyValueSpecification\",\"valueRequired\":true,\"valueName\":\"search_term_string\"}}],\"inLanguage\":\"fr-FR\"},{\"@type\":\"Organization\",\"@id\":\"https:\/\/eu.aimcontrollers.com\/fr\/#organization\",\"name\":\"Aimcontrollers\",\"url\":\"https:\/\/eu.aimcontrollers.com\/fr\/\",\"logo\":{\"@type\":\"ImageObject\",\"inLanguage\":\"fr-FR\",\"@id\":\"https:\/\/eu.aimcontrollers.com\/fr\/#\/schema\/logo\/image\/\",\"url\":\"\",\"contentUrl\":\"\",\"caption\":\"Aimcontrollers\"},\"image\":{\"@id\":\"https:\/\/eu.aimcontrollers.com\/fr\/#\/schema\/logo\/image\/\"},\"sameAs\":[\"http:\/\/www.facebook.com\/aimcontrollers\",\"https:\/\/x.com\/AimControllerss\",\"https:\/\/instagram.com\/aimcontrollers\/\",\"https:\/\/www.youtube.com\/user\/aimcontrollerspl\/videos\"]}]}<\/script>\n<!-- \/ Yoast SEO Premium plugin. -->","yoast_head_json":{"title":"AimControllers Station d'accueil - Aimcontrollers","robots":{"index":"index","follow":"follow","max-snippet":"max-snippet:-1","max-image-preview":"max-image-preview:large","max-video-preview":"max-video-preview:-1"},"canonical":"https:\/\/eu.aimcontrollers.com\/fr\/produit\/aimcontrollers-station-daccueil-pour-ps5\/","og_locale":"fr_FR","og_type":"article","og_title":"AimControllers Station d'accueil","og_description":"Gardez votre jeu en marche avec la station de charge AimControllers! Cette station \u00e9l\u00e9gante et robuste vous permet de recharger deux manettes simultan\u00e9ment, garantissant qu'elles soient toujours pr\u00eates pour l'action. Con\u00e7ue pour un ajustement parfait, m\u00eame avec des manettes modifi\u00e9es, c'est la solution de charge ultime pour chaque joueur.","og_url":"https:\/\/eu.aimcontrollers.com\/fr\/produit\/aimcontrollers-station-daccueil-pour-ps5\/","og_site_name":"Aimcontrollers","article_publisher":"http:\/\/www.facebook.com\/aimcontrollers","article_modified_time":"2025-12-19T11:50:55+00:00","og_image":[{"width":1000,"height":1000,"url":"https:\/\/eu.aimcontrollers.com\/wp-content\/uploads\/2025\/02\/produktowe.jpg","type":"image\/jpeg"}],"twitter_card":"summary_large_image","twitter_site":"@AimControllerss","schema":{"@context":"https:\/\/schema.org","@graph":[{"@type":"WebPage","@id":"https:\/\/eu.aimcontrollers.com\/fr\/produit\/aimcontrollers-station-daccueil-pour-ps5\/","url":"https:\/\/eu.aimcontrollers.com\/fr\/produit\/aimcontrollers-station-daccueil-pour-ps5\/","name":"AimControllers Station d'accueil - Aimcontrollers","isPartOf":{"@id":"https:\/\/eu.aimcontrollers.com\/fr\/#website"},"primaryImageOfPage":{"@id":"https:\/\/eu.aimcontrollers.com\/fr\/produit\/aimcontrollers-station-daccueil-pour-ps5\/#primaryimage"},"image":{"@id":"https:\/\/eu.aimcontrollers.com\/fr\/produit\/aimcontrollers-station-daccueil-pour-ps5\/#primaryimage"},"thumbnailUrl":"https:\/\/eu.aimcontrollers.com\/wp-content\/uploads\/2025\/02\/produktowe.jpg","datePublished":"2025-02-13T16:29:14+00:00","dateModified":"2025-12-19T11:50:55+00:00","breadcrumb":{"@id":"https:\/\/eu.aimcontrollers.com\/fr\/produit\/aimcontrollers-station-daccueil-pour-ps5\/#breadcrumb"},"inLanguage":"fr-FR","potentialAction":[{"@type":"ReadAction","target":["https:\/\/eu.aimcontrollers.com\/fr\/produit\/aimcontrollers-station-daccueil-pour-ps5\/"]}]},{"@type":"ImageObject","inLanguage":"fr-FR","@id":"https:\/\/eu.aimcontrollers.com\/fr\/produit\/aimcontrollers-station-daccueil-pour-ps5\/#primaryimage","url":"https:\/\/eu.aimcontrollers.com\/wp-content\/uploads\/2025\/02\/produktowe.jpg","contentUrl":"https:\/\/eu.aimcontrollers.com\/wp-content\/uploads\/2025\/02\/produktowe.jpg","width":1000,"height":1000},{"@type":"BreadcrumbList","@id":"https:\/\/eu.aimcontrollers.com\/fr\/produit\/aimcontrollers-station-daccueil-pour-ps5\/#breadcrumb","itemListElement":[{"@type":"ListItem","position":1,"name":"Home","item":"https:\/\/eu.aimcontrollers.com\/fr\/"},{"@type":"ListItem","position":2,"name":"Shop","item":"https:\/\/eu.aimcontrollers.com\/shop\/"},{"@type":"ListItem","position":3,"name":"AimControllers Station d&#8217;accueil"}]},{"@type":"WebSite","@id":"https:\/\/eu.aimcontrollers.com\/fr\/#website","url":"https:\/\/eu.aimcontrollers.com\/fr\/","name":"AimControllers - The most affordable competitive controllers for Xbox, PlayStation and PC","description":"Jedna z najwi\u0119kszych marek dostarczaj\u0105cych w pe\u0142ni modyfikowalne i oryginalne kontrolery.","publisher":{"@id":"https:\/\/eu.aimcontrollers.com\/fr\/#organization"},"potentialAction":[{"@type":"SearchAction","target":{"@type":"EntryPoint","urlTemplate":"https:\/\/eu.aimcontrollers.com\/fr\/?s={search_term_string}"},"query-input":{"@type":"PropertyValueSpecification","valueRequired":true,"valueName":"search_term_string"}}],"inLanguage":"fr-FR"},{"@type":"Organization","@id":"https:\/\/eu.aimcontrollers.com\/fr\/#organization","name":"Aimcontrollers","url":"https:\/\/eu.aimcontrollers.com\/fr\/","logo":{"@type":"ImageObject","inLanguage":"fr-FR","@id":"https:\/\/eu.aimcontrollers.com\/fr\/#\/schema\/logo\/image\/","url":"","contentUrl":"","caption":"Aimcontrollers"},"image":{"@id":"https:\/\/eu.aimcontrollers.com\/fr\/#\/schema\/logo\/image\/"},"sameAs":["http:\/\/www.facebook.com\/aimcontrollers","https:\/\/x.com\/AimControllerss","https:\/\/instagram.com\/aimcontrollers\/","https:\/\/www.youtube.com\/user\/aimcontrollerspl\/videos"]}]}},"_links":{"self":[{"href":"https:\/\/eu.aimcontrollers.com\/fr\/wp-json\/wp\/v2\/product\/1381347","targetHints":{"allow":["GET"]}}],"collection":[{"href":"https:\/\/eu.aimcontrollers.com\/fr\/wp-json\/wp\/v2\/product"}],"about":[{"href":"https:\/\/eu.aimcontrollers.com\/fr\/wp-json\/wp\/v2\/types\/product"}],"wp:featuredmedia":[{"embeddable":true,"href":"https:\/\/eu.aimcontrollers.com\/fr\/wp-json\/wp\/v2\/media\/1425038"}],"wp:attachment":[{"href":"https:\/\/eu.aimcontrollers.com\/fr\/wp-json\/wp\/v2\/media?parent=1381347"}],"wp:term":[{"taxonomy":"product_brand","embeddable":true,"href":"https:\/\/eu.aimcontrollers.com\/fr\/wp-json\/wp\/v2\/product_brand?post=1381347"},{"taxonomy":"product_cat","embeddable":true,"href":"https:\/\/eu.aimcontrollers.com\/fr\/wp-json\/wp\/v2\/product_cat?post=1381347"},{"taxonomy":"product_tag","embeddable":true,"href":"https:\/\/eu.aimcontrollers.com\/fr\/wp-json\/wp\/v2\/product_tag?post=1381347"},{"taxonomy":"misspellings","embeddable":true,"href":"https:\/\/eu.aimcontrollers.com\/fr\/wp-json\/wp\/v2\/misspellings?post=1381347"}],"curies":[{"name":"wp","href":"https:\/\/api.w.org\/{rel}","templated":true}]}}