{"id":1428430,"date":"2026-01-21T11:14:50","date_gmt":"2026-01-21T10:14:50","guid":{"rendered":"https:\/\/eu.aimcontrollers.com\/product\/elite-gold-ps4-derniere-chance\/"},"modified":"2026-01-21T16:20:37","modified_gmt":"2026-01-21T15:20:37","slug":"elite-gold-ps4-derniere-chance","status":"publish","type":"product","link":"https:\/\/eu.aimcontrollers.com\/fr\/produit\/elite-gold-ps4-derniere-chance\/","title":{"rendered":"Elite Gold PS4 &#8211; Derni\u00e8re Chance"},"content":{"rendered":"","protected":false},"excerpt":{"rendered":"<p>C\u2019est votre derni\u00e8re opportunit\u00e9 d\u2019obtenir une manette PS4 vraiment exceptionnelle. Avec une magnifique finition dor\u00e9e \u00e0 l\u2019avant et \u00e0 l\u2019arri\u00e8re, recouverte de caoutchouc soft-touch pour un confort optimal, cette manette en \u00e9dition limit\u00e9e allie luxe et performances de niveau professionnel. Une fois qu\u2019elle sera partie, elle ne reviendra plus &#8211; ne manquez pas l\u2019occasion de poss\u00e9der un morceau d\u2019histoire du jeu vid\u00e9o !<\/p>\n<p>Caract\u00e9ristiques:<\/p>\n<ul>\n<li>Design unique<\/li>\n<li>AIMSticks interchangeables<\/li>\n<li>Palettes remappables<\/li>\n<li>Smart trigger<\/li>\n<\/ul>\n","protected":false},"featured_media":1428393,"template":"","meta":{"_acf_changed":false,"inline_featured_image":false},"product_brand":[],"product_cat":[5215],"product_tag":[5051,5381],"misspellings":[],"class_list":{"0":"post-1428430","1":"product","2":"type-product","3":"status-publish","4":"has-post-thumbnail","6":"product_cat-outlet-fr","7":"product_tag-ps4-controller-fr","8":"product_tag-specialoffers","10":"first","11":"instock","12":"taxable","13":"shipping-taxable","14":"purchasable","15":"product-type-simple"},"acf":[],"yoast_head":"<!-- This site is optimized with the Yoast SEO Premium plugin v22.4 (Yoast SEO v27.4) - https:\/\/yoast.com\/product\/yoast-seo-premium-wordpress\/ -->\n<title>Elite Gold PS4 - Derni\u00e8re Chance - Aimcontrollers<\/title>\n<meta name=\"robots\" content=\"index, follow, max-snippet:-1, max-image-preview:large, max-video-preview:-1\" \/>\n<link rel=\"canonical\" href=\"https:\/\/eu.aimcontrollers.com\/fr\/produit\/elite-gold-ps4-derniere-chance\/\" \/>\n<meta property=\"og:locale\" content=\"fr_FR\" \/>\n<meta property=\"og:type\" content=\"article\" \/>\n<meta property=\"og:title\" content=\"Elite Gold PS4 - Derni\u00e8re Chance\" \/>\n<meta property=\"og:description\" content=\"C\u2019est votre derni\u00e8re opportunit\u00e9 d\u2019obtenir une manette PS4 vraiment exceptionnelle. Avec une magnifique finition dor\u00e9e \u00e0 l\u2019avant et \u00e0 l\u2019arri\u00e8re, recouverte de caoutchouc soft-touch pour un confort optimal, cette manette en \u00e9dition limit\u00e9e allie luxe et performances de niveau professionnel. Une fois qu\u2019elle sera partie, elle ne reviendra plus - ne manquez pas l\u2019occasion de poss\u00e9der un morceau d\u2019histoire du jeu vid\u00e9o ! Caract\u00e9ristiques:  Design unique AIMSticks interchangeables Palettes remappables Smart trigger\" \/>\n<meta property=\"og:url\" content=\"https:\/\/eu.aimcontrollers.com\/fr\/produit\/elite-gold-ps4-derniere-chance\/\" \/>\n<meta property=\"og:site_name\" content=\"Aimcontrollers\" \/>\n<meta property=\"article:publisher\" content=\"http:\/\/www.facebook.com\/aimcontrollers\" \/>\n<meta property=\"article:modified_time\" content=\"2026-01-21T15:20:37+00:00\" \/>\n<meta property=\"og:image\" content=\"https:\/\/eu.aimcontrollers.com\/wp-content\/uploads\/2026\/01\/1.jpg\" \/>\n\t<meta property=\"og:image:width\" content=\"1000\" \/>\n\t<meta property=\"og:image:height\" content=\"1000\" \/>\n\t<meta property=\"og:image:type\" content=\"image\/jpeg\" \/>\n<meta name=\"twitter:card\" content=\"summary_large_image\" \/>\n<meta name=\"twitter:site\" content=\"@AimControllerss\" \/>\n<meta name=\"twitter:label1\" content=\"Dur\u00e9e de lecture estim\u00e9e\" \/>\n\t<meta name=\"twitter:data1\" content=\"1 minute\" \/>\n<script type=\"application\/ld+json\" class=\"yoast-schema-graph\">{\"@context\":\"https:\\\/\\\/schema.org\",\"@graph\":[{\"@type\":\"WebPage\",\"@id\":\"https:\\\/\\\/eu.aimcontrollers.com\\\/fr\\\/produit\\\/elite-gold-ps4-derniere-chance\\\/\",\"url\":\"https:\\\/\\\/eu.aimcontrollers.com\\\/fr\\\/produit\\\/elite-gold-ps4-derniere-chance\\\/\",\"name\":\"Elite Gold PS4 - Derni\u00e8re Chance - Aimcontrollers\",\"isPartOf\":{\"@id\":\"https:\\\/\\\/eu.aimcontrollers.com\\\/fr\\\/#website\"},\"primaryImageOfPage\":{\"@id\":\"https:\\\/\\\/eu.aimcontrollers.com\\\/fr\\\/produit\\\/elite-gold-ps4-derniere-chance\\\/#primaryimage\"},\"image\":{\"@id\":\"https:\\\/\\\/eu.aimcontrollers.com\\\/fr\\\/produit\\\/elite-gold-ps4-derniere-chance\\\/#primaryimage\"},\"thumbnailUrl\":\"https:\\\/\\\/eu.aimcontrollers.com\\\/wp-content\\\/uploads\\\/2026\\\/01\\\/1.jpg\",\"datePublished\":\"2026-01-21T10:14:50+00:00\",\"dateModified\":\"2026-01-21T15:20:37+00:00\",\"breadcrumb\":{\"@id\":\"https:\\\/\\\/eu.aimcontrollers.com\\\/fr\\\/produit\\\/elite-gold-ps4-derniere-chance\\\/#breadcrumb\"},\"inLanguage\":\"fr-FR\",\"potentialAction\":[{\"@type\":\"ReadAction\",\"target\":[\"https:\\\/\\\/eu.aimcontrollers.com\\\/fr\\\/produit\\\/elite-gold-ps4-derniere-chance\\\/\"]}]},{\"@type\":\"ImageObject\",\"inLanguage\":\"fr-FR\",\"@id\":\"https:\\\/\\\/eu.aimcontrollers.com\\\/fr\\\/produit\\\/elite-gold-ps4-derniere-chance\\\/#primaryimage\",\"url\":\"https:\\\/\\\/eu.aimcontrollers.com\\\/wp-content\\\/uploads\\\/2026\\\/01\\\/1.jpg\",\"contentUrl\":\"https:\\\/\\\/eu.aimcontrollers.com\\\/wp-content\\\/uploads\\\/2026\\\/01\\\/1.jpg\",\"width\":1000,\"height\":1000},{\"@type\":\"BreadcrumbList\",\"@id\":\"https:\\\/\\\/eu.aimcontrollers.com\\\/fr\\\/produit\\\/elite-gold-ps4-derniere-chance\\\/#breadcrumb\",\"itemListElement\":[{\"@type\":\"ListItem\",\"position\":1,\"name\":\"Home\",\"item\":\"https:\\\/\\\/eu.aimcontrollers.com\\\/fr\\\/\"},{\"@type\":\"ListItem\",\"position\":2,\"name\":\"Shop\",\"item\":\"https:\\\/\\\/eu.aimcontrollers.com\\\/shop\\\/\"},{\"@type\":\"ListItem\",\"position\":3,\"name\":\"Elite Gold PS4 &#8211; Derni\u00e8re Chance\"}]},{\"@type\":\"WebSite\",\"@id\":\"https:\\\/\\\/eu.aimcontrollers.com\\\/fr\\\/#website\",\"url\":\"https:\\\/\\\/eu.aimcontrollers.com\\\/fr\\\/\",\"name\":\"AimControllers - The most affordable competitive controllers for Xbox, PlayStation and PC\",\"description\":\"Jedna z najwi\u0119kszych marek dostarczaj\u0105cych w pe\u0142ni modyfikowalne i oryginalne kontrolery.\",\"publisher\":{\"@id\":\"https:\\\/\\\/eu.aimcontrollers.com\\\/fr\\\/#organization\"},\"potentialAction\":[{\"@type\":\"SearchAction\",\"target\":{\"@type\":\"EntryPoint\",\"urlTemplate\":\"https:\\\/\\\/eu.aimcontrollers.com\\\/fr\\\/?s={search_term_string}\"},\"query-input\":{\"@type\":\"PropertyValueSpecification\",\"valueRequired\":true,\"valueName\":\"search_term_string\"}}],\"inLanguage\":\"fr-FR\"},{\"@type\":\"Organization\",\"@id\":\"https:\\\/\\\/eu.aimcontrollers.com\\\/fr\\\/#organization\",\"name\":\"Aimcontrollers\",\"url\":\"https:\\\/\\\/eu.aimcontrollers.com\\\/fr\\\/\",\"logo\":{\"@type\":\"ImageObject\",\"inLanguage\":\"fr-FR\",\"@id\":\"https:\\\/\\\/eu.aimcontrollers.com\\\/fr\\\/#\\\/schema\\\/logo\\\/image\\\/\",\"url\":\"\",\"contentUrl\":\"\",\"caption\":\"Aimcontrollers\"},\"image\":{\"@id\":\"https:\\\/\\\/eu.aimcontrollers.com\\\/fr\\\/#\\\/schema\\\/logo\\\/image\\\/\"},\"sameAs\":[\"http:\\\/\\\/www.facebook.com\\\/aimcontrollers\",\"https:\\\/\\\/x.com\\\/AimControllerss\",\"https:\\\/\\\/instagram.com\\\/aimcontrollers\\\/\",\"https:\\\/\\\/www.youtube.com\\\/user\\\/aimcontrollerspl\\\/videos\"]}]}<\/script>\n<!-- \/ Yoast SEO Premium plugin. -->","yoast_head_json":{"title":"Elite Gold PS4 - Derni\u00e8re Chance - Aimcontrollers","robots":{"index":"index","follow":"follow","max-snippet":"max-snippet:-1","max-image-preview":"max-image-preview:large","max-video-preview":"max-video-preview:-1"},"canonical":"https:\/\/eu.aimcontrollers.com\/fr\/produit\/elite-gold-ps4-derniere-chance\/","og_locale":"fr_FR","og_type":"article","og_title":"Elite Gold PS4 - Derni\u00e8re Chance","og_description":"C\u2019est votre derni\u00e8re opportunit\u00e9 d\u2019obtenir une manette PS4 vraiment exceptionnelle. Avec une magnifique finition dor\u00e9e \u00e0 l\u2019avant et \u00e0 l\u2019arri\u00e8re, recouverte de caoutchouc soft-touch pour un confort optimal, cette manette en \u00e9dition limit\u00e9e allie luxe et performances de niveau professionnel. Une fois qu\u2019elle sera partie, elle ne reviendra plus - ne manquez pas l\u2019occasion de poss\u00e9der un morceau d\u2019histoire du jeu vid\u00e9o ! Caract\u00e9ristiques:  Design unique AIMSticks interchangeables Palettes remappables Smart trigger","og_url":"https:\/\/eu.aimcontrollers.com\/fr\/produit\/elite-gold-ps4-derniere-chance\/","og_site_name":"Aimcontrollers","article_publisher":"http:\/\/www.facebook.com\/aimcontrollers","article_modified_time":"2026-01-21T15:20:37+00:00","og_image":[{"width":1000,"height":1000,"url":"https:\/\/eu.aimcontrollers.com\/wp-content\/uploads\/2026\/01\/1.jpg","type":"image\/jpeg"}],"twitter_card":"summary_large_image","twitter_site":"@AimControllerss","twitter_misc":{"Dur\u00e9e de lecture estim\u00e9e":"1 minute"},"schema":{"@context":"https:\/\/schema.org","@graph":[{"@type":"WebPage","@id":"https:\/\/eu.aimcontrollers.com\/fr\/produit\/elite-gold-ps4-derniere-chance\/","url":"https:\/\/eu.aimcontrollers.com\/fr\/produit\/elite-gold-ps4-derniere-chance\/","name":"Elite Gold PS4 - Derni\u00e8re Chance - Aimcontrollers","isPartOf":{"@id":"https:\/\/eu.aimcontrollers.com\/fr\/#website"},"primaryImageOfPage":{"@id":"https:\/\/eu.aimcontrollers.com\/fr\/produit\/elite-gold-ps4-derniere-chance\/#primaryimage"},"image":{"@id":"https:\/\/eu.aimcontrollers.com\/fr\/produit\/elite-gold-ps4-derniere-chance\/#primaryimage"},"thumbnailUrl":"https:\/\/eu.aimcontrollers.com\/wp-content\/uploads\/2026\/01\/1.jpg","datePublished":"2026-01-21T10:14:50+00:00","dateModified":"2026-01-21T15:20:37+00:00","breadcrumb":{"@id":"https:\/\/eu.aimcontrollers.com\/fr\/produit\/elite-gold-ps4-derniere-chance\/#breadcrumb"},"inLanguage":"fr-FR","potentialAction":[{"@type":"ReadAction","target":["https:\/\/eu.aimcontrollers.com\/fr\/produit\/elite-gold-ps4-derniere-chance\/"]}]},{"@type":"ImageObject","inLanguage":"fr-FR","@id":"https:\/\/eu.aimcontrollers.com\/fr\/produit\/elite-gold-ps4-derniere-chance\/#primaryimage","url":"https:\/\/eu.aimcontrollers.com\/wp-content\/uploads\/2026\/01\/1.jpg","contentUrl":"https:\/\/eu.aimcontrollers.com\/wp-content\/uploads\/2026\/01\/1.jpg","width":1000,"height":1000},{"@type":"BreadcrumbList","@id":"https:\/\/eu.aimcontrollers.com\/fr\/produit\/elite-gold-ps4-derniere-chance\/#breadcrumb","itemListElement":[{"@type":"ListItem","position":1,"name":"Home","item":"https:\/\/eu.aimcontrollers.com\/fr\/"},{"@type":"ListItem","position":2,"name":"Shop","item":"https:\/\/eu.aimcontrollers.com\/shop\/"},{"@type":"ListItem","position":3,"name":"Elite Gold PS4 &#8211; Derni\u00e8re Chance"}]},{"@type":"WebSite","@id":"https:\/\/eu.aimcontrollers.com\/fr\/#website","url":"https:\/\/eu.aimcontrollers.com\/fr\/","name":"AimControllers - The most affordable competitive controllers for Xbox, PlayStation and PC","description":"Jedna z najwi\u0119kszych marek dostarczaj\u0105cych w pe\u0142ni modyfikowalne i oryginalne kontrolery.","publisher":{"@id":"https:\/\/eu.aimcontrollers.com\/fr\/#organization"},"potentialAction":[{"@type":"SearchAction","target":{"@type":"EntryPoint","urlTemplate":"https:\/\/eu.aimcontrollers.com\/fr\/?s={search_term_string}"},"query-input":{"@type":"PropertyValueSpecification","valueRequired":true,"valueName":"search_term_string"}}],"inLanguage":"fr-FR"},{"@type":"Organization","@id":"https:\/\/eu.aimcontrollers.com\/fr\/#organization","name":"Aimcontrollers","url":"https:\/\/eu.aimcontrollers.com\/fr\/","logo":{"@type":"ImageObject","inLanguage":"fr-FR","@id":"https:\/\/eu.aimcontrollers.com\/fr\/#\/schema\/logo\/image\/","url":"","contentUrl":"","caption":"Aimcontrollers"},"image":{"@id":"https:\/\/eu.aimcontrollers.com\/fr\/#\/schema\/logo\/image\/"},"sameAs":["http:\/\/www.facebook.com\/aimcontrollers","https:\/\/x.com\/AimControllerss","https:\/\/instagram.com\/aimcontrollers\/","https:\/\/www.youtube.com\/user\/aimcontrollerspl\/videos"]}]}},"_links":{"self":[{"href":"https:\/\/eu.aimcontrollers.com\/fr\/wp-json\/wp\/v2\/product\/1428430","targetHints":{"allow":["GET"]}}],"collection":[{"href":"https:\/\/eu.aimcontrollers.com\/fr\/wp-json\/wp\/v2\/product"}],"about":[{"href":"https:\/\/eu.aimcontrollers.com\/fr\/wp-json\/wp\/v2\/types\/product"}],"wp:featuredmedia":[{"embeddable":true,"href":"https:\/\/eu.aimcontrollers.com\/fr\/wp-json\/wp\/v2\/media\/1428393"}],"wp:attachment":[{"href":"https:\/\/eu.aimcontrollers.com\/fr\/wp-json\/wp\/v2\/media?parent=1428430"}],"wp:term":[{"taxonomy":"product_brand","embeddable":true,"href":"https:\/\/eu.aimcontrollers.com\/fr\/wp-json\/wp\/v2\/product_brand?post=1428430"},{"taxonomy":"product_cat","embeddable":true,"href":"https:\/\/eu.aimcontrollers.com\/fr\/wp-json\/wp\/v2\/product_cat?post=1428430"},{"taxonomy":"product_tag","embeddable":true,"href":"https:\/\/eu.aimcontrollers.com\/fr\/wp-json\/wp\/v2\/product_tag?post=1428430"},{"taxonomy":"misspellings","embeddable":true,"href":"https:\/\/eu.aimcontrollers.com\/fr\/wp-json\/wp\/v2\/misspellings?post=1428430"}],"curies":[{"name":"wp","href":"https:\/\/api.w.org\/{rel}","templated":true}]}}