{"id":1437894,"date":"2026-04-17T13:57:03","date_gmt":"2026-04-17T11:57:03","guid":{"rendered":"https:\/\/eu.aimcontrollers.com\/product\/manette-aim-pelle981-xbox-series-x\/"},"modified":"2026-04-17T14:08:36","modified_gmt":"2026-04-17T12:08:36","slug":"manette-aim-pelle981-xbox-series-x","status":"publish","type":"product","link":"https:\/\/eu.aimcontrollers.com\/fr\/produit\/manette-aim-pelle981-xbox-series-x\/","title":{"rendered":"Manette Aim Pelle981 Xbox Series X"},"content":{"rendered":"","protected":false},"excerpt":{"rendered":"<p>Une base noire avec des accents vert n\u00e9on et un motif triangulaire marqu\u00e9 sur la gauche cr\u00e9e une vibe rapide et agressive. Le logo du p\u00e9lican ressort comme une signature forte &#8211; con\u00e7u pour une sensation de vitesse et de comp\u00e9tition.<\/p>\n","protected":false},"featured_media":1437864,"template":"","meta":{"_acf_changed":false,"inline_featured_image":false},"product_brand":[],"product_cat":[5052],"product_tag":[5071,5053,5406],"misspellings":[],"class_list":{"0":"post-1437894","1":"product","2":"type-product","3":"status-publish","4":"has-post-thumbnail","6":"product_cat-manettes-xbox","7":"product_tag-xbox-fr","8":"product_tag-xbox-controller-fr","9":"product_tag-xboxpartners-fr","11":"first","12":"instock","13":"taxable","14":"shipping-taxable","15":"purchasable","16":"product-type-variable","17":"has-default-attributes"},"acf":[],"yoast_head":"<!-- This site is optimized with the Yoast SEO Premium plugin v22.4 (Yoast SEO v27.2) - https:\/\/yoast.com\/product\/yoast-seo-premium-wordpress\/ -->\n<title>Manette Aim Pelle981 Xbox Series X - Aimcontrollers<\/title>\n<meta name=\"robots\" content=\"index, follow, max-snippet:-1, max-image-preview:large, max-video-preview:-1\" \/>\n<link rel=\"canonical\" href=\"https:\/\/eu.aimcontrollers.com\/fr\/produit\/manette-aim-pelle981-xbox-series-x\/\" \/>\n<meta property=\"og:locale\" content=\"fr_FR\" \/>\n<meta property=\"og:type\" content=\"article\" \/>\n<meta property=\"og:title\" content=\"Manette Aim Pelle981 Xbox Series X\" \/>\n<meta property=\"og:description\" content=\"Une base noire avec des accents vert n\u00e9on et un motif triangulaire marqu\u00e9 sur la gauche cr\u00e9e une vibe rapide et agressive. Le logo du p\u00e9lican ressort comme une signature forte - con\u00e7u pour une sensation de vitesse et de comp\u00e9tition.\" \/>\n<meta property=\"og:url\" content=\"https:\/\/eu.aimcontrollers.com\/fr\/produit\/manette-aim-pelle981-xbox-series-x\/\" \/>\n<meta property=\"og:site_name\" content=\"Aimcontrollers\" \/>\n<meta property=\"article:publisher\" content=\"http:\/\/www.facebook.com\/aimcontrollers\" \/>\n<meta property=\"article:modified_time\" content=\"2026-04-17T12:08:36+00:00\" \/>\n<meta property=\"og:image\" content=\"https:\/\/eu.aimcontrollers.com\/wp-content\/uploads\/2026\/04\/XBOX_PREDESIGN_PRO_DOUBLE___PELLE_.png\" \/>\n\t<meta property=\"og:image:width\" content=\"1000\" \/>\n\t<meta property=\"og:image:height\" content=\"1000\" \/>\n\t<meta property=\"og:image:type\" content=\"image\/png\" \/>\n<meta name=\"twitter:card\" content=\"summary_large_image\" \/>\n<meta name=\"twitter:site\" content=\"@AimControllerss\" \/>\n<meta name=\"twitter:label1\" content=\"Dur\u00e9e de lecture estim\u00e9e\" \/>\n\t<meta name=\"twitter:data1\" content=\"1 minute\" \/>\n<script type=\"application\/ld+json\" class=\"yoast-schema-graph\">{\"@context\":\"https:\/\/schema.org\",\"@graph\":[{\"@type\":\"WebPage\",\"@id\":\"https:\/\/eu.aimcontrollers.com\/fr\/produit\/manette-aim-pelle981-xbox-series-x\/\",\"url\":\"https:\/\/eu.aimcontrollers.com\/fr\/produit\/manette-aim-pelle981-xbox-series-x\/\",\"name\":\"Manette Aim Pelle981 Xbox Series X - Aimcontrollers\",\"isPartOf\":{\"@id\":\"https:\/\/eu.aimcontrollers.com\/fr\/#website\"},\"primaryImageOfPage\":{\"@id\":\"https:\/\/eu.aimcontrollers.com\/fr\/produit\/manette-aim-pelle981-xbox-series-x\/#primaryimage\"},\"image\":{\"@id\":\"https:\/\/eu.aimcontrollers.com\/fr\/produit\/manette-aim-pelle981-xbox-series-x\/#primaryimage\"},\"thumbnailUrl\":\"https:\/\/eu.aimcontrollers.com\/wp-content\/uploads\/2026\/04\/XBOX_PREDESIGN_PRO_DOUBLE___PELLE_.png\",\"datePublished\":\"2026-04-17T11:57:03+00:00\",\"dateModified\":\"2026-04-17T12:08:36+00:00\",\"breadcrumb\":{\"@id\":\"https:\/\/eu.aimcontrollers.com\/fr\/produit\/manette-aim-pelle981-xbox-series-x\/#breadcrumb\"},\"inLanguage\":\"fr-FR\",\"potentialAction\":[{\"@type\":\"ReadAction\",\"target\":[\"https:\/\/eu.aimcontrollers.com\/fr\/produit\/manette-aim-pelle981-xbox-series-x\/\"]}]},{\"@type\":\"ImageObject\",\"inLanguage\":\"fr-FR\",\"@id\":\"https:\/\/eu.aimcontrollers.com\/fr\/produit\/manette-aim-pelle981-xbox-series-x\/#primaryimage\",\"url\":\"https:\/\/eu.aimcontrollers.com\/wp-content\/uploads\/2026\/04\/XBOX_PREDESIGN_PRO_DOUBLE___PELLE_.png\",\"contentUrl\":\"https:\/\/eu.aimcontrollers.com\/wp-content\/uploads\/2026\/04\/XBOX_PREDESIGN_PRO_DOUBLE___PELLE_.png\",\"width\":1000,\"height\":1000},{\"@type\":\"BreadcrumbList\",\"@id\":\"https:\/\/eu.aimcontrollers.com\/fr\/produit\/manette-aim-pelle981-xbox-series-x\/#breadcrumb\",\"itemListElement\":[{\"@type\":\"ListItem\",\"position\":1,\"name\":\"Home\",\"item\":\"https:\/\/eu.aimcontrollers.com\/fr\/\"},{\"@type\":\"ListItem\",\"position\":2,\"name\":\"Shop\",\"item\":\"https:\/\/eu.aimcontrollers.com\/shop\/\"},{\"@type\":\"ListItem\",\"position\":3,\"name\":\"Manette Aim Pelle981 Xbox Series X\"}]},{\"@type\":\"WebSite\",\"@id\":\"https:\/\/eu.aimcontrollers.com\/fr\/#website\",\"url\":\"https:\/\/eu.aimcontrollers.com\/fr\/\",\"name\":\"AimControllers - The most affordable competitive controllers for Xbox, PlayStation and PC\",\"description\":\"Jedna z najwi\u0119kszych marek dostarczaj\u0105cych w pe\u0142ni modyfikowalne i oryginalne kontrolery.\",\"publisher\":{\"@id\":\"https:\/\/eu.aimcontrollers.com\/fr\/#organization\"},\"potentialAction\":[{\"@type\":\"SearchAction\",\"target\":{\"@type\":\"EntryPoint\",\"urlTemplate\":\"https:\/\/eu.aimcontrollers.com\/fr\/?s={search_term_string}\"},\"query-input\":{\"@type\":\"PropertyValueSpecification\",\"valueRequired\":true,\"valueName\":\"search_term_string\"}}],\"inLanguage\":\"fr-FR\"},{\"@type\":\"Organization\",\"@id\":\"https:\/\/eu.aimcontrollers.com\/fr\/#organization\",\"name\":\"Aimcontrollers\",\"url\":\"https:\/\/eu.aimcontrollers.com\/fr\/\",\"logo\":{\"@type\":\"ImageObject\",\"inLanguage\":\"fr-FR\",\"@id\":\"https:\/\/eu.aimcontrollers.com\/fr\/#\/schema\/logo\/image\/\",\"url\":\"\",\"contentUrl\":\"\",\"caption\":\"Aimcontrollers\"},\"image\":{\"@id\":\"https:\/\/eu.aimcontrollers.com\/fr\/#\/schema\/logo\/image\/\"},\"sameAs\":[\"http:\/\/www.facebook.com\/aimcontrollers\",\"https:\/\/x.com\/AimControllerss\",\"https:\/\/instagram.com\/aimcontrollers\/\",\"https:\/\/www.youtube.com\/user\/aimcontrollerspl\/videos\"]}]}<\/script>\n<!-- \/ Yoast SEO Premium plugin. -->","yoast_head_json":{"title":"Manette Aim Pelle981 Xbox Series X - Aimcontrollers","robots":{"index":"index","follow":"follow","max-snippet":"max-snippet:-1","max-image-preview":"max-image-preview:large","max-video-preview":"max-video-preview:-1"},"canonical":"https:\/\/eu.aimcontrollers.com\/fr\/produit\/manette-aim-pelle981-xbox-series-x\/","og_locale":"fr_FR","og_type":"article","og_title":"Manette Aim Pelle981 Xbox Series X","og_description":"Une base noire avec des accents vert n\u00e9on et un motif triangulaire marqu\u00e9 sur la gauche cr\u00e9e une vibe rapide et agressive. Le logo du p\u00e9lican ressort comme une signature forte - con\u00e7u pour une sensation de vitesse et de comp\u00e9tition.","og_url":"https:\/\/eu.aimcontrollers.com\/fr\/produit\/manette-aim-pelle981-xbox-series-x\/","og_site_name":"Aimcontrollers","article_publisher":"http:\/\/www.facebook.com\/aimcontrollers","article_modified_time":"2026-04-17T12:08:36+00:00","og_image":[{"width":1000,"height":1000,"url":"https:\/\/eu.aimcontrollers.com\/wp-content\/uploads\/2026\/04\/XBOX_PREDESIGN_PRO_DOUBLE___PELLE_.png","type":"image\/png"}],"twitter_card":"summary_large_image","twitter_site":"@AimControllerss","twitter_misc":{"Dur\u00e9e de lecture estim\u00e9e":"1 minute"},"schema":{"@context":"https:\/\/schema.org","@graph":[{"@type":"WebPage","@id":"https:\/\/eu.aimcontrollers.com\/fr\/produit\/manette-aim-pelle981-xbox-series-x\/","url":"https:\/\/eu.aimcontrollers.com\/fr\/produit\/manette-aim-pelle981-xbox-series-x\/","name":"Manette Aim Pelle981 Xbox Series X - Aimcontrollers","isPartOf":{"@id":"https:\/\/eu.aimcontrollers.com\/fr\/#website"},"primaryImageOfPage":{"@id":"https:\/\/eu.aimcontrollers.com\/fr\/produit\/manette-aim-pelle981-xbox-series-x\/#primaryimage"},"image":{"@id":"https:\/\/eu.aimcontrollers.com\/fr\/produit\/manette-aim-pelle981-xbox-series-x\/#primaryimage"},"thumbnailUrl":"https:\/\/eu.aimcontrollers.com\/wp-content\/uploads\/2026\/04\/XBOX_PREDESIGN_PRO_DOUBLE___PELLE_.png","datePublished":"2026-04-17T11:57:03+00:00","dateModified":"2026-04-17T12:08:36+00:00","breadcrumb":{"@id":"https:\/\/eu.aimcontrollers.com\/fr\/produit\/manette-aim-pelle981-xbox-series-x\/#breadcrumb"},"inLanguage":"fr-FR","potentialAction":[{"@type":"ReadAction","target":["https:\/\/eu.aimcontrollers.com\/fr\/produit\/manette-aim-pelle981-xbox-series-x\/"]}]},{"@type":"ImageObject","inLanguage":"fr-FR","@id":"https:\/\/eu.aimcontrollers.com\/fr\/produit\/manette-aim-pelle981-xbox-series-x\/#primaryimage","url":"https:\/\/eu.aimcontrollers.com\/wp-content\/uploads\/2026\/04\/XBOX_PREDESIGN_PRO_DOUBLE___PELLE_.png","contentUrl":"https:\/\/eu.aimcontrollers.com\/wp-content\/uploads\/2026\/04\/XBOX_PREDESIGN_PRO_DOUBLE___PELLE_.png","width":1000,"height":1000},{"@type":"BreadcrumbList","@id":"https:\/\/eu.aimcontrollers.com\/fr\/produit\/manette-aim-pelle981-xbox-series-x\/#breadcrumb","itemListElement":[{"@type":"ListItem","position":1,"name":"Home","item":"https:\/\/eu.aimcontrollers.com\/fr\/"},{"@type":"ListItem","position":2,"name":"Shop","item":"https:\/\/eu.aimcontrollers.com\/shop\/"},{"@type":"ListItem","position":3,"name":"Manette Aim Pelle981 Xbox Series X"}]},{"@type":"WebSite","@id":"https:\/\/eu.aimcontrollers.com\/fr\/#website","url":"https:\/\/eu.aimcontrollers.com\/fr\/","name":"AimControllers - The most affordable competitive controllers for Xbox, PlayStation and PC","description":"Jedna z najwi\u0119kszych marek dostarczaj\u0105cych w pe\u0142ni modyfikowalne i oryginalne kontrolery.","publisher":{"@id":"https:\/\/eu.aimcontrollers.com\/fr\/#organization"},"potentialAction":[{"@type":"SearchAction","target":{"@type":"EntryPoint","urlTemplate":"https:\/\/eu.aimcontrollers.com\/fr\/?s={search_term_string}"},"query-input":{"@type":"PropertyValueSpecification","valueRequired":true,"valueName":"search_term_string"}}],"inLanguage":"fr-FR"},{"@type":"Organization","@id":"https:\/\/eu.aimcontrollers.com\/fr\/#organization","name":"Aimcontrollers","url":"https:\/\/eu.aimcontrollers.com\/fr\/","logo":{"@type":"ImageObject","inLanguage":"fr-FR","@id":"https:\/\/eu.aimcontrollers.com\/fr\/#\/schema\/logo\/image\/","url":"","contentUrl":"","caption":"Aimcontrollers"},"image":{"@id":"https:\/\/eu.aimcontrollers.com\/fr\/#\/schema\/logo\/image\/"},"sameAs":["http:\/\/www.facebook.com\/aimcontrollers","https:\/\/x.com\/AimControllerss","https:\/\/instagram.com\/aimcontrollers\/","https:\/\/www.youtube.com\/user\/aimcontrollerspl\/videos"]}]}},"_links":{"self":[{"href":"https:\/\/eu.aimcontrollers.com\/fr\/wp-json\/wp\/v2\/product\/1437894","targetHints":{"allow":["GET"]}}],"collection":[{"href":"https:\/\/eu.aimcontrollers.com\/fr\/wp-json\/wp\/v2\/product"}],"about":[{"href":"https:\/\/eu.aimcontrollers.com\/fr\/wp-json\/wp\/v2\/types\/product"}],"wp:featuredmedia":[{"embeddable":true,"href":"https:\/\/eu.aimcontrollers.com\/fr\/wp-json\/wp\/v2\/media\/1437864"}],"wp:attachment":[{"href":"https:\/\/eu.aimcontrollers.com\/fr\/wp-json\/wp\/v2\/media?parent=1437894"}],"wp:term":[{"taxonomy":"product_brand","embeddable":true,"href":"https:\/\/eu.aimcontrollers.com\/fr\/wp-json\/wp\/v2\/product_brand?post=1437894"},{"taxonomy":"product_cat","embeddable":true,"href":"https:\/\/eu.aimcontrollers.com\/fr\/wp-json\/wp\/v2\/product_cat?post=1437894"},{"taxonomy":"product_tag","embeddable":true,"href":"https:\/\/eu.aimcontrollers.com\/fr\/wp-json\/wp\/v2\/product_tag?post=1437894"},{"taxonomy":"misspellings","embeddable":true,"href":"https:\/\/eu.aimcontrollers.com\/fr\/wp-json\/wp\/v2\/misspellings?post=1437894"}],"curies":[{"name":"wp","href":"https:\/\/api.w.org\/{rel}","templated":true}]}}