{"id":1440797,"date":"2026-05-08T11:57:36","date_gmt":"2026-05-08T09:57:36","guid":{"rendered":"https:\/\/eu.aimcontrollers.com\/product\/vector-gris-ps5-fps\/"},"modified":"2026-05-08T12:21:36","modified_gmt":"2026-05-08T10:21:36","slug":"vector-gris-ps5-fps","status":"publish","type":"product","link":"https:\/\/eu.aimcontrollers.com\/fr\/produit\/vector-gris-ps5-fps\/","title":{"rendered":"Vector Gris PS5 FPS"},"content":{"rendered":"","protected":false},"excerpt":{"rendered":"<p>Configuration \u00e9pur\u00e9e. Mentalit\u00e9 comp\u00e9titive.<br \/>\nLe Vector Gris a \u00e9t\u00e9 cr\u00e9\u00e9 pour les joueurs qui recherchent un style comp\u00e9titif moderne associ\u00e9 \u00e0 un gameplay fluide et r\u00e9actif.<br \/>\n Pens\u00e9 avant tout pour la performance, il offre une exp\u00e9rience sans distraction, con\u00e7ue pour vous aider \u00e0 rester concentr\u00e9 lorsque chaque r\u00e9action compte.\n<\/p>\n<p><strong>Fonctionnalit\u00e9s incluses :<\/strong><\/p>\n<ul>\n<li>Palettes remappables<\/li>\n<li>Sticks de pr\u00e9cision TMR<\/li>\n<li>Active Triggers<\/li>\n<li>Smart Bumpers<\/li>\n<li>Vibrations supprim\u00e9es pour une meilleure concentration<\/li>\n<li>Design exclusif<\/li>\n<li>AIMSticks interchangeables<\/li>\n<\/ul>\n","protected":false},"featured_media":1440781,"template":"","meta":{"_acf_changed":false,"inline_featured_image":false},"product_brand":[],"product_cat":[5113],"product_tag":[5180,5429,5083],"misspellings":[],"class_list":{"0":"post-1440797","1":"product","2":"type-product","3":"status-publish","4":"has-post-thumbnail","6":"product_cat-manettes-ps5-v2","7":"product_tag-ps5-controller-fr","8":"product_tag-fr-ps5fps","9":"product_tag-ps5prodesign-fr","11":"first","12":"instock","13":"taxable","14":"shipping-taxable","15":"purchasable","16":"product-type-simple"},"acf":[],"yoast_head":"<!-- This site is optimized with the Yoast SEO Premium plugin v22.4 (Yoast SEO v27.5) - https:\/\/yoast.com\/product\/yoast-seo-premium-wordpress\/ -->\n<title>Vector Gris PS5 FPS - Aimcontrollers<\/title>\n<meta name=\"robots\" content=\"index, follow, max-snippet:-1, max-image-preview:large, max-video-preview:-1\" \/>\n<link rel=\"canonical\" href=\"https:\/\/eu.aimcontrollers.com\/fr\/produit\/vector-gris-ps5-fps\/\" \/>\n<meta property=\"og:locale\" content=\"fr_FR\" \/>\n<meta property=\"og:type\" content=\"article\" \/>\n<meta property=\"og:title\" content=\"Vector Gris PS5 FPS\" \/>\n<meta property=\"og:description\" content=\"Configuration \u00e9pur\u00e9e. Mentalit\u00e9 comp\u00e9titive. Le Vector Gris a \u00e9t\u00e9 cr\u00e9\u00e9 pour les joueurs qui recherchent un style comp\u00e9titif moderne associ\u00e9 \u00e0 un gameplay fluide et r\u00e9actif.  Pens\u00e9 avant tout pour la performance, il offre une exp\u00e9rience sans distraction, con\u00e7ue pour vous aider \u00e0 rester concentr\u00e9 lorsque chaque r\u00e9action compte.  Fonctionnalit\u00e9s incluses :  Palettes remappables Sticks de pr\u00e9cision TMR Active Triggers Smart Bumpers Vibrations supprim\u00e9es pour une meilleure concentration Design exclusif AIMSticks interchangeables\" \/>\n<meta property=\"og:url\" content=\"https:\/\/eu.aimcontrollers.com\/fr\/produit\/vector-gris-ps5-fps\/\" \/>\n<meta property=\"og:site_name\" content=\"Aimcontrollers\" \/>\n<meta property=\"article:publisher\" content=\"http:\/\/www.facebook.com\/aimcontrollers\" \/>\n<meta property=\"article:modified_time\" content=\"2026-05-08T10:21:36+00:00\" \/>\n<meta property=\"og:image\" content=\"https:\/\/eu.aimcontrollers.com\/wp-content\/uploads\/2026\/05\/5_PRO_Playstation_5_FPS_Controller_Vector_Grey.jpg\" \/>\n\t<meta property=\"og:image:width\" content=\"750\" \/>\n\t<meta property=\"og:image:height\" content=\"750\" \/>\n\t<meta property=\"og:image:type\" content=\"image\/jpeg\" \/>\n<meta name=\"twitter:card\" content=\"summary_large_image\" \/>\n<meta name=\"twitter:site\" content=\"@AimControllerss\" \/>\n<meta name=\"twitter:label1\" content=\"Dur\u00e9e de lecture estim\u00e9e\" \/>\n\t<meta name=\"twitter:data1\" content=\"1 minute\" \/>\n<script type=\"application\/ld+json\" class=\"yoast-schema-graph\">{\"@context\":\"https:\\\/\\\/schema.org\",\"@graph\":[{\"@type\":\"WebPage\",\"@id\":\"https:\\\/\\\/eu.aimcontrollers.com\\\/fr\\\/produit\\\/vector-gris-ps5-fps\\\/\",\"url\":\"https:\\\/\\\/eu.aimcontrollers.com\\\/fr\\\/produit\\\/vector-gris-ps5-fps\\\/\",\"name\":\"Vector Gris PS5 FPS - Aimcontrollers\",\"isPartOf\":{\"@id\":\"https:\\\/\\\/eu.aimcontrollers.com\\\/fr\\\/#website\"},\"primaryImageOfPage\":{\"@id\":\"https:\\\/\\\/eu.aimcontrollers.com\\\/fr\\\/produit\\\/vector-gris-ps5-fps\\\/#primaryimage\"},\"image\":{\"@id\":\"https:\\\/\\\/eu.aimcontrollers.com\\\/fr\\\/produit\\\/vector-gris-ps5-fps\\\/#primaryimage\"},\"thumbnailUrl\":\"https:\\\/\\\/eu.aimcontrollers.com\\\/wp-content\\\/uploads\\\/2026\\\/05\\\/5_PRO_Playstation_5_FPS_Controller_Vector_Grey.jpg\",\"datePublished\":\"2026-05-08T09:57:36+00:00\",\"dateModified\":\"2026-05-08T10:21:36+00:00\",\"breadcrumb\":{\"@id\":\"https:\\\/\\\/eu.aimcontrollers.com\\\/fr\\\/produit\\\/vector-gris-ps5-fps\\\/#breadcrumb\"},\"inLanguage\":\"fr-FR\",\"potentialAction\":[{\"@type\":\"ReadAction\",\"target\":[\"https:\\\/\\\/eu.aimcontrollers.com\\\/fr\\\/produit\\\/vector-gris-ps5-fps\\\/\"]}]},{\"@type\":\"ImageObject\",\"inLanguage\":\"fr-FR\",\"@id\":\"https:\\\/\\\/eu.aimcontrollers.com\\\/fr\\\/produit\\\/vector-gris-ps5-fps\\\/#primaryimage\",\"url\":\"https:\\\/\\\/eu.aimcontrollers.com\\\/wp-content\\\/uploads\\\/2026\\\/05\\\/5_PRO_Playstation_5_FPS_Controller_Vector_Grey.jpg\",\"contentUrl\":\"https:\\\/\\\/eu.aimcontrollers.com\\\/wp-content\\\/uploads\\\/2026\\\/05\\\/5_PRO_Playstation_5_FPS_Controller_Vector_Grey.jpg\",\"width\":750,\"height\":750},{\"@type\":\"BreadcrumbList\",\"@id\":\"https:\\\/\\\/eu.aimcontrollers.com\\\/fr\\\/produit\\\/vector-gris-ps5-fps\\\/#breadcrumb\",\"itemListElement\":[{\"@type\":\"ListItem\",\"position\":1,\"name\":\"Home\",\"item\":\"https:\\\/\\\/eu.aimcontrollers.com\\\/fr\\\/\"},{\"@type\":\"ListItem\",\"position\":2,\"name\":\"Shop\",\"item\":\"https:\\\/\\\/eu.aimcontrollers.com\\\/shop\\\/\"},{\"@type\":\"ListItem\",\"position\":3,\"name\":\"Vector Gris PS5 FPS\"}]},{\"@type\":\"WebSite\",\"@id\":\"https:\\\/\\\/eu.aimcontrollers.com\\\/fr\\\/#website\",\"url\":\"https:\\\/\\\/eu.aimcontrollers.com\\\/fr\\\/\",\"name\":\"AimControllers - The most affordable competitive controllers for Xbox, PlayStation and PC\",\"description\":\"Jedna z najwi\u0119kszych marek dostarczaj\u0105cych w pe\u0142ni modyfikowalne i oryginalne kontrolery.\",\"publisher\":{\"@id\":\"https:\\\/\\\/eu.aimcontrollers.com\\\/fr\\\/#organization\"},\"potentialAction\":[{\"@type\":\"SearchAction\",\"target\":{\"@type\":\"EntryPoint\",\"urlTemplate\":\"https:\\\/\\\/eu.aimcontrollers.com\\\/fr\\\/?s={search_term_string}\"},\"query-input\":{\"@type\":\"PropertyValueSpecification\",\"valueRequired\":true,\"valueName\":\"search_term_string\"}}],\"inLanguage\":\"fr-FR\"},{\"@type\":\"Organization\",\"@id\":\"https:\\\/\\\/eu.aimcontrollers.com\\\/fr\\\/#organization\",\"name\":\"Aimcontrollers\",\"url\":\"https:\\\/\\\/eu.aimcontrollers.com\\\/fr\\\/\",\"logo\":{\"@type\":\"ImageObject\",\"inLanguage\":\"fr-FR\",\"@id\":\"https:\\\/\\\/eu.aimcontrollers.com\\\/fr\\\/#\\\/schema\\\/logo\\\/image\\\/\",\"url\":\"\",\"contentUrl\":\"\",\"caption\":\"Aimcontrollers\"},\"image\":{\"@id\":\"https:\\\/\\\/eu.aimcontrollers.com\\\/fr\\\/#\\\/schema\\\/logo\\\/image\\\/\"},\"sameAs\":[\"http:\\\/\\\/www.facebook.com\\\/aimcontrollers\",\"https:\\\/\\\/x.com\\\/AimControllerss\",\"https:\\\/\\\/instagram.com\\\/aimcontrollers\\\/\",\"https:\\\/\\\/www.youtube.com\\\/user\\\/aimcontrollerspl\\\/videos\"]}]}<\/script>\n<!-- \/ Yoast SEO Premium plugin. -->","yoast_head_json":{"title":"Vector Gris PS5 FPS - Aimcontrollers","robots":{"index":"index","follow":"follow","max-snippet":"max-snippet:-1","max-image-preview":"max-image-preview:large","max-video-preview":"max-video-preview:-1"},"canonical":"https:\/\/eu.aimcontrollers.com\/fr\/produit\/vector-gris-ps5-fps\/","og_locale":"fr_FR","og_type":"article","og_title":"Vector Gris PS5 FPS","og_description":"Configuration \u00e9pur\u00e9e. Mentalit\u00e9 comp\u00e9titive. Le Vector Gris a \u00e9t\u00e9 cr\u00e9\u00e9 pour les joueurs qui recherchent un style comp\u00e9titif moderne associ\u00e9 \u00e0 un gameplay fluide et r\u00e9actif.  Pens\u00e9 avant tout pour la performance, il offre une exp\u00e9rience sans distraction, con\u00e7ue pour vous aider \u00e0 rester concentr\u00e9 lorsque chaque r\u00e9action compte.  Fonctionnalit\u00e9s incluses :  Palettes remappables Sticks de pr\u00e9cision TMR Active Triggers Smart Bumpers Vibrations supprim\u00e9es pour une meilleure concentration Design exclusif AIMSticks interchangeables","og_url":"https:\/\/eu.aimcontrollers.com\/fr\/produit\/vector-gris-ps5-fps\/","og_site_name":"Aimcontrollers","article_publisher":"http:\/\/www.facebook.com\/aimcontrollers","article_modified_time":"2026-05-08T10:21:36+00:00","og_image":[{"width":750,"height":750,"url":"https:\/\/eu.aimcontrollers.com\/wp-content\/uploads\/2026\/05\/5_PRO_Playstation_5_FPS_Controller_Vector_Grey.jpg","type":"image\/jpeg"}],"twitter_card":"summary_large_image","twitter_site":"@AimControllerss","twitter_misc":{"Dur\u00e9e de lecture estim\u00e9e":"1 minute"},"schema":{"@context":"https:\/\/schema.org","@graph":[{"@type":"WebPage","@id":"https:\/\/eu.aimcontrollers.com\/fr\/produit\/vector-gris-ps5-fps\/","url":"https:\/\/eu.aimcontrollers.com\/fr\/produit\/vector-gris-ps5-fps\/","name":"Vector Gris PS5 FPS - Aimcontrollers","isPartOf":{"@id":"https:\/\/eu.aimcontrollers.com\/fr\/#website"},"primaryImageOfPage":{"@id":"https:\/\/eu.aimcontrollers.com\/fr\/produit\/vector-gris-ps5-fps\/#primaryimage"},"image":{"@id":"https:\/\/eu.aimcontrollers.com\/fr\/produit\/vector-gris-ps5-fps\/#primaryimage"},"thumbnailUrl":"https:\/\/eu.aimcontrollers.com\/wp-content\/uploads\/2026\/05\/5_PRO_Playstation_5_FPS_Controller_Vector_Grey.jpg","datePublished":"2026-05-08T09:57:36+00:00","dateModified":"2026-05-08T10:21:36+00:00","breadcrumb":{"@id":"https:\/\/eu.aimcontrollers.com\/fr\/produit\/vector-gris-ps5-fps\/#breadcrumb"},"inLanguage":"fr-FR","potentialAction":[{"@type":"ReadAction","target":["https:\/\/eu.aimcontrollers.com\/fr\/produit\/vector-gris-ps5-fps\/"]}]},{"@type":"ImageObject","inLanguage":"fr-FR","@id":"https:\/\/eu.aimcontrollers.com\/fr\/produit\/vector-gris-ps5-fps\/#primaryimage","url":"https:\/\/eu.aimcontrollers.com\/wp-content\/uploads\/2026\/05\/5_PRO_Playstation_5_FPS_Controller_Vector_Grey.jpg","contentUrl":"https:\/\/eu.aimcontrollers.com\/wp-content\/uploads\/2026\/05\/5_PRO_Playstation_5_FPS_Controller_Vector_Grey.jpg","width":750,"height":750},{"@type":"BreadcrumbList","@id":"https:\/\/eu.aimcontrollers.com\/fr\/produit\/vector-gris-ps5-fps\/#breadcrumb","itemListElement":[{"@type":"ListItem","position":1,"name":"Home","item":"https:\/\/eu.aimcontrollers.com\/fr\/"},{"@type":"ListItem","position":2,"name":"Shop","item":"https:\/\/eu.aimcontrollers.com\/shop\/"},{"@type":"ListItem","position":3,"name":"Vector Gris PS5 FPS"}]},{"@type":"WebSite","@id":"https:\/\/eu.aimcontrollers.com\/fr\/#website","url":"https:\/\/eu.aimcontrollers.com\/fr\/","name":"AimControllers - The most affordable competitive controllers for Xbox, PlayStation and PC","description":"Jedna z najwi\u0119kszych marek dostarczaj\u0105cych w pe\u0142ni modyfikowalne i oryginalne kontrolery.","publisher":{"@id":"https:\/\/eu.aimcontrollers.com\/fr\/#organization"},"potentialAction":[{"@type":"SearchAction","target":{"@type":"EntryPoint","urlTemplate":"https:\/\/eu.aimcontrollers.com\/fr\/?s={search_term_string}"},"query-input":{"@type":"PropertyValueSpecification","valueRequired":true,"valueName":"search_term_string"}}],"inLanguage":"fr-FR"},{"@type":"Organization","@id":"https:\/\/eu.aimcontrollers.com\/fr\/#organization","name":"Aimcontrollers","url":"https:\/\/eu.aimcontrollers.com\/fr\/","logo":{"@type":"ImageObject","inLanguage":"fr-FR","@id":"https:\/\/eu.aimcontrollers.com\/fr\/#\/schema\/logo\/image\/","url":"","contentUrl":"","caption":"Aimcontrollers"},"image":{"@id":"https:\/\/eu.aimcontrollers.com\/fr\/#\/schema\/logo\/image\/"},"sameAs":["http:\/\/www.facebook.com\/aimcontrollers","https:\/\/x.com\/AimControllerss","https:\/\/instagram.com\/aimcontrollers\/","https:\/\/www.youtube.com\/user\/aimcontrollerspl\/videos"]}]}},"_links":{"self":[{"href":"https:\/\/eu.aimcontrollers.com\/fr\/wp-json\/wp\/v2\/product\/1440797","targetHints":{"allow":["GET"]}}],"collection":[{"href":"https:\/\/eu.aimcontrollers.com\/fr\/wp-json\/wp\/v2\/product"}],"about":[{"href":"https:\/\/eu.aimcontrollers.com\/fr\/wp-json\/wp\/v2\/types\/product"}],"wp:featuredmedia":[{"embeddable":true,"href":"https:\/\/eu.aimcontrollers.com\/fr\/wp-json\/wp\/v2\/media\/1440781"}],"wp:attachment":[{"href":"https:\/\/eu.aimcontrollers.com\/fr\/wp-json\/wp\/v2\/media?parent=1440797"}],"wp:term":[{"taxonomy":"product_brand","embeddable":true,"href":"https:\/\/eu.aimcontrollers.com\/fr\/wp-json\/wp\/v2\/product_brand?post=1440797"},{"taxonomy":"product_cat","embeddable":true,"href":"https:\/\/eu.aimcontrollers.com\/fr\/wp-json\/wp\/v2\/product_cat?post=1440797"},{"taxonomy":"product_tag","embeddable":true,"href":"https:\/\/eu.aimcontrollers.com\/fr\/wp-json\/wp\/v2\/product_tag?post=1440797"},{"taxonomy":"misspellings","embeddable":true,"href":"https:\/\/eu.aimcontrollers.com\/fr\/wp-json\/wp\/v2\/misspellings?post=1440797"}],"curies":[{"name":"wp","href":"https:\/\/api.w.org\/{rel}","templated":true}]}}