{"id":1188945,"date":"2021-03-19T18:00:17","date_gmt":"2021-03-19T17:00:17","guid":{"rendered":"https:\/\/eu.aimcontrollers.com\/?page_id=1188945"},"modified":"2026-01-16T09:49:28","modified_gmt":"2026-01-16T08:49:28","slug":"condizioni-di-garanzia","status":"publish","type":"page","link":"https:\/\/eu.aimcontrollers.com\/it\/condizioni-di-garanzia\/","title":{"rendered":"Condizioni Di Garanzia"},"content":{"rendered":"<p class=\"p1\"><span class=\"s1\"><b>CONDIZIONI DI GARANZIA<\/b><\/span><\/p>\n<p class=\"p1\"><span class=\"s1\"><b>\u00a71 Definizione del Garante<\/b><\/span><\/p>\n<p class=\"p4\"><span class=\"s1\">Il garante \u00e8: AIMLIMITLESS Sp. z o.o [ Polish limited liability company], con sede a 18-500 Kolno, Zabiele 184, P.Iva: PL2910228327, Numero statistico dell\u2019attivit\u00e0 REGON: 363356224, Tel. +48 86 262 58 99, E-mail: eusupport@aimcontrollers.com<\/span><\/p>\n<p class=\"p1\"><span class=\"s1\"><b>\u00a72 Disposizioni generali<\/b><\/span><\/p>\n<p class=\"p4\"><span class=\"s1\">Il Cliente \u00e8 una persona\/soggetto\/organizzazione che esercita un negozio giuridico nei confronti del Garante.<\/span><\/p>\n<p class=\"p4\"><span class=\"s1\">La Garanzia \u00e8 una dichiarazione volontaria sulla qualit\u00e0 delle merci prestata dal Garante.<\/span><\/p>\n<p class=\"p4\"><span class=\"s1\">La Garanzia \u00e8 valida all&#8217;interno dell&#8217;Unione Europea.<\/span><\/p>\n<p class=\"p4\"><span class=\"s1\">La garanzia non esclude, non limita n\u00e9 sospende i diritti del Cliente derivanti dalle norme in materia della garanzia legale per vizi.<\/span><\/p>\n<p class=\"p1\"><span class=\"s1\"><b>\u00a73 Condizioni di garanzia<\/b><\/span><\/p>\n<p class=\"p4\"><span class=\"s1\">Presentando il reclamo in garanzia, il Cliente deve fornire una ricevuta d\u2019acquisto (p.es.: ricevuta, fattura, contratto, conferma d\u2019ordine). Il documento fornito pu\u00f2 essere una fotocopia. Nel caso in cui non si disponga della conferma dell&#8217;acquisto effettuato sul sito, la garanzia a vita non si applica.<\/span><\/p>\n<p class=\"p4\"><span class=\"s1\">Per presentare il reclamo in garanzia il Cliente deve utilizzare il modulo di reclamo che costituisce l\u2019Allegato n.1 al presente Regolamento.<\/span><\/p>\n<p class=\"p4\"><span class=\"s1\">Il reclamo va presentato entro e non oltre 30 giorni dalla scoperta del vizio.<\/span><\/p>\n<p class=\"p4\"><span class=\"s1\">Il Cliente deve rimandare la merce oggetto del reclamo corredata della descrizione del guasto. Il Cliente deve rimandare la merce all\u2019indirizzo indicato nel paragrafo 1 con l\u2019annotazione \u201cReclamo in garanzia\u201d. <\/span><\/p>\n<p class=\"p4\"><span class=\"s1\">Nel caso della spedizione della merce entro i primi 90 giorni dalla data di consegna della merce al Cliente, le pese di spedizione sono a carico del Garante (fino ad un massimo di 10\u20ac). Nel caso della spedizione del prodotto dopo tale periodo, le spese di spedizione sono a carico del Cliente.<br \/>\n<\/span><\/p>\n<p class=\"p1\">Gli ordini che necessitano di assistenza ma sono pi\u00f9 vecchi di 90 giorni sono tenuti al pagamento di spedizione di ritorno di 14\u20ac (32\u20ac per i paesi fuori dell&#8217;UE)<\/p>\n<p class=\"p4\"><span class=\"s1\">Il Garante risponde al reclamo, entro 14 giorni dal reso della merce corredata della descrizione della non conformit\u00e0.<\/span><\/p>\n<p class=\"p4\"><span class=\"s1\">Nel caso in cui l\u2019evasione del reclamo \u00e8 legata alla spedizione al Cliente, che \u00e8 nel contempo un consumatore, di una merce nuova o alla rimozione di una non conformit\u00e0 della merce, le spese di spedizione sono a carico del Garante.<\/span><\/p>\n<p class=\"p4\"><span class=\"s1\">Il Cliente pu\u00f2 chiedere al Garante:<\/span><\/p>\n<p class=\"p4\"><span class=\"s1\">la sostituzione del prodotto con uno nuovo;<\/span><\/p>\n<p class=\"p4\"><span class=\"s1\">la riparazione del prodotto;<\/span><\/p>\n<p class=\"p4\"><span class=\"s1\">Il Garante risponde al reclamo, entro 14 giorni dalla data di ricezione della richiesta. Il Garante esaminer\u00e0 la richiesta del cliente prendendo in considerazione le seguenti circostanze:<\/span><\/p>\n<p class=\"p4\"><span class=\"s1\">la facilit\u00e0 e la rapidit\u00e0 della riparazione del prodotto;<\/span><\/p>\n<p class=\"p4\"><span class=\"s1\">la tipologia del vizio &#8211; essenziale o non essenziale;<\/span><\/p>\n<p class=\"p4\"><span class=\"s1\">se il prodotto \u00e8 stato precedentemente oggetto di un reclamo.<\/span><\/p>\n<p class=\"p4\"><span class=\"s1\">Il Garante pu\u00f2 rifiutare la richiesta del Cliente circa la sostituzione o la riparazione del prodotto a condizione che la riparazione del prodotto sia impossibile (p.es.: a causa di cessata produzione di alcuni ricambi o dell\u2019intero prodotto) oppure se una delle soluzioni possibili del reclamo fosse troppo costosa rispetto alla soluzione alternativa (p.es.: nel caso di sostituzione dell\u2019intero prodotto dove il difetto riguarda un elemento di un valore basso).<\/span><\/p>\n<p class=\"p4\"><span class=\"s1\">La rimozione del vizio, la sostituzione del prodotto con uno nuovo o la sua riparazione hanno una durata di 30 giorni.<\/span><\/p>\n<p class=\"p4\"><span class=\"s1\">Nel caso in cui il Cliente fornisca i dati incompleti, contradittori o poco chiari, il Garante lo contatter\u00e0 per dei chiarimenti. Nel caso di mancata risposta alle richieste del Garante, il reclamo verr\u00e0 rigettato.<\/span><\/p>\n<p>il cliente ha 14 giorni di tempo dalla denuncia del difetto per restituire il controller.<\/p>\n<p class=\"p1\"><span class=\"s1\"><b>\u00a74 Copertura della garanzia ed esclusioni<\/b><\/span><\/p>\n<p class=\"p4\"><span class=\"s1\">I seguenti componenti della merce sono coperti di garanzia a vita:<\/span><\/p>\n<ul class=\"ul1\">\n<li class=\"li4\"><span class=\"s1\">vernice sul controller,<\/span><\/li>\n<li class=\"li4\"><span class=\"s1\">tasti del controller,<\/span><\/li>\n<li class=\"li4\"><span class=\"s1\">smart trigger,<\/span><\/li>\n<li class=\"li4\"><span class=\"s1\">smart bumper,<\/span><\/li>\n<li class=\"li4\">Il meccanismo analogico (lo stick drift del controller incluso) e la scheda madre sono coperti fino a 90 giorni dalla data di consegna.<\/li>\n<li class=\"li4\"><span class=\"s1\">leve posteriori AIM.<\/span><\/li>\n<li>Aim Sticks<\/li>\n<\/ul>\n<p class=\"p4\"><span class=\"s1\">Sono esclusi dalla garanzia guasti meccanici o guasti derivanti da un uso improprio del prodotto ed in particolare guasti causati da colpi, lanci del controller o da una pressione eccessiva sul controller.<\/span><\/p>\n<p class=\"p4\"><span class=\"s1\">La garanzia non copre i guasti derivanti da un uso del prodotto a scopi commerciali, professionali o comunque legati a un\u2019attivit\u00e0 economica.<\/span><\/p>\n","protected":false},"excerpt":{"rendered":"<p>CONDIZIONI DI GARANZIA \u00a71 Definizione del Garante Il garante \u00e8: AIMLIMITLESS Sp. z o.o [ Polish limited liability company], con sede a 18-500 Kolno, Zabiele 184, P.Iva: PL2910228327, Numero statistico dell\u2019attivit\u00e0 REGON: 363356224, Tel. +48 86 262 58 99, E-mail: eusupport@aimcontrollers.com \u00a72 Disposizioni generali Il Cliente \u00e8 una persona\/soggetto\/organizzazione che esercita un negozio giuridico nei [&#8230;]\n","protected":false},"author":1,"featured_media":0,"parent":0,"menu_order":0,"comment_status":"closed","ping_status":"closed","template":"","meta":{"_acf_changed":false,"inline_featured_image":false,"footnotes":""},"misspellings":[],"class_list":["post-1188945","page","type-page","status-publish","hentry"],"acf":[],"yoast_head":"<!-- This site is optimized with the Yoast SEO Premium plugin v22.4 (Yoast SEO v27.2) - https:\/\/yoast.com\/product\/yoast-seo-premium-wordpress\/ -->\n<title>Condizioni Di Garanzia - Aimcontrollers<\/title>\n<meta name=\"robots\" content=\"index, follow, max-snippet:-1, max-image-preview:large, max-video-preview:-1\" \/>\n<link rel=\"canonical\" href=\"https:\/\/eu.aimcontrollers.com\/it\/condizioni-di-garanzia\/\" \/>\n<meta property=\"og:locale\" content=\"it_IT\" \/>\n<meta property=\"og:type\" content=\"article\" \/>\n<meta property=\"og:title\" content=\"Condizioni Di Garanzia\" \/>\n<meta property=\"og:description\" content=\"CONDIZIONI DI GARANZIA \u00a71 Definizione del Garante Il garante \u00e8: AIMLIMITLESS Sp. z o.o [ Polish limited liability company], con sede a 18-500 Kolno, Zabiele 184, P.Iva: PL2910228327, Numero statistico dell\u2019attivit\u00e0 REGON: 363356224, Tel. +48 86 262 58 99, E-mail: eusupport@aimcontrollers.com \u00a72 Disposizioni generali Il Cliente \u00e8 una persona\/soggetto\/organizzazione che esercita un negozio giuridico nei [...]\" \/>\n<meta property=\"og:url\" content=\"https:\/\/eu.aimcontrollers.com\/it\/condizioni-di-garanzia\/\" \/>\n<meta property=\"og:site_name\" content=\"Aimcontrollers\" \/>\n<meta property=\"article:publisher\" content=\"http:\/\/www.facebook.com\/aimcontrollers\" \/>\n<meta property=\"article:modified_time\" content=\"2026-01-16T08:49:28+00:00\" \/>\n<meta name=\"twitter:card\" content=\"summary_large_image\" \/>\n<meta name=\"twitter:site\" content=\"@AimControllerss\" \/>\n<meta name=\"twitter:label1\" content=\"Tempo di lettura stimato\" \/>\n\t<meta name=\"twitter:data1\" content=\"3 minuti\" \/>\n<script type=\"application\/ld+json\" class=\"yoast-schema-graph\">{\"@context\":\"https:\/\/schema.org\",\"@graph\":[{\"@type\":\"WebPage\",\"@id\":\"https:\/\/eu.aimcontrollers.com\/it\/condizioni-di-garanzia\/\",\"url\":\"https:\/\/eu.aimcontrollers.com\/it\/condizioni-di-garanzia\/\",\"name\":\"Condizioni Di Garanzia - Aimcontrollers\",\"isPartOf\":{\"@id\":\"https:\/\/eu.aimcontrollers.com\/it\/#website\"},\"datePublished\":\"2021-03-19T17:00:17+00:00\",\"dateModified\":\"2026-01-16T08:49:28+00:00\",\"breadcrumb\":{\"@id\":\"https:\/\/eu.aimcontrollers.com\/it\/condizioni-di-garanzia\/#breadcrumb\"},\"inLanguage\":\"it-IT\",\"potentialAction\":[{\"@type\":\"ReadAction\",\"target\":[\"https:\/\/eu.aimcontrollers.com\/it\/condizioni-di-garanzia\/\"]}]},{\"@type\":\"BreadcrumbList\",\"@id\":\"https:\/\/eu.aimcontrollers.com\/it\/condizioni-di-garanzia\/#breadcrumb\",\"itemListElement\":[{\"@type\":\"ListItem\",\"position\":1,\"name\":\"Home\",\"item\":\"https:\/\/eu.aimcontrollers.com\/it\/\"},{\"@type\":\"ListItem\",\"position\":2,\"name\":\"Condizioni Di Garanzia\"}]},{\"@type\":\"WebSite\",\"@id\":\"https:\/\/eu.aimcontrollers.com\/it\/#website\",\"url\":\"https:\/\/eu.aimcontrollers.com\/it\/\",\"name\":\"AimControllers - The most affordable competitive controllers for Xbox, PlayStation and PC\",\"description\":\"Uno dei pi\u00f9 grandi marchi che fornisce controller completamente personalizzabili e originali.\",\"publisher\":{\"@id\":\"https:\/\/eu.aimcontrollers.com\/it\/#organization\"},\"potentialAction\":[{\"@type\":\"SearchAction\",\"target\":{\"@type\":\"EntryPoint\",\"urlTemplate\":\"https:\/\/eu.aimcontrollers.com\/it\/?s={search_term_string}\"},\"query-input\":{\"@type\":\"PropertyValueSpecification\",\"valueRequired\":true,\"valueName\":\"search_term_string\"}}],\"inLanguage\":\"it-IT\"},{\"@type\":\"Organization\",\"@id\":\"https:\/\/eu.aimcontrollers.com\/it\/#organization\",\"name\":\"Aimcontrollers\",\"url\":\"https:\/\/eu.aimcontrollers.com\/it\/\",\"logo\":{\"@type\":\"ImageObject\",\"inLanguage\":\"it-IT\",\"@id\":\"https:\/\/eu.aimcontrollers.com\/it\/#\/schema\/logo\/image\/\",\"url\":\"\",\"contentUrl\":\"\",\"caption\":\"Aimcontrollers\"},\"image\":{\"@id\":\"https:\/\/eu.aimcontrollers.com\/it\/#\/schema\/logo\/image\/\"},\"sameAs\":[\"http:\/\/www.facebook.com\/aimcontrollers\",\"https:\/\/x.com\/AimControllerss\",\"https:\/\/instagram.com\/aimcontrollers\/\",\"https:\/\/www.youtube.com\/user\/aimcontrollerspl\/videos\"]}]}<\/script>\n<!-- \/ Yoast SEO Premium plugin. -->","yoast_head_json":{"title":"Condizioni Di Garanzia - Aimcontrollers","robots":{"index":"index","follow":"follow","max-snippet":"max-snippet:-1","max-image-preview":"max-image-preview:large","max-video-preview":"max-video-preview:-1"},"canonical":"https:\/\/eu.aimcontrollers.com\/it\/condizioni-di-garanzia\/","og_locale":"it_IT","og_type":"article","og_title":"Condizioni Di Garanzia","og_description":"CONDIZIONI DI GARANZIA \u00a71 Definizione del Garante Il garante \u00e8: AIMLIMITLESS Sp. z o.o [ Polish limited liability company], con sede a 18-500 Kolno, Zabiele 184, P.Iva: PL2910228327, Numero statistico dell\u2019attivit\u00e0 REGON: 363356224, Tel. +48 86 262 58 99, E-mail: eusupport@aimcontrollers.com \u00a72 Disposizioni generali Il Cliente \u00e8 una persona\/soggetto\/organizzazione che esercita un negozio giuridico nei [...]","og_url":"https:\/\/eu.aimcontrollers.com\/it\/condizioni-di-garanzia\/","og_site_name":"Aimcontrollers","article_publisher":"http:\/\/www.facebook.com\/aimcontrollers","article_modified_time":"2026-01-16T08:49:28+00:00","twitter_card":"summary_large_image","twitter_site":"@AimControllerss","twitter_misc":{"Tempo di lettura stimato":"3 minuti"},"schema":{"@context":"https:\/\/schema.org","@graph":[{"@type":"WebPage","@id":"https:\/\/eu.aimcontrollers.com\/it\/condizioni-di-garanzia\/","url":"https:\/\/eu.aimcontrollers.com\/it\/condizioni-di-garanzia\/","name":"Condizioni Di Garanzia - Aimcontrollers","isPartOf":{"@id":"https:\/\/eu.aimcontrollers.com\/it\/#website"},"datePublished":"2021-03-19T17:00:17+00:00","dateModified":"2026-01-16T08:49:28+00:00","breadcrumb":{"@id":"https:\/\/eu.aimcontrollers.com\/it\/condizioni-di-garanzia\/#breadcrumb"},"inLanguage":"it-IT","potentialAction":[{"@type":"ReadAction","target":["https:\/\/eu.aimcontrollers.com\/it\/condizioni-di-garanzia\/"]}]},{"@type":"BreadcrumbList","@id":"https:\/\/eu.aimcontrollers.com\/it\/condizioni-di-garanzia\/#breadcrumb","itemListElement":[{"@type":"ListItem","position":1,"name":"Home","item":"https:\/\/eu.aimcontrollers.com\/it\/"},{"@type":"ListItem","position":2,"name":"Condizioni Di Garanzia"}]},{"@type":"WebSite","@id":"https:\/\/eu.aimcontrollers.com\/it\/#website","url":"https:\/\/eu.aimcontrollers.com\/it\/","name":"AimControllers - The most affordable competitive controllers for Xbox, PlayStation and PC","description":"Uno dei pi\u00f9 grandi marchi che fornisce controller completamente personalizzabili e originali.","publisher":{"@id":"https:\/\/eu.aimcontrollers.com\/it\/#organization"},"potentialAction":[{"@type":"SearchAction","target":{"@type":"EntryPoint","urlTemplate":"https:\/\/eu.aimcontrollers.com\/it\/?s={search_term_string}"},"query-input":{"@type":"PropertyValueSpecification","valueRequired":true,"valueName":"search_term_string"}}],"inLanguage":"it-IT"},{"@type":"Organization","@id":"https:\/\/eu.aimcontrollers.com\/it\/#organization","name":"Aimcontrollers","url":"https:\/\/eu.aimcontrollers.com\/it\/","logo":{"@type":"ImageObject","inLanguage":"it-IT","@id":"https:\/\/eu.aimcontrollers.com\/it\/#\/schema\/logo\/image\/","url":"","contentUrl":"","caption":"Aimcontrollers"},"image":{"@id":"https:\/\/eu.aimcontrollers.com\/it\/#\/schema\/logo\/image\/"},"sameAs":["http:\/\/www.facebook.com\/aimcontrollers","https:\/\/x.com\/AimControllerss","https:\/\/instagram.com\/aimcontrollers\/","https:\/\/www.youtube.com\/user\/aimcontrollerspl\/videos"]}]}},"_links":{"self":[{"href":"https:\/\/eu.aimcontrollers.com\/it\/wp-json\/wp\/v2\/pages\/1188945","targetHints":{"allow":["GET"]}}],"collection":[{"href":"https:\/\/eu.aimcontrollers.com\/it\/wp-json\/wp\/v2\/pages"}],"about":[{"href":"https:\/\/eu.aimcontrollers.com\/it\/wp-json\/wp\/v2\/types\/page"}],"author":[{"embeddable":true,"href":"https:\/\/eu.aimcontrollers.com\/it\/wp-json\/wp\/v2\/users\/1"}],"replies":[{"embeddable":true,"href":"https:\/\/eu.aimcontrollers.com\/it\/wp-json\/wp\/v2\/comments?post=1188945"}],"version-history":[{"count":11,"href":"https:\/\/eu.aimcontrollers.com\/it\/wp-json\/wp\/v2\/pages\/1188945\/revisions"}],"predecessor-version":[{"id":1427970,"href":"https:\/\/eu.aimcontrollers.com\/it\/wp-json\/wp\/v2\/pages\/1188945\/revisions\/1427970"}],"wp:attachment":[{"href":"https:\/\/eu.aimcontrollers.com\/it\/wp-json\/wp\/v2\/media?parent=1188945"}],"wp:term":[{"taxonomy":"misspellings","embeddable":true,"href":"https:\/\/eu.aimcontrollers.com\/it\/wp-json\/wp\/v2\/misspellings?post=1188945"}],"curies":[{"name":"wp","href":"https:\/\/api.w.org\/{rel}","templated":true}]}}