{"id":1189650,"date":"2020-09-08T18:00:32","date_gmt":"2020-09-08T16:00:32","guid":{"rendered":"https:\/\/eu.aimcontrollers.com\/product\/tappetino-aimcontrollers-xxl\/"},"modified":"2023-05-16T14:47:32","modified_gmt":"2023-05-16T12:47:32","slug":"tappetino-aimcontrollers-xxl","status":"publish","type":"product","link":"https:\/\/eu.aimcontrollers.com\/it\/prodotto\/tappetino-aimcontrollers-xxl\/","title":{"rendered":"Tappetino Aimcontrollers XXL"},"content":{"rendered":"\n\t<section class=\"section mbg\" id=\"section_2137950774\">\n\t\t<div class=\"section-bg fill\" >\n\t\t\t\t\t\t\t\t\t\n\t\t\t\n\n\t\t<\/div>\n\n\t\t\n\n\t\t<div class=\"section-content relative\">\n\t\t\t\n<div class=\"row row-collapse row-full-width align-middle\"  id=\"row-374966356\">\n\n\t<div id=\"col-239299675\" class=\"col medium-6 small-12 large-6\"  >\n\t\t\t\t<div class=\"col-inner text-left\"  >\n\t\t\t\n\t\t\t\n<p>Un tappetino per mouse molto grande retroilluminato. Ecco il tappetino AimControllers XXL della pi\u00f9 alta qualit\u00e0 &#8211; sinonimo di comfort e affidabilit\u00e0.<br \/>Nel kit base di ogni giocatore non pu\u00f2 sicuramente mancare un tappetino per mouse di buona qualit\u00e0. Il tappetino costituisce una soluzione comoda e utile durante molte partite di gioco migliorando la fluidit\u00e0 di funzionamento del mouse e aumentando il controllo il che permette di guadagnare un vantaggio significativo sugli avversari. I bordi illuminati del tappetino piazzato sulla scrivania hanno un aspetto moderno e professionale. Il tipo e la frequenza della luce possono essere modificati a seconda delle preferenze individuali. Il tappetino antiscivolo poggia su una base stabile il che aumenta la sua resistenza e la comodit\u00e0 d\u2019uso. Non aspettare! Assicurati un bel vantaggio fin da subito grazie a AimControllers XXL<\/p>\n<h3><img decoding=\"async\" src=\"\/wp-content\/themes\/flatsome-child\/img\/ikony\/check-black.svg\" width=\"22px\" height=\"22px\" \/> Modalit\u00e0 di retroilluminazione<\/h3>\n<p>Ci sono 9 modalit\u00e0 a scelta per adattare il tappetino alle preferenze individuali.<\/p>\n<h3><strong><img decoding=\"async\" src=\"\/wp-content\/themes\/flatsome-child\/img\/ikony\/check-black.svg\" width=\"22px\" height=\"22px\" \/><\/strong> Realizzazione<\/h3>\n<p>Una base stabile del tappetino aumenta la sua resistenza a danni meccanici e la realizzazione di alta qualit\u00e0 garantisce il comfort d\u2019uso.<\/p>\n<h3><img decoding=\"async\" src=\"\/wp-content\/themes\/flatsome-child\/img\/ikony\/check-black.svg\" width=\"22px\" height=\"22px\" \/> Dimensione<\/h3>\n<p>Questo \u00e8 un tappetino per mouse molto grande che funzioner\u00e0 perfettamente nel suo ruolo.<br \/><strong>Lunghezza 795 mm, larghezza 302 mm, spessore 4 mm. <\/strong><\/p>\n\t\t<\/div>\n\t\t\t\t\n<style>\n#col-239299675 > .col-inner {\n  padding: 10% 10% 10% 10%;\n  max-width: 520px;\n}\n<\/style>\n\t<\/div>\n\n\t\n\n\t<div id=\"col-989462351\" class=\"col medium-6 small-12 large-6 small-col-first\"  >\n\t\t\t\t<div class=\"col-inner\"  >\n\t\t\t\n\t\t\t\n\t<div class=\"img has-hover x md-x lg-x y md-y lg-y\" id=\"image_1095988442\">\n\t\t\t\t\t\t\t\t<div class=\"img-inner dark\" >\n\t\t\t<img loading=\"lazy\" decoding=\"async\" width=\"800\" height=\"800\" src=\"https:\/\/eu.aimcontrollers.com\/wp-content\/uploads\/2020\/09\/mousepad_xxl_1000px-800x800.png\" class=\"attachment-large size-large\" alt=\"AimControllers Mousepad XXL\" srcset=\"https:\/\/eu.aimcontrollers.com\/wp-content\/uploads\/2020\/09\/mousepad_xxl_1000px-800x800.png 800w, https:\/\/eu.aimcontrollers.com\/wp-content\/uploads\/2020\/09\/mousepad_xxl_1000px-500x500.png 500w, https:\/\/eu.aimcontrollers.com\/wp-content\/uploads\/2020\/09\/mousepad_xxl_1000px-100x100.png 100w, https:\/\/eu.aimcontrollers.com\/wp-content\/uploads\/2020\/09\/mousepad_xxl_1000px-400x400.png 400w, https:\/\/eu.aimcontrollers.com\/wp-content\/uploads\/2020\/09\/mousepad_xxl_1000px-280x280.png 280w, https:\/\/eu.aimcontrollers.com\/wp-content\/uploads\/2020\/09\/mousepad_xxl_1000px-768x768.png 768w, https:\/\/eu.aimcontrollers.com\/wp-content\/uploads\/2020\/09\/mousepad_xxl_1000px.png 1000w\" sizes=\"auto, (max-width: 800px) 100vw, 800px\" \/>\t\t\t\t\t\t\n\t\t\t\t\t<\/div>\n\t\t\t\t\t\t\t\t\n<style>\n#image_1095988442 {\n  width: 100%;\n}\n<\/style>\n\t<\/div>\n\t\n\t\t<\/div>\n\t\t\t\t\t<\/div>\n\n\t\n<\/div>\n\t\t<\/div>\n\n\t\t\n<style>\n#section_2137950774 {\n  padding-top: 0px;\n  padding-bottom: 0px;\n  background-color: rgb(244, 244, 244);\n}\n<\/style>\n\t<\/section>\n\t\n","protected":false},"excerpt":{"rendered":"<p>Large, backlit mode mouse pad. Meet our AimControllers Mouse Pad XXL.<\/p>\n","protected":false},"featured_media":1189651,"template":"","meta":{"_acf_changed":false,"inline_featured_image":false},"product_brand":[],"product_cat":[4831],"product_tag":[],"misspellings":[],"class_list":{"0":"post-1189650","1":"product","2":"type-product","3":"status-publish","4":"has-post-thumbnail","6":"product_cat-tappetini-per-il-mouse","8":"first","9":"outofstock","10":"taxable","11":"shipping-taxable","12":"purchasable","13":"product-type-simple"},"acf":[],"yoast_head":"<!-- This site is optimized with the Yoast SEO Premium plugin v22.4 (Yoast SEO v27.2) - https:\/\/yoast.com\/product\/yoast-seo-premium-wordpress\/ -->\n<title>Tappetino Aimcontrollers XXL - Aimcontrollers<\/title>\n<meta name=\"robots\" content=\"index, follow, max-snippet:-1, max-image-preview:large, max-video-preview:-1\" \/>\n<link rel=\"canonical\" href=\"https:\/\/eu.aimcontrollers.com\/it\/prodotto\/tappetino-aimcontrollers-xxl\/\" \/>\n<meta property=\"og:locale\" content=\"it_IT\" \/>\n<meta property=\"og:type\" content=\"article\" \/>\n<meta property=\"og:title\" content=\"Tappetino Aimcontrollers XXL\" \/>\n<meta property=\"og:description\" content=\"Large, backlit mode mouse pad. Meet our AimControllers Mouse Pad XXL.\" \/>\n<meta property=\"og:url\" content=\"https:\/\/eu.aimcontrollers.com\/it\/prodotto\/tappetino-aimcontrollers-xxl\/\" \/>\n<meta property=\"og:site_name\" content=\"Aimcontrollers\" \/>\n<meta property=\"article:publisher\" content=\"http:\/\/www.facebook.com\/aimcontrollers\" \/>\n<meta property=\"article:modified_time\" content=\"2023-05-16T12:47:32+00:00\" \/>\n<meta property=\"og:image\" content=\"https:\/\/eu.aimcontrollers.com\/wp-content\/uploads\/2020\/09\/mousepad_xxl_1000px.png\" \/>\n\t<meta property=\"og:image:width\" content=\"1000\" \/>\n\t<meta property=\"og:image:height\" content=\"1000\" \/>\n\t<meta property=\"og:image:type\" content=\"image\/png\" \/>\n<meta name=\"twitter:card\" content=\"summary_large_image\" \/>\n<meta name=\"twitter:site\" content=\"@AimControllerss\" \/>\n<meta name=\"twitter:label1\" content=\"Tempo di lettura stimato\" \/>\n\t<meta name=\"twitter:data1\" content=\"1 minuto\" \/>\n<script type=\"application\/ld+json\" class=\"yoast-schema-graph\">{\"@context\":\"https:\/\/schema.org\",\"@graph\":[{\"@type\":\"WebPage\",\"@id\":\"https:\/\/eu.aimcontrollers.com\/it\/prodotto\/tappetino-aimcontrollers-xxl\/\",\"url\":\"https:\/\/eu.aimcontrollers.com\/it\/prodotto\/tappetino-aimcontrollers-xxl\/\",\"name\":\"Tappetino Aimcontrollers XXL - Aimcontrollers\",\"isPartOf\":{\"@id\":\"https:\/\/eu.aimcontrollers.com\/it\/#website\"},\"primaryImageOfPage\":{\"@id\":\"https:\/\/eu.aimcontrollers.com\/it\/prodotto\/tappetino-aimcontrollers-xxl\/#primaryimage\"},\"image\":{\"@id\":\"https:\/\/eu.aimcontrollers.com\/it\/prodotto\/tappetino-aimcontrollers-xxl\/#primaryimage\"},\"thumbnailUrl\":\"https:\/\/eu.aimcontrollers.com\/wp-content\/uploads\/2020\/09\/mousepad_xxl_1000px.png\",\"datePublished\":\"2020-09-08T16:00:32+00:00\",\"dateModified\":\"2023-05-16T12:47:32+00:00\",\"breadcrumb\":{\"@id\":\"https:\/\/eu.aimcontrollers.com\/it\/prodotto\/tappetino-aimcontrollers-xxl\/#breadcrumb\"},\"inLanguage\":\"it-IT\",\"potentialAction\":[{\"@type\":\"ReadAction\",\"target\":[\"https:\/\/eu.aimcontrollers.com\/it\/prodotto\/tappetino-aimcontrollers-xxl\/\"]}]},{\"@type\":\"ImageObject\",\"inLanguage\":\"it-IT\",\"@id\":\"https:\/\/eu.aimcontrollers.com\/it\/prodotto\/tappetino-aimcontrollers-xxl\/#primaryimage\",\"url\":\"https:\/\/eu.aimcontrollers.com\/wp-content\/uploads\/2020\/09\/mousepad_xxl_1000px.png\",\"contentUrl\":\"https:\/\/eu.aimcontrollers.com\/wp-content\/uploads\/2020\/09\/mousepad_xxl_1000px.png\",\"width\":1000,\"height\":1000,\"caption\":\"AimControllers Mousepad XXL\"},{\"@type\":\"BreadcrumbList\",\"@id\":\"https:\/\/eu.aimcontrollers.com\/it\/prodotto\/tappetino-aimcontrollers-xxl\/#breadcrumb\",\"itemListElement\":[{\"@type\":\"ListItem\",\"position\":1,\"name\":\"Home\",\"item\":\"https:\/\/eu.aimcontrollers.com\/it\/\"},{\"@type\":\"ListItem\",\"position\":2,\"name\":\"Shop\",\"item\":\"https:\/\/eu.aimcontrollers.com\/shop\/\"},{\"@type\":\"ListItem\",\"position\":3,\"name\":\"Tappetino Aimcontrollers XXL\"}]},{\"@type\":\"WebSite\",\"@id\":\"https:\/\/eu.aimcontrollers.com\/it\/#website\",\"url\":\"https:\/\/eu.aimcontrollers.com\/it\/\",\"name\":\"AimControllers - The most affordable competitive controllers for Xbox, PlayStation and PC\",\"description\":\"Uno dei pi\u00f9 grandi marchi che fornisce controller completamente personalizzabili e originali.\",\"publisher\":{\"@id\":\"https:\/\/eu.aimcontrollers.com\/it\/#organization\"},\"potentialAction\":[{\"@type\":\"SearchAction\",\"target\":{\"@type\":\"EntryPoint\",\"urlTemplate\":\"https:\/\/eu.aimcontrollers.com\/it\/?s={search_term_string}\"},\"query-input\":{\"@type\":\"PropertyValueSpecification\",\"valueRequired\":true,\"valueName\":\"search_term_string\"}}],\"inLanguage\":\"it-IT\"},{\"@type\":\"Organization\",\"@id\":\"https:\/\/eu.aimcontrollers.com\/it\/#organization\",\"name\":\"Aimcontrollers\",\"url\":\"https:\/\/eu.aimcontrollers.com\/it\/\",\"logo\":{\"@type\":\"ImageObject\",\"inLanguage\":\"it-IT\",\"@id\":\"https:\/\/eu.aimcontrollers.com\/it\/#\/schema\/logo\/image\/\",\"url\":\"\",\"contentUrl\":\"\",\"caption\":\"Aimcontrollers\"},\"image\":{\"@id\":\"https:\/\/eu.aimcontrollers.com\/it\/#\/schema\/logo\/image\/\"},\"sameAs\":[\"http:\/\/www.facebook.com\/aimcontrollers\",\"https:\/\/x.com\/AimControllerss\",\"https:\/\/instagram.com\/aimcontrollers\/\",\"https:\/\/www.youtube.com\/user\/aimcontrollerspl\/videos\"]}]}<\/script>\n<!-- \/ Yoast SEO Premium plugin. -->","yoast_head_json":{"title":"Tappetino Aimcontrollers XXL - Aimcontrollers","robots":{"index":"index","follow":"follow","max-snippet":"max-snippet:-1","max-image-preview":"max-image-preview:large","max-video-preview":"max-video-preview:-1"},"canonical":"https:\/\/eu.aimcontrollers.com\/it\/prodotto\/tappetino-aimcontrollers-xxl\/","og_locale":"it_IT","og_type":"article","og_title":"Tappetino Aimcontrollers XXL","og_description":"Large, backlit mode mouse pad. Meet our AimControllers Mouse Pad XXL.","og_url":"https:\/\/eu.aimcontrollers.com\/it\/prodotto\/tappetino-aimcontrollers-xxl\/","og_site_name":"Aimcontrollers","article_publisher":"http:\/\/www.facebook.com\/aimcontrollers","article_modified_time":"2023-05-16T12:47:32+00:00","og_image":[{"width":1000,"height":1000,"url":"https:\/\/eu.aimcontrollers.com\/wp-content\/uploads\/2020\/09\/mousepad_xxl_1000px.png","type":"image\/png"}],"twitter_card":"summary_large_image","twitter_site":"@AimControllerss","twitter_misc":{"Tempo di lettura stimato":"1 minuto"},"schema":{"@context":"https:\/\/schema.org","@graph":[{"@type":"WebPage","@id":"https:\/\/eu.aimcontrollers.com\/it\/prodotto\/tappetino-aimcontrollers-xxl\/","url":"https:\/\/eu.aimcontrollers.com\/it\/prodotto\/tappetino-aimcontrollers-xxl\/","name":"Tappetino Aimcontrollers XXL - Aimcontrollers","isPartOf":{"@id":"https:\/\/eu.aimcontrollers.com\/it\/#website"},"primaryImageOfPage":{"@id":"https:\/\/eu.aimcontrollers.com\/it\/prodotto\/tappetino-aimcontrollers-xxl\/#primaryimage"},"image":{"@id":"https:\/\/eu.aimcontrollers.com\/it\/prodotto\/tappetino-aimcontrollers-xxl\/#primaryimage"},"thumbnailUrl":"https:\/\/eu.aimcontrollers.com\/wp-content\/uploads\/2020\/09\/mousepad_xxl_1000px.png","datePublished":"2020-09-08T16:00:32+00:00","dateModified":"2023-05-16T12:47:32+00:00","breadcrumb":{"@id":"https:\/\/eu.aimcontrollers.com\/it\/prodotto\/tappetino-aimcontrollers-xxl\/#breadcrumb"},"inLanguage":"it-IT","potentialAction":[{"@type":"ReadAction","target":["https:\/\/eu.aimcontrollers.com\/it\/prodotto\/tappetino-aimcontrollers-xxl\/"]}]},{"@type":"ImageObject","inLanguage":"it-IT","@id":"https:\/\/eu.aimcontrollers.com\/it\/prodotto\/tappetino-aimcontrollers-xxl\/#primaryimage","url":"https:\/\/eu.aimcontrollers.com\/wp-content\/uploads\/2020\/09\/mousepad_xxl_1000px.png","contentUrl":"https:\/\/eu.aimcontrollers.com\/wp-content\/uploads\/2020\/09\/mousepad_xxl_1000px.png","width":1000,"height":1000,"caption":"AimControllers Mousepad XXL"},{"@type":"BreadcrumbList","@id":"https:\/\/eu.aimcontrollers.com\/it\/prodotto\/tappetino-aimcontrollers-xxl\/#breadcrumb","itemListElement":[{"@type":"ListItem","position":1,"name":"Home","item":"https:\/\/eu.aimcontrollers.com\/it\/"},{"@type":"ListItem","position":2,"name":"Shop","item":"https:\/\/eu.aimcontrollers.com\/shop\/"},{"@type":"ListItem","position":3,"name":"Tappetino Aimcontrollers XXL"}]},{"@type":"WebSite","@id":"https:\/\/eu.aimcontrollers.com\/it\/#website","url":"https:\/\/eu.aimcontrollers.com\/it\/","name":"AimControllers - The most affordable competitive controllers for Xbox, PlayStation and PC","description":"Uno dei pi\u00f9 grandi marchi che fornisce controller completamente personalizzabili e originali.","publisher":{"@id":"https:\/\/eu.aimcontrollers.com\/it\/#organization"},"potentialAction":[{"@type":"SearchAction","target":{"@type":"EntryPoint","urlTemplate":"https:\/\/eu.aimcontrollers.com\/it\/?s={search_term_string}"},"query-input":{"@type":"PropertyValueSpecification","valueRequired":true,"valueName":"search_term_string"}}],"inLanguage":"it-IT"},{"@type":"Organization","@id":"https:\/\/eu.aimcontrollers.com\/it\/#organization","name":"Aimcontrollers","url":"https:\/\/eu.aimcontrollers.com\/it\/","logo":{"@type":"ImageObject","inLanguage":"it-IT","@id":"https:\/\/eu.aimcontrollers.com\/it\/#\/schema\/logo\/image\/","url":"","contentUrl":"","caption":"Aimcontrollers"},"image":{"@id":"https:\/\/eu.aimcontrollers.com\/it\/#\/schema\/logo\/image\/"},"sameAs":["http:\/\/www.facebook.com\/aimcontrollers","https:\/\/x.com\/AimControllerss","https:\/\/instagram.com\/aimcontrollers\/","https:\/\/www.youtube.com\/user\/aimcontrollerspl\/videos"]}]}},"_links":{"self":[{"href":"https:\/\/eu.aimcontrollers.com\/it\/wp-json\/wp\/v2\/product\/1189650","targetHints":{"allow":["GET"]}}],"collection":[{"href":"https:\/\/eu.aimcontrollers.com\/it\/wp-json\/wp\/v2\/product"}],"about":[{"href":"https:\/\/eu.aimcontrollers.com\/it\/wp-json\/wp\/v2\/types\/product"}],"wp:featuredmedia":[{"embeddable":true,"href":"https:\/\/eu.aimcontrollers.com\/it\/wp-json\/wp\/v2\/media\/1189651"}],"wp:attachment":[{"href":"https:\/\/eu.aimcontrollers.com\/it\/wp-json\/wp\/v2\/media?parent=1189650"}],"wp:term":[{"taxonomy":"product_brand","embeddable":true,"href":"https:\/\/eu.aimcontrollers.com\/it\/wp-json\/wp\/v2\/product_brand?post=1189650"},{"taxonomy":"product_cat","embeddable":true,"href":"https:\/\/eu.aimcontrollers.com\/it\/wp-json\/wp\/v2\/product_cat?post=1189650"},{"taxonomy":"product_tag","embeddable":true,"href":"https:\/\/eu.aimcontrollers.com\/it\/wp-json\/wp\/v2\/product_tag?post=1189650"},{"taxonomy":"misspellings","embeddable":true,"href":"https:\/\/eu.aimcontrollers.com\/it\/wp-json\/wp\/v2\/misspellings?post=1189650"}],"curies":[{"name":"wp","href":"https:\/\/api.w.org\/{rel}","templated":true}]}}