{"id":1190678,"date":"2020-09-02T11:07:55","date_gmt":"2021-03-24T19:42:33","guid":{"rendered":"https:\/\/eu.aimcontrollers.com\/?post_type=product&#038;p=1190678"},"modified":"2021-03-24T20:44:55","modified_gmt":"2021-03-24T19:44:55","slug":"tastiera-meccanica-aimcontrollers-rgb","status":"publish","type":"product","link":"https:\/\/eu.aimcontrollers.com\/it\/prodotto\/tastiera-meccanica-aimcontrollers-rgb\/","title":{"rendered":"Tastiera Meccanica AimControllers RGB"},"content":{"rendered":"<p>&nbsp;<\/p>\n\n\t<section class=\"section\" id=\"section_867576626\">\n\t\t<div class=\"section-bg fill\" >\n\t\t\t\t\t\t\t\t\t\n\t\t\t\n\n\t\t<\/div>\n\n\t\t\n\n\t\t<div class=\"section-content relative\">\n\t\t\t\n<div class=\"row\"  id=\"row-1841077170\">\n\n\t<div id=\"col-965835964\" class=\"col small-12 large-12\"  >\n\t\t\t\t<div class=\"col-inner\" style=\"background-color:rgb(255,255,255);\" >\n\t\t\t\n\t\t\t\n<div class=\"text-center\"><div class=\"is-divider divider clearfix\" style=\"margin-top:10px;margin-bottom:10px;background-color:rgba(0, 0, 0, 0.16);\"><\/div><\/div>\n<div class=\"row align-center\"  id=\"row-2138560940\">\n\n\t<div id=\"col-484972803\" class=\"col medium-9 small-12 large-7\"  >\n\t\t\t\t<div class=\"col-inner text-center\"  >\n\t\t\t\n\t\t\t\n<h2>Tastiera Meccanica AimControllers RGB<\/h2>\n<p>Rispondendo alle aspettative dei giocatori, abbiamo creato una tastiera che grazie alla sua resistenza e aspetto moderno soddisfa i desideri dei gamer pi\u00f9 esigenti. Posizionata sulla scrivania di ogni gamer, avr\u00e0 un aspetto fenomenale e nel contempo molto professionale. Non aspettare! Assicurati un bel vantaggio fin da subito grazie alla Tastiera Meccanica AimControllers RGB<\/p>\n\t\t<\/div>\n\t\t\t\t\n<style>\n#col-484972803 > .col-inner {\n  margin: 10px 0px 0px 0px;\n}\n@media (min-width:550px) {\n  #col-484972803 > .col-inner {\n    margin: 20px 0px 20px 0px;\n  }\n}\n<\/style>\n\t<\/div>\n\n\t\n<\/div>\n<div class=\"row row-full-width align-center\"  id=\"row-1720103078\">\n\n\t<div id=\"col-1061469240\" class=\"col medium-11 small-12 large-10\"  >\n\t\t\t\t<div class=\"col-inner\"  >\n\t\t\t\n\t\t\t\n\t<div class=\"img has-hover x md-x lg-x y md-y lg-y\" id=\"image_21357972\">\n\t\t\t\t\t\t\t\t<div class=\"img-inner dark\" >\n\t\t\t<img loading=\"lazy\" decoding=\"async\" width=\"1020\" height=\"264\" src=\"https:\/\/eu.aimcontrollers.com\/wp-content\/uploads\/2020\/09\/keyboard_aimcontrollers_2.png\" class=\"attachment-large size-large\" alt=\"\" srcset=\"https:\/\/eu.aimcontrollers.com\/wp-content\/uploads\/2020\/09\/keyboard_aimcontrollers_2.png 1350w, https:\/\/eu.aimcontrollers.com\/wp-content\/uploads\/2020\/09\/keyboard_aimcontrollers_2-500x129.png 500w, https:\/\/eu.aimcontrollers.com\/wp-content\/uploads\/2020\/09\/keyboard_aimcontrollers_2-800x207.png 800w, https:\/\/eu.aimcontrollers.com\/wp-content\/uploads\/2020\/09\/keyboard_aimcontrollers_2-768x199.png 768w\" sizes=\"auto, (max-width: 1020px) 100vw, 1020px\" \/>\t\t\t\t\t\t\n\t\t\t\t\t<\/div>\n\t\t\t\t\t\t\t\t\n<style>\n#image_21357972 {\n  width: 100%;\n}\n@media (min-width:550px) {\n  #image_21357972 {\n    width: 100%;\n  }\n}\n<\/style>\n\t<\/div>\n\t\n\t<div id=\"gap-1161948311\" class=\"gap-element clearfix\" style=\"display:block; height:auto;\">\n\t\t\n<style>\n#gap-1161948311 {\n  padding-top: 30px;\n}\n<\/style>\n\t<\/div>\n\t\n\t\t<\/div>\n\t\t\t\t\n<style>\n#col-1061469240 > .col-inner {\n  margin: 0px 0px -150px 0px;\n}\n@media (min-width:550px) {\n  #col-1061469240 > .col-inner {\n    margin: 0px 0px -160px 0px;\n  }\n}\n<\/style>\n\t<\/div>\n\n\t\n<\/div>\n\t\t<\/div>\n\t\t\t\t\n<style>\n#col-965835964 > .col-inner {\n  padding: 50px 0px 0px 0px;\n  margin: -70px 0px 0px 0px;\n}\n<\/style>\n\t<\/div>\n\n\t\n<\/div>\n\t\t<\/div>\n\n\t\t\n<style>\n#section_867576626 {\n  padding-top: 30px;\n  padding-bottom: 30px;\n}\n<\/style>\n\t<\/section>\n\t\n\n\t<section class=\"section\" id=\"section_289959489\">\n\t\t<div class=\"section-bg fill\" >\n\t\t\t\t\t\t\t\t\t\n\t\t\t\n\n\t\t<\/div>\n\n\t\t\n\n\t\t<div class=\"section-content relative\">\n\t\t\t\n<div class=\"row align-center\"  id=\"row-2143956299\">\n\n\t<div id=\"col-217533403\" class=\"col medium-11 small-12 large-10\"  >\n\t\t\t\t<div class=\"col-inner text-center\"  >\n\t\t\t\n\t\t\t\n<h2>Tastiera meccanica<\/h2>\n<p>Una resistenza maggiorata e una durata di vita 10 volte pi\u00f9 lunga rispetto a tastiere classiche. Inoltre, il corpo in metallo assicura un maggiore comfort di gioco durante infinite sessioni di gaming.<\/p>\n<ul>\n<li style=\"display: inline-block;\"><img decoding=\"async\" src=\"\/wp-content\/themes\/flatsome-child\/img\/ikony\/check-black.svg\" width=\"22px\" height=\"22px\" \/> Tastiera Meccanica di dimensioni normali<\/li>\n<li style=\"display: inline-block;\"><img decoding=\"async\" src=\"\/wp-content\/themes\/flatsome-child\/img\/ikony\/check-black.svg\" width=\"22px\" height=\"22px\" \/> Retroilluminazione RGB<\/li>\n<li style=\"display: inline-block;\"><img decoding=\"async\" src=\"\/wp-content\/themes\/flatsome-child\/img\/ikony\/check-black.svg\" width=\"22px\" height=\"22px\" \/> Blu integrale Selettori<\/li>\n<li style=\"display: inline-block;\"><img decoding=\"async\" src=\"\/wp-content\/themes\/flatsome-child\/img\/ikony\/check-black.svg\" width=\"22px\" height=\"22px\" \/> Meccanici Tasti Multimediali<\/li>\n<\/ul>\n\t<div id=\"gap-1005922756\" class=\"gap-element clearfix\" style=\"display:block; height:auto;\">\n\t\t\n<style>\n#gap-1005922756 {\n  padding-top: 30px;\n}\n<\/style>\n\t<\/div>\n\t\n\t\t<\/div>\n\t\t\t\t\t<\/div>\n\n\t\n\n<style>\n#row-2143956299 > .col > .col-inner {\n  padding: 50px 0px 20px 0px;\n}\n@media (min-width:550px) {\n  #row-2143956299 > .col > .col-inner {\n    padding: 100px 0px 50px 0px;\n  }\n}\n<\/style>\n<\/div>\n\t\t<\/div>\n\n\t\t\n<style>\n#section_289959489 {\n  padding-top: 0px;\n  padding-bottom: 0px;\n}\n<\/style>\n\t<\/section>\n\t\n<div class=\"row row-collapse row-full-width align-equal\"  id=\"row-1501417093\">\n\n\t<div id=\"col-1667883718\" class=\"col medium-6 small-12 large-6\"  >\n\t\t\t\t<div class=\"col-inner\"  >\n\t\t\t\n\t\t\t\n\t<div class=\"img has-hover x md-x lg-x y md-y lg-y\" id=\"image_1128402035\">\n\t\t\t\t\t\t\t\t<div class=\"img-inner dark\" >\n\t\t\t<img loading=\"lazy\" decoding=\"async\" width=\"800\" height=\"800\" src=\"https:\/\/eu.aimcontrollers.com\/wp-content\/uploads\/2020\/09\/rgb-back-800x800.jpg\" class=\"attachment-large size-large\" alt=\"rgb backlight\" srcset=\"https:\/\/eu.aimcontrollers.com\/wp-content\/uploads\/2020\/09\/rgb-back-800x800.jpg 800w, https:\/\/eu.aimcontrollers.com\/wp-content\/uploads\/2020\/09\/rgb-back-500x500.jpg 500w, https:\/\/eu.aimcontrollers.com\/wp-content\/uploads\/2020\/09\/rgb-back-100x100.jpg 100w, https:\/\/eu.aimcontrollers.com\/wp-content\/uploads\/2020\/09\/rgb-back-400x400.jpg 400w, https:\/\/eu.aimcontrollers.com\/wp-content\/uploads\/2020\/09\/rgb-back-280x280.jpg 280w, https:\/\/eu.aimcontrollers.com\/wp-content\/uploads\/2020\/09\/rgb-back-768x768.jpg 768w, https:\/\/eu.aimcontrollers.com\/wp-content\/uploads\/2020\/09\/rgb-back.jpg 1000w\" sizes=\"auto, (max-width: 800px) 100vw, 800px\" \/>\t\t\t\t\t\t\n\t\t\t\t\t<\/div>\n\t\t\t\t\t\t\t\t\n<style>\n#image_1128402035 {\n  width: 100%;\n}\n<\/style>\n\t<\/div>\n\t\n\t\t<\/div>\n\t\t\t\t\t<\/div>\n\n\t\n\n\t<div id=\"col-2031419973\" class=\"col medium-6 small-12 large-6\"  >\n\t\t\t\t<div class=\"col-inner text-left\"  >\n\t\t\t\n\t\t\t\n<h3>Retroilluminazione RGB<\/h3>\n<p>La tastiera retroilluminata attira l\u2019occhio grazie al suo design sofisticato ed in pi\u00f9 \u00e8 una soluzione comoda per tutti i nottambuli. Ci sono fino a 13 impostazioni di colori e di modalit\u00e0 di retroilluminazione della tastiera. Questa vasta gamma di impostazioni permette l\u2019adattamento perfetto alle preferenze individuali.<br \/>Adesso, grazie alla retroilluminazione RGB hai ancora pi\u00f9 modi per illuminare il Tuo gioco e far animare la Tua tastiera<\/p>\n\t\t<\/div>\n\t\t\t\t\n<style>\n#col-2031419973 > .col-inner {\n  padding: 26px 15px 0px 15px;\n}\n@media (min-width:550px) {\n  #col-2031419973 > .col-inner {\n    padding: 80px 30px 0px 30px;\n  }\n}\n@media (min-width:850px) {\n  #col-2031419973 > .col-inner {\n    padding: 250px 30px 0px 30px;\n  }\n}\n<\/style>\n\t<\/div>\n\n\t\n<\/div>\n<div class=\"row row-collapse row-full-width align-equal\"  id=\"row-2029335710\">\n\n\t<div id=\"col-1068671283\" class=\"col medium-6 small-12 large-6\"  >\n\t\t\t\t<div class=\"col-inner text-left\"  >\n\t\t\t\n\t\t\t\n<h3>Software dedicato<\/h3>\n<p>La Creazione dei macro \u00e8 la funzione che ti permette di assegnare una sequenza di tasti a un solo tasto per darti ancora pi\u00f9 possibilit\u00e0 e per aumentare il vantaggio sugli altri.<\/p>\n<p>Istalla il software e scegli uno dei profili disponibili: profilo 1, profilo 2 o profilo 3. Sono concepiti per 3 giochi diversi. Adessi sei pronto all\u2019azione.<\/p>\n<a href=\"\/download\/\" class=\"button primary is-outline is-larger\"  >\n\t\t<span>Download Software<\/span>\n\t<i class=\"icon-angle-down\" aria-hidden=\"true\" ><\/i><\/a>\n\n\t\t<\/div>\n\t\t\t\t\n<style>\n#col-1068671283 > .col-inner {\n  padding: 26px 15px 0px 15px;\n}\n@media (min-width:550px) {\n  #col-1068671283 > .col-inner {\n    padding: 80px 30px 0px 30px;\n  }\n}\n@media (min-width:850px) {\n  #col-1068671283 > .col-inner {\n    padding: 250px 30px 0px 30px;\n  }\n}\n<\/style>\n\t<\/div>\n\n\t\n\n\t<div id=\"col-595234284\" class=\"col medium-6 small-12 large-6 small-col-first\"  >\n\t\t\t\t<div class=\"col-inner\"  >\n\t\t\t\n\t\t\t\n\t<div class=\"img has-hover x md-x lg-x y md-y lg-y\" id=\"image_1377020617\">\n\t\t\t\t\t\t\t\t<div class=\"img-inner dark\" >\n\t\t\t<img loading=\"lazy\" decoding=\"async\" width=\"800\" height=\"800\" src=\"https:\/\/eu.aimcontrollers.com\/wp-content\/uploads\/2020\/09\/dedicated-soft-1-800x800.jpg\" class=\"attachment-large size-large\" alt=\"\" srcset=\"https:\/\/eu.aimcontrollers.com\/wp-content\/uploads\/2020\/09\/dedicated-soft-1-800x800.jpg 800w, https:\/\/eu.aimcontrollers.com\/wp-content\/uploads\/2020\/09\/dedicated-soft-1-500x500.jpg 500w, https:\/\/eu.aimcontrollers.com\/wp-content\/uploads\/2020\/09\/dedicated-soft-1-100x100.jpg 100w, https:\/\/eu.aimcontrollers.com\/wp-content\/uploads\/2020\/09\/dedicated-soft-1-400x400.jpg 400w, https:\/\/eu.aimcontrollers.com\/wp-content\/uploads\/2020\/09\/dedicated-soft-1-280x280.jpg 280w, https:\/\/eu.aimcontrollers.com\/wp-content\/uploads\/2020\/09\/dedicated-soft-1-768x768.jpg 768w, https:\/\/eu.aimcontrollers.com\/wp-content\/uploads\/2020\/09\/dedicated-soft-1.jpg 1000w\" sizes=\"auto, (max-width: 800px) 100vw, 800px\" \/>\t\t\t\t\t\t\n\t\t\t\t\t<\/div>\n\t\t\t\t\t\t\t\t\n<style>\n#image_1377020617 {\n  width: 100%;\n}\n<\/style>\n\t<\/div>\n\t\n\t\t<\/div>\n\t\t\t\t\t<\/div>\n\n\t\n<\/div>\n<div class=\"row row-collapse row-full-width\"  id=\"row-1449442393\">\n\n\t<div id=\"col-1347168410\" class=\"col mboxbg small-12 large-12\"  >\n\t\t\t\t<div class=\"col-inner\" style=\"background-color:rgb(247, 247, 247);\" >\n\t\t\t\n\t\t\t\n<div class=\"row row-collapse align-middle\"  id=\"row-1274398792\">\n\n\t<div id=\"col-972216476\" class=\"col medium-6 small-12 large-6\"  >\n\t\t\t\t<div class=\"col-inner\"  >\n\t\t\t\n\t\t\t\n<h2 style=\"font-size: 200%;\">CARATTERISTICHE<\/h2>\n<ul>\n<li class=\"p1\"><span class=\"s1\">Tastiera Meccanica di dimensioni normali (con cavo)<\/span><\/li>\n<li class=\"p1\"><span class=\"s1\">Retroilluminazione RGB (13 impostazioni)<\/span><\/li>\n<li class=\"p1\"><span class=\"s1\">Adatta i macro alle tue preferenze<\/span><\/li>\n<li class=\"p1\"><span class=\"s1\">Tasti multimediali e tasti funzione<\/span><\/li>\n<li class=\"p1\"><span class=\"s1\">Selettori Meccanici blu<\/span><\/li>\n<li class=\"p1\"><span class=\"s1\">Copertura superiore in metallo, 104 tasti<\/span><\/li>\n<li class=\"p1\"><span class=\"s1\">Connessione USB Plug &amp; Play<\/span><\/li>\n<li class=\"p1\"><span class=\"s1\">Sistemi operativi supportati Windows 10\/8\/7\/Vista\/XP<\/span><\/li>\n<\/ul>\n\t\t<\/div>\n\t\t\t\t\t<\/div>\n\n\t\n\n\t<div id=\"col-544298102\" class=\"col hide-for-medium medium-6 small-12 large-6\"  >\n\t\t\t\t<div class=\"col-inner text-center\"  >\n\t\t\t\n\t\t\t\n\t<div class=\"img has-hover x md-x lg-x y md-y lg-y\" id=\"image_1741258567\">\n\t\t\t\t\t\t\t\t<div class=\"img-inner dark\" >\n\t\t\t<img loading=\"lazy\" decoding=\"async\" width=\"800\" height=\"800\" src=\"https:\/\/eu.aimcontrollers.com\/wp-content\/uploads\/2020\/09\/keyboard_aimcontrollers-2a-800x800.png\" class=\"attachment-large size-large\" alt=\"\" srcset=\"https:\/\/eu.aimcontrollers.com\/wp-content\/uploads\/2020\/09\/keyboard_aimcontrollers-2a-800x800.png 800w, https:\/\/eu.aimcontrollers.com\/wp-content\/uploads\/2020\/09\/keyboard_aimcontrollers-2a-500x500.png 500w, https:\/\/eu.aimcontrollers.com\/wp-content\/uploads\/2020\/09\/keyboard_aimcontrollers-2a-100x100.png 100w, https:\/\/eu.aimcontrollers.com\/wp-content\/uploads\/2020\/09\/keyboard_aimcontrollers-2a-400x400.png 400w, https:\/\/eu.aimcontrollers.com\/wp-content\/uploads\/2020\/09\/keyboard_aimcontrollers-2a-280x280.png 280w, https:\/\/eu.aimcontrollers.com\/wp-content\/uploads\/2020\/09\/keyboard_aimcontrollers-2a-768x768.png 768w, https:\/\/eu.aimcontrollers.com\/wp-content\/uploads\/2020\/09\/keyboard_aimcontrollers-2a.png 1000w\" sizes=\"auto, (max-width: 800px) 100vw, 800px\" \/>\t\t\t\t\t\t\n\t\t\t\t\t<\/div>\n\t\t\t\t\t\t\t\t\n<style>\n#image_1741258567 {\n  width: 100%;\n}\n@media (min-width:550px) {\n  #image_1741258567 {\n    width: 100%;\n  }\n}\n<\/style>\n\t<\/div>\n\t\n\t\t<\/div>\n\t\t\t\t\t<\/div>\n\n\t\n<\/div>\n\t\t<\/div>\n\t\t\t\t\n<style>\n#col-1347168410 > .col-inner {\n  margin: 25px 0px 0px 0px;\n}\n@media (min-width:550px) {\n  #col-1347168410 > .col-inner {\n    margin: 50px 0px 0px 0px;\n  }\n}\n<\/style>\n\t<\/div>\n\n\t\n\n<style>\n#row-1449442393 > .col > .col-inner {\n  padding: 40px 40px 40px 40px;\n}\n@media (min-width:550px) {\n  #row-1449442393 > .col > .col-inner {\n    padding: 50px 50px 50px 50px;\n  }\n}\n@media (min-width:850px) {\n  #row-1449442393 > .col > .col-inner {\n    padding: 20px 100px 20px 100px;\n  }\n}\n<\/style>\n<\/div>\n","protected":false},"excerpt":{"rendered":"<p>&nbsp;<\/p>\n","protected":false},"featured_media":1190679,"template":"","meta":{"_acf_changed":false,"inline_featured_image":false},"product_brand":[],"product_cat":[4833],"product_tag":[],"misspellings":[],"class_list":{"0":"post-1190678","1":"product","2":"type-product","3":"status-publish","4":"has-post-thumbnail","6":"product_cat-tastiere","8":"first","9":"instock","10":"taxable","11":"shipping-taxable","12":"purchasable","13":"product-type-simple"},"acf":[],"yoast_head":"<!-- This site is optimized with the Yoast SEO Premium plugin v22.4 (Yoast SEO v27.5) - https:\/\/yoast.com\/product\/yoast-seo-premium-wordpress\/ -->\n<title>Tastiera Meccanica AimControllers RGB - Aimcontrollers<\/title>\n<meta name=\"robots\" content=\"index, follow, max-snippet:-1, max-image-preview:large, max-video-preview:-1\" \/>\n<link rel=\"canonical\" href=\"https:\/\/eu.aimcontrollers.com\/it\/prodotto\/tastiera-meccanica-aimcontrollers-rgb\/\" \/>\n<meta property=\"og:locale\" content=\"it_IT\" \/>\n<meta property=\"og:type\" content=\"article\" \/>\n<meta property=\"og:title\" content=\"Tastiera Meccanica AimControllers RGB\" \/>\n<meta property=\"og:description\" content=\"&nbsp;\" \/>\n<meta property=\"og:url\" content=\"https:\/\/eu.aimcontrollers.com\/it\/prodotto\/tastiera-meccanica-aimcontrollers-rgb\/\" \/>\n<meta property=\"og:site_name\" content=\"Aimcontrollers\" \/>\n<meta property=\"article:publisher\" content=\"http:\/\/www.facebook.com\/aimcontrollers\" \/>\n<meta property=\"article:modified_time\" content=\"2021-03-24T19:44:55+00:00\" \/>\n<meta property=\"og:image\" content=\"https:\/\/eu.aimcontrollers.com\/wp-content\/uploads\/2020\/09\/keyboard_aimcontrollers.png\" \/>\n\t<meta property=\"og:image:width\" content=\"1000\" \/>\n\t<meta property=\"og:image:height\" content=\"1000\" \/>\n\t<meta property=\"og:image:type\" content=\"image\/png\" \/>\n<meta name=\"twitter:card\" content=\"summary_large_image\" \/>\n<meta name=\"twitter:site\" content=\"@AimControllerss\" \/>\n<meta name=\"twitter:label1\" content=\"Tempo di lettura stimato\" \/>\n\t<meta name=\"twitter:data1\" content=\"3 minuti\" \/>\n<script type=\"application\/ld+json\" class=\"yoast-schema-graph\">{\"@context\":\"https:\\\/\\\/schema.org\",\"@graph\":[{\"@type\":\"WebPage\",\"@id\":\"https:\\\/\\\/eu.aimcontrollers.com\\\/it\\\/prodotto\\\/tastiera-meccanica-aimcontrollers-rgb\\\/\",\"url\":\"https:\\\/\\\/eu.aimcontrollers.com\\\/it\\\/prodotto\\\/tastiera-meccanica-aimcontrollers-rgb\\\/\",\"name\":\"Tastiera Meccanica AimControllers RGB - Aimcontrollers\",\"isPartOf\":{\"@id\":\"https:\\\/\\\/eu.aimcontrollers.com\\\/it\\\/#website\"},\"primaryImageOfPage\":{\"@id\":\"https:\\\/\\\/eu.aimcontrollers.com\\\/it\\\/prodotto\\\/tastiera-meccanica-aimcontrollers-rgb\\\/#primaryimage\"},\"image\":{\"@id\":\"https:\\\/\\\/eu.aimcontrollers.com\\\/it\\\/prodotto\\\/tastiera-meccanica-aimcontrollers-rgb\\\/#primaryimage\"},\"thumbnailUrl\":\"https:\\\/\\\/eu.aimcontrollers.com\\\/wp-content\\\/uploads\\\/2020\\\/09\\\/keyboard_aimcontrollers.png\",\"datePublished\":\"2021-03-24T19:42:33+00:00\",\"dateModified\":\"2021-03-24T19:44:55+00:00\",\"breadcrumb\":{\"@id\":\"https:\\\/\\\/eu.aimcontrollers.com\\\/it\\\/prodotto\\\/tastiera-meccanica-aimcontrollers-rgb\\\/#breadcrumb\"},\"inLanguage\":\"it-IT\",\"potentialAction\":[{\"@type\":\"ReadAction\",\"target\":[\"https:\\\/\\\/eu.aimcontrollers.com\\\/it\\\/prodotto\\\/tastiera-meccanica-aimcontrollers-rgb\\\/\"]}]},{\"@type\":\"ImageObject\",\"inLanguage\":\"it-IT\",\"@id\":\"https:\\\/\\\/eu.aimcontrollers.com\\\/it\\\/prodotto\\\/tastiera-meccanica-aimcontrollers-rgb\\\/#primaryimage\",\"url\":\"https:\\\/\\\/eu.aimcontrollers.com\\\/wp-content\\\/uploads\\\/2020\\\/09\\\/keyboard_aimcontrollers.png\",\"contentUrl\":\"https:\\\/\\\/eu.aimcontrollers.com\\\/wp-content\\\/uploads\\\/2020\\\/09\\\/keyboard_aimcontrollers.png\",\"width\":1000,\"height\":1000},{\"@type\":\"BreadcrumbList\",\"@id\":\"https:\\\/\\\/eu.aimcontrollers.com\\\/it\\\/prodotto\\\/tastiera-meccanica-aimcontrollers-rgb\\\/#breadcrumb\",\"itemListElement\":[{\"@type\":\"ListItem\",\"position\":1,\"name\":\"Home\",\"item\":\"https:\\\/\\\/eu.aimcontrollers.com\\\/it\\\/\"},{\"@type\":\"ListItem\",\"position\":2,\"name\":\"Shop\",\"item\":\"https:\\\/\\\/eu.aimcontrollers.com\\\/shop\\\/\"},{\"@type\":\"ListItem\",\"position\":3,\"name\":\"Tastiera Meccanica AimControllers RGB\"}]},{\"@type\":\"WebSite\",\"@id\":\"https:\\\/\\\/eu.aimcontrollers.com\\\/it\\\/#website\",\"url\":\"https:\\\/\\\/eu.aimcontrollers.com\\\/it\\\/\",\"name\":\"AimControllers - The most affordable competitive controllers for Xbox, PlayStation and PC\",\"description\":\"Uno dei pi\u00f9 grandi marchi che fornisce controller completamente personalizzabili e originali.\",\"publisher\":{\"@id\":\"https:\\\/\\\/eu.aimcontrollers.com\\\/it\\\/#organization\"},\"potentialAction\":[{\"@type\":\"SearchAction\",\"target\":{\"@type\":\"EntryPoint\",\"urlTemplate\":\"https:\\\/\\\/eu.aimcontrollers.com\\\/it\\\/?s={search_term_string}\"},\"query-input\":{\"@type\":\"PropertyValueSpecification\",\"valueRequired\":true,\"valueName\":\"search_term_string\"}}],\"inLanguage\":\"it-IT\"},{\"@type\":\"Organization\",\"@id\":\"https:\\\/\\\/eu.aimcontrollers.com\\\/it\\\/#organization\",\"name\":\"Aimcontrollers\",\"url\":\"https:\\\/\\\/eu.aimcontrollers.com\\\/it\\\/\",\"logo\":{\"@type\":\"ImageObject\",\"inLanguage\":\"it-IT\",\"@id\":\"https:\\\/\\\/eu.aimcontrollers.com\\\/it\\\/#\\\/schema\\\/logo\\\/image\\\/\",\"url\":\"\",\"contentUrl\":\"\",\"caption\":\"Aimcontrollers\"},\"image\":{\"@id\":\"https:\\\/\\\/eu.aimcontrollers.com\\\/it\\\/#\\\/schema\\\/logo\\\/image\\\/\"},\"sameAs\":[\"http:\\\/\\\/www.facebook.com\\\/aimcontrollers\",\"https:\\\/\\\/x.com\\\/AimControllerss\",\"https:\\\/\\\/instagram.com\\\/aimcontrollers\\\/\",\"https:\\\/\\\/www.youtube.com\\\/user\\\/aimcontrollerspl\\\/videos\"]}]}<\/script>\n<!-- \/ Yoast SEO Premium plugin. -->","yoast_head_json":{"title":"Tastiera Meccanica AimControllers RGB - Aimcontrollers","robots":{"index":"index","follow":"follow","max-snippet":"max-snippet:-1","max-image-preview":"max-image-preview:large","max-video-preview":"max-video-preview:-1"},"canonical":"https:\/\/eu.aimcontrollers.com\/it\/prodotto\/tastiera-meccanica-aimcontrollers-rgb\/","og_locale":"it_IT","og_type":"article","og_title":"Tastiera Meccanica AimControllers RGB","og_description":"&nbsp;","og_url":"https:\/\/eu.aimcontrollers.com\/it\/prodotto\/tastiera-meccanica-aimcontrollers-rgb\/","og_site_name":"Aimcontrollers","article_publisher":"http:\/\/www.facebook.com\/aimcontrollers","article_modified_time":"2021-03-24T19:44:55+00:00","og_image":[{"width":1000,"height":1000,"url":"https:\/\/eu.aimcontrollers.com\/wp-content\/uploads\/2020\/09\/keyboard_aimcontrollers.png","type":"image\/png"}],"twitter_card":"summary_large_image","twitter_site":"@AimControllerss","twitter_misc":{"Tempo di lettura stimato":"3 minuti"},"schema":{"@context":"https:\/\/schema.org","@graph":[{"@type":"WebPage","@id":"https:\/\/eu.aimcontrollers.com\/it\/prodotto\/tastiera-meccanica-aimcontrollers-rgb\/","url":"https:\/\/eu.aimcontrollers.com\/it\/prodotto\/tastiera-meccanica-aimcontrollers-rgb\/","name":"Tastiera Meccanica AimControllers RGB - Aimcontrollers","isPartOf":{"@id":"https:\/\/eu.aimcontrollers.com\/it\/#website"},"primaryImageOfPage":{"@id":"https:\/\/eu.aimcontrollers.com\/it\/prodotto\/tastiera-meccanica-aimcontrollers-rgb\/#primaryimage"},"image":{"@id":"https:\/\/eu.aimcontrollers.com\/it\/prodotto\/tastiera-meccanica-aimcontrollers-rgb\/#primaryimage"},"thumbnailUrl":"https:\/\/eu.aimcontrollers.com\/wp-content\/uploads\/2020\/09\/keyboard_aimcontrollers.png","datePublished":"2021-03-24T19:42:33+00:00","dateModified":"2021-03-24T19:44:55+00:00","breadcrumb":{"@id":"https:\/\/eu.aimcontrollers.com\/it\/prodotto\/tastiera-meccanica-aimcontrollers-rgb\/#breadcrumb"},"inLanguage":"it-IT","potentialAction":[{"@type":"ReadAction","target":["https:\/\/eu.aimcontrollers.com\/it\/prodotto\/tastiera-meccanica-aimcontrollers-rgb\/"]}]},{"@type":"ImageObject","inLanguage":"it-IT","@id":"https:\/\/eu.aimcontrollers.com\/it\/prodotto\/tastiera-meccanica-aimcontrollers-rgb\/#primaryimage","url":"https:\/\/eu.aimcontrollers.com\/wp-content\/uploads\/2020\/09\/keyboard_aimcontrollers.png","contentUrl":"https:\/\/eu.aimcontrollers.com\/wp-content\/uploads\/2020\/09\/keyboard_aimcontrollers.png","width":1000,"height":1000},{"@type":"BreadcrumbList","@id":"https:\/\/eu.aimcontrollers.com\/it\/prodotto\/tastiera-meccanica-aimcontrollers-rgb\/#breadcrumb","itemListElement":[{"@type":"ListItem","position":1,"name":"Home","item":"https:\/\/eu.aimcontrollers.com\/it\/"},{"@type":"ListItem","position":2,"name":"Shop","item":"https:\/\/eu.aimcontrollers.com\/shop\/"},{"@type":"ListItem","position":3,"name":"Tastiera Meccanica AimControllers RGB"}]},{"@type":"WebSite","@id":"https:\/\/eu.aimcontrollers.com\/it\/#website","url":"https:\/\/eu.aimcontrollers.com\/it\/","name":"AimControllers - The most affordable competitive controllers for Xbox, PlayStation and PC","description":"Uno dei pi\u00f9 grandi marchi che fornisce controller completamente personalizzabili e originali.","publisher":{"@id":"https:\/\/eu.aimcontrollers.com\/it\/#organization"},"potentialAction":[{"@type":"SearchAction","target":{"@type":"EntryPoint","urlTemplate":"https:\/\/eu.aimcontrollers.com\/it\/?s={search_term_string}"},"query-input":{"@type":"PropertyValueSpecification","valueRequired":true,"valueName":"search_term_string"}}],"inLanguage":"it-IT"},{"@type":"Organization","@id":"https:\/\/eu.aimcontrollers.com\/it\/#organization","name":"Aimcontrollers","url":"https:\/\/eu.aimcontrollers.com\/it\/","logo":{"@type":"ImageObject","inLanguage":"it-IT","@id":"https:\/\/eu.aimcontrollers.com\/it\/#\/schema\/logo\/image\/","url":"","contentUrl":"","caption":"Aimcontrollers"},"image":{"@id":"https:\/\/eu.aimcontrollers.com\/it\/#\/schema\/logo\/image\/"},"sameAs":["http:\/\/www.facebook.com\/aimcontrollers","https:\/\/x.com\/AimControllerss","https:\/\/instagram.com\/aimcontrollers\/","https:\/\/www.youtube.com\/user\/aimcontrollerspl\/videos"]}]}},"_links":{"self":[{"href":"https:\/\/eu.aimcontrollers.com\/it\/wp-json\/wp\/v2\/product\/1190678","targetHints":{"allow":["GET"]}}],"collection":[{"href":"https:\/\/eu.aimcontrollers.com\/it\/wp-json\/wp\/v2\/product"}],"about":[{"href":"https:\/\/eu.aimcontrollers.com\/it\/wp-json\/wp\/v2\/types\/product"}],"wp:featuredmedia":[{"embeddable":true,"href":"https:\/\/eu.aimcontrollers.com\/it\/wp-json\/wp\/v2\/media\/1190679"}],"wp:attachment":[{"href":"https:\/\/eu.aimcontrollers.com\/it\/wp-json\/wp\/v2\/media?parent=1190678"}],"wp:term":[{"taxonomy":"product_brand","embeddable":true,"href":"https:\/\/eu.aimcontrollers.com\/it\/wp-json\/wp\/v2\/product_brand?post=1190678"},{"taxonomy":"product_cat","embeddable":true,"href":"https:\/\/eu.aimcontrollers.com\/it\/wp-json\/wp\/v2\/product_cat?post=1190678"},{"taxonomy":"product_tag","embeddable":true,"href":"https:\/\/eu.aimcontrollers.com\/it\/wp-json\/wp\/v2\/product_tag?post=1190678"},{"taxonomy":"misspellings","embeddable":true,"href":"https:\/\/eu.aimcontrollers.com\/it\/wp-json\/wp\/v2\/misspellings?post=1190678"}],"curies":[{"name":"wp","href":"https:\/\/api.w.org\/{rel}","templated":true}]}}