{"id":1245586,"date":"2022-01-13T12:36:03","date_gmt":"2022-01-13T11:36:03","guid":{"rendered":"https:\/\/eu.aimcontrollers.com\/product\/aim-charging-station\/"},"modified":"2023-01-02T10:12:08","modified_gmt":"2023-01-02T09:12:08","slug":"aim-charging-station","status":"publish","type":"product","link":"https:\/\/eu.aimcontrollers.com\/it\/prodotto\/aim-charging-station\/","title":{"rendered":"AiM Charging Station"},"content":{"rendered":"<p class=\"p1\"><span class=\"s1\"><strong>La stazione di ricarica AiM<\/strong> \u00e8 progettata per i controller DualSense e Xbox Series X.<\/span><\/p>\n<p class=\"p1\"><span class=\"s1\">Questo caricabatterie portatile per PS5 e Xbox X offre un modo semplice e veloce per caricare e tenere il controller.<\/span><\/p>\n<p class=\"p1\"><span class=\"s1\">Basta posizionare il controller sulla base di ricarica per caricare e rimuovere il controller quando \u00e8 pronto per l&#8217;uso.<\/span><\/p>\n<p><img loading=\"lazy\" decoding=\"async\" class=\"size-full wp-image-1245539 alignnone\" src=\"https:\/\/eu.aimcontrollers.com\/wp-content\/uploads\/2022\/01\/AiM-Charging-Station_post3.png\" alt=\"\" width=\"1000\" height=\"1000\" srcset=\"https:\/\/eu.aimcontrollers.com\/wp-content\/uploads\/2022\/01\/AiM-Charging-Station_post3.png 1000w, https:\/\/eu.aimcontrollers.com\/wp-content\/uploads\/2022\/01\/AiM-Charging-Station_post3-500x500.png 500w, https:\/\/eu.aimcontrollers.com\/wp-content\/uploads\/2022\/01\/AiM-Charging-Station_post3-100x100.png 100w, https:\/\/eu.aimcontrollers.com\/wp-content\/uploads\/2022\/01\/AiM-Charging-Station_post3-800x800.png 800w, https:\/\/eu.aimcontrollers.com\/wp-content\/uploads\/2022\/01\/AiM-Charging-Station_post3-400x400.png 400w, https:\/\/eu.aimcontrollers.com\/wp-content\/uploads\/2022\/01\/AiM-Charging-Station_post3-280x280.png 280w, https:\/\/eu.aimcontrollers.com\/wp-content\/uploads\/2022\/01\/AiM-Charging-Station_post3-768x768.png 768w\" sizes=\"auto, (max-width: 1000px) 100vw, 1000px\" \/> <img loading=\"lazy\" decoding=\"async\" class=\"size-full wp-image-1245534 aligncenter\" src=\"https:\/\/eu.aimcontrollers.com\/wp-content\/uploads\/2022\/01\/AiM-Charging-Station_post2.png\" alt=\"\" width=\"1000\" height=\"1000\" srcset=\"https:\/\/eu.aimcontrollers.com\/wp-content\/uploads\/2022\/01\/AiM-Charging-Station_post2.png 1000w, https:\/\/eu.aimcontrollers.com\/wp-content\/uploads\/2022\/01\/AiM-Charging-Station_post2-500x500.png 500w, https:\/\/eu.aimcontrollers.com\/wp-content\/uploads\/2022\/01\/AiM-Charging-Station_post2-100x100.png 100w, https:\/\/eu.aimcontrollers.com\/wp-content\/uploads\/2022\/01\/AiM-Charging-Station_post2-800x800.png 800w, https:\/\/eu.aimcontrollers.com\/wp-content\/uploads\/2022\/01\/AiM-Charging-Station_post2-400x400.png 400w, https:\/\/eu.aimcontrollers.com\/wp-content\/uploads\/2022\/01\/AiM-Charging-Station_post2-280x280.png 280w, https:\/\/eu.aimcontrollers.com\/wp-content\/uploads\/2022\/01\/AiM-Charging-Station_post2-768x768.png 768w\" sizes=\"auto, (max-width: 1000px) 100vw, 1000px\" \/> <img loading=\"lazy\" decoding=\"async\" class=\"size-full wp-image-1245529 aligncenter\" src=\"https:\/\/eu.aimcontrollers.com\/wp-content\/uploads\/2022\/01\/AiM-Charging-Station_post.png\" alt=\"\" width=\"1000\" height=\"1000\" srcset=\"https:\/\/eu.aimcontrollers.com\/wp-content\/uploads\/2022\/01\/AiM-Charging-Station_post.png 1000w, https:\/\/eu.aimcontrollers.com\/wp-content\/uploads\/2022\/01\/AiM-Charging-Station_post-500x500.png 500w, https:\/\/eu.aimcontrollers.com\/wp-content\/uploads\/2022\/01\/AiM-Charging-Station_post-100x100.png 100w, https:\/\/eu.aimcontrollers.com\/wp-content\/uploads\/2022\/01\/AiM-Charging-Station_post-800x800.png 800w, https:\/\/eu.aimcontrollers.com\/wp-content\/uploads\/2022\/01\/AiM-Charging-Station_post-400x400.png 400w, https:\/\/eu.aimcontrollers.com\/wp-content\/uploads\/2022\/01\/AiM-Charging-Station_post-280x280.png 280w, https:\/\/eu.aimcontrollers.com\/wp-content\/uploads\/2022\/01\/AiM-Charging-Station_post-768x768.png 768w\" sizes=\"auto, (max-width: 1000px) 100vw, 1000px\" \/><\/p>\n","protected":false},"excerpt":{"rendered":"<p class=\"p1\"><span class=\"s1\"><strong>La stazione di ricarica AiM<\/strong> \u00e8 progettata per i controller DualSense e Xbox Series X.<\/span><\/p>\n<p class=\"p1\"><span class=\"s1\">Questo caricabatterie portatile per PS5 e Xbox X offre un modo semplice e veloce per caricare e tenere il controller.<\/span><\/p>\n<p class=\"p1\"><span class=\"s1\">Basta posizionare il controller sulla base di ricarica per caricare e rimuovere il controller quando \u00e8 pronto per l&#8217;uso.<\/span><\/p>\n<p class=\"p1\"><span class=\"s1\">Il rame migliorato garantisce una ricarica rapida che non supera le 2 ore. La doppia centrale elettrica ti assicura di non rimanere mai senza energia mentre guadagni un punto vincente.<\/span><\/p>\n<p class=\"p1\"><span class=\"s1\">L&#8217;indicatore LED a due colori mostra lo stato di carica. La luce rossa indica che il controller \u00e8 in carica, mentre la luce verde indica che il controller \u00e8 completamente carico \u00e8 pronto per l&#8217;uso.<\/span><\/p>\n<p class=\"p1\"><span class=\"s1\">I chip intelligenti integrati e i componenti di alta qualit\u00e0 proteggono i controller e altri dispositivi nelle vicinanze da sovraccarico elettrico, sovratensione o cortocircuito.<\/span><\/p>\n<p class=\"p1\"><span class=\"s1\">Non sovraccarichi mai il controller, anche se lo lasci acceso tutta la notte. Il cavo di alimentazione da 1 metro consente di collegare facilmente il dispositivo in qualsiasi luogo di lavoro.<\/span><\/p>\n<p class=\"p1\"><span class=\"s1\">Questa \u00e8 la soluzione perfetta per i giocatori professionisti! Un gadget estremamente utile se sei una persona che preferisce i giochi multiplayer con amici o familiari.<\/span><\/p>\n","protected":false},"featured_media":1245577,"template":"","meta":{"_acf_changed":false,"inline_featured_image":false},"product_brand":[],"product_cat":[4824],"product_tag":[],"misspellings":[],"class_list":{"0":"post-1245586","1":"product","2":"type-product","3":"status-publish","4":"has-post-thumbnail","6":"product_cat-accessori","8":"first","9":"outofstock","10":"taxable","11":"shipping-taxable","12":"purchasable","13":"product-type-simple"},"acf":[],"yoast_head":"<!-- This site is optimized with the Yoast SEO Premium plugin v22.4 (Yoast SEO v27.4) - https:\/\/yoast.com\/product\/yoast-seo-premium-wordpress\/ -->\n<title>AiM Charging Station - Aimcontrollers<\/title>\n<meta name=\"robots\" content=\"index, follow, max-snippet:-1, max-image-preview:large, max-video-preview:-1\" \/>\n<link rel=\"canonical\" href=\"https:\/\/eu.aimcontrollers.com\/it\/prodotto\/aim-charging-station\/\" \/>\n<meta property=\"og:locale\" content=\"it_IT\" \/>\n<meta property=\"og:type\" content=\"article\" \/>\n<meta property=\"og:title\" content=\"AiM Charging Station\" \/>\n<meta property=\"og:description\" content=\"La stazione di ricarica AiM \u00e8 progettata per i controller DualSense e Xbox Series X. Questo caricabatterie portatile per PS5 e Xbox X offre un modo semplice e veloce per caricare e tenere il controller. Basta posizionare il controller sulla base di ricarica per caricare e rimuovere il controller quando \u00e8 pronto per l&#039;uso. Il rame migliorato garantisce una ricarica rapida che non supera le 2 ore. La doppia centrale elettrica ti assicura di non rimanere mai senza energia mentre guadagni un punto vincente. L&#039;indicatore LED a due colori mostra lo stato di carica. La luce rossa indica che il controller \u00e8 in carica, mentre la luce verde indica che il controller \u00e8 completamente carico \u00e8 pronto per l&#039;uso. I chip intelligenti integrati e i componenti di alta qualit\u00e0 proteggono i controller e altri dispositivi nelle vicinanze da sovraccarico elettrico, sovratensione o cortocircuito. Non sovraccarichi mai il controller, anche se lo lasci acceso tutta la notte. Il cavo di alimentazione da 1 metro consente di collegare facilmente il dispositivo in qualsiasi luogo di lavoro. Questa \u00e8 la soluzione perfetta per i giocatori professionisti! Un gadget estremamente utile se sei una persona che preferisce i giochi multiplayer con amici o familiari.\" \/>\n<meta property=\"og:url\" content=\"https:\/\/eu.aimcontrollers.com\/it\/prodotto\/aim-charging-station\/\" \/>\n<meta property=\"og:site_name\" content=\"Aimcontrollers\" \/>\n<meta property=\"article:publisher\" content=\"http:\/\/www.facebook.com\/aimcontrollers\" \/>\n<meta property=\"article:modified_time\" content=\"2023-01-02T09:12:08+00:00\" \/>\n<meta property=\"og:image\" content=\"https:\/\/eu.aimcontrollers.com\/wp-content\/uploads\/2022\/01\/AiM-Charging-Station1-3.png\" \/>\n\t<meta property=\"og:image:width\" content=\"1000\" \/>\n\t<meta property=\"og:image:height\" content=\"1000\" \/>\n\t<meta property=\"og:image:type\" content=\"image\/png\" \/>\n<meta name=\"twitter:card\" content=\"summary_large_image\" \/>\n<meta name=\"twitter:site\" content=\"@AimControllerss\" \/>\n<script type=\"application\/ld+json\" class=\"yoast-schema-graph\">{\"@context\":\"https:\\\/\\\/schema.org\",\"@graph\":[{\"@type\":\"WebPage\",\"@id\":\"https:\\\/\\\/eu.aimcontrollers.com\\\/it\\\/prodotto\\\/aim-charging-station\\\/\",\"url\":\"https:\\\/\\\/eu.aimcontrollers.com\\\/it\\\/prodotto\\\/aim-charging-station\\\/\",\"name\":\"AiM Charging Station - Aimcontrollers\",\"isPartOf\":{\"@id\":\"https:\\\/\\\/eu.aimcontrollers.com\\\/it\\\/#website\"},\"primaryImageOfPage\":{\"@id\":\"https:\\\/\\\/eu.aimcontrollers.com\\\/it\\\/prodotto\\\/aim-charging-station\\\/#primaryimage\"},\"image\":{\"@id\":\"https:\\\/\\\/eu.aimcontrollers.com\\\/it\\\/prodotto\\\/aim-charging-station\\\/#primaryimage\"},\"thumbnailUrl\":\"https:\\\/\\\/eu.aimcontrollers.com\\\/wp-content\\\/uploads\\\/2022\\\/01\\\/AiM-Charging-Station1-3.png\",\"datePublished\":\"2022-01-13T11:36:03+00:00\",\"dateModified\":\"2023-01-02T09:12:08+00:00\",\"breadcrumb\":{\"@id\":\"https:\\\/\\\/eu.aimcontrollers.com\\\/it\\\/prodotto\\\/aim-charging-station\\\/#breadcrumb\"},\"inLanguage\":\"it-IT\",\"potentialAction\":[{\"@type\":\"ReadAction\",\"target\":[\"https:\\\/\\\/eu.aimcontrollers.com\\\/it\\\/prodotto\\\/aim-charging-station\\\/\"]}]},{\"@type\":\"ImageObject\",\"inLanguage\":\"it-IT\",\"@id\":\"https:\\\/\\\/eu.aimcontrollers.com\\\/it\\\/prodotto\\\/aim-charging-station\\\/#primaryimage\",\"url\":\"https:\\\/\\\/eu.aimcontrollers.com\\\/wp-content\\\/uploads\\\/2022\\\/01\\\/AiM-Charging-Station1-3.png\",\"contentUrl\":\"https:\\\/\\\/eu.aimcontrollers.com\\\/wp-content\\\/uploads\\\/2022\\\/01\\\/AiM-Charging-Station1-3.png\",\"width\":1000,\"height\":1000},{\"@type\":\"BreadcrumbList\",\"@id\":\"https:\\\/\\\/eu.aimcontrollers.com\\\/it\\\/prodotto\\\/aim-charging-station\\\/#breadcrumb\",\"itemListElement\":[{\"@type\":\"ListItem\",\"position\":1,\"name\":\"Home\",\"item\":\"https:\\\/\\\/eu.aimcontrollers.com\\\/it\\\/\"},{\"@type\":\"ListItem\",\"position\":2,\"name\":\"Shop\",\"item\":\"https:\\\/\\\/eu.aimcontrollers.com\\\/shop\\\/\"},{\"@type\":\"ListItem\",\"position\":3,\"name\":\"AiM Charging Station\"}]},{\"@type\":\"WebSite\",\"@id\":\"https:\\\/\\\/eu.aimcontrollers.com\\\/it\\\/#website\",\"url\":\"https:\\\/\\\/eu.aimcontrollers.com\\\/it\\\/\",\"name\":\"AimControllers - The most affordable competitive controllers for Xbox, PlayStation and PC\",\"description\":\"Uno dei pi\u00f9 grandi marchi che fornisce controller completamente personalizzabili e originali.\",\"publisher\":{\"@id\":\"https:\\\/\\\/eu.aimcontrollers.com\\\/it\\\/#organization\"},\"potentialAction\":[{\"@type\":\"SearchAction\",\"target\":{\"@type\":\"EntryPoint\",\"urlTemplate\":\"https:\\\/\\\/eu.aimcontrollers.com\\\/it\\\/?s={search_term_string}\"},\"query-input\":{\"@type\":\"PropertyValueSpecification\",\"valueRequired\":true,\"valueName\":\"search_term_string\"}}],\"inLanguage\":\"it-IT\"},{\"@type\":\"Organization\",\"@id\":\"https:\\\/\\\/eu.aimcontrollers.com\\\/it\\\/#organization\",\"name\":\"Aimcontrollers\",\"url\":\"https:\\\/\\\/eu.aimcontrollers.com\\\/it\\\/\",\"logo\":{\"@type\":\"ImageObject\",\"inLanguage\":\"it-IT\",\"@id\":\"https:\\\/\\\/eu.aimcontrollers.com\\\/it\\\/#\\\/schema\\\/logo\\\/image\\\/\",\"url\":\"\",\"contentUrl\":\"\",\"caption\":\"Aimcontrollers\"},\"image\":{\"@id\":\"https:\\\/\\\/eu.aimcontrollers.com\\\/it\\\/#\\\/schema\\\/logo\\\/image\\\/\"},\"sameAs\":[\"http:\\\/\\\/www.facebook.com\\\/aimcontrollers\",\"https:\\\/\\\/x.com\\\/AimControllerss\",\"https:\\\/\\\/instagram.com\\\/aimcontrollers\\\/\",\"https:\\\/\\\/www.youtube.com\\\/user\\\/aimcontrollerspl\\\/videos\"]}]}<\/script>\n<!-- \/ Yoast SEO Premium plugin. -->","yoast_head_json":{"title":"AiM Charging Station - Aimcontrollers","robots":{"index":"index","follow":"follow","max-snippet":"max-snippet:-1","max-image-preview":"max-image-preview:large","max-video-preview":"max-video-preview:-1"},"canonical":"https:\/\/eu.aimcontrollers.com\/it\/prodotto\/aim-charging-station\/","og_locale":"it_IT","og_type":"article","og_title":"AiM Charging Station","og_description":"La stazione di ricarica AiM \u00e8 progettata per i controller DualSense e Xbox Series X. Questo caricabatterie portatile per PS5 e Xbox X offre un modo semplice e veloce per caricare e tenere il controller. Basta posizionare il controller sulla base di ricarica per caricare e rimuovere il controller quando \u00e8 pronto per l'uso. Il rame migliorato garantisce una ricarica rapida che non supera le 2 ore. La doppia centrale elettrica ti assicura di non rimanere mai senza energia mentre guadagni un punto vincente. L'indicatore LED a due colori mostra lo stato di carica. La luce rossa indica che il controller \u00e8 in carica, mentre la luce verde indica che il controller \u00e8 completamente carico \u00e8 pronto per l'uso. I chip intelligenti integrati e i componenti di alta qualit\u00e0 proteggono i controller e altri dispositivi nelle vicinanze da sovraccarico elettrico, sovratensione o cortocircuito. Non sovraccarichi mai il controller, anche se lo lasci acceso tutta la notte. Il cavo di alimentazione da 1 metro consente di collegare facilmente il dispositivo in qualsiasi luogo di lavoro. Questa \u00e8 la soluzione perfetta per i giocatori professionisti! Un gadget estremamente utile se sei una persona che preferisce i giochi multiplayer con amici o familiari.","og_url":"https:\/\/eu.aimcontrollers.com\/it\/prodotto\/aim-charging-station\/","og_site_name":"Aimcontrollers","article_publisher":"http:\/\/www.facebook.com\/aimcontrollers","article_modified_time":"2023-01-02T09:12:08+00:00","og_image":[{"width":1000,"height":1000,"url":"https:\/\/eu.aimcontrollers.com\/wp-content\/uploads\/2022\/01\/AiM-Charging-Station1-3.png","type":"image\/png"}],"twitter_card":"summary_large_image","twitter_site":"@AimControllerss","schema":{"@context":"https:\/\/schema.org","@graph":[{"@type":"WebPage","@id":"https:\/\/eu.aimcontrollers.com\/it\/prodotto\/aim-charging-station\/","url":"https:\/\/eu.aimcontrollers.com\/it\/prodotto\/aim-charging-station\/","name":"AiM Charging Station - Aimcontrollers","isPartOf":{"@id":"https:\/\/eu.aimcontrollers.com\/it\/#website"},"primaryImageOfPage":{"@id":"https:\/\/eu.aimcontrollers.com\/it\/prodotto\/aim-charging-station\/#primaryimage"},"image":{"@id":"https:\/\/eu.aimcontrollers.com\/it\/prodotto\/aim-charging-station\/#primaryimage"},"thumbnailUrl":"https:\/\/eu.aimcontrollers.com\/wp-content\/uploads\/2022\/01\/AiM-Charging-Station1-3.png","datePublished":"2022-01-13T11:36:03+00:00","dateModified":"2023-01-02T09:12:08+00:00","breadcrumb":{"@id":"https:\/\/eu.aimcontrollers.com\/it\/prodotto\/aim-charging-station\/#breadcrumb"},"inLanguage":"it-IT","potentialAction":[{"@type":"ReadAction","target":["https:\/\/eu.aimcontrollers.com\/it\/prodotto\/aim-charging-station\/"]}]},{"@type":"ImageObject","inLanguage":"it-IT","@id":"https:\/\/eu.aimcontrollers.com\/it\/prodotto\/aim-charging-station\/#primaryimage","url":"https:\/\/eu.aimcontrollers.com\/wp-content\/uploads\/2022\/01\/AiM-Charging-Station1-3.png","contentUrl":"https:\/\/eu.aimcontrollers.com\/wp-content\/uploads\/2022\/01\/AiM-Charging-Station1-3.png","width":1000,"height":1000},{"@type":"BreadcrumbList","@id":"https:\/\/eu.aimcontrollers.com\/it\/prodotto\/aim-charging-station\/#breadcrumb","itemListElement":[{"@type":"ListItem","position":1,"name":"Home","item":"https:\/\/eu.aimcontrollers.com\/it\/"},{"@type":"ListItem","position":2,"name":"Shop","item":"https:\/\/eu.aimcontrollers.com\/shop\/"},{"@type":"ListItem","position":3,"name":"AiM Charging Station"}]},{"@type":"WebSite","@id":"https:\/\/eu.aimcontrollers.com\/it\/#website","url":"https:\/\/eu.aimcontrollers.com\/it\/","name":"AimControllers - The most affordable competitive controllers for Xbox, PlayStation and PC","description":"Uno dei pi\u00f9 grandi marchi che fornisce controller completamente personalizzabili e originali.","publisher":{"@id":"https:\/\/eu.aimcontrollers.com\/it\/#organization"},"potentialAction":[{"@type":"SearchAction","target":{"@type":"EntryPoint","urlTemplate":"https:\/\/eu.aimcontrollers.com\/it\/?s={search_term_string}"},"query-input":{"@type":"PropertyValueSpecification","valueRequired":true,"valueName":"search_term_string"}}],"inLanguage":"it-IT"},{"@type":"Organization","@id":"https:\/\/eu.aimcontrollers.com\/it\/#organization","name":"Aimcontrollers","url":"https:\/\/eu.aimcontrollers.com\/it\/","logo":{"@type":"ImageObject","inLanguage":"it-IT","@id":"https:\/\/eu.aimcontrollers.com\/it\/#\/schema\/logo\/image\/","url":"","contentUrl":"","caption":"Aimcontrollers"},"image":{"@id":"https:\/\/eu.aimcontrollers.com\/it\/#\/schema\/logo\/image\/"},"sameAs":["http:\/\/www.facebook.com\/aimcontrollers","https:\/\/x.com\/AimControllerss","https:\/\/instagram.com\/aimcontrollers\/","https:\/\/www.youtube.com\/user\/aimcontrollerspl\/videos"]}]}},"_links":{"self":[{"href":"https:\/\/eu.aimcontrollers.com\/it\/wp-json\/wp\/v2\/product\/1245586","targetHints":{"allow":["GET"]}}],"collection":[{"href":"https:\/\/eu.aimcontrollers.com\/it\/wp-json\/wp\/v2\/product"}],"about":[{"href":"https:\/\/eu.aimcontrollers.com\/it\/wp-json\/wp\/v2\/types\/product"}],"wp:featuredmedia":[{"embeddable":true,"href":"https:\/\/eu.aimcontrollers.com\/it\/wp-json\/wp\/v2\/media\/1245577"}],"wp:attachment":[{"href":"https:\/\/eu.aimcontrollers.com\/it\/wp-json\/wp\/v2\/media?parent=1245586"}],"wp:term":[{"taxonomy":"product_brand","embeddable":true,"href":"https:\/\/eu.aimcontrollers.com\/it\/wp-json\/wp\/v2\/product_brand?post=1245586"},{"taxonomy":"product_cat","embeddable":true,"href":"https:\/\/eu.aimcontrollers.com\/it\/wp-json\/wp\/v2\/product_cat?post=1245586"},{"taxonomy":"product_tag","embeddable":true,"href":"https:\/\/eu.aimcontrollers.com\/it\/wp-json\/wp\/v2\/product_tag?post=1245586"},{"taxonomy":"misspellings","embeddable":true,"href":"https:\/\/eu.aimcontrollers.com\/it\/wp-json\/wp\/v2\/misspellings?post=1245586"}],"curies":[{"name":"wp","href":"https:\/\/api.w.org\/{rel}","templated":true}]}}