{"id":1335610,"date":"2024-01-24T18:33:45","date_gmt":"2024-01-24T17:33:45","guid":{"rendered":"https:\/\/eu.aimcontrollers.com\/?post_type=product&#038;p=1335610"},"modified":"2025-12-10T15:26:17","modified_gmt":"2025-12-10T14:26:17","slug":"aim-black-matt-xbox-series-x-controller","status":"publish","type":"product","link":"https:\/\/eu.aimcontrollers.com\/it\/prodotto\/aim-black-matt-xbox-series-x-controller\/","title":{"rendered":"Aim Black Matt Xbox Series X Controller"},"content":{"rendered":"","protected":false},"excerpt":{"rendered":"<p>Controller nero opaco, classico ed elegante, ideale per i seguaci del minimalismo. La lavorazione di alta qualit\u00e0 e la durata garantiscono fluidit\u00e0 e affidabilit\u00e0 nel gioco. <br \/> Per evitare che il controller scivoli, abbiamo la possibilit\u00e0 di aggiungere un&#8217;impugnatura in gomma che protegge ulteriormente il nostro controller dalla caduta. La modifica dell&#8217;altezza della barra analogica consente di adattare il controller alle proprie esigenze.<\/p>\n","protected":false},"featured_media":1335589,"template":"","meta":{"_acf_changed":false,"inline_featured_image":false},"product_brand":[],"product_cat":[4826],"product_tag":[5325,4954,5413],"misspellings":[],"class_list":{"0":"post-1335610","1":"product","2":"type-product","3":"status-publish","4":"has-post-thumbnail","6":"product_cat-gli-controller-xbox-one","7":"product_tag-xbox-it","8":"product_tag-xbox-controller-it","9":"product_tag-xboxsolidcolor-it","11":"first","12":"instock","13":"taxable","14":"shipping-taxable","15":"purchasable","16":"product-type-variable","17":"has-default-attributes"},"acf":[],"yoast_head":"<!-- This site is optimized with the Yoast SEO Premium plugin v22.4 (Yoast SEO v27.4) - https:\/\/yoast.com\/product\/yoast-seo-premium-wordpress\/ -->\n<title>Aim Black Matt Xbox Series X Controller - Aimcontrollers<\/title>\n<meta name=\"robots\" content=\"index, follow, max-snippet:-1, max-image-preview:large, max-video-preview:-1\" \/>\n<link rel=\"canonical\" href=\"https:\/\/eu.aimcontrollers.com\/it\/prodotto\/aim-black-matt-xbox-series-x-controller\/\" \/>\n<meta property=\"og:locale\" content=\"it_IT\" \/>\n<meta property=\"og:type\" content=\"article\" \/>\n<meta property=\"og:title\" content=\"Aim Black Matt Xbox Series X Controller\" \/>\n<meta property=\"og:description\" content=\"Controller nero opaco, classico ed elegante, ideale per i seguaci del minimalismo. La lavorazione di alta qualit\u00e0 e la durata garantiscono fluidit\u00e0 e affidabilit\u00e0 nel gioco. Per evitare che il controller scivoli, abbiamo la possibilit\u00e0 di aggiungere un&#039;impugnatura in gomma che protegge ulteriormente il nostro controller dalla caduta. La modifica dell&#039;altezza della barra analogica consente di adattare il controller alle proprie esigenze.\" \/>\n<meta property=\"og:url\" content=\"https:\/\/eu.aimcontrollers.com\/it\/prodotto\/aim-black-matt-xbox-series-x-controller\/\" \/>\n<meta property=\"og:site_name\" content=\"Aimcontrollers\" \/>\n<meta property=\"article:publisher\" content=\"http:\/\/www.facebook.com\/aimcontrollers\" \/>\n<meta property=\"article:modified_time\" content=\"2025-12-10T14:26:17+00:00\" \/>\n<meta property=\"og:image\" content=\"https:\/\/eu.aimcontrollers.com\/wp-content\/uploads\/2024\/01\/XBOX_PREDESIGN_PRO_DOUBLE__BLACK.png\" \/>\n\t<meta property=\"og:image:width\" content=\"1000\" \/>\n\t<meta property=\"og:image:height\" content=\"1000\" \/>\n\t<meta property=\"og:image:type\" content=\"image\/png\" \/>\n<meta name=\"twitter:card\" content=\"summary_large_image\" \/>\n<meta name=\"twitter:site\" content=\"@AimControllerss\" \/>\n<meta name=\"twitter:label1\" content=\"Tempo di lettura stimato\" \/>\n\t<meta name=\"twitter:data1\" content=\"1 minuto\" \/>\n<script type=\"application\/ld+json\" class=\"yoast-schema-graph\">{\"@context\":\"https:\\\/\\\/schema.org\",\"@graph\":[{\"@type\":\"WebPage\",\"@id\":\"https:\\\/\\\/eu.aimcontrollers.com\\\/it\\\/prodotto\\\/aim-black-matt-xbox-series-x-controller\\\/\",\"url\":\"https:\\\/\\\/eu.aimcontrollers.com\\\/it\\\/prodotto\\\/aim-black-matt-xbox-series-x-controller\\\/\",\"name\":\"Aim Black Matt Xbox Series X Controller - Aimcontrollers\",\"isPartOf\":{\"@id\":\"https:\\\/\\\/eu.aimcontrollers.com\\\/it\\\/#website\"},\"primaryImageOfPage\":{\"@id\":\"https:\\\/\\\/eu.aimcontrollers.com\\\/it\\\/prodotto\\\/aim-black-matt-xbox-series-x-controller\\\/#primaryimage\"},\"image\":{\"@id\":\"https:\\\/\\\/eu.aimcontrollers.com\\\/it\\\/prodotto\\\/aim-black-matt-xbox-series-x-controller\\\/#primaryimage\"},\"thumbnailUrl\":\"https:\\\/\\\/eu.aimcontrollers.com\\\/wp-content\\\/uploads\\\/2024\\\/01\\\/XBOX_PREDESIGN_PRO_DOUBLE__BLACK.png\",\"datePublished\":\"2024-01-24T17:33:45+00:00\",\"dateModified\":\"2025-12-10T14:26:17+00:00\",\"breadcrumb\":{\"@id\":\"https:\\\/\\\/eu.aimcontrollers.com\\\/it\\\/prodotto\\\/aim-black-matt-xbox-series-x-controller\\\/#breadcrumb\"},\"inLanguage\":\"it-IT\",\"potentialAction\":[{\"@type\":\"ReadAction\",\"target\":[\"https:\\\/\\\/eu.aimcontrollers.com\\\/it\\\/prodotto\\\/aim-black-matt-xbox-series-x-controller\\\/\"]}]},{\"@type\":\"ImageObject\",\"inLanguage\":\"it-IT\",\"@id\":\"https:\\\/\\\/eu.aimcontrollers.com\\\/it\\\/prodotto\\\/aim-black-matt-xbox-series-x-controller\\\/#primaryimage\",\"url\":\"https:\\\/\\\/eu.aimcontrollers.com\\\/wp-content\\\/uploads\\\/2024\\\/01\\\/XBOX_PREDESIGN_PRO_DOUBLE__BLACK.png\",\"contentUrl\":\"https:\\\/\\\/eu.aimcontrollers.com\\\/wp-content\\\/uploads\\\/2024\\\/01\\\/XBOX_PREDESIGN_PRO_DOUBLE__BLACK.png\",\"width\":1000,\"height\":1000},{\"@type\":\"BreadcrumbList\",\"@id\":\"https:\\\/\\\/eu.aimcontrollers.com\\\/it\\\/prodotto\\\/aim-black-matt-xbox-series-x-controller\\\/#breadcrumb\",\"itemListElement\":[{\"@type\":\"ListItem\",\"position\":1,\"name\":\"Home\",\"item\":\"https:\\\/\\\/eu.aimcontrollers.com\\\/it\\\/\"},{\"@type\":\"ListItem\",\"position\":2,\"name\":\"Shop\",\"item\":\"https:\\\/\\\/eu.aimcontrollers.com\\\/shop\\\/\"},{\"@type\":\"ListItem\",\"position\":3,\"name\":\"Aim Black Matt Xbox Series X Controller\"}]},{\"@type\":\"WebSite\",\"@id\":\"https:\\\/\\\/eu.aimcontrollers.com\\\/it\\\/#website\",\"url\":\"https:\\\/\\\/eu.aimcontrollers.com\\\/it\\\/\",\"name\":\"AimControllers - The most affordable competitive controllers for Xbox, PlayStation and PC\",\"description\":\"Uno dei pi\u00f9 grandi marchi che fornisce controller completamente personalizzabili e originali.\",\"publisher\":{\"@id\":\"https:\\\/\\\/eu.aimcontrollers.com\\\/it\\\/#organization\"},\"potentialAction\":[{\"@type\":\"SearchAction\",\"target\":{\"@type\":\"EntryPoint\",\"urlTemplate\":\"https:\\\/\\\/eu.aimcontrollers.com\\\/it\\\/?s={search_term_string}\"},\"query-input\":{\"@type\":\"PropertyValueSpecification\",\"valueRequired\":true,\"valueName\":\"search_term_string\"}}],\"inLanguage\":\"it-IT\"},{\"@type\":\"Organization\",\"@id\":\"https:\\\/\\\/eu.aimcontrollers.com\\\/it\\\/#organization\",\"name\":\"Aimcontrollers\",\"url\":\"https:\\\/\\\/eu.aimcontrollers.com\\\/it\\\/\",\"logo\":{\"@type\":\"ImageObject\",\"inLanguage\":\"it-IT\",\"@id\":\"https:\\\/\\\/eu.aimcontrollers.com\\\/it\\\/#\\\/schema\\\/logo\\\/image\\\/\",\"url\":\"\",\"contentUrl\":\"\",\"caption\":\"Aimcontrollers\"},\"image\":{\"@id\":\"https:\\\/\\\/eu.aimcontrollers.com\\\/it\\\/#\\\/schema\\\/logo\\\/image\\\/\"},\"sameAs\":[\"http:\\\/\\\/www.facebook.com\\\/aimcontrollers\",\"https:\\\/\\\/x.com\\\/AimControllerss\",\"https:\\\/\\\/instagram.com\\\/aimcontrollers\\\/\",\"https:\\\/\\\/www.youtube.com\\\/user\\\/aimcontrollerspl\\\/videos\"]}]}<\/script>\n<!-- \/ Yoast SEO Premium plugin. -->","yoast_head_json":{"title":"Aim Black Matt Xbox Series X Controller - Aimcontrollers","robots":{"index":"index","follow":"follow","max-snippet":"max-snippet:-1","max-image-preview":"max-image-preview:large","max-video-preview":"max-video-preview:-1"},"canonical":"https:\/\/eu.aimcontrollers.com\/it\/prodotto\/aim-black-matt-xbox-series-x-controller\/","og_locale":"it_IT","og_type":"article","og_title":"Aim Black Matt Xbox Series X Controller","og_description":"Controller nero opaco, classico ed elegante, ideale per i seguaci del minimalismo. La lavorazione di alta qualit\u00e0 e la durata garantiscono fluidit\u00e0 e affidabilit\u00e0 nel gioco. Per evitare che il controller scivoli, abbiamo la possibilit\u00e0 di aggiungere un'impugnatura in gomma che protegge ulteriormente il nostro controller dalla caduta. La modifica dell'altezza della barra analogica consente di adattare il controller alle proprie esigenze.","og_url":"https:\/\/eu.aimcontrollers.com\/it\/prodotto\/aim-black-matt-xbox-series-x-controller\/","og_site_name":"Aimcontrollers","article_publisher":"http:\/\/www.facebook.com\/aimcontrollers","article_modified_time":"2025-12-10T14:26:17+00:00","og_image":[{"width":1000,"height":1000,"url":"https:\/\/eu.aimcontrollers.com\/wp-content\/uploads\/2024\/01\/XBOX_PREDESIGN_PRO_DOUBLE__BLACK.png","type":"image\/png"}],"twitter_card":"summary_large_image","twitter_site":"@AimControllerss","twitter_misc":{"Tempo di lettura stimato":"1 minuto"},"schema":{"@context":"https:\/\/schema.org","@graph":[{"@type":"WebPage","@id":"https:\/\/eu.aimcontrollers.com\/it\/prodotto\/aim-black-matt-xbox-series-x-controller\/","url":"https:\/\/eu.aimcontrollers.com\/it\/prodotto\/aim-black-matt-xbox-series-x-controller\/","name":"Aim Black Matt Xbox Series X Controller - Aimcontrollers","isPartOf":{"@id":"https:\/\/eu.aimcontrollers.com\/it\/#website"},"primaryImageOfPage":{"@id":"https:\/\/eu.aimcontrollers.com\/it\/prodotto\/aim-black-matt-xbox-series-x-controller\/#primaryimage"},"image":{"@id":"https:\/\/eu.aimcontrollers.com\/it\/prodotto\/aim-black-matt-xbox-series-x-controller\/#primaryimage"},"thumbnailUrl":"https:\/\/eu.aimcontrollers.com\/wp-content\/uploads\/2024\/01\/XBOX_PREDESIGN_PRO_DOUBLE__BLACK.png","datePublished":"2024-01-24T17:33:45+00:00","dateModified":"2025-12-10T14:26:17+00:00","breadcrumb":{"@id":"https:\/\/eu.aimcontrollers.com\/it\/prodotto\/aim-black-matt-xbox-series-x-controller\/#breadcrumb"},"inLanguage":"it-IT","potentialAction":[{"@type":"ReadAction","target":["https:\/\/eu.aimcontrollers.com\/it\/prodotto\/aim-black-matt-xbox-series-x-controller\/"]}]},{"@type":"ImageObject","inLanguage":"it-IT","@id":"https:\/\/eu.aimcontrollers.com\/it\/prodotto\/aim-black-matt-xbox-series-x-controller\/#primaryimage","url":"https:\/\/eu.aimcontrollers.com\/wp-content\/uploads\/2024\/01\/XBOX_PREDESIGN_PRO_DOUBLE__BLACK.png","contentUrl":"https:\/\/eu.aimcontrollers.com\/wp-content\/uploads\/2024\/01\/XBOX_PREDESIGN_PRO_DOUBLE__BLACK.png","width":1000,"height":1000},{"@type":"BreadcrumbList","@id":"https:\/\/eu.aimcontrollers.com\/it\/prodotto\/aim-black-matt-xbox-series-x-controller\/#breadcrumb","itemListElement":[{"@type":"ListItem","position":1,"name":"Home","item":"https:\/\/eu.aimcontrollers.com\/it\/"},{"@type":"ListItem","position":2,"name":"Shop","item":"https:\/\/eu.aimcontrollers.com\/shop\/"},{"@type":"ListItem","position":3,"name":"Aim Black Matt Xbox Series X Controller"}]},{"@type":"WebSite","@id":"https:\/\/eu.aimcontrollers.com\/it\/#website","url":"https:\/\/eu.aimcontrollers.com\/it\/","name":"AimControllers - The most affordable competitive controllers for Xbox, PlayStation and PC","description":"Uno dei pi\u00f9 grandi marchi che fornisce controller completamente personalizzabili e originali.","publisher":{"@id":"https:\/\/eu.aimcontrollers.com\/it\/#organization"},"potentialAction":[{"@type":"SearchAction","target":{"@type":"EntryPoint","urlTemplate":"https:\/\/eu.aimcontrollers.com\/it\/?s={search_term_string}"},"query-input":{"@type":"PropertyValueSpecification","valueRequired":true,"valueName":"search_term_string"}}],"inLanguage":"it-IT"},{"@type":"Organization","@id":"https:\/\/eu.aimcontrollers.com\/it\/#organization","name":"Aimcontrollers","url":"https:\/\/eu.aimcontrollers.com\/it\/","logo":{"@type":"ImageObject","inLanguage":"it-IT","@id":"https:\/\/eu.aimcontrollers.com\/it\/#\/schema\/logo\/image\/","url":"","contentUrl":"","caption":"Aimcontrollers"},"image":{"@id":"https:\/\/eu.aimcontrollers.com\/it\/#\/schema\/logo\/image\/"},"sameAs":["http:\/\/www.facebook.com\/aimcontrollers","https:\/\/x.com\/AimControllerss","https:\/\/instagram.com\/aimcontrollers\/","https:\/\/www.youtube.com\/user\/aimcontrollerspl\/videos"]}]}},"_links":{"self":[{"href":"https:\/\/eu.aimcontrollers.com\/it\/wp-json\/wp\/v2\/product\/1335610","targetHints":{"allow":["GET"]}}],"collection":[{"href":"https:\/\/eu.aimcontrollers.com\/it\/wp-json\/wp\/v2\/product"}],"about":[{"href":"https:\/\/eu.aimcontrollers.com\/it\/wp-json\/wp\/v2\/types\/product"}],"wp:featuredmedia":[{"embeddable":true,"href":"https:\/\/eu.aimcontrollers.com\/it\/wp-json\/wp\/v2\/media\/1335589"}],"wp:attachment":[{"href":"https:\/\/eu.aimcontrollers.com\/it\/wp-json\/wp\/v2\/media?parent=1335610"}],"wp:term":[{"taxonomy":"product_brand","embeddable":true,"href":"https:\/\/eu.aimcontrollers.com\/it\/wp-json\/wp\/v2\/product_brand?post=1335610"},{"taxonomy":"product_cat","embeddable":true,"href":"https:\/\/eu.aimcontrollers.com\/it\/wp-json\/wp\/v2\/product_cat?post=1335610"},{"taxonomy":"product_tag","embeddable":true,"href":"https:\/\/eu.aimcontrollers.com\/it\/wp-json\/wp\/v2\/product_tag?post=1335610"},{"taxonomy":"misspellings","embeddable":true,"href":"https:\/\/eu.aimcontrollers.com\/it\/wp-json\/wp\/v2\/misspellings?post=1335610"}],"curies":[{"name":"wp","href":"https:\/\/api.w.org\/{rel}","templated":true}]}}