{"id":1000222,"date":"2019-11-18T09:05:48","date_gmt":"2019-11-18T08:05:48","guid":{"rendered":"https:\/\/testdo.aimcontrollers.com\/?page_id=1000222"},"modified":"2022-01-26T09:32:45","modified_gmt":"2022-01-26T08:32:45","slug":"najczesciej-zadawane-pytania","status":"publish","type":"page","link":"https:\/\/eu.aimcontrollers.com\/pl\/najczesciej-zadawane-pytania\/","title":{"rendered":"Najcz\u0119\u015bciej zadawane pytania (FAQ)"},"content":{"rendered":"<h3 class=\"accordion_title\">FAQ<\/h3><div class=\"accordion\">\n\t<div id=\"accordion-4100064545\" class=\"accordion-item\">\n\t\t<a id=\"accordion-4100064545-label\" class=\"accordion-title plain\" href=\"#accordion-item-jak-d\u0142ugo-trwa-realizacja-zam\u00f3wienia?\" aria-expanded=\"false\" aria-controls=\"accordion-4100064545-content\" >\n\t\t\t<button class=\"toggle\" aria-label=\"Prze\u0142\u0105cznik\"><i class=\"icon-angle-down\"><\/i><\/button>\n\t\t\t<span>Jak d\u0142ugo trwa realizacja zam\u00f3wienia?<\/span>\n\t\t<\/a>\n\t\t<div id=\"accordion-4100064545-content\" class=\"accordion-inner\" aria-labelledby=\"accordion-4100064545-label\" >\n\t\t\t\n<p>W przypadku kontroler\u00f3w szacowany czas realizacji zam\u00f3wienia to od 4 do 7 tygodni, po tym czasie kontroler jest wysy\u0142any. Jednak, gdy np. jeden z komponent\u00f3w jest niedost\u0119pny(np. brak przedniego panelu lub bardzo du\u017ca ilo\u015b\u0107 zam\u00f3wie\u0144) firma Aimcontrollers zastrzega sobie prawo do wyd\u0142u\u017cenia tego czasu. W takiej sytuacji klient powinien by\u0107 poinformowany o ewentualnym op\u00f3\u017anieniu i mie\u0107 mo\u017cliwo\u015b\u0107 zmiany konfiguracji. Pozosta\u0142e zam\u00f3wienia(sticki, kable, akcesoria) realizowane s\u0105 w przeci\u0105gu 5 dni roboczych + czas wysy\u0142ki.<\/p>\n\t\t<\/div>\n\t<\/div>\n\t\n\t<div id=\"accordion-494798394\" class=\"accordion-item\">\n\t\t<a id=\"accordion-494798394-label\" class=\"accordion-title plain\" href=\"#accordion-item-czy-produkty-obj\u0119te-s\u0105-gwarancj\u0105?\" aria-expanded=\"false\" aria-controls=\"accordion-494798394-content\" >\n\t\t\t<button class=\"toggle\" aria-label=\"Prze\u0142\u0105cznik\"><i class=\"icon-angle-down\"><\/i><\/button>\n\t\t\t<span>Czy produkty obj\u0119te s\u0105 gwarancj\u0105?<\/span>\n\t\t<\/a>\n\t\t<div id=\"accordion-494798394-content\" class=\"accordion-inner\" aria-labelledby=\"accordion-494798394-label\" >\n\t\t\t\n<p><strong>Ka\u017cdy nasz kontroler obj\u0119ty jest do\u017cywotni\u0105 gwarancj\u0105.<\/strong><\/p>\n<p>Gwarancji podlegaj\u0105 nast\u0119puj\u0105ce elementy: lakier(wz\u00f3r) na\u0142o\u017cony na kontrolerze guziki smart triggery i smart bumpery AIM \u0141opatki<\/p>\n<p><strong>Gwarancji nie podlegaj\u0105:<\/strong><br \/>\nuszkodzenia wynikaj\u0105ce z niew\u0142a\u015bciwego u\u017cytkowania(po\u0142amanie, zalanie wod\u0105)<br \/>\nkontroler, kt\u00f3ry zosta\u0142 otwarty(tj. ma naruszon\u0105 plomb\u0119 gwarancyjn\u0105)<\/p>\n<p><strong>W moim kontrolerze cos przesta\u0142o dzia\u0142a\u0107 \u2013 co mam zrobi\u0107?<\/strong> W celu reklamacji kontrolera nale\u017cy: Wype\u0142ni\u0107 formularz reklamacyjny znajduj\u0105cy si\u0119 pod tym linkiem. W przypadku braku mo\u017cliwo\u015bci wydruku formularzu reklamacyjnego, nale\u017cy odes\u0142a\u0107 kontroler na poni\u017cszy adres, do\u0142\u0105czaj\u0105c do paczki: kopi\u0119 faktury otrzyman\u0105 na maila po z\u0142o\u017ceniu zam\u00f3wienia oraz szczeg\u00f3\u0142owy opis usterki.<\/p>\n<p><strong>KONTROLERY WYS\u0141ANE BEZ \u017bADNEJ INFORMACJI TYPU NUMER FAKTURY\/ADRES\/EMAIL NIE B\u0118D\u0104 NAPRAWIANE!<\/strong><\/p>\n<p>Odes\u0142a\u0107 kontroler na nasz adres,<br \/>\nAimcontrollers<br \/>\n18-500 Kolno<br \/>\nZabiele 184<br \/>\nPolska<\/p>\n<p>Czas na rozpatrzenie gwarancji wynosi maksymalnie do 14 dni, po tym czasie czas naprawy wynosi r\u00f3wnie\u017c maksymalnie 14 dni. Po naprawie kontroler zostanie odes\u0142any na adres z faktury. W przypadku zmiany adresu niezb\u0119dne jest umieszczenie w paczce widocznej informacji na ten temat.<\/p>\n\t\t<\/div>\n\t<\/div>\n\t\n\t<div id=\"accordion-2571776379\" class=\"accordion-item\">\n\t\t<a id=\"accordion-2571776379-label\" class=\"accordion-title plain\" href=\"#accordion-item-kontroler-przesta\u0142-mi-si\u0119-podoba\u0107-\u2013-czy-mog\u0119-go-zwr\u00f3ci\u0107?\" aria-expanded=\"false\" aria-controls=\"accordion-2571776379-content\" >\n\t\t\t<button class=\"toggle\" aria-label=\"Prze\u0142\u0105cznik\"><i class=\"icon-angle-down\"><\/i><\/button>\n\t\t\t<span>Kontroler przesta\u0142 mi si\u0119 podoba\u0107 \u2013 czy mog\u0119 go zwr\u00f3ci\u0107?<\/span>\n\t\t<\/a>\n\t\t<div id=\"accordion-2571776379-content\" class=\"accordion-inner\" aria-labelledby=\"accordion-2571776379-label\" >\n\t\t\t\n<p><strong>Niestety nie ma takiej mo\u017cliwo\u015bci.<\/strong> Ka\u017cdy kontroler budowany jest pod indywidualne zam\u00f3wienia, dlatego te\u017c nie ma mo\u017cliwo\u015bci zwrotu zakupionego produktu.<\/p>\n\t\t<\/div>\n\t<\/div>\n\t\n\t<div id=\"accordion-2492632348\" class=\"accordion-item\">\n\t\t<a id=\"accordion-2492632348-label\" class=\"accordion-title plain\" href=\"#accordion-item-dlaczego-wz\u00f3r-na-moim-kontrolerze-r\u00f3\u017cni-si\u0119-od-tego-na-stronie?\" aria-expanded=\"false\" aria-controls=\"accordion-2492632348-content\" >\n\t\t\t<button class=\"toggle\" aria-label=\"Prze\u0142\u0105cznik\"><i class=\"icon-angle-down\"><\/i><\/button>\n\t\t\t<span>Dlaczego wz\u00f3r na moim kontrolerze r\u00f3\u017cni si\u0119 od tego na stronie?<\/span>\n\t\t<\/a>\n\t\t<div id=\"accordion-2492632348-content\" class=\"accordion-inner\" aria-labelledby=\"accordion-2492632348-label\" >\n\t\t\t\n<p><strong>Wzory mog\u0105 nieznacznie r\u00f3\u017cni\u0107 si\u0119 od tych na stronie<\/strong> \u2013 wynika to z tego, i\u017c nak\u0142adane s\u0105 one technik\u0105 hydrografiki. W tym przypadku wz\u00f3r zale\u017cny jest od tego jak na\u0142o\u017cona zostanie folia na kontroler. W przypadku paneli, kt\u00f3re s\u0105 w jednolitych kolorach \u2013 odcie\u0144 mo\u017ce delikatnie r\u00f3\u017cni\u0107 si\u0119 od tych na stronie.<\/p>\n\t\t<\/div>\n\t<\/div>\n\t\n\t<div id=\"accordion-3705675767\" class=\"accordion-item\">\n\t\t<a id=\"accordion-3705675767-label\" class=\"accordion-title plain\" href=\"#accordion-item-chcia\u0142bym-anulowa\u0107-zam\u00f3wienie-\u2013-jak-mog\u0119-to-zrobi\u0107?\" aria-expanded=\"false\" aria-controls=\"accordion-3705675767-content\" >\n\t\t\t<button class=\"toggle\" aria-label=\"Prze\u0142\u0105cznik\"><i class=\"icon-angle-down\"><\/i><\/button>\n\t\t\t<span>Chcia\u0142bym anulowa\u0107 zam\u00f3wienie \u2013 jak mog\u0119 to zrobi\u0107?<\/span>\n\t\t<\/a>\n\t\t<div id=\"accordion-3705675767-content\" class=\"accordion-inner\" aria-labelledby=\"accordion-3705675767-label\" >\n\t\t\t\n<p><strong>Anulowanie zam\u00f3wienie mo\u017cliwe jest do max. 24h po z\u0142o\u017ceniu zam\u00f3wienia<\/strong>, po tym czasie nie ma mo\u017cliwo\u015bci anulowania zam\u00f3wienia. Czas ten liczony jest od momentu z\u0142o\u017cenia zam\u00f3wienia, do momentu otrzymania maila z informacj\u0105 o anulowaniu.<\/p>\n\t\t<\/div>\n\t<\/div>\n\t\n\t<div id=\"accordion-580570734\" class=\"accordion-item\">\n\t\t<a id=\"accordion-580570734-label\" class=\"accordion-title plain\" href=\"#accordion-item-czym-r\u00f3\u017cni\u0105-si\u0119-\u0142opatki-spider-action-od-spider-remapping-action?\" aria-expanded=\"false\" aria-controls=\"accordion-580570734-content\" >\n\t\t\t<button class=\"toggle\" aria-label=\"Prze\u0142\u0105cznik\"><i class=\"icon-angle-down\"><\/i><\/button>\n\t\t\t<span>Czym r\u00f3\u017cni\u0105 si\u0119 \u0142opatki Spider Action od Spider Remapping Action?<\/span>\n\t\t<\/a>\n\t\t<div id=\"accordion-580570734-content\" class=\"accordion-inner\" aria-labelledby=\"accordion-580570734-label\" >\n\t\t\t\n<p>Poj\u0119cie \u201cremapping\u201d oznacza, i\u017c \u0142opatki s\u0105 programowalne. W przypadku zwyk\u0142ych Spider Action v1 \u2013 przyciski do \u0142opatek przypisane s\u0105 na sta\u0142e. W przypadku Spider Remapping Action v1 mo\u017cna w ka\u017cdej chwili, samodzielnie przypisa\u0107 przyciski do \u0142opatek. Ca\u0142y proces nie trwa d\u0142u\u017cej ni\u017c 2 minuty.<\/p>\n\t\t<\/div>\n\t<\/div>\n\t\n\t<div id=\"accordion-2575962442\" class=\"accordion-item\">\n\t\t<a id=\"accordion-2575962442-label\" class=\"accordion-title plain\" href=\"#accordion-item-posiadam-\u0142opatki-spider-remapping-action-\u2013-jak-mog\u0119-je-zaprogramowa\u0107?\" aria-expanded=\"false\" aria-controls=\"accordion-2575962442-content\" >\n\t\t\t<button class=\"toggle\" aria-label=\"Prze\u0142\u0105cznik\"><i class=\"icon-angle-down\"><\/i><\/button>\n\t\t\t<span>Posiadam \u0142opatki Spider Remapping Action \u2013 jak mog\u0119 je zaprogramowa\u0107?<\/span>\n\t\t<\/a>\n\t\t<div id=\"accordion-2575962442-content\" class=\"accordion-inner\" aria-labelledby=\"accordion-2575962442-label\" >\n\t\t\t\n<p>Instrukcje programowania \u0142opatek mo\u017cna znale\u017a\u0107 w zak\u0142adce Support -&gt; Instrukcje, b\u0105d\u017a klikaj\u0105c <a href=\"\/pl\/instrukcje\/\">tutaj<\/a>.<\/p>\n\t\t<\/div>\n\t<\/div>\n\t\n\t<div id=\"accordion-3304043878\" class=\"accordion-item\">\n\t\t<a id=\"accordion-3304043878-label\" class=\"accordion-title plain\" href=\"#accordion-item-co-to-jest-smart-trigger-\/-smart-bumper-i-czym-r\u00f3\u017cni\u0105-si\u0119-one-od-zwyk\u0142ych-przycisk\u00f3w?\" aria-expanded=\"false\" aria-controls=\"accordion-3304043878-content\" >\n\t\t\t<button class=\"toggle\" aria-label=\"Prze\u0142\u0105cznik\"><i class=\"icon-angle-down\"><\/i><\/button>\n\t\t\t<span>Co to jest Smart Trigger \/ Smart Bumper i czym r\u00f3\u017cni\u0105 si\u0119 one od zwyk\u0142ych przycisk\u00f3w?<\/span>\n\t\t<\/a>\n\t\t<div id=\"accordion-3304043878-content\" class=\"accordion-inner\" aria-labelledby=\"accordion-3304043878-label\" >\n\t\t\t\n<p>W przypadku Smart Trigger\u00f3w oraz Smart Bumper\u00f3w ca\u0142y mechanizm dzia\u0142ania danego guzika wymieniany jest z analogowego na cyfrowy. Oznacza to, \u017ce przyciski te dzia\u0142aj\u0105 na zasadzie szybkiego, kr\u00f3tkiego kliku(zbli\u017conym do kliku myszki komputerowej). Przyciski te charakteryzuj\u0105 si\u0119 kr\u00f3tk\u0105 drog\u0105 kliku oraz charakterystycznym d\u017awi\u0119kiem. Zwi\u0119kszaj\u0105 one nasz czas reakcji, wi\u0119c \u015bwietnie sprawdzaj\u0105 si\u0119 w strzelankach. W grach samochodowych natomiast rozwi\u0105zanie te nie jest polecane, poniewa\u017c dzia\u0142a one na zasadzie \u201cpe\u0142ny gaz\u201d lub nic.<\/p>\n\t\t<\/div>\n\t<\/div>\n\t\n\t<div id=\"accordion-3308783644\" class=\"accordion-item\">\n\t\t<a id=\"accordion-3308783644-label\" class=\"accordion-title plain\" href=\"#accordion-item-co-to-jest-speedy-aim-i-czym-r\u00f3\u017cni-si\u0119-od-ups-express?\" aria-expanded=\"false\" aria-controls=\"accordion-3308783644-content\" >\n\t\t\t<button class=\"toggle\" aria-label=\"Prze\u0142\u0105cznik\"><i class=\"icon-angle-down\"><\/i><\/button>\n\t\t\t<span>Co to jest Speedy Aim i czym r\u00f3\u017cni si\u0119 od UPS Express?<\/span>\n\t\t<\/a>\n\t\t<div id=\"accordion-3308783644-content\" class=\"accordion-inner\" aria-labelledby=\"accordion-3308783644-label\" >\n\t\t\t\n<p>Speedy Aim oznacza, i\u017c zam\u00f3wienie z t\u0105 opcj\u0105 realizowane jest priorytetowo. Czas na zbudowanie kontrolera to max. 3 dni robocze, po tym czasie zam\u00f3wienie jest wysy\u0142ane. Do powy\u017cszych 3 dni roboczych nale\u017cy doliczy\u0107 wi\u0119c czas wysy\u0142ki(2-7 dni roboczych).<br \/>\nUPS Express oznacza i\u017c, zam\u00f3wienie zostanie wys\u0142ane drog\u0105 lotnicz\u0105 zamiast samochodow\u0105.<br \/>\nUPS Express nie oznacza szybszej realizacji zam\u00f3wienia, tylko szybsz\u0105 opcje wysy\u0142ki!<\/p>\n\t\t<\/div>\n\t<\/div>\n\t\n\t<div id=\"accordion-654820821\" class=\"accordion-item\">\n\t\t<a id=\"accordion-654820821-label\" class=\"accordion-title plain\" href=\"#accordion-item-nie-mog\u0119-zap\u0142aci\u0107-za-zam\u00f3wienie-\/-moja-karta-jest-odrzucana-\/-nie-mam-konta-paypal-\/-konta-w-banku-\u2013-czy-istniej\u0105-inne-sposoby-na-op\u0142acenie-zam\u00f3wienia?\" aria-expanded=\"false\" aria-controls=\"accordion-654820821-content\" >\n\t\t\t<button class=\"toggle\" aria-label=\"Prze\u0142\u0105cznik\"><i class=\"icon-angle-down\"><\/i><\/button>\n\t\t\t<span>Nie mog\u0119 zap\u0142aci\u0107 za zam\u00f3wienie \/ moja karta jest odrzucana \/ nie mam konta PayPal \/ konta w banku \u2013 czy istniej\u0105 inne sposoby na op\u0142acenie zam\u00f3wienia?<\/span>\n\t\t<\/a>\n\t\t<div id=\"accordion-654820821-content\" class=\"accordion-inner\" aria-labelledby=\"accordion-654820821-label\" >\n\t\t\t\n<p>W przypadku, gdy p\u0142atno\u015b\u0107 zosta\u0142a odrzucona, istnieje mo\u017cliwo\u015b\u0107 wp\u0142aty got\u00f3wki na konto bankowe. Rekomendujemy jednak u\u017cywania szybkich p\u0142atno\u015bci dost\u0119pnych na naszej stronie, gdy\u017c takie zam\u00f3wienia s\u0105 realizowane du\u017co szybciej.<br \/>\nW przypadku, gdy nie ma takiej mo\u017cliwo\u015bci nale\u017cy najpierw z\u0142o\u017cy\u0107 zam\u00f3wienie, a nast\u0119pnie dokona\u0107 wp\u0142aty na poni\u017csze konto, w zale\u017cno\u015bci od waluty, w kt\u00f3rej zosta\u0142o z\u0142o\u017cone zam\u00f3wienie:<br \/>\n<strong>Dane dla wszystkich kont:<\/strong><br \/>\nAimLimitles Sp. z o.o.<br \/>\nSWIFT: BPKOPLPW<br \/>\nTytu\u0142 przelewu: numer zam\u00f3wienia<br \/>\n<strong>Zam\u00f3wienia w walucie EURO:<\/strong><br \/>\nPL78 1020 1332 0000 1702 1304 0292<\/p>\n<p><strong>Zam\u00f3wienia w walucie PLN:<\/strong><br \/>\nPL43 1020 1332 0000 1602 1159 5768<\/p>\n<p><strong>Zam\u00f3wienia w walucie USD:<\/strong><br \/>\nPL21 1020 1332 0000 1602 1304 0300<\/p>\n<p><strong>Po wykonaniu przelewu prosimy o wys\u0142anie maila na adres eusupport@aimcontrollers.com z dowodem zap\u0142aty.<\/strong><\/p>\n\t\t<\/div>\n\t<\/div>\n\t\n<\/div>\n","protected":false},"excerpt":{"rendered":"","protected":false},"author":1,"featured_media":0,"parent":0,"menu_order":0,"comment_status":"closed","ping_status":"closed","template":"","meta":{"_acf_changed":false,"inline_featured_image":false,"footnotes":""},"misspellings":[],"class_list":["post-1000222","page","type-page","status-publish","hentry"],"acf":[],"yoast_head":"<!-- This site is optimized with the Yoast SEO Premium plugin v22.4 (Yoast SEO v27.2) - https:\/\/yoast.com\/product\/yoast-seo-premium-wordpress\/ -->\n<title>Najcz\u0119\u015bciej zadawane pytania (FAQ) - Aimcontrollers<\/title>\n<meta name=\"description\" content=\"Centrum pomocy Aimcontroller. Najczesciej zadawane pytania i odpowiedzi. Pytania o wysylke, gwarancje oraz o inna pomoc.\" \/>\n<meta name=\"robots\" content=\"index, follow, max-snippet:-1, max-image-preview:large, max-video-preview:-1\" \/>\n<link rel=\"canonical\" href=\"https:\/\/eu.aimcontrollers.com\/pl\/najczesciej-zadawane-pytania\/\" \/>\n<meta property=\"og:locale\" content=\"pl_PL\" \/>\n<meta property=\"og:type\" content=\"article\" \/>\n<meta property=\"og:title\" content=\"Najcz\u0119\u015bciej zadawane pytania (FAQ)\" \/>\n<meta property=\"og:description\" content=\"Centrum pomocy Aimcontroller. Najczesciej zadawane pytania i odpowiedzi. Pytania o wysylke, gwarancje oraz o inna pomoc.\" \/>\n<meta property=\"og:url\" content=\"https:\/\/eu.aimcontrollers.com\/pl\/najczesciej-zadawane-pytania\/\" \/>\n<meta property=\"og:site_name\" content=\"Aimcontrollers\" \/>\n<meta property=\"article:publisher\" content=\"http:\/\/www.facebook.com\/aimcontrollers\" \/>\n<meta property=\"article:modified_time\" content=\"2022-01-26T08:32:45+00:00\" \/>\n<meta name=\"twitter:card\" content=\"summary_large_image\" \/>\n<meta name=\"twitter:site\" content=\"@AimControllerss\" \/>\n<meta name=\"twitter:label1\" content=\"Szacowany czas czytania\" \/>\n\t<meta name=\"twitter:data1\" content=\"5 minut\" \/>\n<script type=\"application\/ld+json\" class=\"yoast-schema-graph\">{\"@context\":\"https:\/\/schema.org\",\"@graph\":[{\"@type\":\"WebPage\",\"@id\":\"https:\/\/eu.aimcontrollers.com\/pl\/najczesciej-zadawane-pytania\/\",\"url\":\"https:\/\/eu.aimcontrollers.com\/pl\/najczesciej-zadawane-pytania\/\",\"name\":\"Najcz\u0119\u015bciej zadawane pytania (FAQ) - Aimcontrollers\",\"isPartOf\":{\"@id\":\"https:\/\/eu.aimcontrollers.com\/pl\/#website\"},\"datePublished\":\"2019-11-18T08:05:48+00:00\",\"dateModified\":\"2022-01-26T08:32:45+00:00\",\"description\":\"Centrum pomocy Aimcontroller. Najczesciej zadawane pytania i odpowiedzi. Pytania o wysylke, gwarancje oraz o inna pomoc.\",\"breadcrumb\":{\"@id\":\"https:\/\/eu.aimcontrollers.com\/pl\/najczesciej-zadawane-pytania\/#breadcrumb\"},\"inLanguage\":\"pl-PL\",\"potentialAction\":[{\"@type\":\"ReadAction\",\"target\":[\"https:\/\/eu.aimcontrollers.com\/pl\/najczesciej-zadawane-pytania\/\"]}]},{\"@type\":\"BreadcrumbList\",\"@id\":\"https:\/\/eu.aimcontrollers.com\/pl\/najczesciej-zadawane-pytania\/#breadcrumb\",\"itemListElement\":[{\"@type\":\"ListItem\",\"position\":1,\"name\":\"Home\",\"item\":\"https:\/\/eu.aimcontrollers.com\/pl\/\"},{\"@type\":\"ListItem\",\"position\":2,\"name\":\"Najcz\u0119\u015bciej zadawane pytania (FAQ)\"}]},{\"@type\":\"WebSite\",\"@id\":\"https:\/\/eu.aimcontrollers.com\/pl\/#website\",\"url\":\"https:\/\/eu.aimcontrollers.com\/pl\/\",\"name\":\"AimControllers - The most affordable competitive controllers for Xbox, PlayStation and PC\",\"description\":\"Jedna z najwi\u0119kszych marek dostarczaj\u0105cych w pe\u0142ni modyfikowalne i oryginalne kontrolery.\",\"publisher\":{\"@id\":\"https:\/\/eu.aimcontrollers.com\/pl\/#organization\"},\"potentialAction\":[{\"@type\":\"SearchAction\",\"target\":{\"@type\":\"EntryPoint\",\"urlTemplate\":\"https:\/\/eu.aimcontrollers.com\/pl\/?s={search_term_string}\"},\"query-input\":{\"@type\":\"PropertyValueSpecification\",\"valueRequired\":true,\"valueName\":\"search_term_string\"}}],\"inLanguage\":\"pl-PL\"},{\"@type\":\"Organization\",\"@id\":\"https:\/\/eu.aimcontrollers.com\/pl\/#organization\",\"name\":\"Aimcontrollers\",\"url\":\"https:\/\/eu.aimcontrollers.com\/pl\/\",\"logo\":{\"@type\":\"ImageObject\",\"inLanguage\":\"pl-PL\",\"@id\":\"https:\/\/eu.aimcontrollers.com\/pl\/#\/schema\/logo\/image\/\",\"url\":\"\",\"contentUrl\":\"\",\"caption\":\"Aimcontrollers\"},\"image\":{\"@id\":\"https:\/\/eu.aimcontrollers.com\/pl\/#\/schema\/logo\/image\/\"},\"sameAs\":[\"http:\/\/www.facebook.com\/aimcontrollers\",\"https:\/\/x.com\/AimControllerss\",\"https:\/\/instagram.com\/aimcontrollers\/\",\"https:\/\/www.youtube.com\/user\/aimcontrollerspl\/videos\"]}]}<\/script>\n<!-- \/ Yoast SEO Premium plugin. -->","yoast_head_json":{"title":"Najcz\u0119\u015bciej zadawane pytania (FAQ) - Aimcontrollers","description":"Centrum pomocy Aimcontroller. Najczesciej zadawane pytania i odpowiedzi. Pytania o wysylke, gwarancje oraz o inna pomoc.","robots":{"index":"index","follow":"follow","max-snippet":"max-snippet:-1","max-image-preview":"max-image-preview:large","max-video-preview":"max-video-preview:-1"},"canonical":"https:\/\/eu.aimcontrollers.com\/pl\/najczesciej-zadawane-pytania\/","og_locale":"pl_PL","og_type":"article","og_title":"Najcz\u0119\u015bciej zadawane pytania (FAQ)","og_description":"Centrum pomocy Aimcontroller. Najczesciej zadawane pytania i odpowiedzi. Pytania o wysylke, gwarancje oraz o inna pomoc.","og_url":"https:\/\/eu.aimcontrollers.com\/pl\/najczesciej-zadawane-pytania\/","og_site_name":"Aimcontrollers","article_publisher":"http:\/\/www.facebook.com\/aimcontrollers","article_modified_time":"2022-01-26T08:32:45+00:00","twitter_card":"summary_large_image","twitter_site":"@AimControllerss","twitter_misc":{"Szacowany czas czytania":"5 minut"},"schema":{"@context":"https:\/\/schema.org","@graph":[{"@type":"WebPage","@id":"https:\/\/eu.aimcontrollers.com\/pl\/najczesciej-zadawane-pytania\/","url":"https:\/\/eu.aimcontrollers.com\/pl\/najczesciej-zadawane-pytania\/","name":"Najcz\u0119\u015bciej zadawane pytania (FAQ) - Aimcontrollers","isPartOf":{"@id":"https:\/\/eu.aimcontrollers.com\/pl\/#website"},"datePublished":"2019-11-18T08:05:48+00:00","dateModified":"2022-01-26T08:32:45+00:00","description":"Centrum pomocy Aimcontroller. Najczesciej zadawane pytania i odpowiedzi. Pytania o wysylke, gwarancje oraz o inna pomoc.","breadcrumb":{"@id":"https:\/\/eu.aimcontrollers.com\/pl\/najczesciej-zadawane-pytania\/#breadcrumb"},"inLanguage":"pl-PL","potentialAction":[{"@type":"ReadAction","target":["https:\/\/eu.aimcontrollers.com\/pl\/najczesciej-zadawane-pytania\/"]}]},{"@type":"BreadcrumbList","@id":"https:\/\/eu.aimcontrollers.com\/pl\/najczesciej-zadawane-pytania\/#breadcrumb","itemListElement":[{"@type":"ListItem","position":1,"name":"Home","item":"https:\/\/eu.aimcontrollers.com\/pl\/"},{"@type":"ListItem","position":2,"name":"Najcz\u0119\u015bciej zadawane pytania (FAQ)"}]},{"@type":"WebSite","@id":"https:\/\/eu.aimcontrollers.com\/pl\/#website","url":"https:\/\/eu.aimcontrollers.com\/pl\/","name":"AimControllers - The most affordable competitive controllers for Xbox, PlayStation and PC","description":"Jedna z najwi\u0119kszych marek dostarczaj\u0105cych w pe\u0142ni modyfikowalne i oryginalne kontrolery.","publisher":{"@id":"https:\/\/eu.aimcontrollers.com\/pl\/#organization"},"potentialAction":[{"@type":"SearchAction","target":{"@type":"EntryPoint","urlTemplate":"https:\/\/eu.aimcontrollers.com\/pl\/?s={search_term_string}"},"query-input":{"@type":"PropertyValueSpecification","valueRequired":true,"valueName":"search_term_string"}}],"inLanguage":"pl-PL"},{"@type":"Organization","@id":"https:\/\/eu.aimcontrollers.com\/pl\/#organization","name":"Aimcontrollers","url":"https:\/\/eu.aimcontrollers.com\/pl\/","logo":{"@type":"ImageObject","inLanguage":"pl-PL","@id":"https:\/\/eu.aimcontrollers.com\/pl\/#\/schema\/logo\/image\/","url":"","contentUrl":"","caption":"Aimcontrollers"},"image":{"@id":"https:\/\/eu.aimcontrollers.com\/pl\/#\/schema\/logo\/image\/"},"sameAs":["http:\/\/www.facebook.com\/aimcontrollers","https:\/\/x.com\/AimControllerss","https:\/\/instagram.com\/aimcontrollers\/","https:\/\/www.youtube.com\/user\/aimcontrollerspl\/videos"]}]}},"_links":{"self":[{"href":"https:\/\/eu.aimcontrollers.com\/pl\/wp-json\/wp\/v2\/pages\/1000222","targetHints":{"allow":["GET"]}}],"collection":[{"href":"https:\/\/eu.aimcontrollers.com\/pl\/wp-json\/wp\/v2\/pages"}],"about":[{"href":"https:\/\/eu.aimcontrollers.com\/pl\/wp-json\/wp\/v2\/types\/page"}],"author":[{"embeddable":true,"href":"https:\/\/eu.aimcontrollers.com\/pl\/wp-json\/wp\/v2\/users\/1"}],"replies":[{"embeddable":true,"href":"https:\/\/eu.aimcontrollers.com\/pl\/wp-json\/wp\/v2\/comments?post=1000222"}],"version-history":[{"count":6,"href":"https:\/\/eu.aimcontrollers.com\/pl\/wp-json\/wp\/v2\/pages\/1000222\/revisions"}],"predecessor-version":[{"id":1246797,"href":"https:\/\/eu.aimcontrollers.com\/pl\/wp-json\/wp\/v2\/pages\/1000222\/revisions\/1246797"}],"wp:attachment":[{"href":"https:\/\/eu.aimcontrollers.com\/pl\/wp-json\/wp\/v2\/media?parent=1000222"}],"wp:term":[{"taxonomy":"misspellings","embeddable":true,"href":"https:\/\/eu.aimcontrollers.com\/pl\/wp-json\/wp\/v2\/misspellings?post=1000222"}],"curies":[{"name":"wp","href":"https:\/\/api.w.org\/{rel}","templated":true}]}}