{"id":1009971,"date":"2020-01-22T08:01:30","date_gmt":"2020-01-22T07:01:30","guid":{"rendered":"https:\/\/testdo.aimcontrollers.com\/?page_id=1009971"},"modified":"2023-08-11T09:53:17","modified_gmt":"2023-08-11T07:53:17","slug":"projekty-ue","status":"publish","type":"page","link":"https:\/\/eu.aimcontrollers.com\/pl\/projekty-ue\/","title":{"rendered":"Projekty UE"},"content":{"rendered":"\r\n<h2 class=\"wp-block-heading\">Projekty UE<\/h2>\r\n<p><a href=\"https:\/\/eu.aimcontrollers.com\/wp-content\/uploads\/eu\/Zaproszenie_do_skladania_ofert_AIM.docx\"><span style=\"text-decoration: underline;\"><strong>Zaproszenie do sk\u0142adania ofert z dnia 21.07.2023<\/strong><\/span><\/a><\/p>\r\n<p><a href=\"https:\/\/eu.aimcontrollers.com\/wp-content\/uploads\/eu\/Zal_nr_1_Formularz_ofertowy_AIM.docx\"><span style=\"text-decoration: underline;\"><strong>Za\u0142. nr 1 Formularz ofertowy<\/strong><\/span><\/a><\/p>\r\n<p>W ramach post\u0119powania na wykonanie us\u0142ug przeprowadzenia audytu wzorniczego i opracowania strategii wzorniczej dla produktu\/produkt\u00f3w przedsi\u0119biorstwa Zamawiaj\u0105cego dokonano wyboru:<\/p>\r\n<p>Soul and Mind Group sp. z o.o.<br \/>Ma\u0142opolska 8, 60-616 Pozna\u0144<\/p>\r\n<p>&nbsp;<\/p>\r\n\r\n\r\n\r\n\t<div class=\"img has-hover x md-x lg-x y md-y lg-y\" id=\"image_1814453898\">\n\t\t\t\t\t\t\t\t<div class=\"img-inner dark\" >\n\t\t\t<img loading=\"lazy\" decoding=\"async\" width=\"656\" height=\"77\" src=\"https:\/\/eu.aimcontrollers.com\/wp-content\/uploads\/2021\/03\/projekty-eu.jpg\" class=\"attachment-large size-large\" alt=\"\" srcset=\"https:\/\/eu.aimcontrollers.com\/wp-content\/uploads\/2021\/03\/projekty-eu.jpg 656w, https:\/\/eu.aimcontrollers.com\/wp-content\/uploads\/2021\/03\/projekty-eu-500x59.jpg 500w\" sizes=\"auto, (max-width: 656px) 100vw, 656px\" \/>\t\t\t\t\t\t\n\t\t\t\t\t<\/div>\n\t\t\t\t\t\t\t\t\n<style>\n#image_1814453898 {\n  width: 100%;\n}\n@media (min-width:550px) {\n  #image_1814453898 {\n    width: 80%;\n  }\n}\n@media (min-width:850px) {\n  #image_1814453898 {\n    width: 68%;\n  }\n}\n<\/style>\n\t<\/div>\n\t\r\n<p>Firma realizuje projekt w ramach Programu Operacyjnego Inteligentny Rozw\u00f3j, o\u015b priorytetowa: 3 Wsparcie innowacji w przedsi\u0119biorstwach, dzia\u0142anie: 3.3 Wsparcie promocji oraz internacjonalizacji innowacyjnych przedsi\u0119biorstw, poddzia\u0142anie: 3.3.3 Wsparcie M\u015aP w promocji marek produktowych \u2013 Go to Brand.<\/p>\r\n<p>POIR.03.03.03-20-0005\/18 AimControllers Maciej G\u00f3ralczyk Go To Game World \u2013 Ekspansja Aim Controllers na nowe rynki. Warto\u015b\u0107 projektu 332 400,00 Warto\u015b\u0107 dofinansowania 282 540,00<\/p>\r\n<p>W ramach projektu przedsi\u0119biorstwo AimControllers Maciej G\u00f3ralczyk uczestniczy w programie promocji bran\u017cy IT\/ICT. Celem projektu jest wzrost konkurencyjno\u015bci przedsi\u0119biorstwa poprzez ekspansj\u0119 eksportow\u0105 na rynek USA oraz kraje Europy zachodniej tj. Niemcy i Austria. Przedsi\u0119biorstwo planuje poprzez realizacj\u0119 projektu naby\u0107 now\u0105 wiedz\u0119 i umiej\u0119tno\u015bci dono\u015bnie rynk\u00f3w zagranicznych na kt\u00f3rych b\u0119dzie realizowa\u0142o dzia\u0142ania oraz pozyska\u0107 nowych klient\u00f3w.<\/p>\r\n<p>&nbsp;<\/p>\r\n\r\n<p><img loading=\"lazy\" decoding=\"async\" class=\"alignnone size-full wp-image-1217602\" src=\"https:\/\/eu.aimcontrollers.com\/wp-content\/uploads\/2021\/11\/projektyeu2.jpeg\" alt=\"\" width=\"1381\" height=\"120\" srcset=\"https:\/\/eu.aimcontrollers.com\/wp-content\/uploads\/2021\/11\/projektyeu2.jpeg 1381w, https:\/\/eu.aimcontrollers.com\/wp-content\/uploads\/2021\/11\/projektyeu2-500x43.jpeg 500w, https:\/\/eu.aimcontrollers.com\/wp-content\/uploads\/2021\/11\/projektyeu2-800x70.jpeg 800w, https:\/\/eu.aimcontrollers.com\/wp-content\/uploads\/2021\/11\/projektyeu2-768x67.jpeg 768w\" sizes=\"auto, (max-width: 1381px) 100vw, 1381px\" \/><\/p>\r\n<p class=\"p1\">AIMCONTROLLERS MACIEJ G\u00d3RALCZYK realizuje projekt nr WND-RPPD.01.04.01-20-2644\/20 pn. \u201eAnaliza ryzyka wdro\u017cenia innowacji produktowej w firmie AimControllers Maciej G\u00f3ralczyk\u201d zgodnie z umow\u0105 nr UDA-RPPD.01.04.01-20-2644\/20-00 zawart\u0105 dnia 09.09.2021 w ramach Regionalnego Programu Operacyjnego Wojew\u00f3dztwa Podlaskiego na lata 2014-2020, Osi Priorytetowej I Wzmocnienie potencja\u0142u i konkurencyjno\u015bci gospodarki regionu,<span class=\"Apple-converted-space\">\u00a0 <\/span>Dzia\u0142ania 1.4 Promocja przedsi\u0119biorczo\u015bci oraz podniesienie atrakcyjno\u015bci inwestycyjnej wojew\u00f3dztwa. Celem projektu jest rozw\u00f3j firmy AIMCONTROLLERS MACIEJ G\u00d3RALCZYK poprzez skorzystanie z profesjonalnej us\u0142ugi doradczej polegaj\u0105cej na przygotowaniu analizy ryzyka wdro\u017cenia innowacji produktowej.<span class=\"Apple-converted-space\">\u00a0<\/span><\/p>\r\n<p class=\"p3\">Warto\u015b\u0107 projektu<span class=\"Apple-converted-space\">\u00a0 <\/span>61\u00a0500,00 PLN<\/p>\r\n<p class=\"p3\">Wk\u0142ad Europejskiego Funduszu Rozwoju Regionalnego<span class=\"Apple-converted-space\">\u00a0 <\/span>42\u00a0500,00 PLN.<span class=\"Apple-converted-space\">\u00a0 \u00a0\u00a0<\/span><\/p>","protected":false},"excerpt":{"rendered":"<p>Projekty UE Zaproszenie do sk\u0142adania ofert z dnia 21.07.2023 Za\u0142. nr 1 Formularz ofertowy W ramach post\u0119powania na wykonanie us\u0142ug przeprowadzenia audytu wzorniczego i opracowania strategii wzorniczej dla produktu\/produkt\u00f3w przedsi\u0119biorstwa Zamawiaj\u0105cego dokonano wyboru: Soul and Mind Group sp. z o.o.Ma\u0142opolska 8, 60-616 Pozna\u0144 &nbsp; Firma realizuje projekt w ramach Programu Operacyjnego Inteligentny Rozw\u00f3j, o\u015b priorytetowa: [&#8230;]\n","protected":false},"author":1,"featured_media":0,"parent":0,"menu_order":0,"comment_status":"closed","ping_status":"closed","template":"","meta":{"_acf_changed":false,"inline_featured_image":false,"footnotes":""},"misspellings":[],"class_list":["post-1009971","page","type-page","status-publish","hentry"],"acf":[],"yoast_head":"<!-- This site is optimized with the Yoast SEO Premium plugin v22.4 (Yoast SEO v27.4) - https:\/\/yoast.com\/product\/yoast-seo-premium-wordpress\/ -->\n<title>Projekty UE - Aimcontrollers<\/title>\n<meta name=\"robots\" content=\"index, follow, max-snippet:-1, max-image-preview:large, max-video-preview:-1\" \/>\n<link rel=\"canonical\" href=\"https:\/\/eu.aimcontrollers.com\/pl\/projekty-ue\/\" \/>\n<meta property=\"og:locale\" content=\"pl_PL\" \/>\n<meta property=\"og:type\" content=\"article\" \/>\n<meta property=\"og:title\" content=\"Projekty UE\" \/>\n<meta property=\"og:description\" content=\"Projekty UE Zaproszenie do sk\u0142adania ofert z dnia 21.07.2023 Za\u0142. nr 1 Formularz ofertowy W ramach post\u0119powania na wykonanie us\u0142ug przeprowadzenia audytu wzorniczego i opracowania strategii wzorniczej dla produktu\/produkt\u00f3w przedsi\u0119biorstwa Zamawiaj\u0105cego dokonano wyboru: Soul and Mind Group sp. z o.o.Ma\u0142opolska 8, 60-616 Pozna\u0144 &nbsp; Firma realizuje projekt w ramach Programu Operacyjnego Inteligentny Rozw\u00f3j, o\u015b priorytetowa: [...]\" \/>\n<meta property=\"og:url\" content=\"https:\/\/eu.aimcontrollers.com\/pl\/projekty-ue\/\" \/>\n<meta property=\"og:site_name\" content=\"Aimcontrollers\" \/>\n<meta property=\"article:publisher\" content=\"http:\/\/www.facebook.com\/aimcontrollers\" \/>\n<meta property=\"article:modified_time\" content=\"2023-08-11T07:53:17+00:00\" \/>\n<meta property=\"og:image\" content=\"https:\/\/eu.aimcontrollers.com\/wp-content\/uploads\/2021\/11\/projektyeu2.jpeg\" \/>\n<meta name=\"twitter:card\" content=\"summary_large_image\" \/>\n<meta name=\"twitter:site\" content=\"@AimControllerss\" \/>\n<meta name=\"twitter:label1\" content=\"Szacowany czas czytania\" \/>\n\t<meta name=\"twitter:data1\" content=\"1 minuta\" \/>\n<script type=\"application\/ld+json\" class=\"yoast-schema-graph\">{\"@context\":\"https:\\\/\\\/schema.org\",\"@graph\":[{\"@type\":\"WebPage\",\"@id\":\"https:\\\/\\\/eu.aimcontrollers.com\\\/pl\\\/projekty-ue\\\/\",\"url\":\"https:\\\/\\\/eu.aimcontrollers.com\\\/pl\\\/projekty-ue\\\/\",\"name\":\"Projekty UE - Aimcontrollers\",\"isPartOf\":{\"@id\":\"https:\\\/\\\/eu.aimcontrollers.com\\\/pl\\\/#website\"},\"primaryImageOfPage\":{\"@id\":\"https:\\\/\\\/eu.aimcontrollers.com\\\/pl\\\/projekty-ue\\\/#primaryimage\"},\"image\":{\"@id\":\"https:\\\/\\\/eu.aimcontrollers.com\\\/pl\\\/projekty-ue\\\/#primaryimage\"},\"thumbnailUrl\":\"https:\\\/\\\/eu.aimcontrollers.com\\\/wp-content\\\/uploads\\\/2021\\\/11\\\/projektyeu2.jpeg\",\"datePublished\":\"2020-01-22T07:01:30+00:00\",\"dateModified\":\"2023-08-11T07:53:17+00:00\",\"breadcrumb\":{\"@id\":\"https:\\\/\\\/eu.aimcontrollers.com\\\/pl\\\/projekty-ue\\\/#breadcrumb\"},\"inLanguage\":\"pl-PL\",\"potentialAction\":[{\"@type\":\"ReadAction\",\"target\":[\"https:\\\/\\\/eu.aimcontrollers.com\\\/pl\\\/projekty-ue\\\/\"]}]},{\"@type\":\"ImageObject\",\"inLanguage\":\"pl-PL\",\"@id\":\"https:\\\/\\\/eu.aimcontrollers.com\\\/pl\\\/projekty-ue\\\/#primaryimage\",\"url\":\"https:\\\/\\\/eu.aimcontrollers.com\\\/wp-content\\\/uploads\\\/2021\\\/11\\\/projektyeu2.jpeg\",\"contentUrl\":\"https:\\\/\\\/eu.aimcontrollers.com\\\/wp-content\\\/uploads\\\/2021\\\/11\\\/projektyeu2.jpeg\"},{\"@type\":\"BreadcrumbList\",\"@id\":\"https:\\\/\\\/eu.aimcontrollers.com\\\/pl\\\/projekty-ue\\\/#breadcrumb\",\"itemListElement\":[{\"@type\":\"ListItem\",\"position\":1,\"name\":\"Home\",\"item\":\"https:\\\/\\\/eu.aimcontrollers.com\\\/pl\\\/\"},{\"@type\":\"ListItem\",\"position\":2,\"name\":\"Projekty UE\"}]},{\"@type\":\"WebSite\",\"@id\":\"https:\\\/\\\/eu.aimcontrollers.com\\\/pl\\\/#website\",\"url\":\"https:\\\/\\\/eu.aimcontrollers.com\\\/pl\\\/\",\"name\":\"AimControllers - The most affordable competitive controllers for Xbox, PlayStation and PC\",\"description\":\"Jedna z najwi\u0119kszych marek dostarczaj\u0105cych w pe\u0142ni modyfikowalne i oryginalne kontrolery.\",\"publisher\":{\"@id\":\"https:\\\/\\\/eu.aimcontrollers.com\\\/pl\\\/#organization\"},\"potentialAction\":[{\"@type\":\"SearchAction\",\"target\":{\"@type\":\"EntryPoint\",\"urlTemplate\":\"https:\\\/\\\/eu.aimcontrollers.com\\\/pl\\\/?s={search_term_string}\"},\"query-input\":{\"@type\":\"PropertyValueSpecification\",\"valueRequired\":true,\"valueName\":\"search_term_string\"}}],\"inLanguage\":\"pl-PL\"},{\"@type\":\"Organization\",\"@id\":\"https:\\\/\\\/eu.aimcontrollers.com\\\/pl\\\/#organization\",\"name\":\"Aimcontrollers\",\"url\":\"https:\\\/\\\/eu.aimcontrollers.com\\\/pl\\\/\",\"logo\":{\"@type\":\"ImageObject\",\"inLanguage\":\"pl-PL\",\"@id\":\"https:\\\/\\\/eu.aimcontrollers.com\\\/pl\\\/#\\\/schema\\\/logo\\\/image\\\/\",\"url\":\"\",\"contentUrl\":\"\",\"caption\":\"Aimcontrollers\"},\"image\":{\"@id\":\"https:\\\/\\\/eu.aimcontrollers.com\\\/pl\\\/#\\\/schema\\\/logo\\\/image\\\/\"},\"sameAs\":[\"http:\\\/\\\/www.facebook.com\\\/aimcontrollers\",\"https:\\\/\\\/x.com\\\/AimControllerss\",\"https:\\\/\\\/instagram.com\\\/aimcontrollers\\\/\",\"https:\\\/\\\/www.youtube.com\\\/user\\\/aimcontrollerspl\\\/videos\"]}]}<\/script>\n<!-- \/ Yoast SEO Premium plugin. -->","yoast_head_json":{"title":"Projekty UE - Aimcontrollers","robots":{"index":"index","follow":"follow","max-snippet":"max-snippet:-1","max-image-preview":"max-image-preview:large","max-video-preview":"max-video-preview:-1"},"canonical":"https:\/\/eu.aimcontrollers.com\/pl\/projekty-ue\/","og_locale":"pl_PL","og_type":"article","og_title":"Projekty UE","og_description":"Projekty UE Zaproszenie do sk\u0142adania ofert z dnia 21.07.2023 Za\u0142. nr 1 Formularz ofertowy W ramach post\u0119powania na wykonanie us\u0142ug przeprowadzenia audytu wzorniczego i opracowania strategii wzorniczej dla produktu\/produkt\u00f3w przedsi\u0119biorstwa Zamawiaj\u0105cego dokonano wyboru: Soul and Mind Group sp. z o.o.Ma\u0142opolska 8, 60-616 Pozna\u0144 &nbsp; Firma realizuje projekt w ramach Programu Operacyjnego Inteligentny Rozw\u00f3j, o\u015b priorytetowa: [...]","og_url":"https:\/\/eu.aimcontrollers.com\/pl\/projekty-ue\/","og_site_name":"Aimcontrollers","article_publisher":"http:\/\/www.facebook.com\/aimcontrollers","article_modified_time":"2023-08-11T07:53:17+00:00","og_image":[{"url":"https:\/\/eu.aimcontrollers.com\/wp-content\/uploads\/2021\/11\/projektyeu2.jpeg","type":"","width":"","height":""}],"twitter_card":"summary_large_image","twitter_site":"@AimControllerss","twitter_misc":{"Szacowany czas czytania":"1 minuta"},"schema":{"@context":"https:\/\/schema.org","@graph":[{"@type":"WebPage","@id":"https:\/\/eu.aimcontrollers.com\/pl\/projekty-ue\/","url":"https:\/\/eu.aimcontrollers.com\/pl\/projekty-ue\/","name":"Projekty UE - Aimcontrollers","isPartOf":{"@id":"https:\/\/eu.aimcontrollers.com\/pl\/#website"},"primaryImageOfPage":{"@id":"https:\/\/eu.aimcontrollers.com\/pl\/projekty-ue\/#primaryimage"},"image":{"@id":"https:\/\/eu.aimcontrollers.com\/pl\/projekty-ue\/#primaryimage"},"thumbnailUrl":"https:\/\/eu.aimcontrollers.com\/wp-content\/uploads\/2021\/11\/projektyeu2.jpeg","datePublished":"2020-01-22T07:01:30+00:00","dateModified":"2023-08-11T07:53:17+00:00","breadcrumb":{"@id":"https:\/\/eu.aimcontrollers.com\/pl\/projekty-ue\/#breadcrumb"},"inLanguage":"pl-PL","potentialAction":[{"@type":"ReadAction","target":["https:\/\/eu.aimcontrollers.com\/pl\/projekty-ue\/"]}]},{"@type":"ImageObject","inLanguage":"pl-PL","@id":"https:\/\/eu.aimcontrollers.com\/pl\/projekty-ue\/#primaryimage","url":"https:\/\/eu.aimcontrollers.com\/wp-content\/uploads\/2021\/11\/projektyeu2.jpeg","contentUrl":"https:\/\/eu.aimcontrollers.com\/wp-content\/uploads\/2021\/11\/projektyeu2.jpeg"},{"@type":"BreadcrumbList","@id":"https:\/\/eu.aimcontrollers.com\/pl\/projekty-ue\/#breadcrumb","itemListElement":[{"@type":"ListItem","position":1,"name":"Home","item":"https:\/\/eu.aimcontrollers.com\/pl\/"},{"@type":"ListItem","position":2,"name":"Projekty UE"}]},{"@type":"WebSite","@id":"https:\/\/eu.aimcontrollers.com\/pl\/#website","url":"https:\/\/eu.aimcontrollers.com\/pl\/","name":"AimControllers - The most affordable competitive controllers for Xbox, PlayStation and PC","description":"Jedna z najwi\u0119kszych marek dostarczaj\u0105cych w pe\u0142ni modyfikowalne i oryginalne kontrolery.","publisher":{"@id":"https:\/\/eu.aimcontrollers.com\/pl\/#organization"},"potentialAction":[{"@type":"SearchAction","target":{"@type":"EntryPoint","urlTemplate":"https:\/\/eu.aimcontrollers.com\/pl\/?s={search_term_string}"},"query-input":{"@type":"PropertyValueSpecification","valueRequired":true,"valueName":"search_term_string"}}],"inLanguage":"pl-PL"},{"@type":"Organization","@id":"https:\/\/eu.aimcontrollers.com\/pl\/#organization","name":"Aimcontrollers","url":"https:\/\/eu.aimcontrollers.com\/pl\/","logo":{"@type":"ImageObject","inLanguage":"pl-PL","@id":"https:\/\/eu.aimcontrollers.com\/pl\/#\/schema\/logo\/image\/","url":"","contentUrl":"","caption":"Aimcontrollers"},"image":{"@id":"https:\/\/eu.aimcontrollers.com\/pl\/#\/schema\/logo\/image\/"},"sameAs":["http:\/\/www.facebook.com\/aimcontrollers","https:\/\/x.com\/AimControllerss","https:\/\/instagram.com\/aimcontrollers\/","https:\/\/www.youtube.com\/user\/aimcontrollerspl\/videos"]}]}},"_links":{"self":[{"href":"https:\/\/eu.aimcontrollers.com\/pl\/wp-json\/wp\/v2\/pages\/1009971","targetHints":{"allow":["GET"]}}],"collection":[{"href":"https:\/\/eu.aimcontrollers.com\/pl\/wp-json\/wp\/v2\/pages"}],"about":[{"href":"https:\/\/eu.aimcontrollers.com\/pl\/wp-json\/wp\/v2\/types\/page"}],"author":[{"embeddable":true,"href":"https:\/\/eu.aimcontrollers.com\/pl\/wp-json\/wp\/v2\/users\/1"}],"replies":[{"embeddable":true,"href":"https:\/\/eu.aimcontrollers.com\/pl\/wp-json\/wp\/v2\/comments?post=1009971"}],"version-history":[{"count":5,"href":"https:\/\/eu.aimcontrollers.com\/pl\/wp-json\/wp\/v2\/pages\/1009971\/revisions"}],"predecessor-version":[{"id":1311177,"href":"https:\/\/eu.aimcontrollers.com\/pl\/wp-json\/wp\/v2\/pages\/1009971\/revisions\/1311177"}],"wp:attachment":[{"href":"https:\/\/eu.aimcontrollers.com\/pl\/wp-json\/wp\/v2\/media?parent=1009971"}],"wp:term":[{"taxonomy":"misspellings","embeddable":true,"href":"https:\/\/eu.aimcontrollers.com\/pl\/wp-json\/wp\/v2\/misspellings?post=1009971"}],"curies":[{"name":"wp","href":"https:\/\/api.w.org\/{rel}","templated":true}]}}