{"id":1121599,"date":"2020-08-26T11:20:34","date_gmt":"2020-08-26T09:20:34","guid":{"rendered":"https:\/\/testdo.aimcontrollers.com\/?page_id=1021599"},"modified":"2020-08-26T11:24:21","modified_gmt":"2020-08-26T09:24:21","slug":"covid-19","status":"publish","type":"page","link":"https:\/\/eu.aimcontrollers.com\/pl\/covid-19\/","title":{"rendered":"Covid-19"},"content":{"rendered":"<h1>\u015arodki bezpiecze\u0144stwa Aimcontrollers dotycz\u0105ce COVID-19:<\/h1>\n<p>To dla nas naprawd\u0119 trudny czas. Pandemia koronawirusa dotyka wszystkich, od naszych rodzin po nasze firmy. Wp\u0142ywa na zdrowie globalnej gospodarki i spos\u00f3b, w jaki \u017cyjemy w codziennym \u017cyciu.\u00a0W zaistnia\u0142ej oraz szybko zmieniaj\u0105cej si\u0119 sytuacji zwi\u0105zanej koronawirusem (COVID-19), nasz\u0105 pierwsz\u0105 my\u015bl\u0105 jest bezpiecze\u0144stwo i dobro wszystkich os\u00f3b.\u00a0<strong>Mo\u017cesz na nas liczy\u0107, \u017ce w dalszym ci\u0105gu do\u0142o\u017cymy wszelkich stara\u0144, aby nasza praca przebiega\u0142a w tym trudnym okresie bez wi\u0119kszych zak\u0142\u00f3ce\u0144. Chcemy, aby\u015b wiedzia\u0142, \u017ce AImControllers jest tutaj dla Ciebie.<\/strong>\u00a0Post\u0119puj\u0105c zgodnie z zaleceniami G\u0142\u00f3wnego Inspektora Sanitarnego od 23 marca, AimControllers nie b\u0119dzie dzia\u0142a\u0107 na pe\u0142nych obrotach, dop\u00f3ki ograniczenia nie zostan\u0105 usuni\u0119te przez urz\u0119dnik\u00f3w pa\u0144stwowych.\u00a0Nasz zesp\u00f3\u0142 b\u0119dzie jednak nadal przyjmowa\u0142 i realizowa\u0142 zam\u00f3wienia.\u00a0<strong>Poni\u017csze us\u0142ugi s\u0105 obecnie dost\u0119pne:<\/strong><\/p>\n<ul>\n<li>* Przyjmowanie nowych zam\u00f3wie\u0144<\/li>\n<li>* Akceptowanie napraw gwarancyjnych i pogwarancyjnych<\/li>\n<li>* Akceptowanie poprawek i odwo\u0142a\u0144 zam\u00f3wie\u0144 wy\u0142\u0105cznie przez e-mail<\/li>\n<\/ul>\n<p><strong>Naszym priorytetem jest bezpiecze\u0144stwo naszych klient\u00f3w oraz naszych pracownik\u00f3w.<\/strong>\u00a0<strong>Dlatego w zaistnia\u0142ej sytuacji:<\/strong><\/p>\n<ul>\n<li>* Pracownicy mog\u0105 pracowa\u0107 zdalnie<\/li>\n<li>* Us\u0142uga wsparcia ogranicza si\u0119 do komunikacji przez e-mail i telefon<\/li>\n<li>* Zam\u00f3wienia realizowane s\u0105 zdalnie, Staramy si\u0119 nie op\u00f3\u017ania\u0107 \u017cadnego z nowych zam\u00f3wie\u0144, jednak prosz\u0119 zrozumie\u0107, \u017ce mog\u0105 pojawi\u0107 si\u0119 niewielkie op\u00f3\u017anienia.<\/li>\n<li>* Wszystkie kontrolery s\u0105 dezynfekowane przed zapakowaniem i wys\u0142aniem. Nale\u017cy pami\u0119ta\u0107, \u017ce po dostarczeniu nale\u017cy odczeka\u0107 24 godziny przed otwarciem opakowania lub otwiera\u0107 paczk\u0119 w r\u0119kawiczkach.<\/li>\n<li>Zalecili\u015bmy naszemu zespo\u0142owi dodatkowe kroki w celu ochrony siebie i innych:<\/li>\n<li>\u00a0* Cz\u0119ste mycie r\u0105k,<\/li>\n<li>\u00a0* Zachowanie odpowiedniego dystansu<\/li>\n<li>\u00a0* Codzienna dezynfekcja cz\u0119sto dotykanych powierzchni \/ przedmiot\u00f3w w domu \/ pracy.<\/li>\n<li>\u00a0* Pozostanie w domu, je\u015bli pojawi\u0105 si\u0119 symptomy choroby,<\/li>\n<li>\u00a0* Zakrywanie ust podczas kaszlu lub kichania<\/li>\n<\/ul>\n<p>Chocia\u017c sytuacja wok\u00f3\u0142 korona wirusa zmienia si\u0119 bardzo dynamicznie, ca\u0142y czas pozostajemy w gotowo\u015bci do wszelkich zmian w razie pojawienia si\u0119 nowych wytycznych. Zapewniamy, \u017ce staramy si\u0119 dba\u0107 o potrzeby naszych klient\u00f3w i pracownik\u00f3w. Nasz\u0105 misj\u0105 jest dostarczanie wysokiej jako\u015bci produkt\u00f3w, niesamowitych wra\u017ce\u0144 z gry i wyj\u0105tkowej obs\u0142ugi klienta.<\/p>\n","protected":false},"excerpt":{"rendered":"<p>\u015arodki bezpiecze\u0144stwa Aimcontrollers dotycz\u0105ce COVID-19: To dla nas naprawd\u0119 trudny czas. Pandemia koronawirusa dotyka wszystkich, od naszych rodzin po nasze firmy. Wp\u0142ywa na zdrowie globalnej gospodarki i spos\u00f3b, w jaki \u017cyjemy w codziennym \u017cyciu.\u00a0W zaistnia\u0142ej oraz szybko zmieniaj\u0105cej si\u0119 sytuacji zwi\u0105zanej koronawirusem (COVID-19), nasz\u0105 pierwsz\u0105 my\u015bl\u0105 jest bezpiecze\u0144stwo i dobro wszystkich os\u00f3b.\u00a0Mo\u017cesz na nas liczy\u0107, [&#8230;]\n","protected":false},"author":59265,"featured_media":0,"parent":0,"menu_order":0,"comment_status":"closed","ping_status":"closed","template":"","meta":{"_acf_changed":false,"inline_featured_image":false,"footnotes":""},"misspellings":[],"class_list":["post-1121599","page","type-page","status-publish","hentry"],"acf":[],"yoast_head":"<!-- This site is optimized with the Yoast SEO Premium plugin v22.4 (Yoast SEO v27.4) - https:\/\/yoast.com\/product\/yoast-seo-premium-wordpress\/ -->\n<title>Covid-19 - Aimcontrollers<\/title>\n<meta name=\"robots\" content=\"index, follow, max-snippet:-1, max-image-preview:large, max-video-preview:-1\" \/>\n<link rel=\"canonical\" href=\"https:\/\/eu.aimcontrollers.com\/pl\/covid-19\/\" \/>\n<meta property=\"og:locale\" content=\"pl_PL\" \/>\n<meta property=\"og:type\" content=\"article\" \/>\n<meta property=\"og:title\" content=\"Covid-19\" \/>\n<meta property=\"og:description\" content=\"\u015arodki bezpiecze\u0144stwa Aimcontrollers dotycz\u0105ce COVID-19: To dla nas naprawd\u0119 trudny czas. Pandemia koronawirusa dotyka wszystkich, od naszych rodzin po nasze firmy. Wp\u0142ywa na zdrowie globalnej gospodarki i spos\u00f3b, w jaki \u017cyjemy w codziennym \u017cyciu.\u00a0W zaistnia\u0142ej oraz szybko zmieniaj\u0105cej si\u0119 sytuacji zwi\u0105zanej koronawirusem (COVID-19), nasz\u0105 pierwsz\u0105 my\u015bl\u0105 jest bezpiecze\u0144stwo i dobro wszystkich os\u00f3b.\u00a0Mo\u017cesz na nas liczy\u0107, [...]\" \/>\n<meta property=\"og:url\" content=\"https:\/\/eu.aimcontrollers.com\/pl\/covid-19\/\" \/>\n<meta property=\"og:site_name\" content=\"Aimcontrollers\" \/>\n<meta property=\"article:publisher\" content=\"http:\/\/www.facebook.com\/aimcontrollers\" \/>\n<meta property=\"article:modified_time\" content=\"2020-08-26T09:24:21+00:00\" \/>\n<meta name=\"twitter:card\" content=\"summary_large_image\" \/>\n<meta name=\"twitter:site\" content=\"@AimControllerss\" \/>\n<meta name=\"twitter:label1\" content=\"Szacowany czas czytania\" \/>\n\t<meta name=\"twitter:data1\" content=\"2 minuty\" \/>\n<script type=\"application\/ld+json\" class=\"yoast-schema-graph\">{\"@context\":\"https:\\\/\\\/schema.org\",\"@graph\":[{\"@type\":\"WebPage\",\"@id\":\"https:\\\/\\\/eu.aimcontrollers.com\\\/pl\\\/covid-19\\\/\",\"url\":\"https:\\\/\\\/eu.aimcontrollers.com\\\/pl\\\/covid-19\\\/\",\"name\":\"Covid-19 - Aimcontrollers\",\"isPartOf\":{\"@id\":\"https:\\\/\\\/eu.aimcontrollers.com\\\/pl\\\/#website\"},\"datePublished\":\"2020-08-26T09:20:34+00:00\",\"dateModified\":\"2020-08-26T09:24:21+00:00\",\"breadcrumb\":{\"@id\":\"https:\\\/\\\/eu.aimcontrollers.com\\\/pl\\\/covid-19\\\/#breadcrumb\"},\"inLanguage\":\"pl-PL\",\"potentialAction\":[{\"@type\":\"ReadAction\",\"target\":[\"https:\\\/\\\/eu.aimcontrollers.com\\\/pl\\\/covid-19\\\/\"]}]},{\"@type\":\"BreadcrumbList\",\"@id\":\"https:\\\/\\\/eu.aimcontrollers.com\\\/pl\\\/covid-19\\\/#breadcrumb\",\"itemListElement\":[{\"@type\":\"ListItem\",\"position\":1,\"name\":\"Home\",\"item\":\"https:\\\/\\\/eu.aimcontrollers.com\\\/pl\\\/\"},{\"@type\":\"ListItem\",\"position\":2,\"name\":\"Covid-19\"}]},{\"@type\":\"WebSite\",\"@id\":\"https:\\\/\\\/eu.aimcontrollers.com\\\/pl\\\/#website\",\"url\":\"https:\\\/\\\/eu.aimcontrollers.com\\\/pl\\\/\",\"name\":\"AimControllers - The most affordable competitive controllers for Xbox, PlayStation and PC\",\"description\":\"Jedna z najwi\u0119kszych marek dostarczaj\u0105cych w pe\u0142ni modyfikowalne i oryginalne kontrolery.\",\"publisher\":{\"@id\":\"https:\\\/\\\/eu.aimcontrollers.com\\\/pl\\\/#organization\"},\"potentialAction\":[{\"@type\":\"SearchAction\",\"target\":{\"@type\":\"EntryPoint\",\"urlTemplate\":\"https:\\\/\\\/eu.aimcontrollers.com\\\/pl\\\/?s={search_term_string}\"},\"query-input\":{\"@type\":\"PropertyValueSpecification\",\"valueRequired\":true,\"valueName\":\"search_term_string\"}}],\"inLanguage\":\"pl-PL\"},{\"@type\":\"Organization\",\"@id\":\"https:\\\/\\\/eu.aimcontrollers.com\\\/pl\\\/#organization\",\"name\":\"Aimcontrollers\",\"url\":\"https:\\\/\\\/eu.aimcontrollers.com\\\/pl\\\/\",\"logo\":{\"@type\":\"ImageObject\",\"inLanguage\":\"pl-PL\",\"@id\":\"https:\\\/\\\/eu.aimcontrollers.com\\\/pl\\\/#\\\/schema\\\/logo\\\/image\\\/\",\"url\":\"\",\"contentUrl\":\"\",\"caption\":\"Aimcontrollers\"},\"image\":{\"@id\":\"https:\\\/\\\/eu.aimcontrollers.com\\\/pl\\\/#\\\/schema\\\/logo\\\/image\\\/\"},\"sameAs\":[\"http:\\\/\\\/www.facebook.com\\\/aimcontrollers\",\"https:\\\/\\\/x.com\\\/AimControllerss\",\"https:\\\/\\\/instagram.com\\\/aimcontrollers\\\/\",\"https:\\\/\\\/www.youtube.com\\\/user\\\/aimcontrollerspl\\\/videos\"]}]}<\/script>\n<!-- \/ Yoast SEO Premium plugin. -->","yoast_head_json":{"title":"Covid-19 - Aimcontrollers","robots":{"index":"index","follow":"follow","max-snippet":"max-snippet:-1","max-image-preview":"max-image-preview:large","max-video-preview":"max-video-preview:-1"},"canonical":"https:\/\/eu.aimcontrollers.com\/pl\/covid-19\/","og_locale":"pl_PL","og_type":"article","og_title":"Covid-19","og_description":"\u015arodki bezpiecze\u0144stwa Aimcontrollers dotycz\u0105ce COVID-19: To dla nas naprawd\u0119 trudny czas. Pandemia koronawirusa dotyka wszystkich, od naszych rodzin po nasze firmy. Wp\u0142ywa na zdrowie globalnej gospodarki i spos\u00f3b, w jaki \u017cyjemy w codziennym \u017cyciu.\u00a0W zaistnia\u0142ej oraz szybko zmieniaj\u0105cej si\u0119 sytuacji zwi\u0105zanej koronawirusem (COVID-19), nasz\u0105 pierwsz\u0105 my\u015bl\u0105 jest bezpiecze\u0144stwo i dobro wszystkich os\u00f3b.\u00a0Mo\u017cesz na nas liczy\u0107, [...]","og_url":"https:\/\/eu.aimcontrollers.com\/pl\/covid-19\/","og_site_name":"Aimcontrollers","article_publisher":"http:\/\/www.facebook.com\/aimcontrollers","article_modified_time":"2020-08-26T09:24:21+00:00","twitter_card":"summary_large_image","twitter_site":"@AimControllerss","twitter_misc":{"Szacowany czas czytania":"2 minuty"},"schema":{"@context":"https:\/\/schema.org","@graph":[{"@type":"WebPage","@id":"https:\/\/eu.aimcontrollers.com\/pl\/covid-19\/","url":"https:\/\/eu.aimcontrollers.com\/pl\/covid-19\/","name":"Covid-19 - Aimcontrollers","isPartOf":{"@id":"https:\/\/eu.aimcontrollers.com\/pl\/#website"},"datePublished":"2020-08-26T09:20:34+00:00","dateModified":"2020-08-26T09:24:21+00:00","breadcrumb":{"@id":"https:\/\/eu.aimcontrollers.com\/pl\/covid-19\/#breadcrumb"},"inLanguage":"pl-PL","potentialAction":[{"@type":"ReadAction","target":["https:\/\/eu.aimcontrollers.com\/pl\/covid-19\/"]}]},{"@type":"BreadcrumbList","@id":"https:\/\/eu.aimcontrollers.com\/pl\/covid-19\/#breadcrumb","itemListElement":[{"@type":"ListItem","position":1,"name":"Home","item":"https:\/\/eu.aimcontrollers.com\/pl\/"},{"@type":"ListItem","position":2,"name":"Covid-19"}]},{"@type":"WebSite","@id":"https:\/\/eu.aimcontrollers.com\/pl\/#website","url":"https:\/\/eu.aimcontrollers.com\/pl\/","name":"AimControllers - The most affordable competitive controllers for Xbox, PlayStation and PC","description":"Jedna z najwi\u0119kszych marek dostarczaj\u0105cych w pe\u0142ni modyfikowalne i oryginalne kontrolery.","publisher":{"@id":"https:\/\/eu.aimcontrollers.com\/pl\/#organization"},"potentialAction":[{"@type":"SearchAction","target":{"@type":"EntryPoint","urlTemplate":"https:\/\/eu.aimcontrollers.com\/pl\/?s={search_term_string}"},"query-input":{"@type":"PropertyValueSpecification","valueRequired":true,"valueName":"search_term_string"}}],"inLanguage":"pl-PL"},{"@type":"Organization","@id":"https:\/\/eu.aimcontrollers.com\/pl\/#organization","name":"Aimcontrollers","url":"https:\/\/eu.aimcontrollers.com\/pl\/","logo":{"@type":"ImageObject","inLanguage":"pl-PL","@id":"https:\/\/eu.aimcontrollers.com\/pl\/#\/schema\/logo\/image\/","url":"","contentUrl":"","caption":"Aimcontrollers"},"image":{"@id":"https:\/\/eu.aimcontrollers.com\/pl\/#\/schema\/logo\/image\/"},"sameAs":["http:\/\/www.facebook.com\/aimcontrollers","https:\/\/x.com\/AimControllerss","https:\/\/instagram.com\/aimcontrollers\/","https:\/\/www.youtube.com\/user\/aimcontrollerspl\/videos"]}]}},"_links":{"self":[{"href":"https:\/\/eu.aimcontrollers.com\/pl\/wp-json\/wp\/v2\/pages\/1121599","targetHints":{"allow":["GET"]}}],"collection":[{"href":"https:\/\/eu.aimcontrollers.com\/pl\/wp-json\/wp\/v2\/pages"}],"about":[{"href":"https:\/\/eu.aimcontrollers.com\/pl\/wp-json\/wp\/v2\/types\/page"}],"author":[{"embeddable":true,"href":"https:\/\/eu.aimcontrollers.com\/pl\/wp-json\/wp\/v2\/users\/59265"}],"replies":[{"embeddable":true,"href":"https:\/\/eu.aimcontrollers.com\/pl\/wp-json\/wp\/v2\/comments?post=1121599"}],"version-history":[{"count":0,"href":"https:\/\/eu.aimcontrollers.com\/pl\/wp-json\/wp\/v2\/pages\/1121599\/revisions"}],"wp:attachment":[{"href":"https:\/\/eu.aimcontrollers.com\/pl\/wp-json\/wp\/v2\/media?parent=1121599"}],"wp:term":[{"taxonomy":"misspellings","embeddable":true,"href":"https:\/\/eu.aimcontrollers.com\/pl\/wp-json\/wp\/v2\/misspellings?post=1121599"}],"curies":[{"name":"wp","href":"https:\/\/api.w.org\/{rel}","templated":true}]}}