{"id":1273912,"date":"2022-11-14T17:49:11","date_gmt":"2022-11-14T16:49:11","guid":{"rendered":"https:\/\/eu.aimcontrollers.com\/kickstarter\/"},"modified":"2022-11-15T11:26:43","modified_gmt":"2022-11-15T10:26:43","slug":"kickstarter","status":"publish","type":"page","link":"https:\/\/eu.aimcontrollers.com\/pl\/kickstarter\/","title":{"rendered":"Kickstarter"},"content":{"rendered":"\t<div class=\"img has-hover hide-for-small x md-x lg-x y md-y lg-y\" id=\"image_1619418072\">\n\t\t\t\t\t\t\t\t<div class=\"img-inner dark\" >\n\t\t\t<img loading=\"lazy\" decoding=\"async\" width=\"1920\" height=\"630\" src=\"https:\/\/eu.aimcontrollers.com\/wp-content\/uploads\/2022\/11\/baner-kickstarterv3.jpg\" class=\"attachment-original size-original\" alt=\"\" srcset=\"https:\/\/eu.aimcontrollers.com\/wp-content\/uploads\/2022\/11\/baner-kickstarterv3.jpg 1920w, https:\/\/eu.aimcontrollers.com\/wp-content\/uploads\/2022\/11\/baner-kickstarterv3-500x164.jpg 500w, https:\/\/eu.aimcontrollers.com\/wp-content\/uploads\/2022\/11\/baner-kickstarterv3-800x263.jpg 800w, https:\/\/eu.aimcontrollers.com\/wp-content\/uploads\/2022\/11\/baner-kickstarterv3-1400x459.jpg 1400w, https:\/\/eu.aimcontrollers.com\/wp-content\/uploads\/2022\/11\/baner-kickstarterv3-768x252.jpg 768w, https:\/\/eu.aimcontrollers.com\/wp-content\/uploads\/2022\/11\/baner-kickstarterv3-1536x504.jpg 1536w\" sizes=\"auto, (max-width: 1920px) 100vw, 1920px\" \/>\t\t\t\t\t\t\n\t\t\t\t\t<\/div>\n\t\t\t\t\t\t\t\t\n<style>\n#image_1619418072 {\n  width: 100%;\n}\n<\/style>\n\t<\/div>\n\t\n\t<div class=\"img has-hover show-for-small x md-x lg-x y md-y lg-y\" id=\"image_1316648173\">\n\t\t\t\t\t\t\t\t<div class=\"img-inner dark\" >\n\t\t\t<img loading=\"lazy\" decoding=\"async\" width=\"450\" height=\"580\" src=\"https:\/\/eu.aimcontrollers.com\/wp-content\/uploads\/2022\/11\/baner-kickstarterv3-mobile.jpg\" class=\"attachment-original size-original\" alt=\"\" srcset=\"https:\/\/eu.aimcontrollers.com\/wp-content\/uploads\/2022\/11\/baner-kickstarterv3-mobile.jpg 450w, https:\/\/eu.aimcontrollers.com\/wp-content\/uploads\/2022\/11\/baner-kickstarterv3-mobile-310x400.jpg 310w\" sizes=\"auto, (max-width: 450px) 100vw, 450px\" \/>\t\t\t\t\t\t\n\t\t\t\t\t<\/div>\n\t\t\t\t\t\t\t\t\n<style>\n#image_1316648173 {\n  width: 100%;\n}\n<\/style>\n\t<\/div>\n\t\n\n\t<section class=\"section dark\" id=\"section_1443751561\">\n\t\t<div class=\"section-bg fill\" >\n\t\t\t\t\t\t\t\t\t\n\t\t\t\n\n\t\t<\/div>\n\n\t\t\n\n\t\t<div class=\"section-content relative\">\n\t\t\t\n\n<style>\n#frm_checkbox_20-0 > label{\n color:white;\n}\n#form_kickstarter-signup2 > div > fieldset > div > div.frm_submit > button{\n background-color: #9d44d2 !important;\n}\n<\/style>\n\n<div class=\"row align-center\"  id=\"row-1252407776\">\n\n\t<div id=\"col-1978019201\" class=\"col medium-12 small-12 large-10\"  >\n\t\t\t\t<div class=\"col-inner text-center\"  >\n\t\t\t\n\t\t\t\n<div class=\"container section-title-container\" ><h2 class=\"section-title section-title-center\"><b><\/b><span class=\"section-title-main\" style=\"font-size:200%;color:rgb(157, 68, 210);\">Zarejestruj si\u0119, aby dowiedzie\u0107 si\u0119 wi\u0119cej<\/span><b><\/b><\/h2><\/div>\n\t<div id=\"text-1143536288\" class=\"text\">\n\t\t\n<p>Podaj\u0105c sw\u00f3j adres e-mail, wyra\u017casz zgod\u0119 na otrzymywanie wiadomo\u015bci i aktualizacji dotycz\u0105cych projekt\u00f3w AimControllers.<br \/>\n\t\t\n<style>\n#text-1143536288 {\n  font-size: 1.1rem;\n}\n<\/style>\n\t<\/div>\n\t\n\t<div id=\"gap-342036099\" class=\"gap-element clearfix\" style=\"display:block; height:auto;\">\n\t\t\n<style>\n#gap-342036099 {\n  padding-top: 10px;\n}\n<\/style>\n\t<\/div>\n\t\n<div class=\"frm_forms  with_frm_style frm_center_submit frm_style_formidable-style\" id=\"frm_form_6_container\" >\n<form enctype=\"multipart\/form-data\" method=\"post\" class=\"frm-show-form  frm_js_validate  frm_ajax_submit  frm_pro_form \" id=\"form_kickstarter-signup2\" >\n<div class=\"frm_form_fields \">\n<fieldset>\n<legend class=\"frm_screen_reader\">Kickstarter Signup<\/legend>\r\n\r\n<div class=\"frm_fields_container\">\n<input type=\"hidden\" name=\"frm_action\" value=\"create\" \/>\n<input type=\"hidden\" name=\"form_id\" value=\"6\" \/>\n<input type=\"hidden\" name=\"frm_hide_fields_6\" id=\"frm_hide_fields_6\" value=\"\" \/>\n<input type=\"hidden\" name=\"form_key\" value=\"kickstarter-signup2\" \/>\n<input type=\"hidden\" name=\"item_meta[0]\" value=\"\" \/>\n<input type=\"hidden\" id=\"frm_submit_entry_6\" name=\"frm_submit_entry_6\" value=\"09ccdf5473\" \/><input type=\"hidden\" name=\"_wp_http_referer\" value=\"\/pl\/wp-json\/wp\/v2\/pages\/1273912\" \/><div id=\"frm_field_18_container\" class=\"frm_form_field form-field  frm_required_field frm_top_container\">\r\n    <label for=\"field_701dk2\" id=\"field_701dk2_label\" class=\"frm_primary_label\">\r\n        <span class=\"frm_required\"><\/span>\r\n    <\/label>\r\n    <input type=\"email\" id=\"field_701dk2\" name=\"item_meta[18]\" value=\"\"  style=\"width:120%\" placeholder=\"Enter your email address\" data-reqmsg=\"To pole nie mo\u017ce by\u0107 puste.\t\" aria-required=\"true\" data-invmsg=\"Adres e-mail jest nieprawid\u0142owy\t\" class=\"auto_width\" aria-invalid=\"false\"  \/>\r\n    \r\n    \r\n<\/div>\n<input type=\"hidden\" name=\"item_meta[19]\" id=\"field_o34d\" value=\"pl\"  data-frmval=\"pl\"   \/>\n<div id=\"frm_field_20_container\" class=\"frm_form_field form-field  frm_required_field frm_top_container vertical_radio\">\r\n    <div  id=\"field_28zys2_label\" class=\"frm_primary_label\">\r\n        <span class=\"frm_required\" aria-hidden=\"true\"><\/span>\r\n    <\/div>\r\n    <div class=\"frm_opt_container\" aria-labelledby=\"field_28zys2_label\" role=\"group\">\t\t<div class=\"frm_checkbox\" id=\"frm_checkbox_20-0\">\t\t\t<label  for=\"field_28zys2-0\">\n\t\t\t<input type=\"checkbox\" name=\"item_meta[20][]\" id=\"field_28zys2-0\" value=\"Consent\"  data-reqmsg=\"To pole jest wymagane.\" data-invmsg=\"To pole jest nieprawid\u0142owe\"   aria-required=\"true\"  \/> Akceptuj\u0119 warunki <a href=\"https:\/\/eu.aimcontrollers.com\/pl\/polityka-prywatnosci\/\">newslettera<\/a>.<\/label><\/div>\n<\/div>\r\n    \r\n    \r\n<\/div>\n\t<input type=\"hidden\" name=\"item_key\" value=\"\" \/>\n\t\t\t<div id=\"frm_field_132_container\">\n\t\t\t<label for=\"field_scf87\" >\n\t\t\t\tJe\u017celi jeste\u015b cz\u0142owiekiem, zostaw to pole puste.\t\t\t<\/label>\n\t\t\t<input  id=\"field_scf87\" type=\"text\" class=\"frm_form_field form-field frm_verify\" name=\"item_meta[132]\" value=\"\"  \/>\n\t\t<\/div>\n\t\t<input name=\"frm_state\" type=\"hidden\" value=\"4MP1LvtaZtnMqYrKrQEEP7wyiyWUSZx5DAF3gU4t1W6QH69y0CbAUIOb9\/+UZw\/7\" \/><div class=\"frm_submit\">\r\n\r\n<button class=\"frm_button_submit frm_final_submit\" type=\"submit\"   formnovalidate=\"formnovalidate\">Zapisz si\u0119<\/button>\r\n\r\n<\/div><\/div>\n<\/fieldset>\n<\/div>\n\n<\/form>\n<\/div>\n\n\t\t<\/div>\n\t\t\t\t\t<\/div>\n\n\t\n<\/div>\n\t\t<\/div>\n\n\t\t\n<style>\n#section_1443751561 {\n  padding-top: 60px;\n  padding-bottom: 60px;\n  background-color: rgb(0,0,0);\n}\n<\/style>\n\t<\/section>\n\t\n\n\t<section class=\"section dark\" id=\"section_188536317\">\n\t\t<div class=\"section-bg fill\" >\n\t\t\t\t\t\t\t\t\t\n\t\t\t\n\n\t\t<\/div>\n\n\t\t\n\n\t\t<div class=\"section-content relative\">\n\t\t\t\n<div class=\"row align-center\"  id=\"row-112933295\">\n\n\t<div id=\"col-1575096142\" class=\"col medium-12 small-12 large-10\"  >\n\t\t\t\t<div class=\"col-inner text-center\"  >\n\t\t\t\n\t\t\t\n<div class=\"container section-title-container\" ><h2 class=\"section-title section-title-center\"><b><\/b><span class=\"section-title-main\" style=\"font-size:201%;color:rgb(157, 68, 210);\">O projekcie<\/span><b><\/b><\/h2><\/div>\n\t<div id=\"text-2360717794\" class=\"text\">\n\t\t\n<h2>Nadchodzi rewolucja!<\/h2>\n\t\t\n<style>\n#text-2360717794 {\n  font-size: 1.1rem;\n  text-align: center;\n}\n<\/style>\n\t<\/div>\n\t\n\t<div id=\"text-3984084667\" class=\"text\">\n\t\t\n<p>Kiedy przychodzi co do czego, chcesz, aby <strong>idealnie pasowa\u0142 do Twoich potrzeb<\/strong>. Mocna, trwa\u0142a konstrukcja z my\u015bl\u0105 o Twoim <strong>najwy\u017cszym komforcie<\/strong>, co\u015b co pozwoli Ci dostosowa\u0107 si\u0119 do ka\u017cdego wyzwania bez straty jednej cennej dodatkowej sekundy Twojego czasu. Co\u015b, na czym mo\u017cesz polega\u0107 i z czego mo\u017cesz skorzysta\u0107, by wznie\u015b\u0107 si\u0119 na <strong>nieosi\u0105galne wcze\u015bniej wy\u017cyny<\/strong>. To ju\u017c prawie tutaj &#8211; najlepsze pomys\u0142y i nowe mo\u017cliwo\u015bci zmieszane razem, aby stworzy\u0107 prawdziwego <strong>game changera<\/strong>.<\/p>\n<p>Bez kompromis\u00f3w i wym\u00f3wek &#8211; ju\u017c wkr\u00f3tce b\u0119dziesz mia\u0142 szans\u0119 rozpocz\u0105\u0107 gr\u0119 na poziomie wy\u017cszym ni\u017c kiedykolwiek wcze\u015bniej, z <strong>zadziwiaj\u0105c\u0105<\/strong> <strong>swobod\u0105 wyboru<\/strong> &#8211; \u017caden szczyt nie b\u0119dzie poza twoim zasi\u0119giem.<\/p>\n<p>Zapnij pasy i przygotuj si\u0119 na <strong>przeja\u017cd\u017ck\u0119 swojego \u017cycia<\/strong>.<\/p>\n<p>Nadchodzi prawdziwy <strong>game changer<\/strong>.<br \/>\n\t\t\n<style>\n#text-3984084667 {\n  font-size: 1.1rem;\n}\n<\/style>\n\t<\/div>\n\t\n\t\t<\/div>\n\t\t\t\t\t<\/div>\n\n\t\n<\/div>\n\t\t<\/div>\n\n\t\t\n<style>\n#section_188536317 {\n  padding-top: 30px;\n  padding-bottom: 30px;\n  background-color: rgb(0,0,0);\n}\n<\/style>\n\t<\/section>\n\t\n\n\t<section class=\"section dark\" id=\"section_858333648\">\n\t\t<div class=\"section-bg fill\" >\n\t\t\t\t\t\t\t\t\t\n\t\t\t\n\t<div class=\"is-border\"\n\t\tstyle=\"border-color:rgb(235, 235, 235);border-width:1px 0px 0px 0px;\">\n\t<\/div>\n\n\t\t<\/div>\n\n\t\t\n\n\t\t<div class=\"section-content relative\">\n\t\t\t\n<div class=\"row\"  id=\"row-1104155016\">\n\n\t<div id=\"col-1370640377\" class=\"col small-12 large-12\"  >\n\t\t\t\t<div class=\"col-inner text-center\"  >\n\t\t\t\n\t\t\t\n<div class=\"container section-title-container\" ><h2 class=\"section-title section-title-center\"><b><\/b><span class=\"section-title-main\" style=\"font-size:200%;color:rgb(157, 68, 210);\">Podziel si\u0119 t\u0105 wiadomo\u015bci\u0105 z przyjaci\u00f3\u0142mi<\/span><b><\/b><\/h2><\/div>\n\t\t<\/div>\n\t\t\t\t\t<\/div>\n\n\t\n\n\t<div id=\"col-967210175\" class=\"col small-12 large-12\"  >\n\t\t\t\t<div class=\"col-inner\"  >\n\t\t\t\n\t\t\t\n<div class=\"social-icons share-icons share-row relative icon-style-fill\" style=\"font-size:130%\"><a href=\"whatsapp:\/\/send?text=Kickstarter - https:\/\/eu.aimcontrollers.com\/pl\/kickstarter\/\" data-action=\"share\/whatsapp\/share\" class=\"icon primary button circle tooltip whatsapp show-for-medium\" title=\"Udost\u0119pnij na WhatsAppie\" aria-label=\"Udost\u0119pnij na WhatsAppie\" ><i class=\"icon-whatsapp\" ><\/i><\/a><a href=\"https:\/\/www.facebook.com\/sharer.php?u=https:\/\/eu.aimcontrollers.com\/pl\/kickstarter\/\" data-label=\"Facebook\" onclick=\"window.open(this.href,this.title,'width=500,height=500,top=300px,left=300px'); return false;\" target=\"_blank\" class=\"icon primary button circle tooltip facebook\" title=\"Udost\u0119pnij na Facebooku\" aria-label=\"Udost\u0119pnij na Facebooku\" rel=\"noopener nofollow\" ><i class=\"icon-facebook\" ><\/i><\/a><a href=\"https:\/\/twitter.com\/share?url=https:\/\/eu.aimcontrollers.com\/pl\/kickstarter\/\" onclick=\"window.open(this.href,this.title,'width=500,height=500,top=300px,left=300px'); return false;\" target=\"_blank\" class=\"icon primary button circle tooltip twitter\" title=\"Udost\u0119pnij na Twitterze\" aria-label=\"Udost\u0119pnij na Twitterze\" rel=\"noopener nofollow\" ><i class=\"icon-twitter\" ><\/i><\/a><a href=\"mailto:?subject=Kickstarter&body=Sprawd%C5%BA%20to%3A%20https%3A%2F%2Feu.aimcontrollers.com%2Fpl%2Fkickstarter%2F\" class=\"icon primary button circle tooltip email\" title=\"Wy\u015blij znajomemu\" aria-label=\"Wy\u015blij znajomemu\" rel=\"nofollow\" ><i class=\"icon-envelop\" ><\/i><\/a><a href=\"https:\/\/pinterest.com\/pin\/create\/button?url=https:\/\/eu.aimcontrollers.com\/pl\/kickstarter\/&media&description=Kickstarter\" onclick=\"window.open(this.href,this.title,'width=500,height=500,top=300px,left=300px'); return false;\" target=\"_blank\" class=\"icon primary button circle tooltip pinterest\" title=\"Przypnij na Pinterest\" aria-label=\"Przypnij na Pinterest\" rel=\"noopener nofollow\" ><i class=\"icon-pinterest\" ><\/i><\/a><a href=\"https:\/\/www.linkedin.com\/shareArticle?mini=true&url=https:\/\/eu.aimcontrollers.com\/pl\/kickstarter\/&title=Kickstarter\" onclick=\"window.open(this.href,this.title,'width=500,height=500,top=300px,left=300px'); return false;\" target=\"_blank\" class=\"icon primary button circle tooltip linkedin\" title=\"Udost\u0119pnij na LinkedIn\" aria-label=\"Udost\u0119pnij na LinkedIn\" rel=\"noopener nofollow\" ><i class=\"icon-linkedin\" ><\/i><\/a><\/div>\n\t\t<\/div>\n\t\t\t\t\t<\/div>\n\n\t\n<\/div>\n\t\t<\/div>\n\n\t\t\n<style>\n#section_858333648 {\n  padding-top: 60px;\n  padding-bottom: 60px;\n  background-color: rgb(0,0,0);\n}\n<\/style>\n\t<\/section>\n\t\n","protected":false},"excerpt":{"rendered":"","protected":false},"author":1,"featured_media":0,"parent":0,"menu_order":0,"comment_status":"closed","ping_status":"closed","template":"page-blank.php","meta":{"_acf_changed":false,"inline_featured_image":false,"footnotes":""},"misspellings":[],"class_list":["post-1273912","page","type-page","status-publish","hentry"],"acf":[],"yoast_head":"<!-- This site is optimized with the Yoast SEO Premium plugin v22.4 (Yoast SEO v27.2) - https:\/\/yoast.com\/product\/yoast-seo-premium-wordpress\/ -->\n<title>Kickstarter - Aimcontrollers<\/title>\n<meta name=\"robots\" content=\"index, follow, max-snippet:-1, max-image-preview:large, max-video-preview:-1\" \/>\n<link rel=\"canonical\" href=\"https:\/\/eu.aimcontrollers.com\/pl\/kickstarter\/\" \/>\n<meta property=\"og:locale\" content=\"pl_PL\" \/>\n<meta property=\"og:type\" content=\"article\" \/>\n<meta property=\"og:title\" content=\"Kickstarter\" \/>\n<meta property=\"og:url\" content=\"https:\/\/eu.aimcontrollers.com\/pl\/kickstarter\/\" \/>\n<meta property=\"og:site_name\" content=\"Aimcontrollers\" \/>\n<meta property=\"article:publisher\" content=\"http:\/\/www.facebook.com\/aimcontrollers\" \/>\n<meta property=\"article:modified_time\" content=\"2022-11-15T10:26:43+00:00\" \/>\n<meta name=\"twitter:card\" content=\"summary_large_image\" \/>\n<meta name=\"twitter:site\" content=\"@AimControllerss\" \/>\n<meta name=\"twitter:label1\" content=\"Szacowany czas czytania\" \/>\n\t<meta name=\"twitter:data1\" content=\"2 minuty\" \/>\n<script type=\"application\/ld+json\" class=\"yoast-schema-graph\">{\"@context\":\"https:\/\/schema.org\",\"@graph\":[{\"@type\":\"WebPage\",\"@id\":\"https:\/\/eu.aimcontrollers.com\/pl\/kickstarter\/\",\"url\":\"https:\/\/eu.aimcontrollers.com\/pl\/kickstarter\/\",\"name\":\"Kickstarter - Aimcontrollers\",\"isPartOf\":{\"@id\":\"https:\/\/eu.aimcontrollers.com\/pl\/#website\"},\"datePublished\":\"2022-11-14T16:49:11+00:00\",\"dateModified\":\"2022-11-15T10:26:43+00:00\",\"breadcrumb\":{\"@id\":\"https:\/\/eu.aimcontrollers.com\/pl\/kickstarter\/#breadcrumb\"},\"inLanguage\":\"pl-PL\",\"potentialAction\":[{\"@type\":\"ReadAction\",\"target\":[\"https:\/\/eu.aimcontrollers.com\/pl\/kickstarter\/\"]}]},{\"@type\":\"BreadcrumbList\",\"@id\":\"https:\/\/eu.aimcontrollers.com\/pl\/kickstarter\/#breadcrumb\",\"itemListElement\":[{\"@type\":\"ListItem\",\"position\":1,\"name\":\"Home\",\"item\":\"https:\/\/eu.aimcontrollers.com\/pl\/\"},{\"@type\":\"ListItem\",\"position\":2,\"name\":\"Kickstarter\"}]},{\"@type\":\"WebSite\",\"@id\":\"https:\/\/eu.aimcontrollers.com\/pl\/#website\",\"url\":\"https:\/\/eu.aimcontrollers.com\/pl\/\",\"name\":\"AimControllers - The most affordable competitive controllers for Xbox, PlayStation and PC\",\"description\":\"Jedna z najwi\u0119kszych marek dostarczaj\u0105cych w pe\u0142ni modyfikowalne i oryginalne kontrolery.\",\"publisher\":{\"@id\":\"https:\/\/eu.aimcontrollers.com\/pl\/#organization\"},\"potentialAction\":[{\"@type\":\"SearchAction\",\"target\":{\"@type\":\"EntryPoint\",\"urlTemplate\":\"https:\/\/eu.aimcontrollers.com\/pl\/?s={search_term_string}\"},\"query-input\":{\"@type\":\"PropertyValueSpecification\",\"valueRequired\":true,\"valueName\":\"search_term_string\"}}],\"inLanguage\":\"pl-PL\"},{\"@type\":\"Organization\",\"@id\":\"https:\/\/eu.aimcontrollers.com\/pl\/#organization\",\"name\":\"Aimcontrollers\",\"url\":\"https:\/\/eu.aimcontrollers.com\/pl\/\",\"logo\":{\"@type\":\"ImageObject\",\"inLanguage\":\"pl-PL\",\"@id\":\"https:\/\/eu.aimcontrollers.com\/pl\/#\/schema\/logo\/image\/\",\"url\":\"\",\"contentUrl\":\"\",\"caption\":\"Aimcontrollers\"},\"image\":{\"@id\":\"https:\/\/eu.aimcontrollers.com\/pl\/#\/schema\/logo\/image\/\"},\"sameAs\":[\"http:\/\/www.facebook.com\/aimcontrollers\",\"https:\/\/x.com\/AimControllerss\",\"https:\/\/instagram.com\/aimcontrollers\/\",\"https:\/\/www.youtube.com\/user\/aimcontrollerspl\/videos\"]}]}<\/script>\n<!-- \/ Yoast SEO Premium plugin. -->","yoast_head_json":{"title":"Kickstarter - Aimcontrollers","robots":{"index":"index","follow":"follow","max-snippet":"max-snippet:-1","max-image-preview":"max-image-preview:large","max-video-preview":"max-video-preview:-1"},"canonical":"https:\/\/eu.aimcontrollers.com\/pl\/kickstarter\/","og_locale":"pl_PL","og_type":"article","og_title":"Kickstarter","og_url":"https:\/\/eu.aimcontrollers.com\/pl\/kickstarter\/","og_site_name":"Aimcontrollers","article_publisher":"http:\/\/www.facebook.com\/aimcontrollers","article_modified_time":"2022-11-15T10:26:43+00:00","twitter_card":"summary_large_image","twitter_site":"@AimControllerss","twitter_misc":{"Szacowany czas czytania":"2 minuty"},"schema":{"@context":"https:\/\/schema.org","@graph":[{"@type":"WebPage","@id":"https:\/\/eu.aimcontrollers.com\/pl\/kickstarter\/","url":"https:\/\/eu.aimcontrollers.com\/pl\/kickstarter\/","name":"Kickstarter - Aimcontrollers","isPartOf":{"@id":"https:\/\/eu.aimcontrollers.com\/pl\/#website"},"datePublished":"2022-11-14T16:49:11+00:00","dateModified":"2022-11-15T10:26:43+00:00","breadcrumb":{"@id":"https:\/\/eu.aimcontrollers.com\/pl\/kickstarter\/#breadcrumb"},"inLanguage":"pl-PL","potentialAction":[{"@type":"ReadAction","target":["https:\/\/eu.aimcontrollers.com\/pl\/kickstarter\/"]}]},{"@type":"BreadcrumbList","@id":"https:\/\/eu.aimcontrollers.com\/pl\/kickstarter\/#breadcrumb","itemListElement":[{"@type":"ListItem","position":1,"name":"Home","item":"https:\/\/eu.aimcontrollers.com\/pl\/"},{"@type":"ListItem","position":2,"name":"Kickstarter"}]},{"@type":"WebSite","@id":"https:\/\/eu.aimcontrollers.com\/pl\/#website","url":"https:\/\/eu.aimcontrollers.com\/pl\/","name":"AimControllers - The most affordable competitive controllers for Xbox, PlayStation and PC","description":"Jedna z najwi\u0119kszych marek dostarczaj\u0105cych w pe\u0142ni modyfikowalne i oryginalne kontrolery.","publisher":{"@id":"https:\/\/eu.aimcontrollers.com\/pl\/#organization"},"potentialAction":[{"@type":"SearchAction","target":{"@type":"EntryPoint","urlTemplate":"https:\/\/eu.aimcontrollers.com\/pl\/?s={search_term_string}"},"query-input":{"@type":"PropertyValueSpecification","valueRequired":true,"valueName":"search_term_string"}}],"inLanguage":"pl-PL"},{"@type":"Organization","@id":"https:\/\/eu.aimcontrollers.com\/pl\/#organization","name":"Aimcontrollers","url":"https:\/\/eu.aimcontrollers.com\/pl\/","logo":{"@type":"ImageObject","inLanguage":"pl-PL","@id":"https:\/\/eu.aimcontrollers.com\/pl\/#\/schema\/logo\/image\/","url":"","contentUrl":"","caption":"Aimcontrollers"},"image":{"@id":"https:\/\/eu.aimcontrollers.com\/pl\/#\/schema\/logo\/image\/"},"sameAs":["http:\/\/www.facebook.com\/aimcontrollers","https:\/\/x.com\/AimControllerss","https:\/\/instagram.com\/aimcontrollers\/","https:\/\/www.youtube.com\/user\/aimcontrollerspl\/videos"]}]}},"_links":{"self":[{"href":"https:\/\/eu.aimcontrollers.com\/pl\/wp-json\/wp\/v2\/pages\/1273912","targetHints":{"allow":["GET"]}}],"collection":[{"href":"https:\/\/eu.aimcontrollers.com\/pl\/wp-json\/wp\/v2\/pages"}],"about":[{"href":"https:\/\/eu.aimcontrollers.com\/pl\/wp-json\/wp\/v2\/types\/page"}],"author":[{"embeddable":true,"href":"https:\/\/eu.aimcontrollers.com\/pl\/wp-json\/wp\/v2\/users\/1"}],"replies":[{"embeddable":true,"href":"https:\/\/eu.aimcontrollers.com\/pl\/wp-json\/wp\/v2\/comments?post=1273912"}],"version-history":[{"count":9,"href":"https:\/\/eu.aimcontrollers.com\/pl\/wp-json\/wp\/v2\/pages\/1273912\/revisions"}],"predecessor-version":[{"id":1274174,"href":"https:\/\/eu.aimcontrollers.com\/pl\/wp-json\/wp\/v2\/pages\/1273912\/revisions\/1274174"}],"wp:attachment":[{"href":"https:\/\/eu.aimcontrollers.com\/pl\/wp-json\/wp\/v2\/media?parent=1273912"}],"wp:term":[{"taxonomy":"misspellings","embeddable":true,"href":"https:\/\/eu.aimcontrollers.com\/pl\/wp-json\/wp\/v2\/misspellings?post=1273912"}],"curies":[{"name":"wp","href":"https:\/\/api.w.org\/{rel}","templated":true}]}}