{"id":1290658,"date":"2023-02-13T21:36:56","date_gmt":"2023-02-13T20:36:56","guid":{"rendered":"https:\/\/eu.aimcontrollers.com\/kickstarter-late-pledge\/"},"modified":"2023-02-19T12:03:47","modified_gmt":"2023-02-19T11:03:47","slug":"kickstarter-late-pledge","status":"publish","type":"page","link":"https:\/\/eu.aimcontrollers.com\/pl\/kickstarter-late-pledge\/","title":{"rendered":"Kickstarter Late Pledge"},"content":{"rendered":"\n\t<section class=\"section dark\" id=\"section_219680643\">\n\t\t<div class=\"section-bg fill\" >\n\t\t\t\t\t\t\t\t\t\n\t\t\t\n\n\t\t<\/div>\n\n\t\t\n\n\t\t<div class=\"section-content relative\">\n\t\t\t\n<div class=\"row\"  id=\"row-1477115546\">\n\n\t<div id=\"col-512191239\" class=\"col small-12 large-12\"  >\n\t\t\t\t<div class=\"col-inner\"  >\n\t\t\t\n\t\t\t\n  <div id=\"page-header-1538212527\" class=\"page-header-wrapper\">\n  <div class=\"page-title dark simple-title\">\n\n    \n    <div class=\"page-title-inner container align-center text-center flex-row-col medium-flex-wrap\" >\n              <div class=\"title-wrapper is-larger flex-col\">\n          <h1 class=\"entry-title mb-0\">\n            Kickstarter Late Pledge          <\/h1>\n        <\/div>\n                    <div class=\"title-content flex-col\">\n              <\/div>\n    <\/div>\n\n       <\/div>\n    <\/div>\n  \n\t\t<\/div>\n\t\t\t\t\t<\/div>\n\n\t\n<\/div>\n\t\t<\/div>\n\n\t\t\n<style>\n#section_219680643 {\n  padding-top: 30px;\n  padding-bottom: 30px;\n  background-color: rgb(40, 40, 40);\n}\n<\/style>\n\t<\/section>\n\t\n\n\t<section class=\"section\" id=\"section_976047156\">\n\t\t<div class=\"section-bg fill\" >\n\t\t\t\t\t\t\t\t\t\n\t\t\t\n\n\t\t<\/div>\n\n\t\t\n\n\t\t<div class=\"section-content relative\">\n\t\t\t\n\t\n  \n    <div class=\"row large-columns-3 medium-columns- small-columns-1 row-small\" >\n  <\/div>\n\t\t<\/div>\n\n\t\t\n<style>\n#section_976047156 {\n  padding-top: 30px;\n  padding-bottom: 30px;\n}\n<\/style>\n\t<\/section>\n\t\n","protected":false},"excerpt":{"rendered":"","protected":false},"author":1,"featured_media":0,"parent":0,"menu_order":0,"comment_status":"closed","ping_status":"closed","template":"page-blank.php","meta":{"_acf_changed":false,"inline_featured_image":false,"footnotes":""},"misspellings":[],"class_list":["post-1290658","page","type-page","status-publish","hentry"],"acf":[],"yoast_head":"<!-- This site is optimized with the Yoast SEO Premium plugin v22.4 (Yoast SEO v27.2) - https:\/\/yoast.com\/product\/yoast-seo-premium-wordpress\/ -->\n<title>Kickstarter Late Pledge - Aimcontrollers<\/title>\n<meta name=\"robots\" content=\"index, follow, max-snippet:-1, max-image-preview:large, max-video-preview:-1\" \/>\n<link rel=\"canonical\" href=\"https:\/\/eu.aimcontrollers.com\/pl\/kickstarter-late-pledge\/\" \/>\n<meta property=\"og:locale\" content=\"pl_PL\" \/>\n<meta property=\"og:type\" content=\"article\" \/>\n<meta property=\"og:title\" content=\"Kickstarter Late Pledge\" \/>\n<meta property=\"og:url\" content=\"https:\/\/eu.aimcontrollers.com\/pl\/kickstarter-late-pledge\/\" \/>\n<meta property=\"og:site_name\" content=\"Aimcontrollers\" \/>\n<meta property=\"article:publisher\" content=\"http:\/\/www.facebook.com\/aimcontrollers\" \/>\n<meta property=\"article:modified_time\" content=\"2023-02-19T11:03:47+00:00\" \/>\n<meta name=\"twitter:card\" content=\"summary_large_image\" \/>\n<meta name=\"twitter:site\" content=\"@AimControllerss\" \/>\n<script type=\"application\/ld+json\" class=\"yoast-schema-graph\">{\"@context\":\"https:\/\/schema.org\",\"@graph\":[{\"@type\":\"WebPage\",\"@id\":\"https:\/\/eu.aimcontrollers.com\/pl\/kickstarter-late-pledge\/\",\"url\":\"https:\/\/eu.aimcontrollers.com\/pl\/kickstarter-late-pledge\/\",\"name\":\"Kickstarter Late Pledge - Aimcontrollers\",\"isPartOf\":{\"@id\":\"https:\/\/eu.aimcontrollers.com\/pl\/#website\"},\"datePublished\":\"2023-02-13T20:36:56+00:00\",\"dateModified\":\"2023-02-19T11:03:47+00:00\",\"breadcrumb\":{\"@id\":\"https:\/\/eu.aimcontrollers.com\/pl\/kickstarter-late-pledge\/#breadcrumb\"},\"inLanguage\":\"pl-PL\",\"potentialAction\":[{\"@type\":\"ReadAction\",\"target\":[\"https:\/\/eu.aimcontrollers.com\/pl\/kickstarter-late-pledge\/\"]}]},{\"@type\":\"BreadcrumbList\",\"@id\":\"https:\/\/eu.aimcontrollers.com\/pl\/kickstarter-late-pledge\/#breadcrumb\",\"itemListElement\":[{\"@type\":\"ListItem\",\"position\":1,\"name\":\"Home\",\"item\":\"https:\/\/eu.aimcontrollers.com\/pl\/\"},{\"@type\":\"ListItem\",\"position\":2,\"name\":\"Kickstarter Late Pledge\"}]},{\"@type\":\"WebSite\",\"@id\":\"https:\/\/eu.aimcontrollers.com\/pl\/#website\",\"url\":\"https:\/\/eu.aimcontrollers.com\/pl\/\",\"name\":\"AimControllers - The most affordable competitive controllers for Xbox, PlayStation and PC\",\"description\":\"Jedna z najwi\u0119kszych marek dostarczaj\u0105cych w pe\u0142ni modyfikowalne i oryginalne kontrolery.\",\"publisher\":{\"@id\":\"https:\/\/eu.aimcontrollers.com\/pl\/#organization\"},\"potentialAction\":[{\"@type\":\"SearchAction\",\"target\":{\"@type\":\"EntryPoint\",\"urlTemplate\":\"https:\/\/eu.aimcontrollers.com\/pl\/?s={search_term_string}\"},\"query-input\":{\"@type\":\"PropertyValueSpecification\",\"valueRequired\":true,\"valueName\":\"search_term_string\"}}],\"inLanguage\":\"pl-PL\"},{\"@type\":\"Organization\",\"@id\":\"https:\/\/eu.aimcontrollers.com\/pl\/#organization\",\"name\":\"Aimcontrollers\",\"url\":\"https:\/\/eu.aimcontrollers.com\/pl\/\",\"logo\":{\"@type\":\"ImageObject\",\"inLanguage\":\"pl-PL\",\"@id\":\"https:\/\/eu.aimcontrollers.com\/pl\/#\/schema\/logo\/image\/\",\"url\":\"\",\"contentUrl\":\"\",\"caption\":\"Aimcontrollers\"},\"image\":{\"@id\":\"https:\/\/eu.aimcontrollers.com\/pl\/#\/schema\/logo\/image\/\"},\"sameAs\":[\"http:\/\/www.facebook.com\/aimcontrollers\",\"https:\/\/x.com\/AimControllerss\",\"https:\/\/instagram.com\/aimcontrollers\/\",\"https:\/\/www.youtube.com\/user\/aimcontrollerspl\/videos\"]}]}<\/script>\n<!-- \/ Yoast SEO Premium plugin. -->","yoast_head_json":{"title":"Kickstarter Late Pledge - Aimcontrollers","robots":{"index":"index","follow":"follow","max-snippet":"max-snippet:-1","max-image-preview":"max-image-preview:large","max-video-preview":"max-video-preview:-1"},"canonical":"https:\/\/eu.aimcontrollers.com\/pl\/kickstarter-late-pledge\/","og_locale":"pl_PL","og_type":"article","og_title":"Kickstarter Late Pledge","og_url":"https:\/\/eu.aimcontrollers.com\/pl\/kickstarter-late-pledge\/","og_site_name":"Aimcontrollers","article_publisher":"http:\/\/www.facebook.com\/aimcontrollers","article_modified_time":"2023-02-19T11:03:47+00:00","twitter_card":"summary_large_image","twitter_site":"@AimControllerss","schema":{"@context":"https:\/\/schema.org","@graph":[{"@type":"WebPage","@id":"https:\/\/eu.aimcontrollers.com\/pl\/kickstarter-late-pledge\/","url":"https:\/\/eu.aimcontrollers.com\/pl\/kickstarter-late-pledge\/","name":"Kickstarter Late Pledge - Aimcontrollers","isPartOf":{"@id":"https:\/\/eu.aimcontrollers.com\/pl\/#website"},"datePublished":"2023-02-13T20:36:56+00:00","dateModified":"2023-02-19T11:03:47+00:00","breadcrumb":{"@id":"https:\/\/eu.aimcontrollers.com\/pl\/kickstarter-late-pledge\/#breadcrumb"},"inLanguage":"pl-PL","potentialAction":[{"@type":"ReadAction","target":["https:\/\/eu.aimcontrollers.com\/pl\/kickstarter-late-pledge\/"]}]},{"@type":"BreadcrumbList","@id":"https:\/\/eu.aimcontrollers.com\/pl\/kickstarter-late-pledge\/#breadcrumb","itemListElement":[{"@type":"ListItem","position":1,"name":"Home","item":"https:\/\/eu.aimcontrollers.com\/pl\/"},{"@type":"ListItem","position":2,"name":"Kickstarter Late Pledge"}]},{"@type":"WebSite","@id":"https:\/\/eu.aimcontrollers.com\/pl\/#website","url":"https:\/\/eu.aimcontrollers.com\/pl\/","name":"AimControllers - The most affordable competitive controllers for Xbox, PlayStation and PC","description":"Jedna z najwi\u0119kszych marek dostarczaj\u0105cych w pe\u0142ni modyfikowalne i oryginalne kontrolery.","publisher":{"@id":"https:\/\/eu.aimcontrollers.com\/pl\/#organization"},"potentialAction":[{"@type":"SearchAction","target":{"@type":"EntryPoint","urlTemplate":"https:\/\/eu.aimcontrollers.com\/pl\/?s={search_term_string}"},"query-input":{"@type":"PropertyValueSpecification","valueRequired":true,"valueName":"search_term_string"}}],"inLanguage":"pl-PL"},{"@type":"Organization","@id":"https:\/\/eu.aimcontrollers.com\/pl\/#organization","name":"Aimcontrollers","url":"https:\/\/eu.aimcontrollers.com\/pl\/","logo":{"@type":"ImageObject","inLanguage":"pl-PL","@id":"https:\/\/eu.aimcontrollers.com\/pl\/#\/schema\/logo\/image\/","url":"","contentUrl":"","caption":"Aimcontrollers"},"image":{"@id":"https:\/\/eu.aimcontrollers.com\/pl\/#\/schema\/logo\/image\/"},"sameAs":["http:\/\/www.facebook.com\/aimcontrollers","https:\/\/x.com\/AimControllerss","https:\/\/instagram.com\/aimcontrollers\/","https:\/\/www.youtube.com\/user\/aimcontrollerspl\/videos"]}]}},"_links":{"self":[{"href":"https:\/\/eu.aimcontrollers.com\/pl\/wp-json\/wp\/v2\/pages\/1290658","targetHints":{"allow":["GET"]}}],"collection":[{"href":"https:\/\/eu.aimcontrollers.com\/pl\/wp-json\/wp\/v2\/pages"}],"about":[{"href":"https:\/\/eu.aimcontrollers.com\/pl\/wp-json\/wp\/v2\/types\/page"}],"author":[{"embeddable":true,"href":"https:\/\/eu.aimcontrollers.com\/pl\/wp-json\/wp\/v2\/users\/1"}],"replies":[{"embeddable":true,"href":"https:\/\/eu.aimcontrollers.com\/pl\/wp-json\/wp\/v2\/comments?post=1290658"}],"version-history":[{"count":2,"href":"https:\/\/eu.aimcontrollers.com\/pl\/wp-json\/wp\/v2\/pages\/1290658\/revisions"}],"predecessor-version":[{"id":1291115,"href":"https:\/\/eu.aimcontrollers.com\/pl\/wp-json\/wp\/v2\/pages\/1290658\/revisions\/1291115"}],"wp:attachment":[{"href":"https:\/\/eu.aimcontrollers.com\/pl\/wp-json\/wp\/v2\/media?parent=1290658"}],"wp:term":[{"taxonomy":"misspellings","embeddable":true,"href":"https:\/\/eu.aimcontrollers.com\/pl\/wp-json\/wp\/v2\/misspellings?post=1290658"}],"curies":[{"name":"wp","href":"https:\/\/api.w.org\/{rel}","templated":true}]}}