{"id":1345437,"date":"2024-02-27T17:58:07","date_gmt":"2024-02-27T16:58:07","guid":{"rendered":"https:\/\/eu.aimcontrollers.com\/?page_id=1345437"},"modified":"2024-09-05T11:34:42","modified_gmt":"2024-09-05T09:34:42","slug":"pl-aimsurance","status":"publish","type":"page","link":"https:\/\/eu.aimcontrollers.com\/pl\/pl-aimsurance\/","title":{"rendered":"AimSurance"},"content":{"rendered":"\n\t<section class=\"section\" id=\"section_1650836798\">\n\t\t<div class=\"section-bg fill\" >\n\t\t\t\t\t\t\t\t\t\n\t\t\t\n\n\t\t<\/div>\n\n\t\t\n\n\t\t<div class=\"section-content relative\">\n\t\t\t\n<h1 style=\"text-align: center\">Dlaczego warto skorzysta\u0107 z dodatkowej gwarancji?<\/h1>\n<p>Porozmawiajmy o ochronie sprz\u0119tu przed przyst\u0105pieniem do akcji. Dodatkowe gwarancje nie s\u0105 tylko na pokaz &#8211; to twoja tajna bro\u0144 przeciwko nieoczekiwanym uszkodzeniem kontrolera.<br \/>\nOto szczeg\u00f3\u0142owe informacje na temat naszych plan\u00f3w gwarancji.<\/p>\n<div class=\"text-center\"><div class=\"is-divider divider clearfix\" style=\"max-width:1230px;\"><\/div><\/div>\n\n<table id=\"compare\" border=\"1\">\n<caption>\u00a0<\/caption>\n<thead>\n<tr>\n<th>Plan gwarancyjny<\/th>\n<th>Czas trwania<\/th>\n<th>Rodzaj produktu<\/th>\n<th>Cena<\/th>\n<th>Zakres gwarancji<\/th>\n<\/tr>\n<\/thead>\n<tbody>\n<tr>\n<td>Ubezpieczenie od nieszcz\u0119\u015bliwych wypadk\u00f3w (AimSurance)<\/td>\n<td>36 miesi\u0119cy<\/td>\n<td>Kontrolery PS5, PS4 oraz Xbox<\/td>\n<td><b>45\u20ac<\/b><\/td>\n<td>Uszkodzenia przypadkowe. <b>OBEJMUJE STICK DRIFT <\/b><\/td>\n<\/tr>\n<tr>\n<td>Ubezpieczenie od nieszcz\u0119\u015bliwych wypadk\u00f3w (AimSurance)<\/td>\n<td>60 miesi\u0119cy<\/td>\n<td>Kontrolery PS5, PS4 oraz Xbox<\/td>\n<td><b>65\u20ac<\/b><\/td>\n<td>Uszkodzenia przypadkowe. <strong>OBEJMUJE STICK DRIFT<\/strong><\/td>\n<\/tr>\n<\/tbody>\n<\/table>\n\n<div class=\"text-center\"><div class=\"is-divider divider clearfix\" style=\"max-width:1230px;\"><\/div><\/div>\n<h3>Na jaki plan powiniene\u015b si\u0119 zdecydowa\u0107?<\/h3>\n<p>Oto nasza porcja informacji. Nasz <strong>AimSurance<\/strong> jest tutaj, aby uratowa\u0107 sytuacj\u0119 wszystkim graczom PS5 Maj\u0105 wasze wsparcie w przypadku <strong>problem\u00f3w z analogiem <\/strong><strong>przez okres do 36 miesi\u0119cy <\/strong>Je\u015bli \u017cyjesz na kraw\u0119dzi, wykonuj\u0105c zwariowane akrobacje w grze i w prawdziwym \u017cyciu, mo\u017cesz chcie\u0107 skorzysta\u0107 z naszych plan\u00f3w AimSurance. Ubezpieczenia obejmuj\u0105 wszystko, od przypadkowych uszkodze\u0144 spowodowanych wod\u0105, a\u017c po &#8220;ups, upu\u015bci\u0142em urz\u0105dzenie&#8221;, dla kontroler\u00f3w PS5, PS4 i Xbox. A co dla prawdziwego MVP? Do\u017cywotni plan ubezpieczenia od nieszcz\u0119\u015bliwych wypadk\u00f3w (AimSurance). Do\u017cywotnia ochrona zapewni wszystkie epickie sesje gamingowe, kt\u00f3re nadejd\u0105.<br \/>\n<strong>UWAGA:<\/strong> Pami\u0119taj, \u017ce zegar zaczyna odlicza\u0107 czas gwarancji, gdy status zam\u00f3wienia zostanie zmieniony na &amp;quot;zrealizowane&amp;quot;. I jeszcze jedno &#8211; ka\u017cdy plan jest jednorazowy, wi\u0119c wybierz m\u0105drze, mistrzu.<\/p>\n<h1 style=\"text-align: center\">Warunki plan\u00f3w gwarancyjnych AimControllers<\/h1>\n<p>AimControllers oferuje dwa r\u00f3\u017cne plany gwarancyjne obejmuj\u0105ce kontrolery do gier, zapewniaj\u0105c r\u00f3\u017cne poziomy pokrycia i ochrony. Niniejszy dokument prawny ma na celu zapewnienie kompleksowego przegl\u0105du warunk\u00f3w tych plan\u00f3w gwarancyjnych specjalnie dla klient\u00f3w AimControllers, zapewniaj\u0105c jasno\u015b\u0107 i przejrzysto\u015b\u0107 w zakresie praw i obowi\u0105zk\u00f3w.<\/p>\n<h2 style=\"text-align: center\">\u00a7 1 Przegl\u0105d plan\u00f3w gwarancyjnych<\/h2>\n<p><strong>AimControllers zapewnia swoim klientom nast\u0119puj\u0105ce plany gwarancyjne:<\/strong><\/p>\n<p>a) <strong>Ubezpieczenie od nieszcz\u0119\u015bliwych wypadk\u00f3w (AimSurance) 36 miesi\u0119cy<\/strong>: <strong>Cena 45 EUR<\/strong>, ten plan oferuje bezp\u0142atne naprawy w przypadku problem\u00f3w analog\u00f3w z Hall Effect i obejmuje uszkodzenia przypadkowe, zapewniaj\u0105c kart\u0119 podarunkow\u0105 z kodem rabatowym odpowiadaj\u0105cym warto\u015bci oryginalnego produktu w celu jego wymiany. Plan obejmuje kontrolery PlayStation 5, PlayStation 4 oraz Xbox.<br \/>\na) <strong>Ubezpieczenie od nieszcz\u0119\u015bliwych wypadk\u00f3w (AimSurance) 60 miesi\u0119cy:<\/strong><br \/>\n<strong>Cena 65 EUR<\/strong>, ten plan r\u00f3wnie\u017c oferuje bezp\u0142atne naprawy w przypadku problem\u00f3w analog\u00f3w z Hall Effect oraz oferuje do\u017cywotni\u0105 ochron\u0119 przed przypadkowymi uszkodzeniami, zapewniaj\u0105c zast\u0119pcz\u0105 kart\u0119 podarunkow\u0105 w przypadku uszkodzenia. Plan obejmuje kontrolery PlayStation 5, PlayStation 4 oraz Xbox.<\/p>\n<h2 style=\"text-align: center\">\u00a7 2 Szczeg\u00f3\u0142y zakresu planu gwarancyjnego<\/h2>\n<p>Wy\u017cej wymienione plany gwarancyjne obejmuj\u0105 nast\u0119puj\u0105ce urz\u0105dzenia i uszkodzenia:<\/p>\n<p><strong>Ubezpieczenie od nieszcz\u0119\u015bliwych wypadk\u00f3w (AimSurance) na 36 miesi\u0119cy oraz Ubezpieczenie od nieszcz\u0119\u015bliwych wypadk\u00f3w (AimSurance) na okres do\u017cywotni<\/strong> na problemy z analogiem dotyczy kontroler\u00f3w PS5, PS4 i Xbox i obejmuje wszelkie przypadkowe uszkodzenia, w tym uszkodzenia spowodowane przypadkowym zalaniem wod\u0105, upuszczeniem, rozbiciem i\/lub niew\u0142a\u015bciwym u\u017cytkowaniem.<\/p>\n<h2 style=\"text-align: center\">\u00a7 3 Proces reklamacji z tytu\u0142u gwarancji<\/h2>\n<p>Proces zg\u0142aszania reklamacji gwarancyjnej przebiega w nast\u0119puj\u0105cy spos\u00f3b.<\/p>\n<p>W przypadku Ubezpieczenia od nieszcz\u0119\u015bliwych wypadk\u00f3w (AimSurance) na 36 miesi\u0119cy oraz Ubezpieczenia od nieszcz\u0119\u015bliwych wypadk\u00f3w (AimSurance) na okres 60 miesi\u0119cy &#8211; klienci musz\u0105 skontaktowa\u0107 si\u0119 z dzia\u0142em obs\u0142ugi klienta AimControllers za po\u015brednictwem poczty elektronicznej <strong>claim@aimcontrollers.com<\/strong>, aby z\u0142o\u017cy\u0107 reklamacj\u0119. Po potwierdzeniu uprawnie\u0144, klient otrzymuje kart\u0119 podarunkow\u0105 odpowiadaj\u0105c\u0105 warto\u015bci oryginalnego produktu, a zwr\u00f3cony produkt staje si\u0119 w\u0142asno\u015bci\u0105 AimControllers.<\/p>\n<p>Je\u015bli reprezentant AimControllers stwierdzi, \u017ce klient jest uprawniony do skorzystania z planu reklamacji gwarancyjnej, proces reklamacji b\u0119dzie przebiega\u0142 w nast\u0119puj\u0105cy spos\u00f3b.<br \/>\n1. Klient zobowi\u0105zany jest do zwrotu kontrolera do lokalizacji Aim wskazanej w procesie reklamacji drog\u0105 mailow\u0105 <strong>(AimControllers, Sportowa 11, 18-500 Kolno, Polska<\/strong>).<br \/>\n2. Po otrzymaniu kontrolera klientowi zostanie wys\u0142ana karta podarunkowa z kodem kuponu na kwot\u0119 pierwotnego zam\u00f3wienia (z wy\u0142\u0105czeniem koszt\u00f3w wysy\u0142ki i kosztu zakupionego planu &#8211; samego produktu)<br \/>\n3. Zwr\u00f3cony produkt nie zostanie zwr\u00f3cony klientowi i mo\u017ce zosta\u0107 wykorzystany zgodnie z preferencjami AimControllers.<\/p>\n<h2 style=\"text-align: center\">\u00a0 \u00a7 4 Koszty wysy\u0142ki<\/h2>\n<p>AimControllers pokrywa koszty wysy\u0142ki przez pierwsze 90 dni roszcze\u0144 gwarancyjnych. Po up\u0142ywie tego koszty wysy\u0142ki ponosi klient.<\/p>\n<h2 style=\"text-align: center\">\u00a7 5 Zmiana plan\u00f3w<\/h2>\n<p>Wszyscy klienci maj\u0105 prawo do dodania dowolnego planu po z\u0142o\u017ceniu zam\u00f3wienia. Ka\u017cdy plan mo\u017ce zosta\u0107 dodany nawet po z\u0142o\u017ceniu zam\u00f3wienia, jednak zanim status zam\u00f3wienia zmieni si\u0119 na &amp;quot;Zrealizowane&amp;quot; po uprzednim kontakcie z pomoc\u0105 techniczn\u0105 za po\u015brednictwem nast\u0119puj\u0105cego adresu: <strong>eusupport@aimcontrollers.com.<\/strong><\/p>\n<h2 style=\"text-align: center\">\u00a7 6 Postanowienia ko\u0144cowe<\/h2>\n<p>Plany gwarancyjne AimControllers maj\u0105 na celu zapewnienie kompleksowej ochrony i wsparcia dla kontroler\u00f3w do gier klient\u00f3w, zapewniaj\u0105c spok\u00f3j ducha i satysfakcj\u0119 z zakupu. Zrozumienie zasad i warunk\u00f3w przedstawionych w niniejszym dokumencie pozwala klientom AimControllers podejmowa\u0107 \u015bwiadome decyzje dotycz\u0105ce opcji ochrony gwarancyjnej.<\/p>\n\t\t<\/div>\n\n\t\t\n<style>\n#section_1650836798 {\n  padding-top: 30px;\n  padding-bottom: 30px;\n}\n<\/style>\n\t<\/section>\n\t\n","protected":false},"excerpt":{"rendered":"","protected":false},"author":144823,"featured_media":0,"parent":0,"menu_order":0,"comment_status":"closed","ping_status":"closed","template":"","meta":{"_acf_changed":false,"inline_featured_image":false,"footnotes":""},"misspellings":[],"class_list":["post-1345437","page","type-page","status-publish","hentry"],"acf":[],"yoast_head":"<!-- This site is optimized with the Yoast SEO Premium plugin v22.4 (Yoast SEO v27.2) - https:\/\/yoast.com\/product\/yoast-seo-premium-wordpress\/ -->\n<title>AimSurance - Aimcontrollers<\/title>\n<meta name=\"robots\" content=\"index, follow, max-snippet:-1, max-image-preview:large, max-video-preview:-1\" \/>\n<link rel=\"canonical\" href=\"https:\/\/eu.aimcontrollers.com\/pl\/pl-aimsurance\/\" \/>\n<meta property=\"og:locale\" content=\"pl_PL\" \/>\n<meta property=\"og:type\" content=\"article\" \/>\n<meta property=\"og:title\" content=\"AimSurance\" \/>\n<meta property=\"og:url\" content=\"https:\/\/eu.aimcontrollers.com\/pl\/pl-aimsurance\/\" \/>\n<meta property=\"og:site_name\" content=\"Aimcontrollers\" \/>\n<meta property=\"article:publisher\" content=\"http:\/\/www.facebook.com\/aimcontrollers\" \/>\n<meta property=\"article:modified_time\" content=\"2024-09-05T09:34:42+00:00\" \/>\n<meta name=\"twitter:card\" content=\"summary_large_image\" \/>\n<meta name=\"twitter:site\" content=\"@AimControllerss\" \/>\n<meta name=\"twitter:label1\" content=\"Szacowany czas czytania\" \/>\n\t<meta name=\"twitter:data1\" content=\"4 minuty\" \/>\n<script type=\"application\/ld+json\" class=\"yoast-schema-graph\">{\"@context\":\"https:\/\/schema.org\",\"@graph\":[{\"@type\":\"WebPage\",\"@id\":\"https:\/\/eu.aimcontrollers.com\/pl\/pl-aimsurance\/\",\"url\":\"https:\/\/eu.aimcontrollers.com\/pl\/pl-aimsurance\/\",\"name\":\"AimSurance - Aimcontrollers\",\"isPartOf\":{\"@id\":\"https:\/\/eu.aimcontrollers.com\/pl\/#website\"},\"datePublished\":\"2024-02-27T16:58:07+00:00\",\"dateModified\":\"2024-09-05T09:34:42+00:00\",\"breadcrumb\":{\"@id\":\"https:\/\/eu.aimcontrollers.com\/pl\/pl-aimsurance\/#breadcrumb\"},\"inLanguage\":\"pl-PL\",\"potentialAction\":[{\"@type\":\"ReadAction\",\"target\":[\"https:\/\/eu.aimcontrollers.com\/pl\/pl-aimsurance\/\"]}]},{\"@type\":\"BreadcrumbList\",\"@id\":\"https:\/\/eu.aimcontrollers.com\/pl\/pl-aimsurance\/#breadcrumb\",\"itemListElement\":[{\"@type\":\"ListItem\",\"position\":1,\"name\":\"Home\",\"item\":\"https:\/\/eu.aimcontrollers.com\/pl\/\"},{\"@type\":\"ListItem\",\"position\":2,\"name\":\"AimSurance\"}]},{\"@type\":\"WebSite\",\"@id\":\"https:\/\/eu.aimcontrollers.com\/pl\/#website\",\"url\":\"https:\/\/eu.aimcontrollers.com\/pl\/\",\"name\":\"AimControllers - The most affordable competitive controllers for Xbox, PlayStation and PC\",\"description\":\"Jedna z najwi\u0119kszych marek dostarczaj\u0105cych w pe\u0142ni modyfikowalne i oryginalne kontrolery.\",\"publisher\":{\"@id\":\"https:\/\/eu.aimcontrollers.com\/pl\/#organization\"},\"potentialAction\":[{\"@type\":\"SearchAction\",\"target\":{\"@type\":\"EntryPoint\",\"urlTemplate\":\"https:\/\/eu.aimcontrollers.com\/pl\/?s={search_term_string}\"},\"query-input\":{\"@type\":\"PropertyValueSpecification\",\"valueRequired\":true,\"valueName\":\"search_term_string\"}}],\"inLanguage\":\"pl-PL\"},{\"@type\":\"Organization\",\"@id\":\"https:\/\/eu.aimcontrollers.com\/pl\/#organization\",\"name\":\"Aimcontrollers\",\"url\":\"https:\/\/eu.aimcontrollers.com\/pl\/\",\"logo\":{\"@type\":\"ImageObject\",\"inLanguage\":\"pl-PL\",\"@id\":\"https:\/\/eu.aimcontrollers.com\/pl\/#\/schema\/logo\/image\/\",\"url\":\"\",\"contentUrl\":\"\",\"caption\":\"Aimcontrollers\"},\"image\":{\"@id\":\"https:\/\/eu.aimcontrollers.com\/pl\/#\/schema\/logo\/image\/\"},\"sameAs\":[\"http:\/\/www.facebook.com\/aimcontrollers\",\"https:\/\/x.com\/AimControllerss\",\"https:\/\/instagram.com\/aimcontrollers\/\",\"https:\/\/www.youtube.com\/user\/aimcontrollerspl\/videos\"]}]}<\/script>\n<!-- \/ Yoast SEO Premium plugin. -->","yoast_head_json":{"title":"AimSurance - Aimcontrollers","robots":{"index":"index","follow":"follow","max-snippet":"max-snippet:-1","max-image-preview":"max-image-preview:large","max-video-preview":"max-video-preview:-1"},"canonical":"https:\/\/eu.aimcontrollers.com\/pl\/pl-aimsurance\/","og_locale":"pl_PL","og_type":"article","og_title":"AimSurance","og_url":"https:\/\/eu.aimcontrollers.com\/pl\/pl-aimsurance\/","og_site_name":"Aimcontrollers","article_publisher":"http:\/\/www.facebook.com\/aimcontrollers","article_modified_time":"2024-09-05T09:34:42+00:00","twitter_card":"summary_large_image","twitter_site":"@AimControllerss","twitter_misc":{"Szacowany czas czytania":"4 minuty"},"schema":{"@context":"https:\/\/schema.org","@graph":[{"@type":"WebPage","@id":"https:\/\/eu.aimcontrollers.com\/pl\/pl-aimsurance\/","url":"https:\/\/eu.aimcontrollers.com\/pl\/pl-aimsurance\/","name":"AimSurance - Aimcontrollers","isPartOf":{"@id":"https:\/\/eu.aimcontrollers.com\/pl\/#website"},"datePublished":"2024-02-27T16:58:07+00:00","dateModified":"2024-09-05T09:34:42+00:00","breadcrumb":{"@id":"https:\/\/eu.aimcontrollers.com\/pl\/pl-aimsurance\/#breadcrumb"},"inLanguage":"pl-PL","potentialAction":[{"@type":"ReadAction","target":["https:\/\/eu.aimcontrollers.com\/pl\/pl-aimsurance\/"]}]},{"@type":"BreadcrumbList","@id":"https:\/\/eu.aimcontrollers.com\/pl\/pl-aimsurance\/#breadcrumb","itemListElement":[{"@type":"ListItem","position":1,"name":"Home","item":"https:\/\/eu.aimcontrollers.com\/pl\/"},{"@type":"ListItem","position":2,"name":"AimSurance"}]},{"@type":"WebSite","@id":"https:\/\/eu.aimcontrollers.com\/pl\/#website","url":"https:\/\/eu.aimcontrollers.com\/pl\/","name":"AimControllers - The most affordable competitive controllers for Xbox, PlayStation and PC","description":"Jedna z najwi\u0119kszych marek dostarczaj\u0105cych w pe\u0142ni modyfikowalne i oryginalne kontrolery.","publisher":{"@id":"https:\/\/eu.aimcontrollers.com\/pl\/#organization"},"potentialAction":[{"@type":"SearchAction","target":{"@type":"EntryPoint","urlTemplate":"https:\/\/eu.aimcontrollers.com\/pl\/?s={search_term_string}"},"query-input":{"@type":"PropertyValueSpecification","valueRequired":true,"valueName":"search_term_string"}}],"inLanguage":"pl-PL"},{"@type":"Organization","@id":"https:\/\/eu.aimcontrollers.com\/pl\/#organization","name":"Aimcontrollers","url":"https:\/\/eu.aimcontrollers.com\/pl\/","logo":{"@type":"ImageObject","inLanguage":"pl-PL","@id":"https:\/\/eu.aimcontrollers.com\/pl\/#\/schema\/logo\/image\/","url":"","contentUrl":"","caption":"Aimcontrollers"},"image":{"@id":"https:\/\/eu.aimcontrollers.com\/pl\/#\/schema\/logo\/image\/"},"sameAs":["http:\/\/www.facebook.com\/aimcontrollers","https:\/\/x.com\/AimControllerss","https:\/\/instagram.com\/aimcontrollers\/","https:\/\/www.youtube.com\/user\/aimcontrollerspl\/videos"]}]}},"_links":{"self":[{"href":"https:\/\/eu.aimcontrollers.com\/pl\/wp-json\/wp\/v2\/pages\/1345437","targetHints":{"allow":["GET"]}}],"collection":[{"href":"https:\/\/eu.aimcontrollers.com\/pl\/wp-json\/wp\/v2\/pages"}],"about":[{"href":"https:\/\/eu.aimcontrollers.com\/pl\/wp-json\/wp\/v2\/types\/page"}],"author":[{"embeddable":true,"href":"https:\/\/eu.aimcontrollers.com\/pl\/wp-json\/wp\/v2\/users\/144823"}],"replies":[{"embeddable":true,"href":"https:\/\/eu.aimcontrollers.com\/pl\/wp-json\/wp\/v2\/comments?post=1345437"}],"version-history":[{"count":11,"href":"https:\/\/eu.aimcontrollers.com\/pl\/wp-json\/wp\/v2\/pages\/1345437\/revisions"}],"predecessor-version":[{"id":1363405,"href":"https:\/\/eu.aimcontrollers.com\/pl\/wp-json\/wp\/v2\/pages\/1345437\/revisions\/1363405"}],"wp:attachment":[{"href":"https:\/\/eu.aimcontrollers.com\/pl\/wp-json\/wp\/v2\/media?parent=1345437"}],"wp:term":[{"taxonomy":"misspellings","embeddable":true,"href":"https:\/\/eu.aimcontrollers.com\/pl\/wp-json\/wp\/v2\/misspellings?post=1345437"}],"curies":[{"name":"wp","href":"https:\/\/api.w.org\/{rel}","templated":true}]}}