{"id":1000563,"date":"2019-11-15T17:50:20","date_gmt":"2019-11-15T16:50:20","guid":{"rendered":"https:\/\/testdo.aimcontrollers.com\/product\/white-medium-xone-aim-stick\/"},"modified":"2022-11-09T16:10:57","modified_gmt":"2022-11-09T15:10:57","slug":"white-medium-xone-aim-stick","status":"publish","type":"product","link":"https:\/\/eu.aimcontrollers.com\/pl\/produkt\/white-medium-xone-aim-stick\/","title":{"rendered":"Bia\u0142y analog od Xbox o \u015bredniej wysoko\u015bci"},"content":{"rendered":"","protected":false},"excerpt":{"rendered":"<ul>\n<li style=\"font-weight: 400;\"><b>Bia\u0142y analog od XONE o \u015bredniej wysoko\u015bci<\/b><span style=\"font-weight: 400;\"> daj\u0105cy najwy\u017cszy komfort, r\u00f3wnie\u017c w grach, kt\u00f3re wymagaj\u0105 b\u0142yskawicznego podejmowania decyzji<\/span><\/li>\n<li style=\"font-weight: 400;\"><span style=\"font-weight: 400;\">Szybka wymiana uszkodzonych ga\u0142ek, z zachowaniem oryginalnego wygl\u0105du urz\u0105dzenia<\/span><\/li>\n<li style=\"font-weight: 400;\"><span style=\"font-weight: 400;\">\u0141atwy monta\u017c &#8211; ka\u017cdy mo\u017ce zrobi\u0107 to indywidualnie<\/span><\/li>\n<li style=\"font-weight: 400;\"><span style=\"font-weight: 400;\">Bardzo wysoka jako\u015b\u0107 &#8211; rekomendowana przez producenta<\/span><\/li>\n<\/ul>\n","protected":false},"featured_media":1122774,"template":"","meta":{"_acf_changed":false,"inline_featured_image":false},"product_brand":[],"product_cat":[1167],"product_tag":[180,154,169,190],"misspellings":[],"class_list":{"0":"post-1000563","1":"product","2":"type-product","3":"status-publish","4":"has-post-thumbnail","6":"product_cat-akcesoria","7":"product_tag-aim-stick-pl","8":"product_tag-bialy","9":"product_tag-sredni","10":"product_tag-xbox-pl","12":"first","13":"instock","14":"purchasable","15":"product-type-simple"},"acf":[],"yoast_head":"<!-- This site is optimized with the Yoast SEO Premium plugin v22.4 (Yoast SEO v27.2) - https:\/\/yoast.com\/product\/yoast-seo-premium-wordpress\/ -->\n<title>Bia\u0142y analog od Xbox o \u015bredniej wysoko\u015bci - Aimcontrollers<\/title>\n<meta name=\"robots\" content=\"index, follow, max-snippet:-1, max-image-preview:large, max-video-preview:-1\" \/>\n<link rel=\"canonical\" href=\"https:\/\/eu.aimcontrollers.com\/pl\/produkt\/white-medium-xone-aim-stick\/\" \/>\n<meta property=\"og:locale\" content=\"pl_PL\" \/>\n<meta property=\"og:type\" content=\"article\" \/>\n<meta property=\"og:title\" content=\"Bia\u0142y analog od Xbox o \u015bredniej wysoko\u015bci\" \/>\n<meta property=\"og:description\" content=\"Bia\u0142y analog od XONE o \u015bredniej wysoko\u015bci daj\u0105cy najwy\u017cszy komfort, r\u00f3wnie\u017c w grach, kt\u00f3re wymagaj\u0105 b\u0142yskawicznego podejmowania decyzji  Szybka wymiana uszkodzonych ga\u0142ek, z zachowaniem oryginalnego wygl\u0105du urz\u0105dzenia  \u0141atwy monta\u017c - ka\u017cdy mo\u017ce zrobi\u0107 to indywidualnie  Bardzo wysoka jako\u015b\u0107 - rekomendowana przez producenta\" \/>\n<meta property=\"og:url\" content=\"https:\/\/eu.aimcontrollers.com\/pl\/produkt\/white-medium-xone-aim-stick\/\" \/>\n<meta property=\"og:site_name\" content=\"Aimcontrollers\" \/>\n<meta property=\"article:publisher\" content=\"http:\/\/www.facebook.com\/aimcontrollers\" \/>\n<meta property=\"article:modified_time\" content=\"2022-11-09T15:10:57+00:00\" \/>\n<meta property=\"og:image\" content=\"https:\/\/eu.aimcontrollers.com\/wp-content\/uploads\/2020\/09\/xone-white-medium.jpg\" \/>\n\t<meta property=\"og:image:width\" content=\"1000\" \/>\n\t<meta property=\"og:image:height\" content=\"1000\" \/>\n\t<meta property=\"og:image:type\" content=\"image\/jpeg\" \/>\n<meta name=\"twitter:card\" content=\"summary_large_image\" \/>\n<meta name=\"twitter:site\" content=\"@AimControllerss\" \/>\n<script type=\"application\/ld+json\" class=\"yoast-schema-graph\">{\"@context\":\"https:\/\/schema.org\",\"@graph\":[{\"@type\":\"WebPage\",\"@id\":\"https:\/\/eu.aimcontrollers.com\/pl\/produkt\/white-medium-xone-aim-stick\/\",\"url\":\"https:\/\/eu.aimcontrollers.com\/pl\/produkt\/white-medium-xone-aim-stick\/\",\"name\":\"Bia\u0142y analog od Xbox o \u015bredniej wysoko\u015bci - Aimcontrollers\",\"isPartOf\":{\"@id\":\"https:\/\/eu.aimcontrollers.com\/pl\/#website\"},\"primaryImageOfPage\":{\"@id\":\"https:\/\/eu.aimcontrollers.com\/pl\/produkt\/white-medium-xone-aim-stick\/#primaryimage\"},\"image\":{\"@id\":\"https:\/\/eu.aimcontrollers.com\/pl\/produkt\/white-medium-xone-aim-stick\/#primaryimage\"},\"thumbnailUrl\":\"https:\/\/eu.aimcontrollers.com\/wp-content\/uploads\/2020\/09\/xone-white-medium.jpg\",\"datePublished\":\"2019-11-15T16:50:20+00:00\",\"dateModified\":\"2022-11-09T15:10:57+00:00\",\"breadcrumb\":{\"@id\":\"https:\/\/eu.aimcontrollers.com\/pl\/produkt\/white-medium-xone-aim-stick\/#breadcrumb\"},\"inLanguage\":\"pl-PL\",\"potentialAction\":[{\"@type\":\"ReadAction\",\"target\":[\"https:\/\/eu.aimcontrollers.com\/pl\/produkt\/white-medium-xone-aim-stick\/\"]}]},{\"@type\":\"ImageObject\",\"inLanguage\":\"pl-PL\",\"@id\":\"https:\/\/eu.aimcontrollers.com\/pl\/produkt\/white-medium-xone-aim-stick\/#primaryimage\",\"url\":\"https:\/\/eu.aimcontrollers.com\/wp-content\/uploads\/2020\/09\/xone-white-medium.jpg\",\"contentUrl\":\"https:\/\/eu.aimcontrollers.com\/wp-content\/uploads\/2020\/09\/xone-white-medium.jpg\",\"width\":1000,\"height\":1000},{\"@type\":\"BreadcrumbList\",\"@id\":\"https:\/\/eu.aimcontrollers.com\/pl\/produkt\/white-medium-xone-aim-stick\/#breadcrumb\",\"itemListElement\":[{\"@type\":\"ListItem\",\"position\":1,\"name\":\"Home\",\"item\":\"https:\/\/eu.aimcontrollers.com\/pl\/\"},{\"@type\":\"ListItem\",\"position\":2,\"name\":\"Shop\",\"item\":\"https:\/\/eu.aimcontrollers.com\/shop\/\"},{\"@type\":\"ListItem\",\"position\":3,\"name\":\"Bia\u0142y analog od Xbox o \u015bredniej wysoko\u015bci\"}]},{\"@type\":\"WebSite\",\"@id\":\"https:\/\/eu.aimcontrollers.com\/pl\/#website\",\"url\":\"https:\/\/eu.aimcontrollers.com\/pl\/\",\"name\":\"AimControllers - The most affordable competitive controllers for Xbox, PlayStation and PC\",\"description\":\"Jedna z najwi\u0119kszych marek dostarczaj\u0105cych w pe\u0142ni modyfikowalne i oryginalne kontrolery.\",\"publisher\":{\"@id\":\"https:\/\/eu.aimcontrollers.com\/pl\/#organization\"},\"potentialAction\":[{\"@type\":\"SearchAction\",\"target\":{\"@type\":\"EntryPoint\",\"urlTemplate\":\"https:\/\/eu.aimcontrollers.com\/pl\/?s={search_term_string}\"},\"query-input\":{\"@type\":\"PropertyValueSpecification\",\"valueRequired\":true,\"valueName\":\"search_term_string\"}}],\"inLanguage\":\"pl-PL\"},{\"@type\":\"Organization\",\"@id\":\"https:\/\/eu.aimcontrollers.com\/pl\/#organization\",\"name\":\"Aimcontrollers\",\"url\":\"https:\/\/eu.aimcontrollers.com\/pl\/\",\"logo\":{\"@type\":\"ImageObject\",\"inLanguage\":\"pl-PL\",\"@id\":\"https:\/\/eu.aimcontrollers.com\/pl\/#\/schema\/logo\/image\/\",\"url\":\"\",\"contentUrl\":\"\",\"caption\":\"Aimcontrollers\"},\"image\":{\"@id\":\"https:\/\/eu.aimcontrollers.com\/pl\/#\/schema\/logo\/image\/\"},\"sameAs\":[\"http:\/\/www.facebook.com\/aimcontrollers\",\"https:\/\/x.com\/AimControllerss\",\"https:\/\/instagram.com\/aimcontrollers\/\",\"https:\/\/www.youtube.com\/user\/aimcontrollerspl\/videos\"]}]}<\/script>\n<!-- \/ Yoast SEO Premium plugin. -->","yoast_head_json":{"title":"Bia\u0142y analog od Xbox o \u015bredniej wysoko\u015bci - Aimcontrollers","robots":{"index":"index","follow":"follow","max-snippet":"max-snippet:-1","max-image-preview":"max-image-preview:large","max-video-preview":"max-video-preview:-1"},"canonical":"https:\/\/eu.aimcontrollers.com\/pl\/produkt\/white-medium-xone-aim-stick\/","og_locale":"pl_PL","og_type":"article","og_title":"Bia\u0142y analog od Xbox o \u015bredniej wysoko\u015bci","og_description":"Bia\u0142y analog od XONE o \u015bredniej wysoko\u015bci daj\u0105cy najwy\u017cszy komfort, r\u00f3wnie\u017c w grach, kt\u00f3re wymagaj\u0105 b\u0142yskawicznego podejmowania decyzji  Szybka wymiana uszkodzonych ga\u0142ek, z zachowaniem oryginalnego wygl\u0105du urz\u0105dzenia  \u0141atwy monta\u017c - ka\u017cdy mo\u017ce zrobi\u0107 to indywidualnie  Bardzo wysoka jako\u015b\u0107 - rekomendowana przez producenta","og_url":"https:\/\/eu.aimcontrollers.com\/pl\/produkt\/white-medium-xone-aim-stick\/","og_site_name":"Aimcontrollers","article_publisher":"http:\/\/www.facebook.com\/aimcontrollers","article_modified_time":"2022-11-09T15:10:57+00:00","og_image":[{"width":1000,"height":1000,"url":"https:\/\/eu.aimcontrollers.com\/wp-content\/uploads\/2020\/09\/xone-white-medium.jpg","type":"image\/jpeg"}],"twitter_card":"summary_large_image","twitter_site":"@AimControllerss","schema":{"@context":"https:\/\/schema.org","@graph":[{"@type":"WebPage","@id":"https:\/\/eu.aimcontrollers.com\/pl\/produkt\/white-medium-xone-aim-stick\/","url":"https:\/\/eu.aimcontrollers.com\/pl\/produkt\/white-medium-xone-aim-stick\/","name":"Bia\u0142y analog od Xbox o \u015bredniej wysoko\u015bci - Aimcontrollers","isPartOf":{"@id":"https:\/\/eu.aimcontrollers.com\/pl\/#website"},"primaryImageOfPage":{"@id":"https:\/\/eu.aimcontrollers.com\/pl\/produkt\/white-medium-xone-aim-stick\/#primaryimage"},"image":{"@id":"https:\/\/eu.aimcontrollers.com\/pl\/produkt\/white-medium-xone-aim-stick\/#primaryimage"},"thumbnailUrl":"https:\/\/eu.aimcontrollers.com\/wp-content\/uploads\/2020\/09\/xone-white-medium.jpg","datePublished":"2019-11-15T16:50:20+00:00","dateModified":"2022-11-09T15:10:57+00:00","breadcrumb":{"@id":"https:\/\/eu.aimcontrollers.com\/pl\/produkt\/white-medium-xone-aim-stick\/#breadcrumb"},"inLanguage":"pl-PL","potentialAction":[{"@type":"ReadAction","target":["https:\/\/eu.aimcontrollers.com\/pl\/produkt\/white-medium-xone-aim-stick\/"]}]},{"@type":"ImageObject","inLanguage":"pl-PL","@id":"https:\/\/eu.aimcontrollers.com\/pl\/produkt\/white-medium-xone-aim-stick\/#primaryimage","url":"https:\/\/eu.aimcontrollers.com\/wp-content\/uploads\/2020\/09\/xone-white-medium.jpg","contentUrl":"https:\/\/eu.aimcontrollers.com\/wp-content\/uploads\/2020\/09\/xone-white-medium.jpg","width":1000,"height":1000},{"@type":"BreadcrumbList","@id":"https:\/\/eu.aimcontrollers.com\/pl\/produkt\/white-medium-xone-aim-stick\/#breadcrumb","itemListElement":[{"@type":"ListItem","position":1,"name":"Home","item":"https:\/\/eu.aimcontrollers.com\/pl\/"},{"@type":"ListItem","position":2,"name":"Shop","item":"https:\/\/eu.aimcontrollers.com\/shop\/"},{"@type":"ListItem","position":3,"name":"Bia\u0142y analog od Xbox o \u015bredniej wysoko\u015bci"}]},{"@type":"WebSite","@id":"https:\/\/eu.aimcontrollers.com\/pl\/#website","url":"https:\/\/eu.aimcontrollers.com\/pl\/","name":"AimControllers - The most affordable competitive controllers for Xbox, PlayStation and PC","description":"Jedna z najwi\u0119kszych marek dostarczaj\u0105cych w pe\u0142ni modyfikowalne i oryginalne kontrolery.","publisher":{"@id":"https:\/\/eu.aimcontrollers.com\/pl\/#organization"},"potentialAction":[{"@type":"SearchAction","target":{"@type":"EntryPoint","urlTemplate":"https:\/\/eu.aimcontrollers.com\/pl\/?s={search_term_string}"},"query-input":{"@type":"PropertyValueSpecification","valueRequired":true,"valueName":"search_term_string"}}],"inLanguage":"pl-PL"},{"@type":"Organization","@id":"https:\/\/eu.aimcontrollers.com\/pl\/#organization","name":"Aimcontrollers","url":"https:\/\/eu.aimcontrollers.com\/pl\/","logo":{"@type":"ImageObject","inLanguage":"pl-PL","@id":"https:\/\/eu.aimcontrollers.com\/pl\/#\/schema\/logo\/image\/","url":"","contentUrl":"","caption":"Aimcontrollers"},"image":{"@id":"https:\/\/eu.aimcontrollers.com\/pl\/#\/schema\/logo\/image\/"},"sameAs":["http:\/\/www.facebook.com\/aimcontrollers","https:\/\/x.com\/AimControllerss","https:\/\/instagram.com\/aimcontrollers\/","https:\/\/www.youtube.com\/user\/aimcontrollerspl\/videos"]}]}},"_links":{"self":[{"href":"https:\/\/eu.aimcontrollers.com\/pl\/wp-json\/wp\/v2\/product\/1000563","targetHints":{"allow":["GET"]}}],"collection":[{"href":"https:\/\/eu.aimcontrollers.com\/pl\/wp-json\/wp\/v2\/product"}],"about":[{"href":"https:\/\/eu.aimcontrollers.com\/pl\/wp-json\/wp\/v2\/types\/product"}],"wp:featuredmedia":[{"embeddable":true,"href":"https:\/\/eu.aimcontrollers.com\/pl\/wp-json\/wp\/v2\/media\/1122774"}],"wp:attachment":[{"href":"https:\/\/eu.aimcontrollers.com\/pl\/wp-json\/wp\/v2\/media?parent=1000563"}],"wp:term":[{"taxonomy":"product_brand","embeddable":true,"href":"https:\/\/eu.aimcontrollers.com\/pl\/wp-json\/wp\/v2\/product_brand?post=1000563"},{"taxonomy":"product_cat","embeddable":true,"href":"https:\/\/eu.aimcontrollers.com\/pl\/wp-json\/wp\/v2\/product_cat?post=1000563"},{"taxonomy":"product_tag","embeddable":true,"href":"https:\/\/eu.aimcontrollers.com\/pl\/wp-json\/wp\/v2\/product_tag?post=1000563"},{"taxonomy":"misspellings","embeddable":true,"href":"https:\/\/eu.aimcontrollers.com\/pl\/wp-json\/wp\/v2\/misspellings?post=1000563"}],"curies":[{"name":"wp","href":"https:\/\/api.w.org\/{rel}","templated":true}]}}