{"id":1000617,"date":"2019-11-15T19:37:07","date_gmt":"2019-11-15T18:37:07","guid":{"rendered":"https:\/\/testdo.aimcontrollers.com\/product\/red-medium-ps4-aim-stick\/"},"modified":"2022-11-09T16:08:51","modified_gmt":"2022-11-09T15:08:51","slug":"red-medium-ps4-aim-stick","status":"publish","type":"product","link":"https:\/\/eu.aimcontrollers.com\/pl\/produkt\/red-medium-ps4-aim-stick\/","title":{"rendered":"Czerwony analog od PS o \u015bredniej wysoko\u015bci"},"content":{"rendered":"","protected":false},"excerpt":{"rendered":"<ul>\n<li style=\"font-weight: 400;\"><b>Czerwony analog od PS o \u015bredniej wielko\u015bci<\/b><span style=\"font-weight: 400;\"> dla hardkorowych graczy, kt\u00f3rzy chc\u0105 zyska\u0107 nie tylko komfort, ale r\u00f3wnie\u017c mo\u017cliwo\u015b\u0107 natychmiastowego podejmowania decyzji<\/span><\/li>\n<li style=\"font-weight: 400;\"><span style=\"font-weight: 400;\">Mo\u017cliwo\u015b\u0107 \u0142atwej wymiany analog\u00f3w w przypadku ich wytarcia, przy zachowaniu klasycznego, oryginalnego wygl\u0105du pada<\/span><\/li>\n<li style=\"font-weight: 400;\"><span style=\"font-weight: 400;\">Oryginalna kolorystyka, najwy\u017csza jako\u015b\u0107 wykonania oraz pe\u0142na kompatybilno\u015b\u0107 \u2013 r\u00f3wnie\u017c z padami do Xbox<\/span><\/li>\n<\/ul>\n","protected":false},"featured_media":1000445,"template":"","meta":{"_acf_changed":false,"inline_featured_image":false},"product_brand":[],"product_cat":[1167],"product_tag":[180,153,191,169],"misspellings":[],"class_list":{"0":"post-1000617","1":"product","2":"type-product","3":"status-publish","4":"has-post-thumbnail","6":"product_cat-akcesoria","7":"product_tag-aim-stick-pl","8":"product_tag-czerwony","9":"product_tag-ps4-pl","10":"product_tag-sredni","12":"first","13":"instock","14":"taxable","15":"shipping-taxable","16":"purchasable","17":"product-type-simple"},"acf":[],"yoast_head":"<!-- This site is optimized with the Yoast SEO Premium plugin v22.4 (Yoast SEO v27.2) - https:\/\/yoast.com\/product\/yoast-seo-premium-wordpress\/ -->\n<title>Czerwony analog od PS o \u015bredniej wysoko\u015bci - Aimcontrollers<\/title>\n<meta name=\"description\" content=\"Czerwony analog od PS4 o \u015bredniej wielko\u015bci dla hardkorowych graczy, kt\u00f3rzy chc\u0105 zyska\u0107 nie tylko komfort, ale r\u00f3wnie\u017c mo\u017cliwo\u015b\u0107 natychmiastowego podejmowania decyzji\" \/>\n<meta name=\"robots\" content=\"index, follow, max-snippet:-1, max-image-preview:large, max-video-preview:-1\" \/>\n<link rel=\"canonical\" href=\"https:\/\/eu.aimcontrollers.com\/pl\/produkt\/red-medium-ps4-aim-stick\/\" \/>\n<meta property=\"og:locale\" content=\"pl_PL\" \/>\n<meta property=\"og:type\" content=\"article\" \/>\n<meta property=\"og:title\" content=\"Czerwony analog od PS o \u015bredniej wysoko\u015bci\" \/>\n<meta property=\"og:description\" content=\"Czerwony analog od PS4 o \u015bredniej wielko\u015bci dla hardkorowych graczy, kt\u00f3rzy chc\u0105 zyska\u0107 nie tylko komfort, ale r\u00f3wnie\u017c mo\u017cliwo\u015b\u0107 natychmiastowego podejmowania decyzji\" \/>\n<meta property=\"og:url\" content=\"https:\/\/eu.aimcontrollers.com\/pl\/produkt\/red-medium-ps4-aim-stick\/\" \/>\n<meta property=\"og:site_name\" content=\"Aimcontrollers\" \/>\n<meta property=\"article:publisher\" content=\"http:\/\/www.facebook.com\/aimcontrollers\" \/>\n<meta property=\"article:modified_time\" content=\"2022-11-09T15:08:51+00:00\" \/>\n<meta property=\"og:image\" content=\"https:\/\/eu.aimcontrollers.com\/wp-content\/uploads\/2019\/11\/ps4-red-medium.jpg\" \/>\n\t<meta property=\"og:image:width\" content=\"1000\" \/>\n\t<meta property=\"og:image:height\" content=\"1000\" \/>\n\t<meta property=\"og:image:type\" content=\"image\/jpeg\" \/>\n<meta name=\"twitter:card\" content=\"summary_large_image\" \/>\n<meta name=\"twitter:site\" content=\"@AimControllerss\" \/>\n<script type=\"application\/ld+json\" class=\"yoast-schema-graph\">{\"@context\":\"https:\/\/schema.org\",\"@graph\":[{\"@type\":\"WebPage\",\"@id\":\"https:\/\/eu.aimcontrollers.com\/pl\/produkt\/red-medium-ps4-aim-stick\/\",\"url\":\"https:\/\/eu.aimcontrollers.com\/pl\/produkt\/red-medium-ps4-aim-stick\/\",\"name\":\"Czerwony analog od PS o \u015bredniej wysoko\u015bci - Aimcontrollers\",\"isPartOf\":{\"@id\":\"https:\/\/eu.aimcontrollers.com\/pl\/#website\"},\"primaryImageOfPage\":{\"@id\":\"https:\/\/eu.aimcontrollers.com\/pl\/produkt\/red-medium-ps4-aim-stick\/#primaryimage\"},\"image\":{\"@id\":\"https:\/\/eu.aimcontrollers.com\/pl\/produkt\/red-medium-ps4-aim-stick\/#primaryimage\"},\"thumbnailUrl\":\"https:\/\/eu.aimcontrollers.com\/wp-content\/uploads\/2019\/11\/ps4-red-medium.jpg\",\"datePublished\":\"2019-11-15T18:37:07+00:00\",\"dateModified\":\"2022-11-09T15:08:51+00:00\",\"description\":\"Czerwony analog od PS4 o \u015bredniej wielko\u015bci dla hardkorowych graczy, kt\u00f3rzy chc\u0105 zyska\u0107 nie tylko komfort, ale r\u00f3wnie\u017c mo\u017cliwo\u015b\u0107 natychmiastowego podejmowania decyzji\",\"breadcrumb\":{\"@id\":\"https:\/\/eu.aimcontrollers.com\/pl\/produkt\/red-medium-ps4-aim-stick\/#breadcrumb\"},\"inLanguage\":\"pl-PL\",\"potentialAction\":[{\"@type\":\"ReadAction\",\"target\":[\"https:\/\/eu.aimcontrollers.com\/pl\/produkt\/red-medium-ps4-aim-stick\/\"]}]},{\"@type\":\"ImageObject\",\"inLanguage\":\"pl-PL\",\"@id\":\"https:\/\/eu.aimcontrollers.com\/pl\/produkt\/red-medium-ps4-aim-stick\/#primaryimage\",\"url\":\"https:\/\/eu.aimcontrollers.com\/wp-content\/uploads\/2019\/11\/ps4-red-medium.jpg\",\"contentUrl\":\"https:\/\/eu.aimcontrollers.com\/wp-content\/uploads\/2019\/11\/ps4-red-medium.jpg\",\"width\":1000,\"height\":1000,\"caption\":\"ps4 red medium stick\"},{\"@type\":\"BreadcrumbList\",\"@id\":\"https:\/\/eu.aimcontrollers.com\/pl\/produkt\/red-medium-ps4-aim-stick\/#breadcrumb\",\"itemListElement\":[{\"@type\":\"ListItem\",\"position\":1,\"name\":\"Home\",\"item\":\"https:\/\/eu.aimcontrollers.com\/pl\/\"},{\"@type\":\"ListItem\",\"position\":2,\"name\":\"Shop\",\"item\":\"https:\/\/eu.aimcontrollers.com\/shop\/\"},{\"@type\":\"ListItem\",\"position\":3,\"name\":\"Czerwony analog od PS o \u015bredniej wysoko\u015bci\"}]},{\"@type\":\"WebSite\",\"@id\":\"https:\/\/eu.aimcontrollers.com\/pl\/#website\",\"url\":\"https:\/\/eu.aimcontrollers.com\/pl\/\",\"name\":\"AimControllers - The most affordable competitive controllers for Xbox, PlayStation and PC\",\"description\":\"Jedna z najwi\u0119kszych marek dostarczaj\u0105cych w pe\u0142ni modyfikowalne i oryginalne kontrolery.\",\"publisher\":{\"@id\":\"https:\/\/eu.aimcontrollers.com\/pl\/#organization\"},\"potentialAction\":[{\"@type\":\"SearchAction\",\"target\":{\"@type\":\"EntryPoint\",\"urlTemplate\":\"https:\/\/eu.aimcontrollers.com\/pl\/?s={search_term_string}\"},\"query-input\":{\"@type\":\"PropertyValueSpecification\",\"valueRequired\":true,\"valueName\":\"search_term_string\"}}],\"inLanguage\":\"pl-PL\"},{\"@type\":\"Organization\",\"@id\":\"https:\/\/eu.aimcontrollers.com\/pl\/#organization\",\"name\":\"Aimcontrollers\",\"url\":\"https:\/\/eu.aimcontrollers.com\/pl\/\",\"logo\":{\"@type\":\"ImageObject\",\"inLanguage\":\"pl-PL\",\"@id\":\"https:\/\/eu.aimcontrollers.com\/pl\/#\/schema\/logo\/image\/\",\"url\":\"\",\"contentUrl\":\"\",\"caption\":\"Aimcontrollers\"},\"image\":{\"@id\":\"https:\/\/eu.aimcontrollers.com\/pl\/#\/schema\/logo\/image\/\"},\"sameAs\":[\"http:\/\/www.facebook.com\/aimcontrollers\",\"https:\/\/x.com\/AimControllerss\",\"https:\/\/instagram.com\/aimcontrollers\/\",\"https:\/\/www.youtube.com\/user\/aimcontrollerspl\/videos\"]}]}<\/script>\n<!-- \/ Yoast SEO Premium plugin. -->","yoast_head_json":{"title":"Czerwony analog od PS o \u015bredniej wysoko\u015bci - Aimcontrollers","description":"Czerwony analog od PS4 o \u015bredniej wielko\u015bci dla hardkorowych graczy, kt\u00f3rzy chc\u0105 zyska\u0107 nie tylko komfort, ale r\u00f3wnie\u017c mo\u017cliwo\u015b\u0107 natychmiastowego podejmowania decyzji","robots":{"index":"index","follow":"follow","max-snippet":"max-snippet:-1","max-image-preview":"max-image-preview:large","max-video-preview":"max-video-preview:-1"},"canonical":"https:\/\/eu.aimcontrollers.com\/pl\/produkt\/red-medium-ps4-aim-stick\/","og_locale":"pl_PL","og_type":"article","og_title":"Czerwony analog od PS o \u015bredniej wysoko\u015bci","og_description":"Czerwony analog od PS4 o \u015bredniej wielko\u015bci dla hardkorowych graczy, kt\u00f3rzy chc\u0105 zyska\u0107 nie tylko komfort, ale r\u00f3wnie\u017c mo\u017cliwo\u015b\u0107 natychmiastowego podejmowania decyzji","og_url":"https:\/\/eu.aimcontrollers.com\/pl\/produkt\/red-medium-ps4-aim-stick\/","og_site_name":"Aimcontrollers","article_publisher":"http:\/\/www.facebook.com\/aimcontrollers","article_modified_time":"2022-11-09T15:08:51+00:00","og_image":[{"width":1000,"height":1000,"url":"https:\/\/eu.aimcontrollers.com\/wp-content\/uploads\/2019\/11\/ps4-red-medium.jpg","type":"image\/jpeg"}],"twitter_card":"summary_large_image","twitter_site":"@AimControllerss","schema":{"@context":"https:\/\/schema.org","@graph":[{"@type":"WebPage","@id":"https:\/\/eu.aimcontrollers.com\/pl\/produkt\/red-medium-ps4-aim-stick\/","url":"https:\/\/eu.aimcontrollers.com\/pl\/produkt\/red-medium-ps4-aim-stick\/","name":"Czerwony analog od PS o \u015bredniej wysoko\u015bci - Aimcontrollers","isPartOf":{"@id":"https:\/\/eu.aimcontrollers.com\/pl\/#website"},"primaryImageOfPage":{"@id":"https:\/\/eu.aimcontrollers.com\/pl\/produkt\/red-medium-ps4-aim-stick\/#primaryimage"},"image":{"@id":"https:\/\/eu.aimcontrollers.com\/pl\/produkt\/red-medium-ps4-aim-stick\/#primaryimage"},"thumbnailUrl":"https:\/\/eu.aimcontrollers.com\/wp-content\/uploads\/2019\/11\/ps4-red-medium.jpg","datePublished":"2019-11-15T18:37:07+00:00","dateModified":"2022-11-09T15:08:51+00:00","description":"Czerwony analog od PS4 o \u015bredniej wielko\u015bci dla hardkorowych graczy, kt\u00f3rzy chc\u0105 zyska\u0107 nie tylko komfort, ale r\u00f3wnie\u017c mo\u017cliwo\u015b\u0107 natychmiastowego podejmowania decyzji","breadcrumb":{"@id":"https:\/\/eu.aimcontrollers.com\/pl\/produkt\/red-medium-ps4-aim-stick\/#breadcrumb"},"inLanguage":"pl-PL","potentialAction":[{"@type":"ReadAction","target":["https:\/\/eu.aimcontrollers.com\/pl\/produkt\/red-medium-ps4-aim-stick\/"]}]},{"@type":"ImageObject","inLanguage":"pl-PL","@id":"https:\/\/eu.aimcontrollers.com\/pl\/produkt\/red-medium-ps4-aim-stick\/#primaryimage","url":"https:\/\/eu.aimcontrollers.com\/wp-content\/uploads\/2019\/11\/ps4-red-medium.jpg","contentUrl":"https:\/\/eu.aimcontrollers.com\/wp-content\/uploads\/2019\/11\/ps4-red-medium.jpg","width":1000,"height":1000,"caption":"ps4 red medium stick"},{"@type":"BreadcrumbList","@id":"https:\/\/eu.aimcontrollers.com\/pl\/produkt\/red-medium-ps4-aim-stick\/#breadcrumb","itemListElement":[{"@type":"ListItem","position":1,"name":"Home","item":"https:\/\/eu.aimcontrollers.com\/pl\/"},{"@type":"ListItem","position":2,"name":"Shop","item":"https:\/\/eu.aimcontrollers.com\/shop\/"},{"@type":"ListItem","position":3,"name":"Czerwony analog od PS o \u015bredniej wysoko\u015bci"}]},{"@type":"WebSite","@id":"https:\/\/eu.aimcontrollers.com\/pl\/#website","url":"https:\/\/eu.aimcontrollers.com\/pl\/","name":"AimControllers - The most affordable competitive controllers for Xbox, PlayStation and PC","description":"Jedna z najwi\u0119kszych marek dostarczaj\u0105cych w pe\u0142ni modyfikowalne i oryginalne kontrolery.","publisher":{"@id":"https:\/\/eu.aimcontrollers.com\/pl\/#organization"},"potentialAction":[{"@type":"SearchAction","target":{"@type":"EntryPoint","urlTemplate":"https:\/\/eu.aimcontrollers.com\/pl\/?s={search_term_string}"},"query-input":{"@type":"PropertyValueSpecification","valueRequired":true,"valueName":"search_term_string"}}],"inLanguage":"pl-PL"},{"@type":"Organization","@id":"https:\/\/eu.aimcontrollers.com\/pl\/#organization","name":"Aimcontrollers","url":"https:\/\/eu.aimcontrollers.com\/pl\/","logo":{"@type":"ImageObject","inLanguage":"pl-PL","@id":"https:\/\/eu.aimcontrollers.com\/pl\/#\/schema\/logo\/image\/","url":"","contentUrl":"","caption":"Aimcontrollers"},"image":{"@id":"https:\/\/eu.aimcontrollers.com\/pl\/#\/schema\/logo\/image\/"},"sameAs":["http:\/\/www.facebook.com\/aimcontrollers","https:\/\/x.com\/AimControllerss","https:\/\/instagram.com\/aimcontrollers\/","https:\/\/www.youtube.com\/user\/aimcontrollerspl\/videos"]}]}},"_links":{"self":[{"href":"https:\/\/eu.aimcontrollers.com\/pl\/wp-json\/wp\/v2\/product\/1000617","targetHints":{"allow":["GET"]}}],"collection":[{"href":"https:\/\/eu.aimcontrollers.com\/pl\/wp-json\/wp\/v2\/product"}],"about":[{"href":"https:\/\/eu.aimcontrollers.com\/pl\/wp-json\/wp\/v2\/types\/product"}],"wp:featuredmedia":[{"embeddable":true,"href":"https:\/\/eu.aimcontrollers.com\/pl\/wp-json\/wp\/v2\/media\/1000445"}],"wp:attachment":[{"href":"https:\/\/eu.aimcontrollers.com\/pl\/wp-json\/wp\/v2\/media?parent=1000617"}],"wp:term":[{"taxonomy":"product_brand","embeddable":true,"href":"https:\/\/eu.aimcontrollers.com\/pl\/wp-json\/wp\/v2\/product_brand?post=1000617"},{"taxonomy":"product_cat","embeddable":true,"href":"https:\/\/eu.aimcontrollers.com\/pl\/wp-json\/wp\/v2\/product_cat?post=1000617"},{"taxonomy":"product_tag","embeddable":true,"href":"https:\/\/eu.aimcontrollers.com\/pl\/wp-json\/wp\/v2\/product_tag?post=1000617"},{"taxonomy":"misspellings","embeddable":true,"href":"https:\/\/eu.aimcontrollers.com\/pl\/wp-json\/wp\/v2\/misspellings?post=1000617"}],"curies":[{"name":"wp","href":"https:\/\/api.w.org\/{rel}","templated":true}]}}