{"id":1000658,"date":"2019-11-16T12:42:51","date_gmt":"2019-11-16T11:42:51","guid":{"rendered":"https:\/\/testdo.aimcontrollers.com\/product\/full-led-ps4-controller\/"},"modified":"2025-02-04T13:59:39","modified_gmt":"2025-02-04T12:59:39","slug":"full-led-ps4-controller","status":"publish","type":"product","link":"https:\/\/eu.aimcontrollers.com\/pl\/produkt\/full-led-ps4-controller\/","title":{"rendered":"AIM Storm LED PS4"},"content":{"rendered":"","protected":false},"excerpt":{"rendered":"<p><span style=\"font-weight: 400;\">Aimcontroller do PS4 idealny dla os\u00f3b, ceni\u0105cych sobie oryginalno\u015b\u0107 i efektowne rozwi\u0105zania. <\/span><br \/>\n<span style=\"font-weight: 400;\">Dzi\u0119ki zastosowaniu o\u015bwietlenia LED, motyw \u015bwieci si\u0119 i zmienia kolory, a efekt robi piorunuj\u0105ce wra\u017cenie. <\/span><br \/>\n<span style=\"font-weight: 400;\">Je\u017celi chcesz, mo\u017cesz dowolnie zmodyfikowa\u0107 kontroler, dzi\u0119ki czemu b\u0119dzie jeszcze lepiej dopasowany do Twoich potrzeb.<\/span><\/p>\n<ul>\n<li><strong>Do\u017cywotnia gwarancja!<\/strong><\/li>\n<li>Oryginalny produkt Sony &#8211; DualShock PS4 v2<\/li>\n<li>Zaprojektowany i modyfikowany w Europie<\/li>\n<li>Kompatybilny zar\u00f3wno z PS4 i PC<\/li>\n<li>W pe\u0142ni personalizowany<\/li>\n<\/ul>\n","protected":false},"featured_media":1120163,"template":"","meta":{"_acf_changed":false,"inline_featured_image":false},"product_brand":[],"product_cat":[1168],"product_tag":[4951],"misspellings":[],"class_list":{"0":"post-1000658","1":"product","2":"type-product","3":"status-publish","4":"has-post-thumbnail","6":"product_cat-kontrolery-ps4","7":"product_tag-ps4-controller-pl","9":"first","10":"outofstock","11":"taxable","12":"shipping-taxable","13":"purchasable","14":"product-type-simple"},"acf":[],"yoast_head":"<!-- This site is optimized with the Yoast SEO Premium plugin v22.4 (Yoast SEO v27.2) - https:\/\/yoast.com\/product\/yoast-seo-premium-wordpress\/ -->\n<title>AIM Storm LED PS4 - Aimcontrollers<\/title>\n<meta name=\"description\" content=\"Aim Storm LED - projekt Aimcontroller na PS4 jest idealny dla os\u00f3b ceni\u0105cych oryginalno\u015b\u0107 i skuteczne rozwi\u0105zania. Mo\u017cesz go dowolnie modyfikowa\u0107!\" \/>\n<meta name=\"robots\" content=\"index, follow, max-snippet:-1, max-image-preview:large, max-video-preview:-1\" \/>\n<link rel=\"canonical\" href=\"https:\/\/eu.aimcontrollers.com\/pl\/produkt\/full-led-ps4-controller\/\" \/>\n<meta property=\"og:locale\" content=\"pl_PL\" \/>\n<meta property=\"og:type\" content=\"article\" \/>\n<meta property=\"og:title\" content=\"AIM Storm LED PS4\" \/>\n<meta property=\"og:description\" content=\"Aim Storm LED - projekt Aimcontroller na PS4 jest idealny dla os\u00f3b ceni\u0105cych oryginalno\u015b\u0107 i skuteczne rozwi\u0105zania. Mo\u017cesz go dowolnie modyfikowa\u0107!\" \/>\n<meta property=\"og:url\" content=\"https:\/\/eu.aimcontrollers.com\/pl\/produkt\/full-led-ps4-controller\/\" \/>\n<meta property=\"og:site_name\" content=\"Aimcontrollers\" \/>\n<meta property=\"article:publisher\" content=\"http:\/\/www.facebook.com\/aimcontrollers\" \/>\n<meta property=\"article:modified_time\" content=\"2025-02-04T12:59:39+00:00\" \/>\n<meta property=\"og:image\" content=\"https:\/\/eu.aimcontrollers.com\/wp-content\/uploads\/2020\/04\/Aim_Storm_RGB_Full.png\" \/>\n\t<meta property=\"og:image:width\" content=\"1000\" \/>\n\t<meta property=\"og:image:height\" content=\"1000\" \/>\n\t<meta property=\"og:image:type\" content=\"image\/png\" \/>\n<meta name=\"twitter:card\" content=\"summary_large_image\" \/>\n<meta name=\"twitter:site\" content=\"@AimControllerss\" \/>\n<script type=\"application\/ld+json\" class=\"yoast-schema-graph\">{\"@context\":\"https:\/\/schema.org\",\"@graph\":[{\"@type\":\"WebPage\",\"@id\":\"https:\/\/eu.aimcontrollers.com\/pl\/produkt\/full-led-ps4-controller\/\",\"url\":\"https:\/\/eu.aimcontrollers.com\/pl\/produkt\/full-led-ps4-controller\/\",\"name\":\"AIM Storm LED PS4 - Aimcontrollers\",\"isPartOf\":{\"@id\":\"https:\/\/eu.aimcontrollers.com\/pl\/#website\"},\"primaryImageOfPage\":{\"@id\":\"https:\/\/eu.aimcontrollers.com\/pl\/produkt\/full-led-ps4-controller\/#primaryimage\"},\"image\":{\"@id\":\"https:\/\/eu.aimcontrollers.com\/pl\/produkt\/full-led-ps4-controller\/#primaryimage\"},\"thumbnailUrl\":\"https:\/\/eu.aimcontrollers.com\/wp-content\/uploads\/2020\/04\/Aim_Storm_RGB_Full.png\",\"datePublished\":\"2019-11-16T11:42:51+00:00\",\"dateModified\":\"2025-02-04T12:59:39+00:00\",\"description\":\"Aim Storm LED - projekt Aimcontroller na PS4 jest idealny dla os\u00f3b ceni\u0105cych oryginalno\u015b\u0107 i skuteczne rozwi\u0105zania. Mo\u017cesz go dowolnie modyfikowa\u0107!\",\"breadcrumb\":{\"@id\":\"https:\/\/eu.aimcontrollers.com\/pl\/produkt\/full-led-ps4-controller\/#breadcrumb\"},\"inLanguage\":\"pl-PL\",\"potentialAction\":[{\"@type\":\"ReadAction\",\"target\":[\"https:\/\/eu.aimcontrollers.com\/pl\/produkt\/full-led-ps4-controller\/\"]}]},{\"@type\":\"ImageObject\",\"inLanguage\":\"pl-PL\",\"@id\":\"https:\/\/eu.aimcontrollers.com\/pl\/produkt\/full-led-ps4-controller\/#primaryimage\",\"url\":\"https:\/\/eu.aimcontrollers.com\/wp-content\/uploads\/2020\/04\/Aim_Storm_RGB_Full.png\",\"contentUrl\":\"https:\/\/eu.aimcontrollers.com\/wp-content\/uploads\/2020\/04\/Aim_Storm_RGB_Full.png\",\"width\":1000,\"height\":1000,\"caption\":\"Aim Storm RGB PS4 Controller\"},{\"@type\":\"BreadcrumbList\",\"@id\":\"https:\/\/eu.aimcontrollers.com\/pl\/produkt\/full-led-ps4-controller\/#breadcrumb\",\"itemListElement\":[{\"@type\":\"ListItem\",\"position\":1,\"name\":\"Home\",\"item\":\"https:\/\/eu.aimcontrollers.com\/pl\/\"},{\"@type\":\"ListItem\",\"position\":2,\"name\":\"Shop\",\"item\":\"https:\/\/eu.aimcontrollers.com\/shop\/\"},{\"@type\":\"ListItem\",\"position\":3,\"name\":\"AIM Storm LED PS4\"}]},{\"@type\":\"WebSite\",\"@id\":\"https:\/\/eu.aimcontrollers.com\/pl\/#website\",\"url\":\"https:\/\/eu.aimcontrollers.com\/pl\/\",\"name\":\"AimControllers - The most affordable competitive controllers for Xbox, PlayStation and PC\",\"description\":\"Jedna z najwi\u0119kszych marek dostarczaj\u0105cych w pe\u0142ni modyfikowalne i oryginalne kontrolery.\",\"publisher\":{\"@id\":\"https:\/\/eu.aimcontrollers.com\/pl\/#organization\"},\"potentialAction\":[{\"@type\":\"SearchAction\",\"target\":{\"@type\":\"EntryPoint\",\"urlTemplate\":\"https:\/\/eu.aimcontrollers.com\/pl\/?s={search_term_string}\"},\"query-input\":{\"@type\":\"PropertyValueSpecification\",\"valueRequired\":true,\"valueName\":\"search_term_string\"}}],\"inLanguage\":\"pl-PL\"},{\"@type\":\"Organization\",\"@id\":\"https:\/\/eu.aimcontrollers.com\/pl\/#organization\",\"name\":\"Aimcontrollers\",\"url\":\"https:\/\/eu.aimcontrollers.com\/pl\/\",\"logo\":{\"@type\":\"ImageObject\",\"inLanguage\":\"pl-PL\",\"@id\":\"https:\/\/eu.aimcontrollers.com\/pl\/#\/schema\/logo\/image\/\",\"url\":\"\",\"contentUrl\":\"\",\"caption\":\"Aimcontrollers\"},\"image\":{\"@id\":\"https:\/\/eu.aimcontrollers.com\/pl\/#\/schema\/logo\/image\/\"},\"sameAs\":[\"http:\/\/www.facebook.com\/aimcontrollers\",\"https:\/\/x.com\/AimControllerss\",\"https:\/\/instagram.com\/aimcontrollers\/\",\"https:\/\/www.youtube.com\/user\/aimcontrollerspl\/videos\"]}]}<\/script>\n<!-- \/ Yoast SEO Premium plugin. -->","yoast_head_json":{"title":"AIM Storm LED PS4 - Aimcontrollers","description":"Aim Storm LED - projekt Aimcontroller na PS4 jest idealny dla os\u00f3b ceni\u0105cych oryginalno\u015b\u0107 i skuteczne rozwi\u0105zania. Mo\u017cesz go dowolnie modyfikowa\u0107!","robots":{"index":"index","follow":"follow","max-snippet":"max-snippet:-1","max-image-preview":"max-image-preview:large","max-video-preview":"max-video-preview:-1"},"canonical":"https:\/\/eu.aimcontrollers.com\/pl\/produkt\/full-led-ps4-controller\/","og_locale":"pl_PL","og_type":"article","og_title":"AIM Storm LED PS4","og_description":"Aim Storm LED - projekt Aimcontroller na PS4 jest idealny dla os\u00f3b ceni\u0105cych oryginalno\u015b\u0107 i skuteczne rozwi\u0105zania. Mo\u017cesz go dowolnie modyfikowa\u0107!","og_url":"https:\/\/eu.aimcontrollers.com\/pl\/produkt\/full-led-ps4-controller\/","og_site_name":"Aimcontrollers","article_publisher":"http:\/\/www.facebook.com\/aimcontrollers","article_modified_time":"2025-02-04T12:59:39+00:00","og_image":[{"width":1000,"height":1000,"url":"https:\/\/eu.aimcontrollers.com\/wp-content\/uploads\/2020\/04\/Aim_Storm_RGB_Full.png","type":"image\/png"}],"twitter_card":"summary_large_image","twitter_site":"@AimControllerss","schema":{"@context":"https:\/\/schema.org","@graph":[{"@type":"WebPage","@id":"https:\/\/eu.aimcontrollers.com\/pl\/produkt\/full-led-ps4-controller\/","url":"https:\/\/eu.aimcontrollers.com\/pl\/produkt\/full-led-ps4-controller\/","name":"AIM Storm LED PS4 - Aimcontrollers","isPartOf":{"@id":"https:\/\/eu.aimcontrollers.com\/pl\/#website"},"primaryImageOfPage":{"@id":"https:\/\/eu.aimcontrollers.com\/pl\/produkt\/full-led-ps4-controller\/#primaryimage"},"image":{"@id":"https:\/\/eu.aimcontrollers.com\/pl\/produkt\/full-led-ps4-controller\/#primaryimage"},"thumbnailUrl":"https:\/\/eu.aimcontrollers.com\/wp-content\/uploads\/2020\/04\/Aim_Storm_RGB_Full.png","datePublished":"2019-11-16T11:42:51+00:00","dateModified":"2025-02-04T12:59:39+00:00","description":"Aim Storm LED - projekt Aimcontroller na PS4 jest idealny dla os\u00f3b ceni\u0105cych oryginalno\u015b\u0107 i skuteczne rozwi\u0105zania. Mo\u017cesz go dowolnie modyfikowa\u0107!","breadcrumb":{"@id":"https:\/\/eu.aimcontrollers.com\/pl\/produkt\/full-led-ps4-controller\/#breadcrumb"},"inLanguage":"pl-PL","potentialAction":[{"@type":"ReadAction","target":["https:\/\/eu.aimcontrollers.com\/pl\/produkt\/full-led-ps4-controller\/"]}]},{"@type":"ImageObject","inLanguage":"pl-PL","@id":"https:\/\/eu.aimcontrollers.com\/pl\/produkt\/full-led-ps4-controller\/#primaryimage","url":"https:\/\/eu.aimcontrollers.com\/wp-content\/uploads\/2020\/04\/Aim_Storm_RGB_Full.png","contentUrl":"https:\/\/eu.aimcontrollers.com\/wp-content\/uploads\/2020\/04\/Aim_Storm_RGB_Full.png","width":1000,"height":1000,"caption":"Aim Storm RGB PS4 Controller"},{"@type":"BreadcrumbList","@id":"https:\/\/eu.aimcontrollers.com\/pl\/produkt\/full-led-ps4-controller\/#breadcrumb","itemListElement":[{"@type":"ListItem","position":1,"name":"Home","item":"https:\/\/eu.aimcontrollers.com\/pl\/"},{"@type":"ListItem","position":2,"name":"Shop","item":"https:\/\/eu.aimcontrollers.com\/shop\/"},{"@type":"ListItem","position":3,"name":"AIM Storm LED PS4"}]},{"@type":"WebSite","@id":"https:\/\/eu.aimcontrollers.com\/pl\/#website","url":"https:\/\/eu.aimcontrollers.com\/pl\/","name":"AimControllers - The most affordable competitive controllers for Xbox, PlayStation and PC","description":"Jedna z najwi\u0119kszych marek dostarczaj\u0105cych w pe\u0142ni modyfikowalne i oryginalne kontrolery.","publisher":{"@id":"https:\/\/eu.aimcontrollers.com\/pl\/#organization"},"potentialAction":[{"@type":"SearchAction","target":{"@type":"EntryPoint","urlTemplate":"https:\/\/eu.aimcontrollers.com\/pl\/?s={search_term_string}"},"query-input":{"@type":"PropertyValueSpecification","valueRequired":true,"valueName":"search_term_string"}}],"inLanguage":"pl-PL"},{"@type":"Organization","@id":"https:\/\/eu.aimcontrollers.com\/pl\/#organization","name":"Aimcontrollers","url":"https:\/\/eu.aimcontrollers.com\/pl\/","logo":{"@type":"ImageObject","inLanguage":"pl-PL","@id":"https:\/\/eu.aimcontrollers.com\/pl\/#\/schema\/logo\/image\/","url":"","contentUrl":"","caption":"Aimcontrollers"},"image":{"@id":"https:\/\/eu.aimcontrollers.com\/pl\/#\/schema\/logo\/image\/"},"sameAs":["http:\/\/www.facebook.com\/aimcontrollers","https:\/\/x.com\/AimControllerss","https:\/\/instagram.com\/aimcontrollers\/","https:\/\/www.youtube.com\/user\/aimcontrollerspl\/videos"]}]}},"_links":{"self":[{"href":"https:\/\/eu.aimcontrollers.com\/pl\/wp-json\/wp\/v2\/product\/1000658","targetHints":{"allow":["GET"]}}],"collection":[{"href":"https:\/\/eu.aimcontrollers.com\/pl\/wp-json\/wp\/v2\/product"}],"about":[{"href":"https:\/\/eu.aimcontrollers.com\/pl\/wp-json\/wp\/v2\/types\/product"}],"wp:featuredmedia":[{"embeddable":true,"href":"https:\/\/eu.aimcontrollers.com\/pl\/wp-json\/wp\/v2\/media\/1120163"}],"wp:attachment":[{"href":"https:\/\/eu.aimcontrollers.com\/pl\/wp-json\/wp\/v2\/media?parent=1000658"}],"wp:term":[{"taxonomy":"product_brand","embeddable":true,"href":"https:\/\/eu.aimcontrollers.com\/pl\/wp-json\/wp\/v2\/product_brand?post=1000658"},{"taxonomy":"product_cat","embeddable":true,"href":"https:\/\/eu.aimcontrollers.com\/pl\/wp-json\/wp\/v2\/product_cat?post=1000658"},{"taxonomy":"product_tag","embeddable":true,"href":"https:\/\/eu.aimcontrollers.com\/pl\/wp-json\/wp\/v2\/product_tag?post=1000658"},{"taxonomy":"misspellings","embeddable":true,"href":"https:\/\/eu.aimcontrollers.com\/pl\/wp-json\/wp\/v2\/misspellings?post=1000658"}],"curies":[{"name":"wp","href":"https:\/\/api.w.org\/{rel}","templated":true}]}}