{"id":1044914,"date":"2020-06-29T09:09:24","date_gmt":"2020-06-29T07:15:58","guid":{"rendered":"https:\/\/eu.aimcontrollers.com\/?post_type=product&#038;p=1044914"},"modified":"2025-02-04T13:59:24","modified_gmt":"2025-02-04T12:59:24","slug":"aim-diamond-ps4","status":"publish","type":"product","link":"https:\/\/eu.aimcontrollers.com\/pl\/produkt\/aim-diamond-ps4\/","title":{"rendered":"Aim Diamond PS4"},"content":{"rendered":"","protected":false},"excerpt":{"rendered":"<p><span style=\"font-weight: 400;\"><strong>Diamond Aimcontroller PS4<\/strong> to idealny wyb\u00f3r dla os\u00f3b ceni\u0105cych zar\u00f3wno unikatowy, jak i nowoczesny design.\u00a0<\/span><\/p>\n<p><span style=\"font-weight: 400;\">Kontroler zosta\u0142 pokryty pow\u0142ok\u0105, kt\u00f3ra sprawia, \u017ce mieni si\u0119 on diamentowym blaskiem, a w zale\u017cno\u015bci od nat\u0119\u017cenia \u015bwiat\u0142a, przybiera on r\u00f3\u017cny odcie\u0144, co przynosi niesamowite i piorunuj\u0105ce efekty.\u00a0<\/span><\/p>\n<p><span style=\"font-weight: 400;\">Je\u015bli chcesz, mo\u017cesz dowolnie modyfikowa\u0107 kontroler, dzi\u0119ki czemu b\u0119dzie w pe\u0142ni dostosowany do Twoich potrzeb.<\/span><\/p>\n<ul>\n<li style=\"font-weight: 400;\"><strong>Do\u017cywotnia gwarancja<\/strong><\/li>\n<li style=\"font-weight: 400;\"><span style=\"font-weight: 400;\">Oryginalny produkt Sony \u2013 DualShock PS4 v2<\/span><\/li>\n<li style=\"font-weight: 400;\"><span style=\"font-weight: 400;\">Zaprojektowany i wyprodukowany w Europie<\/span><\/li>\n<li style=\"font-weight: 400;\"><span style=\"font-weight: 400;\">Kompatybilny zar\u00f3wno z PS4, jak i PC<\/span><\/li>\n<li style=\"font-weight: 400;\"><span style=\"font-weight: 400;\">W pe\u0142ni personalizowany<\/span><\/li>\n<\/ul>\n","protected":false},"featured_media":0,"template":"","meta":{"_acf_changed":false,"inline_featured_image":false},"product_brand":[],"product_cat":[1168],"product_tag":[],"misspellings":[],"class_list":{"0":"post-1044914","1":"product","2":"type-product","3":"status-publish","5":"product_cat-kontrolery-ps4","7":"first","8":"instock","9":"taxable","10":"shipping-taxable","11":"purchasable","12":"product-type-simple"},"acf":[],"yoast_head":"<!-- This site is optimized with the Yoast SEO Premium plugin v22.4 (Yoast SEO v27.4) - https:\/\/yoast.com\/product\/yoast-seo-premium-wordpress\/ -->\n<title>Aim Diamond PS4 - Aimcontrollers<\/title>\n<meta name=\"description\" content=\"Diamond Aimcontroller PS4 to idealny wyb\u00f3r dla os\u00f3b ceni\u0105cych zar\u00f3wno unikatowy, jak i nowoczesny design.\u00a0\" \/>\n<meta name=\"robots\" content=\"index, follow, max-snippet:-1, max-image-preview:large, max-video-preview:-1\" \/>\n<link rel=\"canonical\" href=\"https:\/\/eu.aimcontrollers.com\/pl\/produkt\/aim-diamond-ps4\/\" \/>\n<meta property=\"og:locale\" content=\"pl_PL\" \/>\n<meta property=\"og:type\" content=\"article\" \/>\n<meta property=\"og:title\" content=\"Aim Diamond PS4\" \/>\n<meta property=\"og:description\" content=\"Diamond Aimcontroller PS4 to idealny wyb\u00f3r dla os\u00f3b ceni\u0105cych zar\u00f3wno unikatowy, jak i nowoczesny design.\u00a0\" \/>\n<meta property=\"og:url\" content=\"https:\/\/eu.aimcontrollers.com\/pl\/produkt\/aim-diamond-ps4\/\" \/>\n<meta property=\"og:site_name\" content=\"Aimcontrollers\" \/>\n<meta property=\"article:publisher\" content=\"http:\/\/www.facebook.com\/aimcontrollers\" \/>\n<meta property=\"article:modified_time\" content=\"2025-02-04T12:59:24+00:00\" \/>\n<meta name=\"twitter:card\" content=\"summary_large_image\" \/>\n<meta name=\"twitter:site\" content=\"@AimControllerss\" \/>\n<script type=\"application\/ld+json\" class=\"yoast-schema-graph\">{\"@context\":\"https:\\\/\\\/schema.org\",\"@graph\":[{\"@type\":\"WebPage\",\"@id\":\"https:\\\/\\\/eu.aimcontrollers.com\\\/pl\\\/produkt\\\/aim-diamond-ps4\\\/\",\"url\":\"https:\\\/\\\/eu.aimcontrollers.com\\\/pl\\\/produkt\\\/aim-diamond-ps4\\\/\",\"name\":\"Aim Diamond PS4 - Aimcontrollers\",\"isPartOf\":{\"@id\":\"https:\\\/\\\/eu.aimcontrollers.com\\\/pl\\\/#website\"},\"datePublished\":\"2020-06-29T07:15:58+00:00\",\"dateModified\":\"2025-02-04T12:59:24+00:00\",\"description\":\"Diamond Aimcontroller PS4 to idealny wyb\u00f3r dla os\u00f3b ceni\u0105cych zar\u00f3wno unikatowy, jak i nowoczesny design.\u00a0\",\"breadcrumb\":{\"@id\":\"https:\\\/\\\/eu.aimcontrollers.com\\\/pl\\\/produkt\\\/aim-diamond-ps4\\\/#breadcrumb\"},\"inLanguage\":\"pl-PL\",\"potentialAction\":[{\"@type\":\"ReadAction\",\"target\":[\"https:\\\/\\\/eu.aimcontrollers.com\\\/pl\\\/produkt\\\/aim-diamond-ps4\\\/\"]}]},{\"@type\":\"BreadcrumbList\",\"@id\":\"https:\\\/\\\/eu.aimcontrollers.com\\\/pl\\\/produkt\\\/aim-diamond-ps4\\\/#breadcrumb\",\"itemListElement\":[{\"@type\":\"ListItem\",\"position\":1,\"name\":\"Home\",\"item\":\"https:\\\/\\\/eu.aimcontrollers.com\\\/pl\\\/\"},{\"@type\":\"ListItem\",\"position\":2,\"name\":\"Shop\",\"item\":\"https:\\\/\\\/eu.aimcontrollers.com\\\/shop\\\/\"},{\"@type\":\"ListItem\",\"position\":3,\"name\":\"Aim Diamond PS4\"}]},{\"@type\":\"WebSite\",\"@id\":\"https:\\\/\\\/eu.aimcontrollers.com\\\/pl\\\/#website\",\"url\":\"https:\\\/\\\/eu.aimcontrollers.com\\\/pl\\\/\",\"name\":\"AimControllers - The most affordable competitive controllers for Xbox, PlayStation and PC\",\"description\":\"Jedna z najwi\u0119kszych marek dostarczaj\u0105cych w pe\u0142ni modyfikowalne i oryginalne kontrolery.\",\"publisher\":{\"@id\":\"https:\\\/\\\/eu.aimcontrollers.com\\\/pl\\\/#organization\"},\"potentialAction\":[{\"@type\":\"SearchAction\",\"target\":{\"@type\":\"EntryPoint\",\"urlTemplate\":\"https:\\\/\\\/eu.aimcontrollers.com\\\/pl\\\/?s={search_term_string}\"},\"query-input\":{\"@type\":\"PropertyValueSpecification\",\"valueRequired\":true,\"valueName\":\"search_term_string\"}}],\"inLanguage\":\"pl-PL\"},{\"@type\":\"Organization\",\"@id\":\"https:\\\/\\\/eu.aimcontrollers.com\\\/pl\\\/#organization\",\"name\":\"Aimcontrollers\",\"url\":\"https:\\\/\\\/eu.aimcontrollers.com\\\/pl\\\/\",\"logo\":{\"@type\":\"ImageObject\",\"inLanguage\":\"pl-PL\",\"@id\":\"https:\\\/\\\/eu.aimcontrollers.com\\\/pl\\\/#\\\/schema\\\/logo\\\/image\\\/\",\"url\":\"\",\"contentUrl\":\"\",\"caption\":\"Aimcontrollers\"},\"image\":{\"@id\":\"https:\\\/\\\/eu.aimcontrollers.com\\\/pl\\\/#\\\/schema\\\/logo\\\/image\\\/\"},\"sameAs\":[\"http:\\\/\\\/www.facebook.com\\\/aimcontrollers\",\"https:\\\/\\\/x.com\\\/AimControllerss\",\"https:\\\/\\\/instagram.com\\\/aimcontrollers\\\/\",\"https:\\\/\\\/www.youtube.com\\\/user\\\/aimcontrollerspl\\\/videos\"]}]}<\/script>\n<!-- \/ Yoast SEO Premium plugin. -->","yoast_head_json":{"title":"Aim Diamond PS4 - Aimcontrollers","description":"Diamond Aimcontroller PS4 to idealny wyb\u00f3r dla os\u00f3b ceni\u0105cych zar\u00f3wno unikatowy, jak i nowoczesny design.\u00a0","robots":{"index":"index","follow":"follow","max-snippet":"max-snippet:-1","max-image-preview":"max-image-preview:large","max-video-preview":"max-video-preview:-1"},"canonical":"https:\/\/eu.aimcontrollers.com\/pl\/produkt\/aim-diamond-ps4\/","og_locale":"pl_PL","og_type":"article","og_title":"Aim Diamond PS4","og_description":"Diamond Aimcontroller PS4 to idealny wyb\u00f3r dla os\u00f3b ceni\u0105cych zar\u00f3wno unikatowy, jak i nowoczesny design.\u00a0","og_url":"https:\/\/eu.aimcontrollers.com\/pl\/produkt\/aim-diamond-ps4\/","og_site_name":"Aimcontrollers","article_publisher":"http:\/\/www.facebook.com\/aimcontrollers","article_modified_time":"2025-02-04T12:59:24+00:00","twitter_card":"summary_large_image","twitter_site":"@AimControllerss","schema":{"@context":"https:\/\/schema.org","@graph":[{"@type":"WebPage","@id":"https:\/\/eu.aimcontrollers.com\/pl\/produkt\/aim-diamond-ps4\/","url":"https:\/\/eu.aimcontrollers.com\/pl\/produkt\/aim-diamond-ps4\/","name":"Aim Diamond PS4 - Aimcontrollers","isPartOf":{"@id":"https:\/\/eu.aimcontrollers.com\/pl\/#website"},"datePublished":"2020-06-29T07:15:58+00:00","dateModified":"2025-02-04T12:59:24+00:00","description":"Diamond Aimcontroller PS4 to idealny wyb\u00f3r dla os\u00f3b ceni\u0105cych zar\u00f3wno unikatowy, jak i nowoczesny design.\u00a0","breadcrumb":{"@id":"https:\/\/eu.aimcontrollers.com\/pl\/produkt\/aim-diamond-ps4\/#breadcrumb"},"inLanguage":"pl-PL","potentialAction":[{"@type":"ReadAction","target":["https:\/\/eu.aimcontrollers.com\/pl\/produkt\/aim-diamond-ps4\/"]}]},{"@type":"BreadcrumbList","@id":"https:\/\/eu.aimcontrollers.com\/pl\/produkt\/aim-diamond-ps4\/#breadcrumb","itemListElement":[{"@type":"ListItem","position":1,"name":"Home","item":"https:\/\/eu.aimcontrollers.com\/pl\/"},{"@type":"ListItem","position":2,"name":"Shop","item":"https:\/\/eu.aimcontrollers.com\/shop\/"},{"@type":"ListItem","position":3,"name":"Aim Diamond PS4"}]},{"@type":"WebSite","@id":"https:\/\/eu.aimcontrollers.com\/pl\/#website","url":"https:\/\/eu.aimcontrollers.com\/pl\/","name":"AimControllers - The most affordable competitive controllers for Xbox, PlayStation and PC","description":"Jedna z najwi\u0119kszych marek dostarczaj\u0105cych w pe\u0142ni modyfikowalne i oryginalne kontrolery.","publisher":{"@id":"https:\/\/eu.aimcontrollers.com\/pl\/#organization"},"potentialAction":[{"@type":"SearchAction","target":{"@type":"EntryPoint","urlTemplate":"https:\/\/eu.aimcontrollers.com\/pl\/?s={search_term_string}"},"query-input":{"@type":"PropertyValueSpecification","valueRequired":true,"valueName":"search_term_string"}}],"inLanguage":"pl-PL"},{"@type":"Organization","@id":"https:\/\/eu.aimcontrollers.com\/pl\/#organization","name":"Aimcontrollers","url":"https:\/\/eu.aimcontrollers.com\/pl\/","logo":{"@type":"ImageObject","inLanguage":"pl-PL","@id":"https:\/\/eu.aimcontrollers.com\/pl\/#\/schema\/logo\/image\/","url":"","contentUrl":"","caption":"Aimcontrollers"},"image":{"@id":"https:\/\/eu.aimcontrollers.com\/pl\/#\/schema\/logo\/image\/"},"sameAs":["http:\/\/www.facebook.com\/aimcontrollers","https:\/\/x.com\/AimControllerss","https:\/\/instagram.com\/aimcontrollers\/","https:\/\/www.youtube.com\/user\/aimcontrollerspl\/videos"]}]}},"_links":{"self":[{"href":"https:\/\/eu.aimcontrollers.com\/pl\/wp-json\/wp\/v2\/product\/1044914","targetHints":{"allow":["GET"]}}],"collection":[{"href":"https:\/\/eu.aimcontrollers.com\/pl\/wp-json\/wp\/v2\/product"}],"about":[{"href":"https:\/\/eu.aimcontrollers.com\/pl\/wp-json\/wp\/v2\/types\/product"}],"wp:attachment":[{"href":"https:\/\/eu.aimcontrollers.com\/pl\/wp-json\/wp\/v2\/media?parent=1044914"}],"wp:term":[{"taxonomy":"product_brand","embeddable":true,"href":"https:\/\/eu.aimcontrollers.com\/pl\/wp-json\/wp\/v2\/product_brand?post=1044914"},{"taxonomy":"product_cat","embeddable":true,"href":"https:\/\/eu.aimcontrollers.com\/pl\/wp-json\/wp\/v2\/product_cat?post=1044914"},{"taxonomy":"product_tag","embeddable":true,"href":"https:\/\/eu.aimcontrollers.com\/pl\/wp-json\/wp\/v2\/product_tag?post=1044914"},{"taxonomy":"misspellings","embeddable":true,"href":"https:\/\/eu.aimcontrollers.com\/pl\/wp-json\/wp\/v2\/misspellings?post=1044914"}],"curies":[{"name":"wp","href":"https:\/\/api.w.org\/{rel}","templated":true}]}}