{"id":1220960,"date":"2021-11-24T12:46:35","date_gmt":"2021-11-24T11:46:35","guid":{"rendered":"https:\/\/eu.aimcontrollers.com\/?post_type=product&#038;p=1220960"},"modified":"2022-11-03T10:03:52","modified_gmt":"2022-11-03T09:03:52","slug":"aim-x-rl9-xbox-higher","status":"publish","type":"product","link":"https:\/\/eu.aimcontrollers.com\/pl\/produkt\/aim-x-rl9-xbox-higher\/","title":{"rendered":"AIM x RL9 XBOX HIGHER"},"content":{"rendered":"\n\t<section class=\"section pbg\" id=\"section_75112577\">\n\t\t<div class=\"section-bg fill\" >\n\t\t\t\t\t\t\t\t\t\n\t\t\t\n\n\t\t<\/div>\n\n\t\t\n\n\t\t<div class=\"section-content relative\">\n\t\t\t\n<div class=\"row row-collapse row-full-width align-middle\"  id=\"row-485348206\">\n\n\t<div id=\"col-1535742703\" class=\"col medium-6 small-12 large-6\"  >\n\t\t\t\t<div class=\"col-inner text-center\"  >\n\t\t\t\n\t\t\t\n<h2>Oficjalny kontroler Roberta Lewandowskiego AIM x RL9 XBOX HIGHER<\/h2>\n<p>Dedykowany dla najbardziej wymagaj\u0105cych graczy.<\/p>\n<p><strong>#AIMHIGHER<\/strong><\/p>\n\t\t<\/div>\n\t\t\t\t\n<style>\n#col-1535742703 > .col-inner {\n  padding: 10% 10% 10% 10%;\n  max-width: 520px;\n}\n<\/style>\n\t<\/div>\n\n\t\n\n\t<div id=\"col-1988288598\" class=\"col medium-4 small-12 large-4\"  >\n\t\t\t\t<div class=\"col-inner\"  >\n\t\t\t\n\t\t\t\n\t<div class=\"img has-hover x md-x lg-x y md-y lg-y\" id=\"image_1535523984\">\n\t\t\t\t\t\t\t\t<div class=\"img-inner dark\" >\n\t\t\t<img loading=\"lazy\" decoding=\"async\" width=\"800\" height=\"800\" src=\"https:\/\/eu.aimcontrollers.com\/wp-content\/uploads\/2021\/11\/Rl9-xbox-1-800x800.png\" class=\"attachment-large size-large\" alt=\"\" srcset=\"https:\/\/eu.aimcontrollers.com\/wp-content\/uploads\/2021\/11\/Rl9-xbox-1-800x800.png 800w, https:\/\/eu.aimcontrollers.com\/wp-content\/uploads\/2021\/11\/Rl9-xbox-1-500x500.png 500w, https:\/\/eu.aimcontrollers.com\/wp-content\/uploads\/2021\/11\/Rl9-xbox-1-100x100.png 100w, https:\/\/eu.aimcontrollers.com\/wp-content\/uploads\/2021\/11\/Rl9-xbox-1-400x400.png 400w, https:\/\/eu.aimcontrollers.com\/wp-content\/uploads\/2021\/11\/Rl9-xbox-1-280x280.png 280w, https:\/\/eu.aimcontrollers.com\/wp-content\/uploads\/2021\/11\/Rl9-xbox-1-768x768.png 768w, https:\/\/eu.aimcontrollers.com\/wp-content\/uploads\/2021\/11\/Rl9-xbox-1.png 1000w\" sizes=\"auto, (max-width: 800px) 100vw, 800px\" \/>\t\t\t\t\t\t\n\t\t\t\t\t<\/div>\n\t\t\t\t\t\t\t\t\n<style>\n#image_1535523984 {\n  width: 100%;\n}\n<\/style>\n\t<\/div>\n\t\n\t\t<\/div>\n\t\t\t\t\t<\/div>\n\n\t\n<\/div>\n<div class=\"row\"  id=\"row-471060957\">\n\n\t<div id=\"col-634558364\" class=\"col small-12 large-12\"  >\n\t\t\t\t<div class=\"col-inner text-center\"  >\n\t\t\t\n\t\t\t\n\t<div class=\"img has-hover x md-x lg-x y md-y lg-y\" id=\"image_146481097\">\n\t\t\t\t\t\t\t\t<div class=\"img-inner dark\" >\n\t\t\t<img loading=\"lazy\" decoding=\"async\" width=\"974\" height=\"238\" src=\"https:\/\/eu.aimcontrollers.com\/wp-content\/uploads\/2021\/11\/aim_x_rl9_black.png\" class=\"attachment-large size-large\" alt=\"\" srcset=\"https:\/\/eu.aimcontrollers.com\/wp-content\/uploads\/2021\/11\/aim_x_rl9_black.png 974w, https:\/\/eu.aimcontrollers.com\/wp-content\/uploads\/2021\/11\/aim_x_rl9_black-500x122.png 500w, https:\/\/eu.aimcontrollers.com\/wp-content\/uploads\/2021\/11\/aim_x_rl9_black-800x195.png 800w, https:\/\/eu.aimcontrollers.com\/wp-content\/uploads\/2021\/11\/aim_x_rl9_black-768x188.png 768w\" sizes=\"auto, (max-width: 974px) 100vw, 974px\" \/>\t\t\t\t\t\t\n\t\t\t\t\t<\/div>\n\t\t\t\t\t\t\t\t\n<style>\n#image_146481097 {\n  width: 70%;\n}\n<\/style>\n\t<\/div>\n\t\n\t\t<\/div>\n\t\t\t\t\t<\/div>\n\n\t\n<\/div>\n\t\t<\/div>\n\n\t\t\n<style>\n#section_75112577 {\n  padding-top: 36px;\n  padding-bottom: 36px;\n  background-color: rgb(244, 244, 244);\n}\n<\/style>\n\t<\/section>\n\t\n\n\t<section class=\"section\" id=\"section_920176279\">\n\t\t<div class=\"section-bg fill\" >\n\t\t\t\t\t\t\t\t\t\n\t\t\t\n\n\t\t<\/div>\n\n\t\t\n\n\t\t<div class=\"section-content relative\">\n\t\t\t\n<div class=\"row align-center\"  id=\"row-733940970\">\n\n\t<div id=\"col-28984867\" class=\"col medium-5 small-12 large-5\"  >\n\t\t\t\t<div class=\"col-inner\"  >\n\t\t\t\n\t\t\t\n<div class=\"row\"  id=\"row-1027935086\">\n\n\t<div id=\"col-1149371519\" class=\"col small-12 large-12\"  >\n\t\t\t\t<div class=\"col-inner text-center\"  >\n\t\t\t\n\t\t\t\n\t<div id=\"gap-1481396032\" class=\"gap-element clearfix\" style=\"display:block; height:auto;\">\n\t\t\n<style>\n#gap-1481396032 {\n  padding-top: 0px;\n}\n<\/style>\n\t<\/div>\n\t\n<h2><span style=\"font-size: 140%;\">Modyfikacje serii XBOX HIGHER<\/span><\/h2>\n\t\t<\/div>\n\t\t\t\t\n<style>\n#col-1149371519 > .col-inner {\n  padding: 0px 0px 0px 0px;\n  margin: 0px 0px -37px 0px;\n}\n<\/style>\n\t<\/div>\n\n\t\n<\/div>\n\t\t<\/div>\n\t\t\t\t\t<\/div>\n\n\t\n\n<style>\n#row-733940970 > .col > .col-inner {\n  padding: 20px 0px 0px 0px;\n}\n<\/style>\n<\/div>\n<div class=\"row row-collapse align-middle align-center\"  id=\"row-1395123386\">\n\n\t<div id=\"col-1878038369\" class=\"col medium-6 small-12 large-6\"  >\n\t\t\t\t<div class=\"col-inner\"  >\n\t\t\t\n\t\t\t\n\t<div id=\"text-274173488\" class=\"text\">\n\t\t\n<h4 style=\"font-size: 150%; color: black;\">Wymienne AimStick<\/h4>\n<p style=\"color: black;\">U\u017cywaj \u0142atwo wymiennych AimSticks i zapewnij sobie optymaln\u0105 swobod\u0119 ruch\u00f3w. Ni\u017csze gwarantuj\u0105 szybsz\u0105 reakcj\u0119 a wy\u017csze wi\u0119ksz\u0105 precyzj\u0119. Zmieniaj swoje AimStick dopasowuj\u0105c kontroler do Twoich ulubionych gier.<\/p>\n\t\t\n<style>\n#text-274173488 {\n  font-size: 1rem;\n}\n<\/style>\n\t<\/div>\n\t\n\t\t<\/div>\n\t\t\t\t\t<\/div>\n\n\t\n\n\t<div id=\"col-898783281\" class=\"col medium-6 small-12 large-6 small-col-first\"  >\n\t\t\t\t<div class=\"col-inner text-center\"  >\n\t\t\t\n\t\t\t\n\t<div class=\"img has-hover x md-x lg-x y md-y lg-y\" id=\"image_1611369401\">\n\t\t\t\t\t\t\t\t<div class=\"img-inner dark\" >\n\t\t\t<img loading=\"lazy\" decoding=\"async\" width=\"799\" height=\"800\" src=\"https:\/\/eu.aimcontrollers.com\/wp-content\/uploads\/2021\/11\/stick-xbox-paddles-799x800.png\" class=\"attachment-large size-large\" alt=\"\" srcset=\"https:\/\/eu.aimcontrollers.com\/wp-content\/uploads\/2021\/11\/stick-xbox-paddles-799x800.png 799w, https:\/\/eu.aimcontrollers.com\/wp-content\/uploads\/2021\/11\/stick-xbox-paddles-500x500.png 500w, https:\/\/eu.aimcontrollers.com\/wp-content\/uploads\/2021\/11\/stick-xbox-paddles-100x100.png 100w, https:\/\/eu.aimcontrollers.com\/wp-content\/uploads\/2021\/11\/stick-xbox-paddles-800x801.png 800w, https:\/\/eu.aimcontrollers.com\/wp-content\/uploads\/2021\/11\/stick-xbox-paddles-400x400.png 400w, https:\/\/eu.aimcontrollers.com\/wp-content\/uploads\/2021\/11\/stick-xbox-paddles-280x280.png 280w, https:\/\/eu.aimcontrollers.com\/wp-content\/uploads\/2021\/11\/stick-xbox-paddles-768x769.png 768w, https:\/\/eu.aimcontrollers.com\/wp-content\/uploads\/2021\/11\/stick-xbox-paddles.png 1079w\" sizes=\"auto, (max-width: 799px) 100vw, 799px\" \/>\t\t\t\t\t\t\n\t\t\t\t\t<\/div>\n\t\t\t\t\t\t\t\t\n<style>\n#image_1611369401 {\n  width: 100%;\n}\n@media (min-width:550px) {\n  #image_1611369401 {\n    width: 60%;\n  }\n}\n@media (min-width:850px) {\n  #image_1611369401 {\n    width: 50%;\n  }\n}\n<\/style>\n\t<\/div>\n\t\n\t\t<\/div>\n\t\t\t\t\t<\/div>\n\n\t\n<\/div>\n<div class=\"row row-collapse align-middle align-center\"  id=\"row-287608102\">\n\n\t<div id=\"col-523731696\" class=\"col medium-6 small-12 large-6\"  >\n\t\t\t\t<div class=\"col-inner text-center\"  >\n\t\t\t\n\t\t\t\n\t<div class=\"img has-hover x md-x lg-x y md-y lg-y\" id=\"image_6562459\">\n\t\t\t\t\t\t\t\t<div class=\"img-inner dark\" >\n\t\t\t<img loading=\"lazy\" decoding=\"async\" width=\"799\" height=\"800\" src=\"https:\/\/eu.aimcontrollers.com\/wp-content\/uploads\/2021\/11\/xbox-back-grip-799x800.png\" class=\"attachment-large size-large\" alt=\"\" srcset=\"https:\/\/eu.aimcontrollers.com\/wp-content\/uploads\/2021\/11\/xbox-back-grip-799x800.png 799w, https:\/\/eu.aimcontrollers.com\/wp-content\/uploads\/2021\/11\/xbox-back-grip-500x500.png 500w, https:\/\/eu.aimcontrollers.com\/wp-content\/uploads\/2021\/11\/xbox-back-grip-100x100.png 100w, https:\/\/eu.aimcontrollers.com\/wp-content\/uploads\/2021\/11\/xbox-back-grip-800x801.png 800w, https:\/\/eu.aimcontrollers.com\/wp-content\/uploads\/2021\/11\/xbox-back-grip-400x400.png 400w, https:\/\/eu.aimcontrollers.com\/wp-content\/uploads\/2021\/11\/xbox-back-grip-280x280.png 280w, https:\/\/eu.aimcontrollers.com\/wp-content\/uploads\/2021\/11\/xbox-back-grip-768x769.png 768w, https:\/\/eu.aimcontrollers.com\/wp-content\/uploads\/2021\/11\/xbox-back-grip.png 1079w\" sizes=\"auto, (max-width: 799px) 100vw, 799px\" \/>\t\t\t\t\t\t\n\t\t\t\t\t<\/div>\n\t\t\t\t\t\t\t\t\n<style>\n#image_6562459 {\n  width: 100%;\n}\n@media (min-width:550px) {\n  #image_6562459 {\n    width: 60%;\n  }\n}\n@media (min-width:850px) {\n  #image_6562459 {\n    width: 50%;\n  }\n}\n<\/style>\n\t<\/div>\n\t\n\t\t<\/div>\n\t\t\t\t\t<\/div>\n\n\t\n\n\t<div id=\"col-1315001298\" class=\"col medium-6 small-12 large-6\"  >\n\t\t\t\t<div class=\"col-inner\"  >\n\t\t\t\n\t\t\t\n\t<div id=\"text-2952701666\" class=\"text\">\n\t\t\n<h4 style=\"font-size: 150%; color: black;\">Aim Grip<\/h4>\n<p style=\"color: black;\">Gumowa, ergonomiczna, specjalna pow\u0142oka zwi\u0119ksza komfort gry podczas wielogodzinnych rozgrywek. Profilowane elementy korpusu i system non-slip polepszaj\u0105 kontrol\u0119 nad padem.<\/p>\n\t\t\n<style>\n#text-2952701666 {\n  font-size: 1rem;\n}\n<\/style>\n\t<\/div>\n\t\n\t\t<\/div>\n\t\t\t\t\t<\/div>\n\n\t\n<\/div>\n<div class=\"row row-collapse align-middle align-center\"  id=\"row-2102135188\">\n\n\t<div id=\"col-1937273457\" class=\"col medium-6 small-12 large-6\"  >\n\t\t\t\t<div class=\"col-inner\"  >\n\t\t\t\n\t\t\t\n\t<div id=\"text-1574770304\" class=\"text\">\n\t\t\n<h4 style=\"font-size: 150%; color: black;\">Do\u017cywotnia gwarancja<\/h4>\n<p style=\"color: black;\">Wybieraj\u0105c customowy kontroler AIM x RL9, otrzymujesz do\u017cywotni\u0105 gwarancj\u0119 na wszystkie modyfikacje.<\/p>\n\t\t\n<style>\n#text-1574770304 {\n  font-size: 1rem;\n}\n<\/style>\n\t<\/div>\n\t\n\t\t<\/div>\n\t\t\t\t\t<\/div>\n\n\t\n\n\t<div id=\"col-1912334409\" class=\"col medium-6 small-12 large-6 small-col-first\"  >\n\t\t\t\t<div class=\"col-inner text-center\"  >\n\t\t\t\n\t\t\t\n\t<div class=\"img has-hover x md-x lg-x y md-y lg-y\" id=\"image_1856952102\">\n\t\t\t\t\t\t\t\t<div class=\"img-inner dark\" >\n\t\t\t<img loading=\"lazy\" decoding=\"async\" width=\"799\" height=\"800\" src=\"https:\/\/eu.aimcontrollers.com\/wp-content\/uploads\/2021\/11\/xbox-life-time-799x800.png\" class=\"attachment-large size-large\" alt=\"\" srcset=\"https:\/\/eu.aimcontrollers.com\/wp-content\/uploads\/2021\/11\/xbox-life-time-799x800.png 799w, https:\/\/eu.aimcontrollers.com\/wp-content\/uploads\/2021\/11\/xbox-life-time-500x500.png 500w, https:\/\/eu.aimcontrollers.com\/wp-content\/uploads\/2021\/11\/xbox-life-time-100x100.png 100w, https:\/\/eu.aimcontrollers.com\/wp-content\/uploads\/2021\/11\/xbox-life-time-800x801.png 800w, https:\/\/eu.aimcontrollers.com\/wp-content\/uploads\/2021\/11\/xbox-life-time-400x400.png 400w, https:\/\/eu.aimcontrollers.com\/wp-content\/uploads\/2021\/11\/xbox-life-time-280x280.png 280w, https:\/\/eu.aimcontrollers.com\/wp-content\/uploads\/2021\/11\/xbox-life-time-768x769.png 768w, https:\/\/eu.aimcontrollers.com\/wp-content\/uploads\/2021\/11\/xbox-life-time.png 1079w\" sizes=\"auto, (max-width: 799px) 100vw, 799px\" \/>\t\t\t\t\t\t\n\t\t\t\t\t<\/div>\n\t\t\t\t\t\t\t\t\n<style>\n#image_1856952102 {\n  width: 100%;\n}\n@media (min-width:550px) {\n  #image_1856952102 {\n    width: 60%;\n  }\n}\n@media (min-width:850px) {\n  #image_1856952102 {\n    width: 50%;\n  }\n}\n<\/style>\n\t<\/div>\n\t\n\t\t<\/div>\n\t\t\t\t\t<\/div>\n\n\t\n<\/div>\n\t\t<\/div>\n\n\t\t\n<style>\n#section_920176279 {\n  padding-top: 15px;\n  padding-bottom: 15px;\n}\n@media (min-width:550px) {\n  #section_920176279 {\n    padding-top: 50px;\n    padding-bottom: 50px;\n  }\n}\n<\/style>\n\t<\/section>\n\t\n\n\t<section class=\"section\" id=\"section_1800206342\">\n\t\t<div class=\"section-bg fill\" >\n\t\t\t\t\t\t\t\t\t\n\t\t\t\n\n\t\t<\/div>\n\n\t\t\n\n\t\t<div class=\"section-content relative\">\n\t\t\t\n<div class=\"row align-center\"  id=\"row-1656093682\">\n\n\t<div id=\"col-756646003\" class=\"col medium-8 small-12 large-8\"  >\n\t\t\t\t<div class=\"col-inner text-center\"  >\n\t\t\t\n\t\t\t\n<div class=\"is-divider divider clearfix\" style=\"margin-top:40px;margin-bottom:40px;max-width:100%;height:1px;\"><\/div>\n<h2>O Aimcontrollers<\/h2>\n<p>Wszystkie nasze gamepady to oryginalne, nowe kontrolery Sony\/Microsoft. Po procesie dostosowywania ka\u017cdy nasz kontroler jest rygorystycznie testowany, co zawsze gwarantuje jako\u015b\u0107.<\/p>\n<ul>\n<li style=\"display: inline-block;\"><img decoding=\"async\" src=\"\/wp-content\/themes\/flatsome-child\/img\/ikony\/check-black.svg\" width=\"22px\" height=\"22px\" \/> Do\u017cywotnia gwarancja<\/li>\n<li style=\"display: inline-block;\"><img decoding=\"async\" src=\"\/wp-content\/themes\/flatsome-child\/img\/ikony\/check-black.svg\" width=\"22px\" height=\"22px\" \/> Zaprojektowane i wykonane w Europie<\/li>\n<li style=\"display: inline-block;\"><img decoding=\"async\" src=\"\/wp-content\/themes\/flatsome-child\/img\/ikony\/check-black.svg\" width=\"22px\" height=\"22px\" \/> Rekomendowane przez profesjonalist\u00f3w<\/li>\n<\/ul>\n<div class=\"is-divider divider clearfix\" style=\"margin-top:40px;margin-bottom:40px;max-width:100%;height:1px;\"><\/div>\n\t\t<\/div>\n\t\t\t\t\t<\/div>\n\n\t\n<\/div>\n\t\t<\/div>\n\n\t\t\n<style>\n#section_1800206342 {\n  padding-top: 0px;\n  padding-bottom: 0px;\n}\n<\/style>\n\t<\/section>\n\t\n<div class=\"row\"  id=\"row-1544432386\">\n\n\t<div id=\"col-2065348175\" class=\"col small-12 large-12\"  >\n\t\t\t\t<div class=\"col-inner dark\" style=\"background-color:rgb(30, 30, 30);\" >\n\t\t\t\n\t\t\t\n<div class=\"row row-collapse align-middle\"  id=\"row-1263215216\">\n\n\t<div id=\"col-1928686753\" class=\"col medium-6 small-12 large-6\"  >\n\t\t\t\t<div class=\"col-inner\"  >\n\t\t\t\n\t\t\t\n<h2 style=\"font-size: 200%;\">Zobacz co otrzymasz<\/h2>\n<p>Zobacz, co otrzymujesz w swoim pakiecie:<\/p>\n<ul>\n<li>Oryginalny zmodyfikowany AimController (z do\u017cywotni\u0105 gwarancj\u0105)<\/li>\n<li>Ulotki AimControllers<\/li>\n<\/ul>\n\t\t<\/div>\n\t\t\t\t\t<\/div>\n\n\t\n\n\t<div id=\"col-1545509245\" class=\"col medium-6 small-12 large-6\"  >\n\t\t\t\t<div class=\"col-inner\"  >\n\t\t\t\n\t\t\t\n\t<div class=\"img has-hover x md-x lg-x y md-y lg-y\" id=\"image_1927596634\">\n\t\t\t\t\t\t\t\t<div class=\"img-inner dark\" >\n\t\t\t<img loading=\"lazy\" decoding=\"async\" width=\"1020\" height=\"709\" src=\"https:\/\/eu.aimcontrollers.com\/wp-content\/uploads\/2021\/11\/rl9_box.png\" class=\"attachment-large size-large\" alt=\"\" srcset=\"https:\/\/eu.aimcontrollers.com\/wp-content\/uploads\/2021\/11\/rl9_box.png 1151w, https:\/\/eu.aimcontrollers.com\/wp-content\/uploads\/2021\/11\/rl9_box-500x348.png 500w, https:\/\/eu.aimcontrollers.com\/wp-content\/uploads\/2021\/11\/rl9_box-800x556.png 800w, https:\/\/eu.aimcontrollers.com\/wp-content\/uploads\/2021\/11\/rl9_box-576x400.png 576w, https:\/\/eu.aimcontrollers.com\/wp-content\/uploads\/2021\/11\/rl9_box-768x534.png 768w\" sizes=\"auto, (max-width: 1020px) 100vw, 1020px\" \/>\t\t\t\t\t\t\n\t\t\t\t\t<\/div>\n\t\t\t\t\t\t\t\t\n<style>\n#image_1927596634 {\n  width: 100%;\n}\n<\/style>\n\t<\/div>\n\t\n\t\t<\/div>\n\t\t\t\t\t<\/div>\n\n\t\n<\/div>\n\t\t<\/div>\n\t\t\t\t\t<\/div>\n\n\t\n\n<style>\n#row-1544432386 > .col > .col-inner {\n  padding: 40px 40px 40px 40px;\n}\n@media (min-width:550px) {\n  #row-1544432386 > .col > .col-inner {\n    padding: 50px 50px 50px 50px;\n  }\n}\n@media (min-width:850px) {\n  #row-1544432386 > .col > .col-inner {\n    padding: 20px 100px 20px 100px;\n  }\n}\n<\/style>\n<\/div>\n","protected":false},"excerpt":{"rendered":"","protected":false},"featured_media":1220852,"template":"","meta":{"_acf_changed":false,"inline_featured_image":false},"product_brand":[],"product_cat":[4937],"product_tag":[],"misspellings":[],"class_list":{"0":"post-1220960","1":"product","2":"type-product","3":"status-publish","4":"has-post-thumbnail","6":"product_cat-kontrolery-roberta-lewandowskiego","8":"first","9":"outofstock","10":"taxable","11":"shipping-taxable","12":"purchasable","13":"product-type-simple"},"acf":[],"yoast_head":"<!-- This site is optimized with the Yoast SEO Premium plugin v22.4 (Yoast SEO v27.2) - https:\/\/yoast.com\/product\/yoast-seo-premium-wordpress\/ -->\n<title>AIM x RL9 XBOX HIGHER - Aimcontrollers<\/title>\n<meta name=\"description\" content=\"Oficjalny kontroler Roberta Lewandowskiego AIM x RL9 XBOX HIGHER. Dedykowany dla najbardziej wymagaj\u0105cych graczy.\" \/>\n<meta name=\"robots\" content=\"index, follow, max-snippet:-1, max-image-preview:large, max-video-preview:-1\" \/>\n<link rel=\"canonical\" href=\"https:\/\/eu.aimcontrollers.com\/pl\/produkt\/aim-x-rl9-xbox-higher\/\" \/>\n<meta property=\"og:locale\" content=\"pl_PL\" \/>\n<meta property=\"og:type\" content=\"article\" \/>\n<meta property=\"og:title\" content=\"AIM x RL9 XBOX HIGHER\" \/>\n<meta property=\"og:description\" content=\"Oficjalny kontroler Roberta Lewandowskiego AIM x RL9 XBOX HIGHER. Dedykowany dla najbardziej wymagaj\u0105cych graczy.\" \/>\n<meta property=\"og:url\" content=\"https:\/\/eu.aimcontrollers.com\/pl\/produkt\/aim-x-rl9-xbox-higher\/\" \/>\n<meta property=\"og:site_name\" content=\"Aimcontrollers\" \/>\n<meta property=\"article:publisher\" content=\"http:\/\/www.facebook.com\/aimcontrollers\" \/>\n<meta property=\"article:modified_time\" content=\"2022-11-03T09:03:52+00:00\" \/>\n<meta property=\"og:image\" content=\"https:\/\/eu.aimcontrollers.com\/wp-content\/uploads\/2021\/11\/Rl9-xbox-1.png\" \/>\n\t<meta property=\"og:image:width\" content=\"1000\" \/>\n\t<meta property=\"og:image:height\" content=\"1000\" \/>\n\t<meta property=\"og:image:type\" content=\"image\/png\" \/>\n<meta name=\"twitter:card\" content=\"summary_large_image\" \/>\n<meta name=\"twitter:site\" content=\"@AimControllerss\" \/>\n<meta name=\"twitter:label1\" content=\"Szacowany czas czytania\" \/>\n\t<meta name=\"twitter:data1\" content=\"2 minuty\" \/>\n<script type=\"application\/ld+json\" class=\"yoast-schema-graph\">{\"@context\":\"https:\/\/schema.org\",\"@graph\":[{\"@type\":\"WebPage\",\"@id\":\"https:\/\/eu.aimcontrollers.com\/pl\/produkt\/aim-x-rl9-xbox-higher\/\",\"url\":\"https:\/\/eu.aimcontrollers.com\/pl\/produkt\/aim-x-rl9-xbox-higher\/\",\"name\":\"AIM x RL9 XBOX HIGHER - Aimcontrollers\",\"isPartOf\":{\"@id\":\"https:\/\/eu.aimcontrollers.com\/pl\/#website\"},\"primaryImageOfPage\":{\"@id\":\"https:\/\/eu.aimcontrollers.com\/pl\/produkt\/aim-x-rl9-xbox-higher\/#primaryimage\"},\"image\":{\"@id\":\"https:\/\/eu.aimcontrollers.com\/pl\/produkt\/aim-x-rl9-xbox-higher\/#primaryimage\"},\"thumbnailUrl\":\"https:\/\/eu.aimcontrollers.com\/wp-content\/uploads\/2021\/11\/Rl9-xbox-1.png\",\"datePublished\":\"2021-11-24T11:46:35+00:00\",\"dateModified\":\"2022-11-03T09:03:52+00:00\",\"description\":\"Oficjalny kontroler Roberta Lewandowskiego AIM x RL9 XBOX HIGHER. Dedykowany dla najbardziej wymagaj\u0105cych graczy.\",\"breadcrumb\":{\"@id\":\"https:\/\/eu.aimcontrollers.com\/pl\/produkt\/aim-x-rl9-xbox-higher\/#breadcrumb\"},\"inLanguage\":\"pl-PL\",\"potentialAction\":[{\"@type\":\"ReadAction\",\"target\":[\"https:\/\/eu.aimcontrollers.com\/pl\/produkt\/aim-x-rl9-xbox-higher\/\"]}]},{\"@type\":\"ImageObject\",\"inLanguage\":\"pl-PL\",\"@id\":\"https:\/\/eu.aimcontrollers.com\/pl\/produkt\/aim-x-rl9-xbox-higher\/#primaryimage\",\"url\":\"https:\/\/eu.aimcontrollers.com\/wp-content\/uploads\/2021\/11\/Rl9-xbox-1.png\",\"contentUrl\":\"https:\/\/eu.aimcontrollers.com\/wp-content\/uploads\/2021\/11\/Rl9-xbox-1.png\",\"width\":1000,\"height\":1000},{\"@type\":\"BreadcrumbList\",\"@id\":\"https:\/\/eu.aimcontrollers.com\/pl\/produkt\/aim-x-rl9-xbox-higher\/#breadcrumb\",\"itemListElement\":[{\"@type\":\"ListItem\",\"position\":1,\"name\":\"Home\",\"item\":\"https:\/\/eu.aimcontrollers.com\/pl\/\"},{\"@type\":\"ListItem\",\"position\":2,\"name\":\"Shop\",\"item\":\"https:\/\/eu.aimcontrollers.com\/shop\/\"},{\"@type\":\"ListItem\",\"position\":3,\"name\":\"AIM x RL9 XBOX HIGHER\"}]},{\"@type\":\"WebSite\",\"@id\":\"https:\/\/eu.aimcontrollers.com\/pl\/#website\",\"url\":\"https:\/\/eu.aimcontrollers.com\/pl\/\",\"name\":\"AimControllers - The most affordable competitive controllers for Xbox, PlayStation and PC\",\"description\":\"Jedna z najwi\u0119kszych marek dostarczaj\u0105cych w pe\u0142ni modyfikowalne i oryginalne kontrolery.\",\"publisher\":{\"@id\":\"https:\/\/eu.aimcontrollers.com\/pl\/#organization\"},\"potentialAction\":[{\"@type\":\"SearchAction\",\"target\":{\"@type\":\"EntryPoint\",\"urlTemplate\":\"https:\/\/eu.aimcontrollers.com\/pl\/?s={search_term_string}\"},\"query-input\":{\"@type\":\"PropertyValueSpecification\",\"valueRequired\":true,\"valueName\":\"search_term_string\"}}],\"inLanguage\":\"pl-PL\"},{\"@type\":\"Organization\",\"@id\":\"https:\/\/eu.aimcontrollers.com\/pl\/#organization\",\"name\":\"Aimcontrollers\",\"url\":\"https:\/\/eu.aimcontrollers.com\/pl\/\",\"logo\":{\"@type\":\"ImageObject\",\"inLanguage\":\"pl-PL\",\"@id\":\"https:\/\/eu.aimcontrollers.com\/pl\/#\/schema\/logo\/image\/\",\"url\":\"\",\"contentUrl\":\"\",\"caption\":\"Aimcontrollers\"},\"image\":{\"@id\":\"https:\/\/eu.aimcontrollers.com\/pl\/#\/schema\/logo\/image\/\"},\"sameAs\":[\"http:\/\/www.facebook.com\/aimcontrollers\",\"https:\/\/x.com\/AimControllerss\",\"https:\/\/instagram.com\/aimcontrollers\/\",\"https:\/\/www.youtube.com\/user\/aimcontrollerspl\/videos\"]}]}<\/script>\n<!-- \/ Yoast SEO Premium plugin. -->","yoast_head_json":{"title":"AIM x RL9 XBOX HIGHER - Aimcontrollers","description":"Oficjalny kontroler Roberta Lewandowskiego AIM x RL9 XBOX HIGHER. Dedykowany dla najbardziej wymagaj\u0105cych graczy.","robots":{"index":"index","follow":"follow","max-snippet":"max-snippet:-1","max-image-preview":"max-image-preview:large","max-video-preview":"max-video-preview:-1"},"canonical":"https:\/\/eu.aimcontrollers.com\/pl\/produkt\/aim-x-rl9-xbox-higher\/","og_locale":"pl_PL","og_type":"article","og_title":"AIM x RL9 XBOX HIGHER","og_description":"Oficjalny kontroler Roberta Lewandowskiego AIM x RL9 XBOX HIGHER. Dedykowany dla najbardziej wymagaj\u0105cych graczy.","og_url":"https:\/\/eu.aimcontrollers.com\/pl\/produkt\/aim-x-rl9-xbox-higher\/","og_site_name":"Aimcontrollers","article_publisher":"http:\/\/www.facebook.com\/aimcontrollers","article_modified_time":"2022-11-03T09:03:52+00:00","og_image":[{"width":1000,"height":1000,"url":"https:\/\/eu.aimcontrollers.com\/wp-content\/uploads\/2021\/11\/Rl9-xbox-1.png","type":"image\/png"}],"twitter_card":"summary_large_image","twitter_site":"@AimControllerss","twitter_misc":{"Szacowany czas czytania":"2 minuty"},"schema":{"@context":"https:\/\/schema.org","@graph":[{"@type":"WebPage","@id":"https:\/\/eu.aimcontrollers.com\/pl\/produkt\/aim-x-rl9-xbox-higher\/","url":"https:\/\/eu.aimcontrollers.com\/pl\/produkt\/aim-x-rl9-xbox-higher\/","name":"AIM x RL9 XBOX HIGHER - Aimcontrollers","isPartOf":{"@id":"https:\/\/eu.aimcontrollers.com\/pl\/#website"},"primaryImageOfPage":{"@id":"https:\/\/eu.aimcontrollers.com\/pl\/produkt\/aim-x-rl9-xbox-higher\/#primaryimage"},"image":{"@id":"https:\/\/eu.aimcontrollers.com\/pl\/produkt\/aim-x-rl9-xbox-higher\/#primaryimage"},"thumbnailUrl":"https:\/\/eu.aimcontrollers.com\/wp-content\/uploads\/2021\/11\/Rl9-xbox-1.png","datePublished":"2021-11-24T11:46:35+00:00","dateModified":"2022-11-03T09:03:52+00:00","description":"Oficjalny kontroler Roberta Lewandowskiego AIM x RL9 XBOX HIGHER. Dedykowany dla najbardziej wymagaj\u0105cych graczy.","breadcrumb":{"@id":"https:\/\/eu.aimcontrollers.com\/pl\/produkt\/aim-x-rl9-xbox-higher\/#breadcrumb"},"inLanguage":"pl-PL","potentialAction":[{"@type":"ReadAction","target":["https:\/\/eu.aimcontrollers.com\/pl\/produkt\/aim-x-rl9-xbox-higher\/"]}]},{"@type":"ImageObject","inLanguage":"pl-PL","@id":"https:\/\/eu.aimcontrollers.com\/pl\/produkt\/aim-x-rl9-xbox-higher\/#primaryimage","url":"https:\/\/eu.aimcontrollers.com\/wp-content\/uploads\/2021\/11\/Rl9-xbox-1.png","contentUrl":"https:\/\/eu.aimcontrollers.com\/wp-content\/uploads\/2021\/11\/Rl9-xbox-1.png","width":1000,"height":1000},{"@type":"BreadcrumbList","@id":"https:\/\/eu.aimcontrollers.com\/pl\/produkt\/aim-x-rl9-xbox-higher\/#breadcrumb","itemListElement":[{"@type":"ListItem","position":1,"name":"Home","item":"https:\/\/eu.aimcontrollers.com\/pl\/"},{"@type":"ListItem","position":2,"name":"Shop","item":"https:\/\/eu.aimcontrollers.com\/shop\/"},{"@type":"ListItem","position":3,"name":"AIM x RL9 XBOX HIGHER"}]},{"@type":"WebSite","@id":"https:\/\/eu.aimcontrollers.com\/pl\/#website","url":"https:\/\/eu.aimcontrollers.com\/pl\/","name":"AimControllers - The most affordable competitive controllers for Xbox, PlayStation and PC","description":"Jedna z najwi\u0119kszych marek dostarczaj\u0105cych w pe\u0142ni modyfikowalne i oryginalne kontrolery.","publisher":{"@id":"https:\/\/eu.aimcontrollers.com\/pl\/#organization"},"potentialAction":[{"@type":"SearchAction","target":{"@type":"EntryPoint","urlTemplate":"https:\/\/eu.aimcontrollers.com\/pl\/?s={search_term_string}"},"query-input":{"@type":"PropertyValueSpecification","valueRequired":true,"valueName":"search_term_string"}}],"inLanguage":"pl-PL"},{"@type":"Organization","@id":"https:\/\/eu.aimcontrollers.com\/pl\/#organization","name":"Aimcontrollers","url":"https:\/\/eu.aimcontrollers.com\/pl\/","logo":{"@type":"ImageObject","inLanguage":"pl-PL","@id":"https:\/\/eu.aimcontrollers.com\/pl\/#\/schema\/logo\/image\/","url":"","contentUrl":"","caption":"Aimcontrollers"},"image":{"@id":"https:\/\/eu.aimcontrollers.com\/pl\/#\/schema\/logo\/image\/"},"sameAs":["http:\/\/www.facebook.com\/aimcontrollers","https:\/\/x.com\/AimControllerss","https:\/\/instagram.com\/aimcontrollers\/","https:\/\/www.youtube.com\/user\/aimcontrollerspl\/videos"]}]}},"_links":{"self":[{"href":"https:\/\/eu.aimcontrollers.com\/pl\/wp-json\/wp\/v2\/product\/1220960","targetHints":{"allow":["GET"]}}],"collection":[{"href":"https:\/\/eu.aimcontrollers.com\/pl\/wp-json\/wp\/v2\/product"}],"about":[{"href":"https:\/\/eu.aimcontrollers.com\/pl\/wp-json\/wp\/v2\/types\/product"}],"wp:featuredmedia":[{"embeddable":true,"href":"https:\/\/eu.aimcontrollers.com\/pl\/wp-json\/wp\/v2\/media\/1220852"}],"wp:attachment":[{"href":"https:\/\/eu.aimcontrollers.com\/pl\/wp-json\/wp\/v2\/media?parent=1220960"}],"wp:term":[{"taxonomy":"product_brand","embeddable":true,"href":"https:\/\/eu.aimcontrollers.com\/pl\/wp-json\/wp\/v2\/product_brand?post=1220960"},{"taxonomy":"product_cat","embeddable":true,"href":"https:\/\/eu.aimcontrollers.com\/pl\/wp-json\/wp\/v2\/product_cat?post=1220960"},{"taxonomy":"product_tag","embeddable":true,"href":"https:\/\/eu.aimcontrollers.com\/pl\/wp-json\/wp\/v2\/product_tag?post=1220960"},{"taxonomy":"misspellings","embeddable":true,"href":"https:\/\/eu.aimcontrollers.com\/pl\/wp-json\/wp\/v2\/misspellings?post=1220960"}],"curies":[{"name":"wp","href":"https:\/\/api.w.org\/{rel}","templated":true}]}}